{"id":29199,"date":"2023-01-18T10:57:47","date_gmt":"2023-01-18T09:57:47","guid":{"rendered":"https:\/\/www.eveline.hu\/2016\/?post_type=product&#038;p=29199"},"modified":"2023-01-18T10:57:48","modified_gmt":"2023-01-18T09:57:48","slug":"face-therapy-retinol-ampulla-maszk-8ml","status":"publish","type":"product","link":"https:\/\/www.eveline.hu\/2016\/eveline-kozmetikumok-szepsegapolas\/termekcsaladok\/arcmaszkok\/face-therapy-retinol-ampulla-maszk-8ml\/","title":{"rendered":"FACE THERAPY Retinol ampulla maszk 8ml"},"content":{"rendered":"<p>Professzion\u00e1lis, kr\u00e9mes maszk az \u00f6reged\u00e9s els\u0151 jeleit mutat\u00f3 b\u0151r \u00e1pol\u00e1s\u00e1ra ( l\u00e1that\u00f3 r\u00e1ncok, foltok \u00e9s elsz\u00ednez\u0151d\u00e9sek). Biztos\u00edtja a hat\u00f3anyagok magas felsz\u00edv\u00f3d\u00e1s\u00e1t a b\u0151r\u00f6n kereszt\u00fcl, valamint az azonnali hat\u00e1sokat: lifting, kisim\u00edt\u00e1s \u00e9s b\u0151rt\u00f3nus jav\u00edt\u00e1s.<\/p>\n<p>H\u00c1RMAS HAT\u00c9KONYS\u00c1G: \u00a00,2% RETINOL KOMPLEX, BAKUCHIOL,\u00a0 NIACINAMIDE<\/p>\n<p>A hat\u00f3anyagok komplexe er\u0151s\u00edti a kollag\u00e9nrostokat, fokozza a b\u0151r s\u0171r\u0171s\u00e9g\u00e9t \u00e9s feszess\u00e9g\u00e9t, valamint el\u0151seg\u00edti annak regener\u00e1l\u00f3d\u00e1s\u00e1t.<\/p>\n<p><strong>Alkalmaz\u00e1s<\/strong>: v\u00e9kony r\u00e9tegben vigye fel a maszkot a megtiszt\u00edtott \u00e9s toniz\u00e1lt arcb\u0151rre. 15 perc m\u00falva mossa le langyos v\u00edzzel.<\/p>\n<p>\u00d6sszetev\u0151k:Aqua (Water), Glycerin, Caprylic\/Capric Triglyceride, Cetearyl Alcohol, Prunus Amygdalus Dulcis Oil, Triolein, Tripelargonin, Behenyl Alcohol, Niacinamide, Betaine, Hydroxypropyl Starch Phosphate, Glyceryl Dioleate, Glyceryl Stearates, Pentaerythrityl Distearate, Theobroma Cacao Seed Butter, Retinyl Palmitate, Tocopheryl Acetate, Bakuchiol, Retinol, Hydroxypropyl Cyclodextrin, Disodium Cetearyl Sulfosuccinate, PEG-6 Caprylic\/Capric Glycerides, Phenoxyethanol, Ethylhexylglycerin, Hydroxyacetophenone, Disodium EDTA, Parfum (Fragrance).<\/p>\n","protected":false},"excerpt":{"rendered":"<p>Professzion\u00e1lis, kr\u00e9mes maszk az \u00f6reged\u00e9s els\u0151 jeleit mutat\u00f3 b\u0151r \u00e1pol\u00e1s\u00e1ra ( l\u00e1that\u00f3 r\u00e1ncok, foltok \u00e9s elsz\u00ednez\u0151d\u00e9sek). Biztos\u00edtja a hat\u00f3anyagok magas felsz\u00edv\u00f3d\u00e1s\u00e1t a b\u0151r\u00f6n kereszt\u00fcl, valamint az azonnali hat\u00e1sokat: lifting, kisim\u00edt\u00e1s \u00e9s b\u0151rt\u00f3nus jav\u00edt\u00e1s. H\u00c1RMAS HAT\u00c9KONYS\u00c1G: \u00a00,2% RETINOL KOMPLEX, BAKUCHIOL,\u00a0 NIACINAMIDE [&hellip;]<\/p>\n","protected":false},"featured_media":29200,"comment_status":"open","ping_status":"closed","template":"","meta":[],"product_cat":[80,87],"product_tag":[],"yoast_head":"<!-- This site is optimized with the Yoast SEO plugin v22.2 - https:\/\/yoast.com\/wordpress\/plugins\/seo\/ -->\n<title>FACE THERAPY Retinol ampulla maszk 8ml - Eveline Cosmetics Magyarorsz\u00e1g<\/title>\n<meta name=\"robots\" content=\"index, follow, max-snippet:-1, max-image-preview:large, max-video-preview:-1\" \/>\n<link rel=\"canonical\" href=\"https:\/\/www.eveline.hu\/2016\/eveline-kozmetikumok-szepsegapolas\/termekcsaladok\/arcmaszkok\/face-therapy-retinol-ampulla-maszk-8ml\/\" \/>\n<meta property=\"og:locale\" content=\"hu_HU\" \/>\n<meta property=\"og:type\" content=\"article\" \/>\n<meta property=\"og:title\" content=\"FACE THERAPY Retinol ampulla maszk 8ml - Eveline Cosmetics Magyarorsz\u00e1g\" \/>\n<meta property=\"og:description\" content=\"Professzion\u00e1lis, kr\u00e9mes maszk az \u00f6reged\u00e9s els\u0151 jeleit mutat\u00f3 b\u0151r \u00e1pol\u00e1s\u00e1ra ( l\u00e1that\u00f3 r\u00e1ncok, foltok \u00e9s elsz\u00ednez\u0151d\u00e9sek). Biztos\u00edtja a hat\u00f3anyagok magas felsz\u00edv\u00f3d\u00e1s\u00e1t a b\u0151r\u00f6n kereszt\u00fcl, valamint az azonnali hat\u00e1sokat: lifting, kisim\u00edt\u00e1s \u00e9s b\u0151rt\u00f3nus jav\u00edt\u00e1s. H\u00c1RMAS HAT\u00c9KONYS\u00c1G: \u00a00,2% RETINOL KOMPLEX, BAKUCHIOL,\u00a0 NIACINAMIDE [&hellip;]\" \/>\n<meta property=\"og:url\" content=\"https:\/\/www.eveline.hu\/2016\/eveline-kozmetikumok-szepsegapolas\/termekcsaladok\/arcmaszkok\/face-therapy-retinol-ampulla-maszk-8ml\/\" \/>\n<meta property=\"og:site_name\" content=\"Eveline Cosmetics Magyarorsz\u00e1g\" \/>\n<meta property=\"article:modified_time\" content=\"2023-01-18T09:57:48+00:00\" \/>\n<meta property=\"og:image\" content=\"https:\/\/www.eveline.hu\/2016\/wp-content\/uploads\/2023\/01\/5903416047469-FACE-THERAPY-AMPOULE-MASK-RETINOL-8ML-w.png\" \/>\n\t<meta property=\"og:image:width\" content=\"750\" \/>\n\t<meta property=\"og:image:height\" content=\"750\" \/>\n\t<meta property=\"og:image:type\" content=\"image\/png\" \/>\n<meta name=\"twitter:card\" content=\"summary_large_image\" \/>\n<meta name=\"twitter:label1\" content=\"Becs\u00fclt olvas\u00e1si id\u0151\" \/>\n\t<meta name=\"twitter:data1\" content=\"1 perc\" \/>\n<script type=\"application\/ld+json\" class=\"yoast-schema-graph\">{\"@context\":\"https:\/\/schema.org\",\"@graph\":[{\"@type\":\"WebPage\",\"@id\":\"https:\/\/www.eveline.hu\/2016\/eveline-kozmetikumok-szepsegapolas\/termekcsaladok\/arcmaszkok\/face-therapy-retinol-ampulla-maszk-8ml\/\",\"url\":\"https:\/\/www.eveline.hu\/2016\/eveline-kozmetikumok-szepsegapolas\/termekcsaladok\/arcmaszkok\/face-therapy-retinol-ampulla-maszk-8ml\/\",\"name\":\"FACE THERAPY Retinol ampulla maszk 8ml - Eveline Cosmetics Magyarorsz\u00e1g\",\"isPartOf\":{\"@id\":\"https:\/\/www.eveline.hu\/2016\/#website\"},\"primaryImageOfPage\":{\"@id\":\"https:\/\/www.eveline.hu\/2016\/eveline-kozmetikumok-szepsegapolas\/termekcsaladok\/arcmaszkok\/face-therapy-retinol-ampulla-maszk-8ml\/#primaryimage\"},\"image\":{\"@id\":\"https:\/\/www.eveline.hu\/2016\/eveline-kozmetikumok-szepsegapolas\/termekcsaladok\/arcmaszkok\/face-therapy-retinol-ampulla-maszk-8ml\/#primaryimage\"},\"thumbnailUrl\":\"https:\/\/www.eveline.hu\/2016\/wp-content\/uploads\/2023\/01\/5903416047469-FACE-THERAPY-AMPOULE-MASK-RETINOL-8ML-w.png\",\"datePublished\":\"2023-01-18T09:57:47+00:00\",\"dateModified\":\"2023-01-18T09:57:48+00:00\",\"breadcrumb\":{\"@id\":\"https:\/\/www.eveline.hu\/2016\/eveline-kozmetikumok-szepsegapolas\/termekcsaladok\/arcmaszkok\/face-therapy-retinol-ampulla-maszk-8ml\/#breadcrumb\"},\"inLanguage\":\"hu\",\"potentialAction\":[{\"@type\":\"ReadAction\",\"target\":[\"https:\/\/www.eveline.hu\/2016\/eveline-kozmetikumok-szepsegapolas\/termekcsaladok\/arcmaszkok\/face-therapy-retinol-ampulla-maszk-8ml\/\"]}]},{\"@type\":\"ImageObject\",\"inLanguage\":\"hu\",\"@id\":\"https:\/\/www.eveline.hu\/2016\/eveline-kozmetikumok-szepsegapolas\/termekcsaladok\/arcmaszkok\/face-therapy-retinol-ampulla-maszk-8ml\/#primaryimage\",\"url\":\"https:\/\/www.eveline.hu\/2016\/wp-content\/uploads\/2023\/01\/5903416047469-FACE-THERAPY-AMPOULE-MASK-RETINOL-8ML-w.png\",\"contentUrl\":\"https:\/\/www.eveline.hu\/2016\/wp-content\/uploads\/2023\/01\/5903416047469-FACE-THERAPY-AMPOULE-MASK-RETINOL-8ML-w.png\",\"width\":750,\"height\":750},{\"@type\":\"BreadcrumbList\",\"@id\":\"https:\/\/www.eveline.hu\/2016\/eveline-kozmetikumok-szepsegapolas\/termekcsaladok\/arcmaszkok\/face-therapy-retinol-ampulla-maszk-8ml\/#breadcrumb\",\"itemListElement\":[{\"@type\":\"ListItem\",\"position\":1,\"name\":\"Home\",\"item\":\"https:\/\/www.eveline.hu\/2016\/\"},{\"@type\":\"ListItem\",\"position\":2,\"name\":\"Term\u00e9kek\",\"item\":\"https:\/\/www.eveline.hu\/2016\/shop\/\"},{\"@type\":\"ListItem\",\"position\":3,\"name\":\"FACE THERAPY Retinol ampulla maszk 8ml\"}]},{\"@type\":\"WebSite\",\"@id\":\"https:\/\/www.eveline.hu\/2016\/#website\",\"url\":\"https:\/\/www.eveline.hu\/2016\/\",\"name\":\"Eveline Cosmetics Magyarorsz\u00e1g\",\"description\":\"Min\u0151s\u00e9gi kozmetikumok Lengyelorsz\u00e1gb\u00f3l\",\"potentialAction\":[{\"@type\":\"SearchAction\",\"target\":{\"@type\":\"EntryPoint\",\"urlTemplate\":\"https:\/\/www.eveline.hu\/2016\/?s={search_term_string}\"},\"query-input\":\"required name=search_term_string\"}],\"inLanguage\":\"hu\"}]}<\/script>\n<!-- \/ Yoast SEO plugin. -->","yoast_head_json":{"title":"FACE THERAPY Retinol ampulla maszk 8ml - Eveline Cosmetics Magyarorsz\u00e1g","robots":{"index":"index","follow":"follow","max-snippet":"max-snippet:-1","max-image-preview":"max-image-preview:large","max-video-preview":"max-video-preview:-1"},"canonical":"https:\/\/www.eveline.hu\/2016\/eveline-kozmetikumok-szepsegapolas\/termekcsaladok\/arcmaszkok\/face-therapy-retinol-ampulla-maszk-8ml\/","og_locale":"hu_HU","og_type":"article","og_title":"FACE THERAPY Retinol ampulla maszk 8ml - Eveline Cosmetics Magyarorsz\u00e1g","og_description":"Professzion\u00e1lis, kr\u00e9mes maszk az \u00f6reged\u00e9s els\u0151 jeleit mutat\u00f3 b\u0151r \u00e1pol\u00e1s\u00e1ra ( l\u00e1that\u00f3 r\u00e1ncok, foltok \u00e9s elsz\u00ednez\u0151d\u00e9sek). Biztos\u00edtja a hat\u00f3anyagok magas felsz\u00edv\u00f3d\u00e1s\u00e1t a b\u0151r\u00f6n kereszt\u00fcl, valamint az azonnali hat\u00e1sokat: lifting, kisim\u00edt\u00e1s \u00e9s b\u0151rt\u00f3nus jav\u00edt\u00e1s. H\u00c1RMAS HAT\u00c9KONYS\u00c1G: \u00a00,2% RETINOL KOMPLEX, BAKUCHIOL,\u00a0 NIACINAMIDE [&hellip;]","og_url":"https:\/\/www.eveline.hu\/2016\/eveline-kozmetikumok-szepsegapolas\/termekcsaladok\/arcmaszkok\/face-therapy-retinol-ampulla-maszk-8ml\/","og_site_name":"Eveline Cosmetics Magyarorsz\u00e1g","article_modified_time":"2023-01-18T09:57:48+00:00","og_image":[{"width":750,"height":750,"url":"https:\/\/www.eveline.hu\/2016\/wp-content\/uploads\/2023\/01\/5903416047469-FACE-THERAPY-AMPOULE-MASK-RETINOL-8ML-w.png","type":"image\/png"}],"twitter_card":"summary_large_image","twitter_misc":{"Becs\u00fclt olvas\u00e1si id\u0151":"1 perc"},"schema":{"@context":"https:\/\/schema.org","@graph":[{"@type":"WebPage","@id":"https:\/\/www.eveline.hu\/2016\/eveline-kozmetikumok-szepsegapolas\/termekcsaladok\/arcmaszkok\/face-therapy-retinol-ampulla-maszk-8ml\/","url":"https:\/\/www.eveline.hu\/2016\/eveline-kozmetikumok-szepsegapolas\/termekcsaladok\/arcmaszkok\/face-therapy-retinol-ampulla-maszk-8ml\/","name":"FACE THERAPY Retinol ampulla maszk 8ml - Eveline Cosmetics Magyarorsz\u00e1g","isPartOf":{"@id":"https:\/\/www.eveline.hu\/2016\/#website"},"primaryImageOfPage":{"@id":"https:\/\/www.eveline.hu\/2016\/eveline-kozmetikumok-szepsegapolas\/termekcsaladok\/arcmaszkok\/face-therapy-retinol-ampulla-maszk-8ml\/#primaryimage"},"image":{"@id":"https:\/\/www.eveline.hu\/2016\/eveline-kozmetikumok-szepsegapolas\/termekcsaladok\/arcmaszkok\/face-therapy-retinol-ampulla-maszk-8ml\/#primaryimage"},"thumbnailUrl":"https:\/\/www.eveline.hu\/2016\/wp-content\/uploads\/2023\/01\/5903416047469-FACE-THERAPY-AMPOULE-MASK-RETINOL-8ML-w.png","datePublished":"2023-01-18T09:57:47+00:00","dateModified":"2023-01-18T09:57:48+00:00","breadcrumb":{"@id":"https:\/\/www.eveline.hu\/2016\/eveline-kozmetikumok-szepsegapolas\/termekcsaladok\/arcmaszkok\/face-therapy-retinol-ampulla-maszk-8ml\/#breadcrumb"},"inLanguage":"hu","potentialAction":[{"@type":"ReadAction","target":["https:\/\/www.eveline.hu\/2016\/eveline-kozmetikumok-szepsegapolas\/termekcsaladok\/arcmaszkok\/face-therapy-retinol-ampulla-maszk-8ml\/"]}]},{"@type":"ImageObject","inLanguage":"hu","@id":"https:\/\/www.eveline.hu\/2016\/eveline-kozmetikumok-szepsegapolas\/termekcsaladok\/arcmaszkok\/face-therapy-retinol-ampulla-maszk-8ml\/#primaryimage","url":"https:\/\/www.eveline.hu\/2016\/wp-content\/uploads\/2023\/01\/5903416047469-FACE-THERAPY-AMPOULE-MASK-RETINOL-8ML-w.png","contentUrl":"https:\/\/www.eveline.hu\/2016\/wp-content\/uploads\/2023\/01\/5903416047469-FACE-THERAPY-AMPOULE-MASK-RETINOL-8ML-w.png","width":750,"height":750},{"@type":"BreadcrumbList","@id":"https:\/\/www.eveline.hu\/2016\/eveline-kozmetikumok-szepsegapolas\/termekcsaladok\/arcmaszkok\/face-therapy-retinol-ampulla-maszk-8ml\/#breadcrumb","itemListElement":[{"@type":"ListItem","position":1,"name":"Home","item":"https:\/\/www.eveline.hu\/2016\/"},{"@type":"ListItem","position":2,"name":"Term\u00e9kek","item":"https:\/\/www.eveline.hu\/2016\/shop\/"},{"@type":"ListItem","position":3,"name":"FACE THERAPY Retinol ampulla maszk 8ml"}]},{"@type":"WebSite","@id":"https:\/\/www.eveline.hu\/2016\/#website","url":"https:\/\/www.eveline.hu\/2016\/","name":"Eveline Cosmetics Magyarorsz\u00e1g","description":"Min\u0151s\u00e9gi kozmetikumok Lengyelorsz\u00e1gb\u00f3l","potentialAction":[{"@type":"SearchAction","target":{"@type":"EntryPoint","urlTemplate":"https:\/\/www.eveline.hu\/2016\/?s={search_term_string}"},"query-input":"required name=search_term_string"}],"inLanguage":"hu"}]}},"_links":{"self":[{"href":"https:\/\/www.eveline.hu\/2016\/wp-json\/wp\/v2\/product\/29199"}],"collection":[{"href":"https:\/\/www.eveline.hu\/2016\/wp-json\/wp\/v2\/product"}],"about":[{"href":"https:\/\/www.eveline.hu\/2016\/wp-json\/wp\/v2\/types\/product"}],"replies":[{"embeddable":true,"href":"https:\/\/www.eveline.hu\/2016\/wp-json\/wp\/v2\/comments?post=29199"}],"wp:featuredmedia":[{"embeddable":true,"href":"https:\/\/www.eveline.hu\/2016\/wp-json\/wp\/v2\/media\/29200"}],"wp:attachment":[{"href":"https:\/\/www.eveline.hu\/2016\/wp-json\/wp\/v2\/media?parent=29199"}],"wp:term":[{"taxonomy":"product_cat","embeddable":true,"href":"https:\/\/www.eveline.hu\/2016\/wp-json\/wp\/v2\/product_cat?post=29199"},{"taxonomy":"product_tag","embeddable":true,"href":"https:\/\/www.eveline.hu\/2016\/wp-json\/wp\/v2\/product_tag?post=29199"}],"curies":[{"name":"wp","href":"https:\/\/api.w.org\/{rel}","templated":true}]}}