{"id":29197,"date":"2023-01-18T10:40:59","date_gmt":"2023-01-18T09:40:59","guid":{"rendered":"https:\/\/www.eveline.hu\/2016\/?post_type=product&#038;p=29197"},"modified":"2023-03-02T14:25:41","modified_gmt":"2023-03-02T13:25:41","slug":"face-therapy-kollagen-ampulla-maszk-8ml","status":"publish","type":"product","link":"https:\/\/www.eveline.hu\/2016\/eveline-kozmetikumok-szepsegapolas\/termekcsaladok\/arcmaszkok\/face-therapy-kollagen-ampulla-maszk-8ml\/","title":{"rendered":"FACE THERAPY Kollag\u00e9n ampulla maszk 8ml"},"content":{"rendered":"<p>Professzion\u00e1lis, kr\u00e9mes maszk \u00e9rett \u00e9s f\u00e1radt b\u0151rre, amely ig\u00e9nyli az azonnali t\u00e1pl\u00e1l\u00e1st, regener\u00e1l\u00e1st \u00e9s feszess\u00e9g jav\u00edt\u00e1s\u00e1t. Biztos\u00edtja a hat\u00f3anyagok nagym\u00e9rt\u00e9k\u0171 felsz\u00edv\u00f3d\u00e1s\u00e1t a b\u0151r\u00f6n kereszt\u00fcl, valamint az azonnali hat\u00e1sokat: apr\u00f3 vonalak \u00e9s r\u00e1ncok cs\u00f6kkent\u00e9se, feszes\u00edt\u00e9s \u00e9s optikai b\u0151rfiatal\u00edt\u00e1s.<\/p>\n<p>H\u00c1RMAS HAT\u00c9KONYS\u00c1G: A KOLLAG\u00c9N 3 FORM\u00c1JA , 24K ARANY, RESVERATROL<\/p>\n<p>Az akt\u00edv \u00f6sszetev\u0151k komplexe egyes\u00edti a fel\u00fcleti b\u0151rfeszes\u00edt\u00e9st az \u00f6reged\u00e9sg\u00e1tl\u00f3 aktivit\u00e1ssal, maxim\u00e1lisan kisim\u00edtja, hidrat\u00e1lja \u00e9s t\u00e1pl\u00e1lja a b\u0151rt.<\/p>\n<p><strong>Alkalmaz\u00e1s<\/strong>: vigye fel v\u00e9kony r\u00e9tegben a maszkot a megtiszt\u00edtott \u00e9s toniz\u00e1lt arcb\u0151rre. 15 perc m\u00falva mossa le langyos v\u00edzzel.<\/p>\n<p>\u00d6sszetev\u0151k:<\/p>\n<div class=\"product media\">\n<div class=\"product info detailed accordion \">\n<div class=\"product data items mage-tabs-disabled\" role=\"tablist\">\n<div id=\"custom-3\" class=\"data item content\" role=\"tabpanel\" data-role=\"content\" aria-labelledby=\"tab-label-custom-3\" aria-hidden=\"false\">Aqua (Water), Cetearyl Alcohol, Glycerin, Butyrospermum Parkii Butter, Glyceryl Stearates, Isostearyl Isostearate, Glycine Soja Oil, Glyceryl Stearate Citrate, Collagen, Simmondsia Chinensis Seed Oil, Olea Europaea Fruit Oil, Vitis Vinifera Seed Oil, Olus Oil, Acacia Seyal Gum Extract, Collagen Amino Acids, Hydrolyzed Elastin, Resveratrol, Tocopheryl Acetate, Panthenol, Allantoin, Gold, Tocopherol, Glyceryl Caprylate, Hydroxyacetophenone, Sodium Polyacrylate, Xanthan Gum, Hydroxypropyl Cyclodextrin, Potassium Sorbate, Phenoxyethanol, Ethylhexylglycerin, Cyclodextrin, Polydextrose, Parfum (Fragrance), Citric Acid, Disodium EDTA, BHT, CI 77820.<\/div>\n<\/div>\n<\/div>\n<\/div>\n<div class=\"product-info-main\">\n<div class=\"product-series\">Face Therapy Professional<\/div>\n<div class=\"page-title-wrapper product\"><\/div>\n<\/div>\n<div class=\"product-info-main\">\n<div class=\"product-social-links\">\n<div class=\"product-addto-links\" data-role=\"add-to-links\"><\/div>\n<\/div>\n<div class=\"promo\" data-content-type=\"row\" data-appearance=\"full-bleed\" data-enable-parallax=\"0\" data-parallax-speed=\"0.5\" data-background-images=\"{}\" data-background-type=\"image\" data-video-loop=\"true\" data-video-play-only-visible=\"true\" data-video-lazy-load=\"true\" data-video-fallback-src=\"\" data-element=\"main\" data-pb-style=\"MA6N6K5\">\n<div data-content-type=\"html\" data-appearance=\"default\" data-element=\"main\" data-decoded=\"true\">\n<div class=\"product-slogan-wrapper row\">\n<div class=\"col-4 product-slogan\">\n<p>&nbsp;<\/p>\n<\/div>\n<\/div>\n<\/div>\n<\/div>\n<div data-content-type=\"row\" data-appearance=\"full-bleed\" data-enable-parallax=\"0\" data-parallax-speed=\"0.5\" data-background-images=\"{}\" data-background-type=\"image\" data-video-loop=\"true\" data-video-play-only-visible=\"true\" data-video-lazy-load=\"true\" data-video-fallback-src=\"\" data-element=\"main\" data-pb-style=\"YIU93UW\"><\/div>\n<\/div>\n<div class=\"clearer\"><\/div>\n","protected":false},"excerpt":{"rendered":"<p>Professzion\u00e1lis, kr\u00e9mes maszk \u00e9rett \u00e9s f\u00e1radt b\u0151rre, amely ig\u00e9nyli az azonnali t\u00e1pl\u00e1l\u00e1st, regener\u00e1l\u00e1st \u00e9s feszess\u00e9g jav\u00edt\u00e1s\u00e1t. Biztos\u00edtja a hat\u00f3anyagok nagym\u00e9rt\u00e9k\u0171 felsz\u00edv\u00f3d\u00e1s\u00e1t a b\u0151r\u00f6n kereszt\u00fcl, valamint az azonnali hat\u00e1sokat: apr\u00f3 vonalak \u00e9s r\u00e1ncok cs\u00f6kkent\u00e9se, feszes\u00edt\u00e9s \u00e9s optikai b\u0151rfiatal\u00edt\u00e1s. H\u00c1RMAS HAT\u00c9KONYS\u00c1G: A [&hellip;]<\/p>\n","protected":false},"featured_media":29198,"comment_status":"open","ping_status":"closed","template":"","meta":[],"product_cat":[80,87],"product_tag":[],"yoast_head":"<!-- This site is optimized with the Yoast SEO plugin v22.2 - https:\/\/yoast.com\/wordpress\/plugins\/seo\/ -->\n<title>FACE THERAPY Kollag\u00e9n ampulla maszk 8ml - Eveline Cosmetics Magyarorsz\u00e1g<\/title>\n<meta name=\"robots\" content=\"index, follow, max-snippet:-1, max-image-preview:large, max-video-preview:-1\" \/>\n<link rel=\"canonical\" href=\"https:\/\/www.eveline.hu\/2016\/eveline-kozmetikumok-szepsegapolas\/termekcsaladok\/arcmaszkok\/face-therapy-kollagen-ampulla-maszk-8ml\/\" \/>\n<meta property=\"og:locale\" content=\"hu_HU\" \/>\n<meta property=\"og:type\" content=\"article\" \/>\n<meta property=\"og:title\" content=\"FACE THERAPY Kollag\u00e9n ampulla maszk 8ml - Eveline Cosmetics Magyarorsz\u00e1g\" \/>\n<meta property=\"og:description\" content=\"Professzion\u00e1lis, kr\u00e9mes maszk \u00e9rett \u00e9s f\u00e1radt b\u0151rre, amely ig\u00e9nyli az azonnali t\u00e1pl\u00e1l\u00e1st, regener\u00e1l\u00e1st \u00e9s feszess\u00e9g jav\u00edt\u00e1s\u00e1t. Biztos\u00edtja a hat\u00f3anyagok nagym\u00e9rt\u00e9k\u0171 felsz\u00edv\u00f3d\u00e1s\u00e1t a b\u0151r\u00f6n kereszt\u00fcl, valamint az azonnali hat\u00e1sokat: apr\u00f3 vonalak \u00e9s r\u00e1ncok cs\u00f6kkent\u00e9se, feszes\u00edt\u00e9s \u00e9s optikai b\u0151rfiatal\u00edt\u00e1s. H\u00c1RMAS HAT\u00c9KONYS\u00c1G: A [&hellip;]\" \/>\n<meta property=\"og:url\" content=\"https:\/\/www.eveline.hu\/2016\/eveline-kozmetikumok-szepsegapolas\/termekcsaladok\/arcmaszkok\/face-therapy-kollagen-ampulla-maszk-8ml\/\" \/>\n<meta property=\"og:site_name\" content=\"Eveline Cosmetics Magyarorsz\u00e1g\" \/>\n<meta property=\"article:modified_time\" content=\"2023-03-02T13:25:41+00:00\" \/>\n<meta property=\"og:image\" content=\"https:\/\/www.eveline.hu\/2016\/wp-content\/uploads\/2023\/01\/5903416047452-FACE-THERAPY-AMPOULE-MASK-COLLAGEN-8ML-w.png\" \/>\n\t<meta property=\"og:image:width\" content=\"750\" \/>\n\t<meta property=\"og:image:height\" content=\"750\" \/>\n\t<meta property=\"og:image:type\" content=\"image\/png\" \/>\n<meta name=\"twitter:card\" content=\"summary_large_image\" \/>\n<meta name=\"twitter:label1\" content=\"Becs\u00fclt olvas\u00e1si id\u0151\" \/>\n\t<meta name=\"twitter:data1\" content=\"1 perc\" \/>\n<script type=\"application\/ld+json\" class=\"yoast-schema-graph\">{\"@context\":\"https:\/\/schema.org\",\"@graph\":[{\"@type\":\"WebPage\",\"@id\":\"https:\/\/www.eveline.hu\/2016\/eveline-kozmetikumok-szepsegapolas\/termekcsaladok\/arcmaszkok\/face-therapy-kollagen-ampulla-maszk-8ml\/\",\"url\":\"https:\/\/www.eveline.hu\/2016\/eveline-kozmetikumok-szepsegapolas\/termekcsaladok\/arcmaszkok\/face-therapy-kollagen-ampulla-maszk-8ml\/\",\"name\":\"FACE THERAPY Kollag\u00e9n ampulla maszk 8ml - Eveline Cosmetics Magyarorsz\u00e1g\",\"isPartOf\":{\"@id\":\"https:\/\/www.eveline.hu\/2016\/#website\"},\"primaryImageOfPage\":{\"@id\":\"https:\/\/www.eveline.hu\/2016\/eveline-kozmetikumok-szepsegapolas\/termekcsaladok\/arcmaszkok\/face-therapy-kollagen-ampulla-maszk-8ml\/#primaryimage\"},\"image\":{\"@id\":\"https:\/\/www.eveline.hu\/2016\/eveline-kozmetikumok-szepsegapolas\/termekcsaladok\/arcmaszkok\/face-therapy-kollagen-ampulla-maszk-8ml\/#primaryimage\"},\"thumbnailUrl\":\"https:\/\/www.eveline.hu\/2016\/wp-content\/uploads\/2023\/01\/5903416047452-FACE-THERAPY-AMPOULE-MASK-COLLAGEN-8ML-w.png\",\"datePublished\":\"2023-01-18T09:40:59+00:00\",\"dateModified\":\"2023-03-02T13:25:41+00:00\",\"breadcrumb\":{\"@id\":\"https:\/\/www.eveline.hu\/2016\/eveline-kozmetikumok-szepsegapolas\/termekcsaladok\/arcmaszkok\/face-therapy-kollagen-ampulla-maszk-8ml\/#breadcrumb\"},\"inLanguage\":\"hu\",\"potentialAction\":[{\"@type\":\"ReadAction\",\"target\":[\"https:\/\/www.eveline.hu\/2016\/eveline-kozmetikumok-szepsegapolas\/termekcsaladok\/arcmaszkok\/face-therapy-kollagen-ampulla-maszk-8ml\/\"]}]},{\"@type\":\"ImageObject\",\"inLanguage\":\"hu\",\"@id\":\"https:\/\/www.eveline.hu\/2016\/eveline-kozmetikumok-szepsegapolas\/termekcsaladok\/arcmaszkok\/face-therapy-kollagen-ampulla-maszk-8ml\/#primaryimage\",\"url\":\"https:\/\/www.eveline.hu\/2016\/wp-content\/uploads\/2023\/01\/5903416047452-FACE-THERAPY-AMPOULE-MASK-COLLAGEN-8ML-w.png\",\"contentUrl\":\"https:\/\/www.eveline.hu\/2016\/wp-content\/uploads\/2023\/01\/5903416047452-FACE-THERAPY-AMPOULE-MASK-COLLAGEN-8ML-w.png\",\"width\":750,\"height\":750},{\"@type\":\"BreadcrumbList\",\"@id\":\"https:\/\/www.eveline.hu\/2016\/eveline-kozmetikumok-szepsegapolas\/termekcsaladok\/arcmaszkok\/face-therapy-kollagen-ampulla-maszk-8ml\/#breadcrumb\",\"itemListElement\":[{\"@type\":\"ListItem\",\"position\":1,\"name\":\"Home\",\"item\":\"https:\/\/www.eveline.hu\/2016\/\"},{\"@type\":\"ListItem\",\"position\":2,\"name\":\"Term\u00e9kek\",\"item\":\"https:\/\/www.eveline.hu\/2016\/shop\/\"},{\"@type\":\"ListItem\",\"position\":3,\"name\":\"FACE THERAPY Kollag\u00e9n ampulla maszk 8ml\"}]},{\"@type\":\"WebSite\",\"@id\":\"https:\/\/www.eveline.hu\/2016\/#website\",\"url\":\"https:\/\/www.eveline.hu\/2016\/\",\"name\":\"Eveline Cosmetics Magyarorsz\u00e1g\",\"description\":\"Min\u0151s\u00e9gi kozmetikumok Lengyelorsz\u00e1gb\u00f3l\",\"potentialAction\":[{\"@type\":\"SearchAction\",\"target\":{\"@type\":\"EntryPoint\",\"urlTemplate\":\"https:\/\/www.eveline.hu\/2016\/?s={search_term_string}\"},\"query-input\":\"required name=search_term_string\"}],\"inLanguage\":\"hu\"}]}<\/script>\n<!-- \/ Yoast SEO plugin. -->","yoast_head_json":{"title":"FACE THERAPY Kollag\u00e9n ampulla maszk 8ml - Eveline Cosmetics Magyarorsz\u00e1g","robots":{"index":"index","follow":"follow","max-snippet":"max-snippet:-1","max-image-preview":"max-image-preview:large","max-video-preview":"max-video-preview:-1"},"canonical":"https:\/\/www.eveline.hu\/2016\/eveline-kozmetikumok-szepsegapolas\/termekcsaladok\/arcmaszkok\/face-therapy-kollagen-ampulla-maszk-8ml\/","og_locale":"hu_HU","og_type":"article","og_title":"FACE THERAPY Kollag\u00e9n ampulla maszk 8ml - Eveline Cosmetics Magyarorsz\u00e1g","og_description":"Professzion\u00e1lis, kr\u00e9mes maszk \u00e9rett \u00e9s f\u00e1radt b\u0151rre, amely ig\u00e9nyli az azonnali t\u00e1pl\u00e1l\u00e1st, regener\u00e1l\u00e1st \u00e9s feszess\u00e9g jav\u00edt\u00e1s\u00e1t. Biztos\u00edtja a hat\u00f3anyagok nagym\u00e9rt\u00e9k\u0171 felsz\u00edv\u00f3d\u00e1s\u00e1t a b\u0151r\u00f6n kereszt\u00fcl, valamint az azonnali hat\u00e1sokat: apr\u00f3 vonalak \u00e9s r\u00e1ncok cs\u00f6kkent\u00e9se, feszes\u00edt\u00e9s \u00e9s optikai b\u0151rfiatal\u00edt\u00e1s. H\u00c1RMAS HAT\u00c9KONYS\u00c1G: A [&hellip;]","og_url":"https:\/\/www.eveline.hu\/2016\/eveline-kozmetikumok-szepsegapolas\/termekcsaladok\/arcmaszkok\/face-therapy-kollagen-ampulla-maszk-8ml\/","og_site_name":"Eveline Cosmetics Magyarorsz\u00e1g","article_modified_time":"2023-03-02T13:25:41+00:00","og_image":[{"width":750,"height":750,"url":"https:\/\/www.eveline.hu\/2016\/wp-content\/uploads\/2023\/01\/5903416047452-FACE-THERAPY-AMPOULE-MASK-COLLAGEN-8ML-w.png","type":"image\/png"}],"twitter_card":"summary_large_image","twitter_misc":{"Becs\u00fclt olvas\u00e1si id\u0151":"1 perc"},"schema":{"@context":"https:\/\/schema.org","@graph":[{"@type":"WebPage","@id":"https:\/\/www.eveline.hu\/2016\/eveline-kozmetikumok-szepsegapolas\/termekcsaladok\/arcmaszkok\/face-therapy-kollagen-ampulla-maszk-8ml\/","url":"https:\/\/www.eveline.hu\/2016\/eveline-kozmetikumok-szepsegapolas\/termekcsaladok\/arcmaszkok\/face-therapy-kollagen-ampulla-maszk-8ml\/","name":"FACE THERAPY Kollag\u00e9n ampulla maszk 8ml - Eveline Cosmetics Magyarorsz\u00e1g","isPartOf":{"@id":"https:\/\/www.eveline.hu\/2016\/#website"},"primaryImageOfPage":{"@id":"https:\/\/www.eveline.hu\/2016\/eveline-kozmetikumok-szepsegapolas\/termekcsaladok\/arcmaszkok\/face-therapy-kollagen-ampulla-maszk-8ml\/#primaryimage"},"image":{"@id":"https:\/\/www.eveline.hu\/2016\/eveline-kozmetikumok-szepsegapolas\/termekcsaladok\/arcmaszkok\/face-therapy-kollagen-ampulla-maszk-8ml\/#primaryimage"},"thumbnailUrl":"https:\/\/www.eveline.hu\/2016\/wp-content\/uploads\/2023\/01\/5903416047452-FACE-THERAPY-AMPOULE-MASK-COLLAGEN-8ML-w.png","datePublished":"2023-01-18T09:40:59+00:00","dateModified":"2023-03-02T13:25:41+00:00","breadcrumb":{"@id":"https:\/\/www.eveline.hu\/2016\/eveline-kozmetikumok-szepsegapolas\/termekcsaladok\/arcmaszkok\/face-therapy-kollagen-ampulla-maszk-8ml\/#breadcrumb"},"inLanguage":"hu","potentialAction":[{"@type":"ReadAction","target":["https:\/\/www.eveline.hu\/2016\/eveline-kozmetikumok-szepsegapolas\/termekcsaladok\/arcmaszkok\/face-therapy-kollagen-ampulla-maszk-8ml\/"]}]},{"@type":"ImageObject","inLanguage":"hu","@id":"https:\/\/www.eveline.hu\/2016\/eveline-kozmetikumok-szepsegapolas\/termekcsaladok\/arcmaszkok\/face-therapy-kollagen-ampulla-maszk-8ml\/#primaryimage","url":"https:\/\/www.eveline.hu\/2016\/wp-content\/uploads\/2023\/01\/5903416047452-FACE-THERAPY-AMPOULE-MASK-COLLAGEN-8ML-w.png","contentUrl":"https:\/\/www.eveline.hu\/2016\/wp-content\/uploads\/2023\/01\/5903416047452-FACE-THERAPY-AMPOULE-MASK-COLLAGEN-8ML-w.png","width":750,"height":750},{"@type":"BreadcrumbList","@id":"https:\/\/www.eveline.hu\/2016\/eveline-kozmetikumok-szepsegapolas\/termekcsaladok\/arcmaszkok\/face-therapy-kollagen-ampulla-maszk-8ml\/#breadcrumb","itemListElement":[{"@type":"ListItem","position":1,"name":"Home","item":"https:\/\/www.eveline.hu\/2016\/"},{"@type":"ListItem","position":2,"name":"Term\u00e9kek","item":"https:\/\/www.eveline.hu\/2016\/shop\/"},{"@type":"ListItem","position":3,"name":"FACE THERAPY Kollag\u00e9n ampulla maszk 8ml"}]},{"@type":"WebSite","@id":"https:\/\/www.eveline.hu\/2016\/#website","url":"https:\/\/www.eveline.hu\/2016\/","name":"Eveline Cosmetics Magyarorsz\u00e1g","description":"Min\u0151s\u00e9gi kozmetikumok Lengyelorsz\u00e1gb\u00f3l","potentialAction":[{"@type":"SearchAction","target":{"@type":"EntryPoint","urlTemplate":"https:\/\/www.eveline.hu\/2016\/?s={search_term_string}"},"query-input":"required name=search_term_string"}],"inLanguage":"hu"}]}},"_links":{"self":[{"href":"https:\/\/www.eveline.hu\/2016\/wp-json\/wp\/v2\/product\/29197"}],"collection":[{"href":"https:\/\/www.eveline.hu\/2016\/wp-json\/wp\/v2\/product"}],"about":[{"href":"https:\/\/www.eveline.hu\/2016\/wp-json\/wp\/v2\/types\/product"}],"replies":[{"embeddable":true,"href":"https:\/\/www.eveline.hu\/2016\/wp-json\/wp\/v2\/comments?post=29197"}],"wp:featuredmedia":[{"embeddable":true,"href":"https:\/\/www.eveline.hu\/2016\/wp-json\/wp\/v2\/media\/29198"}],"wp:attachment":[{"href":"https:\/\/www.eveline.hu\/2016\/wp-json\/wp\/v2\/media?parent=29197"}],"wp:term":[{"taxonomy":"product_cat","embeddable":true,"href":"https:\/\/www.eveline.hu\/2016\/wp-json\/wp\/v2\/product_cat?post=29197"},{"taxonomy":"product_tag","embeddable":true,"href":"https:\/\/www.eveline.hu\/2016\/wp-json\/wp\/v2\/product_tag?post=29197"}],"curies":[{"name":"wp","href":"https:\/\/api.w.org\/{rel}","templated":true}]}}