{"id":28943,"date":"2022-10-24T21:18:31","date_gmt":"2022-10-24T19:18:31","guid":{"rendered":"https:\/\/www.eveline.hu\/2016\/?post_type=product&#038;p=28943"},"modified":"2022-12-28T14:39:40","modified_gmt":"2022-12-28T13:39:40","slug":"alapozo-wonder-match-nr-12-light-natural-30ml","status":"publish","type":"product","link":"https:\/\/www.eveline.hu\/2016\/eveline-kozmetikumok-szepsegapolas\/smink\/arc\/alapozok\/alapozo-wonder-match-nr-12-light-natural-30ml\/","title":{"rendered":"ALAPOZ\u00d3 WONDER MATCH NR 12 LIGHT NATURAL 30ML"},"content":{"rendered":"<p>T\u00f6k\u00e9letesen alkalmazkodik a b\u0151r \u00e1rnyalat\u00e1hoz \u00e9s szerkezet\u00e9hez. K\u00f6nnyed, nem zs\u00edros text\u00far\u00e1ja k\u00f6nnyen eloszlathat\u00f3, t\u00f6k\u00e9letes fed\u00e9st keltve maszkhat\u00e1s n\u00e9lk\u00fcl. A term\u00e1lvizet \u00e9s hialuronsavat tartalmaz\u00f3 gazdag formula t\u00e1pl\u00e1lja, hidrat\u00e1lja \u00e9s v\u00e9di a b\u0151r mikrobiomj\u00e1t. M\u00e1r 10 nap eltelt\u00e9vel a b\u0151r \u00e9szrevehet\u0151en sim\u00e1bb \u00e9s rugalmasabb lesz.<\/p>\n","protected":false},"excerpt":{"rendered":"<p>T\u00f6k\u00e9letesen alkalmazkodik a b\u0151r \u00e1rnyalat\u00e1hoz \u00e9s szerkezet\u00e9hez. K\u00f6nnyed, nem zs\u00edros text\u00far\u00e1ja k\u00f6nnyen eloszlathat\u00f3, t\u00f6k\u00e9letes fed\u00e9st keltve maszkhat\u00e1s n\u00e9lk\u00fcl. A term\u00e1lvizet \u00e9s hialuronsavat tartalmaz\u00f3 gazdag formula t\u00e1pl\u00e1lja, hidrat\u00e1lja \u00e9s v\u00e9di a b\u0151r mikrobiomj\u00e1t. M\u00e1r 10 nap eltelt\u00e9vel a b\u0151r \u00e9szrevehet\u0151en sim\u00e1bb [&hellip;]<\/p>\n","protected":false},"featured_media":28944,"comment_status":"open","ping_status":"closed","template":"","meta":[],"product_cat":[130,131,140],"product_tag":[],"yoast_head":"<!-- This site is optimized with the Yoast SEO plugin v22.2 - https:\/\/yoast.com\/wordpress\/plugins\/seo\/ -->\n<title>ALAPOZ\u00d3 WONDER MATCH NR 12 LIGHT NATURAL 30ML - Eveline Cosmetics Magyarorsz\u00e1g<\/title>\n<meta name=\"robots\" content=\"index, follow, max-snippet:-1, max-image-preview:large, max-video-preview:-1\" \/>\n<link rel=\"canonical\" href=\"https:\/\/www.eveline.hu\/2016\/eveline-kozmetikumok-szepsegapolas\/smink\/arc\/alapozok\/alapozo-wonder-match-nr-12-light-natural-30ml\/\" \/>\n<meta property=\"og:locale\" content=\"hu_HU\" \/>\n<meta property=\"og:type\" content=\"article\" \/>\n<meta property=\"og:title\" content=\"ALAPOZ\u00d3 WONDER MATCH NR 12 LIGHT NATURAL 30ML - Eveline Cosmetics Magyarorsz\u00e1g\" \/>\n<meta property=\"og:description\" content=\"T\u00f6k\u00e9letesen alkalmazkodik a b\u0151r \u00e1rnyalat\u00e1hoz \u00e9s szerkezet\u00e9hez. K\u00f6nnyed, nem zs\u00edros text\u00far\u00e1ja k\u00f6nnyen eloszlathat\u00f3, t\u00f6k\u00e9letes fed\u00e9st keltve maszkhat\u00e1s n\u00e9lk\u00fcl. A term\u00e1lvizet \u00e9s hialuronsavat tartalmaz\u00f3 gazdag formula t\u00e1pl\u00e1lja, hidrat\u00e1lja \u00e9s v\u00e9di a b\u0151r mikrobiomj\u00e1t. M\u00e1r 10 nap eltelt\u00e9vel a b\u0151r \u00e9szrevehet\u0151en sim\u00e1bb [&hellip;]\" \/>\n<meta property=\"og:url\" content=\"https:\/\/www.eveline.hu\/2016\/eveline-kozmetikumok-szepsegapolas\/smink\/arc\/alapozok\/alapozo-wonder-match-nr-12-light-natural-30ml\/\" \/>\n<meta property=\"og:site_name\" content=\"Eveline Cosmetics Magyarorsz\u00e1g\" \/>\n<meta property=\"article:modified_time\" content=\"2022-12-28T13:39:40+00:00\" \/>\n<meta property=\"og:image\" content=\"https:\/\/www.eveline.hu\/2016\/wp-content\/uploads\/2022\/10\/WM12.png\" \/>\n\t<meta property=\"og:image:width\" content=\"750\" \/>\n\t<meta property=\"og:image:height\" content=\"750\" \/>\n\t<meta property=\"og:image:type\" content=\"image\/png\" \/>\n<meta name=\"twitter:card\" content=\"summary_large_image\" \/>\n<script type=\"application\/ld+json\" class=\"yoast-schema-graph\">{\"@context\":\"https:\/\/schema.org\",\"@graph\":[{\"@type\":\"WebPage\",\"@id\":\"https:\/\/www.eveline.hu\/2016\/eveline-kozmetikumok-szepsegapolas\/smink\/arc\/alapozok\/alapozo-wonder-match-nr-12-light-natural-30ml\/\",\"url\":\"https:\/\/www.eveline.hu\/2016\/eveline-kozmetikumok-szepsegapolas\/smink\/arc\/alapozok\/alapozo-wonder-match-nr-12-light-natural-30ml\/\",\"name\":\"ALAPOZ\u00d3 WONDER MATCH NR 12 LIGHT NATURAL 30ML - Eveline Cosmetics Magyarorsz\u00e1g\",\"isPartOf\":{\"@id\":\"https:\/\/www.eveline.hu\/2016\/#website\"},\"primaryImageOfPage\":{\"@id\":\"https:\/\/www.eveline.hu\/2016\/eveline-kozmetikumok-szepsegapolas\/smink\/arc\/alapozok\/alapozo-wonder-match-nr-12-light-natural-30ml\/#primaryimage\"},\"image\":{\"@id\":\"https:\/\/www.eveline.hu\/2016\/eveline-kozmetikumok-szepsegapolas\/smink\/arc\/alapozok\/alapozo-wonder-match-nr-12-light-natural-30ml\/#primaryimage\"},\"thumbnailUrl\":\"https:\/\/www.eveline.hu\/2016\/wp-content\/uploads\/2022\/10\/WM12.png\",\"datePublished\":\"2022-10-24T19:18:31+00:00\",\"dateModified\":\"2022-12-28T13:39:40+00:00\",\"breadcrumb\":{\"@id\":\"https:\/\/www.eveline.hu\/2016\/eveline-kozmetikumok-szepsegapolas\/smink\/arc\/alapozok\/alapozo-wonder-match-nr-12-light-natural-30ml\/#breadcrumb\"},\"inLanguage\":\"hu\",\"potentialAction\":[{\"@type\":\"ReadAction\",\"target\":[\"https:\/\/www.eveline.hu\/2016\/eveline-kozmetikumok-szepsegapolas\/smink\/arc\/alapozok\/alapozo-wonder-match-nr-12-light-natural-30ml\/\"]}]},{\"@type\":\"ImageObject\",\"inLanguage\":\"hu\",\"@id\":\"https:\/\/www.eveline.hu\/2016\/eveline-kozmetikumok-szepsegapolas\/smink\/arc\/alapozok\/alapozo-wonder-match-nr-12-light-natural-30ml\/#primaryimage\",\"url\":\"https:\/\/www.eveline.hu\/2016\/wp-content\/uploads\/2022\/10\/WM12.png\",\"contentUrl\":\"https:\/\/www.eveline.hu\/2016\/wp-content\/uploads\/2022\/10\/WM12.png\",\"width\":750,\"height\":750},{\"@type\":\"BreadcrumbList\",\"@id\":\"https:\/\/www.eveline.hu\/2016\/eveline-kozmetikumok-szepsegapolas\/smink\/arc\/alapozok\/alapozo-wonder-match-nr-12-light-natural-30ml\/#breadcrumb\",\"itemListElement\":[{\"@type\":\"ListItem\",\"position\":1,\"name\":\"Home\",\"item\":\"https:\/\/www.eveline.hu\/2016\/\"},{\"@type\":\"ListItem\",\"position\":2,\"name\":\"Term\u00e9kek\",\"item\":\"https:\/\/www.eveline.hu\/2016\/shop\/\"},{\"@type\":\"ListItem\",\"position\":3,\"name\":\"ALAPOZ\u00d3 WONDER MATCH NR 12 LIGHT NATURAL 30ML\"}]},{\"@type\":\"WebSite\",\"@id\":\"https:\/\/www.eveline.hu\/2016\/#website\",\"url\":\"https:\/\/www.eveline.hu\/2016\/\",\"name\":\"Eveline Cosmetics Magyarorsz\u00e1g\",\"description\":\"Min\u0151s\u00e9gi kozmetikumok Lengyelorsz\u00e1gb\u00f3l\",\"potentialAction\":[{\"@type\":\"SearchAction\",\"target\":{\"@type\":\"EntryPoint\",\"urlTemplate\":\"https:\/\/www.eveline.hu\/2016\/?s={search_term_string}\"},\"query-input\":\"required name=search_term_string\"}],\"inLanguage\":\"hu\"}]}<\/script>\n<!-- \/ Yoast SEO plugin. -->","yoast_head_json":{"title":"ALAPOZ\u00d3 WONDER MATCH NR 12 LIGHT NATURAL 30ML - Eveline Cosmetics Magyarorsz\u00e1g","robots":{"index":"index","follow":"follow","max-snippet":"max-snippet:-1","max-image-preview":"max-image-preview:large","max-video-preview":"max-video-preview:-1"},"canonical":"https:\/\/www.eveline.hu\/2016\/eveline-kozmetikumok-szepsegapolas\/smink\/arc\/alapozok\/alapozo-wonder-match-nr-12-light-natural-30ml\/","og_locale":"hu_HU","og_type":"article","og_title":"ALAPOZ\u00d3 WONDER MATCH NR 12 LIGHT NATURAL 30ML - Eveline Cosmetics Magyarorsz\u00e1g","og_description":"T\u00f6k\u00e9letesen alkalmazkodik a b\u0151r \u00e1rnyalat\u00e1hoz \u00e9s szerkezet\u00e9hez. K\u00f6nnyed, nem zs\u00edros text\u00far\u00e1ja k\u00f6nnyen eloszlathat\u00f3, t\u00f6k\u00e9letes fed\u00e9st keltve maszkhat\u00e1s n\u00e9lk\u00fcl. A term\u00e1lvizet \u00e9s hialuronsavat tartalmaz\u00f3 gazdag formula t\u00e1pl\u00e1lja, hidrat\u00e1lja \u00e9s v\u00e9di a b\u0151r mikrobiomj\u00e1t. M\u00e1r 10 nap eltelt\u00e9vel a b\u0151r \u00e9szrevehet\u0151en sim\u00e1bb [&hellip;]","og_url":"https:\/\/www.eveline.hu\/2016\/eveline-kozmetikumok-szepsegapolas\/smink\/arc\/alapozok\/alapozo-wonder-match-nr-12-light-natural-30ml\/","og_site_name":"Eveline Cosmetics Magyarorsz\u00e1g","article_modified_time":"2022-12-28T13:39:40+00:00","og_image":[{"width":750,"height":750,"url":"https:\/\/www.eveline.hu\/2016\/wp-content\/uploads\/2022\/10\/WM12.png","type":"image\/png"}],"twitter_card":"summary_large_image","schema":{"@context":"https:\/\/schema.org","@graph":[{"@type":"WebPage","@id":"https:\/\/www.eveline.hu\/2016\/eveline-kozmetikumok-szepsegapolas\/smink\/arc\/alapozok\/alapozo-wonder-match-nr-12-light-natural-30ml\/","url":"https:\/\/www.eveline.hu\/2016\/eveline-kozmetikumok-szepsegapolas\/smink\/arc\/alapozok\/alapozo-wonder-match-nr-12-light-natural-30ml\/","name":"ALAPOZ\u00d3 WONDER MATCH NR 12 LIGHT NATURAL 30ML - Eveline Cosmetics Magyarorsz\u00e1g","isPartOf":{"@id":"https:\/\/www.eveline.hu\/2016\/#website"},"primaryImageOfPage":{"@id":"https:\/\/www.eveline.hu\/2016\/eveline-kozmetikumok-szepsegapolas\/smink\/arc\/alapozok\/alapozo-wonder-match-nr-12-light-natural-30ml\/#primaryimage"},"image":{"@id":"https:\/\/www.eveline.hu\/2016\/eveline-kozmetikumok-szepsegapolas\/smink\/arc\/alapozok\/alapozo-wonder-match-nr-12-light-natural-30ml\/#primaryimage"},"thumbnailUrl":"https:\/\/www.eveline.hu\/2016\/wp-content\/uploads\/2022\/10\/WM12.png","datePublished":"2022-10-24T19:18:31+00:00","dateModified":"2022-12-28T13:39:40+00:00","breadcrumb":{"@id":"https:\/\/www.eveline.hu\/2016\/eveline-kozmetikumok-szepsegapolas\/smink\/arc\/alapozok\/alapozo-wonder-match-nr-12-light-natural-30ml\/#breadcrumb"},"inLanguage":"hu","potentialAction":[{"@type":"ReadAction","target":["https:\/\/www.eveline.hu\/2016\/eveline-kozmetikumok-szepsegapolas\/smink\/arc\/alapozok\/alapozo-wonder-match-nr-12-light-natural-30ml\/"]}]},{"@type":"ImageObject","inLanguage":"hu","@id":"https:\/\/www.eveline.hu\/2016\/eveline-kozmetikumok-szepsegapolas\/smink\/arc\/alapozok\/alapozo-wonder-match-nr-12-light-natural-30ml\/#primaryimage","url":"https:\/\/www.eveline.hu\/2016\/wp-content\/uploads\/2022\/10\/WM12.png","contentUrl":"https:\/\/www.eveline.hu\/2016\/wp-content\/uploads\/2022\/10\/WM12.png","width":750,"height":750},{"@type":"BreadcrumbList","@id":"https:\/\/www.eveline.hu\/2016\/eveline-kozmetikumok-szepsegapolas\/smink\/arc\/alapozok\/alapozo-wonder-match-nr-12-light-natural-30ml\/#breadcrumb","itemListElement":[{"@type":"ListItem","position":1,"name":"Home","item":"https:\/\/www.eveline.hu\/2016\/"},{"@type":"ListItem","position":2,"name":"Term\u00e9kek","item":"https:\/\/www.eveline.hu\/2016\/shop\/"},{"@type":"ListItem","position":3,"name":"ALAPOZ\u00d3 WONDER MATCH NR 12 LIGHT NATURAL 30ML"}]},{"@type":"WebSite","@id":"https:\/\/www.eveline.hu\/2016\/#website","url":"https:\/\/www.eveline.hu\/2016\/","name":"Eveline Cosmetics Magyarorsz\u00e1g","description":"Min\u0151s\u00e9gi kozmetikumok Lengyelorsz\u00e1gb\u00f3l","potentialAction":[{"@type":"SearchAction","target":{"@type":"EntryPoint","urlTemplate":"https:\/\/www.eveline.hu\/2016\/?s={search_term_string}"},"query-input":"required name=search_term_string"}],"inLanguage":"hu"}]}},"_links":{"self":[{"href":"https:\/\/www.eveline.hu\/2016\/wp-json\/wp\/v2\/product\/28943"}],"collection":[{"href":"https:\/\/www.eveline.hu\/2016\/wp-json\/wp\/v2\/product"}],"about":[{"href":"https:\/\/www.eveline.hu\/2016\/wp-json\/wp\/v2\/types\/product"}],"replies":[{"embeddable":true,"href":"https:\/\/www.eveline.hu\/2016\/wp-json\/wp\/v2\/comments?post=28943"}],"wp:featuredmedia":[{"embeddable":true,"href":"https:\/\/www.eveline.hu\/2016\/wp-json\/wp\/v2\/media\/28944"}],"wp:attachment":[{"href":"https:\/\/www.eveline.hu\/2016\/wp-json\/wp\/v2\/media?parent=28943"}],"wp:term":[{"taxonomy":"product_cat","embeddable":true,"href":"https:\/\/www.eveline.hu\/2016\/wp-json\/wp\/v2\/product_cat?post=28943"},{"taxonomy":"product_tag","embeddable":true,"href":"https:\/\/www.eveline.hu\/2016\/wp-json\/wp\/v2\/product_tag?post=28943"}],"curies":[{"name":"wp","href":"https:\/\/api.w.org\/{rel}","templated":true}]}}