{"id":28909,"date":"2022-10-18T13:32:03","date_gmt":"2022-10-18T11:32:03","guid":{"rendered":"https:\/\/www.eveline.hu\/2016\/?post_type=product&#038;p=28909"},"modified":"2022-12-28T15:40:23","modified_gmt":"2022-12-28T14:40:23","slug":"szajfeny-diamond-glow-lip-luminizer-45ml-04","status":"publish","type":"product","link":"https:\/\/www.eveline.hu\/2016\/eveline-kozmetikumok-szepsegapolas\/smink\/szaj\/szajfenyek\/szajfeny-diamond-glow-lip-luminizer-45ml-04\/","title":{"rendered":"SZ\u00c1JF\u00c9NY DIAMOND GLOW LIP LUMINIZER 4,5ML 04"},"content":{"rendered":"<p>A sz\u00e1jf\u00e9ny formul\u00e1ja k\u00e9nyelmes felvitelt \u00e9s komfortos viseletet biztos\u00edt.<\/p>\n<p>Egy mozdulat el\u00e9g ahhoz, hogy szemet gy\u00f6ny\u00f6rk\u00f6dtet\u0151 ragyog\u00e1st l\u00e1ss az ajkaidon!<\/p>\n<p>A C-vitaminban \u00e9s hialuronsavban gazdag formula hidrat\u00e1lja \u00e9s t\u00e1pl\u00e1lja az ajkakat. A sz\u00e1jf\u00e9ny finom karamell illata az ajkakon val\u00f3 visel\u00e9st az \u00e9rz\u00e9kszervek \u00e9lvezet\u00e9v\u00e9 teszi!<\/p>\n<p>A k\u00e9p \u00e9s a term\u00e9k k\u00f6z\u00f6tt \u00e1rnyalatnyi elt\u00e9r\u00e9s lehet!<\/p>\n","protected":false},"excerpt":{"rendered":"<p>A sz\u00e1jf\u00e9ny formul\u00e1ja k\u00e9nyelmes felvitelt \u00e9s komfortos viseletet biztos\u00edt. Egy mozdulat el\u00e9g ahhoz, hogy szemet gy\u00f6ny\u00f6rk\u00f6dtet\u0151 ragyog\u00e1st l\u00e1ss az ajkaidon! A C-vitaminban \u00e9s hialuronsavban gazdag formula hidrat\u00e1lja \u00e9s t\u00e1pl\u00e1lja az ajkakat. A sz\u00e1jf\u00e9ny finom karamell illata az ajkakon val\u00f3 visel\u00e9st [&hellip;]<\/p>\n","protected":false},"featured_media":28910,"comment_status":"open","ping_status":"closed","template":"","meta":[],"product_cat":[152,154],"product_tag":[],"yoast_head":"<!-- This site is optimized with the Yoast SEO plugin v22.2 - https:\/\/yoast.com\/wordpress\/plugins\/seo\/ -->\n<title>SZ\u00c1JF\u00c9NY DIAMOND GLOW LIP LUMINIZER 4,5ML 04 - Eveline Cosmetics Magyarorsz\u00e1g<\/title>\n<meta name=\"robots\" content=\"index, follow, max-snippet:-1, max-image-preview:large, max-video-preview:-1\" \/>\n<link rel=\"canonical\" href=\"https:\/\/www.eveline.hu\/2016\/eveline-kozmetikumok-szepsegapolas\/smink\/szaj\/szajfenyek\/szajfeny-diamond-glow-lip-luminizer-45ml-04\/\" \/>\n<meta property=\"og:locale\" content=\"hu_HU\" \/>\n<meta property=\"og:type\" content=\"article\" \/>\n<meta property=\"og:title\" content=\"SZ\u00c1JF\u00c9NY DIAMOND GLOW LIP LUMINIZER 4,5ML 04 - Eveline Cosmetics Magyarorsz\u00e1g\" \/>\n<meta property=\"og:description\" content=\"A sz\u00e1jf\u00e9ny formul\u00e1ja k\u00e9nyelmes felvitelt \u00e9s komfortos viseletet biztos\u00edt. Egy mozdulat el\u00e9g ahhoz, hogy szemet gy\u00f6ny\u00f6rk\u00f6dtet\u0151 ragyog\u00e1st l\u00e1ss az ajkaidon! A C-vitaminban \u00e9s hialuronsavban gazdag formula hidrat\u00e1lja \u00e9s t\u00e1pl\u00e1lja az ajkakat. A sz\u00e1jf\u00e9ny finom karamell illata az ajkakon val\u00f3 visel\u00e9st [&hellip;]\" \/>\n<meta property=\"og:url\" content=\"https:\/\/www.eveline.hu\/2016\/eveline-kozmetikumok-szepsegapolas\/smink\/szaj\/szajfenyek\/szajfeny-diamond-glow-lip-luminizer-45ml-04\/\" \/>\n<meta property=\"og:site_name\" content=\"Eveline Cosmetics Magyarorsz\u00e1g\" \/>\n<meta property=\"article:modified_time\" content=\"2022-12-28T14:40:23+00:00\" \/>\n<meta property=\"og:image\" content=\"https:\/\/www.eveline.hu\/2016\/wp-content\/uploads\/2022\/10\/5903416033684-LIP-GLOSS-DIAMOND-GLOW-LIP-LUMINIZER-NO-04-w.png\" \/>\n\t<meta property=\"og:image:width\" content=\"750\" \/>\n\t<meta property=\"og:image:height\" content=\"750\" \/>\n\t<meta property=\"og:image:type\" content=\"image\/png\" \/>\n<meta name=\"twitter:card\" content=\"summary_large_image\" \/>\n<script type=\"application\/ld+json\" class=\"yoast-schema-graph\">{\"@context\":\"https:\/\/schema.org\",\"@graph\":[{\"@type\":\"WebPage\",\"@id\":\"https:\/\/www.eveline.hu\/2016\/eveline-kozmetikumok-szepsegapolas\/smink\/szaj\/szajfenyek\/szajfeny-diamond-glow-lip-luminizer-45ml-04\/\",\"url\":\"https:\/\/www.eveline.hu\/2016\/eveline-kozmetikumok-szepsegapolas\/smink\/szaj\/szajfenyek\/szajfeny-diamond-glow-lip-luminizer-45ml-04\/\",\"name\":\"SZ\u00c1JF\u00c9NY DIAMOND GLOW LIP LUMINIZER 4,5ML 04 - Eveline Cosmetics Magyarorsz\u00e1g\",\"isPartOf\":{\"@id\":\"https:\/\/www.eveline.hu\/2016\/#website\"},\"primaryImageOfPage\":{\"@id\":\"https:\/\/www.eveline.hu\/2016\/eveline-kozmetikumok-szepsegapolas\/smink\/szaj\/szajfenyek\/szajfeny-diamond-glow-lip-luminizer-45ml-04\/#primaryimage\"},\"image\":{\"@id\":\"https:\/\/www.eveline.hu\/2016\/eveline-kozmetikumok-szepsegapolas\/smink\/szaj\/szajfenyek\/szajfeny-diamond-glow-lip-luminizer-45ml-04\/#primaryimage\"},\"thumbnailUrl\":\"https:\/\/www.eveline.hu\/2016\/wp-content\/uploads\/2022\/10\/5903416033684-LIP-GLOSS-DIAMOND-GLOW-LIP-LUMINIZER-NO-04-w.png\",\"datePublished\":\"2022-10-18T11:32:03+00:00\",\"dateModified\":\"2022-12-28T14:40:23+00:00\",\"breadcrumb\":{\"@id\":\"https:\/\/www.eveline.hu\/2016\/eveline-kozmetikumok-szepsegapolas\/smink\/szaj\/szajfenyek\/szajfeny-diamond-glow-lip-luminizer-45ml-04\/#breadcrumb\"},\"inLanguage\":\"hu\",\"potentialAction\":[{\"@type\":\"ReadAction\",\"target\":[\"https:\/\/www.eveline.hu\/2016\/eveline-kozmetikumok-szepsegapolas\/smink\/szaj\/szajfenyek\/szajfeny-diamond-glow-lip-luminizer-45ml-04\/\"]}]},{\"@type\":\"ImageObject\",\"inLanguage\":\"hu\",\"@id\":\"https:\/\/www.eveline.hu\/2016\/eveline-kozmetikumok-szepsegapolas\/smink\/szaj\/szajfenyek\/szajfeny-diamond-glow-lip-luminizer-45ml-04\/#primaryimage\",\"url\":\"https:\/\/www.eveline.hu\/2016\/wp-content\/uploads\/2022\/10\/5903416033684-LIP-GLOSS-DIAMOND-GLOW-LIP-LUMINIZER-NO-04-w.png\",\"contentUrl\":\"https:\/\/www.eveline.hu\/2016\/wp-content\/uploads\/2022\/10\/5903416033684-LIP-GLOSS-DIAMOND-GLOW-LIP-LUMINIZER-NO-04-w.png\",\"width\":750,\"height\":750},{\"@type\":\"BreadcrumbList\",\"@id\":\"https:\/\/www.eveline.hu\/2016\/eveline-kozmetikumok-szepsegapolas\/smink\/szaj\/szajfenyek\/szajfeny-diamond-glow-lip-luminizer-45ml-04\/#breadcrumb\",\"itemListElement\":[{\"@type\":\"ListItem\",\"position\":1,\"name\":\"Home\",\"item\":\"https:\/\/www.eveline.hu\/2016\/\"},{\"@type\":\"ListItem\",\"position\":2,\"name\":\"Term\u00e9kek\",\"item\":\"https:\/\/www.eveline.hu\/2016\/shop\/\"},{\"@type\":\"ListItem\",\"position\":3,\"name\":\"SZ\u00c1JF\u00c9NY DIAMOND GLOW LIP LUMINIZER 4,5ML 04\"}]},{\"@type\":\"WebSite\",\"@id\":\"https:\/\/www.eveline.hu\/2016\/#website\",\"url\":\"https:\/\/www.eveline.hu\/2016\/\",\"name\":\"Eveline Cosmetics Magyarorsz\u00e1g\",\"description\":\"Min\u0151s\u00e9gi kozmetikumok Lengyelorsz\u00e1gb\u00f3l\",\"potentialAction\":[{\"@type\":\"SearchAction\",\"target\":{\"@type\":\"EntryPoint\",\"urlTemplate\":\"https:\/\/www.eveline.hu\/2016\/?s={search_term_string}\"},\"query-input\":\"required name=search_term_string\"}],\"inLanguage\":\"hu\"}]}<\/script>\n<!-- \/ Yoast SEO plugin. -->","yoast_head_json":{"title":"SZ\u00c1JF\u00c9NY DIAMOND GLOW LIP LUMINIZER 4,5ML 04 - Eveline Cosmetics Magyarorsz\u00e1g","robots":{"index":"index","follow":"follow","max-snippet":"max-snippet:-1","max-image-preview":"max-image-preview:large","max-video-preview":"max-video-preview:-1"},"canonical":"https:\/\/www.eveline.hu\/2016\/eveline-kozmetikumok-szepsegapolas\/smink\/szaj\/szajfenyek\/szajfeny-diamond-glow-lip-luminizer-45ml-04\/","og_locale":"hu_HU","og_type":"article","og_title":"SZ\u00c1JF\u00c9NY DIAMOND GLOW LIP LUMINIZER 4,5ML 04 - Eveline Cosmetics Magyarorsz\u00e1g","og_description":"A sz\u00e1jf\u00e9ny formul\u00e1ja k\u00e9nyelmes felvitelt \u00e9s komfortos viseletet biztos\u00edt. Egy mozdulat el\u00e9g ahhoz, hogy szemet gy\u00f6ny\u00f6rk\u00f6dtet\u0151 ragyog\u00e1st l\u00e1ss az ajkaidon! A C-vitaminban \u00e9s hialuronsavban gazdag formula hidrat\u00e1lja \u00e9s t\u00e1pl\u00e1lja az ajkakat. A sz\u00e1jf\u00e9ny finom karamell illata az ajkakon val\u00f3 visel\u00e9st [&hellip;]","og_url":"https:\/\/www.eveline.hu\/2016\/eveline-kozmetikumok-szepsegapolas\/smink\/szaj\/szajfenyek\/szajfeny-diamond-glow-lip-luminizer-45ml-04\/","og_site_name":"Eveline Cosmetics Magyarorsz\u00e1g","article_modified_time":"2022-12-28T14:40:23+00:00","og_image":[{"width":750,"height":750,"url":"https:\/\/www.eveline.hu\/2016\/wp-content\/uploads\/2022\/10\/5903416033684-LIP-GLOSS-DIAMOND-GLOW-LIP-LUMINIZER-NO-04-w.png","type":"image\/png"}],"twitter_card":"summary_large_image","schema":{"@context":"https:\/\/schema.org","@graph":[{"@type":"WebPage","@id":"https:\/\/www.eveline.hu\/2016\/eveline-kozmetikumok-szepsegapolas\/smink\/szaj\/szajfenyek\/szajfeny-diamond-glow-lip-luminizer-45ml-04\/","url":"https:\/\/www.eveline.hu\/2016\/eveline-kozmetikumok-szepsegapolas\/smink\/szaj\/szajfenyek\/szajfeny-diamond-glow-lip-luminizer-45ml-04\/","name":"SZ\u00c1JF\u00c9NY DIAMOND GLOW LIP LUMINIZER 4,5ML 04 - Eveline Cosmetics Magyarorsz\u00e1g","isPartOf":{"@id":"https:\/\/www.eveline.hu\/2016\/#website"},"primaryImageOfPage":{"@id":"https:\/\/www.eveline.hu\/2016\/eveline-kozmetikumok-szepsegapolas\/smink\/szaj\/szajfenyek\/szajfeny-diamond-glow-lip-luminizer-45ml-04\/#primaryimage"},"image":{"@id":"https:\/\/www.eveline.hu\/2016\/eveline-kozmetikumok-szepsegapolas\/smink\/szaj\/szajfenyek\/szajfeny-diamond-glow-lip-luminizer-45ml-04\/#primaryimage"},"thumbnailUrl":"https:\/\/www.eveline.hu\/2016\/wp-content\/uploads\/2022\/10\/5903416033684-LIP-GLOSS-DIAMOND-GLOW-LIP-LUMINIZER-NO-04-w.png","datePublished":"2022-10-18T11:32:03+00:00","dateModified":"2022-12-28T14:40:23+00:00","breadcrumb":{"@id":"https:\/\/www.eveline.hu\/2016\/eveline-kozmetikumok-szepsegapolas\/smink\/szaj\/szajfenyek\/szajfeny-diamond-glow-lip-luminizer-45ml-04\/#breadcrumb"},"inLanguage":"hu","potentialAction":[{"@type":"ReadAction","target":["https:\/\/www.eveline.hu\/2016\/eveline-kozmetikumok-szepsegapolas\/smink\/szaj\/szajfenyek\/szajfeny-diamond-glow-lip-luminizer-45ml-04\/"]}]},{"@type":"ImageObject","inLanguage":"hu","@id":"https:\/\/www.eveline.hu\/2016\/eveline-kozmetikumok-szepsegapolas\/smink\/szaj\/szajfenyek\/szajfeny-diamond-glow-lip-luminizer-45ml-04\/#primaryimage","url":"https:\/\/www.eveline.hu\/2016\/wp-content\/uploads\/2022\/10\/5903416033684-LIP-GLOSS-DIAMOND-GLOW-LIP-LUMINIZER-NO-04-w.png","contentUrl":"https:\/\/www.eveline.hu\/2016\/wp-content\/uploads\/2022\/10\/5903416033684-LIP-GLOSS-DIAMOND-GLOW-LIP-LUMINIZER-NO-04-w.png","width":750,"height":750},{"@type":"BreadcrumbList","@id":"https:\/\/www.eveline.hu\/2016\/eveline-kozmetikumok-szepsegapolas\/smink\/szaj\/szajfenyek\/szajfeny-diamond-glow-lip-luminizer-45ml-04\/#breadcrumb","itemListElement":[{"@type":"ListItem","position":1,"name":"Home","item":"https:\/\/www.eveline.hu\/2016\/"},{"@type":"ListItem","position":2,"name":"Term\u00e9kek","item":"https:\/\/www.eveline.hu\/2016\/shop\/"},{"@type":"ListItem","position":3,"name":"SZ\u00c1JF\u00c9NY DIAMOND GLOW LIP LUMINIZER 4,5ML 04"}]},{"@type":"WebSite","@id":"https:\/\/www.eveline.hu\/2016\/#website","url":"https:\/\/www.eveline.hu\/2016\/","name":"Eveline Cosmetics Magyarorsz\u00e1g","description":"Min\u0151s\u00e9gi kozmetikumok Lengyelorsz\u00e1gb\u00f3l","potentialAction":[{"@type":"SearchAction","target":{"@type":"EntryPoint","urlTemplate":"https:\/\/www.eveline.hu\/2016\/?s={search_term_string}"},"query-input":"required name=search_term_string"}],"inLanguage":"hu"}]}},"_links":{"self":[{"href":"https:\/\/www.eveline.hu\/2016\/wp-json\/wp\/v2\/product\/28909"}],"collection":[{"href":"https:\/\/www.eveline.hu\/2016\/wp-json\/wp\/v2\/product"}],"about":[{"href":"https:\/\/www.eveline.hu\/2016\/wp-json\/wp\/v2\/types\/product"}],"replies":[{"embeddable":true,"href":"https:\/\/www.eveline.hu\/2016\/wp-json\/wp\/v2\/comments?post=28909"}],"wp:featuredmedia":[{"embeddable":true,"href":"https:\/\/www.eveline.hu\/2016\/wp-json\/wp\/v2\/media\/28910"}],"wp:attachment":[{"href":"https:\/\/www.eveline.hu\/2016\/wp-json\/wp\/v2\/media?parent=28909"}],"wp:term":[{"taxonomy":"product_cat","embeddable":true,"href":"https:\/\/www.eveline.hu\/2016\/wp-json\/wp\/v2\/product_cat?post=28909"},{"taxonomy":"product_tag","embeddable":true,"href":"https:\/\/www.eveline.hu\/2016\/wp-json\/wp\/v2\/product_tag?post=28909"}],"curies":[{"name":"wp","href":"https:\/\/api.w.org\/{rel}","templated":true}]}}