{"id":28735,"date":"2022-09-01T10:16:05","date_gmt":"2022-09-01T08:16:05","guid":{"rendered":"https:\/\/www.eveline.hu\/2016\/?post_type=product&#038;p=28735"},"modified":"2026-01-07T14:06:11","modified_gmt":"2026-01-07T13:06:11","slug":"variete-asvanyi-puder-8g-01","status":"publish","type":"product","link":"https:\/\/www.eveline.hu\/2016\/eveline-kozmetikumok-szepsegapolas\/smink\/arc\/puderek\/variete-asvanyi-puder-8g-01\/","title":{"rendered":"VARIETE \u00c1SV\u00c1NYI P\u00daDER 8g 01"},"content":{"rendered":"<p>A 93%-ban \u00e1sv\u00e1nyi \u00f6sszetev\u0151ket tartalmaz\u00f3 recept lehet\u0151v\u00e9 teszi a b\u0151r l\u00e9legz\u00e9s\u00e9t \u00e9s gondoskodik \u00e1pol\u00e1s\u00e1r\u00f3l.<\/p>\n<p>Az \u00e1sv\u00e1nyi pigmenteknek \u00e9s a hialuronsavnak k\u00f6sz\u00f6nhet\u0151en az alapoz\u00f3 t\u00f6k\u00e9letes a sz\u00e1raz b\u0151rre is.<\/p>\n<p>K\u00f6zepes vagy teljes fed\u00e9st biztos\u00edt, \u00e9s kisim\u00edtja a t\u00f6k\u00e9letlens\u00e9geket.<\/p>\n<p>K\u00f6nnyed formul\u00e1ja nem terheli meg a b\u0151rt, megfiatal\u00edtja \u00e9s eg\u00e9szs\u00e9ges megjelen\u00e9st k\u00f6lcs\u00f6n\u00f6z neki!<\/p>\n<p>A hialuronsav \u00e1polja, hidrat\u00e1lja \u00e9s jav\u00edtja a b\u0151r \u00e1llapot\u00e1t. Az eg\u00e9sz egy eleg\u00e1ns csomagol\u00e1sba van z\u00e1rva, applik\u00e1torral kieg\u00e9sz\u00edtve.<\/p>\n<p><strong>A term\u00e9ket a <a href=\"http:\/\/www.kozmetikummania.hu\" target=\"_blank\" rel=\"noopener noreferrer\">www.kozmetikummania.hu<\/a> web\u00e1ruh\u00e1zban is megtal\u00e1lod, nagyobb term\u00e9kk\u00edn\u00e1lattal!<\/strong><\/p>\n<p>\u00d6sszetev\u0151k:Talc, Caprylic\/Capric Triglyceride, Octyldodecyl Stearoyl Stearate, Simmondsia Chinensis Seed Oil, Zinc Stearate, Tocopherol, Kaolin, Helianthus Annuus Seed Oil, Aqua, PEG-8 Caprylic\/Capric Glycerides, Octyldodeceth-25, Sodium Hyaluronate, Propylene Glycol, Decylene Glycol. (+\/-) CI 77891, CI 77491, CI 77492, CI 77499.<\/p>\n","protected":false},"excerpt":{"rendered":"<p>A 93%-ban \u00e1sv\u00e1nyi \u00f6sszetev\u0151ket tartalmaz\u00f3 recept lehet\u0151v\u00e9 teszi a b\u0151r l\u00e9legz\u00e9s\u00e9t \u00e9s gondoskodik \u00e1pol\u00e1s\u00e1r\u00f3l. Az \u00e1sv\u00e1nyi pigmenteknek \u00e9s a hialuronsavnak k\u00f6sz\u00f6nhet\u0151en az alapoz\u00f3 t\u00f6k\u00e9letes a sz\u00e1raz b\u0151rre is. K\u00f6zepes vagy teljes fed\u00e9st biztos\u00edt, \u00e9s kisim\u00edtja a t\u00f6k\u00e9letlens\u00e9geket. K\u00f6nnyed formul\u00e1ja nem [&hellip;]<\/p>\n","protected":false},"featured_media":28736,"comment_status":"open","ping_status":"closed","template":"","meta":[],"product_cat":[302,130,143,80],"product_tag":[],"yoast_head":"<!-- This site is optimized with the Yoast SEO plugin v22.2 - https:\/\/yoast.com\/wordpress\/plugins\/seo\/ -->\n<title>VARIETE \u00c1SV\u00c1NYI P\u00daDER 8g 01 - Eveline Cosmetics Magyarorsz\u00e1g<\/title>\n<meta name=\"robots\" content=\"index, follow, max-snippet:-1, max-image-preview:large, max-video-preview:-1\" \/>\n<link rel=\"canonical\" href=\"https:\/\/www.eveline.hu\/2016\/eveline-kozmetikumok-szepsegapolas\/smink\/arc\/puderek\/variete-asvanyi-puder-8g-01\/\" \/>\n<meta property=\"og:locale\" content=\"hu_HU\" \/>\n<meta property=\"og:type\" content=\"article\" \/>\n<meta property=\"og:title\" content=\"VARIETE \u00c1SV\u00c1NYI P\u00daDER 8g 01 - Eveline Cosmetics Magyarorsz\u00e1g\" \/>\n<meta property=\"og:description\" content=\"A 93%-ban \u00e1sv\u00e1nyi \u00f6sszetev\u0151ket tartalmaz\u00f3 recept lehet\u0151v\u00e9 teszi a b\u0151r l\u00e9legz\u00e9s\u00e9t \u00e9s gondoskodik \u00e1pol\u00e1s\u00e1r\u00f3l. Az \u00e1sv\u00e1nyi pigmenteknek \u00e9s a hialuronsavnak k\u00f6sz\u00f6nhet\u0151en az alapoz\u00f3 t\u00f6k\u00e9letes a sz\u00e1raz b\u0151rre is. K\u00f6zepes vagy teljes fed\u00e9st biztos\u00edt, \u00e9s kisim\u00edtja a t\u00f6k\u00e9letlens\u00e9geket. K\u00f6nnyed formul\u00e1ja nem [&hellip;]\" \/>\n<meta property=\"og:url\" content=\"https:\/\/www.eveline.hu\/2016\/eveline-kozmetikumok-szepsegapolas\/smink\/arc\/puderek\/variete-asvanyi-puder-8g-01\/\" \/>\n<meta property=\"og:site_name\" content=\"Eveline Cosmetics Magyarorsz\u00e1g\" \/>\n<meta property=\"article:modified_time\" content=\"2026-01-07T13:06:11+00:00\" \/>\n<meta property=\"og:image\" content=\"https:\/\/www.eveline.hu\/2016\/wp-content\/uploads\/2022\/09\/5901761940671-VARIETE-POWDER-NR-1-w.png\" \/>\n\t<meta property=\"og:image:width\" content=\"750\" \/>\n\t<meta property=\"og:image:height\" content=\"750\" \/>\n\t<meta property=\"og:image:type\" content=\"image\/png\" \/>\n<meta name=\"twitter:card\" content=\"summary_large_image\" \/>\n<meta name=\"twitter:label1\" content=\"Becs\u00fclt olvas\u00e1si id\u0151\" \/>\n\t<meta name=\"twitter:data1\" content=\"1 perc\" \/>\n<script type=\"application\/ld+json\" class=\"yoast-schema-graph\">{\"@context\":\"https:\/\/schema.org\",\"@graph\":[{\"@type\":\"WebPage\",\"@id\":\"https:\/\/www.eveline.hu\/2016\/eveline-kozmetikumok-szepsegapolas\/smink\/arc\/puderek\/variete-asvanyi-puder-8g-01\/\",\"url\":\"https:\/\/www.eveline.hu\/2016\/eveline-kozmetikumok-szepsegapolas\/smink\/arc\/puderek\/variete-asvanyi-puder-8g-01\/\",\"name\":\"VARIETE \u00c1SV\u00c1NYI P\u00daDER 8g 01 - Eveline Cosmetics Magyarorsz\u00e1g\",\"isPartOf\":{\"@id\":\"https:\/\/www.eveline.hu\/2016\/#website\"},\"primaryImageOfPage\":{\"@id\":\"https:\/\/www.eveline.hu\/2016\/eveline-kozmetikumok-szepsegapolas\/smink\/arc\/puderek\/variete-asvanyi-puder-8g-01\/#primaryimage\"},\"image\":{\"@id\":\"https:\/\/www.eveline.hu\/2016\/eveline-kozmetikumok-szepsegapolas\/smink\/arc\/puderek\/variete-asvanyi-puder-8g-01\/#primaryimage\"},\"thumbnailUrl\":\"https:\/\/www.eveline.hu\/2016\/wp-content\/uploads\/2022\/09\/5901761940671-VARIETE-POWDER-NR-1-w.png\",\"datePublished\":\"2022-09-01T08:16:05+00:00\",\"dateModified\":\"2026-01-07T13:06:11+00:00\",\"breadcrumb\":{\"@id\":\"https:\/\/www.eveline.hu\/2016\/eveline-kozmetikumok-szepsegapolas\/smink\/arc\/puderek\/variete-asvanyi-puder-8g-01\/#breadcrumb\"},\"inLanguage\":\"hu\",\"potentialAction\":[{\"@type\":\"ReadAction\",\"target\":[\"https:\/\/www.eveline.hu\/2016\/eveline-kozmetikumok-szepsegapolas\/smink\/arc\/puderek\/variete-asvanyi-puder-8g-01\/\"]}]},{\"@type\":\"ImageObject\",\"inLanguage\":\"hu\",\"@id\":\"https:\/\/www.eveline.hu\/2016\/eveline-kozmetikumok-szepsegapolas\/smink\/arc\/puderek\/variete-asvanyi-puder-8g-01\/#primaryimage\",\"url\":\"https:\/\/www.eveline.hu\/2016\/wp-content\/uploads\/2022\/09\/5901761940671-VARIETE-POWDER-NR-1-w.png\",\"contentUrl\":\"https:\/\/www.eveline.hu\/2016\/wp-content\/uploads\/2022\/09\/5901761940671-VARIETE-POWDER-NR-1-w.png\",\"width\":750,\"height\":750},{\"@type\":\"BreadcrumbList\",\"@id\":\"https:\/\/www.eveline.hu\/2016\/eveline-kozmetikumok-szepsegapolas\/smink\/arc\/puderek\/variete-asvanyi-puder-8g-01\/#breadcrumb\",\"itemListElement\":[{\"@type\":\"ListItem\",\"position\":1,\"name\":\"Home\",\"item\":\"https:\/\/www.eveline.hu\/2016\/\"},{\"@type\":\"ListItem\",\"position\":2,\"name\":\"Term\u00e9kek\",\"item\":\"https:\/\/www.eveline.hu\/2016\/shop\/\"},{\"@type\":\"ListItem\",\"position\":3,\"name\":\"VARIETE \u00c1SV\u00c1NYI P\u00daDER 8g 01\"}]},{\"@type\":\"WebSite\",\"@id\":\"https:\/\/www.eveline.hu\/2016\/#website\",\"url\":\"https:\/\/www.eveline.hu\/2016\/\",\"name\":\"Eveline Cosmetics Magyarorsz\u00e1g\",\"description\":\"Min\u0151s\u00e9gi kozmetikumok Lengyelorsz\u00e1gb\u00f3l\",\"potentialAction\":[{\"@type\":\"SearchAction\",\"target\":{\"@type\":\"EntryPoint\",\"urlTemplate\":\"https:\/\/www.eveline.hu\/2016\/?s={search_term_string}\"},\"query-input\":\"required name=search_term_string\"}],\"inLanguage\":\"hu\"}]}<\/script>\n<!-- \/ Yoast SEO plugin. -->","yoast_head_json":{"title":"VARIETE \u00c1SV\u00c1NYI P\u00daDER 8g 01 - Eveline Cosmetics Magyarorsz\u00e1g","robots":{"index":"index","follow":"follow","max-snippet":"max-snippet:-1","max-image-preview":"max-image-preview:large","max-video-preview":"max-video-preview:-1"},"canonical":"https:\/\/www.eveline.hu\/2016\/eveline-kozmetikumok-szepsegapolas\/smink\/arc\/puderek\/variete-asvanyi-puder-8g-01\/","og_locale":"hu_HU","og_type":"article","og_title":"VARIETE \u00c1SV\u00c1NYI P\u00daDER 8g 01 - Eveline Cosmetics Magyarorsz\u00e1g","og_description":"A 93%-ban \u00e1sv\u00e1nyi \u00f6sszetev\u0151ket tartalmaz\u00f3 recept lehet\u0151v\u00e9 teszi a b\u0151r l\u00e9legz\u00e9s\u00e9t \u00e9s gondoskodik \u00e1pol\u00e1s\u00e1r\u00f3l. Az \u00e1sv\u00e1nyi pigmenteknek \u00e9s a hialuronsavnak k\u00f6sz\u00f6nhet\u0151en az alapoz\u00f3 t\u00f6k\u00e9letes a sz\u00e1raz b\u0151rre is. K\u00f6zepes vagy teljes fed\u00e9st biztos\u00edt, \u00e9s kisim\u00edtja a t\u00f6k\u00e9letlens\u00e9geket. K\u00f6nnyed formul\u00e1ja nem [&hellip;]","og_url":"https:\/\/www.eveline.hu\/2016\/eveline-kozmetikumok-szepsegapolas\/smink\/arc\/puderek\/variete-asvanyi-puder-8g-01\/","og_site_name":"Eveline Cosmetics Magyarorsz\u00e1g","article_modified_time":"2026-01-07T13:06:11+00:00","og_image":[{"width":750,"height":750,"url":"https:\/\/www.eveline.hu\/2016\/wp-content\/uploads\/2022\/09\/5901761940671-VARIETE-POWDER-NR-1-w.png","type":"image\/png"}],"twitter_card":"summary_large_image","twitter_misc":{"Becs\u00fclt olvas\u00e1si id\u0151":"1 perc"},"schema":{"@context":"https:\/\/schema.org","@graph":[{"@type":"WebPage","@id":"https:\/\/www.eveline.hu\/2016\/eveline-kozmetikumok-szepsegapolas\/smink\/arc\/puderek\/variete-asvanyi-puder-8g-01\/","url":"https:\/\/www.eveline.hu\/2016\/eveline-kozmetikumok-szepsegapolas\/smink\/arc\/puderek\/variete-asvanyi-puder-8g-01\/","name":"VARIETE \u00c1SV\u00c1NYI P\u00daDER 8g 01 - Eveline Cosmetics Magyarorsz\u00e1g","isPartOf":{"@id":"https:\/\/www.eveline.hu\/2016\/#website"},"primaryImageOfPage":{"@id":"https:\/\/www.eveline.hu\/2016\/eveline-kozmetikumok-szepsegapolas\/smink\/arc\/puderek\/variete-asvanyi-puder-8g-01\/#primaryimage"},"image":{"@id":"https:\/\/www.eveline.hu\/2016\/eveline-kozmetikumok-szepsegapolas\/smink\/arc\/puderek\/variete-asvanyi-puder-8g-01\/#primaryimage"},"thumbnailUrl":"https:\/\/www.eveline.hu\/2016\/wp-content\/uploads\/2022\/09\/5901761940671-VARIETE-POWDER-NR-1-w.png","datePublished":"2022-09-01T08:16:05+00:00","dateModified":"2026-01-07T13:06:11+00:00","breadcrumb":{"@id":"https:\/\/www.eveline.hu\/2016\/eveline-kozmetikumok-szepsegapolas\/smink\/arc\/puderek\/variete-asvanyi-puder-8g-01\/#breadcrumb"},"inLanguage":"hu","potentialAction":[{"@type":"ReadAction","target":["https:\/\/www.eveline.hu\/2016\/eveline-kozmetikumok-szepsegapolas\/smink\/arc\/puderek\/variete-asvanyi-puder-8g-01\/"]}]},{"@type":"ImageObject","inLanguage":"hu","@id":"https:\/\/www.eveline.hu\/2016\/eveline-kozmetikumok-szepsegapolas\/smink\/arc\/puderek\/variete-asvanyi-puder-8g-01\/#primaryimage","url":"https:\/\/www.eveline.hu\/2016\/wp-content\/uploads\/2022\/09\/5901761940671-VARIETE-POWDER-NR-1-w.png","contentUrl":"https:\/\/www.eveline.hu\/2016\/wp-content\/uploads\/2022\/09\/5901761940671-VARIETE-POWDER-NR-1-w.png","width":750,"height":750},{"@type":"BreadcrumbList","@id":"https:\/\/www.eveline.hu\/2016\/eveline-kozmetikumok-szepsegapolas\/smink\/arc\/puderek\/variete-asvanyi-puder-8g-01\/#breadcrumb","itemListElement":[{"@type":"ListItem","position":1,"name":"Home","item":"https:\/\/www.eveline.hu\/2016\/"},{"@type":"ListItem","position":2,"name":"Term\u00e9kek","item":"https:\/\/www.eveline.hu\/2016\/shop\/"},{"@type":"ListItem","position":3,"name":"VARIETE \u00c1SV\u00c1NYI P\u00daDER 8g 01"}]},{"@type":"WebSite","@id":"https:\/\/www.eveline.hu\/2016\/#website","url":"https:\/\/www.eveline.hu\/2016\/","name":"Eveline Cosmetics Magyarorsz\u00e1g","description":"Min\u0151s\u00e9gi kozmetikumok Lengyelorsz\u00e1gb\u00f3l","potentialAction":[{"@type":"SearchAction","target":{"@type":"EntryPoint","urlTemplate":"https:\/\/www.eveline.hu\/2016\/?s={search_term_string}"},"query-input":"required name=search_term_string"}],"inLanguage":"hu"}]}},"_links":{"self":[{"href":"https:\/\/www.eveline.hu\/2016\/wp-json\/wp\/v2\/product\/28735"}],"collection":[{"href":"https:\/\/www.eveline.hu\/2016\/wp-json\/wp\/v2\/product"}],"about":[{"href":"https:\/\/www.eveline.hu\/2016\/wp-json\/wp\/v2\/types\/product"}],"replies":[{"embeddable":true,"href":"https:\/\/www.eveline.hu\/2016\/wp-json\/wp\/v2\/comments?post=28735"}],"wp:featuredmedia":[{"embeddable":true,"href":"https:\/\/www.eveline.hu\/2016\/wp-json\/wp\/v2\/media\/28736"}],"wp:attachment":[{"href":"https:\/\/www.eveline.hu\/2016\/wp-json\/wp\/v2\/media?parent=28735"}],"wp:term":[{"taxonomy":"product_cat","embeddable":true,"href":"https:\/\/www.eveline.hu\/2016\/wp-json\/wp\/v2\/product_cat?post=28735"},{"taxonomy":"product_tag","embeddable":true,"href":"https:\/\/www.eveline.hu\/2016\/wp-json\/wp\/v2\/product_tag?post=28735"}],"curies":[{"name":"wp","href":"https:\/\/api.w.org\/{rel}","templated":true}]}}