{"id":28732,"date":"2022-08-30T09:03:32","date_gmt":"2022-08-30T07:03:32","guid":{"rendered":"https:\/\/www.eveline.hu\/2016\/?post_type=product&#038;p=28732"},"modified":"2023-03-13T11:49:27","modified_gmt":"2023-03-13T10:49:27","slug":"beautyglow-hidratalo-es-feszesito-testapolo-350ml","status":"publish","type":"product","link":"https:\/\/www.eveline.hu\/2016\/eveline-kozmetikumok-szepsegapolas\/termekcsaladok\/beauty-glow\/beautyglow-hidratalo-es-feszesito-testapolo-350ml\/","title":{"rendered":"Beauty&#038;Glow Hidrat\u00e1l\u00f3 \u00e9s Feszes\u00edt\u0151 Test\u00e1pol\u00f3 350ml"},"content":{"rendered":"<p>Az egyed\u00fcl\u00e1ll\u00f3, akt\u00edv \u00f6sszetev\u0151kben gazdag formula, ide\u00e1lis a sz\u00e1raz, t\u00f6k\u00e9letlens\u00e9gre \u00e9s feszess\u00e9gveszt\u00e9sre hajlamos b\u0151r sz\u00e1m\u00e1ra.<\/p>\n<p><strong>MULTIVITAMIN<\/strong>: a boldog b\u0151rh\u00f6z n\u00e9lk\u00fcl\u00f6zhetetlen 7 vitamin (A, E, C, Cg, B3, B5 \u00e9s F), m\u00e9lyen hidrat\u00e1lja, kisim\u00edtja \u00e9s t\u00e1pl\u00e1lja a b\u0151rt, antioxid\u00e1nsk\u00e9nt is m\u0171k\u00f6dve. <strong>HIALURONSAV<\/strong> optim\u00e1lis hidrat\u00e1l\u00e1st biztos\u00edt a b\u0151rnek. <strong>TERM\u00c9SZETES KOFFEIN<\/strong> \u00e9l\u00e9nk\u00edti a b\u0151rt, fokozza annak feszess\u00e9g\u00e9t \u00e9s rugalmass\u00e1g\u00e1t. <strong>K\u00d3KUSZOLAJ <\/strong>selymesen puh\u00e1v\u00e1 var\u00e1zsolja a b\u0151rt.<\/p>\n<p><strong>Alkalmaz\u00e1s<\/strong>: D\u00f6rzs\u00f6lj be egy kis mennyis\u00e9g\u0171 balzsamot az eg\u00e9sz test b\u0151r\u00e9be. N\u00e9zz a t\u00fck\u00f6rbe \u00e9s mosolyogj. Gy\u00f6ny\u00f6r\u0171 vagy!<\/p>\n<p><strong>A term\u00e9ket a <a href=\"http:\/\/www.kozmetikummania.hu\" target=\"_blank\" rel=\"noopener noreferrer\">www.kozmetikummania.hu<\/a> web\u00e1ruh\u00e1zban is megtal\u00e1lod, nagyobb term\u00e9kk\u00edn\u00e1lattal!<\/strong><\/p>\n","protected":false},"excerpt":{"rendered":"<p>350ml ( 5500 Ft\/l)<\/p>\n","protected":false},"featured_media":28733,"comment_status":"open","ping_status":"closed","template":"","meta":[],"product_cat":[236,80],"product_tag":[],"yoast_head":"<!-- This site is optimized with the Yoast SEO plugin v22.2 - https:\/\/yoast.com\/wordpress\/plugins\/seo\/ -->\n<title>Beauty&amp;Glow Hidrat\u00e1l\u00f3 \u00e9s Feszes\u00edt\u0151 Test\u00e1pol\u00f3 350ml - Eveline Cosmetics Magyarorsz\u00e1g<\/title>\n<meta name=\"robots\" content=\"index, follow, max-snippet:-1, max-image-preview:large, max-video-preview:-1\" \/>\n<link rel=\"canonical\" href=\"https:\/\/www.eveline.hu\/2016\/eveline-kozmetikumok-szepsegapolas\/termekcsaladok\/beauty-glow\/beautyglow-hidratalo-es-feszesito-testapolo-350ml\/\" \/>\n<meta property=\"og:locale\" content=\"hu_HU\" \/>\n<meta property=\"og:type\" content=\"article\" \/>\n<meta property=\"og:title\" content=\"Beauty&amp;Glow Hidrat\u00e1l\u00f3 \u00e9s Feszes\u00edt\u0151 Test\u00e1pol\u00f3 350ml - Eveline Cosmetics Magyarorsz\u00e1g\" \/>\n<meta property=\"og:description\" content=\"350ml ( 5500 Ft\/l)\" \/>\n<meta property=\"og:url\" content=\"https:\/\/www.eveline.hu\/2016\/eveline-kozmetikumok-szepsegapolas\/termekcsaladok\/beauty-glow\/beautyglow-hidratalo-es-feszesito-testapolo-350ml\/\" \/>\n<meta property=\"og:site_name\" content=\"Eveline Cosmetics Magyarorsz\u00e1g\" \/>\n<meta property=\"article:modified_time\" content=\"2023-03-13T10:49:27+00:00\" \/>\n<meta property=\"og:image\" content=\"https:\/\/www.eveline.hu\/2016\/wp-content\/uploads\/2022\/08\/5903416040484-BEAUTY-GLOW-MOISTURIZING-AND-FIRMING-BODY-LOTION-350ML-w.png\" \/>\n\t<meta property=\"og:image:width\" content=\"750\" \/>\n\t<meta property=\"og:image:height\" content=\"750\" \/>\n\t<meta property=\"og:image:type\" content=\"image\/png\" \/>\n<meta name=\"twitter:card\" content=\"summary_large_image\" \/>\n<meta name=\"twitter:label1\" content=\"Becs\u00fclt olvas\u00e1si id\u0151\" \/>\n\t<meta name=\"twitter:data1\" content=\"1 perc\" \/>\n<script type=\"application\/ld+json\" class=\"yoast-schema-graph\">{\"@context\":\"https:\/\/schema.org\",\"@graph\":[{\"@type\":\"WebPage\",\"@id\":\"https:\/\/www.eveline.hu\/2016\/eveline-kozmetikumok-szepsegapolas\/termekcsaladok\/beauty-glow\/beautyglow-hidratalo-es-feszesito-testapolo-350ml\/\",\"url\":\"https:\/\/www.eveline.hu\/2016\/eveline-kozmetikumok-szepsegapolas\/termekcsaladok\/beauty-glow\/beautyglow-hidratalo-es-feszesito-testapolo-350ml\/\",\"name\":\"Beauty&Glow Hidrat\u00e1l\u00f3 \u00e9s Feszes\u00edt\u0151 Test\u00e1pol\u00f3 350ml - Eveline Cosmetics Magyarorsz\u00e1g\",\"isPartOf\":{\"@id\":\"https:\/\/www.eveline.hu\/2016\/#website\"},\"primaryImageOfPage\":{\"@id\":\"https:\/\/www.eveline.hu\/2016\/eveline-kozmetikumok-szepsegapolas\/termekcsaladok\/beauty-glow\/beautyglow-hidratalo-es-feszesito-testapolo-350ml\/#primaryimage\"},\"image\":{\"@id\":\"https:\/\/www.eveline.hu\/2016\/eveline-kozmetikumok-szepsegapolas\/termekcsaladok\/beauty-glow\/beautyglow-hidratalo-es-feszesito-testapolo-350ml\/#primaryimage\"},\"thumbnailUrl\":\"https:\/\/www.eveline.hu\/2016\/wp-content\/uploads\/2022\/08\/5903416040484-BEAUTY-GLOW-MOISTURIZING-AND-FIRMING-BODY-LOTION-350ML-w.png\",\"datePublished\":\"2022-08-30T07:03:32+00:00\",\"dateModified\":\"2023-03-13T10:49:27+00:00\",\"breadcrumb\":{\"@id\":\"https:\/\/www.eveline.hu\/2016\/eveline-kozmetikumok-szepsegapolas\/termekcsaladok\/beauty-glow\/beautyglow-hidratalo-es-feszesito-testapolo-350ml\/#breadcrumb\"},\"inLanguage\":\"hu\",\"potentialAction\":[{\"@type\":\"ReadAction\",\"target\":[\"https:\/\/www.eveline.hu\/2016\/eveline-kozmetikumok-szepsegapolas\/termekcsaladok\/beauty-glow\/beautyglow-hidratalo-es-feszesito-testapolo-350ml\/\"]}]},{\"@type\":\"ImageObject\",\"inLanguage\":\"hu\",\"@id\":\"https:\/\/www.eveline.hu\/2016\/eveline-kozmetikumok-szepsegapolas\/termekcsaladok\/beauty-glow\/beautyglow-hidratalo-es-feszesito-testapolo-350ml\/#primaryimage\",\"url\":\"https:\/\/www.eveline.hu\/2016\/wp-content\/uploads\/2022\/08\/5903416040484-BEAUTY-GLOW-MOISTURIZING-AND-FIRMING-BODY-LOTION-350ML-w.png\",\"contentUrl\":\"https:\/\/www.eveline.hu\/2016\/wp-content\/uploads\/2022\/08\/5903416040484-BEAUTY-GLOW-MOISTURIZING-AND-FIRMING-BODY-LOTION-350ML-w.png\",\"width\":750,\"height\":750},{\"@type\":\"BreadcrumbList\",\"@id\":\"https:\/\/www.eveline.hu\/2016\/eveline-kozmetikumok-szepsegapolas\/termekcsaladok\/beauty-glow\/beautyglow-hidratalo-es-feszesito-testapolo-350ml\/#breadcrumb\",\"itemListElement\":[{\"@type\":\"ListItem\",\"position\":1,\"name\":\"Home\",\"item\":\"https:\/\/www.eveline.hu\/2016\/\"},{\"@type\":\"ListItem\",\"position\":2,\"name\":\"Term\u00e9kek\",\"item\":\"https:\/\/www.eveline.hu\/2016\/shop\/\"},{\"@type\":\"ListItem\",\"position\":3,\"name\":\"Beauty&#038;Glow Hidrat\u00e1l\u00f3 \u00e9s Feszes\u00edt\u0151 Test\u00e1pol\u00f3 350ml\"}]},{\"@type\":\"WebSite\",\"@id\":\"https:\/\/www.eveline.hu\/2016\/#website\",\"url\":\"https:\/\/www.eveline.hu\/2016\/\",\"name\":\"Eveline Cosmetics Magyarorsz\u00e1g\",\"description\":\"Min\u0151s\u00e9gi kozmetikumok Lengyelorsz\u00e1gb\u00f3l\",\"potentialAction\":[{\"@type\":\"SearchAction\",\"target\":{\"@type\":\"EntryPoint\",\"urlTemplate\":\"https:\/\/www.eveline.hu\/2016\/?s={search_term_string}\"},\"query-input\":\"required name=search_term_string\"}],\"inLanguage\":\"hu\"}]}<\/script>\n<!-- \/ Yoast SEO plugin. -->","yoast_head_json":{"title":"Beauty&Glow Hidrat\u00e1l\u00f3 \u00e9s Feszes\u00edt\u0151 Test\u00e1pol\u00f3 350ml - Eveline Cosmetics Magyarorsz\u00e1g","robots":{"index":"index","follow":"follow","max-snippet":"max-snippet:-1","max-image-preview":"max-image-preview:large","max-video-preview":"max-video-preview:-1"},"canonical":"https:\/\/www.eveline.hu\/2016\/eveline-kozmetikumok-szepsegapolas\/termekcsaladok\/beauty-glow\/beautyglow-hidratalo-es-feszesito-testapolo-350ml\/","og_locale":"hu_HU","og_type":"article","og_title":"Beauty&Glow Hidrat\u00e1l\u00f3 \u00e9s Feszes\u00edt\u0151 Test\u00e1pol\u00f3 350ml - Eveline Cosmetics Magyarorsz\u00e1g","og_description":"350ml ( 5500 Ft\/l)","og_url":"https:\/\/www.eveline.hu\/2016\/eveline-kozmetikumok-szepsegapolas\/termekcsaladok\/beauty-glow\/beautyglow-hidratalo-es-feszesito-testapolo-350ml\/","og_site_name":"Eveline Cosmetics Magyarorsz\u00e1g","article_modified_time":"2023-03-13T10:49:27+00:00","og_image":[{"width":750,"height":750,"url":"https:\/\/www.eveline.hu\/2016\/wp-content\/uploads\/2022\/08\/5903416040484-BEAUTY-GLOW-MOISTURIZING-AND-FIRMING-BODY-LOTION-350ML-w.png","type":"image\/png"}],"twitter_card":"summary_large_image","twitter_misc":{"Becs\u00fclt olvas\u00e1si id\u0151":"1 perc"},"schema":{"@context":"https:\/\/schema.org","@graph":[{"@type":"WebPage","@id":"https:\/\/www.eveline.hu\/2016\/eveline-kozmetikumok-szepsegapolas\/termekcsaladok\/beauty-glow\/beautyglow-hidratalo-es-feszesito-testapolo-350ml\/","url":"https:\/\/www.eveline.hu\/2016\/eveline-kozmetikumok-szepsegapolas\/termekcsaladok\/beauty-glow\/beautyglow-hidratalo-es-feszesito-testapolo-350ml\/","name":"Beauty&Glow Hidrat\u00e1l\u00f3 \u00e9s Feszes\u00edt\u0151 Test\u00e1pol\u00f3 350ml - Eveline Cosmetics Magyarorsz\u00e1g","isPartOf":{"@id":"https:\/\/www.eveline.hu\/2016\/#website"},"primaryImageOfPage":{"@id":"https:\/\/www.eveline.hu\/2016\/eveline-kozmetikumok-szepsegapolas\/termekcsaladok\/beauty-glow\/beautyglow-hidratalo-es-feszesito-testapolo-350ml\/#primaryimage"},"image":{"@id":"https:\/\/www.eveline.hu\/2016\/eveline-kozmetikumok-szepsegapolas\/termekcsaladok\/beauty-glow\/beautyglow-hidratalo-es-feszesito-testapolo-350ml\/#primaryimage"},"thumbnailUrl":"https:\/\/www.eveline.hu\/2016\/wp-content\/uploads\/2022\/08\/5903416040484-BEAUTY-GLOW-MOISTURIZING-AND-FIRMING-BODY-LOTION-350ML-w.png","datePublished":"2022-08-30T07:03:32+00:00","dateModified":"2023-03-13T10:49:27+00:00","breadcrumb":{"@id":"https:\/\/www.eveline.hu\/2016\/eveline-kozmetikumok-szepsegapolas\/termekcsaladok\/beauty-glow\/beautyglow-hidratalo-es-feszesito-testapolo-350ml\/#breadcrumb"},"inLanguage":"hu","potentialAction":[{"@type":"ReadAction","target":["https:\/\/www.eveline.hu\/2016\/eveline-kozmetikumok-szepsegapolas\/termekcsaladok\/beauty-glow\/beautyglow-hidratalo-es-feszesito-testapolo-350ml\/"]}]},{"@type":"ImageObject","inLanguage":"hu","@id":"https:\/\/www.eveline.hu\/2016\/eveline-kozmetikumok-szepsegapolas\/termekcsaladok\/beauty-glow\/beautyglow-hidratalo-es-feszesito-testapolo-350ml\/#primaryimage","url":"https:\/\/www.eveline.hu\/2016\/wp-content\/uploads\/2022\/08\/5903416040484-BEAUTY-GLOW-MOISTURIZING-AND-FIRMING-BODY-LOTION-350ML-w.png","contentUrl":"https:\/\/www.eveline.hu\/2016\/wp-content\/uploads\/2022\/08\/5903416040484-BEAUTY-GLOW-MOISTURIZING-AND-FIRMING-BODY-LOTION-350ML-w.png","width":750,"height":750},{"@type":"BreadcrumbList","@id":"https:\/\/www.eveline.hu\/2016\/eveline-kozmetikumok-szepsegapolas\/termekcsaladok\/beauty-glow\/beautyglow-hidratalo-es-feszesito-testapolo-350ml\/#breadcrumb","itemListElement":[{"@type":"ListItem","position":1,"name":"Home","item":"https:\/\/www.eveline.hu\/2016\/"},{"@type":"ListItem","position":2,"name":"Term\u00e9kek","item":"https:\/\/www.eveline.hu\/2016\/shop\/"},{"@type":"ListItem","position":3,"name":"Beauty&#038;Glow Hidrat\u00e1l\u00f3 \u00e9s Feszes\u00edt\u0151 Test\u00e1pol\u00f3 350ml"}]},{"@type":"WebSite","@id":"https:\/\/www.eveline.hu\/2016\/#website","url":"https:\/\/www.eveline.hu\/2016\/","name":"Eveline Cosmetics Magyarorsz\u00e1g","description":"Min\u0151s\u00e9gi kozmetikumok Lengyelorsz\u00e1gb\u00f3l","potentialAction":[{"@type":"SearchAction","target":{"@type":"EntryPoint","urlTemplate":"https:\/\/www.eveline.hu\/2016\/?s={search_term_string}"},"query-input":"required name=search_term_string"}],"inLanguage":"hu"}]}},"_links":{"self":[{"href":"https:\/\/www.eveline.hu\/2016\/wp-json\/wp\/v2\/product\/28732"}],"collection":[{"href":"https:\/\/www.eveline.hu\/2016\/wp-json\/wp\/v2\/product"}],"about":[{"href":"https:\/\/www.eveline.hu\/2016\/wp-json\/wp\/v2\/types\/product"}],"replies":[{"embeddable":true,"href":"https:\/\/www.eveline.hu\/2016\/wp-json\/wp\/v2\/comments?post=28732"}],"wp:featuredmedia":[{"embeddable":true,"href":"https:\/\/www.eveline.hu\/2016\/wp-json\/wp\/v2\/media\/28733"}],"wp:attachment":[{"href":"https:\/\/www.eveline.hu\/2016\/wp-json\/wp\/v2\/media?parent=28732"}],"wp:term":[{"taxonomy":"product_cat","embeddable":true,"href":"https:\/\/www.eveline.hu\/2016\/wp-json\/wp\/v2\/product_cat?post=28732"},{"taxonomy":"product_tag","embeddable":true,"href":"https:\/\/www.eveline.hu\/2016\/wp-json\/wp\/v2\/product_tag?post=28732"}],"curies":[{"name":"wp","href":"https:\/\/api.w.org\/{rel}","templated":true}]}}