{"id":28716,"date":"2022-08-21T16:11:50","date_gmt":"2022-08-21T14:11:50","guid":{"rendered":"https:\/\/www.eveline.hu\/2016\/?post_type=product&#038;p=28716"},"modified":"2022-12-26T22:26:11","modified_gmt":"2022-12-26T21:26:11","slug":"hair-clinic-keratin-color-repair-regeneralo-sampon-400ml","status":"publish","type":"product","link":"https:\/\/www.eveline.hu\/2016\/eveline-kozmetikumok-szepsegapolas\/szepsegapolas\/hajapolas\/hair-clinic-keratin-color-repair-regeneralo-sampon-400ml\/","title":{"rendered":"HAIR CLINIC KERATIN COLOR &#038; REPAIR  regener\u00e1l\u00f3 sampon 400ml"},"content":{"rendered":"<p><strong>Micell\u00e1s regener\u00e1l\u00f3 sampon + sz\u00ednv\u00e9delem<\/strong><\/p>\n<p>festett, sz\u00e1raz \u00e9s s\u00e9r\u00fclt hajra<\/p>\n<p>8az1-ben:\u00a0 1. Gyeng\u00e9d tiszt\u00edt\u00e1s\u00a0 2. Sz\u00ednv\u00e9delem<\/p>\n<ol start=\"3\">\n<li>M\u00e9ly regener\u00e1l\u00e1s 4. Meger\u0151s\u00edt\u00e9s<\/li>\n<li>Szerkezeti s\u00e9r\u00fcl\u00e9s jav\u00edt\u00e1sa 6. Sug\u00e1rz\u00f3 ragyog\u00e1s<\/li>\n<li>Komplex hidrat\u00e1l\u00e1s 8. Selymes l\u00e1gys\u00e1g \u00e9s simas\u00e1g<\/li>\n<\/ol>\n<p>Irrit\u00e1ci\u00f3 n\u00e9lk\u00fcl tiszt\u00edtja a hajat \u00e9s fejb\u0151rt, t\u00e1mogatja a<\/p>\n<p>vil\u00e1gos\u00edtott \u00e9s sz\u00ednezett\u00a0 haj meg\u00faj\u00edt\u00e1s\u00e1t.<\/p>\n<p><strong>Akt\u00edv \u00f6sszetev\u0151k<\/strong>: Shine&amp;RepairProCare\u2122, hidroliz\u00e1lt keratin, selyem kivonat, arg\u00e1nolaj, B5 pro-vitamin.<\/p>\n<p><strong>Haszn\u00e1lat<\/strong>: kis mennyis\u00e9g\u0171 sampont kenjen a nedves hajra, d\u00f6rzs\u00f6lje be habz\u00e1sig, majd alaposan \u00f6bl\u00edtse le. Ha a sampon szembe ker\u00fcl, mossa ki b\u0151 v\u00edzzel.<\/p>\n<p><strong>A term\u00e9ket a <a href=\"http:\/\/www.kozmetikummania.hu\" target=\"_blank\" rel=\"noopener noreferrer\">www.kozmetikummania.hu<\/a> web\u00e1ruh\u00e1zban is megtal\u00e1lod, nagyobb term\u00e9kk\u00edn\u00e1lattal!<\/strong><\/p>\n","protected":false},"excerpt":{"rendered":"<p>400ml (4888 Ft\/l)<\/p>\n","protected":false},"featured_media":28717,"comment_status":"open","ping_status":"closed","template":"","meta":[],"product_cat":[225,125,136,80],"product_tag":[],"yoast_head":"<!-- This site is optimized with the Yoast SEO plugin v22.2 - https:\/\/yoast.com\/wordpress\/plugins\/seo\/ -->\n<title>HAIR CLINIC KERATIN COLOR &amp; REPAIR regener\u00e1l\u00f3 sampon 400ml - Eveline Cosmetics Magyarorsz\u00e1g<\/title>\n<meta name=\"robots\" content=\"index, follow, max-snippet:-1, max-image-preview:large, max-video-preview:-1\" \/>\n<link rel=\"canonical\" href=\"https:\/\/www.eveline.hu\/2016\/eveline-kozmetikumok-szepsegapolas\/szepsegapolas\/hajapolas\/hair-clinic-keratin-color-repair-regeneralo-sampon-400ml\/\" \/>\n<meta property=\"og:locale\" content=\"hu_HU\" \/>\n<meta property=\"og:type\" content=\"article\" \/>\n<meta property=\"og:title\" content=\"HAIR CLINIC KERATIN COLOR &amp; REPAIR regener\u00e1l\u00f3 sampon 400ml - Eveline Cosmetics Magyarorsz\u00e1g\" \/>\n<meta property=\"og:description\" content=\"400ml (4888 Ft\/l)\" \/>\n<meta property=\"og:url\" content=\"https:\/\/www.eveline.hu\/2016\/eveline-kozmetikumok-szepsegapolas\/szepsegapolas\/hajapolas\/hair-clinic-keratin-color-repair-regeneralo-sampon-400ml\/\" \/>\n<meta property=\"og:site_name\" content=\"Eveline Cosmetics Magyarorsz\u00e1g\" \/>\n<meta property=\"article:modified_time\" content=\"2022-12-26T21:26:11+00:00\" \/>\n<meta property=\"og:image\" content=\"https:\/\/www.eveline.hu\/2016\/wp-content\/uploads\/2022\/08\/5903416030041-KERATIN-SHAMPOO-8IN1-400ML-NEW-w.png\" \/>\n\t<meta property=\"og:image:width\" content=\"750\" \/>\n\t<meta property=\"og:image:height\" content=\"750\" \/>\n\t<meta property=\"og:image:type\" content=\"image\/png\" \/>\n<meta name=\"twitter:card\" content=\"summary_large_image\" \/>\n<meta name=\"twitter:label1\" content=\"Becs\u00fclt olvas\u00e1si id\u0151\" \/>\n\t<meta name=\"twitter:data1\" content=\"1 perc\" \/>\n<script type=\"application\/ld+json\" class=\"yoast-schema-graph\">{\"@context\":\"https:\/\/schema.org\",\"@graph\":[{\"@type\":\"WebPage\",\"@id\":\"https:\/\/www.eveline.hu\/2016\/eveline-kozmetikumok-szepsegapolas\/szepsegapolas\/hajapolas\/hair-clinic-keratin-color-repair-regeneralo-sampon-400ml\/\",\"url\":\"https:\/\/www.eveline.hu\/2016\/eveline-kozmetikumok-szepsegapolas\/szepsegapolas\/hajapolas\/hair-clinic-keratin-color-repair-regeneralo-sampon-400ml\/\",\"name\":\"HAIR CLINIC KERATIN COLOR & REPAIR regener\u00e1l\u00f3 sampon 400ml - Eveline Cosmetics Magyarorsz\u00e1g\",\"isPartOf\":{\"@id\":\"https:\/\/www.eveline.hu\/2016\/#website\"},\"primaryImageOfPage\":{\"@id\":\"https:\/\/www.eveline.hu\/2016\/eveline-kozmetikumok-szepsegapolas\/szepsegapolas\/hajapolas\/hair-clinic-keratin-color-repair-regeneralo-sampon-400ml\/#primaryimage\"},\"image\":{\"@id\":\"https:\/\/www.eveline.hu\/2016\/eveline-kozmetikumok-szepsegapolas\/szepsegapolas\/hajapolas\/hair-clinic-keratin-color-repair-regeneralo-sampon-400ml\/#primaryimage\"},\"thumbnailUrl\":\"https:\/\/www.eveline.hu\/2016\/wp-content\/uploads\/2022\/08\/5903416030041-KERATIN-SHAMPOO-8IN1-400ML-NEW-w.png\",\"datePublished\":\"2022-08-21T14:11:50+00:00\",\"dateModified\":\"2022-12-26T21:26:11+00:00\",\"breadcrumb\":{\"@id\":\"https:\/\/www.eveline.hu\/2016\/eveline-kozmetikumok-szepsegapolas\/szepsegapolas\/hajapolas\/hair-clinic-keratin-color-repair-regeneralo-sampon-400ml\/#breadcrumb\"},\"inLanguage\":\"hu\",\"potentialAction\":[{\"@type\":\"ReadAction\",\"target\":[\"https:\/\/www.eveline.hu\/2016\/eveline-kozmetikumok-szepsegapolas\/szepsegapolas\/hajapolas\/hair-clinic-keratin-color-repair-regeneralo-sampon-400ml\/\"]}]},{\"@type\":\"ImageObject\",\"inLanguage\":\"hu\",\"@id\":\"https:\/\/www.eveline.hu\/2016\/eveline-kozmetikumok-szepsegapolas\/szepsegapolas\/hajapolas\/hair-clinic-keratin-color-repair-regeneralo-sampon-400ml\/#primaryimage\",\"url\":\"https:\/\/www.eveline.hu\/2016\/wp-content\/uploads\/2022\/08\/5903416030041-KERATIN-SHAMPOO-8IN1-400ML-NEW-w.png\",\"contentUrl\":\"https:\/\/www.eveline.hu\/2016\/wp-content\/uploads\/2022\/08\/5903416030041-KERATIN-SHAMPOO-8IN1-400ML-NEW-w.png\",\"width\":750,\"height\":750},{\"@type\":\"BreadcrumbList\",\"@id\":\"https:\/\/www.eveline.hu\/2016\/eveline-kozmetikumok-szepsegapolas\/szepsegapolas\/hajapolas\/hair-clinic-keratin-color-repair-regeneralo-sampon-400ml\/#breadcrumb\",\"itemListElement\":[{\"@type\":\"ListItem\",\"position\":1,\"name\":\"Home\",\"item\":\"https:\/\/www.eveline.hu\/2016\/\"},{\"@type\":\"ListItem\",\"position\":2,\"name\":\"Term\u00e9kek\",\"item\":\"https:\/\/www.eveline.hu\/2016\/shop\/\"},{\"@type\":\"ListItem\",\"position\":3,\"name\":\"HAIR CLINIC KERATIN COLOR &#038; REPAIR regener\u00e1l\u00f3 sampon 400ml\"}]},{\"@type\":\"WebSite\",\"@id\":\"https:\/\/www.eveline.hu\/2016\/#website\",\"url\":\"https:\/\/www.eveline.hu\/2016\/\",\"name\":\"Eveline Cosmetics Magyarorsz\u00e1g\",\"description\":\"Min\u0151s\u00e9gi kozmetikumok Lengyelorsz\u00e1gb\u00f3l\",\"potentialAction\":[{\"@type\":\"SearchAction\",\"target\":{\"@type\":\"EntryPoint\",\"urlTemplate\":\"https:\/\/www.eveline.hu\/2016\/?s={search_term_string}\"},\"query-input\":\"required name=search_term_string\"}],\"inLanguage\":\"hu\"}]}<\/script>\n<!-- \/ Yoast SEO plugin. -->","yoast_head_json":{"title":"HAIR CLINIC KERATIN COLOR & REPAIR regener\u00e1l\u00f3 sampon 400ml - Eveline Cosmetics Magyarorsz\u00e1g","robots":{"index":"index","follow":"follow","max-snippet":"max-snippet:-1","max-image-preview":"max-image-preview:large","max-video-preview":"max-video-preview:-1"},"canonical":"https:\/\/www.eveline.hu\/2016\/eveline-kozmetikumok-szepsegapolas\/szepsegapolas\/hajapolas\/hair-clinic-keratin-color-repair-regeneralo-sampon-400ml\/","og_locale":"hu_HU","og_type":"article","og_title":"HAIR CLINIC KERATIN COLOR & REPAIR regener\u00e1l\u00f3 sampon 400ml - Eveline Cosmetics Magyarorsz\u00e1g","og_description":"400ml (4888 Ft\/l)","og_url":"https:\/\/www.eveline.hu\/2016\/eveline-kozmetikumok-szepsegapolas\/szepsegapolas\/hajapolas\/hair-clinic-keratin-color-repair-regeneralo-sampon-400ml\/","og_site_name":"Eveline Cosmetics Magyarorsz\u00e1g","article_modified_time":"2022-12-26T21:26:11+00:00","og_image":[{"width":750,"height":750,"url":"https:\/\/www.eveline.hu\/2016\/wp-content\/uploads\/2022\/08\/5903416030041-KERATIN-SHAMPOO-8IN1-400ML-NEW-w.png","type":"image\/png"}],"twitter_card":"summary_large_image","twitter_misc":{"Becs\u00fclt olvas\u00e1si id\u0151":"1 perc"},"schema":{"@context":"https:\/\/schema.org","@graph":[{"@type":"WebPage","@id":"https:\/\/www.eveline.hu\/2016\/eveline-kozmetikumok-szepsegapolas\/szepsegapolas\/hajapolas\/hair-clinic-keratin-color-repair-regeneralo-sampon-400ml\/","url":"https:\/\/www.eveline.hu\/2016\/eveline-kozmetikumok-szepsegapolas\/szepsegapolas\/hajapolas\/hair-clinic-keratin-color-repair-regeneralo-sampon-400ml\/","name":"HAIR CLINIC KERATIN COLOR & REPAIR regener\u00e1l\u00f3 sampon 400ml - Eveline Cosmetics Magyarorsz\u00e1g","isPartOf":{"@id":"https:\/\/www.eveline.hu\/2016\/#website"},"primaryImageOfPage":{"@id":"https:\/\/www.eveline.hu\/2016\/eveline-kozmetikumok-szepsegapolas\/szepsegapolas\/hajapolas\/hair-clinic-keratin-color-repair-regeneralo-sampon-400ml\/#primaryimage"},"image":{"@id":"https:\/\/www.eveline.hu\/2016\/eveline-kozmetikumok-szepsegapolas\/szepsegapolas\/hajapolas\/hair-clinic-keratin-color-repair-regeneralo-sampon-400ml\/#primaryimage"},"thumbnailUrl":"https:\/\/www.eveline.hu\/2016\/wp-content\/uploads\/2022\/08\/5903416030041-KERATIN-SHAMPOO-8IN1-400ML-NEW-w.png","datePublished":"2022-08-21T14:11:50+00:00","dateModified":"2022-12-26T21:26:11+00:00","breadcrumb":{"@id":"https:\/\/www.eveline.hu\/2016\/eveline-kozmetikumok-szepsegapolas\/szepsegapolas\/hajapolas\/hair-clinic-keratin-color-repair-regeneralo-sampon-400ml\/#breadcrumb"},"inLanguage":"hu","potentialAction":[{"@type":"ReadAction","target":["https:\/\/www.eveline.hu\/2016\/eveline-kozmetikumok-szepsegapolas\/szepsegapolas\/hajapolas\/hair-clinic-keratin-color-repair-regeneralo-sampon-400ml\/"]}]},{"@type":"ImageObject","inLanguage":"hu","@id":"https:\/\/www.eveline.hu\/2016\/eveline-kozmetikumok-szepsegapolas\/szepsegapolas\/hajapolas\/hair-clinic-keratin-color-repair-regeneralo-sampon-400ml\/#primaryimage","url":"https:\/\/www.eveline.hu\/2016\/wp-content\/uploads\/2022\/08\/5903416030041-KERATIN-SHAMPOO-8IN1-400ML-NEW-w.png","contentUrl":"https:\/\/www.eveline.hu\/2016\/wp-content\/uploads\/2022\/08\/5903416030041-KERATIN-SHAMPOO-8IN1-400ML-NEW-w.png","width":750,"height":750},{"@type":"BreadcrumbList","@id":"https:\/\/www.eveline.hu\/2016\/eveline-kozmetikumok-szepsegapolas\/szepsegapolas\/hajapolas\/hair-clinic-keratin-color-repair-regeneralo-sampon-400ml\/#breadcrumb","itemListElement":[{"@type":"ListItem","position":1,"name":"Home","item":"https:\/\/www.eveline.hu\/2016\/"},{"@type":"ListItem","position":2,"name":"Term\u00e9kek","item":"https:\/\/www.eveline.hu\/2016\/shop\/"},{"@type":"ListItem","position":3,"name":"HAIR CLINIC KERATIN COLOR &#038; REPAIR regener\u00e1l\u00f3 sampon 400ml"}]},{"@type":"WebSite","@id":"https:\/\/www.eveline.hu\/2016\/#website","url":"https:\/\/www.eveline.hu\/2016\/","name":"Eveline Cosmetics Magyarorsz\u00e1g","description":"Min\u0151s\u00e9gi kozmetikumok Lengyelorsz\u00e1gb\u00f3l","potentialAction":[{"@type":"SearchAction","target":{"@type":"EntryPoint","urlTemplate":"https:\/\/www.eveline.hu\/2016\/?s={search_term_string}"},"query-input":"required name=search_term_string"}],"inLanguage":"hu"}]}},"_links":{"self":[{"href":"https:\/\/www.eveline.hu\/2016\/wp-json\/wp\/v2\/product\/28716"}],"collection":[{"href":"https:\/\/www.eveline.hu\/2016\/wp-json\/wp\/v2\/product"}],"about":[{"href":"https:\/\/www.eveline.hu\/2016\/wp-json\/wp\/v2\/types\/product"}],"replies":[{"embeddable":true,"href":"https:\/\/www.eveline.hu\/2016\/wp-json\/wp\/v2\/comments?post=28716"}],"wp:featuredmedia":[{"embeddable":true,"href":"https:\/\/www.eveline.hu\/2016\/wp-json\/wp\/v2\/media\/28717"}],"wp:attachment":[{"href":"https:\/\/www.eveline.hu\/2016\/wp-json\/wp\/v2\/media?parent=28716"}],"wp:term":[{"taxonomy":"product_cat","embeddable":true,"href":"https:\/\/www.eveline.hu\/2016\/wp-json\/wp\/v2\/product_cat?post=28716"},{"taxonomy":"product_tag","embeddable":true,"href":"https:\/\/www.eveline.hu\/2016\/wp-json\/wp\/v2\/product_tag?post=28716"}],"curies":[{"name":"wp","href":"https:\/\/api.w.org\/{rel}","templated":true}]}}