{"id":28651,"date":"2022-08-01T15:22:40","date_gmt":"2022-08-01T13:22:40","guid":{"rendered":"https:\/\/www.eveline.hu\/2016\/?post_type=product&#038;p=28651"},"modified":"2025-07-29T18:54:16","modified_gmt":"2025-07-29T16:54:16","slug":"serum-shot-multi-peptidek-arcszerum-30ml","status":"publish","type":"product","link":"https:\/\/www.eveline.hu\/2016\/eveline-kozmetikumok-szepsegapolas\/szepsegapolas\/arcapolas\/serum-shot-multi-peptidek-arcszerum-30ml\/","title":{"rendered":"SERUM SHOT MULTI-PEPTIDEK Kezel\u00e9s arcra, nyakra \u00e9s dekolt\u00e1zsra 30ml"},"content":{"rendered":"<p><strong>Szavid\u0151: 2026.08.19.!!<\/strong><\/p>\n<p>( 7997 Ft\/100ml )<\/p>\n<p>Kollag\u00e9n, Ceramidok<\/p>\n<p>A finom vonalak \u00e9s r\u00e1ncok kit\u00f6lt\u00e9se.<\/p>\n<p>T\u00e1pl\u00e1l\u00e1s \u00e9s feszes\u00edt\u00e9s.<\/p>\n<p>FIATAL\u00cdT\u00d3 KEZEL\u00c9S arcra, nyakra \u00e9s dekolt\u00e1zsra.<\/p>\n<p><strong>Aj\u00e1nl\u00e1s<\/strong>: \u00c9rett b\u0151r l\u00e1that\u00f3 \u00f6reged\u00e9si t\u00fcneteinek kezel\u00e9se: t\u00f6m\u00f6rs\u00e9g- \u00e9s rugalmass\u00e1gveszt\u00e9s, r\u00e1ncok \u00e9s finom vonalak.<\/p>\n<p><strong>ALKALMAZ\u00c1S<\/strong>: 1. Minden reggel \u00e9s\/vagy este vigyen fel n\u00e9h\u00e1ny csepp sz\u00e9rumot a tiszta \u00e9s sz\u00e1raz b\u0151rre. 2. Hagyja megsz\u00e1radni. 3. Vigye fel kedvenc kr\u00e9mj\u00e9t.<\/p>\n<p>\u00f6sszetev\u0151k: Aqua (Water),Caprylic\/Capric Triglyceride,Glycerin,Aloe Barbadensis Leaf Juice,Ethylhexyl Stearate,Isopropyl Palmitate,Propanediol,Tripelargonin,Betaine,Sea Water,Pullulan,Simmondsia Chinensis Seed Oil,Gardenia Jasminoides Meristem Cell Culture,Hydrolyzed Rhodophyceae Extract,Alpha-Glucan Oligosaccharide,Polymnia Sonchifolia Root Juice,Panax Ginseng Root Extract,Carnosine,Vegetable Collagen,Tocopheryl Acetate,Butyrospermum Parkii Butter,Leuconostoc\/Radish Root Ferment Filtrate,Serine,Alanine,Glycine,Lactobacillus,N-Prolyl Palmitoyl Tripeptide-56 Acetate,Glutamic Acid,Ceramide NG,Ceramide NP,Ceramide AP,Ceramide EOP,Lysine HCl,Threonine,Heptapeptide-7,Lecithin,Acetyl Hexapeptide-49,Palmitoyl Tripeptide-38,Arginine,Tetrapeptide-4,Palmitoyl Tripeptide-1,Oligopeptide-68,Acetyl Heptapeptide-4,Acetyl Hexapeptide-8,Palmitoyl Tetrapeptide-7,Proline,Palmitoyl Tripeptide-8,Palmitoyl Hexapeptide-12,Dextran,Phytosphingosine,Cholesterol,Sodium Lauroyl Lactylate,Lauryl Glucoside,Sodium PCA,Glycine Soja Oil,Hydrogenated Lecithin,Pentaerythrityl Distearate,Polyglyceryl-2-Dipolyhydroxystearate,Phenoxyethanol,Pentylene Glycol,Sodium Lactate,Potassium Cetyl Phosphate,Sodium Carbomer,Hydroxyacetophenone,Xanthan Gum,Butylene Glycol,Ethylhexylglycerin,Disodium EDTA,Citric Acid,Carbomer,Hydroxypropyl Cyclodextrin,Maltodextrin,C12-15 Alkyl Benzoate,Polysorbate 20,PCA,Caprylyl Glycol,Tribehenin,Dipeptide Diaminobutyroyl Benzylamide Diacetate,Potassium Sorbate,Sodium Benzoate,Lactic Acid,Sodium Oleate,Parfum (Fragrance),CI 17200,CI 19140<\/p>\n","protected":false},"excerpt":{"rendered":"<p>Szavid\u0151: 2026.08.19.!! ( 7997 Ft\/100ml ) Kollag\u00e9n, Ceramidok A finom vonalak \u00e9s r\u00e1ncok kit\u00f6lt\u00e9se. T\u00e1pl\u00e1l\u00e1s \u00e9s feszes\u00edt\u00e9s. FIATAL\u00cdT\u00d3 KEZEL\u00c9S arcra, nyakra \u00e9s dekolt\u00e1zsra. Aj\u00e1nl\u00e1s: \u00c9rett b\u0151r l\u00e1that\u00f3 \u00f6reged\u00e9si t\u00fcneteinek kezel\u00e9se: t\u00f6m\u00f6rs\u00e9g- \u00e9s rugalmass\u00e1gveszt\u00e9s, r\u00e1ncok \u00e9s finom vonalak. ALKALMAZ\u00c1S: 1. Minden [&hellip;]<\/p>\n","protected":false},"featured_media":28653,"comment_status":"open","ping_status":"closed","template":"","meta":[],"product_cat":[302,301,125,126,80],"product_tag":[],"yoast_head":"<!-- This site is optimized with the Yoast SEO plugin v22.2 - https:\/\/yoast.com\/wordpress\/plugins\/seo\/ -->\n<title>SERUM SHOT MULTI-PEPTIDEK Kezel\u00e9s arcra, nyakra \u00e9s dekolt\u00e1zsra 30ml - Eveline Cosmetics Magyarorsz\u00e1g<\/title>\n<meta name=\"robots\" content=\"index, follow, max-snippet:-1, max-image-preview:large, max-video-preview:-1\" \/>\n<link rel=\"canonical\" href=\"https:\/\/www.eveline.hu\/2016\/eveline-kozmetikumok-szepsegapolas\/szepsegapolas\/arcapolas\/serum-shot-multi-peptidek-arcszerum-30ml\/\" \/>\n<meta property=\"og:locale\" content=\"hu_HU\" \/>\n<meta property=\"og:type\" content=\"article\" \/>\n<meta property=\"og:title\" content=\"SERUM SHOT MULTI-PEPTIDEK Kezel\u00e9s arcra, nyakra \u00e9s dekolt\u00e1zsra 30ml - Eveline Cosmetics Magyarorsz\u00e1g\" \/>\n<meta property=\"og:description\" content=\"Szavid\u0151: 2026.08.19.!! ( 7997 Ft\/100ml ) Kollag\u00e9n, Ceramidok A finom vonalak \u00e9s r\u00e1ncok kit\u00f6lt\u00e9se. T\u00e1pl\u00e1l\u00e1s \u00e9s feszes\u00edt\u00e9s. FIATAL\u00cdT\u00d3 KEZEL\u00c9S arcra, nyakra \u00e9s dekolt\u00e1zsra. Aj\u00e1nl\u00e1s: \u00c9rett b\u0151r l\u00e1that\u00f3 \u00f6reged\u00e9si t\u00fcneteinek kezel\u00e9se: t\u00f6m\u00f6rs\u00e9g- \u00e9s rugalmass\u00e1gveszt\u00e9s, r\u00e1ncok \u00e9s finom vonalak. ALKALMAZ\u00c1S: 1. Minden [&hellip;]\" \/>\n<meta property=\"og:url\" content=\"https:\/\/www.eveline.hu\/2016\/eveline-kozmetikumok-szepsegapolas\/szepsegapolas\/arcapolas\/serum-shot-multi-peptidek-arcszerum-30ml\/\" \/>\n<meta property=\"og:site_name\" content=\"Eveline Cosmetics Magyarorsz\u00e1g\" \/>\n<meta property=\"article:modified_time\" content=\"2025-07-29T16:54:16+00:00\" \/>\n<meta property=\"og:image\" content=\"https:\/\/www.eveline.hu\/2016\/wp-content\/uploads\/2022\/08\/Serum_Shots_Peptidek.png\" \/>\n\t<meta property=\"og:image:width\" content=\"750\" \/>\n\t<meta property=\"og:image:height\" content=\"750\" \/>\n\t<meta property=\"og:image:type\" content=\"image\/png\" \/>\n<meta name=\"twitter:card\" content=\"summary_large_image\" \/>\n<meta name=\"twitter:label1\" content=\"Becs\u00fclt olvas\u00e1si id\u0151\" \/>\n\t<meta name=\"twitter:data1\" content=\"1 perc\" \/>\n<script type=\"application\/ld+json\" class=\"yoast-schema-graph\">{\"@context\":\"https:\/\/schema.org\",\"@graph\":[{\"@type\":\"WebPage\",\"@id\":\"https:\/\/www.eveline.hu\/2016\/eveline-kozmetikumok-szepsegapolas\/szepsegapolas\/arcapolas\/serum-shot-multi-peptidek-arcszerum-30ml\/\",\"url\":\"https:\/\/www.eveline.hu\/2016\/eveline-kozmetikumok-szepsegapolas\/szepsegapolas\/arcapolas\/serum-shot-multi-peptidek-arcszerum-30ml\/\",\"name\":\"SERUM SHOT MULTI-PEPTIDEK Kezel\u00e9s arcra, nyakra \u00e9s dekolt\u00e1zsra 30ml - Eveline Cosmetics Magyarorsz\u00e1g\",\"isPartOf\":{\"@id\":\"https:\/\/www.eveline.hu\/2016\/#website\"},\"primaryImageOfPage\":{\"@id\":\"https:\/\/www.eveline.hu\/2016\/eveline-kozmetikumok-szepsegapolas\/szepsegapolas\/arcapolas\/serum-shot-multi-peptidek-arcszerum-30ml\/#primaryimage\"},\"image\":{\"@id\":\"https:\/\/www.eveline.hu\/2016\/eveline-kozmetikumok-szepsegapolas\/szepsegapolas\/arcapolas\/serum-shot-multi-peptidek-arcszerum-30ml\/#primaryimage\"},\"thumbnailUrl\":\"https:\/\/www.eveline.hu\/2016\/wp-content\/uploads\/2022\/08\/Serum_Shots_Peptidek.png\",\"datePublished\":\"2022-08-01T13:22:40+00:00\",\"dateModified\":\"2025-07-29T16:54:16+00:00\",\"breadcrumb\":{\"@id\":\"https:\/\/www.eveline.hu\/2016\/eveline-kozmetikumok-szepsegapolas\/szepsegapolas\/arcapolas\/serum-shot-multi-peptidek-arcszerum-30ml\/#breadcrumb\"},\"inLanguage\":\"hu\",\"potentialAction\":[{\"@type\":\"ReadAction\",\"target\":[\"https:\/\/www.eveline.hu\/2016\/eveline-kozmetikumok-szepsegapolas\/szepsegapolas\/arcapolas\/serum-shot-multi-peptidek-arcszerum-30ml\/\"]}]},{\"@type\":\"ImageObject\",\"inLanguage\":\"hu\",\"@id\":\"https:\/\/www.eveline.hu\/2016\/eveline-kozmetikumok-szepsegapolas\/szepsegapolas\/arcapolas\/serum-shot-multi-peptidek-arcszerum-30ml\/#primaryimage\",\"url\":\"https:\/\/www.eveline.hu\/2016\/wp-content\/uploads\/2022\/08\/Serum_Shots_Peptidek.png\",\"contentUrl\":\"https:\/\/www.eveline.hu\/2016\/wp-content\/uploads\/2022\/08\/Serum_Shots_Peptidek.png\",\"width\":750,\"height\":750},{\"@type\":\"BreadcrumbList\",\"@id\":\"https:\/\/www.eveline.hu\/2016\/eveline-kozmetikumok-szepsegapolas\/szepsegapolas\/arcapolas\/serum-shot-multi-peptidek-arcszerum-30ml\/#breadcrumb\",\"itemListElement\":[{\"@type\":\"ListItem\",\"position\":1,\"name\":\"Home\",\"item\":\"https:\/\/www.eveline.hu\/2016\/\"},{\"@type\":\"ListItem\",\"position\":2,\"name\":\"Term\u00e9kek\",\"item\":\"https:\/\/www.eveline.hu\/2016\/shop\/\"},{\"@type\":\"ListItem\",\"position\":3,\"name\":\"SERUM SHOT MULTI-PEPTIDEK Kezel\u00e9s arcra, nyakra \u00e9s dekolt\u00e1zsra 30ml\"}]},{\"@type\":\"WebSite\",\"@id\":\"https:\/\/www.eveline.hu\/2016\/#website\",\"url\":\"https:\/\/www.eveline.hu\/2016\/\",\"name\":\"Eveline Cosmetics Magyarorsz\u00e1g\",\"description\":\"Min\u0151s\u00e9gi kozmetikumok Lengyelorsz\u00e1gb\u00f3l\",\"potentialAction\":[{\"@type\":\"SearchAction\",\"target\":{\"@type\":\"EntryPoint\",\"urlTemplate\":\"https:\/\/www.eveline.hu\/2016\/?s={search_term_string}\"},\"query-input\":\"required name=search_term_string\"}],\"inLanguage\":\"hu\"}]}<\/script>\n<!-- \/ Yoast SEO plugin. -->","yoast_head_json":{"title":"SERUM SHOT MULTI-PEPTIDEK Kezel\u00e9s arcra, nyakra \u00e9s dekolt\u00e1zsra 30ml - Eveline Cosmetics Magyarorsz\u00e1g","robots":{"index":"index","follow":"follow","max-snippet":"max-snippet:-1","max-image-preview":"max-image-preview:large","max-video-preview":"max-video-preview:-1"},"canonical":"https:\/\/www.eveline.hu\/2016\/eveline-kozmetikumok-szepsegapolas\/szepsegapolas\/arcapolas\/serum-shot-multi-peptidek-arcszerum-30ml\/","og_locale":"hu_HU","og_type":"article","og_title":"SERUM SHOT MULTI-PEPTIDEK Kezel\u00e9s arcra, nyakra \u00e9s dekolt\u00e1zsra 30ml - Eveline Cosmetics Magyarorsz\u00e1g","og_description":"Szavid\u0151: 2026.08.19.!! ( 7997 Ft\/100ml ) Kollag\u00e9n, Ceramidok A finom vonalak \u00e9s r\u00e1ncok kit\u00f6lt\u00e9se. T\u00e1pl\u00e1l\u00e1s \u00e9s feszes\u00edt\u00e9s. FIATAL\u00cdT\u00d3 KEZEL\u00c9S arcra, nyakra \u00e9s dekolt\u00e1zsra. Aj\u00e1nl\u00e1s: \u00c9rett b\u0151r l\u00e1that\u00f3 \u00f6reged\u00e9si t\u00fcneteinek kezel\u00e9se: t\u00f6m\u00f6rs\u00e9g- \u00e9s rugalmass\u00e1gveszt\u00e9s, r\u00e1ncok \u00e9s finom vonalak. ALKALMAZ\u00c1S: 1. Minden [&hellip;]","og_url":"https:\/\/www.eveline.hu\/2016\/eveline-kozmetikumok-szepsegapolas\/szepsegapolas\/arcapolas\/serum-shot-multi-peptidek-arcszerum-30ml\/","og_site_name":"Eveline Cosmetics Magyarorsz\u00e1g","article_modified_time":"2025-07-29T16:54:16+00:00","og_image":[{"width":750,"height":750,"url":"https:\/\/www.eveline.hu\/2016\/wp-content\/uploads\/2022\/08\/Serum_Shots_Peptidek.png","type":"image\/png"}],"twitter_card":"summary_large_image","twitter_misc":{"Becs\u00fclt olvas\u00e1si id\u0151":"1 perc"},"schema":{"@context":"https:\/\/schema.org","@graph":[{"@type":"WebPage","@id":"https:\/\/www.eveline.hu\/2016\/eveline-kozmetikumok-szepsegapolas\/szepsegapolas\/arcapolas\/serum-shot-multi-peptidek-arcszerum-30ml\/","url":"https:\/\/www.eveline.hu\/2016\/eveline-kozmetikumok-szepsegapolas\/szepsegapolas\/arcapolas\/serum-shot-multi-peptidek-arcszerum-30ml\/","name":"SERUM SHOT MULTI-PEPTIDEK Kezel\u00e9s arcra, nyakra \u00e9s dekolt\u00e1zsra 30ml - Eveline Cosmetics Magyarorsz\u00e1g","isPartOf":{"@id":"https:\/\/www.eveline.hu\/2016\/#website"},"primaryImageOfPage":{"@id":"https:\/\/www.eveline.hu\/2016\/eveline-kozmetikumok-szepsegapolas\/szepsegapolas\/arcapolas\/serum-shot-multi-peptidek-arcszerum-30ml\/#primaryimage"},"image":{"@id":"https:\/\/www.eveline.hu\/2016\/eveline-kozmetikumok-szepsegapolas\/szepsegapolas\/arcapolas\/serum-shot-multi-peptidek-arcszerum-30ml\/#primaryimage"},"thumbnailUrl":"https:\/\/www.eveline.hu\/2016\/wp-content\/uploads\/2022\/08\/Serum_Shots_Peptidek.png","datePublished":"2022-08-01T13:22:40+00:00","dateModified":"2025-07-29T16:54:16+00:00","breadcrumb":{"@id":"https:\/\/www.eveline.hu\/2016\/eveline-kozmetikumok-szepsegapolas\/szepsegapolas\/arcapolas\/serum-shot-multi-peptidek-arcszerum-30ml\/#breadcrumb"},"inLanguage":"hu","potentialAction":[{"@type":"ReadAction","target":["https:\/\/www.eveline.hu\/2016\/eveline-kozmetikumok-szepsegapolas\/szepsegapolas\/arcapolas\/serum-shot-multi-peptidek-arcszerum-30ml\/"]}]},{"@type":"ImageObject","inLanguage":"hu","@id":"https:\/\/www.eveline.hu\/2016\/eveline-kozmetikumok-szepsegapolas\/szepsegapolas\/arcapolas\/serum-shot-multi-peptidek-arcszerum-30ml\/#primaryimage","url":"https:\/\/www.eveline.hu\/2016\/wp-content\/uploads\/2022\/08\/Serum_Shots_Peptidek.png","contentUrl":"https:\/\/www.eveline.hu\/2016\/wp-content\/uploads\/2022\/08\/Serum_Shots_Peptidek.png","width":750,"height":750},{"@type":"BreadcrumbList","@id":"https:\/\/www.eveline.hu\/2016\/eveline-kozmetikumok-szepsegapolas\/szepsegapolas\/arcapolas\/serum-shot-multi-peptidek-arcszerum-30ml\/#breadcrumb","itemListElement":[{"@type":"ListItem","position":1,"name":"Home","item":"https:\/\/www.eveline.hu\/2016\/"},{"@type":"ListItem","position":2,"name":"Term\u00e9kek","item":"https:\/\/www.eveline.hu\/2016\/shop\/"},{"@type":"ListItem","position":3,"name":"SERUM SHOT MULTI-PEPTIDEK Kezel\u00e9s arcra, nyakra \u00e9s dekolt\u00e1zsra 30ml"}]},{"@type":"WebSite","@id":"https:\/\/www.eveline.hu\/2016\/#website","url":"https:\/\/www.eveline.hu\/2016\/","name":"Eveline Cosmetics Magyarorsz\u00e1g","description":"Min\u0151s\u00e9gi kozmetikumok Lengyelorsz\u00e1gb\u00f3l","potentialAction":[{"@type":"SearchAction","target":{"@type":"EntryPoint","urlTemplate":"https:\/\/www.eveline.hu\/2016\/?s={search_term_string}"},"query-input":"required name=search_term_string"}],"inLanguage":"hu"}]}},"_links":{"self":[{"href":"https:\/\/www.eveline.hu\/2016\/wp-json\/wp\/v2\/product\/28651"}],"collection":[{"href":"https:\/\/www.eveline.hu\/2016\/wp-json\/wp\/v2\/product"}],"about":[{"href":"https:\/\/www.eveline.hu\/2016\/wp-json\/wp\/v2\/types\/product"}],"replies":[{"embeddable":true,"href":"https:\/\/www.eveline.hu\/2016\/wp-json\/wp\/v2\/comments?post=28651"}],"wp:featuredmedia":[{"embeddable":true,"href":"https:\/\/www.eveline.hu\/2016\/wp-json\/wp\/v2\/media\/28653"}],"wp:attachment":[{"href":"https:\/\/www.eveline.hu\/2016\/wp-json\/wp\/v2\/media?parent=28651"}],"wp:term":[{"taxonomy":"product_cat","embeddable":true,"href":"https:\/\/www.eveline.hu\/2016\/wp-json\/wp\/v2\/product_cat?post=28651"},{"taxonomy":"product_tag","embeddable":true,"href":"https:\/\/www.eveline.hu\/2016\/wp-json\/wp\/v2\/product_tag?post=28651"}],"curies":[{"name":"wp","href":"https:\/\/api.w.org\/{rel}","templated":true}]}}