{"id":28647,"date":"2022-08-01T15:09:55","date_gmt":"2022-08-01T13:09:55","guid":{"rendered":"https:\/\/www.eveline.hu\/2016\/?post_type=product&#038;p=28647"},"modified":"2025-07-29T18:46:27","modified_gmt":"2025-07-29T16:46:27","slug":"peel-shot-15-glikolsav-kezeles-arcra-nyakra-es-dekoltazsra-30ml","status":"publish","type":"product","link":"https:\/\/www.eveline.hu\/2016\/eveline-kozmetikumok-szepsegapolas\/szepsegapolas\/arcapolas\/peel-shot-15-glikolsav-kezeles-arcra-nyakra-es-dekoltazsra-30ml\/","title":{"rendered":"PEEL SHOT 15% GLIKOLSAV Kezel\u00e9s arcra, nyakra \u00e9s dekolt\u00e1zsra 30ml"},"content":{"rendered":"<p>( 10997 Ft\/100ml )<\/p>\n<p>Gl\u00fckonolakton, Mandulasav<\/p>\n<p>Elsz\u00ednez\u0151d\u00e9sek \u00e9s r\u00e1ncok cs\u00f6kkent\u00e9se.<\/p>\n<p>15% GLIKOLSAVAS PEELING KEZEL\u00c9S arcra, nyakra \u00e9s dekolt\u00e1zsra.<\/p>\n<p><strong>Aj\u00e1nl\u00e1s<\/strong>: Minden b\u0151rt\u00edpusra, k\u00fcl\u00f6n\u00f6sen t\u00f6k\u00e9letlens\u00e9gekre \u00e9s egyenetlen t\u00f3nus\u00fa b\u0151rre.<\/p>\n<p>\u00c9rz\u00e9keny b\u0151r eset\u00e9n mindig v\u00e9gezzen allergia tesztet.<\/p>\n<p><strong>ALKALMAZ\u00c1S<\/strong>: 1. Hetente 2-3 alkalommal, este vigyen fel n\u00e9h\u00e1ny cseppet a b\u0151rre. 2. Ker\u00fclje a szem, ajak \u00e9s orr ter\u00fcleteit. 3. 5 perc eltelt\u00e9vel alaposan \u00f6bl\u00edtse le langyos v\u00edzzel. 4. A k\u00f6vetkez\u0151 napokban vigyen fel legal\u00e1bb 20-as f\u00e9nyv\u00e9d\u0151 kr\u00e9met.<\/p>\n<p><em>A kezel\u00e9s sor\u00e1n enyhe bizserg\u00e9s el\u0151fordulhat &#8211; ez norm\u00e1lis \u00e9rz\u00e9s a savakkal v\u00e9gzett kezel\u00e9sek sor\u00e1n.<\/em><\/p>\n<p>\u00f6sszetev\u0151k: Aqua (Water),Glycolic Acid,Sodium Hydroxide,Aloe Barbadensis Leaf Juice,Pentylene Glycol,1,2-Hexanediol,Mandelic Acid,Gluconolactone,Hyaluronic Acid,Salicylic Acid,Lactic Acid,Citric Acid,Malic Acid,Hydrolyzed Glycosaminoglycans,Calcium Gluconate,Hydroxyethylcellulose,Glycerin,Hydroxyacetophenone,Sodium Benzoate,Disodium Phosphate,Polysorbate 60,Sodium Phosphate<\/p>\n","protected":false},"excerpt":{"rendered":"<p>( 10997 Ft\/100ml ) Gl\u00fckonolakton, Mandulasav Elsz\u00ednez\u0151d\u00e9sek \u00e9s r\u00e1ncok cs\u00f6kkent\u00e9se. 15% GLIKOLSAVAS PEELING KEZEL\u00c9S arcra, nyakra \u00e9s dekolt\u00e1zsra. Aj\u00e1nl\u00e1s: Minden b\u0151rt\u00edpusra, k\u00fcl\u00f6n\u00f6sen t\u00f6k\u00e9letlens\u00e9gekre \u00e9s egyenetlen t\u00f3nus\u00fa b\u0151rre. \u00c9rz\u00e9keny b\u0151r eset\u00e9n mindig v\u00e9gezzen allergia tesztet. ALKALMAZ\u00c1S: 1. Hetente 2-3 alkalommal, este [&hellip;]<\/p>\n","protected":false},"featured_media":28648,"comment_status":"open","ping_status":"closed","template":"","meta":[],"product_cat":[301,125,126,80],"product_tag":[],"yoast_head":"<!-- This site is optimized with the Yoast SEO plugin v22.2 - https:\/\/yoast.com\/wordpress\/plugins\/seo\/ -->\n<title>PEEL SHOT 15% GLIKOLSAV Kezel\u00e9s arcra, nyakra \u00e9s dekolt\u00e1zsra 30ml - Eveline Cosmetics Magyarorsz\u00e1g<\/title>\n<meta name=\"robots\" content=\"index, follow, max-snippet:-1, max-image-preview:large, max-video-preview:-1\" \/>\n<link rel=\"canonical\" href=\"https:\/\/www.eveline.hu\/2016\/eveline-kozmetikumok-szepsegapolas\/szepsegapolas\/arcapolas\/peel-shot-15-glikolsav-kezeles-arcra-nyakra-es-dekoltazsra-30ml\/\" \/>\n<meta property=\"og:locale\" content=\"hu_HU\" \/>\n<meta property=\"og:type\" content=\"article\" \/>\n<meta property=\"og:title\" content=\"PEEL SHOT 15% GLIKOLSAV Kezel\u00e9s arcra, nyakra \u00e9s dekolt\u00e1zsra 30ml - Eveline Cosmetics Magyarorsz\u00e1g\" \/>\n<meta property=\"og:description\" content=\"( 10997 Ft\/100ml ) Gl\u00fckonolakton, Mandulasav Elsz\u00ednez\u0151d\u00e9sek \u00e9s r\u00e1ncok cs\u00f6kkent\u00e9se. 15% GLIKOLSAVAS PEELING KEZEL\u00c9S arcra, nyakra \u00e9s dekolt\u00e1zsra. Aj\u00e1nl\u00e1s: Minden b\u0151rt\u00edpusra, k\u00fcl\u00f6n\u00f6sen t\u00f6k\u00e9letlens\u00e9gekre \u00e9s egyenetlen t\u00f3nus\u00fa b\u0151rre. \u00c9rz\u00e9keny b\u0151r eset\u00e9n mindig v\u00e9gezzen allergia tesztet. ALKALMAZ\u00c1S: 1. Hetente 2-3 alkalommal, este [&hellip;]\" \/>\n<meta property=\"og:url\" content=\"https:\/\/www.eveline.hu\/2016\/eveline-kozmetikumok-szepsegapolas\/szepsegapolas\/arcapolas\/peel-shot-15-glikolsav-kezeles-arcra-nyakra-es-dekoltazsra-30ml\/\" \/>\n<meta property=\"og:site_name\" content=\"Eveline Cosmetics Magyarorsz\u00e1g\" \/>\n<meta property=\"article:modified_time\" content=\"2025-07-29T16:46:27+00:00\" \/>\n<meta property=\"og:image\" content=\"https:\/\/www.eveline.hu\/2016\/wp-content\/uploads\/2022\/08\/Serum_Shots_Glikolsav.png\" \/>\n\t<meta property=\"og:image:width\" content=\"750\" \/>\n\t<meta property=\"og:image:height\" content=\"750\" \/>\n\t<meta property=\"og:image:type\" content=\"image\/png\" \/>\n<meta name=\"twitter:card\" content=\"summary_large_image\" \/>\n<meta name=\"twitter:label1\" content=\"Becs\u00fclt olvas\u00e1si id\u0151\" \/>\n\t<meta name=\"twitter:data1\" content=\"1 perc\" \/>\n<script type=\"application\/ld+json\" class=\"yoast-schema-graph\">{\"@context\":\"https:\/\/schema.org\",\"@graph\":[{\"@type\":\"WebPage\",\"@id\":\"https:\/\/www.eveline.hu\/2016\/eveline-kozmetikumok-szepsegapolas\/szepsegapolas\/arcapolas\/peel-shot-15-glikolsav-kezeles-arcra-nyakra-es-dekoltazsra-30ml\/\",\"url\":\"https:\/\/www.eveline.hu\/2016\/eveline-kozmetikumok-szepsegapolas\/szepsegapolas\/arcapolas\/peel-shot-15-glikolsav-kezeles-arcra-nyakra-es-dekoltazsra-30ml\/\",\"name\":\"PEEL SHOT 15% GLIKOLSAV Kezel\u00e9s arcra, nyakra \u00e9s dekolt\u00e1zsra 30ml - Eveline Cosmetics Magyarorsz\u00e1g\",\"isPartOf\":{\"@id\":\"https:\/\/www.eveline.hu\/2016\/#website\"},\"primaryImageOfPage\":{\"@id\":\"https:\/\/www.eveline.hu\/2016\/eveline-kozmetikumok-szepsegapolas\/szepsegapolas\/arcapolas\/peel-shot-15-glikolsav-kezeles-arcra-nyakra-es-dekoltazsra-30ml\/#primaryimage\"},\"image\":{\"@id\":\"https:\/\/www.eveline.hu\/2016\/eveline-kozmetikumok-szepsegapolas\/szepsegapolas\/arcapolas\/peel-shot-15-glikolsav-kezeles-arcra-nyakra-es-dekoltazsra-30ml\/#primaryimage\"},\"thumbnailUrl\":\"https:\/\/www.eveline.hu\/2016\/wp-content\/uploads\/2022\/08\/Serum_Shots_Glikolsav.png\",\"datePublished\":\"2022-08-01T13:09:55+00:00\",\"dateModified\":\"2025-07-29T16:46:27+00:00\",\"breadcrumb\":{\"@id\":\"https:\/\/www.eveline.hu\/2016\/eveline-kozmetikumok-szepsegapolas\/szepsegapolas\/arcapolas\/peel-shot-15-glikolsav-kezeles-arcra-nyakra-es-dekoltazsra-30ml\/#breadcrumb\"},\"inLanguage\":\"hu\",\"potentialAction\":[{\"@type\":\"ReadAction\",\"target\":[\"https:\/\/www.eveline.hu\/2016\/eveline-kozmetikumok-szepsegapolas\/szepsegapolas\/arcapolas\/peel-shot-15-glikolsav-kezeles-arcra-nyakra-es-dekoltazsra-30ml\/\"]}]},{\"@type\":\"ImageObject\",\"inLanguage\":\"hu\",\"@id\":\"https:\/\/www.eveline.hu\/2016\/eveline-kozmetikumok-szepsegapolas\/szepsegapolas\/arcapolas\/peel-shot-15-glikolsav-kezeles-arcra-nyakra-es-dekoltazsra-30ml\/#primaryimage\",\"url\":\"https:\/\/www.eveline.hu\/2016\/wp-content\/uploads\/2022\/08\/Serum_Shots_Glikolsav.png\",\"contentUrl\":\"https:\/\/www.eveline.hu\/2016\/wp-content\/uploads\/2022\/08\/Serum_Shots_Glikolsav.png\",\"width\":750,\"height\":750},{\"@type\":\"BreadcrumbList\",\"@id\":\"https:\/\/www.eveline.hu\/2016\/eveline-kozmetikumok-szepsegapolas\/szepsegapolas\/arcapolas\/peel-shot-15-glikolsav-kezeles-arcra-nyakra-es-dekoltazsra-30ml\/#breadcrumb\",\"itemListElement\":[{\"@type\":\"ListItem\",\"position\":1,\"name\":\"Home\",\"item\":\"https:\/\/www.eveline.hu\/2016\/\"},{\"@type\":\"ListItem\",\"position\":2,\"name\":\"Term\u00e9kek\",\"item\":\"https:\/\/www.eveline.hu\/2016\/shop\/\"},{\"@type\":\"ListItem\",\"position\":3,\"name\":\"PEEL SHOT 15% GLIKOLSAV Kezel\u00e9s arcra, nyakra \u00e9s dekolt\u00e1zsra 30ml\"}]},{\"@type\":\"WebSite\",\"@id\":\"https:\/\/www.eveline.hu\/2016\/#website\",\"url\":\"https:\/\/www.eveline.hu\/2016\/\",\"name\":\"Eveline Cosmetics Magyarorsz\u00e1g\",\"description\":\"Min\u0151s\u00e9gi kozmetikumok Lengyelorsz\u00e1gb\u00f3l\",\"potentialAction\":[{\"@type\":\"SearchAction\",\"target\":{\"@type\":\"EntryPoint\",\"urlTemplate\":\"https:\/\/www.eveline.hu\/2016\/?s={search_term_string}\"},\"query-input\":\"required name=search_term_string\"}],\"inLanguage\":\"hu\"}]}<\/script>\n<!-- \/ Yoast SEO plugin. -->","yoast_head_json":{"title":"PEEL SHOT 15% GLIKOLSAV Kezel\u00e9s arcra, nyakra \u00e9s dekolt\u00e1zsra 30ml - Eveline Cosmetics Magyarorsz\u00e1g","robots":{"index":"index","follow":"follow","max-snippet":"max-snippet:-1","max-image-preview":"max-image-preview:large","max-video-preview":"max-video-preview:-1"},"canonical":"https:\/\/www.eveline.hu\/2016\/eveline-kozmetikumok-szepsegapolas\/szepsegapolas\/arcapolas\/peel-shot-15-glikolsav-kezeles-arcra-nyakra-es-dekoltazsra-30ml\/","og_locale":"hu_HU","og_type":"article","og_title":"PEEL SHOT 15% GLIKOLSAV Kezel\u00e9s arcra, nyakra \u00e9s dekolt\u00e1zsra 30ml - Eveline Cosmetics Magyarorsz\u00e1g","og_description":"( 10997 Ft\/100ml ) Gl\u00fckonolakton, Mandulasav Elsz\u00ednez\u0151d\u00e9sek \u00e9s r\u00e1ncok cs\u00f6kkent\u00e9se. 15% GLIKOLSAVAS PEELING KEZEL\u00c9S arcra, nyakra \u00e9s dekolt\u00e1zsra. Aj\u00e1nl\u00e1s: Minden b\u0151rt\u00edpusra, k\u00fcl\u00f6n\u00f6sen t\u00f6k\u00e9letlens\u00e9gekre \u00e9s egyenetlen t\u00f3nus\u00fa b\u0151rre. \u00c9rz\u00e9keny b\u0151r eset\u00e9n mindig v\u00e9gezzen allergia tesztet. ALKALMAZ\u00c1S: 1. Hetente 2-3 alkalommal, este [&hellip;]","og_url":"https:\/\/www.eveline.hu\/2016\/eveline-kozmetikumok-szepsegapolas\/szepsegapolas\/arcapolas\/peel-shot-15-glikolsav-kezeles-arcra-nyakra-es-dekoltazsra-30ml\/","og_site_name":"Eveline Cosmetics Magyarorsz\u00e1g","article_modified_time":"2025-07-29T16:46:27+00:00","og_image":[{"width":750,"height":750,"url":"https:\/\/www.eveline.hu\/2016\/wp-content\/uploads\/2022\/08\/Serum_Shots_Glikolsav.png","type":"image\/png"}],"twitter_card":"summary_large_image","twitter_misc":{"Becs\u00fclt olvas\u00e1si id\u0151":"1 perc"},"schema":{"@context":"https:\/\/schema.org","@graph":[{"@type":"WebPage","@id":"https:\/\/www.eveline.hu\/2016\/eveline-kozmetikumok-szepsegapolas\/szepsegapolas\/arcapolas\/peel-shot-15-glikolsav-kezeles-arcra-nyakra-es-dekoltazsra-30ml\/","url":"https:\/\/www.eveline.hu\/2016\/eveline-kozmetikumok-szepsegapolas\/szepsegapolas\/arcapolas\/peel-shot-15-glikolsav-kezeles-arcra-nyakra-es-dekoltazsra-30ml\/","name":"PEEL SHOT 15% GLIKOLSAV Kezel\u00e9s arcra, nyakra \u00e9s dekolt\u00e1zsra 30ml - Eveline Cosmetics Magyarorsz\u00e1g","isPartOf":{"@id":"https:\/\/www.eveline.hu\/2016\/#website"},"primaryImageOfPage":{"@id":"https:\/\/www.eveline.hu\/2016\/eveline-kozmetikumok-szepsegapolas\/szepsegapolas\/arcapolas\/peel-shot-15-glikolsav-kezeles-arcra-nyakra-es-dekoltazsra-30ml\/#primaryimage"},"image":{"@id":"https:\/\/www.eveline.hu\/2016\/eveline-kozmetikumok-szepsegapolas\/szepsegapolas\/arcapolas\/peel-shot-15-glikolsav-kezeles-arcra-nyakra-es-dekoltazsra-30ml\/#primaryimage"},"thumbnailUrl":"https:\/\/www.eveline.hu\/2016\/wp-content\/uploads\/2022\/08\/Serum_Shots_Glikolsav.png","datePublished":"2022-08-01T13:09:55+00:00","dateModified":"2025-07-29T16:46:27+00:00","breadcrumb":{"@id":"https:\/\/www.eveline.hu\/2016\/eveline-kozmetikumok-szepsegapolas\/szepsegapolas\/arcapolas\/peel-shot-15-glikolsav-kezeles-arcra-nyakra-es-dekoltazsra-30ml\/#breadcrumb"},"inLanguage":"hu","potentialAction":[{"@type":"ReadAction","target":["https:\/\/www.eveline.hu\/2016\/eveline-kozmetikumok-szepsegapolas\/szepsegapolas\/arcapolas\/peel-shot-15-glikolsav-kezeles-arcra-nyakra-es-dekoltazsra-30ml\/"]}]},{"@type":"ImageObject","inLanguage":"hu","@id":"https:\/\/www.eveline.hu\/2016\/eveline-kozmetikumok-szepsegapolas\/szepsegapolas\/arcapolas\/peel-shot-15-glikolsav-kezeles-arcra-nyakra-es-dekoltazsra-30ml\/#primaryimage","url":"https:\/\/www.eveline.hu\/2016\/wp-content\/uploads\/2022\/08\/Serum_Shots_Glikolsav.png","contentUrl":"https:\/\/www.eveline.hu\/2016\/wp-content\/uploads\/2022\/08\/Serum_Shots_Glikolsav.png","width":750,"height":750},{"@type":"BreadcrumbList","@id":"https:\/\/www.eveline.hu\/2016\/eveline-kozmetikumok-szepsegapolas\/szepsegapolas\/arcapolas\/peel-shot-15-glikolsav-kezeles-arcra-nyakra-es-dekoltazsra-30ml\/#breadcrumb","itemListElement":[{"@type":"ListItem","position":1,"name":"Home","item":"https:\/\/www.eveline.hu\/2016\/"},{"@type":"ListItem","position":2,"name":"Term\u00e9kek","item":"https:\/\/www.eveline.hu\/2016\/shop\/"},{"@type":"ListItem","position":3,"name":"PEEL SHOT 15% GLIKOLSAV Kezel\u00e9s arcra, nyakra \u00e9s dekolt\u00e1zsra 30ml"}]},{"@type":"WebSite","@id":"https:\/\/www.eveline.hu\/2016\/#website","url":"https:\/\/www.eveline.hu\/2016\/","name":"Eveline Cosmetics Magyarorsz\u00e1g","description":"Min\u0151s\u00e9gi kozmetikumok Lengyelorsz\u00e1gb\u00f3l","potentialAction":[{"@type":"SearchAction","target":{"@type":"EntryPoint","urlTemplate":"https:\/\/www.eveline.hu\/2016\/?s={search_term_string}"},"query-input":"required name=search_term_string"}],"inLanguage":"hu"}]}},"_links":{"self":[{"href":"https:\/\/www.eveline.hu\/2016\/wp-json\/wp\/v2\/product\/28647"}],"collection":[{"href":"https:\/\/www.eveline.hu\/2016\/wp-json\/wp\/v2\/product"}],"about":[{"href":"https:\/\/www.eveline.hu\/2016\/wp-json\/wp\/v2\/types\/product"}],"replies":[{"embeddable":true,"href":"https:\/\/www.eveline.hu\/2016\/wp-json\/wp\/v2\/comments?post=28647"}],"wp:featuredmedia":[{"embeddable":true,"href":"https:\/\/www.eveline.hu\/2016\/wp-json\/wp\/v2\/media\/28648"}],"wp:attachment":[{"href":"https:\/\/www.eveline.hu\/2016\/wp-json\/wp\/v2\/media?parent=28647"}],"wp:term":[{"taxonomy":"product_cat","embeddable":true,"href":"https:\/\/www.eveline.hu\/2016\/wp-json\/wp\/v2\/product_cat?post=28647"},{"taxonomy":"product_tag","embeddable":true,"href":"https:\/\/www.eveline.hu\/2016\/wp-json\/wp\/v2\/product_tag?post=28647"}],"curies":[{"name":"wp","href":"https:\/\/api.w.org\/{rel}","templated":true}]}}