{"id":28645,"date":"2022-08-01T14:54:28","date_gmt":"2022-08-01T12:54:28","guid":{"rendered":"https:\/\/www.eveline.hu\/2016\/?post_type=product&#038;p=28645"},"modified":"2025-01-31T09:22:04","modified_gmt":"2025-01-31T08:22:04","slug":"serum-shot-5-koffein-arcszerum","status":"publish","type":"product","link":"https:\/\/www.eveline.hu\/2016\/eveline-kozmetikumok-szepsegapolas\/szepsegapolas\/arcapolas\/serum-shot-5-koffein-arcszerum\/","title":{"rendered":"SERUM SHOT 5% Koffein Kezel\u00e9s szemk\u00f6rny\u00e9kre 30ml"},"content":{"rendered":"<p>( 10997 Ft\/100ml )<\/p>\n<p>Hialuronsav, C+Cg vitamin<\/p>\n<p>Szemk\u00f6rny\u00e9k m\u00e9ly hidrat\u00e1l\u00e1sa.<\/p>\n<p>\u201e Szarkal\u00e1bak\u201d \u00e9s a f\u00e1radts\u00e1g t\u00fcneteinek cs\u00f6kkent\u00e9se.<\/p>\n<p>5% KOFFEIN KOMPLEX \u00e9l\u00e9nk\u00edt\u0151 kezel\u00e9s a szemk\u00f6rny\u00e9ki b\u0151rnek.<\/p>\n<p><strong>Aj\u00e1nl\u00e1s<\/strong>: V\u00e9kony, f\u00e9ny\u00e9t \u00e9s rugalmass\u00e1g\u00e1t vesztett szemk\u00f6rny\u00e9ki b\u0151rre. Az \u00f6reged\u00e9s \u00e9s a f\u00e1radts\u00e1g l\u00e1that\u00f3 t\u00fcneteire. A s\u00f6t\u00e9t karik\u00e1kra, duzzanatokra\u00a0 &#8222;t\u00e1sk\u00e1k&#8221;, szarkal\u00e1bakra val\u00f3 hajlam eset\u00e9n.<\/p>\n<p><strong>ALKALMAZ\u00c1S<\/strong>: 1. Reggel \u00e9s\/vagy este vigyen fel n\u00e9h\u00e1ny csepp sz\u00e9rumot a tiszta szemk\u00f6rny\u00e9ki b\u0151rre \u00e9s a szemh\u00e9jra. 2. V\u00e9gezzen gyeng\u00e9d massz\u00e1zst. 3. Vigyen fel egy szemk\u00f6rny\u00e9k\u00e1pol\u00f3 kr\u00e9met. 4. A legjobb eredm\u00e9ny \u00e9rdek\u00e9ben haszn\u00e1lat el\u0151tt h\u0171tse le a sz\u00e9rumot h\u0171t\u0151szekr\u00e9nyben.<\/p>\n<p>\u00f6sszetev\u0151k: Aqua (Water),Caprylic\/Capric Triglyceride,Glycerin,Caffeine,Maltodextrin,Ethylhexyl Stearate,Isopropyl Palmitate,Tripelargonin,Propanediol,Betaine,Ascorbyl Glucoside,Ascorbyl Tetraisopalmitate,Ceramide NG,Palmitoyl Hexapeptide-12,Simmondsia Chinensis Seed Oil,Sodium Hyaluronate,C12-15 Alkyl Benzoate,Lauryl Glucoside,Tribehenin,Pentaerythrityl Distearate,Polyglyceryl-2-Dipolyhydroxystearate,Butyrospermum Parkii Butter,Tocopheryl Acetate,Phenoxyethanol,Potassium Cetyl Phosphate,Xanthan Gum,Sodium Carbomer,Hydroxyacetophenone,Ethylhexylglycerin,Hydroxyethylcellulose,Disodium EDTA,Citric Acid,Lactic Acid,Parfum (Fragrance),CI 15985<\/p>\n","protected":false},"excerpt":{"rendered":"<p>( 10997 Ft\/100ml ) Hialuronsav, C+Cg vitamin Szemk\u00f6rny\u00e9k m\u00e9ly hidrat\u00e1l\u00e1sa. \u201e Szarkal\u00e1bak\u201d \u00e9s a f\u00e1radts\u00e1g t\u00fcneteinek cs\u00f6kkent\u00e9se. 5% KOFFEIN KOMPLEX \u00e9l\u00e9nk\u00edt\u0151 kezel\u00e9s a szemk\u00f6rny\u00e9ki b\u0151rnek. Aj\u00e1nl\u00e1s: V\u00e9kony, f\u00e9ny\u00e9t \u00e9s rugalmass\u00e1g\u00e1t vesztett szemk\u00f6rny\u00e9ki b\u0151rre. Az \u00f6reged\u00e9s \u00e9s a f\u00e1radts\u00e1g l\u00e1that\u00f3 t\u00fcneteire. [&hellip;]<\/p>\n","protected":false},"featured_media":28646,"comment_status":"open","ping_status":"closed","template":"","meta":[],"product_cat":[301,125,126,80],"product_tag":[],"yoast_head":"<!-- This site is optimized with the Yoast SEO plugin v22.2 - https:\/\/yoast.com\/wordpress\/plugins\/seo\/ -->\n<title>SERUM SHOT 5% Koffein Kezel\u00e9s szemk\u00f6rny\u00e9kre 30ml - Eveline Cosmetics Magyarorsz\u00e1g<\/title>\n<meta name=\"robots\" content=\"index, follow, max-snippet:-1, max-image-preview:large, max-video-preview:-1\" \/>\n<link rel=\"canonical\" href=\"https:\/\/www.eveline.hu\/2016\/eveline-kozmetikumok-szepsegapolas\/szepsegapolas\/arcapolas\/serum-shot-5-koffein-arcszerum\/\" \/>\n<meta property=\"og:locale\" content=\"hu_HU\" \/>\n<meta property=\"og:type\" content=\"article\" \/>\n<meta property=\"og:title\" content=\"SERUM SHOT 5% Koffein Kezel\u00e9s szemk\u00f6rny\u00e9kre 30ml - Eveline Cosmetics Magyarorsz\u00e1g\" \/>\n<meta property=\"og:description\" content=\"( 10997 Ft\/100ml ) Hialuronsav, C+Cg vitamin Szemk\u00f6rny\u00e9k m\u00e9ly hidrat\u00e1l\u00e1sa. \u201e Szarkal\u00e1bak\u201d \u00e9s a f\u00e1radts\u00e1g t\u00fcneteinek cs\u00f6kkent\u00e9se. 5% KOFFEIN KOMPLEX \u00e9l\u00e9nk\u00edt\u0151 kezel\u00e9s a szemk\u00f6rny\u00e9ki b\u0151rnek. Aj\u00e1nl\u00e1s: V\u00e9kony, f\u00e9ny\u00e9t \u00e9s rugalmass\u00e1g\u00e1t vesztett szemk\u00f6rny\u00e9ki b\u0151rre. Az \u00f6reged\u00e9s \u00e9s a f\u00e1radts\u00e1g l\u00e1that\u00f3 t\u00fcneteire. [&hellip;]\" \/>\n<meta property=\"og:url\" content=\"https:\/\/www.eveline.hu\/2016\/eveline-kozmetikumok-szepsegapolas\/szepsegapolas\/arcapolas\/serum-shot-5-koffein-arcszerum\/\" \/>\n<meta property=\"og:site_name\" content=\"Eveline Cosmetics Magyarorsz\u00e1g\" \/>\n<meta property=\"article:modified_time\" content=\"2025-01-31T08:22:04+00:00\" \/>\n<meta property=\"og:image\" content=\"https:\/\/www.eveline.hu\/2016\/wp-content\/uploads\/2022\/08\/Serum_Shots_Koffein.png\" \/>\n\t<meta property=\"og:image:width\" content=\"750\" \/>\n\t<meta property=\"og:image:height\" content=\"750\" \/>\n\t<meta property=\"og:image:type\" content=\"image\/png\" \/>\n<meta name=\"twitter:card\" content=\"summary_large_image\" \/>\n<meta name=\"twitter:label1\" content=\"Becs\u00fclt olvas\u00e1si id\u0151\" \/>\n\t<meta name=\"twitter:data1\" content=\"1 perc\" \/>\n<script type=\"application\/ld+json\" class=\"yoast-schema-graph\">{\"@context\":\"https:\/\/schema.org\",\"@graph\":[{\"@type\":\"WebPage\",\"@id\":\"https:\/\/www.eveline.hu\/2016\/eveline-kozmetikumok-szepsegapolas\/szepsegapolas\/arcapolas\/serum-shot-5-koffein-arcszerum\/\",\"url\":\"https:\/\/www.eveline.hu\/2016\/eveline-kozmetikumok-szepsegapolas\/szepsegapolas\/arcapolas\/serum-shot-5-koffein-arcszerum\/\",\"name\":\"SERUM SHOT 5% Koffein Kezel\u00e9s szemk\u00f6rny\u00e9kre 30ml - Eveline Cosmetics Magyarorsz\u00e1g\",\"isPartOf\":{\"@id\":\"https:\/\/www.eveline.hu\/2016\/#website\"},\"primaryImageOfPage\":{\"@id\":\"https:\/\/www.eveline.hu\/2016\/eveline-kozmetikumok-szepsegapolas\/szepsegapolas\/arcapolas\/serum-shot-5-koffein-arcszerum\/#primaryimage\"},\"image\":{\"@id\":\"https:\/\/www.eveline.hu\/2016\/eveline-kozmetikumok-szepsegapolas\/szepsegapolas\/arcapolas\/serum-shot-5-koffein-arcszerum\/#primaryimage\"},\"thumbnailUrl\":\"https:\/\/www.eveline.hu\/2016\/wp-content\/uploads\/2022\/08\/Serum_Shots_Koffein.png\",\"datePublished\":\"2022-08-01T12:54:28+00:00\",\"dateModified\":\"2025-01-31T08:22:04+00:00\",\"breadcrumb\":{\"@id\":\"https:\/\/www.eveline.hu\/2016\/eveline-kozmetikumok-szepsegapolas\/szepsegapolas\/arcapolas\/serum-shot-5-koffein-arcszerum\/#breadcrumb\"},\"inLanguage\":\"hu\",\"potentialAction\":[{\"@type\":\"ReadAction\",\"target\":[\"https:\/\/www.eveline.hu\/2016\/eveline-kozmetikumok-szepsegapolas\/szepsegapolas\/arcapolas\/serum-shot-5-koffein-arcszerum\/\"]}]},{\"@type\":\"ImageObject\",\"inLanguage\":\"hu\",\"@id\":\"https:\/\/www.eveline.hu\/2016\/eveline-kozmetikumok-szepsegapolas\/szepsegapolas\/arcapolas\/serum-shot-5-koffein-arcszerum\/#primaryimage\",\"url\":\"https:\/\/www.eveline.hu\/2016\/wp-content\/uploads\/2022\/08\/Serum_Shots_Koffein.png\",\"contentUrl\":\"https:\/\/www.eveline.hu\/2016\/wp-content\/uploads\/2022\/08\/Serum_Shots_Koffein.png\",\"width\":750,\"height\":750},{\"@type\":\"BreadcrumbList\",\"@id\":\"https:\/\/www.eveline.hu\/2016\/eveline-kozmetikumok-szepsegapolas\/szepsegapolas\/arcapolas\/serum-shot-5-koffein-arcszerum\/#breadcrumb\",\"itemListElement\":[{\"@type\":\"ListItem\",\"position\":1,\"name\":\"Home\",\"item\":\"https:\/\/www.eveline.hu\/2016\/\"},{\"@type\":\"ListItem\",\"position\":2,\"name\":\"Term\u00e9kek\",\"item\":\"https:\/\/www.eveline.hu\/2016\/shop\/\"},{\"@type\":\"ListItem\",\"position\":3,\"name\":\"SERUM SHOT 5% Koffein Kezel\u00e9s szemk\u00f6rny\u00e9kre 30ml\"}]},{\"@type\":\"WebSite\",\"@id\":\"https:\/\/www.eveline.hu\/2016\/#website\",\"url\":\"https:\/\/www.eveline.hu\/2016\/\",\"name\":\"Eveline Cosmetics Magyarorsz\u00e1g\",\"description\":\"Min\u0151s\u00e9gi kozmetikumok Lengyelorsz\u00e1gb\u00f3l\",\"potentialAction\":[{\"@type\":\"SearchAction\",\"target\":{\"@type\":\"EntryPoint\",\"urlTemplate\":\"https:\/\/www.eveline.hu\/2016\/?s={search_term_string}\"},\"query-input\":\"required name=search_term_string\"}],\"inLanguage\":\"hu\"}]}<\/script>\n<!-- \/ Yoast SEO plugin. -->","yoast_head_json":{"title":"SERUM SHOT 5% Koffein Kezel\u00e9s szemk\u00f6rny\u00e9kre 30ml - Eveline Cosmetics Magyarorsz\u00e1g","robots":{"index":"index","follow":"follow","max-snippet":"max-snippet:-1","max-image-preview":"max-image-preview:large","max-video-preview":"max-video-preview:-1"},"canonical":"https:\/\/www.eveline.hu\/2016\/eveline-kozmetikumok-szepsegapolas\/szepsegapolas\/arcapolas\/serum-shot-5-koffein-arcszerum\/","og_locale":"hu_HU","og_type":"article","og_title":"SERUM SHOT 5% Koffein Kezel\u00e9s szemk\u00f6rny\u00e9kre 30ml - Eveline Cosmetics Magyarorsz\u00e1g","og_description":"( 10997 Ft\/100ml ) Hialuronsav, C+Cg vitamin Szemk\u00f6rny\u00e9k m\u00e9ly hidrat\u00e1l\u00e1sa. \u201e Szarkal\u00e1bak\u201d \u00e9s a f\u00e1radts\u00e1g t\u00fcneteinek cs\u00f6kkent\u00e9se. 5% KOFFEIN KOMPLEX \u00e9l\u00e9nk\u00edt\u0151 kezel\u00e9s a szemk\u00f6rny\u00e9ki b\u0151rnek. Aj\u00e1nl\u00e1s: V\u00e9kony, f\u00e9ny\u00e9t \u00e9s rugalmass\u00e1g\u00e1t vesztett szemk\u00f6rny\u00e9ki b\u0151rre. Az \u00f6reged\u00e9s \u00e9s a f\u00e1radts\u00e1g l\u00e1that\u00f3 t\u00fcneteire. [&hellip;]","og_url":"https:\/\/www.eveline.hu\/2016\/eveline-kozmetikumok-szepsegapolas\/szepsegapolas\/arcapolas\/serum-shot-5-koffein-arcszerum\/","og_site_name":"Eveline Cosmetics Magyarorsz\u00e1g","article_modified_time":"2025-01-31T08:22:04+00:00","og_image":[{"width":750,"height":750,"url":"https:\/\/www.eveline.hu\/2016\/wp-content\/uploads\/2022\/08\/Serum_Shots_Koffein.png","type":"image\/png"}],"twitter_card":"summary_large_image","twitter_misc":{"Becs\u00fclt olvas\u00e1si id\u0151":"1 perc"},"schema":{"@context":"https:\/\/schema.org","@graph":[{"@type":"WebPage","@id":"https:\/\/www.eveline.hu\/2016\/eveline-kozmetikumok-szepsegapolas\/szepsegapolas\/arcapolas\/serum-shot-5-koffein-arcszerum\/","url":"https:\/\/www.eveline.hu\/2016\/eveline-kozmetikumok-szepsegapolas\/szepsegapolas\/arcapolas\/serum-shot-5-koffein-arcszerum\/","name":"SERUM SHOT 5% Koffein Kezel\u00e9s szemk\u00f6rny\u00e9kre 30ml - Eveline Cosmetics Magyarorsz\u00e1g","isPartOf":{"@id":"https:\/\/www.eveline.hu\/2016\/#website"},"primaryImageOfPage":{"@id":"https:\/\/www.eveline.hu\/2016\/eveline-kozmetikumok-szepsegapolas\/szepsegapolas\/arcapolas\/serum-shot-5-koffein-arcszerum\/#primaryimage"},"image":{"@id":"https:\/\/www.eveline.hu\/2016\/eveline-kozmetikumok-szepsegapolas\/szepsegapolas\/arcapolas\/serum-shot-5-koffein-arcszerum\/#primaryimage"},"thumbnailUrl":"https:\/\/www.eveline.hu\/2016\/wp-content\/uploads\/2022\/08\/Serum_Shots_Koffein.png","datePublished":"2022-08-01T12:54:28+00:00","dateModified":"2025-01-31T08:22:04+00:00","breadcrumb":{"@id":"https:\/\/www.eveline.hu\/2016\/eveline-kozmetikumok-szepsegapolas\/szepsegapolas\/arcapolas\/serum-shot-5-koffein-arcszerum\/#breadcrumb"},"inLanguage":"hu","potentialAction":[{"@type":"ReadAction","target":["https:\/\/www.eveline.hu\/2016\/eveline-kozmetikumok-szepsegapolas\/szepsegapolas\/arcapolas\/serum-shot-5-koffein-arcszerum\/"]}]},{"@type":"ImageObject","inLanguage":"hu","@id":"https:\/\/www.eveline.hu\/2016\/eveline-kozmetikumok-szepsegapolas\/szepsegapolas\/arcapolas\/serum-shot-5-koffein-arcszerum\/#primaryimage","url":"https:\/\/www.eveline.hu\/2016\/wp-content\/uploads\/2022\/08\/Serum_Shots_Koffein.png","contentUrl":"https:\/\/www.eveline.hu\/2016\/wp-content\/uploads\/2022\/08\/Serum_Shots_Koffein.png","width":750,"height":750},{"@type":"BreadcrumbList","@id":"https:\/\/www.eveline.hu\/2016\/eveline-kozmetikumok-szepsegapolas\/szepsegapolas\/arcapolas\/serum-shot-5-koffein-arcszerum\/#breadcrumb","itemListElement":[{"@type":"ListItem","position":1,"name":"Home","item":"https:\/\/www.eveline.hu\/2016\/"},{"@type":"ListItem","position":2,"name":"Term\u00e9kek","item":"https:\/\/www.eveline.hu\/2016\/shop\/"},{"@type":"ListItem","position":3,"name":"SERUM SHOT 5% Koffein Kezel\u00e9s szemk\u00f6rny\u00e9kre 30ml"}]},{"@type":"WebSite","@id":"https:\/\/www.eveline.hu\/2016\/#website","url":"https:\/\/www.eveline.hu\/2016\/","name":"Eveline Cosmetics Magyarorsz\u00e1g","description":"Min\u0151s\u00e9gi kozmetikumok Lengyelorsz\u00e1gb\u00f3l","potentialAction":[{"@type":"SearchAction","target":{"@type":"EntryPoint","urlTemplate":"https:\/\/www.eveline.hu\/2016\/?s={search_term_string}"},"query-input":"required name=search_term_string"}],"inLanguage":"hu"}]}},"_links":{"self":[{"href":"https:\/\/www.eveline.hu\/2016\/wp-json\/wp\/v2\/product\/28645"}],"collection":[{"href":"https:\/\/www.eveline.hu\/2016\/wp-json\/wp\/v2\/product"}],"about":[{"href":"https:\/\/www.eveline.hu\/2016\/wp-json\/wp\/v2\/types\/product"}],"replies":[{"embeddable":true,"href":"https:\/\/www.eveline.hu\/2016\/wp-json\/wp\/v2\/comments?post=28645"}],"wp:featuredmedia":[{"embeddable":true,"href":"https:\/\/www.eveline.hu\/2016\/wp-json\/wp\/v2\/media\/28646"}],"wp:attachment":[{"href":"https:\/\/www.eveline.hu\/2016\/wp-json\/wp\/v2\/media?parent=28645"}],"wp:term":[{"taxonomy":"product_cat","embeddable":true,"href":"https:\/\/www.eveline.hu\/2016\/wp-json\/wp\/v2\/product_cat?post=28645"},{"taxonomy":"product_tag","embeddable":true,"href":"https:\/\/www.eveline.hu\/2016\/wp-json\/wp\/v2\/product_tag?post=28645"}],"curies":[{"name":"wp","href":"https:\/\/api.w.org\/{rel}","templated":true}]}}