{"id":28423,"date":"2022-05-24T09:18:56","date_gmt":"2022-05-24T07:18:56","guid":{"rendered":"https:\/\/www.eveline.hu\/2016\/?post_type=product&#038;p=28423"},"modified":"2022-12-28T15:14:06","modified_gmt":"2022-12-28T14:14:06","slug":"variete-fenyvisszavero-puder-6gr","status":"publish","type":"product","link":"https:\/\/www.eveline.hu\/2016\/eveline-kozmetikumok-szepsegapolas\/smink\/arc\/puderek\/variete-fenyvisszavero-puder-6gr\/","title":{"rendered":"VARI\u00c9T\u00c9 F\u00e9nyvisszaver\u0151 p\u00fader 6gr"},"content":{"rendered":"<p><span class=\"VIiyi\" lang=\"hu\"><span class=\"JLqJ4b ChMk0b\" data-language-for-alternatives=\"hu\" data-language-to-translate-into=\"pl\" data-phrase-index=\"0\" data-number-of-phrases=\"7\"><span class=\"Q4iAWc\">A p\u00fader nagyon k\u00f6nny\u0171 formul\u00e1ja t\u00f6k\u00e9letesen r\u00f6gz\u00edti a sminket, mik\u00f6zben optikailag kisim\u00edtja a finom vonalakat \u00e9s vil\u00e1gos\u00edtja a b\u0151rt.<\/span><\/span> <\/span><\/p>\n<p><span class=\"VIiyi\" lang=\"hu\"><span class=\"JLqJ4b ChMk0b\" data-language-for-alternatives=\"hu\" data-language-to-translate-into=\"pl\" data-phrase-index=\"1\" data-number-of-phrases=\"7\"><span class=\"Q4iAWc\">\u00c1tl\u00e1tsz\u00f3 sz\u00edn\u00e9nek k\u00f6sz\u00f6nhet\u0151en b\u00e1rmilyen b\u0151rt\u00f3nushoz t\u00f6k\u00e9letesen illeszkedik.<\/span><\/span> <\/span><\/p>\n<p><span class=\"VIiyi\" lang=\"hu\"><span class=\"JLqJ4b ChMk0b\" data-language-for-alternatives=\"hu\" data-language-to-translate-into=\"pl\" data-phrase-index=\"2\" data-number-of-phrases=\"7\"><span class=\"Q4iAWc\">A kozmetikum formul\u00e1ja 86%-ban tartalmaz \u00e1sv\u00e1nyi pigmenteket, amelyek sz\u00e9toszlatj\u00e1k a f\u00e9nyt, \u00edgy a &#8222;l\u00e1gy f\u00f3kusz&#8221; hat\u00e1s\u00e1t keltik!<\/span><\/span> <\/span><\/p>\n<p><span class=\"VIiyi\" lang=\"hu\"><span class=\"JLqJ4b ChMk0b\" data-language-for-alternatives=\"hu\" data-language-to-translate-into=\"pl\" data-phrase-index=\"3\" data-number-of-phrases=\"7\"><span class=\"Q4iAWc\">A hialuronsav hozz\u00e1ad\u00e1sa megakad\u00e1lyozza a b\u0151r kisz\u00e1rad\u00e1s\u00e1t.<\/span><\/span> <span class=\"JLqJ4b ChMk0b\" data-language-for-alternatives=\"hu\" data-language-to-translate-into=\"pl\" data-phrase-index=\"4\" data-number-of-phrases=\"7\"><span class=\"Q4iAWc\">Alkalmaz\u00e1sa ut\u00e1n a b\u0151r selymes \u00e9s kellemesen sima lesz.<\/span><\/span> <\/span><\/p>\n<p><span class=\"VIiyi\" lang=\"hu\"><span class=\"JLqJ4b ChMk0b\" data-language-for-alternatives=\"hu\" data-language-to-translate-into=\"pl\" data-phrase-index=\"6\" data-number-of-phrases=\"7\"><span class=\"Q4iAWc\">A Vari\u00e9t\u00e9 p\u00fader t\u00f6k\u00e9letes megold\u00e1s a meleg napokra!<\/span><\/span><\/span><\/p>\n<p>\u00d6sszetev\u0151k: Talc, Mica, Aluminum Starch Octenylsuccinate, Silica, Zinc Stearate, Phenoxyethanol , Paraffinum Liquidum, Parfum, Sodium Hyaluronate, Ethylhexylglycerin, Aqua (Water), PEG-8 Caprylic\/Capric Glycerides, Octyldodeceth-25, Propylene Glycol, Decylene Glycol, CI 77891, CI 19140, CI 45410.<\/p>\n","protected":false},"excerpt":{"rendered":"<p>A p\u00fader nagyon k\u00f6nny\u0171 formul\u00e1ja t\u00f6k\u00e9letesen r\u00f6gz\u00edti a sminket, mik\u00f6zben optikailag kisim\u00edtja a finom vonalakat \u00e9s vil\u00e1gos\u00edtja a b\u0151rt. \u00c1tl\u00e1tsz\u00f3 sz\u00edn\u00e9nek k\u00f6sz\u00f6nhet\u0151en b\u00e1rmilyen b\u0151rt\u00f3nushoz t\u00f6k\u00e9letesen illeszkedik. A kozmetikum formul\u00e1ja 86%-ban tartalmaz \u00e1sv\u00e1nyi pigmenteket, amelyek sz\u00e9toszlatj\u00e1k a f\u00e9nyt, \u00edgy a &#8222;l\u00e1gy [&hellip;]<\/p>\n","protected":false},"featured_media":28424,"comment_status":"open","ping_status":"closed","template":"","meta":[],"product_cat":[130,131,143],"product_tag":[],"yoast_head":"<!-- This site is optimized with the Yoast SEO plugin v22.2 - https:\/\/yoast.com\/wordpress\/plugins\/seo\/ -->\n<title>VARI\u00c9T\u00c9 F\u00e9nyvisszaver\u0151 p\u00fader 6gr - Eveline Cosmetics Magyarorsz\u00e1g<\/title>\n<meta name=\"robots\" content=\"index, follow, max-snippet:-1, max-image-preview:large, max-video-preview:-1\" \/>\n<link rel=\"canonical\" href=\"https:\/\/www.eveline.hu\/2016\/eveline-kozmetikumok-szepsegapolas\/smink\/arc\/puderek\/variete-fenyvisszavero-puder-6gr\/\" \/>\n<meta property=\"og:locale\" content=\"hu_HU\" \/>\n<meta property=\"og:type\" content=\"article\" \/>\n<meta property=\"og:title\" content=\"VARI\u00c9T\u00c9 F\u00e9nyvisszaver\u0151 p\u00fader 6gr - Eveline Cosmetics Magyarorsz\u00e1g\" \/>\n<meta property=\"og:description\" content=\"A p\u00fader nagyon k\u00f6nny\u0171 formul\u00e1ja t\u00f6k\u00e9letesen r\u00f6gz\u00edti a sminket, mik\u00f6zben optikailag kisim\u00edtja a finom vonalakat \u00e9s vil\u00e1gos\u00edtja a b\u0151rt. \u00c1tl\u00e1tsz\u00f3 sz\u00edn\u00e9nek k\u00f6sz\u00f6nhet\u0151en b\u00e1rmilyen b\u0151rt\u00f3nushoz t\u00f6k\u00e9letesen illeszkedik. A kozmetikum formul\u00e1ja 86%-ban tartalmaz \u00e1sv\u00e1nyi pigmenteket, amelyek sz\u00e9toszlatj\u00e1k a f\u00e9nyt, \u00edgy a &#8222;l\u00e1gy [&hellip;]\" \/>\n<meta property=\"og:url\" content=\"https:\/\/www.eveline.hu\/2016\/eveline-kozmetikumok-szepsegapolas\/smink\/arc\/puderek\/variete-fenyvisszavero-puder-6gr\/\" \/>\n<meta property=\"og:site_name\" content=\"Eveline Cosmetics Magyarorsz\u00e1g\" \/>\n<meta property=\"article:modified_time\" content=\"2022-12-28T14:14:06+00:00\" \/>\n<meta property=\"og:image\" content=\"https:\/\/www.eveline.hu\/2016\/wp-content\/uploads\/2022\/05\/5903416027041-VARI\u00c9T\u00c9-LIGHT-REF-LOOSE-POWDER-w.png\" \/>\n\t<meta property=\"og:image:width\" content=\"750\" \/>\n\t<meta property=\"og:image:height\" content=\"750\" \/>\n\t<meta property=\"og:image:type\" content=\"image\/png\" \/>\n<meta name=\"twitter:card\" content=\"summary_large_image\" \/>\n<meta name=\"twitter:label1\" content=\"Becs\u00fclt olvas\u00e1si id\u0151\" \/>\n\t<meta name=\"twitter:data1\" content=\"1 perc\" \/>\n<script type=\"application\/ld+json\" class=\"yoast-schema-graph\">{\"@context\":\"https:\/\/schema.org\",\"@graph\":[{\"@type\":\"WebPage\",\"@id\":\"https:\/\/www.eveline.hu\/2016\/eveline-kozmetikumok-szepsegapolas\/smink\/arc\/puderek\/variete-fenyvisszavero-puder-6gr\/\",\"url\":\"https:\/\/www.eveline.hu\/2016\/eveline-kozmetikumok-szepsegapolas\/smink\/arc\/puderek\/variete-fenyvisszavero-puder-6gr\/\",\"name\":\"VARI\u00c9T\u00c9 F\u00e9nyvisszaver\u0151 p\u00fader 6gr - Eveline Cosmetics Magyarorsz\u00e1g\",\"isPartOf\":{\"@id\":\"https:\/\/www.eveline.hu\/2016\/#website\"},\"primaryImageOfPage\":{\"@id\":\"https:\/\/www.eveline.hu\/2016\/eveline-kozmetikumok-szepsegapolas\/smink\/arc\/puderek\/variete-fenyvisszavero-puder-6gr\/#primaryimage\"},\"image\":{\"@id\":\"https:\/\/www.eveline.hu\/2016\/eveline-kozmetikumok-szepsegapolas\/smink\/arc\/puderek\/variete-fenyvisszavero-puder-6gr\/#primaryimage\"},\"thumbnailUrl\":\"https:\/\/www.eveline.hu\/2016\/wp-content\/uploads\/2022\/05\/5903416027041-VARI\u00c9T\u00c9-LIGHT-REF-LOOSE-POWDER-w.png\",\"datePublished\":\"2022-05-24T07:18:56+00:00\",\"dateModified\":\"2022-12-28T14:14:06+00:00\",\"breadcrumb\":{\"@id\":\"https:\/\/www.eveline.hu\/2016\/eveline-kozmetikumok-szepsegapolas\/smink\/arc\/puderek\/variete-fenyvisszavero-puder-6gr\/#breadcrumb\"},\"inLanguage\":\"hu\",\"potentialAction\":[{\"@type\":\"ReadAction\",\"target\":[\"https:\/\/www.eveline.hu\/2016\/eveline-kozmetikumok-szepsegapolas\/smink\/arc\/puderek\/variete-fenyvisszavero-puder-6gr\/\"]}]},{\"@type\":\"ImageObject\",\"inLanguage\":\"hu\",\"@id\":\"https:\/\/www.eveline.hu\/2016\/eveline-kozmetikumok-szepsegapolas\/smink\/arc\/puderek\/variete-fenyvisszavero-puder-6gr\/#primaryimage\",\"url\":\"https:\/\/www.eveline.hu\/2016\/wp-content\/uploads\/2022\/05\/5903416027041-VARI\u00c9T\u00c9-LIGHT-REF-LOOSE-POWDER-w.png\",\"contentUrl\":\"https:\/\/www.eveline.hu\/2016\/wp-content\/uploads\/2022\/05\/5903416027041-VARI\u00c9T\u00c9-LIGHT-REF-LOOSE-POWDER-w.png\",\"width\":750,\"height\":750},{\"@type\":\"BreadcrumbList\",\"@id\":\"https:\/\/www.eveline.hu\/2016\/eveline-kozmetikumok-szepsegapolas\/smink\/arc\/puderek\/variete-fenyvisszavero-puder-6gr\/#breadcrumb\",\"itemListElement\":[{\"@type\":\"ListItem\",\"position\":1,\"name\":\"Home\",\"item\":\"https:\/\/www.eveline.hu\/2016\/\"},{\"@type\":\"ListItem\",\"position\":2,\"name\":\"Term\u00e9kek\",\"item\":\"https:\/\/www.eveline.hu\/2016\/shop\/\"},{\"@type\":\"ListItem\",\"position\":3,\"name\":\"VARI\u00c9T\u00c9 F\u00e9nyvisszaver\u0151 p\u00fader 6gr\"}]},{\"@type\":\"WebSite\",\"@id\":\"https:\/\/www.eveline.hu\/2016\/#website\",\"url\":\"https:\/\/www.eveline.hu\/2016\/\",\"name\":\"Eveline Cosmetics Magyarorsz\u00e1g\",\"description\":\"Min\u0151s\u00e9gi kozmetikumok Lengyelorsz\u00e1gb\u00f3l\",\"potentialAction\":[{\"@type\":\"SearchAction\",\"target\":{\"@type\":\"EntryPoint\",\"urlTemplate\":\"https:\/\/www.eveline.hu\/2016\/?s={search_term_string}\"},\"query-input\":\"required name=search_term_string\"}],\"inLanguage\":\"hu\"}]}<\/script>\n<!-- \/ Yoast SEO plugin. -->","yoast_head_json":{"title":"VARI\u00c9T\u00c9 F\u00e9nyvisszaver\u0151 p\u00fader 6gr - Eveline Cosmetics Magyarorsz\u00e1g","robots":{"index":"index","follow":"follow","max-snippet":"max-snippet:-1","max-image-preview":"max-image-preview:large","max-video-preview":"max-video-preview:-1"},"canonical":"https:\/\/www.eveline.hu\/2016\/eveline-kozmetikumok-szepsegapolas\/smink\/arc\/puderek\/variete-fenyvisszavero-puder-6gr\/","og_locale":"hu_HU","og_type":"article","og_title":"VARI\u00c9T\u00c9 F\u00e9nyvisszaver\u0151 p\u00fader 6gr - Eveline Cosmetics Magyarorsz\u00e1g","og_description":"A p\u00fader nagyon k\u00f6nny\u0171 formul\u00e1ja t\u00f6k\u00e9letesen r\u00f6gz\u00edti a sminket, mik\u00f6zben optikailag kisim\u00edtja a finom vonalakat \u00e9s vil\u00e1gos\u00edtja a b\u0151rt. \u00c1tl\u00e1tsz\u00f3 sz\u00edn\u00e9nek k\u00f6sz\u00f6nhet\u0151en b\u00e1rmilyen b\u0151rt\u00f3nushoz t\u00f6k\u00e9letesen illeszkedik. A kozmetikum formul\u00e1ja 86%-ban tartalmaz \u00e1sv\u00e1nyi pigmenteket, amelyek sz\u00e9toszlatj\u00e1k a f\u00e9nyt, \u00edgy a &#8222;l\u00e1gy [&hellip;]","og_url":"https:\/\/www.eveline.hu\/2016\/eveline-kozmetikumok-szepsegapolas\/smink\/arc\/puderek\/variete-fenyvisszavero-puder-6gr\/","og_site_name":"Eveline Cosmetics Magyarorsz\u00e1g","article_modified_time":"2022-12-28T14:14:06+00:00","og_image":[{"width":750,"height":750,"url":"https:\/\/www.eveline.hu\/2016\/wp-content\/uploads\/2022\/05\/5903416027041-VARI\u00c9T\u00c9-LIGHT-REF-LOOSE-POWDER-w.png","type":"image\/png"}],"twitter_card":"summary_large_image","twitter_misc":{"Becs\u00fclt olvas\u00e1si id\u0151":"1 perc"},"schema":{"@context":"https:\/\/schema.org","@graph":[{"@type":"WebPage","@id":"https:\/\/www.eveline.hu\/2016\/eveline-kozmetikumok-szepsegapolas\/smink\/arc\/puderek\/variete-fenyvisszavero-puder-6gr\/","url":"https:\/\/www.eveline.hu\/2016\/eveline-kozmetikumok-szepsegapolas\/smink\/arc\/puderek\/variete-fenyvisszavero-puder-6gr\/","name":"VARI\u00c9T\u00c9 F\u00e9nyvisszaver\u0151 p\u00fader 6gr - Eveline Cosmetics Magyarorsz\u00e1g","isPartOf":{"@id":"https:\/\/www.eveline.hu\/2016\/#website"},"primaryImageOfPage":{"@id":"https:\/\/www.eveline.hu\/2016\/eveline-kozmetikumok-szepsegapolas\/smink\/arc\/puderek\/variete-fenyvisszavero-puder-6gr\/#primaryimage"},"image":{"@id":"https:\/\/www.eveline.hu\/2016\/eveline-kozmetikumok-szepsegapolas\/smink\/arc\/puderek\/variete-fenyvisszavero-puder-6gr\/#primaryimage"},"thumbnailUrl":"https:\/\/www.eveline.hu\/2016\/wp-content\/uploads\/2022\/05\/5903416027041-VARI\u00c9T\u00c9-LIGHT-REF-LOOSE-POWDER-w.png","datePublished":"2022-05-24T07:18:56+00:00","dateModified":"2022-12-28T14:14:06+00:00","breadcrumb":{"@id":"https:\/\/www.eveline.hu\/2016\/eveline-kozmetikumok-szepsegapolas\/smink\/arc\/puderek\/variete-fenyvisszavero-puder-6gr\/#breadcrumb"},"inLanguage":"hu","potentialAction":[{"@type":"ReadAction","target":["https:\/\/www.eveline.hu\/2016\/eveline-kozmetikumok-szepsegapolas\/smink\/arc\/puderek\/variete-fenyvisszavero-puder-6gr\/"]}]},{"@type":"ImageObject","inLanguage":"hu","@id":"https:\/\/www.eveline.hu\/2016\/eveline-kozmetikumok-szepsegapolas\/smink\/arc\/puderek\/variete-fenyvisszavero-puder-6gr\/#primaryimage","url":"https:\/\/www.eveline.hu\/2016\/wp-content\/uploads\/2022\/05\/5903416027041-VARI\u00c9T\u00c9-LIGHT-REF-LOOSE-POWDER-w.png","contentUrl":"https:\/\/www.eveline.hu\/2016\/wp-content\/uploads\/2022\/05\/5903416027041-VARI\u00c9T\u00c9-LIGHT-REF-LOOSE-POWDER-w.png","width":750,"height":750},{"@type":"BreadcrumbList","@id":"https:\/\/www.eveline.hu\/2016\/eveline-kozmetikumok-szepsegapolas\/smink\/arc\/puderek\/variete-fenyvisszavero-puder-6gr\/#breadcrumb","itemListElement":[{"@type":"ListItem","position":1,"name":"Home","item":"https:\/\/www.eveline.hu\/2016\/"},{"@type":"ListItem","position":2,"name":"Term\u00e9kek","item":"https:\/\/www.eveline.hu\/2016\/shop\/"},{"@type":"ListItem","position":3,"name":"VARI\u00c9T\u00c9 F\u00e9nyvisszaver\u0151 p\u00fader 6gr"}]},{"@type":"WebSite","@id":"https:\/\/www.eveline.hu\/2016\/#website","url":"https:\/\/www.eveline.hu\/2016\/","name":"Eveline Cosmetics Magyarorsz\u00e1g","description":"Min\u0151s\u00e9gi kozmetikumok Lengyelorsz\u00e1gb\u00f3l","potentialAction":[{"@type":"SearchAction","target":{"@type":"EntryPoint","urlTemplate":"https:\/\/www.eveline.hu\/2016\/?s={search_term_string}"},"query-input":"required name=search_term_string"}],"inLanguage":"hu"}]}},"_links":{"self":[{"href":"https:\/\/www.eveline.hu\/2016\/wp-json\/wp\/v2\/product\/28423"}],"collection":[{"href":"https:\/\/www.eveline.hu\/2016\/wp-json\/wp\/v2\/product"}],"about":[{"href":"https:\/\/www.eveline.hu\/2016\/wp-json\/wp\/v2\/types\/product"}],"replies":[{"embeddable":true,"href":"https:\/\/www.eveline.hu\/2016\/wp-json\/wp\/v2\/comments?post=28423"}],"wp:featuredmedia":[{"embeddable":true,"href":"https:\/\/www.eveline.hu\/2016\/wp-json\/wp\/v2\/media\/28424"}],"wp:attachment":[{"href":"https:\/\/www.eveline.hu\/2016\/wp-json\/wp\/v2\/media?parent=28423"}],"wp:term":[{"taxonomy":"product_cat","embeddable":true,"href":"https:\/\/www.eveline.hu\/2016\/wp-json\/wp\/v2\/product_cat?post=28423"},{"taxonomy":"product_tag","embeddable":true,"href":"https:\/\/www.eveline.hu\/2016\/wp-json\/wp\/v2\/product_tag?post=28423"}],"curies":[{"name":"wp","href":"https:\/\/api.w.org\/{rel}","templated":true}]}}