{"id":28416,"date":"2022-05-23T12:05:51","date_gmt":"2022-05-23T10:05:51","guid":{"rendered":"https:\/\/www.eveline.hu\/2016\/?post_type=product&#038;p=28416"},"modified":"2024-03-09T11:34:35","modified_gmt":"2024-03-09T10:34:35","slug":"med-bedorzsolo-olaj-serult-kormokre-12ml","status":"publish","type":"product","link":"https:\/\/www.eveline.hu\/2016\/eveline-kozmetikumok-szepsegapolas\/smink\/korom\/koromerositok\/med-bedorzsolo-olaj-serult-kormokre-12ml\/","title":{"rendered":"+MED Bed\u00f6rzs\u00f6l\u0151 olaj s\u00e9r\u00fclt k\u00f6rm\u00f6kre 12ml"},"content":{"rendered":"<p>A speci\u00e1lis bed\u00f6rzs\u00f6l\u0151 olaj egy koncentr\u00e1lt kezel\u00e9s t\u00f6r\u00e9keny \u00e9s repedezett k\u00f6rm\u00f6kre.<\/p>\n<p>Term\u00e9szetes olajok kever\u00e9ke, amely m\u00e9lyen behatol a k\u00f6r\u00f6mlemez strukt\u00far\u00e1j\u00e1ba, azonnal regener\u00e1lva azt.<\/p>\n<p>A ricinusolaj intenz\u00edven hidrat\u00e1lja \u00e9s er\u0151s\u00edti a sz\u00e1raz k\u00f6rm\u00f6ket, valamint v\u00e9d a repedez\u00e9st\u0151l. A tsubaki olaj \u00e9s a z\u00f6ldtea mag olaj jav\u00edtja a k\u00f6r\u00f6m kond\u00edci\u00f3j\u00e1t, v\u00e9di \u00e9s f\u00e9nyt ad.<\/p>\n<p>\u00c9des mandulaolaj, perilla olaj \u00e9s E vitamin t\u00e1pl\u00e1lj\u00e1k, kem\u00e9ny\u00edtik \u00e9s \u00fajra\u00e9p\u00edtik a k\u00f6r\u00f6mlemezt, megel\u0151zik a repedez\u00e9st, t\u00f6redez\u00e9st, kett\u00e9hasad\u00e1st.<\/p>\n<p><strong>Alkalmaz\u00e1s<\/strong>: d\u00f6rzs\u00f6lje be naponta 1-2-szer a k\u00f6r\u00f6m fel\u00fclet\u00e9re. Vigye fel a k\u00f6r\u00f6m\u00e1gyb\u0151rre mint t\u00e1pl\u00e1l\u00f3 \u00e9s puh\u00edt\u00f3 kezel\u00e9s.<\/p>\n<p>\u00d6sszetev\u0151k:Ricinus Communis Seed Oil, Camellia Japonica Seed Oil, Helianthus Annuus Seed Oil, Prunus Amygdalus Dulcis Oil, Caprylic\/Capric Triglyceride, Sesamum Indicum Seed Oil, Perilla Ocymoides Seed Oil, Camellia Sinensis Leaf Extract, Camellia Japonica Flower Extract, Tocopherol, Tocopheryl Acetate, Glycine Soja Oil, Parfum (Fragrance).<\/p>\n","protected":false},"excerpt":{"rendered":"<p>A speci\u00e1lis bed\u00f6rzs\u00f6l\u0151 olaj egy koncentr\u00e1lt kezel\u00e9s t\u00f6r\u00e9keny \u00e9s repedezett k\u00f6rm\u00f6kre. Term\u00e9szetes olajok kever\u00e9ke, amely m\u00e9lyen behatol a k\u00f6r\u00f6mlemez strukt\u00far\u00e1j\u00e1ba, azonnal regener\u00e1lva azt. A ricinusolaj intenz\u00edven hidrat\u00e1lja \u00e9s er\u0151s\u00edti a sz\u00e1raz k\u00f6rm\u00f6ket, valamint v\u00e9d a repedez\u00e9st\u0151l. A tsubaki olaj \u00e9s [&hellip;]<\/p>\n","protected":false},"featured_media":28417,"comment_status":"open","ping_status":"closed","template":"","meta":[],"product_cat":[158,125,129],"product_tag":[],"yoast_head":"<!-- This site is optimized with the Yoast SEO plugin v22.2 - https:\/\/yoast.com\/wordpress\/plugins\/seo\/ -->\n<title>+MED Bed\u00f6rzs\u00f6l\u0151 olaj s\u00e9r\u00fclt k\u00f6rm\u00f6kre 12ml - Eveline Cosmetics Magyarorsz\u00e1g<\/title>\n<meta name=\"robots\" content=\"index, follow, max-snippet:-1, max-image-preview:large, max-video-preview:-1\" \/>\n<link rel=\"canonical\" href=\"https:\/\/www.eveline.hu\/2016\/eveline-kozmetikumok-szepsegapolas\/smink\/korom\/koromerositok\/med-bedorzsolo-olaj-serult-kormokre-12ml\/\" \/>\n<meta property=\"og:locale\" content=\"hu_HU\" \/>\n<meta property=\"og:type\" content=\"article\" \/>\n<meta property=\"og:title\" content=\"+MED Bed\u00f6rzs\u00f6l\u0151 olaj s\u00e9r\u00fclt k\u00f6rm\u00f6kre 12ml - Eveline Cosmetics Magyarorsz\u00e1g\" \/>\n<meta property=\"og:description\" content=\"A speci\u00e1lis bed\u00f6rzs\u00f6l\u0151 olaj egy koncentr\u00e1lt kezel\u00e9s t\u00f6r\u00e9keny \u00e9s repedezett k\u00f6rm\u00f6kre. Term\u00e9szetes olajok kever\u00e9ke, amely m\u00e9lyen behatol a k\u00f6r\u00f6mlemez strukt\u00far\u00e1j\u00e1ba, azonnal regener\u00e1lva azt. A ricinusolaj intenz\u00edven hidrat\u00e1lja \u00e9s er\u0151s\u00edti a sz\u00e1raz k\u00f6rm\u00f6ket, valamint v\u00e9d a repedez\u00e9st\u0151l. A tsubaki olaj \u00e9s [&hellip;]\" \/>\n<meta property=\"og:url\" content=\"https:\/\/www.eveline.hu\/2016\/eveline-kozmetikumok-szepsegapolas\/smink\/korom\/koromerositok\/med-bedorzsolo-olaj-serult-kormokre-12ml\/\" \/>\n<meta property=\"og:site_name\" content=\"Eveline Cosmetics Magyarorsz\u00e1g\" \/>\n<meta property=\"article:modified_time\" content=\"2024-03-09T10:34:35+00:00\" \/>\n<meta property=\"og:image\" content=\"https:\/\/www.eveline.hu\/2016\/wp-content\/uploads\/2022\/05\/5903416042129-NAIL-THERAPY-MED-NAIL-RUB-IN-OIL-12MLw-1.png\" \/>\n\t<meta property=\"og:image:width\" content=\"750\" \/>\n\t<meta property=\"og:image:height\" content=\"750\" \/>\n\t<meta property=\"og:image:type\" content=\"image\/png\" \/>\n<meta name=\"twitter:card\" content=\"summary_large_image\" \/>\n<meta name=\"twitter:label1\" content=\"Becs\u00fclt olvas\u00e1si id\u0151\" \/>\n\t<meta name=\"twitter:data1\" content=\"1 perc\" \/>\n<script type=\"application\/ld+json\" class=\"yoast-schema-graph\">{\"@context\":\"https:\/\/schema.org\",\"@graph\":[{\"@type\":\"WebPage\",\"@id\":\"https:\/\/www.eveline.hu\/2016\/eveline-kozmetikumok-szepsegapolas\/smink\/korom\/koromerositok\/med-bedorzsolo-olaj-serult-kormokre-12ml\/\",\"url\":\"https:\/\/www.eveline.hu\/2016\/eveline-kozmetikumok-szepsegapolas\/smink\/korom\/koromerositok\/med-bedorzsolo-olaj-serult-kormokre-12ml\/\",\"name\":\"+MED Bed\u00f6rzs\u00f6l\u0151 olaj s\u00e9r\u00fclt k\u00f6rm\u00f6kre 12ml - Eveline Cosmetics Magyarorsz\u00e1g\",\"isPartOf\":{\"@id\":\"https:\/\/www.eveline.hu\/2016\/#website\"},\"primaryImageOfPage\":{\"@id\":\"https:\/\/www.eveline.hu\/2016\/eveline-kozmetikumok-szepsegapolas\/smink\/korom\/koromerositok\/med-bedorzsolo-olaj-serult-kormokre-12ml\/#primaryimage\"},\"image\":{\"@id\":\"https:\/\/www.eveline.hu\/2016\/eveline-kozmetikumok-szepsegapolas\/smink\/korom\/koromerositok\/med-bedorzsolo-olaj-serult-kormokre-12ml\/#primaryimage\"},\"thumbnailUrl\":\"https:\/\/www.eveline.hu\/2016\/wp-content\/uploads\/2022\/05\/5903416042129-NAIL-THERAPY-MED-NAIL-RUB-IN-OIL-12MLw-1.png\",\"datePublished\":\"2022-05-23T10:05:51+00:00\",\"dateModified\":\"2024-03-09T10:34:35+00:00\",\"breadcrumb\":{\"@id\":\"https:\/\/www.eveline.hu\/2016\/eveline-kozmetikumok-szepsegapolas\/smink\/korom\/koromerositok\/med-bedorzsolo-olaj-serult-kormokre-12ml\/#breadcrumb\"},\"inLanguage\":\"hu\",\"potentialAction\":[{\"@type\":\"ReadAction\",\"target\":[\"https:\/\/www.eveline.hu\/2016\/eveline-kozmetikumok-szepsegapolas\/smink\/korom\/koromerositok\/med-bedorzsolo-olaj-serult-kormokre-12ml\/\"]}]},{\"@type\":\"ImageObject\",\"inLanguage\":\"hu\",\"@id\":\"https:\/\/www.eveline.hu\/2016\/eveline-kozmetikumok-szepsegapolas\/smink\/korom\/koromerositok\/med-bedorzsolo-olaj-serult-kormokre-12ml\/#primaryimage\",\"url\":\"https:\/\/www.eveline.hu\/2016\/wp-content\/uploads\/2022\/05\/5903416042129-NAIL-THERAPY-MED-NAIL-RUB-IN-OIL-12MLw-1.png\",\"contentUrl\":\"https:\/\/www.eveline.hu\/2016\/wp-content\/uploads\/2022\/05\/5903416042129-NAIL-THERAPY-MED-NAIL-RUB-IN-OIL-12MLw-1.png\",\"width\":750,\"height\":750},{\"@type\":\"BreadcrumbList\",\"@id\":\"https:\/\/www.eveline.hu\/2016\/eveline-kozmetikumok-szepsegapolas\/smink\/korom\/koromerositok\/med-bedorzsolo-olaj-serult-kormokre-12ml\/#breadcrumb\",\"itemListElement\":[{\"@type\":\"ListItem\",\"position\":1,\"name\":\"Home\",\"item\":\"https:\/\/www.eveline.hu\/2016\/\"},{\"@type\":\"ListItem\",\"position\":2,\"name\":\"Term\u00e9kek\",\"item\":\"https:\/\/www.eveline.hu\/2016\/shop\/\"},{\"@type\":\"ListItem\",\"position\":3,\"name\":\"+MED Bed\u00f6rzs\u00f6l\u0151 olaj s\u00e9r\u00fclt k\u00f6rm\u00f6kre 12ml\"}]},{\"@type\":\"WebSite\",\"@id\":\"https:\/\/www.eveline.hu\/2016\/#website\",\"url\":\"https:\/\/www.eveline.hu\/2016\/\",\"name\":\"Eveline Cosmetics Magyarorsz\u00e1g\",\"description\":\"Min\u0151s\u00e9gi kozmetikumok Lengyelorsz\u00e1gb\u00f3l\",\"potentialAction\":[{\"@type\":\"SearchAction\",\"target\":{\"@type\":\"EntryPoint\",\"urlTemplate\":\"https:\/\/www.eveline.hu\/2016\/?s={search_term_string}\"},\"query-input\":\"required name=search_term_string\"}],\"inLanguage\":\"hu\"}]}<\/script>\n<!-- \/ Yoast SEO plugin. -->","yoast_head_json":{"title":"+MED Bed\u00f6rzs\u00f6l\u0151 olaj s\u00e9r\u00fclt k\u00f6rm\u00f6kre 12ml - Eveline Cosmetics Magyarorsz\u00e1g","robots":{"index":"index","follow":"follow","max-snippet":"max-snippet:-1","max-image-preview":"max-image-preview:large","max-video-preview":"max-video-preview:-1"},"canonical":"https:\/\/www.eveline.hu\/2016\/eveline-kozmetikumok-szepsegapolas\/smink\/korom\/koromerositok\/med-bedorzsolo-olaj-serult-kormokre-12ml\/","og_locale":"hu_HU","og_type":"article","og_title":"+MED Bed\u00f6rzs\u00f6l\u0151 olaj s\u00e9r\u00fclt k\u00f6rm\u00f6kre 12ml - Eveline Cosmetics Magyarorsz\u00e1g","og_description":"A speci\u00e1lis bed\u00f6rzs\u00f6l\u0151 olaj egy koncentr\u00e1lt kezel\u00e9s t\u00f6r\u00e9keny \u00e9s repedezett k\u00f6rm\u00f6kre. Term\u00e9szetes olajok kever\u00e9ke, amely m\u00e9lyen behatol a k\u00f6r\u00f6mlemez strukt\u00far\u00e1j\u00e1ba, azonnal regener\u00e1lva azt. A ricinusolaj intenz\u00edven hidrat\u00e1lja \u00e9s er\u0151s\u00edti a sz\u00e1raz k\u00f6rm\u00f6ket, valamint v\u00e9d a repedez\u00e9st\u0151l. A tsubaki olaj \u00e9s [&hellip;]","og_url":"https:\/\/www.eveline.hu\/2016\/eveline-kozmetikumok-szepsegapolas\/smink\/korom\/koromerositok\/med-bedorzsolo-olaj-serult-kormokre-12ml\/","og_site_name":"Eveline Cosmetics Magyarorsz\u00e1g","article_modified_time":"2024-03-09T10:34:35+00:00","og_image":[{"width":750,"height":750,"url":"https:\/\/www.eveline.hu\/2016\/wp-content\/uploads\/2022\/05\/5903416042129-NAIL-THERAPY-MED-NAIL-RUB-IN-OIL-12MLw-1.png","type":"image\/png"}],"twitter_card":"summary_large_image","twitter_misc":{"Becs\u00fclt olvas\u00e1si id\u0151":"1 perc"},"schema":{"@context":"https:\/\/schema.org","@graph":[{"@type":"WebPage","@id":"https:\/\/www.eveline.hu\/2016\/eveline-kozmetikumok-szepsegapolas\/smink\/korom\/koromerositok\/med-bedorzsolo-olaj-serult-kormokre-12ml\/","url":"https:\/\/www.eveline.hu\/2016\/eveline-kozmetikumok-szepsegapolas\/smink\/korom\/koromerositok\/med-bedorzsolo-olaj-serult-kormokre-12ml\/","name":"+MED Bed\u00f6rzs\u00f6l\u0151 olaj s\u00e9r\u00fclt k\u00f6rm\u00f6kre 12ml - Eveline Cosmetics Magyarorsz\u00e1g","isPartOf":{"@id":"https:\/\/www.eveline.hu\/2016\/#website"},"primaryImageOfPage":{"@id":"https:\/\/www.eveline.hu\/2016\/eveline-kozmetikumok-szepsegapolas\/smink\/korom\/koromerositok\/med-bedorzsolo-olaj-serult-kormokre-12ml\/#primaryimage"},"image":{"@id":"https:\/\/www.eveline.hu\/2016\/eveline-kozmetikumok-szepsegapolas\/smink\/korom\/koromerositok\/med-bedorzsolo-olaj-serult-kormokre-12ml\/#primaryimage"},"thumbnailUrl":"https:\/\/www.eveline.hu\/2016\/wp-content\/uploads\/2022\/05\/5903416042129-NAIL-THERAPY-MED-NAIL-RUB-IN-OIL-12MLw-1.png","datePublished":"2022-05-23T10:05:51+00:00","dateModified":"2024-03-09T10:34:35+00:00","breadcrumb":{"@id":"https:\/\/www.eveline.hu\/2016\/eveline-kozmetikumok-szepsegapolas\/smink\/korom\/koromerositok\/med-bedorzsolo-olaj-serult-kormokre-12ml\/#breadcrumb"},"inLanguage":"hu","potentialAction":[{"@type":"ReadAction","target":["https:\/\/www.eveline.hu\/2016\/eveline-kozmetikumok-szepsegapolas\/smink\/korom\/koromerositok\/med-bedorzsolo-olaj-serult-kormokre-12ml\/"]}]},{"@type":"ImageObject","inLanguage":"hu","@id":"https:\/\/www.eveline.hu\/2016\/eveline-kozmetikumok-szepsegapolas\/smink\/korom\/koromerositok\/med-bedorzsolo-olaj-serult-kormokre-12ml\/#primaryimage","url":"https:\/\/www.eveline.hu\/2016\/wp-content\/uploads\/2022\/05\/5903416042129-NAIL-THERAPY-MED-NAIL-RUB-IN-OIL-12MLw-1.png","contentUrl":"https:\/\/www.eveline.hu\/2016\/wp-content\/uploads\/2022\/05\/5903416042129-NAIL-THERAPY-MED-NAIL-RUB-IN-OIL-12MLw-1.png","width":750,"height":750},{"@type":"BreadcrumbList","@id":"https:\/\/www.eveline.hu\/2016\/eveline-kozmetikumok-szepsegapolas\/smink\/korom\/koromerositok\/med-bedorzsolo-olaj-serult-kormokre-12ml\/#breadcrumb","itemListElement":[{"@type":"ListItem","position":1,"name":"Home","item":"https:\/\/www.eveline.hu\/2016\/"},{"@type":"ListItem","position":2,"name":"Term\u00e9kek","item":"https:\/\/www.eveline.hu\/2016\/shop\/"},{"@type":"ListItem","position":3,"name":"+MED Bed\u00f6rzs\u00f6l\u0151 olaj s\u00e9r\u00fclt k\u00f6rm\u00f6kre 12ml"}]},{"@type":"WebSite","@id":"https:\/\/www.eveline.hu\/2016\/#website","url":"https:\/\/www.eveline.hu\/2016\/","name":"Eveline Cosmetics Magyarorsz\u00e1g","description":"Min\u0151s\u00e9gi kozmetikumok Lengyelorsz\u00e1gb\u00f3l","potentialAction":[{"@type":"SearchAction","target":{"@type":"EntryPoint","urlTemplate":"https:\/\/www.eveline.hu\/2016\/?s={search_term_string}"},"query-input":"required name=search_term_string"}],"inLanguage":"hu"}]}},"_links":{"self":[{"href":"https:\/\/www.eveline.hu\/2016\/wp-json\/wp\/v2\/product\/28416"}],"collection":[{"href":"https:\/\/www.eveline.hu\/2016\/wp-json\/wp\/v2\/product"}],"about":[{"href":"https:\/\/www.eveline.hu\/2016\/wp-json\/wp\/v2\/types\/product"}],"replies":[{"embeddable":true,"href":"https:\/\/www.eveline.hu\/2016\/wp-json\/wp\/v2\/comments?post=28416"}],"wp:featuredmedia":[{"embeddable":true,"href":"https:\/\/www.eveline.hu\/2016\/wp-json\/wp\/v2\/media\/28417"}],"wp:attachment":[{"href":"https:\/\/www.eveline.hu\/2016\/wp-json\/wp\/v2\/media?parent=28416"}],"wp:term":[{"taxonomy":"product_cat","embeddable":true,"href":"https:\/\/www.eveline.hu\/2016\/wp-json\/wp\/v2\/product_cat?post=28416"},{"taxonomy":"product_tag","embeddable":true,"href":"https:\/\/www.eveline.hu\/2016\/wp-json\/wp\/v2\/product_tag?post=28416"}],"curies":[{"name":"wp","href":"https:\/\/api.w.org\/{rel}","templated":true}]}}