{"id":28414,"date":"2022-05-23T11:22:33","date_gmt":"2022-05-23T09:22:33","guid":{"rendered":"https:\/\/www.eveline.hu\/2016\/?post_type=product&#038;p=28414"},"modified":"2022-12-28T16:49:11","modified_gmt":"2022-12-28T15:49:11","slug":"med-koromerosito-szerum-12ml","status":"publish","type":"product","link":"https:\/\/www.eveline.hu\/2016\/eveline-kozmetikumok-szepsegapolas\/smink\/korom\/koromerositok\/med-koromerosito-szerum-12ml\/","title":{"rendered":"+MED K\u00f6r\u00f6mer\u0151s\u00edt\u0151 sz\u00e9rum 12ml"},"content":{"rendered":"<p>Azonnali seg\u00edts\u00e9g extr\u00e9men s\u00e9r\u00fclt k\u00f6rm\u00f6kre.<\/p>\n<p>Speci\u00e1lis k\u00f6r\u00f6mer\u0151s\u00edt\u0151 sz\u00e9rum, olyan koncentr\u00e1lt kezel\u00e9s, amely fokusz\u00e1l a puha, t\u00f6redez\u0151 \u00e9s repedezett k\u00f6rm\u00f6k komplex helyre\u00e1ll\u00edt\u00e1s\u00e1ra. AHA \u00e9s PHA savak kombin\u00e1ci\u00f3j\u00e1nak k\u00f6sz\u00f6nhet\u0151en er\u0151s\u00edti \u00e9s kem\u00e9ny\u00edti a k\u00f6r\u00f6mlemezt, visszaadva annak sima fel\u00fclet\u00e9t \u00e9s eg\u00e9szs\u00e9ges f\u00e9ny\u00e9t. A szkval\u00e1n \u00e9s E vitamin m\u00e9lyen hidrat\u00e1lj\u00e1k \u00e9s t\u00e1pl\u00e1lj\u00e1k a t\u00f6redezett k\u00f6rm\u00f6ket. A bambusz kivonat- term\u00e9szetes szil\u00edcium-dioxid forr\u00e1s- l\u00e1that\u00f3an regener\u00e1lja a k\u00f6rm\u00f6ket, hat\u00e9konyan v\u00e9di a k\u00e1rosod\u00e1st\u00f3l \u00e9s el\u0151seg\u00edti\u00a0 n\u00f6veked\u00e9s\u00e9t.<\/p>\n<p><strong>Alkalmaz\u00e1s:<\/strong> mint er\u0151s\u00edt\u0151 kezel\u00e9s: vigye fel a megtiszt\u00edtott sz\u00e1raz k\u00f6rm\u00f6kre heti k\u00e9tszer.<\/p>\n<p>Mossa le a k\u00f6vetkez\u0151 kezel\u00e9s el\u0151tt.<\/p>\n<p>Mint v\u00e9d\u0151r\u00e9teg lakk al\u00e1: vigyen fel egy r\u00e9teget, sz\u00e1rad\u00e1s ut\u00e1n tegye r\u00e1 a fed\u0151 lakkot.<\/p>\n<p>\u00d6sszetev\u0151k:Ingredients: Ethyl Acetate, Butyl Acetate, Nitrocellulose, Adipic Acid\/Neopentyl Glycol\/Trimellitic Anhydride Copolymer, Acetyl Tributyl Citrate, Alcohol, Glycolic Acid, Aqua, n-Butyl Alcohol, Etocrylene, Malic Acid, Lactic Acid, Gluconolactone, Squalane, Helianthus Annuus Seed Oil, Trimethylpentanediyl Dibenzoate, Bambusa Vulgaris Sap Extract, Vaccinium Myrtillus Fruit Extract, Saccharum Officinarum Extract, Tocopherol, Citrus Aurantium Dulcis Fruit Extract, Citrus Limon Fruit Extract, Acer Saccharum Extract, CI 19140, CI 77510.<\/p>\n<p>&nbsp;<\/p>\n<p>&nbsp;<\/p>\n","protected":false},"excerpt":{"rendered":"<p>Azonnali seg\u00edts\u00e9g extr\u00e9men s\u00e9r\u00fclt k\u00f6rm\u00f6kre. Speci\u00e1lis k\u00f6r\u00f6mer\u0151s\u00edt\u0151 sz\u00e9rum, olyan koncentr\u00e1lt kezel\u00e9s, amely fokusz\u00e1l a puha, t\u00f6redez\u0151 \u00e9s repedezett k\u00f6rm\u00f6k komplex helyre\u00e1ll\u00edt\u00e1s\u00e1ra. AHA \u00e9s PHA savak kombin\u00e1ci\u00f3j\u00e1nak k\u00f6sz\u00f6nhet\u0151en er\u0151s\u00edti \u00e9s kem\u00e9ny\u00edti a k\u00f6r\u00f6mlemezt, visszaadva annak sima fel\u00fclet\u00e9t \u00e9s eg\u00e9szs\u00e9ges f\u00e9ny\u00e9t. A [&hellip;]<\/p>\n","protected":false},"featured_media":28415,"comment_status":"open","ping_status":"closed","template":"","meta":[],"product_cat":[158,125,129],"product_tag":[],"yoast_head":"<!-- This site is optimized with the Yoast SEO plugin v22.2 - https:\/\/yoast.com\/wordpress\/plugins\/seo\/ -->\n<title>+MED K\u00f6r\u00f6mer\u0151s\u00edt\u0151 sz\u00e9rum 12ml - Eveline Cosmetics Magyarorsz\u00e1g<\/title>\n<meta name=\"robots\" content=\"index, follow, max-snippet:-1, max-image-preview:large, max-video-preview:-1\" \/>\n<link rel=\"canonical\" href=\"https:\/\/www.eveline.hu\/2016\/eveline-kozmetikumok-szepsegapolas\/smink\/korom\/koromerositok\/med-koromerosito-szerum-12ml\/\" \/>\n<meta property=\"og:locale\" content=\"hu_HU\" \/>\n<meta property=\"og:type\" content=\"article\" \/>\n<meta property=\"og:title\" content=\"+MED K\u00f6r\u00f6mer\u0151s\u00edt\u0151 sz\u00e9rum 12ml - Eveline Cosmetics Magyarorsz\u00e1g\" \/>\n<meta property=\"og:description\" content=\"Azonnali seg\u00edts\u00e9g extr\u00e9men s\u00e9r\u00fclt k\u00f6rm\u00f6kre. Speci\u00e1lis k\u00f6r\u00f6mer\u0151s\u00edt\u0151 sz\u00e9rum, olyan koncentr\u00e1lt kezel\u00e9s, amely fokusz\u00e1l a puha, t\u00f6redez\u0151 \u00e9s repedezett k\u00f6rm\u00f6k komplex helyre\u00e1ll\u00edt\u00e1s\u00e1ra. AHA \u00e9s PHA savak kombin\u00e1ci\u00f3j\u00e1nak k\u00f6sz\u00f6nhet\u0151en er\u0151s\u00edti \u00e9s kem\u00e9ny\u00edti a k\u00f6r\u00f6mlemezt, visszaadva annak sima fel\u00fclet\u00e9t \u00e9s eg\u00e9szs\u00e9ges f\u00e9ny\u00e9t. A [&hellip;]\" \/>\n<meta property=\"og:url\" content=\"https:\/\/www.eveline.hu\/2016\/eveline-kozmetikumok-szepsegapolas\/smink\/korom\/koromerositok\/med-koromerosito-szerum-12ml\/\" \/>\n<meta property=\"og:site_name\" content=\"Eveline Cosmetics Magyarorsz\u00e1g\" \/>\n<meta property=\"article:modified_time\" content=\"2022-12-28T15:49:11+00:00\" \/>\n<meta property=\"og:image\" content=\"https:\/\/www.eveline.hu\/2016\/wp-content\/uploads\/2022\/05\/5901761966367-NAIL-THERAPY-MED-HARDENING-NAIL-SERUM-12MLw.png\" \/>\n\t<meta property=\"og:image:width\" content=\"750\" \/>\n\t<meta property=\"og:image:height\" content=\"750\" \/>\n\t<meta property=\"og:image:type\" content=\"image\/png\" \/>\n<meta name=\"twitter:card\" content=\"summary_large_image\" \/>\n<meta name=\"twitter:label1\" content=\"Becs\u00fclt olvas\u00e1si id\u0151\" \/>\n\t<meta name=\"twitter:data1\" content=\"1 perc\" \/>\n<script type=\"application\/ld+json\" class=\"yoast-schema-graph\">{\"@context\":\"https:\/\/schema.org\",\"@graph\":[{\"@type\":\"WebPage\",\"@id\":\"https:\/\/www.eveline.hu\/2016\/eveline-kozmetikumok-szepsegapolas\/smink\/korom\/koromerositok\/med-koromerosito-szerum-12ml\/\",\"url\":\"https:\/\/www.eveline.hu\/2016\/eveline-kozmetikumok-szepsegapolas\/smink\/korom\/koromerositok\/med-koromerosito-szerum-12ml\/\",\"name\":\"+MED K\u00f6r\u00f6mer\u0151s\u00edt\u0151 sz\u00e9rum 12ml - Eveline Cosmetics Magyarorsz\u00e1g\",\"isPartOf\":{\"@id\":\"https:\/\/www.eveline.hu\/2016\/#website\"},\"primaryImageOfPage\":{\"@id\":\"https:\/\/www.eveline.hu\/2016\/eveline-kozmetikumok-szepsegapolas\/smink\/korom\/koromerositok\/med-koromerosito-szerum-12ml\/#primaryimage\"},\"image\":{\"@id\":\"https:\/\/www.eveline.hu\/2016\/eveline-kozmetikumok-szepsegapolas\/smink\/korom\/koromerositok\/med-koromerosito-szerum-12ml\/#primaryimage\"},\"thumbnailUrl\":\"https:\/\/www.eveline.hu\/2016\/wp-content\/uploads\/2022\/05\/5901761966367-NAIL-THERAPY-MED-HARDENING-NAIL-SERUM-12MLw.png\",\"datePublished\":\"2022-05-23T09:22:33+00:00\",\"dateModified\":\"2022-12-28T15:49:11+00:00\",\"breadcrumb\":{\"@id\":\"https:\/\/www.eveline.hu\/2016\/eveline-kozmetikumok-szepsegapolas\/smink\/korom\/koromerositok\/med-koromerosito-szerum-12ml\/#breadcrumb\"},\"inLanguage\":\"hu\",\"potentialAction\":[{\"@type\":\"ReadAction\",\"target\":[\"https:\/\/www.eveline.hu\/2016\/eveline-kozmetikumok-szepsegapolas\/smink\/korom\/koromerositok\/med-koromerosito-szerum-12ml\/\"]}]},{\"@type\":\"ImageObject\",\"inLanguage\":\"hu\",\"@id\":\"https:\/\/www.eveline.hu\/2016\/eveline-kozmetikumok-szepsegapolas\/smink\/korom\/koromerositok\/med-koromerosito-szerum-12ml\/#primaryimage\",\"url\":\"https:\/\/www.eveline.hu\/2016\/wp-content\/uploads\/2022\/05\/5901761966367-NAIL-THERAPY-MED-HARDENING-NAIL-SERUM-12MLw.png\",\"contentUrl\":\"https:\/\/www.eveline.hu\/2016\/wp-content\/uploads\/2022\/05\/5901761966367-NAIL-THERAPY-MED-HARDENING-NAIL-SERUM-12MLw.png\",\"width\":750,\"height\":750},{\"@type\":\"BreadcrumbList\",\"@id\":\"https:\/\/www.eveline.hu\/2016\/eveline-kozmetikumok-szepsegapolas\/smink\/korom\/koromerositok\/med-koromerosito-szerum-12ml\/#breadcrumb\",\"itemListElement\":[{\"@type\":\"ListItem\",\"position\":1,\"name\":\"Home\",\"item\":\"https:\/\/www.eveline.hu\/2016\/\"},{\"@type\":\"ListItem\",\"position\":2,\"name\":\"Term\u00e9kek\",\"item\":\"https:\/\/www.eveline.hu\/2016\/shop\/\"},{\"@type\":\"ListItem\",\"position\":3,\"name\":\"+MED K\u00f6r\u00f6mer\u0151s\u00edt\u0151 sz\u00e9rum 12ml\"}]},{\"@type\":\"WebSite\",\"@id\":\"https:\/\/www.eveline.hu\/2016\/#website\",\"url\":\"https:\/\/www.eveline.hu\/2016\/\",\"name\":\"Eveline Cosmetics Magyarorsz\u00e1g\",\"description\":\"Min\u0151s\u00e9gi kozmetikumok Lengyelorsz\u00e1gb\u00f3l\",\"potentialAction\":[{\"@type\":\"SearchAction\",\"target\":{\"@type\":\"EntryPoint\",\"urlTemplate\":\"https:\/\/www.eveline.hu\/2016\/?s={search_term_string}\"},\"query-input\":\"required name=search_term_string\"}],\"inLanguage\":\"hu\"}]}<\/script>\n<!-- \/ Yoast SEO plugin. -->","yoast_head_json":{"title":"+MED K\u00f6r\u00f6mer\u0151s\u00edt\u0151 sz\u00e9rum 12ml - Eveline Cosmetics Magyarorsz\u00e1g","robots":{"index":"index","follow":"follow","max-snippet":"max-snippet:-1","max-image-preview":"max-image-preview:large","max-video-preview":"max-video-preview:-1"},"canonical":"https:\/\/www.eveline.hu\/2016\/eveline-kozmetikumok-szepsegapolas\/smink\/korom\/koromerositok\/med-koromerosito-szerum-12ml\/","og_locale":"hu_HU","og_type":"article","og_title":"+MED K\u00f6r\u00f6mer\u0151s\u00edt\u0151 sz\u00e9rum 12ml - Eveline Cosmetics Magyarorsz\u00e1g","og_description":"Azonnali seg\u00edts\u00e9g extr\u00e9men s\u00e9r\u00fclt k\u00f6rm\u00f6kre. Speci\u00e1lis k\u00f6r\u00f6mer\u0151s\u00edt\u0151 sz\u00e9rum, olyan koncentr\u00e1lt kezel\u00e9s, amely fokusz\u00e1l a puha, t\u00f6redez\u0151 \u00e9s repedezett k\u00f6rm\u00f6k komplex helyre\u00e1ll\u00edt\u00e1s\u00e1ra. AHA \u00e9s PHA savak kombin\u00e1ci\u00f3j\u00e1nak k\u00f6sz\u00f6nhet\u0151en er\u0151s\u00edti \u00e9s kem\u00e9ny\u00edti a k\u00f6r\u00f6mlemezt, visszaadva annak sima fel\u00fclet\u00e9t \u00e9s eg\u00e9szs\u00e9ges f\u00e9ny\u00e9t. A [&hellip;]","og_url":"https:\/\/www.eveline.hu\/2016\/eveline-kozmetikumok-szepsegapolas\/smink\/korom\/koromerositok\/med-koromerosito-szerum-12ml\/","og_site_name":"Eveline Cosmetics Magyarorsz\u00e1g","article_modified_time":"2022-12-28T15:49:11+00:00","og_image":[{"width":750,"height":750,"url":"https:\/\/www.eveline.hu\/2016\/wp-content\/uploads\/2022\/05\/5901761966367-NAIL-THERAPY-MED-HARDENING-NAIL-SERUM-12MLw.png","type":"image\/png"}],"twitter_card":"summary_large_image","twitter_misc":{"Becs\u00fclt olvas\u00e1si id\u0151":"1 perc"},"schema":{"@context":"https:\/\/schema.org","@graph":[{"@type":"WebPage","@id":"https:\/\/www.eveline.hu\/2016\/eveline-kozmetikumok-szepsegapolas\/smink\/korom\/koromerositok\/med-koromerosito-szerum-12ml\/","url":"https:\/\/www.eveline.hu\/2016\/eveline-kozmetikumok-szepsegapolas\/smink\/korom\/koromerositok\/med-koromerosito-szerum-12ml\/","name":"+MED K\u00f6r\u00f6mer\u0151s\u00edt\u0151 sz\u00e9rum 12ml - Eveline Cosmetics Magyarorsz\u00e1g","isPartOf":{"@id":"https:\/\/www.eveline.hu\/2016\/#website"},"primaryImageOfPage":{"@id":"https:\/\/www.eveline.hu\/2016\/eveline-kozmetikumok-szepsegapolas\/smink\/korom\/koromerositok\/med-koromerosito-szerum-12ml\/#primaryimage"},"image":{"@id":"https:\/\/www.eveline.hu\/2016\/eveline-kozmetikumok-szepsegapolas\/smink\/korom\/koromerositok\/med-koromerosito-szerum-12ml\/#primaryimage"},"thumbnailUrl":"https:\/\/www.eveline.hu\/2016\/wp-content\/uploads\/2022\/05\/5901761966367-NAIL-THERAPY-MED-HARDENING-NAIL-SERUM-12MLw.png","datePublished":"2022-05-23T09:22:33+00:00","dateModified":"2022-12-28T15:49:11+00:00","breadcrumb":{"@id":"https:\/\/www.eveline.hu\/2016\/eveline-kozmetikumok-szepsegapolas\/smink\/korom\/koromerositok\/med-koromerosito-szerum-12ml\/#breadcrumb"},"inLanguage":"hu","potentialAction":[{"@type":"ReadAction","target":["https:\/\/www.eveline.hu\/2016\/eveline-kozmetikumok-szepsegapolas\/smink\/korom\/koromerositok\/med-koromerosito-szerum-12ml\/"]}]},{"@type":"ImageObject","inLanguage":"hu","@id":"https:\/\/www.eveline.hu\/2016\/eveline-kozmetikumok-szepsegapolas\/smink\/korom\/koromerositok\/med-koromerosito-szerum-12ml\/#primaryimage","url":"https:\/\/www.eveline.hu\/2016\/wp-content\/uploads\/2022\/05\/5901761966367-NAIL-THERAPY-MED-HARDENING-NAIL-SERUM-12MLw.png","contentUrl":"https:\/\/www.eveline.hu\/2016\/wp-content\/uploads\/2022\/05\/5901761966367-NAIL-THERAPY-MED-HARDENING-NAIL-SERUM-12MLw.png","width":750,"height":750},{"@type":"BreadcrumbList","@id":"https:\/\/www.eveline.hu\/2016\/eveline-kozmetikumok-szepsegapolas\/smink\/korom\/koromerositok\/med-koromerosito-szerum-12ml\/#breadcrumb","itemListElement":[{"@type":"ListItem","position":1,"name":"Home","item":"https:\/\/www.eveline.hu\/2016\/"},{"@type":"ListItem","position":2,"name":"Term\u00e9kek","item":"https:\/\/www.eveline.hu\/2016\/shop\/"},{"@type":"ListItem","position":3,"name":"+MED K\u00f6r\u00f6mer\u0151s\u00edt\u0151 sz\u00e9rum 12ml"}]},{"@type":"WebSite","@id":"https:\/\/www.eveline.hu\/2016\/#website","url":"https:\/\/www.eveline.hu\/2016\/","name":"Eveline Cosmetics Magyarorsz\u00e1g","description":"Min\u0151s\u00e9gi kozmetikumok Lengyelorsz\u00e1gb\u00f3l","potentialAction":[{"@type":"SearchAction","target":{"@type":"EntryPoint","urlTemplate":"https:\/\/www.eveline.hu\/2016\/?s={search_term_string}"},"query-input":"required name=search_term_string"}],"inLanguage":"hu"}]}},"_links":{"self":[{"href":"https:\/\/www.eveline.hu\/2016\/wp-json\/wp\/v2\/product\/28414"}],"collection":[{"href":"https:\/\/www.eveline.hu\/2016\/wp-json\/wp\/v2\/product"}],"about":[{"href":"https:\/\/www.eveline.hu\/2016\/wp-json\/wp\/v2\/types\/product"}],"replies":[{"embeddable":true,"href":"https:\/\/www.eveline.hu\/2016\/wp-json\/wp\/v2\/comments?post=28414"}],"wp:featuredmedia":[{"embeddable":true,"href":"https:\/\/www.eveline.hu\/2016\/wp-json\/wp\/v2\/media\/28415"}],"wp:attachment":[{"href":"https:\/\/www.eveline.hu\/2016\/wp-json\/wp\/v2\/media?parent=28414"}],"wp:term":[{"taxonomy":"product_cat","embeddable":true,"href":"https:\/\/www.eveline.hu\/2016\/wp-json\/wp\/v2\/product_cat?post=28414"},{"taxonomy":"product_tag","embeddable":true,"href":"https:\/\/www.eveline.hu\/2016\/wp-json\/wp\/v2\/product_tag?post=28414"}],"curies":[{"name":"wp","href":"https:\/\/api.w.org\/{rel}","templated":true}]}}