{"id":28158,"date":"2022-02-24T14:13:26","date_gmt":"2022-02-24T13:13:26","guid":{"rendered":"https:\/\/www.eveline.hu\/2016\/?post_type=product&#038;p=28158"},"modified":"2025-01-15T19:37:42","modified_gmt":"2025-01-15T18:37:42","slug":"variete-szaten-matt-folyekony-ruzs-01","status":"publish","type":"product","link":"https:\/\/www.eveline.hu\/2016\/eveline-kozmetikumok-szepsegapolas\/smink\/szaj\/ruzsok\/variete-szaten-matt-folyekony-ruzs-01\/","title":{"rendered":"VARI\u00c9T\u00c9 Szat\u00e9n matt foly\u00e9kony r\u00fazs 01"},"content":{"rendered":"<p><span class=\"VIiyi\" lang=\"hu\"><span class=\"JLqJ4b ChMk0b\" data-language-for-alternatives=\"hu\" data-language-to-translate-into=\"pl\" data-phrase-index=\"0\" data-number-of-phrases=\"10\">A r\u00fazs sok\u00e1ig az ajkakon marad, \u00e9s nem ker\u00fcl \u00e1t m\u00e1s anyagokra.<\/span><\/span><\/p>\n<p><span class=\"VIiyi\" lang=\"hu\"><span class=\"JLqJ4b ChMk0b\" data-language-for-alternatives=\"hu\" data-language-to-translate-into=\"pl\" data-phrase-index=\"3\" data-number-of-phrases=\"10\">Az egyed\u00fcl\u00e1ll\u00f3 hidrat\u00e1l\u00f3 komplex hialuronsavval \u00e9s E-vitaminnal t\u00f6k\u00e9letesen \u00e1polt\u00e1 var\u00e1zsolja ajkait.<\/span> <\/span><\/p>\n<p>Isododecane, Synthetic Wax, Quaternium-90 Sepiolite, Bis-Carboxydecyl Dimethicone, Phenyl Trimethicone, Trimethylsiloxysilicate, Cera Alba, Quaternium-90 Montmorillonite, Glyceryl Behenate, Silica Dimethyl Silylate, Dimethicone, Disteardimonium Hectorite, Polysilicone-11, Tocopherol, Ascorbyl Palmitate, Ascorbic Acid, Citric Acid, Tocopheryl Acetate, Sodium Hyaluronate, PEG-8, Propylene Carbonate, PEG-8 Caprylic\/Capric Glycerides, Octyldodeceth-25, Pentaerythrityl Tetra-di-t-butyl Hydroxyhydrocinnamate, Propylene Glycol, Decylene Glycol, Phenoxyethanol, Ethylhexylglycerin, Aqua (Water), Parfum (Fragrance), Benzyl Alcohol +\/- CI 77891, CI 19140, CI 45380, CI 45410, CI 15850, CI 77007, CI 77510, CI 77491, CI 77492, CI 77499<\/p>\n","protected":false},"excerpt":{"rendered":"<p>A r\u00fazs sok\u00e1ig az ajkakon marad, \u00e9s nem ker\u00fcl \u00e1t m\u00e1s anyagokra. Az egyed\u00fcl\u00e1ll\u00f3 hidrat\u00e1l\u00f3 komplex hialuronsavval \u00e9s E-vitaminnal t\u00f6k\u00e9letesen \u00e1polt\u00e1 var\u00e1zsolja ajkait. Isododecane, Synthetic Wax, Quaternium-90 Sepiolite, Bis-Carboxydecyl Dimethicone, Phenyl Trimethicone, Trimethylsiloxysilicate, Cera Alba, Quaternium-90 Montmorillonite, Glyceryl Behenate, Silica [&hellip;]<\/p>\n","protected":false},"featured_media":28159,"comment_status":"open","ping_status":"closed","template":"","meta":[],"product_cat":[286,152,153],"product_tag":[],"yoast_head":"<!-- This site is optimized with the Yoast SEO plugin v22.2 - https:\/\/yoast.com\/wordpress\/plugins\/seo\/ -->\n<title>VARI\u00c9T\u00c9 Szat\u00e9n matt foly\u00e9kony r\u00fazs 01 - Eveline Cosmetics Magyarorsz\u00e1g<\/title>\n<meta name=\"robots\" content=\"index, follow, max-snippet:-1, max-image-preview:large, max-video-preview:-1\" \/>\n<link rel=\"canonical\" href=\"https:\/\/www.eveline.hu\/2016\/eveline-kozmetikumok-szepsegapolas\/smink\/szaj\/ruzsok\/variete-szaten-matt-folyekony-ruzs-01\/\" \/>\n<meta property=\"og:locale\" content=\"hu_HU\" \/>\n<meta property=\"og:type\" content=\"article\" \/>\n<meta property=\"og:title\" content=\"VARI\u00c9T\u00c9 Szat\u00e9n matt foly\u00e9kony r\u00fazs 01 - Eveline Cosmetics Magyarorsz\u00e1g\" \/>\n<meta property=\"og:description\" content=\"A r\u00fazs sok\u00e1ig az ajkakon marad, \u00e9s nem ker\u00fcl \u00e1t m\u00e1s anyagokra. Az egyed\u00fcl\u00e1ll\u00f3 hidrat\u00e1l\u00f3 komplex hialuronsavval \u00e9s E-vitaminnal t\u00f6k\u00e9letesen \u00e1polt\u00e1 var\u00e1zsolja ajkait. Isododecane, Synthetic Wax, Quaternium-90 Sepiolite, Bis-Carboxydecyl Dimethicone, Phenyl Trimethicone, Trimethylsiloxysilicate, Cera Alba, Quaternium-90 Montmorillonite, Glyceryl Behenate, Silica [&hellip;]\" \/>\n<meta property=\"og:url\" content=\"https:\/\/www.eveline.hu\/2016\/eveline-kozmetikumok-szepsegapolas\/smink\/szaj\/ruzsok\/variete-szaten-matt-folyekony-ruzs-01\/\" \/>\n<meta property=\"og:site_name\" content=\"Eveline Cosmetics Magyarorsz\u00e1g\" \/>\n<meta property=\"article:modified_time\" content=\"2025-01-15T18:37:42+00:00\" \/>\n<meta property=\"og:image\" content=\"https:\/\/www.eveline.hu\/2016\/wp-content\/uploads\/2022\/02\/5901761950199-VARIETE-SATIN-MATT-NR-1-w.png\" \/>\n\t<meta property=\"og:image:width\" content=\"750\" \/>\n\t<meta property=\"og:image:height\" content=\"750\" \/>\n\t<meta property=\"og:image:type\" content=\"image\/png\" \/>\n<meta name=\"twitter:card\" content=\"summary_large_image\" \/>\n<meta name=\"twitter:label1\" content=\"Becs\u00fclt olvas\u00e1si id\u0151\" \/>\n\t<meta name=\"twitter:data1\" content=\"1 perc\" \/>\n<script type=\"application\/ld+json\" class=\"yoast-schema-graph\">{\"@context\":\"https:\/\/schema.org\",\"@graph\":[{\"@type\":\"WebPage\",\"@id\":\"https:\/\/www.eveline.hu\/2016\/eveline-kozmetikumok-szepsegapolas\/smink\/szaj\/ruzsok\/variete-szaten-matt-folyekony-ruzs-01\/\",\"url\":\"https:\/\/www.eveline.hu\/2016\/eveline-kozmetikumok-szepsegapolas\/smink\/szaj\/ruzsok\/variete-szaten-matt-folyekony-ruzs-01\/\",\"name\":\"VARI\u00c9T\u00c9 Szat\u00e9n matt foly\u00e9kony r\u00fazs 01 - Eveline Cosmetics Magyarorsz\u00e1g\",\"isPartOf\":{\"@id\":\"https:\/\/www.eveline.hu\/2016\/#website\"},\"primaryImageOfPage\":{\"@id\":\"https:\/\/www.eveline.hu\/2016\/eveline-kozmetikumok-szepsegapolas\/smink\/szaj\/ruzsok\/variete-szaten-matt-folyekony-ruzs-01\/#primaryimage\"},\"image\":{\"@id\":\"https:\/\/www.eveline.hu\/2016\/eveline-kozmetikumok-szepsegapolas\/smink\/szaj\/ruzsok\/variete-szaten-matt-folyekony-ruzs-01\/#primaryimage\"},\"thumbnailUrl\":\"https:\/\/www.eveline.hu\/2016\/wp-content\/uploads\/2022\/02\/5901761950199-VARIETE-SATIN-MATT-NR-1-w.png\",\"datePublished\":\"2022-02-24T13:13:26+00:00\",\"dateModified\":\"2025-01-15T18:37:42+00:00\",\"breadcrumb\":{\"@id\":\"https:\/\/www.eveline.hu\/2016\/eveline-kozmetikumok-szepsegapolas\/smink\/szaj\/ruzsok\/variete-szaten-matt-folyekony-ruzs-01\/#breadcrumb\"},\"inLanguage\":\"hu\",\"potentialAction\":[{\"@type\":\"ReadAction\",\"target\":[\"https:\/\/www.eveline.hu\/2016\/eveline-kozmetikumok-szepsegapolas\/smink\/szaj\/ruzsok\/variete-szaten-matt-folyekony-ruzs-01\/\"]}]},{\"@type\":\"ImageObject\",\"inLanguage\":\"hu\",\"@id\":\"https:\/\/www.eveline.hu\/2016\/eveline-kozmetikumok-szepsegapolas\/smink\/szaj\/ruzsok\/variete-szaten-matt-folyekony-ruzs-01\/#primaryimage\",\"url\":\"https:\/\/www.eveline.hu\/2016\/wp-content\/uploads\/2022\/02\/5901761950199-VARIETE-SATIN-MATT-NR-1-w.png\",\"contentUrl\":\"https:\/\/www.eveline.hu\/2016\/wp-content\/uploads\/2022\/02\/5901761950199-VARIETE-SATIN-MATT-NR-1-w.png\",\"width\":750,\"height\":750},{\"@type\":\"BreadcrumbList\",\"@id\":\"https:\/\/www.eveline.hu\/2016\/eveline-kozmetikumok-szepsegapolas\/smink\/szaj\/ruzsok\/variete-szaten-matt-folyekony-ruzs-01\/#breadcrumb\",\"itemListElement\":[{\"@type\":\"ListItem\",\"position\":1,\"name\":\"Home\",\"item\":\"https:\/\/www.eveline.hu\/2016\/\"},{\"@type\":\"ListItem\",\"position\":2,\"name\":\"Term\u00e9kek\",\"item\":\"https:\/\/www.eveline.hu\/2016\/shop\/\"},{\"@type\":\"ListItem\",\"position\":3,\"name\":\"VARI\u00c9T\u00c9 Szat\u00e9n matt foly\u00e9kony r\u00fazs 01\"}]},{\"@type\":\"WebSite\",\"@id\":\"https:\/\/www.eveline.hu\/2016\/#website\",\"url\":\"https:\/\/www.eveline.hu\/2016\/\",\"name\":\"Eveline Cosmetics Magyarorsz\u00e1g\",\"description\":\"Min\u0151s\u00e9gi kozmetikumok Lengyelorsz\u00e1gb\u00f3l\",\"potentialAction\":[{\"@type\":\"SearchAction\",\"target\":{\"@type\":\"EntryPoint\",\"urlTemplate\":\"https:\/\/www.eveline.hu\/2016\/?s={search_term_string}\"},\"query-input\":\"required name=search_term_string\"}],\"inLanguage\":\"hu\"}]}<\/script>\n<!-- \/ Yoast SEO plugin. -->","yoast_head_json":{"title":"VARI\u00c9T\u00c9 Szat\u00e9n matt foly\u00e9kony r\u00fazs 01 - Eveline Cosmetics Magyarorsz\u00e1g","robots":{"index":"index","follow":"follow","max-snippet":"max-snippet:-1","max-image-preview":"max-image-preview:large","max-video-preview":"max-video-preview:-1"},"canonical":"https:\/\/www.eveline.hu\/2016\/eveline-kozmetikumok-szepsegapolas\/smink\/szaj\/ruzsok\/variete-szaten-matt-folyekony-ruzs-01\/","og_locale":"hu_HU","og_type":"article","og_title":"VARI\u00c9T\u00c9 Szat\u00e9n matt foly\u00e9kony r\u00fazs 01 - Eveline Cosmetics Magyarorsz\u00e1g","og_description":"A r\u00fazs sok\u00e1ig az ajkakon marad, \u00e9s nem ker\u00fcl \u00e1t m\u00e1s anyagokra. Az egyed\u00fcl\u00e1ll\u00f3 hidrat\u00e1l\u00f3 komplex hialuronsavval \u00e9s E-vitaminnal t\u00f6k\u00e9letesen \u00e1polt\u00e1 var\u00e1zsolja ajkait. Isododecane, Synthetic Wax, Quaternium-90 Sepiolite, Bis-Carboxydecyl Dimethicone, Phenyl Trimethicone, Trimethylsiloxysilicate, Cera Alba, Quaternium-90 Montmorillonite, Glyceryl Behenate, Silica [&hellip;]","og_url":"https:\/\/www.eveline.hu\/2016\/eveline-kozmetikumok-szepsegapolas\/smink\/szaj\/ruzsok\/variete-szaten-matt-folyekony-ruzs-01\/","og_site_name":"Eveline Cosmetics Magyarorsz\u00e1g","article_modified_time":"2025-01-15T18:37:42+00:00","og_image":[{"width":750,"height":750,"url":"https:\/\/www.eveline.hu\/2016\/wp-content\/uploads\/2022\/02\/5901761950199-VARIETE-SATIN-MATT-NR-1-w.png","type":"image\/png"}],"twitter_card":"summary_large_image","twitter_misc":{"Becs\u00fclt olvas\u00e1si id\u0151":"1 perc"},"schema":{"@context":"https:\/\/schema.org","@graph":[{"@type":"WebPage","@id":"https:\/\/www.eveline.hu\/2016\/eveline-kozmetikumok-szepsegapolas\/smink\/szaj\/ruzsok\/variete-szaten-matt-folyekony-ruzs-01\/","url":"https:\/\/www.eveline.hu\/2016\/eveline-kozmetikumok-szepsegapolas\/smink\/szaj\/ruzsok\/variete-szaten-matt-folyekony-ruzs-01\/","name":"VARI\u00c9T\u00c9 Szat\u00e9n matt foly\u00e9kony r\u00fazs 01 - Eveline Cosmetics Magyarorsz\u00e1g","isPartOf":{"@id":"https:\/\/www.eveline.hu\/2016\/#website"},"primaryImageOfPage":{"@id":"https:\/\/www.eveline.hu\/2016\/eveline-kozmetikumok-szepsegapolas\/smink\/szaj\/ruzsok\/variete-szaten-matt-folyekony-ruzs-01\/#primaryimage"},"image":{"@id":"https:\/\/www.eveline.hu\/2016\/eveline-kozmetikumok-szepsegapolas\/smink\/szaj\/ruzsok\/variete-szaten-matt-folyekony-ruzs-01\/#primaryimage"},"thumbnailUrl":"https:\/\/www.eveline.hu\/2016\/wp-content\/uploads\/2022\/02\/5901761950199-VARIETE-SATIN-MATT-NR-1-w.png","datePublished":"2022-02-24T13:13:26+00:00","dateModified":"2025-01-15T18:37:42+00:00","breadcrumb":{"@id":"https:\/\/www.eveline.hu\/2016\/eveline-kozmetikumok-szepsegapolas\/smink\/szaj\/ruzsok\/variete-szaten-matt-folyekony-ruzs-01\/#breadcrumb"},"inLanguage":"hu","potentialAction":[{"@type":"ReadAction","target":["https:\/\/www.eveline.hu\/2016\/eveline-kozmetikumok-szepsegapolas\/smink\/szaj\/ruzsok\/variete-szaten-matt-folyekony-ruzs-01\/"]}]},{"@type":"ImageObject","inLanguage":"hu","@id":"https:\/\/www.eveline.hu\/2016\/eveline-kozmetikumok-szepsegapolas\/smink\/szaj\/ruzsok\/variete-szaten-matt-folyekony-ruzs-01\/#primaryimage","url":"https:\/\/www.eveline.hu\/2016\/wp-content\/uploads\/2022\/02\/5901761950199-VARIETE-SATIN-MATT-NR-1-w.png","contentUrl":"https:\/\/www.eveline.hu\/2016\/wp-content\/uploads\/2022\/02\/5901761950199-VARIETE-SATIN-MATT-NR-1-w.png","width":750,"height":750},{"@type":"BreadcrumbList","@id":"https:\/\/www.eveline.hu\/2016\/eveline-kozmetikumok-szepsegapolas\/smink\/szaj\/ruzsok\/variete-szaten-matt-folyekony-ruzs-01\/#breadcrumb","itemListElement":[{"@type":"ListItem","position":1,"name":"Home","item":"https:\/\/www.eveline.hu\/2016\/"},{"@type":"ListItem","position":2,"name":"Term\u00e9kek","item":"https:\/\/www.eveline.hu\/2016\/shop\/"},{"@type":"ListItem","position":3,"name":"VARI\u00c9T\u00c9 Szat\u00e9n matt foly\u00e9kony r\u00fazs 01"}]},{"@type":"WebSite","@id":"https:\/\/www.eveline.hu\/2016\/#website","url":"https:\/\/www.eveline.hu\/2016\/","name":"Eveline Cosmetics Magyarorsz\u00e1g","description":"Min\u0151s\u00e9gi kozmetikumok Lengyelorsz\u00e1gb\u00f3l","potentialAction":[{"@type":"SearchAction","target":{"@type":"EntryPoint","urlTemplate":"https:\/\/www.eveline.hu\/2016\/?s={search_term_string}"},"query-input":"required name=search_term_string"}],"inLanguage":"hu"}]}},"_links":{"self":[{"href":"https:\/\/www.eveline.hu\/2016\/wp-json\/wp\/v2\/product\/28158"}],"collection":[{"href":"https:\/\/www.eveline.hu\/2016\/wp-json\/wp\/v2\/product"}],"about":[{"href":"https:\/\/www.eveline.hu\/2016\/wp-json\/wp\/v2\/types\/product"}],"replies":[{"embeddable":true,"href":"https:\/\/www.eveline.hu\/2016\/wp-json\/wp\/v2\/comments?post=28158"}],"wp:featuredmedia":[{"embeddable":true,"href":"https:\/\/www.eveline.hu\/2016\/wp-json\/wp\/v2\/media\/28159"}],"wp:attachment":[{"href":"https:\/\/www.eveline.hu\/2016\/wp-json\/wp\/v2\/media?parent=28158"}],"wp:term":[{"taxonomy":"product_cat","embeddable":true,"href":"https:\/\/www.eveline.hu\/2016\/wp-json\/wp\/v2\/product_cat?post=28158"},{"taxonomy":"product_tag","embeddable":true,"href":"https:\/\/www.eveline.hu\/2016\/wp-json\/wp\/v2\/product_tag?post=28158"}],"curies":[{"name":"wp","href":"https:\/\/api.w.org\/{rel}","templated":true}]}}