{"id":28132,"date":"2022-02-16T15:03:50","date_gmt":"2022-02-16T14:03:50","guid":{"rendered":"https:\/\/www.eveline.hu\/2016\/?post_type=product&#038;p=28132"},"modified":"2022-11-14T19:12:38","modified_gmt":"2022-11-14T18:12:38","slug":"biohyaluron-3-x-retinol-system-ranctalanito-szemkornyekapolo-roll-on-15ml","status":"publish","type":"product","link":"https:\/\/www.eveline.hu\/2016\/eveline-kozmetikumok-szepsegapolas\/szepsegapolas\/arcapolas\/biohyaluron-3-x-retinol-system-ranctalanito-szemkornyekapolo-roll-on-15ml\/","title":{"rendered":"bioHYALURON 3 x RETINOL SYSTEM  R\u00e1nctalan\u00edt\u00f3 szemk\u00f6rny\u00e9k\u00e1pol\u00f3 roll-on 15ml"},"content":{"rendered":"<p>Hipoallerg\u00e9n, nappali \u00e9s \u00e9jszakai<\/p>\n<p>A biohyaluron 3 x RETINOL SYSTEM egy fejlett biotechnol\u00f3giai megold\u00e1s, amely \u00faj korszakot nyit az anti-aging \u00e1pol\u00e1sban. A legmagasabb t\u00f6k\u00e9letess\u00e9ggel kifejlesztett, szabadalmaztat\u00e1s alatt \u00e1ll\u00f3 formula, a hialuronsav ak\u00e1r 6 form\u00e1j\u00e1nak innovat\u00edv kombin\u00e1ci\u00f3j\u00e1n alapul a retinol p\u00e9ld\u00e1tlan, h\u00e1rmas erej\u00e9vel. A p\u00e1ratlan hat\u00e9konys\u00e1g\u00fa akt\u00edv \u00f6sszetev\u0151k azonnali b\u0151rfiatal\u00edt\u00f3 hat\u00e1st biztos\u00edtanak.<\/p>\n<p>A hialuronsav n\u00e9h\u00e1ny form\u00e1ja \u00e9s a retinol hibrid kombin\u00e1ci\u00f3j\u00e1nak k\u00f6sz\u00f6nhet\u0151en, koffeinnel \u00e9s szemvid\u00edt\u00f3f\u0171 kivonattal d\u00fas\u00edtva cs\u00f6kkenti a s\u00f6t\u00e9t karik\u00e1kat, a duzzanatokat \u00e9s az apr\u00f3 r\u00e1ncokat, valamint megakad\u00e1lyozza az \u00fajak kialakul\u00e1s\u00e1t. Az applik\u00e1tor f\u00e9mes cs\u00facsa gyeng\u00e9den massz\u00edrozza a b\u0151rt, finoman h\u0171tve \u00e9s serkentve a v\u00e9rkering\u00e9st. A szemek \u00e9s a szemh\u00e9jak b\u0151re sim\u00e1bb\u00e1 v\u00e1lik, a szarkal\u00e1bak cs\u00f6kkennek, mik\u00f6zben a megjelen\u00e9s fiatalosabb \u00e9s energikusabb lesz.<\/p>\n<p><strong>Alkalmaz\u00e1s<\/strong>: Haszn\u00e1lat el\u0151tt r\u00e1zza fel. A g\u00e9lt az applik\u00e1tor h\u0171s\u00edt\u0151 cs\u00facs\u00e1val minden reggel \u00e9s este d\u00f6rzs\u00f6lje bele a megtiszt\u00edtott szemk\u00f6rny\u00e9ki-\u00a0 \u00e9s szemh\u00e9jb\u0151rbe.<\/p>\n<p>\u00d6sszetev\u0151k:Aqua (Water), Glycerin, Caffeine, Niacinamide, Sodium Hyaluronate, Fraxinus Excelsior Bark Extract, Euphrasia Officinalis Leaf Extract, Paeonia Lactiflora Root Extract, Cichorium Intybus Leaf Extract, Spirulina Maxima Extract, Polymnia Sonchifolia Root Juice, Cocos Nucifera Oil, Pullulan, Sodium Hyaluronate Crosspolymer, Bakuchiol, Hyaluronic Acid, Retinyl Palmitate, Linoleic Acid, Tocopherol, Dipeptide Diaminobutyroyl Benzylamide Diacetate, Tocopheryl Acetate, Alpha-Glucan Oligosaccharide, Inulin, Lactobacillus, Acetyl Hexapeptide-8, Trehalose, Menthyl Lactate, Glycolic Acid, Silanetriol, Phenoxyethanol, Ethylhexylglycerin, Potassium Sorbate, Sodium Benzoate, Polyglyceryl-4 Caprate, Polyglyceryl-6 Caprylate, Butylene Glycol, Propylene Glycol, Acrylates\/C10-30 Alkyl Acrylate Crosspolymer, Triethanolamine, PPG-26-Buteth-26, PEG-40 Hydrogenated Castor Oil, Polysorbate 20, Hydrolyzed Glycosaminoglycans, Potassium Citrate, PEG-20 Glyceryl Laurate, Sucrose Palmitate, Maltodextrin, Glyceryl Linoleate, Pentylene Glycol, Caprylyl Glycol, Hexylene Glycol, Xanthan Gum, Caprylic\/Capric Triglyceride, Diethylhexyl Syringylidenemalonate, Citric Acid.<\/p>\n","protected":false},"excerpt":{"rendered":"<p>Hipoallerg\u00e9n, nappali \u00e9s \u00e9jszakai A biohyaluron 3 x RETINOL SYSTEM egy fejlett biotechnol\u00f3giai megold\u00e1s, amely \u00faj korszakot nyit az anti-aging \u00e1pol\u00e1sban. A legmagasabb t\u00f6k\u00e9letess\u00e9ggel kifejlesztett, szabadalmaztat\u00e1s alatt \u00e1ll\u00f3 formula, a hialuronsav ak\u00e1r 6 form\u00e1j\u00e1nak innovat\u00edv kombin\u00e1ci\u00f3j\u00e1n alapul a retinol p\u00e9ld\u00e1tlan, [&hellip;]<\/p>\n","protected":false},"featured_media":28133,"comment_status":"open","ping_status":"closed","template":"","meta":[],"product_cat":[300,125,126,80],"product_tag":[],"yoast_head":"<!-- This site is optimized with the Yoast SEO plugin v22.2 - https:\/\/yoast.com\/wordpress\/plugins\/seo\/ -->\n<title>bioHYALURON 3 x RETINOL SYSTEM R\u00e1nctalan\u00edt\u00f3 szemk\u00f6rny\u00e9k\u00e1pol\u00f3 roll-on 15ml - Eveline Cosmetics Magyarorsz\u00e1g<\/title>\n<meta name=\"robots\" content=\"index, follow, max-snippet:-1, max-image-preview:large, max-video-preview:-1\" \/>\n<link rel=\"canonical\" href=\"https:\/\/www.eveline.hu\/2016\/eveline-kozmetikumok-szepsegapolas\/szepsegapolas\/arcapolas\/biohyaluron-3-x-retinol-system-ranctalanito-szemkornyekapolo-roll-on-15ml\/\" \/>\n<meta property=\"og:locale\" content=\"hu_HU\" \/>\n<meta property=\"og:type\" content=\"article\" \/>\n<meta property=\"og:title\" content=\"bioHYALURON 3 x RETINOL SYSTEM R\u00e1nctalan\u00edt\u00f3 szemk\u00f6rny\u00e9k\u00e1pol\u00f3 roll-on 15ml - Eveline Cosmetics Magyarorsz\u00e1g\" \/>\n<meta property=\"og:description\" content=\"Hipoallerg\u00e9n, nappali \u00e9s \u00e9jszakai A biohyaluron 3 x RETINOL SYSTEM egy fejlett biotechnol\u00f3giai megold\u00e1s, amely \u00faj korszakot nyit az anti-aging \u00e1pol\u00e1sban. A legmagasabb t\u00f6k\u00e9letess\u00e9ggel kifejlesztett, szabadalmaztat\u00e1s alatt \u00e1ll\u00f3 formula, a hialuronsav ak\u00e1r 6 form\u00e1j\u00e1nak innovat\u00edv kombin\u00e1ci\u00f3j\u00e1n alapul a retinol p\u00e9ld\u00e1tlan, [&hellip;]\" \/>\n<meta property=\"og:url\" content=\"https:\/\/www.eveline.hu\/2016\/eveline-kozmetikumok-szepsegapolas\/szepsegapolas\/arcapolas\/biohyaluron-3-x-retinol-system-ranctalanito-szemkornyekapolo-roll-on-15ml\/\" \/>\n<meta property=\"og:site_name\" content=\"Eveline Cosmetics Magyarorsz\u00e1g\" \/>\n<meta property=\"article:modified_time\" content=\"2022-11-14T18:12:38+00:00\" \/>\n<meta property=\"og:image\" content=\"https:\/\/www.eveline.hu\/2016\/wp-content\/uploads\/2022\/02\/5903416028741-BIO-HYALURON-3XRETINOL-SYSTEM-ROLL-ON-15ML-w.png\" \/>\n\t<meta property=\"og:image:width\" content=\"750\" \/>\n\t<meta property=\"og:image:height\" content=\"750\" \/>\n\t<meta property=\"og:image:type\" content=\"image\/png\" \/>\n<meta name=\"twitter:card\" content=\"summary_large_image\" \/>\n<meta name=\"twitter:label1\" content=\"Becs\u00fclt olvas\u00e1si id\u0151\" \/>\n\t<meta name=\"twitter:data1\" content=\"2 perc\" \/>\n<script type=\"application\/ld+json\" class=\"yoast-schema-graph\">{\"@context\":\"https:\/\/schema.org\",\"@graph\":[{\"@type\":\"WebPage\",\"@id\":\"https:\/\/www.eveline.hu\/2016\/eveline-kozmetikumok-szepsegapolas\/szepsegapolas\/arcapolas\/biohyaluron-3-x-retinol-system-ranctalanito-szemkornyekapolo-roll-on-15ml\/\",\"url\":\"https:\/\/www.eveline.hu\/2016\/eveline-kozmetikumok-szepsegapolas\/szepsegapolas\/arcapolas\/biohyaluron-3-x-retinol-system-ranctalanito-szemkornyekapolo-roll-on-15ml\/\",\"name\":\"bioHYALURON 3 x RETINOL SYSTEM R\u00e1nctalan\u00edt\u00f3 szemk\u00f6rny\u00e9k\u00e1pol\u00f3 roll-on 15ml - Eveline Cosmetics Magyarorsz\u00e1g\",\"isPartOf\":{\"@id\":\"https:\/\/www.eveline.hu\/2016\/#website\"},\"primaryImageOfPage\":{\"@id\":\"https:\/\/www.eveline.hu\/2016\/eveline-kozmetikumok-szepsegapolas\/szepsegapolas\/arcapolas\/biohyaluron-3-x-retinol-system-ranctalanito-szemkornyekapolo-roll-on-15ml\/#primaryimage\"},\"image\":{\"@id\":\"https:\/\/www.eveline.hu\/2016\/eveline-kozmetikumok-szepsegapolas\/szepsegapolas\/arcapolas\/biohyaluron-3-x-retinol-system-ranctalanito-szemkornyekapolo-roll-on-15ml\/#primaryimage\"},\"thumbnailUrl\":\"https:\/\/www.eveline.hu\/2016\/wp-content\/uploads\/2022\/02\/5903416028741-BIO-HYALURON-3XRETINOL-SYSTEM-ROLL-ON-15ML-w.png\",\"datePublished\":\"2022-02-16T14:03:50+00:00\",\"dateModified\":\"2022-11-14T18:12:38+00:00\",\"breadcrumb\":{\"@id\":\"https:\/\/www.eveline.hu\/2016\/eveline-kozmetikumok-szepsegapolas\/szepsegapolas\/arcapolas\/biohyaluron-3-x-retinol-system-ranctalanito-szemkornyekapolo-roll-on-15ml\/#breadcrumb\"},\"inLanguage\":\"hu\",\"potentialAction\":[{\"@type\":\"ReadAction\",\"target\":[\"https:\/\/www.eveline.hu\/2016\/eveline-kozmetikumok-szepsegapolas\/szepsegapolas\/arcapolas\/biohyaluron-3-x-retinol-system-ranctalanito-szemkornyekapolo-roll-on-15ml\/\"]}]},{\"@type\":\"ImageObject\",\"inLanguage\":\"hu\",\"@id\":\"https:\/\/www.eveline.hu\/2016\/eveline-kozmetikumok-szepsegapolas\/szepsegapolas\/arcapolas\/biohyaluron-3-x-retinol-system-ranctalanito-szemkornyekapolo-roll-on-15ml\/#primaryimage\",\"url\":\"https:\/\/www.eveline.hu\/2016\/wp-content\/uploads\/2022\/02\/5903416028741-BIO-HYALURON-3XRETINOL-SYSTEM-ROLL-ON-15ML-w.png\",\"contentUrl\":\"https:\/\/www.eveline.hu\/2016\/wp-content\/uploads\/2022\/02\/5903416028741-BIO-HYALURON-3XRETINOL-SYSTEM-ROLL-ON-15ML-w.png\",\"width\":750,\"height\":750},{\"@type\":\"BreadcrumbList\",\"@id\":\"https:\/\/www.eveline.hu\/2016\/eveline-kozmetikumok-szepsegapolas\/szepsegapolas\/arcapolas\/biohyaluron-3-x-retinol-system-ranctalanito-szemkornyekapolo-roll-on-15ml\/#breadcrumb\",\"itemListElement\":[{\"@type\":\"ListItem\",\"position\":1,\"name\":\"Home\",\"item\":\"https:\/\/www.eveline.hu\/2016\/\"},{\"@type\":\"ListItem\",\"position\":2,\"name\":\"Term\u00e9kek\",\"item\":\"https:\/\/www.eveline.hu\/2016\/shop\/\"},{\"@type\":\"ListItem\",\"position\":3,\"name\":\"bioHYALURON 3 x RETINOL SYSTEM R\u00e1nctalan\u00edt\u00f3 szemk\u00f6rny\u00e9k\u00e1pol\u00f3 roll-on 15ml\"}]},{\"@type\":\"WebSite\",\"@id\":\"https:\/\/www.eveline.hu\/2016\/#website\",\"url\":\"https:\/\/www.eveline.hu\/2016\/\",\"name\":\"Eveline Cosmetics Magyarorsz\u00e1g\",\"description\":\"Min\u0151s\u00e9gi kozmetikumok Lengyelorsz\u00e1gb\u00f3l\",\"potentialAction\":[{\"@type\":\"SearchAction\",\"target\":{\"@type\":\"EntryPoint\",\"urlTemplate\":\"https:\/\/www.eveline.hu\/2016\/?s={search_term_string}\"},\"query-input\":\"required name=search_term_string\"}],\"inLanguage\":\"hu\"}]}<\/script>\n<!-- \/ Yoast SEO plugin. -->","yoast_head_json":{"title":"bioHYALURON 3 x RETINOL SYSTEM R\u00e1nctalan\u00edt\u00f3 szemk\u00f6rny\u00e9k\u00e1pol\u00f3 roll-on 15ml - Eveline Cosmetics Magyarorsz\u00e1g","robots":{"index":"index","follow":"follow","max-snippet":"max-snippet:-1","max-image-preview":"max-image-preview:large","max-video-preview":"max-video-preview:-1"},"canonical":"https:\/\/www.eveline.hu\/2016\/eveline-kozmetikumok-szepsegapolas\/szepsegapolas\/arcapolas\/biohyaluron-3-x-retinol-system-ranctalanito-szemkornyekapolo-roll-on-15ml\/","og_locale":"hu_HU","og_type":"article","og_title":"bioHYALURON 3 x RETINOL SYSTEM R\u00e1nctalan\u00edt\u00f3 szemk\u00f6rny\u00e9k\u00e1pol\u00f3 roll-on 15ml - Eveline Cosmetics Magyarorsz\u00e1g","og_description":"Hipoallerg\u00e9n, nappali \u00e9s \u00e9jszakai A biohyaluron 3 x RETINOL SYSTEM egy fejlett biotechnol\u00f3giai megold\u00e1s, amely \u00faj korszakot nyit az anti-aging \u00e1pol\u00e1sban. A legmagasabb t\u00f6k\u00e9letess\u00e9ggel kifejlesztett, szabadalmaztat\u00e1s alatt \u00e1ll\u00f3 formula, a hialuronsav ak\u00e1r 6 form\u00e1j\u00e1nak innovat\u00edv kombin\u00e1ci\u00f3j\u00e1n alapul a retinol p\u00e9ld\u00e1tlan, [&hellip;]","og_url":"https:\/\/www.eveline.hu\/2016\/eveline-kozmetikumok-szepsegapolas\/szepsegapolas\/arcapolas\/biohyaluron-3-x-retinol-system-ranctalanito-szemkornyekapolo-roll-on-15ml\/","og_site_name":"Eveline Cosmetics Magyarorsz\u00e1g","article_modified_time":"2022-11-14T18:12:38+00:00","og_image":[{"width":750,"height":750,"url":"https:\/\/www.eveline.hu\/2016\/wp-content\/uploads\/2022\/02\/5903416028741-BIO-HYALURON-3XRETINOL-SYSTEM-ROLL-ON-15ML-w.png","type":"image\/png"}],"twitter_card":"summary_large_image","twitter_misc":{"Becs\u00fclt olvas\u00e1si id\u0151":"2 perc"},"schema":{"@context":"https:\/\/schema.org","@graph":[{"@type":"WebPage","@id":"https:\/\/www.eveline.hu\/2016\/eveline-kozmetikumok-szepsegapolas\/szepsegapolas\/arcapolas\/biohyaluron-3-x-retinol-system-ranctalanito-szemkornyekapolo-roll-on-15ml\/","url":"https:\/\/www.eveline.hu\/2016\/eveline-kozmetikumok-szepsegapolas\/szepsegapolas\/arcapolas\/biohyaluron-3-x-retinol-system-ranctalanito-szemkornyekapolo-roll-on-15ml\/","name":"bioHYALURON 3 x RETINOL SYSTEM R\u00e1nctalan\u00edt\u00f3 szemk\u00f6rny\u00e9k\u00e1pol\u00f3 roll-on 15ml - Eveline Cosmetics Magyarorsz\u00e1g","isPartOf":{"@id":"https:\/\/www.eveline.hu\/2016\/#website"},"primaryImageOfPage":{"@id":"https:\/\/www.eveline.hu\/2016\/eveline-kozmetikumok-szepsegapolas\/szepsegapolas\/arcapolas\/biohyaluron-3-x-retinol-system-ranctalanito-szemkornyekapolo-roll-on-15ml\/#primaryimage"},"image":{"@id":"https:\/\/www.eveline.hu\/2016\/eveline-kozmetikumok-szepsegapolas\/szepsegapolas\/arcapolas\/biohyaluron-3-x-retinol-system-ranctalanito-szemkornyekapolo-roll-on-15ml\/#primaryimage"},"thumbnailUrl":"https:\/\/www.eveline.hu\/2016\/wp-content\/uploads\/2022\/02\/5903416028741-BIO-HYALURON-3XRETINOL-SYSTEM-ROLL-ON-15ML-w.png","datePublished":"2022-02-16T14:03:50+00:00","dateModified":"2022-11-14T18:12:38+00:00","breadcrumb":{"@id":"https:\/\/www.eveline.hu\/2016\/eveline-kozmetikumok-szepsegapolas\/szepsegapolas\/arcapolas\/biohyaluron-3-x-retinol-system-ranctalanito-szemkornyekapolo-roll-on-15ml\/#breadcrumb"},"inLanguage":"hu","potentialAction":[{"@type":"ReadAction","target":["https:\/\/www.eveline.hu\/2016\/eveline-kozmetikumok-szepsegapolas\/szepsegapolas\/arcapolas\/biohyaluron-3-x-retinol-system-ranctalanito-szemkornyekapolo-roll-on-15ml\/"]}]},{"@type":"ImageObject","inLanguage":"hu","@id":"https:\/\/www.eveline.hu\/2016\/eveline-kozmetikumok-szepsegapolas\/szepsegapolas\/arcapolas\/biohyaluron-3-x-retinol-system-ranctalanito-szemkornyekapolo-roll-on-15ml\/#primaryimage","url":"https:\/\/www.eveline.hu\/2016\/wp-content\/uploads\/2022\/02\/5903416028741-BIO-HYALURON-3XRETINOL-SYSTEM-ROLL-ON-15ML-w.png","contentUrl":"https:\/\/www.eveline.hu\/2016\/wp-content\/uploads\/2022\/02\/5903416028741-BIO-HYALURON-3XRETINOL-SYSTEM-ROLL-ON-15ML-w.png","width":750,"height":750},{"@type":"BreadcrumbList","@id":"https:\/\/www.eveline.hu\/2016\/eveline-kozmetikumok-szepsegapolas\/szepsegapolas\/arcapolas\/biohyaluron-3-x-retinol-system-ranctalanito-szemkornyekapolo-roll-on-15ml\/#breadcrumb","itemListElement":[{"@type":"ListItem","position":1,"name":"Home","item":"https:\/\/www.eveline.hu\/2016\/"},{"@type":"ListItem","position":2,"name":"Term\u00e9kek","item":"https:\/\/www.eveline.hu\/2016\/shop\/"},{"@type":"ListItem","position":3,"name":"bioHYALURON 3 x RETINOL SYSTEM R\u00e1nctalan\u00edt\u00f3 szemk\u00f6rny\u00e9k\u00e1pol\u00f3 roll-on 15ml"}]},{"@type":"WebSite","@id":"https:\/\/www.eveline.hu\/2016\/#website","url":"https:\/\/www.eveline.hu\/2016\/","name":"Eveline Cosmetics Magyarorsz\u00e1g","description":"Min\u0151s\u00e9gi kozmetikumok Lengyelorsz\u00e1gb\u00f3l","potentialAction":[{"@type":"SearchAction","target":{"@type":"EntryPoint","urlTemplate":"https:\/\/www.eveline.hu\/2016\/?s={search_term_string}"},"query-input":"required name=search_term_string"}],"inLanguage":"hu"}]}},"_links":{"self":[{"href":"https:\/\/www.eveline.hu\/2016\/wp-json\/wp\/v2\/product\/28132"}],"collection":[{"href":"https:\/\/www.eveline.hu\/2016\/wp-json\/wp\/v2\/product"}],"about":[{"href":"https:\/\/www.eveline.hu\/2016\/wp-json\/wp\/v2\/types\/product"}],"replies":[{"embeddable":true,"href":"https:\/\/www.eveline.hu\/2016\/wp-json\/wp\/v2\/comments?post=28132"}],"wp:featuredmedia":[{"embeddable":true,"href":"https:\/\/www.eveline.hu\/2016\/wp-json\/wp\/v2\/media\/28133"}],"wp:attachment":[{"href":"https:\/\/www.eveline.hu\/2016\/wp-json\/wp\/v2\/media?parent=28132"}],"wp:term":[{"taxonomy":"product_cat","embeddable":true,"href":"https:\/\/www.eveline.hu\/2016\/wp-json\/wp\/v2\/product_cat?post=28132"},{"taxonomy":"product_tag","embeddable":true,"href":"https:\/\/www.eveline.hu\/2016\/wp-json\/wp\/v2\/product_tag?post=28132"}],"curies":[{"name":"wp","href":"https:\/\/api.w.org\/{rel}","templated":true}]}}