{"id":28128,"date":"2022-02-16T14:52:42","date_gmt":"2022-02-16T13:52:42","guid":{"rendered":"https:\/\/www.eveline.hu\/2016\/?post_type=product&#038;p=28128"},"modified":"2022-11-14T19:13:10","modified_gmt":"2022-11-14T18:13:10","slug":"biohialuron-3-x-retinol-multi-repair-intenziven-ranctalanito-szerum-ejszakai-18ml","status":"publish","type":"product","link":"https:\/\/www.eveline.hu\/2016\/eveline-kozmetikumok-szepsegapolas\/szepsegapolas\/arcapolas\/biohialuron-3-x-retinol-multi-repair-intenziven-ranctalanito-szerum-ejszakai-18ml\/","title":{"rendered":"bioHIALURON 3 x RETINOL MULTI REPAIR Intenz\u00edven r\u00e1nctalan\u00edt\u00f3 sz\u00e9rum, \u00e9jszakai 18ml"},"content":{"rendered":"<p>A biohyaluron 3 x RETINOL SYSTEM egy fejlett biotechnol\u00f3giai megold\u00e1s, amely \u00faj korszakot nyit az anti-aging \u00e1pol\u00e1sban. A legmagasabb t\u00f6k\u00e9letess\u00e9ggel kifejlesztett, szabadalmaztat\u00e1s alatt \u00e1ll\u00f3 formula, a hialuronsav ak\u00e1r 6 form\u00e1j\u00e1nak innovat\u00edv kombin\u00e1ci\u00f3j\u00e1n alapul a retinol p\u00e9ld\u00e1tlan, h\u00e1rmas erej\u00e9vel. A p\u00e1ratlan hat\u00e9konys\u00e1g\u00fa akt\u00edv \u00f6sszetev\u0151k azonnali b\u0151rfiatal\u00edt\u00f3 hat\u00e1st biztos\u00edtanak.<\/p>\n<p>A retinol 3 form\u00e1ja, a ginzeng kivonat \u00e9s az ak\u00e1c kollag\u00e9n hibrid kombin\u00e1ci\u00f3j\u00e1nak k\u00f6sz\u00f6nhet\u0151en aktiv\u00e1lja a b\u0151r regener\u00e1ci\u00f3s mechanizmusait, cs\u00f6kkentve a r\u00e1ncok l\u00e1that\u00f3s\u00e1g\u00e1t. Az arcb\u0151r hidrat\u00e1ltt\u00e1, l\u00e1tv\u00e1nyosan feszess\u00e9 \u00e9s vil\u00e1gosabb\u00e1 v\u00e1lik.<\/p>\n<p><strong>Alkalmaz\u00e1s<\/strong>: este vigyen fel kis mennyis\u00e9g\u0171 sz\u00e9rumot a sz\u00e1raz, megtiszt\u00edtott b\u0151rre, d\u00f6rzs\u00f6lje be a teljes felsz\u00edv\u00f3d\u00e1sig, majd vigyen fel kr\u00e9met a sz\u00e9ri\u00e1b\u00f3l.<\/p>\n<p>\u00d6sszetev\u0151k:Aqua (Water), Propylene Glycol, Propanediol, PEG-6 Caprylic\/Capric Glycerides, Retinyl Palmitate, Bakuchiol, Acacia Seyal Gum Extract, Panax Ginseng Root Extract, Cichorium Intybus Leaf Extract, Phenoxyethanol, Ethylhexylglycerin, Potassium Sorbate, Parfum (Fragrance), Polyglyceryl-4 Caprate, Polyglyceryl-6 Caprylate, Polyacrylate Crosspolymer-6, Xanthan Gum, Glycerin, Hexylene Glycol, Caprylyl Glycol, Citric Acid.<\/p>\n","protected":false},"excerpt":{"rendered":"<p>A biohyaluron 3 x RETINOL SYSTEM egy fejlett biotechnol\u00f3giai megold\u00e1s, amely \u00faj korszakot nyit az anti-aging \u00e1pol\u00e1sban. A legmagasabb t\u00f6k\u00e9letess\u00e9ggel kifejlesztett, szabadalmaztat\u00e1s alatt \u00e1ll\u00f3 formula, a hialuronsav ak\u00e1r 6 form\u00e1j\u00e1nak innovat\u00edv kombin\u00e1ci\u00f3j\u00e1n alapul a retinol p\u00e9ld\u00e1tlan, h\u00e1rmas erej\u00e9vel. A p\u00e1ratlan [&hellip;]<\/p>\n","protected":false},"featured_media":28129,"comment_status":"open","ping_status":"closed","template":"","meta":[],"product_cat":[300,125,126,80],"product_tag":[],"yoast_head":"<!-- This site is optimized with the Yoast SEO plugin v22.2 - https:\/\/yoast.com\/wordpress\/plugins\/seo\/ -->\n<title>bioHIALURON 3 x RETINOL MULTI REPAIR Intenz\u00edven r\u00e1nctalan\u00edt\u00f3 sz\u00e9rum, \u00e9jszakai 18ml - Eveline Cosmetics Magyarorsz\u00e1g<\/title>\n<meta name=\"robots\" content=\"index, follow, max-snippet:-1, max-image-preview:large, max-video-preview:-1\" \/>\n<link rel=\"canonical\" href=\"https:\/\/www.eveline.hu\/2016\/eveline-kozmetikumok-szepsegapolas\/szepsegapolas\/arcapolas\/biohialuron-3-x-retinol-multi-repair-intenziven-ranctalanito-szerum-ejszakai-18ml\/\" \/>\n<meta property=\"og:locale\" content=\"hu_HU\" \/>\n<meta property=\"og:type\" content=\"article\" \/>\n<meta property=\"og:title\" content=\"bioHIALURON 3 x RETINOL MULTI REPAIR Intenz\u00edven r\u00e1nctalan\u00edt\u00f3 sz\u00e9rum, \u00e9jszakai 18ml - Eveline Cosmetics Magyarorsz\u00e1g\" \/>\n<meta property=\"og:description\" content=\"A biohyaluron 3 x RETINOL SYSTEM egy fejlett biotechnol\u00f3giai megold\u00e1s, amely \u00faj korszakot nyit az anti-aging \u00e1pol\u00e1sban. A legmagasabb t\u00f6k\u00e9letess\u00e9ggel kifejlesztett, szabadalmaztat\u00e1s alatt \u00e1ll\u00f3 formula, a hialuronsav ak\u00e1r 6 form\u00e1j\u00e1nak innovat\u00edv kombin\u00e1ci\u00f3j\u00e1n alapul a retinol p\u00e9ld\u00e1tlan, h\u00e1rmas erej\u00e9vel. A p\u00e1ratlan [&hellip;]\" \/>\n<meta property=\"og:url\" content=\"https:\/\/www.eveline.hu\/2016\/eveline-kozmetikumok-szepsegapolas\/szepsegapolas\/arcapolas\/biohialuron-3-x-retinol-multi-repair-intenziven-ranctalanito-szerum-ejszakai-18ml\/\" \/>\n<meta property=\"og:site_name\" content=\"Eveline Cosmetics Magyarorsz\u00e1g\" \/>\n<meta property=\"article:modified_time\" content=\"2022-11-14T18:13:10+00:00\" \/>\n<meta property=\"og:image\" content=\"https:\/\/www.eveline.hu\/2016\/wp-content\/uploads\/2022\/02\/5903416035305-BIO-HYALURON-3XRETINOL-INTENSELY-ANTI-WRINKLE-SERUM-18ML-w.png\" \/>\n\t<meta property=\"og:image:width\" content=\"750\" \/>\n\t<meta property=\"og:image:height\" content=\"750\" \/>\n\t<meta property=\"og:image:type\" content=\"image\/png\" \/>\n<meta name=\"twitter:card\" content=\"summary_large_image\" \/>\n<meta name=\"twitter:label1\" content=\"Becs\u00fclt olvas\u00e1si id\u0151\" \/>\n\t<meta name=\"twitter:data1\" content=\"1 perc\" \/>\n<script type=\"application\/ld+json\" class=\"yoast-schema-graph\">{\"@context\":\"https:\/\/schema.org\",\"@graph\":[{\"@type\":\"WebPage\",\"@id\":\"https:\/\/www.eveline.hu\/2016\/eveline-kozmetikumok-szepsegapolas\/szepsegapolas\/arcapolas\/biohialuron-3-x-retinol-multi-repair-intenziven-ranctalanito-szerum-ejszakai-18ml\/\",\"url\":\"https:\/\/www.eveline.hu\/2016\/eveline-kozmetikumok-szepsegapolas\/szepsegapolas\/arcapolas\/biohialuron-3-x-retinol-multi-repair-intenziven-ranctalanito-szerum-ejszakai-18ml\/\",\"name\":\"bioHIALURON 3 x RETINOL MULTI REPAIR Intenz\u00edven r\u00e1nctalan\u00edt\u00f3 sz\u00e9rum, \u00e9jszakai 18ml - Eveline Cosmetics Magyarorsz\u00e1g\",\"isPartOf\":{\"@id\":\"https:\/\/www.eveline.hu\/2016\/#website\"},\"primaryImageOfPage\":{\"@id\":\"https:\/\/www.eveline.hu\/2016\/eveline-kozmetikumok-szepsegapolas\/szepsegapolas\/arcapolas\/biohialuron-3-x-retinol-multi-repair-intenziven-ranctalanito-szerum-ejszakai-18ml\/#primaryimage\"},\"image\":{\"@id\":\"https:\/\/www.eveline.hu\/2016\/eveline-kozmetikumok-szepsegapolas\/szepsegapolas\/arcapolas\/biohialuron-3-x-retinol-multi-repair-intenziven-ranctalanito-szerum-ejszakai-18ml\/#primaryimage\"},\"thumbnailUrl\":\"https:\/\/www.eveline.hu\/2016\/wp-content\/uploads\/2022\/02\/5903416035305-BIO-HYALURON-3XRETINOL-INTENSELY-ANTI-WRINKLE-SERUM-18ML-w.png\",\"datePublished\":\"2022-02-16T13:52:42+00:00\",\"dateModified\":\"2022-11-14T18:13:10+00:00\",\"breadcrumb\":{\"@id\":\"https:\/\/www.eveline.hu\/2016\/eveline-kozmetikumok-szepsegapolas\/szepsegapolas\/arcapolas\/biohialuron-3-x-retinol-multi-repair-intenziven-ranctalanito-szerum-ejszakai-18ml\/#breadcrumb\"},\"inLanguage\":\"hu\",\"potentialAction\":[{\"@type\":\"ReadAction\",\"target\":[\"https:\/\/www.eveline.hu\/2016\/eveline-kozmetikumok-szepsegapolas\/szepsegapolas\/arcapolas\/biohialuron-3-x-retinol-multi-repair-intenziven-ranctalanito-szerum-ejszakai-18ml\/\"]}]},{\"@type\":\"ImageObject\",\"inLanguage\":\"hu\",\"@id\":\"https:\/\/www.eveline.hu\/2016\/eveline-kozmetikumok-szepsegapolas\/szepsegapolas\/arcapolas\/biohialuron-3-x-retinol-multi-repair-intenziven-ranctalanito-szerum-ejszakai-18ml\/#primaryimage\",\"url\":\"https:\/\/www.eveline.hu\/2016\/wp-content\/uploads\/2022\/02\/5903416035305-BIO-HYALURON-3XRETINOL-INTENSELY-ANTI-WRINKLE-SERUM-18ML-w.png\",\"contentUrl\":\"https:\/\/www.eveline.hu\/2016\/wp-content\/uploads\/2022\/02\/5903416035305-BIO-HYALURON-3XRETINOL-INTENSELY-ANTI-WRINKLE-SERUM-18ML-w.png\",\"width\":750,\"height\":750},{\"@type\":\"BreadcrumbList\",\"@id\":\"https:\/\/www.eveline.hu\/2016\/eveline-kozmetikumok-szepsegapolas\/szepsegapolas\/arcapolas\/biohialuron-3-x-retinol-multi-repair-intenziven-ranctalanito-szerum-ejszakai-18ml\/#breadcrumb\",\"itemListElement\":[{\"@type\":\"ListItem\",\"position\":1,\"name\":\"Home\",\"item\":\"https:\/\/www.eveline.hu\/2016\/\"},{\"@type\":\"ListItem\",\"position\":2,\"name\":\"Term\u00e9kek\",\"item\":\"https:\/\/www.eveline.hu\/2016\/shop\/\"},{\"@type\":\"ListItem\",\"position\":3,\"name\":\"bioHIALURON 3 x RETINOL MULTI REPAIR Intenz\u00edven r\u00e1nctalan\u00edt\u00f3 sz\u00e9rum, \u00e9jszakai 18ml\"}]},{\"@type\":\"WebSite\",\"@id\":\"https:\/\/www.eveline.hu\/2016\/#website\",\"url\":\"https:\/\/www.eveline.hu\/2016\/\",\"name\":\"Eveline Cosmetics Magyarorsz\u00e1g\",\"description\":\"Min\u0151s\u00e9gi kozmetikumok Lengyelorsz\u00e1gb\u00f3l\",\"potentialAction\":[{\"@type\":\"SearchAction\",\"target\":{\"@type\":\"EntryPoint\",\"urlTemplate\":\"https:\/\/www.eveline.hu\/2016\/?s={search_term_string}\"},\"query-input\":\"required name=search_term_string\"}],\"inLanguage\":\"hu\"}]}<\/script>\n<!-- \/ Yoast SEO plugin. -->","yoast_head_json":{"title":"bioHIALURON 3 x RETINOL MULTI REPAIR Intenz\u00edven r\u00e1nctalan\u00edt\u00f3 sz\u00e9rum, \u00e9jszakai 18ml - Eveline Cosmetics Magyarorsz\u00e1g","robots":{"index":"index","follow":"follow","max-snippet":"max-snippet:-1","max-image-preview":"max-image-preview:large","max-video-preview":"max-video-preview:-1"},"canonical":"https:\/\/www.eveline.hu\/2016\/eveline-kozmetikumok-szepsegapolas\/szepsegapolas\/arcapolas\/biohialuron-3-x-retinol-multi-repair-intenziven-ranctalanito-szerum-ejszakai-18ml\/","og_locale":"hu_HU","og_type":"article","og_title":"bioHIALURON 3 x RETINOL MULTI REPAIR Intenz\u00edven r\u00e1nctalan\u00edt\u00f3 sz\u00e9rum, \u00e9jszakai 18ml - Eveline Cosmetics Magyarorsz\u00e1g","og_description":"A biohyaluron 3 x RETINOL SYSTEM egy fejlett biotechnol\u00f3giai megold\u00e1s, amely \u00faj korszakot nyit az anti-aging \u00e1pol\u00e1sban. A legmagasabb t\u00f6k\u00e9letess\u00e9ggel kifejlesztett, szabadalmaztat\u00e1s alatt \u00e1ll\u00f3 formula, a hialuronsav ak\u00e1r 6 form\u00e1j\u00e1nak innovat\u00edv kombin\u00e1ci\u00f3j\u00e1n alapul a retinol p\u00e9ld\u00e1tlan, h\u00e1rmas erej\u00e9vel. A p\u00e1ratlan [&hellip;]","og_url":"https:\/\/www.eveline.hu\/2016\/eveline-kozmetikumok-szepsegapolas\/szepsegapolas\/arcapolas\/biohialuron-3-x-retinol-multi-repair-intenziven-ranctalanito-szerum-ejszakai-18ml\/","og_site_name":"Eveline Cosmetics Magyarorsz\u00e1g","article_modified_time":"2022-11-14T18:13:10+00:00","og_image":[{"width":750,"height":750,"url":"https:\/\/www.eveline.hu\/2016\/wp-content\/uploads\/2022\/02\/5903416035305-BIO-HYALURON-3XRETINOL-INTENSELY-ANTI-WRINKLE-SERUM-18ML-w.png","type":"image\/png"}],"twitter_card":"summary_large_image","twitter_misc":{"Becs\u00fclt olvas\u00e1si id\u0151":"1 perc"},"schema":{"@context":"https:\/\/schema.org","@graph":[{"@type":"WebPage","@id":"https:\/\/www.eveline.hu\/2016\/eveline-kozmetikumok-szepsegapolas\/szepsegapolas\/arcapolas\/biohialuron-3-x-retinol-multi-repair-intenziven-ranctalanito-szerum-ejszakai-18ml\/","url":"https:\/\/www.eveline.hu\/2016\/eveline-kozmetikumok-szepsegapolas\/szepsegapolas\/arcapolas\/biohialuron-3-x-retinol-multi-repair-intenziven-ranctalanito-szerum-ejszakai-18ml\/","name":"bioHIALURON 3 x RETINOL MULTI REPAIR Intenz\u00edven r\u00e1nctalan\u00edt\u00f3 sz\u00e9rum, \u00e9jszakai 18ml - Eveline Cosmetics Magyarorsz\u00e1g","isPartOf":{"@id":"https:\/\/www.eveline.hu\/2016\/#website"},"primaryImageOfPage":{"@id":"https:\/\/www.eveline.hu\/2016\/eveline-kozmetikumok-szepsegapolas\/szepsegapolas\/arcapolas\/biohialuron-3-x-retinol-multi-repair-intenziven-ranctalanito-szerum-ejszakai-18ml\/#primaryimage"},"image":{"@id":"https:\/\/www.eveline.hu\/2016\/eveline-kozmetikumok-szepsegapolas\/szepsegapolas\/arcapolas\/biohialuron-3-x-retinol-multi-repair-intenziven-ranctalanito-szerum-ejszakai-18ml\/#primaryimage"},"thumbnailUrl":"https:\/\/www.eveline.hu\/2016\/wp-content\/uploads\/2022\/02\/5903416035305-BIO-HYALURON-3XRETINOL-INTENSELY-ANTI-WRINKLE-SERUM-18ML-w.png","datePublished":"2022-02-16T13:52:42+00:00","dateModified":"2022-11-14T18:13:10+00:00","breadcrumb":{"@id":"https:\/\/www.eveline.hu\/2016\/eveline-kozmetikumok-szepsegapolas\/szepsegapolas\/arcapolas\/biohialuron-3-x-retinol-multi-repair-intenziven-ranctalanito-szerum-ejszakai-18ml\/#breadcrumb"},"inLanguage":"hu","potentialAction":[{"@type":"ReadAction","target":["https:\/\/www.eveline.hu\/2016\/eveline-kozmetikumok-szepsegapolas\/szepsegapolas\/arcapolas\/biohialuron-3-x-retinol-multi-repair-intenziven-ranctalanito-szerum-ejszakai-18ml\/"]}]},{"@type":"ImageObject","inLanguage":"hu","@id":"https:\/\/www.eveline.hu\/2016\/eveline-kozmetikumok-szepsegapolas\/szepsegapolas\/arcapolas\/biohialuron-3-x-retinol-multi-repair-intenziven-ranctalanito-szerum-ejszakai-18ml\/#primaryimage","url":"https:\/\/www.eveline.hu\/2016\/wp-content\/uploads\/2022\/02\/5903416035305-BIO-HYALURON-3XRETINOL-INTENSELY-ANTI-WRINKLE-SERUM-18ML-w.png","contentUrl":"https:\/\/www.eveline.hu\/2016\/wp-content\/uploads\/2022\/02\/5903416035305-BIO-HYALURON-3XRETINOL-INTENSELY-ANTI-WRINKLE-SERUM-18ML-w.png","width":750,"height":750},{"@type":"BreadcrumbList","@id":"https:\/\/www.eveline.hu\/2016\/eveline-kozmetikumok-szepsegapolas\/szepsegapolas\/arcapolas\/biohialuron-3-x-retinol-multi-repair-intenziven-ranctalanito-szerum-ejszakai-18ml\/#breadcrumb","itemListElement":[{"@type":"ListItem","position":1,"name":"Home","item":"https:\/\/www.eveline.hu\/2016\/"},{"@type":"ListItem","position":2,"name":"Term\u00e9kek","item":"https:\/\/www.eveline.hu\/2016\/shop\/"},{"@type":"ListItem","position":3,"name":"bioHIALURON 3 x RETINOL MULTI REPAIR Intenz\u00edven r\u00e1nctalan\u00edt\u00f3 sz\u00e9rum, \u00e9jszakai 18ml"}]},{"@type":"WebSite","@id":"https:\/\/www.eveline.hu\/2016\/#website","url":"https:\/\/www.eveline.hu\/2016\/","name":"Eveline Cosmetics Magyarorsz\u00e1g","description":"Min\u0151s\u00e9gi kozmetikumok Lengyelorsz\u00e1gb\u00f3l","potentialAction":[{"@type":"SearchAction","target":{"@type":"EntryPoint","urlTemplate":"https:\/\/www.eveline.hu\/2016\/?s={search_term_string}"},"query-input":"required name=search_term_string"}],"inLanguage":"hu"}]}},"_links":{"self":[{"href":"https:\/\/www.eveline.hu\/2016\/wp-json\/wp\/v2\/product\/28128"}],"collection":[{"href":"https:\/\/www.eveline.hu\/2016\/wp-json\/wp\/v2\/product"}],"about":[{"href":"https:\/\/www.eveline.hu\/2016\/wp-json\/wp\/v2\/types\/product"}],"replies":[{"embeddable":true,"href":"https:\/\/www.eveline.hu\/2016\/wp-json\/wp\/v2\/comments?post=28128"}],"wp:featuredmedia":[{"embeddable":true,"href":"https:\/\/www.eveline.hu\/2016\/wp-json\/wp\/v2\/media\/28129"}],"wp:attachment":[{"href":"https:\/\/www.eveline.hu\/2016\/wp-json\/wp\/v2\/media?parent=28128"}],"wp:term":[{"taxonomy":"product_cat","embeddable":true,"href":"https:\/\/www.eveline.hu\/2016\/wp-json\/wp\/v2\/product_cat?post=28128"},{"taxonomy":"product_tag","embeddable":true,"href":"https:\/\/www.eveline.hu\/2016\/wp-json\/wp\/v2\/product_tag?post=28128"}],"curies":[{"name":"wp","href":"https:\/\/api.w.org\/{rel}","templated":true}]}}