{"id":28122,"date":"2022-02-16T14:28:16","date_gmt":"2022-02-16T13:28:16","guid":{"rendered":"https:\/\/www.eveline.hu\/2016\/?post_type=product&#038;p=28122"},"modified":"2022-11-14T19:13:49","modified_gmt":"2022-11-14T18:13:49","slug":"biohyaluron-3-x-retinol-system-multi-taplalo-krem-filler-intenziv-helyreallitas-60-50ml","status":"publish","type":"product","link":"https:\/\/www.eveline.hu\/2016\/eveline-kozmetikumok-szepsegapolas\/szepsegapolas\/arcapolas\/biohyaluron-3-x-retinol-system-multi-taplalo-krem-filler-intenziv-helyreallitas-60-50ml\/","title":{"rendered":"bioHYALURON 3 x RETINOL SYSTEM MULTI-T\u00c1PL\u00c1L\u00d3 KR\u00c9M-FILLER INTENZ\u00cdV HELYRE\u00c1LL\u00cdT\u00c1S 60+ 50ml"},"content":{"rendered":"<p><strong>RADIK\u00c1LIS B\u0150RMEG\u00daJ\u00cdT\u00d3 BIOSTIMUL\u00c1TOR<\/strong><\/p>\n<p>HIPOALLERG\u00c9N, Nappali \u00e9s \u00e9jszakai<\/p>\n<p>A biohyaluron 3 x RETINOL SYSTEM egy fejlett biotechnol\u00f3giai megold\u00e1s, amely \u00faj korszakot nyit az anti-aging \u00e1pol\u00e1sban. A legmagasabb t\u00f6k\u00e9letess\u00e9ggel kifejlesztett, szabadalmaztat\u00e1s alatt \u00e1ll\u00f3 formula, a hialuronsav ak\u00e1r 6 form\u00e1j\u00e1nak innovat\u00edv kombin\u00e1ci\u00f3j\u00e1n alapul a retinol p\u00e9ld\u00e1tlan, h\u00e1rmas erej\u00e9vel. A p\u00e1ratlan hat\u00e9konys\u00e1g\u00fa akt\u00edv \u00f6sszetev\u0151k azonnali b\u0151rfiatal\u00edt\u00f3 hat\u00e1st biztos\u00edtanak.<\/p>\n<p>K\u00f6sz\u00f6nhet\u0151en a t\u00f6bb form\u00e1j\u00fa hialuronsav \u00e9s a retinol hibrid kombin\u00e1ci\u00f3j\u00e1nak, amely Jap\u00e1n kam\u00e9lia\u00a0 \u00e9s Acacia kollag\u00e9nnel gazdag\u00edtott, jav\u00edtja a b\u0151r kollag\u00e9n min\u0151s\u00e9g\u00e9t, helyre\u00e1ll\u00edtja s\u0171r\u0171s\u00e9g\u00e9t, cs\u00f6kkenti a sz\u00e1razs\u00e1g\u00e1t \u00e9s a megjelen\u0151 m\u00e9ly r\u00e1ncokat.<\/p>\n<p><strong>Alkalmaz\u00e1s<\/strong>: Minden reggel \u00e9s\/vagy este vigye fel az arc, nyak \u00e9s dekolt\u00e1zs megtiszt\u00edtott b\u0151r\u00e9re. A kr\u00e9m kiv\u00e1l\u00f3 mint sminkalap.<\/p>\n<p>\u00d6sszetev\u0151k:Aqua (Water), Caprylic\/Capric Triglyceride, Glycerin, Olus Oil, Triisostearin, Cetyl Alcohol, Glyceryl Stearate, Dimethicone, C10-18 Triglycerides, Bakuchiol, Camellia Japonica Seed Oil, Sodium Hyaluronate, Acacia Seyal Gum Extract, Inulin, Alpha-Glucan Oligosaccharide, Sodium Hyaluronate Crosspolymer, Hydrolyzed Glycosaminoglycans, Acetyl Hexapeptide-8, Polymnia Sonchifolia Root Juice, Hyaluronic Acid, Cichorium Intybus Leaf Extract, Lactobacillus, N-Prolyl Palmitoyl Tripeptide-56 Acetate, Phenoxyethanol, Maltodextrin, PEG-75 Stearate, Tocopheryl Acetate, Retinyl Palmitate, Pentylene Glycol, Ceteth-20, Steareth-20, Hydroxyacetophenone, Hexylene Glycol, Acrylates\/C10-30 Alkyl Acrylate Crosspolymer, Triethanolamine, Ethylhexylglycerin, Cetearyl Alcohol, Sucrose Palmitate, Glyceryl Linoleate, Caprylyl Glycol, Potassium Sorbate, Xanthan Gum, Citric Acid, PEG-6 Caprylic\/Capric Glycerides, Parfum (Fragrance).<\/p>\n","protected":false},"excerpt":{"rendered":"<p>RADIK\u00c1LIS B\u0150RMEG\u00daJ\u00cdT\u00d3 BIOSTIMUL\u00c1TOR HIPOALLERG\u00c9N, Nappali \u00e9s \u00e9jszakai A biohyaluron 3 x RETINOL SYSTEM egy fejlett biotechnol\u00f3giai megold\u00e1s, amely \u00faj korszakot nyit az anti-aging \u00e1pol\u00e1sban. A legmagasabb t\u00f6k\u00e9letess\u00e9ggel kifejlesztett, szabadalmaztat\u00e1s alatt \u00e1ll\u00f3 formula, a hialuronsav ak\u00e1r 6 form\u00e1j\u00e1nak innovat\u00edv kombin\u00e1ci\u00f3j\u00e1n alapul [&hellip;]<\/p>\n","protected":false},"featured_media":28121,"comment_status":"open","ping_status":"closed","template":"","meta":[],"product_cat":[300,125,126,80],"product_tag":[],"yoast_head":"<!-- This site is optimized with the Yoast SEO plugin v22.2 - https:\/\/yoast.com\/wordpress\/plugins\/seo\/ -->\n<title>bioHYALURON 3 x RETINOL SYSTEM MULTI-T\u00c1PL\u00c1L\u00d3 KR\u00c9M-FILLER INTENZ\u00cdV HELYRE\u00c1LL\u00cdT\u00c1S 60+ 50ml - Eveline Cosmetics Magyarorsz\u00e1g<\/title>\n<meta name=\"robots\" content=\"index, follow, max-snippet:-1, max-image-preview:large, max-video-preview:-1\" \/>\n<link rel=\"canonical\" href=\"https:\/\/www.eveline.hu\/2016\/eveline-kozmetikumok-szepsegapolas\/szepsegapolas\/arcapolas\/biohyaluron-3-x-retinol-system-multi-taplalo-krem-filler-intenziv-helyreallitas-60-50ml\/\" \/>\n<meta property=\"og:locale\" content=\"hu_HU\" \/>\n<meta property=\"og:type\" content=\"article\" \/>\n<meta property=\"og:title\" content=\"bioHYALURON 3 x RETINOL SYSTEM MULTI-T\u00c1PL\u00c1L\u00d3 KR\u00c9M-FILLER INTENZ\u00cdV HELYRE\u00c1LL\u00cdT\u00c1S 60+ 50ml - Eveline Cosmetics Magyarorsz\u00e1g\" \/>\n<meta property=\"og:description\" content=\"RADIK\u00c1LIS B\u0150RMEG\u00daJ\u00cdT\u00d3 BIOSTIMUL\u00c1TOR HIPOALLERG\u00c9N, Nappali \u00e9s \u00e9jszakai A biohyaluron 3 x RETINOL SYSTEM egy fejlett biotechnol\u00f3giai megold\u00e1s, amely \u00faj korszakot nyit az anti-aging \u00e1pol\u00e1sban. A legmagasabb t\u00f6k\u00e9letess\u00e9ggel kifejlesztett, szabadalmaztat\u00e1s alatt \u00e1ll\u00f3 formula, a hialuronsav ak\u00e1r 6 form\u00e1j\u00e1nak innovat\u00edv kombin\u00e1ci\u00f3j\u00e1n alapul [&hellip;]\" \/>\n<meta property=\"og:url\" content=\"https:\/\/www.eveline.hu\/2016\/eveline-kozmetikumok-szepsegapolas\/szepsegapolas\/arcapolas\/biohyaluron-3-x-retinol-system-multi-taplalo-krem-filler-intenziv-helyreallitas-60-50ml\/\" \/>\n<meta property=\"og:site_name\" content=\"Eveline Cosmetics Magyarorsz\u00e1g\" \/>\n<meta property=\"article:modified_time\" content=\"2022-11-14T18:13:49+00:00\" \/>\n<meta property=\"og:image\" content=\"https:\/\/www.eveline.hu\/2016\/wp-content\/uploads\/2022\/02\/5903416026075-BIOHYALURON-3XRETINOL-SYSTEM-DAYNIGHT-CREAM-60-50ML-w.png\" \/>\n\t<meta property=\"og:image:width\" content=\"750\" \/>\n\t<meta property=\"og:image:height\" content=\"750\" \/>\n\t<meta property=\"og:image:type\" content=\"image\/png\" \/>\n<meta name=\"twitter:card\" content=\"summary_large_image\" \/>\n<meta name=\"twitter:label1\" content=\"Becs\u00fclt olvas\u00e1si id\u0151\" \/>\n\t<meta name=\"twitter:data1\" content=\"1 perc\" \/>\n<script type=\"application\/ld+json\" class=\"yoast-schema-graph\">{\"@context\":\"https:\/\/schema.org\",\"@graph\":[{\"@type\":\"WebPage\",\"@id\":\"https:\/\/www.eveline.hu\/2016\/eveline-kozmetikumok-szepsegapolas\/szepsegapolas\/arcapolas\/biohyaluron-3-x-retinol-system-multi-taplalo-krem-filler-intenziv-helyreallitas-60-50ml\/\",\"url\":\"https:\/\/www.eveline.hu\/2016\/eveline-kozmetikumok-szepsegapolas\/szepsegapolas\/arcapolas\/biohyaluron-3-x-retinol-system-multi-taplalo-krem-filler-intenziv-helyreallitas-60-50ml\/\",\"name\":\"bioHYALURON 3 x RETINOL SYSTEM MULTI-T\u00c1PL\u00c1L\u00d3 KR\u00c9M-FILLER INTENZ\u00cdV HELYRE\u00c1LL\u00cdT\u00c1S 60+ 50ml - Eveline Cosmetics Magyarorsz\u00e1g\",\"isPartOf\":{\"@id\":\"https:\/\/www.eveline.hu\/2016\/#website\"},\"primaryImageOfPage\":{\"@id\":\"https:\/\/www.eveline.hu\/2016\/eveline-kozmetikumok-szepsegapolas\/szepsegapolas\/arcapolas\/biohyaluron-3-x-retinol-system-multi-taplalo-krem-filler-intenziv-helyreallitas-60-50ml\/#primaryimage\"},\"image\":{\"@id\":\"https:\/\/www.eveline.hu\/2016\/eveline-kozmetikumok-szepsegapolas\/szepsegapolas\/arcapolas\/biohyaluron-3-x-retinol-system-multi-taplalo-krem-filler-intenziv-helyreallitas-60-50ml\/#primaryimage\"},\"thumbnailUrl\":\"https:\/\/www.eveline.hu\/2016\/wp-content\/uploads\/2022\/02\/5903416026075-BIOHYALURON-3XRETINOL-SYSTEM-DAYNIGHT-CREAM-60-50ML-w.png\",\"datePublished\":\"2022-02-16T13:28:16+00:00\",\"dateModified\":\"2022-11-14T18:13:49+00:00\",\"breadcrumb\":{\"@id\":\"https:\/\/www.eveline.hu\/2016\/eveline-kozmetikumok-szepsegapolas\/szepsegapolas\/arcapolas\/biohyaluron-3-x-retinol-system-multi-taplalo-krem-filler-intenziv-helyreallitas-60-50ml\/#breadcrumb\"},\"inLanguage\":\"hu\",\"potentialAction\":[{\"@type\":\"ReadAction\",\"target\":[\"https:\/\/www.eveline.hu\/2016\/eveline-kozmetikumok-szepsegapolas\/szepsegapolas\/arcapolas\/biohyaluron-3-x-retinol-system-multi-taplalo-krem-filler-intenziv-helyreallitas-60-50ml\/\"]}]},{\"@type\":\"ImageObject\",\"inLanguage\":\"hu\",\"@id\":\"https:\/\/www.eveline.hu\/2016\/eveline-kozmetikumok-szepsegapolas\/szepsegapolas\/arcapolas\/biohyaluron-3-x-retinol-system-multi-taplalo-krem-filler-intenziv-helyreallitas-60-50ml\/#primaryimage\",\"url\":\"https:\/\/www.eveline.hu\/2016\/wp-content\/uploads\/2022\/02\/5903416026075-BIOHYALURON-3XRETINOL-SYSTEM-DAYNIGHT-CREAM-60-50ML-w.png\",\"contentUrl\":\"https:\/\/www.eveline.hu\/2016\/wp-content\/uploads\/2022\/02\/5903416026075-BIOHYALURON-3XRETINOL-SYSTEM-DAYNIGHT-CREAM-60-50ML-w.png\",\"width\":750,\"height\":750},{\"@type\":\"BreadcrumbList\",\"@id\":\"https:\/\/www.eveline.hu\/2016\/eveline-kozmetikumok-szepsegapolas\/szepsegapolas\/arcapolas\/biohyaluron-3-x-retinol-system-multi-taplalo-krem-filler-intenziv-helyreallitas-60-50ml\/#breadcrumb\",\"itemListElement\":[{\"@type\":\"ListItem\",\"position\":1,\"name\":\"Home\",\"item\":\"https:\/\/www.eveline.hu\/2016\/\"},{\"@type\":\"ListItem\",\"position\":2,\"name\":\"Term\u00e9kek\",\"item\":\"https:\/\/www.eveline.hu\/2016\/shop\/\"},{\"@type\":\"ListItem\",\"position\":3,\"name\":\"bioHYALURON 3 x RETINOL SYSTEM MULTI-T\u00c1PL\u00c1L\u00d3 KR\u00c9M-FILLER INTENZ\u00cdV HELYRE\u00c1LL\u00cdT\u00c1S 60+ 50ml\"}]},{\"@type\":\"WebSite\",\"@id\":\"https:\/\/www.eveline.hu\/2016\/#website\",\"url\":\"https:\/\/www.eveline.hu\/2016\/\",\"name\":\"Eveline Cosmetics Magyarorsz\u00e1g\",\"description\":\"Min\u0151s\u00e9gi kozmetikumok Lengyelorsz\u00e1gb\u00f3l\",\"potentialAction\":[{\"@type\":\"SearchAction\",\"target\":{\"@type\":\"EntryPoint\",\"urlTemplate\":\"https:\/\/www.eveline.hu\/2016\/?s={search_term_string}\"},\"query-input\":\"required name=search_term_string\"}],\"inLanguage\":\"hu\"}]}<\/script>\n<!-- \/ Yoast SEO plugin. -->","yoast_head_json":{"title":"bioHYALURON 3 x RETINOL SYSTEM MULTI-T\u00c1PL\u00c1L\u00d3 KR\u00c9M-FILLER INTENZ\u00cdV HELYRE\u00c1LL\u00cdT\u00c1S 60+ 50ml - Eveline Cosmetics Magyarorsz\u00e1g","robots":{"index":"index","follow":"follow","max-snippet":"max-snippet:-1","max-image-preview":"max-image-preview:large","max-video-preview":"max-video-preview:-1"},"canonical":"https:\/\/www.eveline.hu\/2016\/eveline-kozmetikumok-szepsegapolas\/szepsegapolas\/arcapolas\/biohyaluron-3-x-retinol-system-multi-taplalo-krem-filler-intenziv-helyreallitas-60-50ml\/","og_locale":"hu_HU","og_type":"article","og_title":"bioHYALURON 3 x RETINOL SYSTEM MULTI-T\u00c1PL\u00c1L\u00d3 KR\u00c9M-FILLER INTENZ\u00cdV HELYRE\u00c1LL\u00cdT\u00c1S 60+ 50ml - Eveline Cosmetics Magyarorsz\u00e1g","og_description":"RADIK\u00c1LIS B\u0150RMEG\u00daJ\u00cdT\u00d3 BIOSTIMUL\u00c1TOR HIPOALLERG\u00c9N, Nappali \u00e9s \u00e9jszakai A biohyaluron 3 x RETINOL SYSTEM egy fejlett biotechnol\u00f3giai megold\u00e1s, amely \u00faj korszakot nyit az anti-aging \u00e1pol\u00e1sban. A legmagasabb t\u00f6k\u00e9letess\u00e9ggel kifejlesztett, szabadalmaztat\u00e1s alatt \u00e1ll\u00f3 formula, a hialuronsav ak\u00e1r 6 form\u00e1j\u00e1nak innovat\u00edv kombin\u00e1ci\u00f3j\u00e1n alapul [&hellip;]","og_url":"https:\/\/www.eveline.hu\/2016\/eveline-kozmetikumok-szepsegapolas\/szepsegapolas\/arcapolas\/biohyaluron-3-x-retinol-system-multi-taplalo-krem-filler-intenziv-helyreallitas-60-50ml\/","og_site_name":"Eveline Cosmetics Magyarorsz\u00e1g","article_modified_time":"2022-11-14T18:13:49+00:00","og_image":[{"width":750,"height":750,"url":"https:\/\/www.eveline.hu\/2016\/wp-content\/uploads\/2022\/02\/5903416026075-BIOHYALURON-3XRETINOL-SYSTEM-DAYNIGHT-CREAM-60-50ML-w.png","type":"image\/png"}],"twitter_card":"summary_large_image","twitter_misc":{"Becs\u00fclt olvas\u00e1si id\u0151":"1 perc"},"schema":{"@context":"https:\/\/schema.org","@graph":[{"@type":"WebPage","@id":"https:\/\/www.eveline.hu\/2016\/eveline-kozmetikumok-szepsegapolas\/szepsegapolas\/arcapolas\/biohyaluron-3-x-retinol-system-multi-taplalo-krem-filler-intenziv-helyreallitas-60-50ml\/","url":"https:\/\/www.eveline.hu\/2016\/eveline-kozmetikumok-szepsegapolas\/szepsegapolas\/arcapolas\/biohyaluron-3-x-retinol-system-multi-taplalo-krem-filler-intenziv-helyreallitas-60-50ml\/","name":"bioHYALURON 3 x RETINOL SYSTEM MULTI-T\u00c1PL\u00c1L\u00d3 KR\u00c9M-FILLER INTENZ\u00cdV HELYRE\u00c1LL\u00cdT\u00c1S 60+ 50ml - Eveline Cosmetics Magyarorsz\u00e1g","isPartOf":{"@id":"https:\/\/www.eveline.hu\/2016\/#website"},"primaryImageOfPage":{"@id":"https:\/\/www.eveline.hu\/2016\/eveline-kozmetikumok-szepsegapolas\/szepsegapolas\/arcapolas\/biohyaluron-3-x-retinol-system-multi-taplalo-krem-filler-intenziv-helyreallitas-60-50ml\/#primaryimage"},"image":{"@id":"https:\/\/www.eveline.hu\/2016\/eveline-kozmetikumok-szepsegapolas\/szepsegapolas\/arcapolas\/biohyaluron-3-x-retinol-system-multi-taplalo-krem-filler-intenziv-helyreallitas-60-50ml\/#primaryimage"},"thumbnailUrl":"https:\/\/www.eveline.hu\/2016\/wp-content\/uploads\/2022\/02\/5903416026075-BIOHYALURON-3XRETINOL-SYSTEM-DAYNIGHT-CREAM-60-50ML-w.png","datePublished":"2022-02-16T13:28:16+00:00","dateModified":"2022-11-14T18:13:49+00:00","breadcrumb":{"@id":"https:\/\/www.eveline.hu\/2016\/eveline-kozmetikumok-szepsegapolas\/szepsegapolas\/arcapolas\/biohyaluron-3-x-retinol-system-multi-taplalo-krem-filler-intenziv-helyreallitas-60-50ml\/#breadcrumb"},"inLanguage":"hu","potentialAction":[{"@type":"ReadAction","target":["https:\/\/www.eveline.hu\/2016\/eveline-kozmetikumok-szepsegapolas\/szepsegapolas\/arcapolas\/biohyaluron-3-x-retinol-system-multi-taplalo-krem-filler-intenziv-helyreallitas-60-50ml\/"]}]},{"@type":"ImageObject","inLanguage":"hu","@id":"https:\/\/www.eveline.hu\/2016\/eveline-kozmetikumok-szepsegapolas\/szepsegapolas\/arcapolas\/biohyaluron-3-x-retinol-system-multi-taplalo-krem-filler-intenziv-helyreallitas-60-50ml\/#primaryimage","url":"https:\/\/www.eveline.hu\/2016\/wp-content\/uploads\/2022\/02\/5903416026075-BIOHYALURON-3XRETINOL-SYSTEM-DAYNIGHT-CREAM-60-50ML-w.png","contentUrl":"https:\/\/www.eveline.hu\/2016\/wp-content\/uploads\/2022\/02\/5903416026075-BIOHYALURON-3XRETINOL-SYSTEM-DAYNIGHT-CREAM-60-50ML-w.png","width":750,"height":750},{"@type":"BreadcrumbList","@id":"https:\/\/www.eveline.hu\/2016\/eveline-kozmetikumok-szepsegapolas\/szepsegapolas\/arcapolas\/biohyaluron-3-x-retinol-system-multi-taplalo-krem-filler-intenziv-helyreallitas-60-50ml\/#breadcrumb","itemListElement":[{"@type":"ListItem","position":1,"name":"Home","item":"https:\/\/www.eveline.hu\/2016\/"},{"@type":"ListItem","position":2,"name":"Term\u00e9kek","item":"https:\/\/www.eveline.hu\/2016\/shop\/"},{"@type":"ListItem","position":3,"name":"bioHYALURON 3 x RETINOL SYSTEM MULTI-T\u00c1PL\u00c1L\u00d3 KR\u00c9M-FILLER INTENZ\u00cdV HELYRE\u00c1LL\u00cdT\u00c1S 60+ 50ml"}]},{"@type":"WebSite","@id":"https:\/\/www.eveline.hu\/2016\/#website","url":"https:\/\/www.eveline.hu\/2016\/","name":"Eveline Cosmetics Magyarorsz\u00e1g","description":"Min\u0151s\u00e9gi kozmetikumok Lengyelorsz\u00e1gb\u00f3l","potentialAction":[{"@type":"SearchAction","target":{"@type":"EntryPoint","urlTemplate":"https:\/\/www.eveline.hu\/2016\/?s={search_term_string}"},"query-input":"required name=search_term_string"}],"inLanguage":"hu"}]}},"_links":{"self":[{"href":"https:\/\/www.eveline.hu\/2016\/wp-json\/wp\/v2\/product\/28122"}],"collection":[{"href":"https:\/\/www.eveline.hu\/2016\/wp-json\/wp\/v2\/product"}],"about":[{"href":"https:\/\/www.eveline.hu\/2016\/wp-json\/wp\/v2\/types\/product"}],"replies":[{"embeddable":true,"href":"https:\/\/www.eveline.hu\/2016\/wp-json\/wp\/v2\/comments?post=28122"}],"wp:featuredmedia":[{"embeddable":true,"href":"https:\/\/www.eveline.hu\/2016\/wp-json\/wp\/v2\/media\/28121"}],"wp:attachment":[{"href":"https:\/\/www.eveline.hu\/2016\/wp-json\/wp\/v2\/media?parent=28122"}],"wp:term":[{"taxonomy":"product_cat","embeddable":true,"href":"https:\/\/www.eveline.hu\/2016\/wp-json\/wp\/v2\/product_cat?post=28122"},{"taxonomy":"product_tag","embeddable":true,"href":"https:\/\/www.eveline.hu\/2016\/wp-json\/wp\/v2\/product_tag?post=28122"}],"curies":[{"name":"wp","href":"https:\/\/api.w.org\/{rel}","templated":true}]}}