{"id":27879,"date":"2021-12-05T15:04:29","date_gmt":"2021-12-05T14:04:29","guid":{"rendered":"https:\/\/www.eveline.hu\/2016\/?post_type=product&#038;p=27879"},"modified":"2025-10-04T16:15:35","modified_gmt":"2025-10-04T14:15:35","slug":"6-az-1-ben-apolas-es-szin-shimmer-pink-5ml","status":"publish","type":"product","link":"https:\/\/www.eveline.hu\/2016\/eveline-kozmetikumok-szepsegapolas\/smink\/korom\/koromerositok\/6-az-1-ben-apolas-es-szin-shimmer-pink-5ml\/","title":{"rendered":"K\u00f6r\u00f6m\u00e1pol\u00f3 6 AZ 1-BEN \u00c1POL\u00c1S \u00c9S SZ\u00cdN \u2013 SHIMMER PINK 5ml"},"content":{"rendered":"<p>Forradalmi \u00e9s egyedi formula az akt\u00edv Color &amp; Double Strong\u2122 komplexszel m\u00e9lyen behatol a k\u00f6r\u00f6mlemez szerkezet\u00e9be, \u00edgy hat\u00e9konyan biztos\u00edtja a mega tart\u00f3ss\u00e1got (1).<\/p>\n<p>A szil\u00edcium-dioxidnak, a kalciumnak \u00e9s a t\u00e1pl\u00e1l\u00f3 olajoknak k\u00f6sz\u00f6nhet\u0151en maxim\u00e1lisan er\u0151s\u00edti, feszes\u00edti \u00e9s \u00fajj\u00e1\u00e9p\u00edti a gyenge, v\u00e9kony k\u00f6rm\u00f6ket (2). Visszanyeri a s\u00e9r\u00fclt, matt k\u00f6r\u00f6mlemez egyenletes fel\u00fclet\u00e9t \u00e9s intenz\u00edv f\u00e9ny\u00e9t (3).<\/p>\n<p>N\u00f6veli az ellen\u00e1ll\u00e1st minden mechanikai s\u00e9r\u00fcl\u00e9ssel szemben, v\u00e9d a t\u00f6redez\u00e9st\u0151l kett\u00e9hasad\u00e1st\u00f3l (4).<\/p>\n<p>A gyorsan sz\u00e1rad\u00f3 formul\u00e1nak k\u00f6sz\u00f6nhet\u0151en a manik\u0171r percek alatt elk\u00e9sz\u00fcl (5).<\/p>\n<p>A finom francia \u00e1rnyalat eg\u00e9szs\u00e9ges megjelen\u00e9st \u00e9s term\u00e9szetes sz\u00e9ps\u00e9ghat\u00e1st biztos\u00edt (6).<\/p>\n<p>Felhaszn\u00e1l\u00e1s: Fesse le a k\u00f6rmeit a kiv\u00e1lasztott k\u00f6r\u00f6mkondicion\u00e1l\u00f3val, majd v\u00e1rjon 2 percet \u00e9s vigyen fel egy \u00fajabb r\u00e9teget.<\/p>\n<p>\u00d6sszetev\u0151k: Butyl Acetate, Ethyl Acetate, Nitrocellulose, Adipic Acid\/Neopentyl Glycol\/Trimellitic Anhydride Copolymer, Acetyl Tributyl Citrate, Isopropyl Alcohol, Acrylates Copolymer, Stearalkonium Bentonite, N-Butyl Alcohol, Styrene\/Acrylates Copolymer, Benzophenone-1, Silica, Trimethylpentanediyl Dibenzoate, Polyvinyl Butyral, Calcium Pantothenate, Isopropyl Myristate, Glycine Soja Oil, Carthamus Tinctorius Seed Oil, Linoleic Acid, Tocopheryl Acetate, Retinyl Palmitate, Parfum, Citral, Citronellol, Dimethyl Phenethyl Acetate, Eugenol, Geraniol, Hexamethylindanopyran, Linalool, Rose Ketones, Terpineol, Dipropylene Glycol Dibenzoate, PEG-8, Tocopherol, Ascorbyl Palmitate, Ascorbic Acid, Citric Acid, Methicone, Calcium Aluminum Borosilicate, Talc, Tin Oxide, CI 77891, CI 15850, CI 77491.<\/p>\n","protected":false},"excerpt":{"rendered":"<p>Forradalmi \u00e9s egyedi formula az akt\u00edv Color &amp; Double Strong\u2122 komplexszel m\u00e9lyen behatol a k\u00f6r\u00f6mlemez szerkezet\u00e9be, \u00edgy hat\u00e9konyan biztos\u00edtja a mega tart\u00f3ss\u00e1got (1). A szil\u00edcium-dioxidnak, a kalciumnak \u00e9s a t\u00e1pl\u00e1l\u00f3 olajoknak k\u00f6sz\u00f6nhet\u0151en maxim\u00e1lisan er\u0151s\u00edti, feszes\u00edti \u00e9s \u00fajj\u00e1\u00e9p\u00edti a gyenge, v\u00e9kony [&hellip;]<\/p>\n","protected":false},"featured_media":27880,"comment_status":"open","ping_status":"closed","template":"","meta":[],"product_cat":[156,158],"product_tag":[],"yoast_head":"<!-- This site is optimized with the Yoast SEO plugin v22.2 - https:\/\/yoast.com\/wordpress\/plugins\/seo\/ -->\n<title>K\u00f6r\u00f6m\u00e1pol\u00f3 6 AZ 1-BEN \u00c1POL\u00c1S \u00c9S SZ\u00cdN \u2013 SHIMMER PINK 5ml - Eveline Cosmetics Magyarorsz\u00e1g<\/title>\n<meta name=\"robots\" content=\"index, follow, max-snippet:-1, max-image-preview:large, max-video-preview:-1\" \/>\n<link rel=\"canonical\" href=\"https:\/\/www.eveline.hu\/2016\/eveline-kozmetikumok-szepsegapolas\/smink\/korom\/koromerositok\/6-az-1-ben-apolas-es-szin-shimmer-pink-5ml\/\" \/>\n<meta property=\"og:locale\" content=\"hu_HU\" \/>\n<meta property=\"og:type\" content=\"article\" \/>\n<meta property=\"og:title\" content=\"K\u00f6r\u00f6m\u00e1pol\u00f3 6 AZ 1-BEN \u00c1POL\u00c1S \u00c9S SZ\u00cdN \u2013 SHIMMER PINK 5ml - Eveline Cosmetics Magyarorsz\u00e1g\" \/>\n<meta property=\"og:description\" content=\"Forradalmi \u00e9s egyedi formula az akt\u00edv Color &amp; Double Strong\u2122 komplexszel m\u00e9lyen behatol a k\u00f6r\u00f6mlemez szerkezet\u00e9be, \u00edgy hat\u00e9konyan biztos\u00edtja a mega tart\u00f3ss\u00e1got (1). A szil\u00edcium-dioxidnak, a kalciumnak \u00e9s a t\u00e1pl\u00e1l\u00f3 olajoknak k\u00f6sz\u00f6nhet\u0151en maxim\u00e1lisan er\u0151s\u00edti, feszes\u00edti \u00e9s \u00fajj\u00e1\u00e9p\u00edti a gyenge, v\u00e9kony [&hellip;]\" \/>\n<meta property=\"og:url\" content=\"https:\/\/www.eveline.hu\/2016\/eveline-kozmetikumok-szepsegapolas\/smink\/korom\/koromerositok\/6-az-1-ben-apolas-es-szin-shimmer-pink-5ml\/\" \/>\n<meta property=\"og:site_name\" content=\"Eveline Cosmetics Magyarorsz\u00e1g\" \/>\n<meta property=\"article:modified_time\" content=\"2025-10-04T14:15:35+00:00\" \/>\n<meta property=\"og:image\" content=\"https:\/\/www.eveline.hu\/2016\/wp-content\/uploads\/2021\/12\/5903416027508-NAIL-THERAPY-6IN1-SHIMMER-PINK-5ML-w.png\" \/>\n\t<meta property=\"og:image:width\" content=\"750\" \/>\n\t<meta property=\"og:image:height\" content=\"750\" \/>\n\t<meta property=\"og:image:type\" content=\"image\/png\" \/>\n<meta name=\"twitter:card\" content=\"summary_large_image\" \/>\n<meta name=\"twitter:label1\" content=\"Becs\u00fclt olvas\u00e1si id\u0151\" \/>\n\t<meta name=\"twitter:data1\" content=\"2 perc\" \/>\n<script type=\"application\/ld+json\" class=\"yoast-schema-graph\">{\"@context\":\"https:\/\/schema.org\",\"@graph\":[{\"@type\":\"WebPage\",\"@id\":\"https:\/\/www.eveline.hu\/2016\/eveline-kozmetikumok-szepsegapolas\/smink\/korom\/koromerositok\/6-az-1-ben-apolas-es-szin-shimmer-pink-5ml\/\",\"url\":\"https:\/\/www.eveline.hu\/2016\/eveline-kozmetikumok-szepsegapolas\/smink\/korom\/koromerositok\/6-az-1-ben-apolas-es-szin-shimmer-pink-5ml\/\",\"name\":\"K\u00f6r\u00f6m\u00e1pol\u00f3 6 AZ 1-BEN \u00c1POL\u00c1S \u00c9S SZ\u00cdN \u2013 SHIMMER PINK 5ml - Eveline Cosmetics Magyarorsz\u00e1g\",\"isPartOf\":{\"@id\":\"https:\/\/www.eveline.hu\/2016\/#website\"},\"primaryImageOfPage\":{\"@id\":\"https:\/\/www.eveline.hu\/2016\/eveline-kozmetikumok-szepsegapolas\/smink\/korom\/koromerositok\/6-az-1-ben-apolas-es-szin-shimmer-pink-5ml\/#primaryimage\"},\"image\":{\"@id\":\"https:\/\/www.eveline.hu\/2016\/eveline-kozmetikumok-szepsegapolas\/smink\/korom\/koromerositok\/6-az-1-ben-apolas-es-szin-shimmer-pink-5ml\/#primaryimage\"},\"thumbnailUrl\":\"https:\/\/www.eveline.hu\/2016\/wp-content\/uploads\/2021\/12\/5903416027508-NAIL-THERAPY-6IN1-SHIMMER-PINK-5ML-w.png\",\"datePublished\":\"2021-12-05T14:04:29+00:00\",\"dateModified\":\"2025-10-04T14:15:35+00:00\",\"breadcrumb\":{\"@id\":\"https:\/\/www.eveline.hu\/2016\/eveline-kozmetikumok-szepsegapolas\/smink\/korom\/koromerositok\/6-az-1-ben-apolas-es-szin-shimmer-pink-5ml\/#breadcrumb\"},\"inLanguage\":\"hu\",\"potentialAction\":[{\"@type\":\"ReadAction\",\"target\":[\"https:\/\/www.eveline.hu\/2016\/eveline-kozmetikumok-szepsegapolas\/smink\/korom\/koromerositok\/6-az-1-ben-apolas-es-szin-shimmer-pink-5ml\/\"]}]},{\"@type\":\"ImageObject\",\"inLanguage\":\"hu\",\"@id\":\"https:\/\/www.eveline.hu\/2016\/eveline-kozmetikumok-szepsegapolas\/smink\/korom\/koromerositok\/6-az-1-ben-apolas-es-szin-shimmer-pink-5ml\/#primaryimage\",\"url\":\"https:\/\/www.eveline.hu\/2016\/wp-content\/uploads\/2021\/12\/5903416027508-NAIL-THERAPY-6IN1-SHIMMER-PINK-5ML-w.png\",\"contentUrl\":\"https:\/\/www.eveline.hu\/2016\/wp-content\/uploads\/2021\/12\/5903416027508-NAIL-THERAPY-6IN1-SHIMMER-PINK-5ML-w.png\",\"width\":750,\"height\":750},{\"@type\":\"BreadcrumbList\",\"@id\":\"https:\/\/www.eveline.hu\/2016\/eveline-kozmetikumok-szepsegapolas\/smink\/korom\/koromerositok\/6-az-1-ben-apolas-es-szin-shimmer-pink-5ml\/#breadcrumb\",\"itemListElement\":[{\"@type\":\"ListItem\",\"position\":1,\"name\":\"Home\",\"item\":\"https:\/\/www.eveline.hu\/2016\/\"},{\"@type\":\"ListItem\",\"position\":2,\"name\":\"Term\u00e9kek\",\"item\":\"https:\/\/www.eveline.hu\/2016\/shop\/\"},{\"@type\":\"ListItem\",\"position\":3,\"name\":\"K\u00f6r\u00f6m\u00e1pol\u00f3 6 AZ 1-BEN \u00c1POL\u00c1S \u00c9S SZ\u00cdN \u2013 SHIMMER PINK 5ml\"}]},{\"@type\":\"WebSite\",\"@id\":\"https:\/\/www.eveline.hu\/2016\/#website\",\"url\":\"https:\/\/www.eveline.hu\/2016\/\",\"name\":\"Eveline Cosmetics Magyarorsz\u00e1g\",\"description\":\"Min\u0151s\u00e9gi kozmetikumok Lengyelorsz\u00e1gb\u00f3l\",\"potentialAction\":[{\"@type\":\"SearchAction\",\"target\":{\"@type\":\"EntryPoint\",\"urlTemplate\":\"https:\/\/www.eveline.hu\/2016\/?s={search_term_string}\"},\"query-input\":\"required name=search_term_string\"}],\"inLanguage\":\"hu\"}]}<\/script>\n<!-- \/ Yoast SEO plugin. -->","yoast_head_json":{"title":"K\u00f6r\u00f6m\u00e1pol\u00f3 6 AZ 1-BEN \u00c1POL\u00c1S \u00c9S SZ\u00cdN \u2013 SHIMMER PINK 5ml - Eveline Cosmetics Magyarorsz\u00e1g","robots":{"index":"index","follow":"follow","max-snippet":"max-snippet:-1","max-image-preview":"max-image-preview:large","max-video-preview":"max-video-preview:-1"},"canonical":"https:\/\/www.eveline.hu\/2016\/eveline-kozmetikumok-szepsegapolas\/smink\/korom\/koromerositok\/6-az-1-ben-apolas-es-szin-shimmer-pink-5ml\/","og_locale":"hu_HU","og_type":"article","og_title":"K\u00f6r\u00f6m\u00e1pol\u00f3 6 AZ 1-BEN \u00c1POL\u00c1S \u00c9S SZ\u00cdN \u2013 SHIMMER PINK 5ml - Eveline Cosmetics Magyarorsz\u00e1g","og_description":"Forradalmi \u00e9s egyedi formula az akt\u00edv Color &amp; Double Strong\u2122 komplexszel m\u00e9lyen behatol a k\u00f6r\u00f6mlemez szerkezet\u00e9be, \u00edgy hat\u00e9konyan biztos\u00edtja a mega tart\u00f3ss\u00e1got (1). A szil\u00edcium-dioxidnak, a kalciumnak \u00e9s a t\u00e1pl\u00e1l\u00f3 olajoknak k\u00f6sz\u00f6nhet\u0151en maxim\u00e1lisan er\u0151s\u00edti, feszes\u00edti \u00e9s \u00fajj\u00e1\u00e9p\u00edti a gyenge, v\u00e9kony [&hellip;]","og_url":"https:\/\/www.eveline.hu\/2016\/eveline-kozmetikumok-szepsegapolas\/smink\/korom\/koromerositok\/6-az-1-ben-apolas-es-szin-shimmer-pink-5ml\/","og_site_name":"Eveline Cosmetics Magyarorsz\u00e1g","article_modified_time":"2025-10-04T14:15:35+00:00","og_image":[{"width":750,"height":750,"url":"https:\/\/www.eveline.hu\/2016\/wp-content\/uploads\/2021\/12\/5903416027508-NAIL-THERAPY-6IN1-SHIMMER-PINK-5ML-w.png","type":"image\/png"}],"twitter_card":"summary_large_image","twitter_misc":{"Becs\u00fclt olvas\u00e1si id\u0151":"2 perc"},"schema":{"@context":"https:\/\/schema.org","@graph":[{"@type":"WebPage","@id":"https:\/\/www.eveline.hu\/2016\/eveline-kozmetikumok-szepsegapolas\/smink\/korom\/koromerositok\/6-az-1-ben-apolas-es-szin-shimmer-pink-5ml\/","url":"https:\/\/www.eveline.hu\/2016\/eveline-kozmetikumok-szepsegapolas\/smink\/korom\/koromerositok\/6-az-1-ben-apolas-es-szin-shimmer-pink-5ml\/","name":"K\u00f6r\u00f6m\u00e1pol\u00f3 6 AZ 1-BEN \u00c1POL\u00c1S \u00c9S SZ\u00cdN \u2013 SHIMMER PINK 5ml - Eveline Cosmetics Magyarorsz\u00e1g","isPartOf":{"@id":"https:\/\/www.eveline.hu\/2016\/#website"},"primaryImageOfPage":{"@id":"https:\/\/www.eveline.hu\/2016\/eveline-kozmetikumok-szepsegapolas\/smink\/korom\/koromerositok\/6-az-1-ben-apolas-es-szin-shimmer-pink-5ml\/#primaryimage"},"image":{"@id":"https:\/\/www.eveline.hu\/2016\/eveline-kozmetikumok-szepsegapolas\/smink\/korom\/koromerositok\/6-az-1-ben-apolas-es-szin-shimmer-pink-5ml\/#primaryimage"},"thumbnailUrl":"https:\/\/www.eveline.hu\/2016\/wp-content\/uploads\/2021\/12\/5903416027508-NAIL-THERAPY-6IN1-SHIMMER-PINK-5ML-w.png","datePublished":"2021-12-05T14:04:29+00:00","dateModified":"2025-10-04T14:15:35+00:00","breadcrumb":{"@id":"https:\/\/www.eveline.hu\/2016\/eveline-kozmetikumok-szepsegapolas\/smink\/korom\/koromerositok\/6-az-1-ben-apolas-es-szin-shimmer-pink-5ml\/#breadcrumb"},"inLanguage":"hu","potentialAction":[{"@type":"ReadAction","target":["https:\/\/www.eveline.hu\/2016\/eveline-kozmetikumok-szepsegapolas\/smink\/korom\/koromerositok\/6-az-1-ben-apolas-es-szin-shimmer-pink-5ml\/"]}]},{"@type":"ImageObject","inLanguage":"hu","@id":"https:\/\/www.eveline.hu\/2016\/eveline-kozmetikumok-szepsegapolas\/smink\/korom\/koromerositok\/6-az-1-ben-apolas-es-szin-shimmer-pink-5ml\/#primaryimage","url":"https:\/\/www.eveline.hu\/2016\/wp-content\/uploads\/2021\/12\/5903416027508-NAIL-THERAPY-6IN1-SHIMMER-PINK-5ML-w.png","contentUrl":"https:\/\/www.eveline.hu\/2016\/wp-content\/uploads\/2021\/12\/5903416027508-NAIL-THERAPY-6IN1-SHIMMER-PINK-5ML-w.png","width":750,"height":750},{"@type":"BreadcrumbList","@id":"https:\/\/www.eveline.hu\/2016\/eveline-kozmetikumok-szepsegapolas\/smink\/korom\/koromerositok\/6-az-1-ben-apolas-es-szin-shimmer-pink-5ml\/#breadcrumb","itemListElement":[{"@type":"ListItem","position":1,"name":"Home","item":"https:\/\/www.eveline.hu\/2016\/"},{"@type":"ListItem","position":2,"name":"Term\u00e9kek","item":"https:\/\/www.eveline.hu\/2016\/shop\/"},{"@type":"ListItem","position":3,"name":"K\u00f6r\u00f6m\u00e1pol\u00f3 6 AZ 1-BEN \u00c1POL\u00c1S \u00c9S SZ\u00cdN \u2013 SHIMMER PINK 5ml"}]},{"@type":"WebSite","@id":"https:\/\/www.eveline.hu\/2016\/#website","url":"https:\/\/www.eveline.hu\/2016\/","name":"Eveline Cosmetics Magyarorsz\u00e1g","description":"Min\u0151s\u00e9gi kozmetikumok Lengyelorsz\u00e1gb\u00f3l","potentialAction":[{"@type":"SearchAction","target":{"@type":"EntryPoint","urlTemplate":"https:\/\/www.eveline.hu\/2016\/?s={search_term_string}"},"query-input":"required name=search_term_string"}],"inLanguage":"hu"}]}},"_links":{"self":[{"href":"https:\/\/www.eveline.hu\/2016\/wp-json\/wp\/v2\/product\/27879"}],"collection":[{"href":"https:\/\/www.eveline.hu\/2016\/wp-json\/wp\/v2\/product"}],"about":[{"href":"https:\/\/www.eveline.hu\/2016\/wp-json\/wp\/v2\/types\/product"}],"replies":[{"embeddable":true,"href":"https:\/\/www.eveline.hu\/2016\/wp-json\/wp\/v2\/comments?post=27879"}],"wp:featuredmedia":[{"embeddable":true,"href":"https:\/\/www.eveline.hu\/2016\/wp-json\/wp\/v2\/media\/27880"}],"wp:attachment":[{"href":"https:\/\/www.eveline.hu\/2016\/wp-json\/wp\/v2\/media?parent=27879"}],"wp:term":[{"taxonomy":"product_cat","embeddable":true,"href":"https:\/\/www.eveline.hu\/2016\/wp-json\/wp\/v2\/product_cat?post=27879"},{"taxonomy":"product_tag","embeddable":true,"href":"https:\/\/www.eveline.hu\/2016\/wp-json\/wp\/v2\/product_tag?post=27879"}],"curies":[{"name":"wp","href":"https:\/\/api.w.org\/{rel}","templated":true}]}}