{"id":27734,"date":"2021-10-21T15:07:42","date_gmt":"2021-10-21T13:07:42","guid":{"rendered":"https:\/\/www.eveline.hu\/2016\/?post_type=product&#038;p=27734"},"modified":"2025-03-28T18:19:49","modified_gmt":"2025-03-28T17:19:49","slug":"oh-my-lips-csokolade-illattal-45-ml-ajak-maximalizalo","status":"publish","type":"product","link":"https:\/\/www.eveline.hu\/2016\/eveline-kozmetikumok-szepsegapolas\/smink\/szaj\/szajfenyek\/oh-my-lips-csokolade-illattal-45-ml-ajak-maximalizalo\/","title":{"rendered":"OH! MY LIPS  Csokol\u00e1d\u00e9 illattal 4,5 ml Ajak maximaliz\u00e1l\u00f3"},"content":{"rendered":"<p>Akt\u00edv \u00f6sszetev\u0151k: m\u00e9hm\u00e9reg, hialuronsav, jojoba olaj, kapszaicin, vitaminok, chili kivonat.<\/p>\n<p>A csokol\u00e1d\u00e9 illat\u00fa d\u00fas\u00edt\u00f3 ajakf\u00e9ny a m\u00e9hm\u00e9reg \u00e9s chili paprika kivonat hozz\u00e1ad\u00e1s\u00e1val, kiv\u00e1l\u00f3 alternativa az invaz\u00edv ajakn\u00f6vel\u0151 kezel\u00e9snek a hialuronsavval. VOLUME MAXIMIZE a leg\u00fajabb technol\u00f3gia, k\u00f6zvetlen\u00fcl az alkalmaz\u00e1s ut\u00e1n a m\u00e9hm\u00e9reg \u00e9s chili pakrika kivonat tartalm\u00e1nak k\u00f6sz\u00f6nhet\u0151en kit\u00e1g\u00edtja az ereket \u00e9s felgyors\u00edtja a mikrokering\u00e9st. M\u00e1r 5 perccel az alkalmaz\u00e1s ut\u00e1n az ajkak l\u00e1that\u00f3an megduzzadnak, mik\u00f6zben alakjuk cs\u00e1b\u00edt\u00f3an kiemelkedik. Olajokban gazdag formula(avokad\u00f3, cannabis, makad\u00e1mia, ricinus) valamint a vitaminok \u00e9s a gy\u00f6mb\u00e9rkivonat t\u00e1pl\u00e1lja, puh\u00edtja az ajkak b\u0151r\u00e9t \u00e9s fokozza a term\u00e9szetes t\u00f3nus\u00e1t.<\/p>\n<p>Biztons\u00e1gi figyelmeztet\u00e9s! Vigy\u00e1zat! A bizserget\u0151\u00a0 \u00e9s h\u0171s\u00edt\u0151 \u00e9rz\u00e9s garant\u00e1lja a hat\u00f3anyagok hat\u00e1s\u00e1t.<\/p>\n<p>Alkalmaz\u00e1s: Vigye fel a sz\u00e9rumot t\u00f6bbsz\u00f6r is napk\u00f6zben. Haszn\u00e1lhatja kedvenc r\u00fazs\u00e1ra is.<\/p>\n<p>\u00d6sszetev\u0151k:Polybutene, Pentaerythrityl Tetraisostearate, Paraffinum Liquidum, Diisostearyl Malate, Isocetyl Stearoyl Stearate, Glyceryl Behenate, VP\/Hexadecene Copolymer, Caprylic\/Capric Triglyceride, Glyceryl Hydrogenated Rosinate, Hydroxystearic Acid, Capsicum Frutescens Fruit Extract, Macadamia Ternifolia Seed Oil, Olus Oil, Tocopherol, Persea Gratissima Oil, Cannabis Sativa Seed Oil, Propylene Glycol, Ricinus Communis Seed Oil, Ethylhexyl Palmitate, Tribehenin, Sorbitan Isostearate, Palmitoyl Oligopeptide, Sodium Hyaluronate, PEG-8 Caprylic\/Capric Glycerides, Octyldodeceth-25, Phenoxyethanol, Decylene Glycol, Water, Benzyl Nicotinate, Bee Venom, Zingiber Officinale Root Extract, Theobroma Cacao Seed Butter, Mentha Piperita Leaf Extract, PEG-8, Ascorbyl Palmitate, Ascorbic Acid, Citric Acid, Simmondsia Chinensis Seed Oil, Menthol, Dipotassium Glycyrrhizate, Ethylhexyl Methoxycinnamate, Butyl Methoxydibenzoylmethane, Ethylhexyl Salicylate, Pentaerythrityl Tetra-di-t-butyl Hydroxyhydrocinnamate, Benzotriazolyl Dodecyl p-Cresol, Aroma, BHT, Benzyl Alcohol, Synthetic Sapphire, Tin Oxide, CI 77891, CI 77491, CI 77492, CI 77499, CI 15850.<\/p>\n","protected":false},"excerpt":{"rendered":"<p>Akt\u00edv \u00f6sszetev\u0151k: m\u00e9hm\u00e9reg, hialuronsav, jojoba olaj, kapszaicin, vitaminok, chili kivonat. A csokol\u00e1d\u00e9 illat\u00fa d\u00fas\u00edt\u00f3 ajakf\u00e9ny a m\u00e9hm\u00e9reg \u00e9s chili paprika kivonat hozz\u00e1ad\u00e1s\u00e1val, kiv\u00e1l\u00f3 alternativa az invaz\u00edv ajakn\u00f6vel\u0151 kezel\u00e9snek a hialuronsavval. VOLUME MAXIMIZE a leg\u00fajabb technol\u00f3gia, k\u00f6zvetlen\u00fcl az alkalmaz\u00e1s ut\u00e1n a [&hellip;]<\/p>\n","protected":false},"featured_media":27735,"comment_status":"open","ping_status":"closed","template":"","meta":[],"product_cat":[152,154,125,134],"product_tag":[],"yoast_head":"<!-- This site is optimized with the Yoast SEO plugin v22.2 - https:\/\/yoast.com\/wordpress\/plugins\/seo\/ -->\n<title>OH! MY LIPS Csokol\u00e1d\u00e9 illattal 4,5 ml Ajak maximaliz\u00e1l\u00f3 - Eveline Cosmetics Magyarorsz\u00e1g<\/title>\n<meta name=\"robots\" content=\"index, follow, max-snippet:-1, max-image-preview:large, max-video-preview:-1\" \/>\n<link rel=\"canonical\" href=\"https:\/\/www.eveline.hu\/2016\/eveline-kozmetikumok-szepsegapolas\/smink\/szaj\/szajfenyek\/oh-my-lips-csokolade-illattal-45-ml-ajak-maximalizalo\/\" \/>\n<meta property=\"og:locale\" content=\"hu_HU\" \/>\n<meta property=\"og:type\" content=\"article\" \/>\n<meta property=\"og:title\" content=\"OH! MY LIPS Csokol\u00e1d\u00e9 illattal 4,5 ml Ajak maximaliz\u00e1l\u00f3 - Eveline Cosmetics Magyarorsz\u00e1g\" \/>\n<meta property=\"og:description\" content=\"Akt\u00edv \u00f6sszetev\u0151k: m\u00e9hm\u00e9reg, hialuronsav, jojoba olaj, kapszaicin, vitaminok, chili kivonat. A csokol\u00e1d\u00e9 illat\u00fa d\u00fas\u00edt\u00f3 ajakf\u00e9ny a m\u00e9hm\u00e9reg \u00e9s chili paprika kivonat hozz\u00e1ad\u00e1s\u00e1val, kiv\u00e1l\u00f3 alternativa az invaz\u00edv ajakn\u00f6vel\u0151 kezel\u00e9snek a hialuronsavval. VOLUME MAXIMIZE a leg\u00fajabb technol\u00f3gia, k\u00f6zvetlen\u00fcl az alkalmaz\u00e1s ut\u00e1n a [&hellip;]\" \/>\n<meta property=\"og:url\" content=\"https:\/\/www.eveline.hu\/2016\/eveline-kozmetikumok-szepsegapolas\/smink\/szaj\/szajfenyek\/oh-my-lips-csokolade-illattal-45-ml-ajak-maximalizalo\/\" \/>\n<meta property=\"og:site_name\" content=\"Eveline Cosmetics Magyarorsz\u00e1g\" \/>\n<meta property=\"article:modified_time\" content=\"2025-03-28T17:19:49+00:00\" \/>\n<meta property=\"og:image\" content=\"https:\/\/www.eveline.hu\/2016\/wp-content\/uploads\/2021\/10\/5903416027393-OH-MY-LIPS-LIP-MAXIMAZER-CHOCOLATE-45-ML-w.png\" \/>\n\t<meta property=\"og:image:width\" content=\"750\" \/>\n\t<meta property=\"og:image:height\" content=\"750\" \/>\n\t<meta property=\"og:image:type\" content=\"image\/png\" \/>\n<meta name=\"twitter:card\" content=\"summary_large_image\" \/>\n<meta name=\"twitter:label1\" content=\"Becs\u00fclt olvas\u00e1si id\u0151\" \/>\n\t<meta name=\"twitter:data1\" content=\"2 perc\" \/>\n<script type=\"application\/ld+json\" class=\"yoast-schema-graph\">{\"@context\":\"https:\/\/schema.org\",\"@graph\":[{\"@type\":\"WebPage\",\"@id\":\"https:\/\/www.eveline.hu\/2016\/eveline-kozmetikumok-szepsegapolas\/smink\/szaj\/szajfenyek\/oh-my-lips-csokolade-illattal-45-ml-ajak-maximalizalo\/\",\"url\":\"https:\/\/www.eveline.hu\/2016\/eveline-kozmetikumok-szepsegapolas\/smink\/szaj\/szajfenyek\/oh-my-lips-csokolade-illattal-45-ml-ajak-maximalizalo\/\",\"name\":\"OH! MY LIPS Csokol\u00e1d\u00e9 illattal 4,5 ml Ajak maximaliz\u00e1l\u00f3 - Eveline Cosmetics Magyarorsz\u00e1g\",\"isPartOf\":{\"@id\":\"https:\/\/www.eveline.hu\/2016\/#website\"},\"primaryImageOfPage\":{\"@id\":\"https:\/\/www.eveline.hu\/2016\/eveline-kozmetikumok-szepsegapolas\/smink\/szaj\/szajfenyek\/oh-my-lips-csokolade-illattal-45-ml-ajak-maximalizalo\/#primaryimage\"},\"image\":{\"@id\":\"https:\/\/www.eveline.hu\/2016\/eveline-kozmetikumok-szepsegapolas\/smink\/szaj\/szajfenyek\/oh-my-lips-csokolade-illattal-45-ml-ajak-maximalizalo\/#primaryimage\"},\"thumbnailUrl\":\"https:\/\/www.eveline.hu\/2016\/wp-content\/uploads\/2021\/10\/5903416027393-OH-MY-LIPS-LIP-MAXIMAZER-CHOCOLATE-45-ML-w.png\",\"datePublished\":\"2021-10-21T13:07:42+00:00\",\"dateModified\":\"2025-03-28T17:19:49+00:00\",\"breadcrumb\":{\"@id\":\"https:\/\/www.eveline.hu\/2016\/eveline-kozmetikumok-szepsegapolas\/smink\/szaj\/szajfenyek\/oh-my-lips-csokolade-illattal-45-ml-ajak-maximalizalo\/#breadcrumb\"},\"inLanguage\":\"hu\",\"potentialAction\":[{\"@type\":\"ReadAction\",\"target\":[\"https:\/\/www.eveline.hu\/2016\/eveline-kozmetikumok-szepsegapolas\/smink\/szaj\/szajfenyek\/oh-my-lips-csokolade-illattal-45-ml-ajak-maximalizalo\/\"]}]},{\"@type\":\"ImageObject\",\"inLanguage\":\"hu\",\"@id\":\"https:\/\/www.eveline.hu\/2016\/eveline-kozmetikumok-szepsegapolas\/smink\/szaj\/szajfenyek\/oh-my-lips-csokolade-illattal-45-ml-ajak-maximalizalo\/#primaryimage\",\"url\":\"https:\/\/www.eveline.hu\/2016\/wp-content\/uploads\/2021\/10\/5903416027393-OH-MY-LIPS-LIP-MAXIMAZER-CHOCOLATE-45-ML-w.png\",\"contentUrl\":\"https:\/\/www.eveline.hu\/2016\/wp-content\/uploads\/2021\/10\/5903416027393-OH-MY-LIPS-LIP-MAXIMAZER-CHOCOLATE-45-ML-w.png\",\"width\":750,\"height\":750},{\"@type\":\"BreadcrumbList\",\"@id\":\"https:\/\/www.eveline.hu\/2016\/eveline-kozmetikumok-szepsegapolas\/smink\/szaj\/szajfenyek\/oh-my-lips-csokolade-illattal-45-ml-ajak-maximalizalo\/#breadcrumb\",\"itemListElement\":[{\"@type\":\"ListItem\",\"position\":1,\"name\":\"Home\",\"item\":\"https:\/\/www.eveline.hu\/2016\/\"},{\"@type\":\"ListItem\",\"position\":2,\"name\":\"Term\u00e9kek\",\"item\":\"https:\/\/www.eveline.hu\/2016\/shop\/\"},{\"@type\":\"ListItem\",\"position\":3,\"name\":\"OH! MY LIPS Csokol\u00e1d\u00e9 illattal 4,5 ml Ajak maximaliz\u00e1l\u00f3\"}]},{\"@type\":\"WebSite\",\"@id\":\"https:\/\/www.eveline.hu\/2016\/#website\",\"url\":\"https:\/\/www.eveline.hu\/2016\/\",\"name\":\"Eveline Cosmetics Magyarorsz\u00e1g\",\"description\":\"Min\u0151s\u00e9gi kozmetikumok Lengyelorsz\u00e1gb\u00f3l\",\"potentialAction\":[{\"@type\":\"SearchAction\",\"target\":{\"@type\":\"EntryPoint\",\"urlTemplate\":\"https:\/\/www.eveline.hu\/2016\/?s={search_term_string}\"},\"query-input\":\"required name=search_term_string\"}],\"inLanguage\":\"hu\"}]}<\/script>\n<!-- \/ Yoast SEO plugin. -->","yoast_head_json":{"title":"OH! MY LIPS Csokol\u00e1d\u00e9 illattal 4,5 ml Ajak maximaliz\u00e1l\u00f3 - Eveline Cosmetics Magyarorsz\u00e1g","robots":{"index":"index","follow":"follow","max-snippet":"max-snippet:-1","max-image-preview":"max-image-preview:large","max-video-preview":"max-video-preview:-1"},"canonical":"https:\/\/www.eveline.hu\/2016\/eveline-kozmetikumok-szepsegapolas\/smink\/szaj\/szajfenyek\/oh-my-lips-csokolade-illattal-45-ml-ajak-maximalizalo\/","og_locale":"hu_HU","og_type":"article","og_title":"OH! MY LIPS Csokol\u00e1d\u00e9 illattal 4,5 ml Ajak maximaliz\u00e1l\u00f3 - Eveline Cosmetics Magyarorsz\u00e1g","og_description":"Akt\u00edv \u00f6sszetev\u0151k: m\u00e9hm\u00e9reg, hialuronsav, jojoba olaj, kapszaicin, vitaminok, chili kivonat. A csokol\u00e1d\u00e9 illat\u00fa d\u00fas\u00edt\u00f3 ajakf\u00e9ny a m\u00e9hm\u00e9reg \u00e9s chili paprika kivonat hozz\u00e1ad\u00e1s\u00e1val, kiv\u00e1l\u00f3 alternativa az invaz\u00edv ajakn\u00f6vel\u0151 kezel\u00e9snek a hialuronsavval. VOLUME MAXIMIZE a leg\u00fajabb technol\u00f3gia, k\u00f6zvetlen\u00fcl az alkalmaz\u00e1s ut\u00e1n a [&hellip;]","og_url":"https:\/\/www.eveline.hu\/2016\/eveline-kozmetikumok-szepsegapolas\/smink\/szaj\/szajfenyek\/oh-my-lips-csokolade-illattal-45-ml-ajak-maximalizalo\/","og_site_name":"Eveline Cosmetics Magyarorsz\u00e1g","article_modified_time":"2025-03-28T17:19:49+00:00","og_image":[{"width":750,"height":750,"url":"https:\/\/www.eveline.hu\/2016\/wp-content\/uploads\/2021\/10\/5903416027393-OH-MY-LIPS-LIP-MAXIMAZER-CHOCOLATE-45-ML-w.png","type":"image\/png"}],"twitter_card":"summary_large_image","twitter_misc":{"Becs\u00fclt olvas\u00e1si id\u0151":"2 perc"},"schema":{"@context":"https:\/\/schema.org","@graph":[{"@type":"WebPage","@id":"https:\/\/www.eveline.hu\/2016\/eveline-kozmetikumok-szepsegapolas\/smink\/szaj\/szajfenyek\/oh-my-lips-csokolade-illattal-45-ml-ajak-maximalizalo\/","url":"https:\/\/www.eveline.hu\/2016\/eveline-kozmetikumok-szepsegapolas\/smink\/szaj\/szajfenyek\/oh-my-lips-csokolade-illattal-45-ml-ajak-maximalizalo\/","name":"OH! MY LIPS Csokol\u00e1d\u00e9 illattal 4,5 ml Ajak maximaliz\u00e1l\u00f3 - Eveline Cosmetics Magyarorsz\u00e1g","isPartOf":{"@id":"https:\/\/www.eveline.hu\/2016\/#website"},"primaryImageOfPage":{"@id":"https:\/\/www.eveline.hu\/2016\/eveline-kozmetikumok-szepsegapolas\/smink\/szaj\/szajfenyek\/oh-my-lips-csokolade-illattal-45-ml-ajak-maximalizalo\/#primaryimage"},"image":{"@id":"https:\/\/www.eveline.hu\/2016\/eveline-kozmetikumok-szepsegapolas\/smink\/szaj\/szajfenyek\/oh-my-lips-csokolade-illattal-45-ml-ajak-maximalizalo\/#primaryimage"},"thumbnailUrl":"https:\/\/www.eveline.hu\/2016\/wp-content\/uploads\/2021\/10\/5903416027393-OH-MY-LIPS-LIP-MAXIMAZER-CHOCOLATE-45-ML-w.png","datePublished":"2021-10-21T13:07:42+00:00","dateModified":"2025-03-28T17:19:49+00:00","breadcrumb":{"@id":"https:\/\/www.eveline.hu\/2016\/eveline-kozmetikumok-szepsegapolas\/smink\/szaj\/szajfenyek\/oh-my-lips-csokolade-illattal-45-ml-ajak-maximalizalo\/#breadcrumb"},"inLanguage":"hu","potentialAction":[{"@type":"ReadAction","target":["https:\/\/www.eveline.hu\/2016\/eveline-kozmetikumok-szepsegapolas\/smink\/szaj\/szajfenyek\/oh-my-lips-csokolade-illattal-45-ml-ajak-maximalizalo\/"]}]},{"@type":"ImageObject","inLanguage":"hu","@id":"https:\/\/www.eveline.hu\/2016\/eveline-kozmetikumok-szepsegapolas\/smink\/szaj\/szajfenyek\/oh-my-lips-csokolade-illattal-45-ml-ajak-maximalizalo\/#primaryimage","url":"https:\/\/www.eveline.hu\/2016\/wp-content\/uploads\/2021\/10\/5903416027393-OH-MY-LIPS-LIP-MAXIMAZER-CHOCOLATE-45-ML-w.png","contentUrl":"https:\/\/www.eveline.hu\/2016\/wp-content\/uploads\/2021\/10\/5903416027393-OH-MY-LIPS-LIP-MAXIMAZER-CHOCOLATE-45-ML-w.png","width":750,"height":750},{"@type":"BreadcrumbList","@id":"https:\/\/www.eveline.hu\/2016\/eveline-kozmetikumok-szepsegapolas\/smink\/szaj\/szajfenyek\/oh-my-lips-csokolade-illattal-45-ml-ajak-maximalizalo\/#breadcrumb","itemListElement":[{"@type":"ListItem","position":1,"name":"Home","item":"https:\/\/www.eveline.hu\/2016\/"},{"@type":"ListItem","position":2,"name":"Term\u00e9kek","item":"https:\/\/www.eveline.hu\/2016\/shop\/"},{"@type":"ListItem","position":3,"name":"OH! MY LIPS Csokol\u00e1d\u00e9 illattal 4,5 ml Ajak maximaliz\u00e1l\u00f3"}]},{"@type":"WebSite","@id":"https:\/\/www.eveline.hu\/2016\/#website","url":"https:\/\/www.eveline.hu\/2016\/","name":"Eveline Cosmetics Magyarorsz\u00e1g","description":"Min\u0151s\u00e9gi kozmetikumok Lengyelorsz\u00e1gb\u00f3l","potentialAction":[{"@type":"SearchAction","target":{"@type":"EntryPoint","urlTemplate":"https:\/\/www.eveline.hu\/2016\/?s={search_term_string}"},"query-input":"required name=search_term_string"}],"inLanguage":"hu"}]}},"_links":{"self":[{"href":"https:\/\/www.eveline.hu\/2016\/wp-json\/wp\/v2\/product\/27734"}],"collection":[{"href":"https:\/\/www.eveline.hu\/2016\/wp-json\/wp\/v2\/product"}],"about":[{"href":"https:\/\/www.eveline.hu\/2016\/wp-json\/wp\/v2\/types\/product"}],"replies":[{"embeddable":true,"href":"https:\/\/www.eveline.hu\/2016\/wp-json\/wp\/v2\/comments?post=27734"}],"wp:featuredmedia":[{"embeddable":true,"href":"https:\/\/www.eveline.hu\/2016\/wp-json\/wp\/v2\/media\/27735"}],"wp:attachment":[{"href":"https:\/\/www.eveline.hu\/2016\/wp-json\/wp\/v2\/media?parent=27734"}],"wp:term":[{"taxonomy":"product_cat","embeddable":true,"href":"https:\/\/www.eveline.hu\/2016\/wp-json\/wp\/v2\/product_cat?post=27734"},{"taxonomy":"product_tag","embeddable":true,"href":"https:\/\/www.eveline.hu\/2016\/wp-json\/wp\/v2\/product_tag?post=27734"}],"curies":[{"name":"wp","href":"https:\/\/api.w.org\/{rel}","templated":true}]}}