{"id":27472,"date":"2021-08-03T09:57:26","date_gmt":"2021-08-03T07:57:26","guid":{"rendered":"https:\/\/www.eveline.hu\/2016\/?post_type=product&#038;p=27472"},"modified":"2024-03-09T12:25:15","modified_gmt":"2024-03-09T11:25:15","slug":"facemed-tisztito-arclemoso-gel-teafaolajjal-3az1-ben-150ml","status":"publish","type":"product","link":"https:\/\/www.eveline.hu\/2016\/eveline-kozmetikumok-szepsegapolas\/termekcsaladok\/facemed\/facemed-tisztito-arclemoso-gel-teafaolajjal-3az1-ben-150ml\/","title":{"rendered":"Facemed+ Tiszt\u00edt\u00f3 arclemos\u00f3 g\u00e9l teafaolajjal 3az1-ben 150ml"},"content":{"rendered":"<p>kombin\u00e1lt \u00e9s zs\u00edros b\u0151rre<\/p>\n<p>A fejlett b\u0151rgy\u00f3gy\u00e1szatilag tesztelt formul\u00e1nak k\u00f6sz\u00f6nhet\u0151en t\u00f6bbdimenzi\u00f3s hat\u00e1sa van:<\/p>\n<ol>\n<li>T\u00f6k\u00e9letesen megtiszt\u00edtja a b\u0151rt a szennyez\u0151d\u00e9sekt\u0151l \u00e9s a v\u00edz\u00e1ll\u00f3 sminkt\u0151l is. 2. Hat\u00e9konyan cs\u00f6kkenti a felesleges faggy\u00fat \u00e9s megakad\u00e1lyozza a mitesszerek kialakul\u00e1s\u00e1t. 3. Az AQUAXYL\u2122 -nal d\u00fas\u00edtott term\u00e9k, amely intenz\u00edven hidrat\u00e1l, helyre\u00e1ll\u00edtja a b\u0151r komfort \u00e9rzet\u00e9t.<\/li>\n<\/ol>\n<p><strong>Alkalmaz\u00e1s<\/strong>: vigyen fel kis mennyis\u00e9g\u0171 g\u00e9lt az arc \u00e9s a nyak b\u0151r\u00e9re. Massz\u00edrozza k\u00f6rk\u00f6r\u00f6s mozdulatokkal, majd alaposan \u00f6bl\u00edtse le v\u00edzzel.<\/p>\n","protected":false},"excerpt":{"rendered":"<p>150ml (8993 Ft\/L)<\/p>\n","protected":false},"featured_media":27473,"comment_status":"open","ping_status":"closed","template":"","meta":[],"product_cat":[217,80],"product_tag":[],"yoast_head":"<!-- This site is optimized with the Yoast SEO plugin v22.2 - https:\/\/yoast.com\/wordpress\/plugins\/seo\/ -->\n<title>Facemed+ Tiszt\u00edt\u00f3 arclemos\u00f3 g\u00e9l teafaolajjal 3az1-ben 150ml - Eveline Cosmetics Magyarorsz\u00e1g<\/title>\n<meta name=\"robots\" content=\"index, follow, max-snippet:-1, max-image-preview:large, max-video-preview:-1\" \/>\n<link rel=\"canonical\" href=\"https:\/\/www.eveline.hu\/2016\/eveline-kozmetikumok-szepsegapolas\/termekcsaladok\/facemed\/facemed-tisztito-arclemoso-gel-teafaolajjal-3az1-ben-150ml\/\" \/>\n<meta property=\"og:locale\" content=\"hu_HU\" \/>\n<meta property=\"og:type\" content=\"article\" \/>\n<meta property=\"og:title\" content=\"Facemed+ Tiszt\u00edt\u00f3 arclemos\u00f3 g\u00e9l teafaolajjal 3az1-ben 150ml - Eveline Cosmetics Magyarorsz\u00e1g\" \/>\n<meta property=\"og:description\" content=\"150ml (8993 Ft\/L)\" \/>\n<meta property=\"og:url\" content=\"https:\/\/www.eveline.hu\/2016\/eveline-kozmetikumok-szepsegapolas\/termekcsaladok\/facemed\/facemed-tisztito-arclemoso-gel-teafaolajjal-3az1-ben-150ml\/\" \/>\n<meta property=\"og:site_name\" content=\"Eveline Cosmetics Magyarorsz\u00e1g\" \/>\n<meta property=\"article:modified_time\" content=\"2024-03-09T11:25:15+00:00\" \/>\n<meta property=\"og:image\" content=\"https:\/\/www.eveline.hu\/2016\/wp-content\/uploads\/2021\/08\/5903416033509-FACEMED-PURIFYING-FACE-WASH-GEL-WITH-TEA-TREE-OIL-150MLw.png\" \/>\n\t<meta property=\"og:image:width\" content=\"750\" \/>\n\t<meta property=\"og:image:height\" content=\"750\" \/>\n\t<meta property=\"og:image:type\" content=\"image\/png\" \/>\n<meta name=\"twitter:card\" content=\"summary_large_image\" \/>\n<meta name=\"twitter:label1\" content=\"Becs\u00fclt olvas\u00e1si id\u0151\" \/>\n\t<meta name=\"twitter:data1\" content=\"1 perc\" \/>\n<script type=\"application\/ld+json\" class=\"yoast-schema-graph\">{\"@context\":\"https:\/\/schema.org\",\"@graph\":[{\"@type\":\"WebPage\",\"@id\":\"https:\/\/www.eveline.hu\/2016\/eveline-kozmetikumok-szepsegapolas\/termekcsaladok\/facemed\/facemed-tisztito-arclemoso-gel-teafaolajjal-3az1-ben-150ml\/\",\"url\":\"https:\/\/www.eveline.hu\/2016\/eveline-kozmetikumok-szepsegapolas\/termekcsaladok\/facemed\/facemed-tisztito-arclemoso-gel-teafaolajjal-3az1-ben-150ml\/\",\"name\":\"Facemed+ Tiszt\u00edt\u00f3 arclemos\u00f3 g\u00e9l teafaolajjal 3az1-ben 150ml - Eveline Cosmetics Magyarorsz\u00e1g\",\"isPartOf\":{\"@id\":\"https:\/\/www.eveline.hu\/2016\/#website\"},\"primaryImageOfPage\":{\"@id\":\"https:\/\/www.eveline.hu\/2016\/eveline-kozmetikumok-szepsegapolas\/termekcsaladok\/facemed\/facemed-tisztito-arclemoso-gel-teafaolajjal-3az1-ben-150ml\/#primaryimage\"},\"image\":{\"@id\":\"https:\/\/www.eveline.hu\/2016\/eveline-kozmetikumok-szepsegapolas\/termekcsaladok\/facemed\/facemed-tisztito-arclemoso-gel-teafaolajjal-3az1-ben-150ml\/#primaryimage\"},\"thumbnailUrl\":\"https:\/\/www.eveline.hu\/2016\/wp-content\/uploads\/2021\/08\/5903416033509-FACEMED-PURIFYING-FACE-WASH-GEL-WITH-TEA-TREE-OIL-150MLw.png\",\"datePublished\":\"2021-08-03T07:57:26+00:00\",\"dateModified\":\"2024-03-09T11:25:15+00:00\",\"breadcrumb\":{\"@id\":\"https:\/\/www.eveline.hu\/2016\/eveline-kozmetikumok-szepsegapolas\/termekcsaladok\/facemed\/facemed-tisztito-arclemoso-gel-teafaolajjal-3az1-ben-150ml\/#breadcrumb\"},\"inLanguage\":\"hu\",\"potentialAction\":[{\"@type\":\"ReadAction\",\"target\":[\"https:\/\/www.eveline.hu\/2016\/eveline-kozmetikumok-szepsegapolas\/termekcsaladok\/facemed\/facemed-tisztito-arclemoso-gel-teafaolajjal-3az1-ben-150ml\/\"]}]},{\"@type\":\"ImageObject\",\"inLanguage\":\"hu\",\"@id\":\"https:\/\/www.eveline.hu\/2016\/eveline-kozmetikumok-szepsegapolas\/termekcsaladok\/facemed\/facemed-tisztito-arclemoso-gel-teafaolajjal-3az1-ben-150ml\/#primaryimage\",\"url\":\"https:\/\/www.eveline.hu\/2016\/wp-content\/uploads\/2021\/08\/5903416033509-FACEMED-PURIFYING-FACE-WASH-GEL-WITH-TEA-TREE-OIL-150MLw.png\",\"contentUrl\":\"https:\/\/www.eveline.hu\/2016\/wp-content\/uploads\/2021\/08\/5903416033509-FACEMED-PURIFYING-FACE-WASH-GEL-WITH-TEA-TREE-OIL-150MLw.png\",\"width\":750,\"height\":750},{\"@type\":\"BreadcrumbList\",\"@id\":\"https:\/\/www.eveline.hu\/2016\/eveline-kozmetikumok-szepsegapolas\/termekcsaladok\/facemed\/facemed-tisztito-arclemoso-gel-teafaolajjal-3az1-ben-150ml\/#breadcrumb\",\"itemListElement\":[{\"@type\":\"ListItem\",\"position\":1,\"name\":\"Home\",\"item\":\"https:\/\/www.eveline.hu\/2016\/\"},{\"@type\":\"ListItem\",\"position\":2,\"name\":\"Term\u00e9kek\",\"item\":\"https:\/\/www.eveline.hu\/2016\/shop\/\"},{\"@type\":\"ListItem\",\"position\":3,\"name\":\"Facemed+ Tiszt\u00edt\u00f3 arclemos\u00f3 g\u00e9l teafaolajjal 3az1-ben 150ml\"}]},{\"@type\":\"WebSite\",\"@id\":\"https:\/\/www.eveline.hu\/2016\/#website\",\"url\":\"https:\/\/www.eveline.hu\/2016\/\",\"name\":\"Eveline Cosmetics Magyarorsz\u00e1g\",\"description\":\"Min\u0151s\u00e9gi kozmetikumok Lengyelorsz\u00e1gb\u00f3l\",\"potentialAction\":[{\"@type\":\"SearchAction\",\"target\":{\"@type\":\"EntryPoint\",\"urlTemplate\":\"https:\/\/www.eveline.hu\/2016\/?s={search_term_string}\"},\"query-input\":\"required name=search_term_string\"}],\"inLanguage\":\"hu\"}]}<\/script>\n<!-- \/ Yoast SEO plugin. -->","yoast_head_json":{"title":"Facemed+ Tiszt\u00edt\u00f3 arclemos\u00f3 g\u00e9l teafaolajjal 3az1-ben 150ml - Eveline Cosmetics Magyarorsz\u00e1g","robots":{"index":"index","follow":"follow","max-snippet":"max-snippet:-1","max-image-preview":"max-image-preview:large","max-video-preview":"max-video-preview:-1"},"canonical":"https:\/\/www.eveline.hu\/2016\/eveline-kozmetikumok-szepsegapolas\/termekcsaladok\/facemed\/facemed-tisztito-arclemoso-gel-teafaolajjal-3az1-ben-150ml\/","og_locale":"hu_HU","og_type":"article","og_title":"Facemed+ Tiszt\u00edt\u00f3 arclemos\u00f3 g\u00e9l teafaolajjal 3az1-ben 150ml - Eveline Cosmetics Magyarorsz\u00e1g","og_description":"150ml (8993 Ft\/L)","og_url":"https:\/\/www.eveline.hu\/2016\/eveline-kozmetikumok-szepsegapolas\/termekcsaladok\/facemed\/facemed-tisztito-arclemoso-gel-teafaolajjal-3az1-ben-150ml\/","og_site_name":"Eveline Cosmetics Magyarorsz\u00e1g","article_modified_time":"2024-03-09T11:25:15+00:00","og_image":[{"width":750,"height":750,"url":"https:\/\/www.eveline.hu\/2016\/wp-content\/uploads\/2021\/08\/5903416033509-FACEMED-PURIFYING-FACE-WASH-GEL-WITH-TEA-TREE-OIL-150MLw.png","type":"image\/png"}],"twitter_card":"summary_large_image","twitter_misc":{"Becs\u00fclt olvas\u00e1si id\u0151":"1 perc"},"schema":{"@context":"https:\/\/schema.org","@graph":[{"@type":"WebPage","@id":"https:\/\/www.eveline.hu\/2016\/eveline-kozmetikumok-szepsegapolas\/termekcsaladok\/facemed\/facemed-tisztito-arclemoso-gel-teafaolajjal-3az1-ben-150ml\/","url":"https:\/\/www.eveline.hu\/2016\/eveline-kozmetikumok-szepsegapolas\/termekcsaladok\/facemed\/facemed-tisztito-arclemoso-gel-teafaolajjal-3az1-ben-150ml\/","name":"Facemed+ Tiszt\u00edt\u00f3 arclemos\u00f3 g\u00e9l teafaolajjal 3az1-ben 150ml - Eveline Cosmetics Magyarorsz\u00e1g","isPartOf":{"@id":"https:\/\/www.eveline.hu\/2016\/#website"},"primaryImageOfPage":{"@id":"https:\/\/www.eveline.hu\/2016\/eveline-kozmetikumok-szepsegapolas\/termekcsaladok\/facemed\/facemed-tisztito-arclemoso-gel-teafaolajjal-3az1-ben-150ml\/#primaryimage"},"image":{"@id":"https:\/\/www.eveline.hu\/2016\/eveline-kozmetikumok-szepsegapolas\/termekcsaladok\/facemed\/facemed-tisztito-arclemoso-gel-teafaolajjal-3az1-ben-150ml\/#primaryimage"},"thumbnailUrl":"https:\/\/www.eveline.hu\/2016\/wp-content\/uploads\/2021\/08\/5903416033509-FACEMED-PURIFYING-FACE-WASH-GEL-WITH-TEA-TREE-OIL-150MLw.png","datePublished":"2021-08-03T07:57:26+00:00","dateModified":"2024-03-09T11:25:15+00:00","breadcrumb":{"@id":"https:\/\/www.eveline.hu\/2016\/eveline-kozmetikumok-szepsegapolas\/termekcsaladok\/facemed\/facemed-tisztito-arclemoso-gel-teafaolajjal-3az1-ben-150ml\/#breadcrumb"},"inLanguage":"hu","potentialAction":[{"@type":"ReadAction","target":["https:\/\/www.eveline.hu\/2016\/eveline-kozmetikumok-szepsegapolas\/termekcsaladok\/facemed\/facemed-tisztito-arclemoso-gel-teafaolajjal-3az1-ben-150ml\/"]}]},{"@type":"ImageObject","inLanguage":"hu","@id":"https:\/\/www.eveline.hu\/2016\/eveline-kozmetikumok-szepsegapolas\/termekcsaladok\/facemed\/facemed-tisztito-arclemoso-gel-teafaolajjal-3az1-ben-150ml\/#primaryimage","url":"https:\/\/www.eveline.hu\/2016\/wp-content\/uploads\/2021\/08\/5903416033509-FACEMED-PURIFYING-FACE-WASH-GEL-WITH-TEA-TREE-OIL-150MLw.png","contentUrl":"https:\/\/www.eveline.hu\/2016\/wp-content\/uploads\/2021\/08\/5903416033509-FACEMED-PURIFYING-FACE-WASH-GEL-WITH-TEA-TREE-OIL-150MLw.png","width":750,"height":750},{"@type":"BreadcrumbList","@id":"https:\/\/www.eveline.hu\/2016\/eveline-kozmetikumok-szepsegapolas\/termekcsaladok\/facemed\/facemed-tisztito-arclemoso-gel-teafaolajjal-3az1-ben-150ml\/#breadcrumb","itemListElement":[{"@type":"ListItem","position":1,"name":"Home","item":"https:\/\/www.eveline.hu\/2016\/"},{"@type":"ListItem","position":2,"name":"Term\u00e9kek","item":"https:\/\/www.eveline.hu\/2016\/shop\/"},{"@type":"ListItem","position":3,"name":"Facemed+ Tiszt\u00edt\u00f3 arclemos\u00f3 g\u00e9l teafaolajjal 3az1-ben 150ml"}]},{"@type":"WebSite","@id":"https:\/\/www.eveline.hu\/2016\/#website","url":"https:\/\/www.eveline.hu\/2016\/","name":"Eveline Cosmetics Magyarorsz\u00e1g","description":"Min\u0151s\u00e9gi kozmetikumok Lengyelorsz\u00e1gb\u00f3l","potentialAction":[{"@type":"SearchAction","target":{"@type":"EntryPoint","urlTemplate":"https:\/\/www.eveline.hu\/2016\/?s={search_term_string}"},"query-input":"required name=search_term_string"}],"inLanguage":"hu"}]}},"_links":{"self":[{"href":"https:\/\/www.eveline.hu\/2016\/wp-json\/wp\/v2\/product\/27472"}],"collection":[{"href":"https:\/\/www.eveline.hu\/2016\/wp-json\/wp\/v2\/product"}],"about":[{"href":"https:\/\/www.eveline.hu\/2016\/wp-json\/wp\/v2\/types\/product"}],"replies":[{"embeddable":true,"href":"https:\/\/www.eveline.hu\/2016\/wp-json\/wp\/v2\/comments?post=27472"}],"wp:featuredmedia":[{"embeddable":true,"href":"https:\/\/www.eveline.hu\/2016\/wp-json\/wp\/v2\/media\/27473"}],"wp:attachment":[{"href":"https:\/\/www.eveline.hu\/2016\/wp-json\/wp\/v2\/media?parent=27472"}],"wp:term":[{"taxonomy":"product_cat","embeddable":true,"href":"https:\/\/www.eveline.hu\/2016\/wp-json\/wp\/v2\/product_cat?post=27472"},{"taxonomy":"product_tag","embeddable":true,"href":"https:\/\/www.eveline.hu\/2016\/wp-json\/wp\/v2\/product_tag?post=27472"}],"curies":[{"name":"wp","href":"https:\/\/api.w.org\/{rel}","templated":true}]}}