{"id":27428,"date":"2021-07-16T13:27:57","date_gmt":"2021-07-16T11:27:57","guid":{"rendered":"https:\/\/www.eveline.hu\/2016\/?post_type=product&#038;p=27428"},"modified":"2024-03-09T11:05:55","modified_gmt":"2024-03-09T10:05:55","slug":"c-sensation-koncentralt-ranctalanito-szerum-3az1-ben-18ml","status":"publish","type":"product","link":"https:\/\/www.eveline.hu\/2016\/eveline-kozmetikumok-szepsegapolas\/termekcsaladok\/c-sensation\/c-sensation-koncentralt-ranctalanito-szerum-3az1-ben-18ml\/","title":{"rendered":"C Sensation Koncentr\u00e1lt R\u00e1nctalan\u00edt\u00f3 sz\u00e9rum 3az1-ben  18ml"},"content":{"rendered":"<p>minden b\u0151rt\u00edpusra<\/p>\n<p>Forradalmi kozmetikai term\u00e9kcsal\u00e1d, amely magas koncentr\u00e1ci\u00f3j\u00fa bioakt\u00edv C-vitaminon alapszik, \u00e9s az E-vitaminnal \u00e9s ferulinsavval egy\u00fctt h\u00e1rmas v\u00e9delmet ny\u00fajt a szabad gy\u00f6k\u00f6k k\u00e1ros hat\u00e1saival szemben. L\u00e1that\u00f3an jav\u00edtja a b\u0151r megjelen\u00e9s\u00e9t \u00e9s k\u00e9slelteti az \u00f6reged\u00e9si folyamatokat.<\/p>\n<p>A 3 L\u00c9P\u00c9SES STABILIT\u00c1S intelligens technol\u00f3giai megold\u00e1s alapj\u00e1n kifejlesztett formula, v\u00e9di a C \u00e9s E vitamin, valamint a ferulinsav \u00e1pol\u00f3 \u00e9s antioxid\u00e1ns tulajdons\u00e1gait, maximaliz\u00e1lva felsz\u00edv\u00f3d\u00e1sukat a b\u0151r m\u00e9lyebb r\u00e9tegeiben. \u00a0A jap\u00e1n citrus &#8211; yuzu kivonattal, bakuchiollal, hialuronsavval \u00e9s Syn-Ake\u00ae-val d\u00fas\u00edtott fejlett formul\u00e1nak k\u00f6sz\u00f6nhet\u0151en a sz\u00e9rum intenz\u00edven hidrat\u00e1l, serkenti a kollag\u00e9n szint\u00e9zist, l\u00e1that\u00f3an cs\u00f6kkenti az apr\u00f3 r\u00e1ncokat \u00e9s megakad\u00e1lyozza az \u00fajak kialakul\u00e1s\u00e1t.<\/p>\n<p><strong>Alkalmaz\u00e1s<\/strong>: minden reggel \u00e9s este vigyen fel \u00a0kis mennyis\u00e9g\u0171 sz\u00e9rumot a megtiszt\u00edtott arc-, nyak- \u00e9s dekolt\u00e1zs b\u0151rre. A sz\u00e9rum felvitele ut\u00e1n vigye fel a C Sensation sorozat valamelyik kr\u00e9mj\u00e9t.<\/p>\n<p>Vigy\u00e1zat! Ker\u00fclje a szembe jut\u00e1st. \u00d3vja a kozmetikumot a napf\u00e9nyt\u0151l.<\/p>\n","protected":false},"excerpt":{"rendered":"<p>minden b\u0151rt\u00edpusra Forradalmi kozmetikai term\u00e9kcsal\u00e1d, amely magas koncentr\u00e1ci\u00f3j\u00fa bioakt\u00edv C-vitaminon alapszik, \u00e9s az E-vitaminnal \u00e9s ferulinsavval egy\u00fctt h\u00e1rmas v\u00e9delmet ny\u00fajt a szabad gy\u00f6k\u00f6k k\u00e1ros hat\u00e1saival szemben. L\u00e1that\u00f3an jav\u00edtja a b\u0151r megjelen\u00e9s\u00e9t \u00e9s k\u00e9slelteti az \u00f6reged\u00e9si folyamatokat. A 3 L\u00c9P\u00c9SES STABILIT\u00c1S [&hellip;]<\/p>\n","protected":false},"featured_media":27429,"comment_status":"open","ping_status":"closed","template":"","meta":[],"product_cat":[296,80],"product_tag":[],"yoast_head":"<!-- This site is optimized with the Yoast SEO plugin v22.2 - https:\/\/yoast.com\/wordpress\/plugins\/seo\/ -->\n<title>C Sensation Koncentr\u00e1lt R\u00e1nctalan\u00edt\u00f3 sz\u00e9rum 3az1-ben 18ml - Eveline Cosmetics Magyarorsz\u00e1g<\/title>\n<meta name=\"robots\" content=\"index, follow, max-snippet:-1, max-image-preview:large, max-video-preview:-1\" \/>\n<link rel=\"canonical\" href=\"https:\/\/www.eveline.hu\/2016\/eveline-kozmetikumok-szepsegapolas\/termekcsaladok\/c-sensation\/c-sensation-koncentralt-ranctalanito-szerum-3az1-ben-18ml\/\" \/>\n<meta property=\"og:locale\" content=\"hu_HU\" \/>\n<meta property=\"og:type\" content=\"article\" \/>\n<meta property=\"og:title\" content=\"C Sensation Koncentr\u00e1lt R\u00e1nctalan\u00edt\u00f3 sz\u00e9rum 3az1-ben 18ml - Eveline Cosmetics Magyarorsz\u00e1g\" \/>\n<meta property=\"og:description\" content=\"minden b\u0151rt\u00edpusra Forradalmi kozmetikai term\u00e9kcsal\u00e1d, amely magas koncentr\u00e1ci\u00f3j\u00fa bioakt\u00edv C-vitaminon alapszik, \u00e9s az E-vitaminnal \u00e9s ferulinsavval egy\u00fctt h\u00e1rmas v\u00e9delmet ny\u00fajt a szabad gy\u00f6k\u00f6k k\u00e1ros hat\u00e1saival szemben. L\u00e1that\u00f3an jav\u00edtja a b\u0151r megjelen\u00e9s\u00e9t \u00e9s k\u00e9slelteti az \u00f6reged\u00e9si folyamatokat. A 3 L\u00c9P\u00c9SES STABILIT\u00c1S [&hellip;]\" \/>\n<meta property=\"og:url\" content=\"https:\/\/www.eveline.hu\/2016\/eveline-kozmetikumok-szepsegapolas\/termekcsaladok\/c-sensation\/c-sensation-koncentralt-ranctalanito-szerum-3az1-ben-18ml\/\" \/>\n<meta property=\"og:site_name\" content=\"Eveline Cosmetics Magyarorsz\u00e1g\" \/>\n<meta property=\"article:modified_time\" content=\"2024-03-09T10:05:55+00:00\" \/>\n<meta property=\"og:image\" content=\"https:\/\/www.eveline.hu\/2016\/wp-content\/uploads\/2021\/07\/C-SENSATION-serum-18ml-w.png\" \/>\n\t<meta property=\"og:image:width\" content=\"750\" \/>\n\t<meta property=\"og:image:height\" content=\"750\" \/>\n\t<meta property=\"og:image:type\" content=\"image\/png\" \/>\n<meta name=\"twitter:card\" content=\"summary_large_image\" \/>\n<meta name=\"twitter:label1\" content=\"Becs\u00fclt olvas\u00e1si id\u0151\" \/>\n\t<meta name=\"twitter:data1\" content=\"1 perc\" \/>\n<script type=\"application\/ld+json\" class=\"yoast-schema-graph\">{\"@context\":\"https:\/\/schema.org\",\"@graph\":[{\"@type\":\"WebPage\",\"@id\":\"https:\/\/www.eveline.hu\/2016\/eveline-kozmetikumok-szepsegapolas\/termekcsaladok\/c-sensation\/c-sensation-koncentralt-ranctalanito-szerum-3az1-ben-18ml\/\",\"url\":\"https:\/\/www.eveline.hu\/2016\/eveline-kozmetikumok-szepsegapolas\/termekcsaladok\/c-sensation\/c-sensation-koncentralt-ranctalanito-szerum-3az1-ben-18ml\/\",\"name\":\"C Sensation Koncentr\u00e1lt R\u00e1nctalan\u00edt\u00f3 sz\u00e9rum 3az1-ben 18ml - Eveline Cosmetics Magyarorsz\u00e1g\",\"isPartOf\":{\"@id\":\"https:\/\/www.eveline.hu\/2016\/#website\"},\"primaryImageOfPage\":{\"@id\":\"https:\/\/www.eveline.hu\/2016\/eveline-kozmetikumok-szepsegapolas\/termekcsaladok\/c-sensation\/c-sensation-koncentralt-ranctalanito-szerum-3az1-ben-18ml\/#primaryimage\"},\"image\":{\"@id\":\"https:\/\/www.eveline.hu\/2016\/eveline-kozmetikumok-szepsegapolas\/termekcsaladok\/c-sensation\/c-sensation-koncentralt-ranctalanito-szerum-3az1-ben-18ml\/#primaryimage\"},\"thumbnailUrl\":\"https:\/\/www.eveline.hu\/2016\/wp-content\/uploads\/2021\/07\/C-SENSATION-serum-18ml-w.png\",\"datePublished\":\"2021-07-16T11:27:57+00:00\",\"dateModified\":\"2024-03-09T10:05:55+00:00\",\"breadcrumb\":{\"@id\":\"https:\/\/www.eveline.hu\/2016\/eveline-kozmetikumok-szepsegapolas\/termekcsaladok\/c-sensation\/c-sensation-koncentralt-ranctalanito-szerum-3az1-ben-18ml\/#breadcrumb\"},\"inLanguage\":\"hu\",\"potentialAction\":[{\"@type\":\"ReadAction\",\"target\":[\"https:\/\/www.eveline.hu\/2016\/eveline-kozmetikumok-szepsegapolas\/termekcsaladok\/c-sensation\/c-sensation-koncentralt-ranctalanito-szerum-3az1-ben-18ml\/\"]}]},{\"@type\":\"ImageObject\",\"inLanguage\":\"hu\",\"@id\":\"https:\/\/www.eveline.hu\/2016\/eveline-kozmetikumok-szepsegapolas\/termekcsaladok\/c-sensation\/c-sensation-koncentralt-ranctalanito-szerum-3az1-ben-18ml\/#primaryimage\",\"url\":\"https:\/\/www.eveline.hu\/2016\/wp-content\/uploads\/2021\/07\/C-SENSATION-serum-18ml-w.png\",\"contentUrl\":\"https:\/\/www.eveline.hu\/2016\/wp-content\/uploads\/2021\/07\/C-SENSATION-serum-18ml-w.png\",\"width\":750,\"height\":750},{\"@type\":\"BreadcrumbList\",\"@id\":\"https:\/\/www.eveline.hu\/2016\/eveline-kozmetikumok-szepsegapolas\/termekcsaladok\/c-sensation\/c-sensation-koncentralt-ranctalanito-szerum-3az1-ben-18ml\/#breadcrumb\",\"itemListElement\":[{\"@type\":\"ListItem\",\"position\":1,\"name\":\"Home\",\"item\":\"https:\/\/www.eveline.hu\/2016\/\"},{\"@type\":\"ListItem\",\"position\":2,\"name\":\"Term\u00e9kek\",\"item\":\"https:\/\/www.eveline.hu\/2016\/shop\/\"},{\"@type\":\"ListItem\",\"position\":3,\"name\":\"C Sensation Koncentr\u00e1lt R\u00e1nctalan\u00edt\u00f3 sz\u00e9rum 3az1-ben 18ml\"}]},{\"@type\":\"WebSite\",\"@id\":\"https:\/\/www.eveline.hu\/2016\/#website\",\"url\":\"https:\/\/www.eveline.hu\/2016\/\",\"name\":\"Eveline Cosmetics Magyarorsz\u00e1g\",\"description\":\"Min\u0151s\u00e9gi kozmetikumok Lengyelorsz\u00e1gb\u00f3l\",\"potentialAction\":[{\"@type\":\"SearchAction\",\"target\":{\"@type\":\"EntryPoint\",\"urlTemplate\":\"https:\/\/www.eveline.hu\/2016\/?s={search_term_string}\"},\"query-input\":\"required name=search_term_string\"}],\"inLanguage\":\"hu\"}]}<\/script>\n<!-- \/ Yoast SEO plugin. -->","yoast_head_json":{"title":"C Sensation Koncentr\u00e1lt R\u00e1nctalan\u00edt\u00f3 sz\u00e9rum 3az1-ben 18ml - Eveline Cosmetics Magyarorsz\u00e1g","robots":{"index":"index","follow":"follow","max-snippet":"max-snippet:-1","max-image-preview":"max-image-preview:large","max-video-preview":"max-video-preview:-1"},"canonical":"https:\/\/www.eveline.hu\/2016\/eveline-kozmetikumok-szepsegapolas\/termekcsaladok\/c-sensation\/c-sensation-koncentralt-ranctalanito-szerum-3az1-ben-18ml\/","og_locale":"hu_HU","og_type":"article","og_title":"C Sensation Koncentr\u00e1lt R\u00e1nctalan\u00edt\u00f3 sz\u00e9rum 3az1-ben 18ml - Eveline Cosmetics Magyarorsz\u00e1g","og_description":"minden b\u0151rt\u00edpusra Forradalmi kozmetikai term\u00e9kcsal\u00e1d, amely magas koncentr\u00e1ci\u00f3j\u00fa bioakt\u00edv C-vitaminon alapszik, \u00e9s az E-vitaminnal \u00e9s ferulinsavval egy\u00fctt h\u00e1rmas v\u00e9delmet ny\u00fajt a szabad gy\u00f6k\u00f6k k\u00e1ros hat\u00e1saival szemben. L\u00e1that\u00f3an jav\u00edtja a b\u0151r megjelen\u00e9s\u00e9t \u00e9s k\u00e9slelteti az \u00f6reged\u00e9si folyamatokat. A 3 L\u00c9P\u00c9SES STABILIT\u00c1S [&hellip;]","og_url":"https:\/\/www.eveline.hu\/2016\/eveline-kozmetikumok-szepsegapolas\/termekcsaladok\/c-sensation\/c-sensation-koncentralt-ranctalanito-szerum-3az1-ben-18ml\/","og_site_name":"Eveline Cosmetics Magyarorsz\u00e1g","article_modified_time":"2024-03-09T10:05:55+00:00","og_image":[{"width":750,"height":750,"url":"https:\/\/www.eveline.hu\/2016\/wp-content\/uploads\/2021\/07\/C-SENSATION-serum-18ml-w.png","type":"image\/png"}],"twitter_card":"summary_large_image","twitter_misc":{"Becs\u00fclt olvas\u00e1si id\u0151":"1 perc"},"schema":{"@context":"https:\/\/schema.org","@graph":[{"@type":"WebPage","@id":"https:\/\/www.eveline.hu\/2016\/eveline-kozmetikumok-szepsegapolas\/termekcsaladok\/c-sensation\/c-sensation-koncentralt-ranctalanito-szerum-3az1-ben-18ml\/","url":"https:\/\/www.eveline.hu\/2016\/eveline-kozmetikumok-szepsegapolas\/termekcsaladok\/c-sensation\/c-sensation-koncentralt-ranctalanito-szerum-3az1-ben-18ml\/","name":"C Sensation Koncentr\u00e1lt R\u00e1nctalan\u00edt\u00f3 sz\u00e9rum 3az1-ben 18ml - Eveline Cosmetics Magyarorsz\u00e1g","isPartOf":{"@id":"https:\/\/www.eveline.hu\/2016\/#website"},"primaryImageOfPage":{"@id":"https:\/\/www.eveline.hu\/2016\/eveline-kozmetikumok-szepsegapolas\/termekcsaladok\/c-sensation\/c-sensation-koncentralt-ranctalanito-szerum-3az1-ben-18ml\/#primaryimage"},"image":{"@id":"https:\/\/www.eveline.hu\/2016\/eveline-kozmetikumok-szepsegapolas\/termekcsaladok\/c-sensation\/c-sensation-koncentralt-ranctalanito-szerum-3az1-ben-18ml\/#primaryimage"},"thumbnailUrl":"https:\/\/www.eveline.hu\/2016\/wp-content\/uploads\/2021\/07\/C-SENSATION-serum-18ml-w.png","datePublished":"2021-07-16T11:27:57+00:00","dateModified":"2024-03-09T10:05:55+00:00","breadcrumb":{"@id":"https:\/\/www.eveline.hu\/2016\/eveline-kozmetikumok-szepsegapolas\/termekcsaladok\/c-sensation\/c-sensation-koncentralt-ranctalanito-szerum-3az1-ben-18ml\/#breadcrumb"},"inLanguage":"hu","potentialAction":[{"@type":"ReadAction","target":["https:\/\/www.eveline.hu\/2016\/eveline-kozmetikumok-szepsegapolas\/termekcsaladok\/c-sensation\/c-sensation-koncentralt-ranctalanito-szerum-3az1-ben-18ml\/"]}]},{"@type":"ImageObject","inLanguage":"hu","@id":"https:\/\/www.eveline.hu\/2016\/eveline-kozmetikumok-szepsegapolas\/termekcsaladok\/c-sensation\/c-sensation-koncentralt-ranctalanito-szerum-3az1-ben-18ml\/#primaryimage","url":"https:\/\/www.eveline.hu\/2016\/wp-content\/uploads\/2021\/07\/C-SENSATION-serum-18ml-w.png","contentUrl":"https:\/\/www.eveline.hu\/2016\/wp-content\/uploads\/2021\/07\/C-SENSATION-serum-18ml-w.png","width":750,"height":750},{"@type":"BreadcrumbList","@id":"https:\/\/www.eveline.hu\/2016\/eveline-kozmetikumok-szepsegapolas\/termekcsaladok\/c-sensation\/c-sensation-koncentralt-ranctalanito-szerum-3az1-ben-18ml\/#breadcrumb","itemListElement":[{"@type":"ListItem","position":1,"name":"Home","item":"https:\/\/www.eveline.hu\/2016\/"},{"@type":"ListItem","position":2,"name":"Term\u00e9kek","item":"https:\/\/www.eveline.hu\/2016\/shop\/"},{"@type":"ListItem","position":3,"name":"C Sensation Koncentr\u00e1lt R\u00e1nctalan\u00edt\u00f3 sz\u00e9rum 3az1-ben 18ml"}]},{"@type":"WebSite","@id":"https:\/\/www.eveline.hu\/2016\/#website","url":"https:\/\/www.eveline.hu\/2016\/","name":"Eveline Cosmetics Magyarorsz\u00e1g","description":"Min\u0151s\u00e9gi kozmetikumok Lengyelorsz\u00e1gb\u00f3l","potentialAction":[{"@type":"SearchAction","target":{"@type":"EntryPoint","urlTemplate":"https:\/\/www.eveline.hu\/2016\/?s={search_term_string}"},"query-input":"required name=search_term_string"}],"inLanguage":"hu"}]}},"_links":{"self":[{"href":"https:\/\/www.eveline.hu\/2016\/wp-json\/wp\/v2\/product\/27428"}],"collection":[{"href":"https:\/\/www.eveline.hu\/2016\/wp-json\/wp\/v2\/product"}],"about":[{"href":"https:\/\/www.eveline.hu\/2016\/wp-json\/wp\/v2\/types\/product"}],"replies":[{"embeddable":true,"href":"https:\/\/www.eveline.hu\/2016\/wp-json\/wp\/v2\/comments?post=27428"}],"wp:featuredmedia":[{"embeddable":true,"href":"https:\/\/www.eveline.hu\/2016\/wp-json\/wp\/v2\/media\/27429"}],"wp:attachment":[{"href":"https:\/\/www.eveline.hu\/2016\/wp-json\/wp\/v2\/media?parent=27428"}],"wp:term":[{"taxonomy":"product_cat","embeddable":true,"href":"https:\/\/www.eveline.hu\/2016\/wp-json\/wp\/v2\/product_cat?post=27428"},{"taxonomy":"product_tag","embeddable":true,"href":"https:\/\/www.eveline.hu\/2016\/wp-json\/wp\/v2\/product_tag?post=27428"}],"curies":[{"name":"wp","href":"https:\/\/api.w.org\/{rel}","templated":true}]}}