{"id":27311,"date":"2021-06-18T10:42:58","date_gmt":"2021-06-18T08:42:58","guid":{"rendered":"https:\/\/www.eveline.hu\/2016\/?post_type=product&#038;p=27311"},"modified":"2025-09-11T19:00:29","modified_gmt":"2025-09-11T17:00:29","slug":"8-in-1-multi-care-alapozo-es-korom-kondicionalo-uv-led-gel-5-ml","status":"publish","type":"product","link":"https:\/\/www.eveline.hu\/2016\/eveline-kozmetikumok-szepsegapolas\/smink\/korom\/koromerositok\/8-in-1-multi-care-alapozo-es-korom-kondicionalo-uv-led-gel-5-ml\/","title":{"rendered":"8 in 1 Multi \u2013Care alapoz\u00f3 \u00e9s k\u00f6r\u00f6m kond\u00edcion\u00e1l\u00f3  UV\/LED g\u00e9l 5 ml"},"content":{"rendered":"<p>A CICA t\u00e1pl\u00e1l\u00f3 \u00f6sszetev\u0151t tartalmaz\u00f3 egyedi formula \u00f6tv\u00f6zi a hibrid alap \u00e9s a term\u00e9szetes k\u00f6r\u00f6m kondicion\u00e1l\u00f3 tulajdons\u00e1gait. A k\u00e9sz\u00edtm\u00e9ny puha, v\u00e9kony, felhasad\u00f3, s\u00e9r\u00fclt, gyenge k\u00f6rm\u00f6kre szolg\u00e1l, egyenetlen lemezzel, bar\u00e1zd\u00e1kkal vagy elsz\u00ednez\u0151d\u00e9ssel.<\/p>\n<p>HASZN\u00c1LATI \u00daTMUTAT\u00d3: Vigyen fel egy v\u00e9kony 8in1 MULTI-CARE BASE r\u00e9teget az el\u0151k\u00e9sz\u00edtett k\u00f6r\u00f6mlemezre, ne felejtse el megv\u00e9deni a k\u00f6r\u00f6m szabad sz\u00e9l\u00e9t \u00e9s megk\u00f6tni a l\u00e1mp\u00e1ban. B\u00e1rmilyen f\u00e9nyhat\u00e1s\u00fa, klasszikus \u00e9s term\u00e9szetes manik\u0171r alatt haszn\u00e1lhat\u00f3. <strong>Kem\u00e9nyed\u00e9si id\u0151: UV &#8211; 120 mp, LED &#8211; 30-60 mp, CCFL &#8211; 60-90 mp.<\/strong> TULAJDONS\u00c1GOK: <strong>1<\/strong>. lez\u00e1rja \u00e9s regener\u00e1lja a k\u00f6r\u00f6mlemez szerkezet\u00e9t<\/p>\n<ol start=\"2\">\n<li><strong>2<\/strong>. kit\u00f6lti a k\u00f6rm\u00f6k egyenetlens\u00e9geit, mikroreped\u00e9seit \u00e9s hi\u00e1nyoss\u00e1gait <strong>3<\/strong>. revitaliz\u00e1lja a k\u00f6r\u00f6mlemezt <strong>4<\/strong>. meger\u0151s\u00edti a k\u00f6r\u00f6mlemezt <strong>5<\/strong>. v\u00e9delmet ny\u00fajt a k\u00e1ros k\u00fcls\u0151 t\u00e9nyez\u0151k ellen <strong>6<\/strong>. megkem\u00e9ny\u00edti a puha k\u00f6r\u00f6mlemezt \u00e9s ellen\u00e1ll\u00f3v\u00e1 teszi a t\u00f6r\u00e9st minden form\u00e1z\u00e1ssal n\u00f6veli a term\u00e9szetes k\u00f6r\u00f6mlemez tapad\u00e1s\u00e1t <strong>8<\/strong>. meghosszabb\u00edtja a klasszikus, UV \u00e9s LED manik\u0171r tart\u00f3ss\u00e1g\u00e1t<\/li>\n<\/ol>\n","protected":false},"excerpt":{"rendered":"<p>A CICA t\u00e1pl\u00e1l\u00f3 \u00f6sszetev\u0151t tartalmaz\u00f3 egyedi formula \u00f6tv\u00f6zi a hibrid alap \u00e9s a term\u00e9szetes k\u00f6r\u00f6m kondicion\u00e1l\u00f3 tulajdons\u00e1gait. A k\u00e9sz\u00edtm\u00e9ny puha, v\u00e9kony, felhasad\u00f3, s\u00e9r\u00fclt, gyenge k\u00f6rm\u00f6kre szolg\u00e1l, egyenetlen lemezzel, bar\u00e1zd\u00e1kkal vagy elsz\u00ednez\u0151d\u00e9ssel. HASZN\u00c1LATI \u00daTMUTAT\u00d3: Vigyen fel egy v\u00e9kony 8in1 MULTI-CARE BASE [&hellip;]<\/p>\n","protected":false},"featured_media":27313,"comment_status":"open","ping_status":"closed","template":"","meta":[],"product_cat":[156,158],"product_tag":[],"yoast_head":"<!-- This site is optimized with the Yoast SEO plugin v22.2 - https:\/\/yoast.com\/wordpress\/plugins\/seo\/ -->\n<title>8 in 1 Multi \u2013Care alapoz\u00f3 \u00e9s k\u00f6r\u00f6m kond\u00edcion\u00e1l\u00f3 UV\/LED g\u00e9l 5 ml - Eveline Cosmetics Magyarorsz\u00e1g<\/title>\n<meta name=\"robots\" content=\"index, follow, max-snippet:-1, max-image-preview:large, max-video-preview:-1\" \/>\n<link rel=\"canonical\" href=\"https:\/\/www.eveline.hu\/2016\/eveline-kozmetikumok-szepsegapolas\/smink\/korom\/koromerositok\/8-in-1-multi-care-alapozo-es-korom-kondicionalo-uv-led-gel-5-ml\/\" \/>\n<meta property=\"og:locale\" content=\"hu_HU\" \/>\n<meta property=\"og:type\" content=\"article\" \/>\n<meta property=\"og:title\" content=\"8 in 1 Multi \u2013Care alapoz\u00f3 \u00e9s k\u00f6r\u00f6m kond\u00edcion\u00e1l\u00f3 UV\/LED g\u00e9l 5 ml - Eveline Cosmetics Magyarorsz\u00e1g\" \/>\n<meta property=\"og:description\" content=\"A CICA t\u00e1pl\u00e1l\u00f3 \u00f6sszetev\u0151t tartalmaz\u00f3 egyedi formula \u00f6tv\u00f6zi a hibrid alap \u00e9s a term\u00e9szetes k\u00f6r\u00f6m kondicion\u00e1l\u00f3 tulajdons\u00e1gait. A k\u00e9sz\u00edtm\u00e9ny puha, v\u00e9kony, felhasad\u00f3, s\u00e9r\u00fclt, gyenge k\u00f6rm\u00f6kre szolg\u00e1l, egyenetlen lemezzel, bar\u00e1zd\u00e1kkal vagy elsz\u00ednez\u0151d\u00e9ssel. HASZN\u00c1LATI \u00daTMUTAT\u00d3: Vigyen fel egy v\u00e9kony 8in1 MULTI-CARE BASE [&hellip;]\" \/>\n<meta property=\"og:url\" content=\"https:\/\/www.eveline.hu\/2016\/eveline-kozmetikumok-szepsegapolas\/smink\/korom\/koromerositok\/8-in-1-multi-care-alapozo-es-korom-kondicionalo-uv-led-gel-5-ml\/\" \/>\n<meta property=\"og:site_name\" content=\"Eveline Cosmetics Magyarorsz\u00e1g\" \/>\n<meta property=\"article:modified_time\" content=\"2025-09-11T17:00:29+00:00\" \/>\n<meta property=\"og:image\" content=\"https:\/\/www.eveline.hu\/2016\/wp-content\/uploads\/2021\/06\/5903416028840-NAIL-THERAPY-8IN1-UVLED-MULTI-CARE-BASE-5-MLw-2.png\" \/>\n\t<meta property=\"og:image:width\" content=\"734\" \/>\n\t<meta property=\"og:image:height\" content=\"734\" \/>\n\t<meta property=\"og:image:type\" content=\"image\/png\" \/>\n<meta name=\"twitter:card\" content=\"summary_large_image\" \/>\n<meta name=\"twitter:label1\" content=\"Becs\u00fclt olvas\u00e1si id\u0151\" \/>\n\t<meta name=\"twitter:data1\" content=\"1 perc\" \/>\n<script type=\"application\/ld+json\" class=\"yoast-schema-graph\">{\"@context\":\"https:\/\/schema.org\",\"@graph\":[{\"@type\":\"WebPage\",\"@id\":\"https:\/\/www.eveline.hu\/2016\/eveline-kozmetikumok-szepsegapolas\/smink\/korom\/koromerositok\/8-in-1-multi-care-alapozo-es-korom-kondicionalo-uv-led-gel-5-ml\/\",\"url\":\"https:\/\/www.eveline.hu\/2016\/eveline-kozmetikumok-szepsegapolas\/smink\/korom\/koromerositok\/8-in-1-multi-care-alapozo-es-korom-kondicionalo-uv-led-gel-5-ml\/\",\"name\":\"8 in 1 Multi \u2013Care alapoz\u00f3 \u00e9s k\u00f6r\u00f6m kond\u00edcion\u00e1l\u00f3 UV\/LED g\u00e9l 5 ml - Eveline Cosmetics Magyarorsz\u00e1g\",\"isPartOf\":{\"@id\":\"https:\/\/www.eveline.hu\/2016\/#website\"},\"primaryImageOfPage\":{\"@id\":\"https:\/\/www.eveline.hu\/2016\/eveline-kozmetikumok-szepsegapolas\/smink\/korom\/koromerositok\/8-in-1-multi-care-alapozo-es-korom-kondicionalo-uv-led-gel-5-ml\/#primaryimage\"},\"image\":{\"@id\":\"https:\/\/www.eveline.hu\/2016\/eveline-kozmetikumok-szepsegapolas\/smink\/korom\/koromerositok\/8-in-1-multi-care-alapozo-es-korom-kondicionalo-uv-led-gel-5-ml\/#primaryimage\"},\"thumbnailUrl\":\"https:\/\/www.eveline.hu\/2016\/wp-content\/uploads\/2021\/06\/5903416028840-NAIL-THERAPY-8IN1-UVLED-MULTI-CARE-BASE-5-MLw-2.png\",\"datePublished\":\"2021-06-18T08:42:58+00:00\",\"dateModified\":\"2025-09-11T17:00:29+00:00\",\"breadcrumb\":{\"@id\":\"https:\/\/www.eveline.hu\/2016\/eveline-kozmetikumok-szepsegapolas\/smink\/korom\/koromerositok\/8-in-1-multi-care-alapozo-es-korom-kondicionalo-uv-led-gel-5-ml\/#breadcrumb\"},\"inLanguage\":\"hu\",\"potentialAction\":[{\"@type\":\"ReadAction\",\"target\":[\"https:\/\/www.eveline.hu\/2016\/eveline-kozmetikumok-szepsegapolas\/smink\/korom\/koromerositok\/8-in-1-multi-care-alapozo-es-korom-kondicionalo-uv-led-gel-5-ml\/\"]}]},{\"@type\":\"ImageObject\",\"inLanguage\":\"hu\",\"@id\":\"https:\/\/www.eveline.hu\/2016\/eveline-kozmetikumok-szepsegapolas\/smink\/korom\/koromerositok\/8-in-1-multi-care-alapozo-es-korom-kondicionalo-uv-led-gel-5-ml\/#primaryimage\",\"url\":\"https:\/\/www.eveline.hu\/2016\/wp-content\/uploads\/2021\/06\/5903416028840-NAIL-THERAPY-8IN1-UVLED-MULTI-CARE-BASE-5-MLw-2.png\",\"contentUrl\":\"https:\/\/www.eveline.hu\/2016\/wp-content\/uploads\/2021\/06\/5903416028840-NAIL-THERAPY-8IN1-UVLED-MULTI-CARE-BASE-5-MLw-2.png\",\"width\":734,\"height\":734},{\"@type\":\"BreadcrumbList\",\"@id\":\"https:\/\/www.eveline.hu\/2016\/eveline-kozmetikumok-szepsegapolas\/smink\/korom\/koromerositok\/8-in-1-multi-care-alapozo-es-korom-kondicionalo-uv-led-gel-5-ml\/#breadcrumb\",\"itemListElement\":[{\"@type\":\"ListItem\",\"position\":1,\"name\":\"Home\",\"item\":\"https:\/\/www.eveline.hu\/2016\/\"},{\"@type\":\"ListItem\",\"position\":2,\"name\":\"Term\u00e9kek\",\"item\":\"https:\/\/www.eveline.hu\/2016\/shop\/\"},{\"@type\":\"ListItem\",\"position\":3,\"name\":\"8 in 1 Multi \u2013Care alapoz\u00f3 \u00e9s k\u00f6r\u00f6m kond\u00edcion\u00e1l\u00f3 UV\/LED g\u00e9l 5 ml\"}]},{\"@type\":\"WebSite\",\"@id\":\"https:\/\/www.eveline.hu\/2016\/#website\",\"url\":\"https:\/\/www.eveline.hu\/2016\/\",\"name\":\"Eveline Cosmetics Magyarorsz\u00e1g\",\"description\":\"Min\u0151s\u00e9gi kozmetikumok Lengyelorsz\u00e1gb\u00f3l\",\"potentialAction\":[{\"@type\":\"SearchAction\",\"target\":{\"@type\":\"EntryPoint\",\"urlTemplate\":\"https:\/\/www.eveline.hu\/2016\/?s={search_term_string}\"},\"query-input\":\"required name=search_term_string\"}],\"inLanguage\":\"hu\"}]}<\/script>\n<!-- \/ Yoast SEO plugin. -->","yoast_head_json":{"title":"8 in 1 Multi \u2013Care alapoz\u00f3 \u00e9s k\u00f6r\u00f6m kond\u00edcion\u00e1l\u00f3 UV\/LED g\u00e9l 5 ml - Eveline Cosmetics Magyarorsz\u00e1g","robots":{"index":"index","follow":"follow","max-snippet":"max-snippet:-1","max-image-preview":"max-image-preview:large","max-video-preview":"max-video-preview:-1"},"canonical":"https:\/\/www.eveline.hu\/2016\/eveline-kozmetikumok-szepsegapolas\/smink\/korom\/koromerositok\/8-in-1-multi-care-alapozo-es-korom-kondicionalo-uv-led-gel-5-ml\/","og_locale":"hu_HU","og_type":"article","og_title":"8 in 1 Multi \u2013Care alapoz\u00f3 \u00e9s k\u00f6r\u00f6m kond\u00edcion\u00e1l\u00f3 UV\/LED g\u00e9l 5 ml - Eveline Cosmetics Magyarorsz\u00e1g","og_description":"A CICA t\u00e1pl\u00e1l\u00f3 \u00f6sszetev\u0151t tartalmaz\u00f3 egyedi formula \u00f6tv\u00f6zi a hibrid alap \u00e9s a term\u00e9szetes k\u00f6r\u00f6m kondicion\u00e1l\u00f3 tulajdons\u00e1gait. A k\u00e9sz\u00edtm\u00e9ny puha, v\u00e9kony, felhasad\u00f3, s\u00e9r\u00fclt, gyenge k\u00f6rm\u00f6kre szolg\u00e1l, egyenetlen lemezzel, bar\u00e1zd\u00e1kkal vagy elsz\u00ednez\u0151d\u00e9ssel. HASZN\u00c1LATI \u00daTMUTAT\u00d3: Vigyen fel egy v\u00e9kony 8in1 MULTI-CARE BASE [&hellip;]","og_url":"https:\/\/www.eveline.hu\/2016\/eveline-kozmetikumok-szepsegapolas\/smink\/korom\/koromerositok\/8-in-1-multi-care-alapozo-es-korom-kondicionalo-uv-led-gel-5-ml\/","og_site_name":"Eveline Cosmetics Magyarorsz\u00e1g","article_modified_time":"2025-09-11T17:00:29+00:00","og_image":[{"width":734,"height":734,"url":"https:\/\/www.eveline.hu\/2016\/wp-content\/uploads\/2021\/06\/5903416028840-NAIL-THERAPY-8IN1-UVLED-MULTI-CARE-BASE-5-MLw-2.png","type":"image\/png"}],"twitter_card":"summary_large_image","twitter_misc":{"Becs\u00fclt olvas\u00e1si id\u0151":"1 perc"},"schema":{"@context":"https:\/\/schema.org","@graph":[{"@type":"WebPage","@id":"https:\/\/www.eveline.hu\/2016\/eveline-kozmetikumok-szepsegapolas\/smink\/korom\/koromerositok\/8-in-1-multi-care-alapozo-es-korom-kondicionalo-uv-led-gel-5-ml\/","url":"https:\/\/www.eveline.hu\/2016\/eveline-kozmetikumok-szepsegapolas\/smink\/korom\/koromerositok\/8-in-1-multi-care-alapozo-es-korom-kondicionalo-uv-led-gel-5-ml\/","name":"8 in 1 Multi \u2013Care alapoz\u00f3 \u00e9s k\u00f6r\u00f6m kond\u00edcion\u00e1l\u00f3 UV\/LED g\u00e9l 5 ml - Eveline Cosmetics Magyarorsz\u00e1g","isPartOf":{"@id":"https:\/\/www.eveline.hu\/2016\/#website"},"primaryImageOfPage":{"@id":"https:\/\/www.eveline.hu\/2016\/eveline-kozmetikumok-szepsegapolas\/smink\/korom\/koromerositok\/8-in-1-multi-care-alapozo-es-korom-kondicionalo-uv-led-gel-5-ml\/#primaryimage"},"image":{"@id":"https:\/\/www.eveline.hu\/2016\/eveline-kozmetikumok-szepsegapolas\/smink\/korom\/koromerositok\/8-in-1-multi-care-alapozo-es-korom-kondicionalo-uv-led-gel-5-ml\/#primaryimage"},"thumbnailUrl":"https:\/\/www.eveline.hu\/2016\/wp-content\/uploads\/2021\/06\/5903416028840-NAIL-THERAPY-8IN1-UVLED-MULTI-CARE-BASE-5-MLw-2.png","datePublished":"2021-06-18T08:42:58+00:00","dateModified":"2025-09-11T17:00:29+00:00","breadcrumb":{"@id":"https:\/\/www.eveline.hu\/2016\/eveline-kozmetikumok-szepsegapolas\/smink\/korom\/koromerositok\/8-in-1-multi-care-alapozo-es-korom-kondicionalo-uv-led-gel-5-ml\/#breadcrumb"},"inLanguage":"hu","potentialAction":[{"@type":"ReadAction","target":["https:\/\/www.eveline.hu\/2016\/eveline-kozmetikumok-szepsegapolas\/smink\/korom\/koromerositok\/8-in-1-multi-care-alapozo-es-korom-kondicionalo-uv-led-gel-5-ml\/"]}]},{"@type":"ImageObject","inLanguage":"hu","@id":"https:\/\/www.eveline.hu\/2016\/eveline-kozmetikumok-szepsegapolas\/smink\/korom\/koromerositok\/8-in-1-multi-care-alapozo-es-korom-kondicionalo-uv-led-gel-5-ml\/#primaryimage","url":"https:\/\/www.eveline.hu\/2016\/wp-content\/uploads\/2021\/06\/5903416028840-NAIL-THERAPY-8IN1-UVLED-MULTI-CARE-BASE-5-MLw-2.png","contentUrl":"https:\/\/www.eveline.hu\/2016\/wp-content\/uploads\/2021\/06\/5903416028840-NAIL-THERAPY-8IN1-UVLED-MULTI-CARE-BASE-5-MLw-2.png","width":734,"height":734},{"@type":"BreadcrumbList","@id":"https:\/\/www.eveline.hu\/2016\/eveline-kozmetikumok-szepsegapolas\/smink\/korom\/koromerositok\/8-in-1-multi-care-alapozo-es-korom-kondicionalo-uv-led-gel-5-ml\/#breadcrumb","itemListElement":[{"@type":"ListItem","position":1,"name":"Home","item":"https:\/\/www.eveline.hu\/2016\/"},{"@type":"ListItem","position":2,"name":"Term\u00e9kek","item":"https:\/\/www.eveline.hu\/2016\/shop\/"},{"@type":"ListItem","position":3,"name":"8 in 1 Multi \u2013Care alapoz\u00f3 \u00e9s k\u00f6r\u00f6m kond\u00edcion\u00e1l\u00f3 UV\/LED g\u00e9l 5 ml"}]},{"@type":"WebSite","@id":"https:\/\/www.eveline.hu\/2016\/#website","url":"https:\/\/www.eveline.hu\/2016\/","name":"Eveline Cosmetics Magyarorsz\u00e1g","description":"Min\u0151s\u00e9gi kozmetikumok Lengyelorsz\u00e1gb\u00f3l","potentialAction":[{"@type":"SearchAction","target":{"@type":"EntryPoint","urlTemplate":"https:\/\/www.eveline.hu\/2016\/?s={search_term_string}"},"query-input":"required name=search_term_string"}],"inLanguage":"hu"}]}},"_links":{"self":[{"href":"https:\/\/www.eveline.hu\/2016\/wp-json\/wp\/v2\/product\/27311"}],"collection":[{"href":"https:\/\/www.eveline.hu\/2016\/wp-json\/wp\/v2\/product"}],"about":[{"href":"https:\/\/www.eveline.hu\/2016\/wp-json\/wp\/v2\/types\/product"}],"replies":[{"embeddable":true,"href":"https:\/\/www.eveline.hu\/2016\/wp-json\/wp\/v2\/comments?post=27311"}],"wp:featuredmedia":[{"embeddable":true,"href":"https:\/\/www.eveline.hu\/2016\/wp-json\/wp\/v2\/media\/27313"}],"wp:attachment":[{"href":"https:\/\/www.eveline.hu\/2016\/wp-json\/wp\/v2\/media?parent=27311"}],"wp:term":[{"taxonomy":"product_cat","embeddable":true,"href":"https:\/\/www.eveline.hu\/2016\/wp-json\/wp\/v2\/product_cat?post=27311"},{"taxonomy":"product_tag","embeddable":true,"href":"https:\/\/www.eveline.hu\/2016\/wp-json\/wp\/v2\/product_tag?post=27311"}],"curies":[{"name":"wp","href":"https:\/\/api.w.org\/{rel}","templated":true}]}}