{"id":27302,"date":"2021-06-18T09:49:22","date_gmt":"2021-06-18T07:49:22","guid":{"rendered":"https:\/\/www.eveline.hu\/2016\/?post_type=product&#038;p=27302"},"modified":"2025-05-04T12:35:04","modified_gmt":"2025-05-04T10:35:04","slug":"perfect-skin-gazdag-regeneralo-maszk-8ml","status":"publish","type":"product","link":"https:\/\/www.eveline.hu\/2016\/eveline-kozmetikumok-szepsegapolas\/termekcsaladok\/arcmaszkok\/perfect-skin-gazdag-regeneralo-maszk-8ml\/","title":{"rendered":"Perfect Skin Gazdag regener\u00e1l\u00f3 maszk 8ml"},"content":{"rendered":"<p>3az1-ben: vissza\u00e1ll\u00edtja b\u0151r feszess\u00e9g\u00e9t, hidrat\u00e1l \u00e9s revitaliz\u00e1l, feszes\u00edt \u00e9s kisim\u00edt.<\/p>\n<p>Innovat\u00edv kozmetikai term\u00e9kcsal\u00e1d, amely biztos\u00edtja az azonnali eredm\u00e9nyeket, mint egy sz\u00e9ps\u00e9gszalon-kezel\u00e9s ut\u00e1n. V\u00e1lassza ki a b\u0151r\u00e9nek ig\u00e9nyeire szabott term\u00e9ket, \u00e9s \u00e9lvezze a l\u00e1tv\u00e1nyos hat\u00e1st!<\/p>\n<p>Az ig\u00e9nyes \u00e9s f\u00e1radt b\u0151rre kifejlesztett gazdag regener\u00e1l\u00f3 maszk t\u00f6k\u00e9letesen t\u00e1pl\u00e1l \u00e9s intenz\u00edven hidrat\u00e1l. A formula \u00f6tv\u00f6zi a sz\u00e9n m\u00e9lytiszt\u00edt\u00f3 erej\u00e9t \u00e9s a manuka m\u00e9z intenz\u00edven nyugtat\u00f3 \u00e9s kisim\u00edt\u00f3 tulajdons\u00e1gait. A jojoba olaj helyre\u00e1ll\u00edtja a b\u0151r vitalit\u00e1s\u00e1t, puhas\u00e1g\u00e1t \u00e9s leny\u0171g\u00f6z\u0151 ragyog\u00e1s\u00e1t.<\/p>\n<p><strong>Alkalmaz\u00e1s<\/strong>: Vigye fel a maszkot a megtiszt\u00edtott arcra, ker\u00fclve a szem k\u00f6rny\u00e9k\u00e9t, majd hagyja a b\u0151r\u00f6n. 15 perc m\u00falva \u00f6bl\u00edtse le langyos v\u00edzzel. Haszn\u00e1lja hetente 2 alkalommal.<\/p>\n<p>\u00d6sszetev\u0151k:Aqua (Water), Cetearyl Alcohol, Glyceryl Stearate SE, Kaolin, Glycerin, Dimethicone, Isopropyl Palmitate, Butyrospermum Parkii Butter, Olea Europaea Fruit Oil, Simmondsia Chinensis Seed Oil, Mel Extract, Cymbopogon Citratus Extract, Lavandula Angustifolia Flower Extract, Tocopheryl Acetate, Sodium Polyacrylate, Propylene Glycol, Caramel, Mica, Charcoal Powder, Phenoxyethanol, Hydroxyacetophenone, Ethylhexylglycerin, Sodium Benzoate, Potassium Sorbate, Parfum (Fragrance), Citric Acid, Disodium EDTA, Tin Oxide, CI 77891 (Titanium Dioxide), CI 17200.<\/p>\n","protected":false},"excerpt":{"rendered":"<p>3az1-ben: vissza\u00e1ll\u00edtja b\u0151r feszess\u00e9g\u00e9t, hidrat\u00e1l \u00e9s revitaliz\u00e1l, feszes\u00edt \u00e9s kisim\u00edt. Innovat\u00edv kozmetikai term\u00e9kcsal\u00e1d, amely biztos\u00edtja az azonnali eredm\u00e9nyeket, mint egy sz\u00e9ps\u00e9gszalon-kezel\u00e9s ut\u00e1n. V\u00e1lassza ki a b\u0151r\u00e9nek ig\u00e9nyeire szabott term\u00e9ket, \u00e9s \u00e9lvezze a l\u00e1tv\u00e1nyos hat\u00e1st! Az ig\u00e9nyes \u00e9s f\u00e1radt b\u0151rre kifejlesztett [&hellip;]<\/p>\n","protected":false},"featured_media":27303,"comment_status":"open","ping_status":"closed","template":"","meta":[],"product_cat":[80,87],"product_tag":[],"yoast_head":"<!-- This site is optimized with the Yoast SEO plugin v22.2 - https:\/\/yoast.com\/wordpress\/plugins\/seo\/ -->\n<title>Perfect Skin Gazdag regener\u00e1l\u00f3 maszk 8ml - Eveline Cosmetics Magyarorsz\u00e1g<\/title>\n<meta name=\"robots\" content=\"index, follow, max-snippet:-1, max-image-preview:large, max-video-preview:-1\" \/>\n<link rel=\"canonical\" href=\"https:\/\/www.eveline.hu\/2016\/eveline-kozmetikumok-szepsegapolas\/termekcsaladok\/arcmaszkok\/perfect-skin-gazdag-regeneralo-maszk-8ml\/\" \/>\n<meta property=\"og:locale\" content=\"hu_HU\" \/>\n<meta property=\"og:type\" content=\"article\" \/>\n<meta property=\"og:title\" content=\"Perfect Skin Gazdag regener\u00e1l\u00f3 maszk 8ml - Eveline Cosmetics Magyarorsz\u00e1g\" \/>\n<meta property=\"og:description\" content=\"3az1-ben: vissza\u00e1ll\u00edtja b\u0151r feszess\u00e9g\u00e9t, hidrat\u00e1l \u00e9s revitaliz\u00e1l, feszes\u00edt \u00e9s kisim\u00edt. Innovat\u00edv kozmetikai term\u00e9kcsal\u00e1d, amely biztos\u00edtja az azonnali eredm\u00e9nyeket, mint egy sz\u00e9ps\u00e9gszalon-kezel\u00e9s ut\u00e1n. V\u00e1lassza ki a b\u0151r\u00e9nek ig\u00e9nyeire szabott term\u00e9ket, \u00e9s \u00e9lvezze a l\u00e1tv\u00e1nyos hat\u00e1st! Az ig\u00e9nyes \u00e9s f\u00e1radt b\u0151rre kifejlesztett [&hellip;]\" \/>\n<meta property=\"og:url\" content=\"https:\/\/www.eveline.hu\/2016\/eveline-kozmetikumok-szepsegapolas\/termekcsaladok\/arcmaszkok\/perfect-skin-gazdag-regeneralo-maszk-8ml\/\" \/>\n<meta property=\"og:site_name\" content=\"Eveline Cosmetics Magyarorsz\u00e1g\" \/>\n<meta property=\"article:modified_time\" content=\"2025-05-04T10:35:04+00:00\" \/>\n<meta property=\"og:image\" content=\"https:\/\/www.eveline.hu\/2016\/wp-content\/uploads\/2021\/06\/5903416026334-PERFECT-SKIN-Regenerating-MASK-MANUKA-HONEY-8ML-w.png\" \/>\n\t<meta property=\"og:image:width\" content=\"750\" \/>\n\t<meta property=\"og:image:height\" content=\"750\" \/>\n\t<meta property=\"og:image:type\" content=\"image\/png\" \/>\n<meta name=\"twitter:card\" content=\"summary_large_image\" \/>\n<meta name=\"twitter:label1\" content=\"Becs\u00fclt olvas\u00e1si id\u0151\" \/>\n\t<meta name=\"twitter:data1\" content=\"1 perc\" \/>\n<script type=\"application\/ld+json\" class=\"yoast-schema-graph\">{\"@context\":\"https:\/\/schema.org\",\"@graph\":[{\"@type\":\"WebPage\",\"@id\":\"https:\/\/www.eveline.hu\/2016\/eveline-kozmetikumok-szepsegapolas\/termekcsaladok\/arcmaszkok\/perfect-skin-gazdag-regeneralo-maszk-8ml\/\",\"url\":\"https:\/\/www.eveline.hu\/2016\/eveline-kozmetikumok-szepsegapolas\/termekcsaladok\/arcmaszkok\/perfect-skin-gazdag-regeneralo-maszk-8ml\/\",\"name\":\"Perfect Skin Gazdag regener\u00e1l\u00f3 maszk 8ml - Eveline Cosmetics Magyarorsz\u00e1g\",\"isPartOf\":{\"@id\":\"https:\/\/www.eveline.hu\/2016\/#website\"},\"primaryImageOfPage\":{\"@id\":\"https:\/\/www.eveline.hu\/2016\/eveline-kozmetikumok-szepsegapolas\/termekcsaladok\/arcmaszkok\/perfect-skin-gazdag-regeneralo-maszk-8ml\/#primaryimage\"},\"image\":{\"@id\":\"https:\/\/www.eveline.hu\/2016\/eveline-kozmetikumok-szepsegapolas\/termekcsaladok\/arcmaszkok\/perfect-skin-gazdag-regeneralo-maszk-8ml\/#primaryimage\"},\"thumbnailUrl\":\"https:\/\/www.eveline.hu\/2016\/wp-content\/uploads\/2021\/06\/5903416026334-PERFECT-SKIN-Regenerating-MASK-MANUKA-HONEY-8ML-w.png\",\"datePublished\":\"2021-06-18T07:49:22+00:00\",\"dateModified\":\"2025-05-04T10:35:04+00:00\",\"breadcrumb\":{\"@id\":\"https:\/\/www.eveline.hu\/2016\/eveline-kozmetikumok-szepsegapolas\/termekcsaladok\/arcmaszkok\/perfect-skin-gazdag-regeneralo-maszk-8ml\/#breadcrumb\"},\"inLanguage\":\"hu\",\"potentialAction\":[{\"@type\":\"ReadAction\",\"target\":[\"https:\/\/www.eveline.hu\/2016\/eveline-kozmetikumok-szepsegapolas\/termekcsaladok\/arcmaszkok\/perfect-skin-gazdag-regeneralo-maszk-8ml\/\"]}]},{\"@type\":\"ImageObject\",\"inLanguage\":\"hu\",\"@id\":\"https:\/\/www.eveline.hu\/2016\/eveline-kozmetikumok-szepsegapolas\/termekcsaladok\/arcmaszkok\/perfect-skin-gazdag-regeneralo-maszk-8ml\/#primaryimage\",\"url\":\"https:\/\/www.eveline.hu\/2016\/wp-content\/uploads\/2021\/06\/5903416026334-PERFECT-SKIN-Regenerating-MASK-MANUKA-HONEY-8ML-w.png\",\"contentUrl\":\"https:\/\/www.eveline.hu\/2016\/wp-content\/uploads\/2021\/06\/5903416026334-PERFECT-SKIN-Regenerating-MASK-MANUKA-HONEY-8ML-w.png\",\"width\":750,\"height\":750},{\"@type\":\"BreadcrumbList\",\"@id\":\"https:\/\/www.eveline.hu\/2016\/eveline-kozmetikumok-szepsegapolas\/termekcsaladok\/arcmaszkok\/perfect-skin-gazdag-regeneralo-maszk-8ml\/#breadcrumb\",\"itemListElement\":[{\"@type\":\"ListItem\",\"position\":1,\"name\":\"Home\",\"item\":\"https:\/\/www.eveline.hu\/2016\/\"},{\"@type\":\"ListItem\",\"position\":2,\"name\":\"Term\u00e9kek\",\"item\":\"https:\/\/www.eveline.hu\/2016\/shop\/\"},{\"@type\":\"ListItem\",\"position\":3,\"name\":\"Perfect Skin Gazdag regener\u00e1l\u00f3 maszk 8ml\"}]},{\"@type\":\"WebSite\",\"@id\":\"https:\/\/www.eveline.hu\/2016\/#website\",\"url\":\"https:\/\/www.eveline.hu\/2016\/\",\"name\":\"Eveline Cosmetics Magyarorsz\u00e1g\",\"description\":\"Min\u0151s\u00e9gi kozmetikumok Lengyelorsz\u00e1gb\u00f3l\",\"potentialAction\":[{\"@type\":\"SearchAction\",\"target\":{\"@type\":\"EntryPoint\",\"urlTemplate\":\"https:\/\/www.eveline.hu\/2016\/?s={search_term_string}\"},\"query-input\":\"required name=search_term_string\"}],\"inLanguage\":\"hu\"}]}<\/script>\n<!-- \/ Yoast SEO plugin. -->","yoast_head_json":{"title":"Perfect Skin Gazdag regener\u00e1l\u00f3 maszk 8ml - Eveline Cosmetics Magyarorsz\u00e1g","robots":{"index":"index","follow":"follow","max-snippet":"max-snippet:-1","max-image-preview":"max-image-preview:large","max-video-preview":"max-video-preview:-1"},"canonical":"https:\/\/www.eveline.hu\/2016\/eveline-kozmetikumok-szepsegapolas\/termekcsaladok\/arcmaszkok\/perfect-skin-gazdag-regeneralo-maszk-8ml\/","og_locale":"hu_HU","og_type":"article","og_title":"Perfect Skin Gazdag regener\u00e1l\u00f3 maszk 8ml - Eveline Cosmetics Magyarorsz\u00e1g","og_description":"3az1-ben: vissza\u00e1ll\u00edtja b\u0151r feszess\u00e9g\u00e9t, hidrat\u00e1l \u00e9s revitaliz\u00e1l, feszes\u00edt \u00e9s kisim\u00edt. Innovat\u00edv kozmetikai term\u00e9kcsal\u00e1d, amely biztos\u00edtja az azonnali eredm\u00e9nyeket, mint egy sz\u00e9ps\u00e9gszalon-kezel\u00e9s ut\u00e1n. V\u00e1lassza ki a b\u0151r\u00e9nek ig\u00e9nyeire szabott term\u00e9ket, \u00e9s \u00e9lvezze a l\u00e1tv\u00e1nyos hat\u00e1st! Az ig\u00e9nyes \u00e9s f\u00e1radt b\u0151rre kifejlesztett [&hellip;]","og_url":"https:\/\/www.eveline.hu\/2016\/eveline-kozmetikumok-szepsegapolas\/termekcsaladok\/arcmaszkok\/perfect-skin-gazdag-regeneralo-maszk-8ml\/","og_site_name":"Eveline Cosmetics Magyarorsz\u00e1g","article_modified_time":"2025-05-04T10:35:04+00:00","og_image":[{"width":750,"height":750,"url":"https:\/\/www.eveline.hu\/2016\/wp-content\/uploads\/2021\/06\/5903416026334-PERFECT-SKIN-Regenerating-MASK-MANUKA-HONEY-8ML-w.png","type":"image\/png"}],"twitter_card":"summary_large_image","twitter_misc":{"Becs\u00fclt olvas\u00e1si id\u0151":"1 perc"},"schema":{"@context":"https:\/\/schema.org","@graph":[{"@type":"WebPage","@id":"https:\/\/www.eveline.hu\/2016\/eveline-kozmetikumok-szepsegapolas\/termekcsaladok\/arcmaszkok\/perfect-skin-gazdag-regeneralo-maszk-8ml\/","url":"https:\/\/www.eveline.hu\/2016\/eveline-kozmetikumok-szepsegapolas\/termekcsaladok\/arcmaszkok\/perfect-skin-gazdag-regeneralo-maszk-8ml\/","name":"Perfect Skin Gazdag regener\u00e1l\u00f3 maszk 8ml - Eveline Cosmetics Magyarorsz\u00e1g","isPartOf":{"@id":"https:\/\/www.eveline.hu\/2016\/#website"},"primaryImageOfPage":{"@id":"https:\/\/www.eveline.hu\/2016\/eveline-kozmetikumok-szepsegapolas\/termekcsaladok\/arcmaszkok\/perfect-skin-gazdag-regeneralo-maszk-8ml\/#primaryimage"},"image":{"@id":"https:\/\/www.eveline.hu\/2016\/eveline-kozmetikumok-szepsegapolas\/termekcsaladok\/arcmaszkok\/perfect-skin-gazdag-regeneralo-maszk-8ml\/#primaryimage"},"thumbnailUrl":"https:\/\/www.eveline.hu\/2016\/wp-content\/uploads\/2021\/06\/5903416026334-PERFECT-SKIN-Regenerating-MASK-MANUKA-HONEY-8ML-w.png","datePublished":"2021-06-18T07:49:22+00:00","dateModified":"2025-05-04T10:35:04+00:00","breadcrumb":{"@id":"https:\/\/www.eveline.hu\/2016\/eveline-kozmetikumok-szepsegapolas\/termekcsaladok\/arcmaszkok\/perfect-skin-gazdag-regeneralo-maszk-8ml\/#breadcrumb"},"inLanguage":"hu","potentialAction":[{"@type":"ReadAction","target":["https:\/\/www.eveline.hu\/2016\/eveline-kozmetikumok-szepsegapolas\/termekcsaladok\/arcmaszkok\/perfect-skin-gazdag-regeneralo-maszk-8ml\/"]}]},{"@type":"ImageObject","inLanguage":"hu","@id":"https:\/\/www.eveline.hu\/2016\/eveline-kozmetikumok-szepsegapolas\/termekcsaladok\/arcmaszkok\/perfect-skin-gazdag-regeneralo-maszk-8ml\/#primaryimage","url":"https:\/\/www.eveline.hu\/2016\/wp-content\/uploads\/2021\/06\/5903416026334-PERFECT-SKIN-Regenerating-MASK-MANUKA-HONEY-8ML-w.png","contentUrl":"https:\/\/www.eveline.hu\/2016\/wp-content\/uploads\/2021\/06\/5903416026334-PERFECT-SKIN-Regenerating-MASK-MANUKA-HONEY-8ML-w.png","width":750,"height":750},{"@type":"BreadcrumbList","@id":"https:\/\/www.eveline.hu\/2016\/eveline-kozmetikumok-szepsegapolas\/termekcsaladok\/arcmaszkok\/perfect-skin-gazdag-regeneralo-maszk-8ml\/#breadcrumb","itemListElement":[{"@type":"ListItem","position":1,"name":"Home","item":"https:\/\/www.eveline.hu\/2016\/"},{"@type":"ListItem","position":2,"name":"Term\u00e9kek","item":"https:\/\/www.eveline.hu\/2016\/shop\/"},{"@type":"ListItem","position":3,"name":"Perfect Skin Gazdag regener\u00e1l\u00f3 maszk 8ml"}]},{"@type":"WebSite","@id":"https:\/\/www.eveline.hu\/2016\/#website","url":"https:\/\/www.eveline.hu\/2016\/","name":"Eveline Cosmetics Magyarorsz\u00e1g","description":"Min\u0151s\u00e9gi kozmetikumok Lengyelorsz\u00e1gb\u00f3l","potentialAction":[{"@type":"SearchAction","target":{"@type":"EntryPoint","urlTemplate":"https:\/\/www.eveline.hu\/2016\/?s={search_term_string}"},"query-input":"required name=search_term_string"}],"inLanguage":"hu"}]}},"_links":{"self":[{"href":"https:\/\/www.eveline.hu\/2016\/wp-json\/wp\/v2\/product\/27302"}],"collection":[{"href":"https:\/\/www.eveline.hu\/2016\/wp-json\/wp\/v2\/product"}],"about":[{"href":"https:\/\/www.eveline.hu\/2016\/wp-json\/wp\/v2\/types\/product"}],"replies":[{"embeddable":true,"href":"https:\/\/www.eveline.hu\/2016\/wp-json\/wp\/v2\/comments?post=27302"}],"wp:featuredmedia":[{"embeddable":true,"href":"https:\/\/www.eveline.hu\/2016\/wp-json\/wp\/v2\/media\/27303"}],"wp:attachment":[{"href":"https:\/\/www.eveline.hu\/2016\/wp-json\/wp\/v2\/media?parent=27302"}],"wp:term":[{"taxonomy":"product_cat","embeddable":true,"href":"https:\/\/www.eveline.hu\/2016\/wp-json\/wp\/v2\/product_cat?post=27302"},{"taxonomy":"product_tag","embeddable":true,"href":"https:\/\/www.eveline.hu\/2016\/wp-json\/wp\/v2\/product_tag?post=27302"}],"curies":[{"name":"wp","href":"https:\/\/api.w.org\/{rel}","templated":true}]}}