{"id":27227,"date":"2021-06-02T14:28:34","date_gmt":"2021-06-02T12:28:34","guid":{"rendered":"https:\/\/www.eveline.hu\/2016\/?post_type=product&#038;p=27227"},"modified":"2022-11-30T12:22:59","modified_gmt":"2022-11-30T11:22:59","slug":"c-sensation-intenziven-feszesito-es-rancfeltolto-krem-50-50ml","status":"publish","type":"product","link":"https:\/\/www.eveline.hu\/2016\/eveline-kozmetikumok-szepsegapolas\/szepsegapolas\/arcapolas\/c-sensation-intenziven-feszesito-es-rancfeltolto-krem-50-50ml\/","title":{"rendered":"C Sensation Intenz\u00edven Feszes\u00edt\u0151 \u00e9s R\u00e1ncfelt\u00f6lt\u0151 kr\u00e9m 50+  50ml"},"content":{"rendered":"<p>Forradalmi kozmetikai term\u00e9kcsal\u00e1d, amely magas koncentr\u00e1ci\u00f3j\u00fa bioakt\u00edv C-vitaminon alapszik, \u00e9s az E-vitaminnal \u00e9s ferulinsavval egy\u00fctt h\u00e1rmas v\u00e9delmet ny\u00fajt a szabad gy\u00f6k\u00f6k k\u00e1ros hat\u00e1saival szemben. L\u00e1that\u00f3an jav\u00edtja a b\u0151r megjelen\u00e9s\u00e9t \u00e9s k\u00e9slelteti az \u00f6reged\u00e9si folyamatokat.<\/p>\n<p>A 3 L\u00c9P\u00c9SES STABILIT\u00c1S intelligens technol\u00f3giai megold\u00e1s alapj\u00e1n kifejlesztett formula, v\u00e9di a C \u00e9s E vitamin, valamint a ferulinsav \u00e1pol\u00f3 \u00e9s antioxid\u00e1ns tulajdons\u00e1gait, maximaliz\u00e1lva felsz\u00edv\u00f3d\u00e1sukat a b\u0151r m\u00e9lyebb r\u00e9tegeiben. \u00a0A bakuchiollal \u00e9s ceramidokkal d\u00fas\u00edtott fejlett formul\u00e1nak k\u00f6sz\u00f6nhet\u0151en a kr\u00e9m kiegyenl\u00edti a b\u0151r t\u00f3nus\u00e1t, hidrat\u00e1lja \u00e9s feszes\u00edti az epidermiszt, biztos\u00edtva a b\u0151r l\u00e1tv\u00e1nyos rugalmass\u00e1g\u00e1t \u00e9s vil\u00e1goss\u00e1g\u00e1t.<\/p>\n<p><strong>Alkalmaz\u00e1s<\/strong>: minden reggel \u00e9s este vigye fel a kr\u00e9met a megtiszt\u00edtott b\u0151rre az arcon, nyakon \u00e9s dekolt\u00e1zson.<\/p>\n<p>\u00d6sszetev\u0151k:Aqua (Water), Paraffinum Liquidum, Behenyl Alcohol, Ceteareth-20, Petrolatum, Isopropyl Myristate, Glycerin, Dimethicone, Myristyl Myristate, Polybutene, Citrus Junos Fruit Extract, Tocopheryl Acetate, Ascorbyl Palmitate, Bakuchiol, Ceramide NP, Ferulic Acid, Ceramide AP, Ceramide EOP, Phytosphingosine, Phenoxyethanol, Ethylhexylglycerin, Hydroxyacetophenone, Parfum (Fragrance), Acrylates\/C10-30 Alkyl Acrylate Crosspolymer, Triethanolamine, Dipropylene Glycol, Hydroxypropyl Cyclodextrin, Sodium Lauroyl Lactylate, Polydextrose, Cholesterol, Xanthan Gum, Carbomer, 1,2-Hexanediol, Disodium EDTA, Benzyl Salicylate, Citral, Limonene, Linalool, CI 19140, CI 15985, CI 16255.<\/p>\n","protected":false},"excerpt":{"rendered":"<p>50ml ( 41980 Ft\/L)<\/p>\n","protected":false},"featured_media":27228,"comment_status":"open","ping_status":"closed","template":"","meta":[],"product_cat":[296,125,126],"product_tag":[],"yoast_head":"<!-- This site is optimized with the Yoast SEO plugin v22.2 - https:\/\/yoast.com\/wordpress\/plugins\/seo\/ -->\n<title>C Sensation Intenz\u00edven Feszes\u00edt\u0151 \u00e9s R\u00e1ncfelt\u00f6lt\u0151 kr\u00e9m 50+ 50ml - Eveline Cosmetics Magyarorsz\u00e1g<\/title>\n<meta name=\"robots\" content=\"index, follow, max-snippet:-1, max-image-preview:large, max-video-preview:-1\" \/>\n<link rel=\"canonical\" href=\"https:\/\/www.eveline.hu\/2016\/eveline-kozmetikumok-szepsegapolas\/szepsegapolas\/arcapolas\/c-sensation-intenziven-feszesito-es-rancfeltolto-krem-50-50ml\/\" \/>\n<meta property=\"og:locale\" content=\"hu_HU\" \/>\n<meta property=\"og:type\" content=\"article\" \/>\n<meta property=\"og:title\" content=\"C Sensation Intenz\u00edven Feszes\u00edt\u0151 \u00e9s R\u00e1ncfelt\u00f6lt\u0151 kr\u00e9m 50+ 50ml - Eveline Cosmetics Magyarorsz\u00e1g\" \/>\n<meta property=\"og:description\" content=\"50ml ( 41980 Ft\/L)\" \/>\n<meta property=\"og:url\" content=\"https:\/\/www.eveline.hu\/2016\/eveline-kozmetikumok-szepsegapolas\/szepsegapolas\/arcapolas\/c-sensation-intenziven-feszesito-es-rancfeltolto-krem-50-50ml\/\" \/>\n<meta property=\"og:site_name\" content=\"Eveline Cosmetics Magyarorsz\u00e1g\" \/>\n<meta property=\"article:modified_time\" content=\"2022-11-30T11:22:59+00:00\" \/>\n<meta property=\"og:image\" content=\"https:\/\/www.eveline.hu\/2016\/wp-content\/uploads\/2021\/06\/5903416026006-C-SENSATION-INTENSELY-FIRMING-CREAM-50-50ML-w.png\" \/>\n\t<meta property=\"og:image:width\" content=\"750\" \/>\n\t<meta property=\"og:image:height\" content=\"750\" \/>\n\t<meta property=\"og:image:type\" content=\"image\/png\" \/>\n<meta name=\"twitter:card\" content=\"summary_large_image\" \/>\n<meta name=\"twitter:label1\" content=\"Becs\u00fclt olvas\u00e1si id\u0151\" \/>\n\t<meta name=\"twitter:data1\" content=\"1 perc\" \/>\n<script type=\"application\/ld+json\" class=\"yoast-schema-graph\">{\"@context\":\"https:\/\/schema.org\",\"@graph\":[{\"@type\":\"WebPage\",\"@id\":\"https:\/\/www.eveline.hu\/2016\/eveline-kozmetikumok-szepsegapolas\/szepsegapolas\/arcapolas\/c-sensation-intenziven-feszesito-es-rancfeltolto-krem-50-50ml\/\",\"url\":\"https:\/\/www.eveline.hu\/2016\/eveline-kozmetikumok-szepsegapolas\/szepsegapolas\/arcapolas\/c-sensation-intenziven-feszesito-es-rancfeltolto-krem-50-50ml\/\",\"name\":\"C Sensation Intenz\u00edven Feszes\u00edt\u0151 \u00e9s R\u00e1ncfelt\u00f6lt\u0151 kr\u00e9m 50+ 50ml - Eveline Cosmetics Magyarorsz\u00e1g\",\"isPartOf\":{\"@id\":\"https:\/\/www.eveline.hu\/2016\/#website\"},\"primaryImageOfPage\":{\"@id\":\"https:\/\/www.eveline.hu\/2016\/eveline-kozmetikumok-szepsegapolas\/szepsegapolas\/arcapolas\/c-sensation-intenziven-feszesito-es-rancfeltolto-krem-50-50ml\/#primaryimage\"},\"image\":{\"@id\":\"https:\/\/www.eveline.hu\/2016\/eveline-kozmetikumok-szepsegapolas\/szepsegapolas\/arcapolas\/c-sensation-intenziven-feszesito-es-rancfeltolto-krem-50-50ml\/#primaryimage\"},\"thumbnailUrl\":\"https:\/\/www.eveline.hu\/2016\/wp-content\/uploads\/2021\/06\/5903416026006-C-SENSATION-INTENSELY-FIRMING-CREAM-50-50ML-w.png\",\"datePublished\":\"2021-06-02T12:28:34+00:00\",\"dateModified\":\"2022-11-30T11:22:59+00:00\",\"breadcrumb\":{\"@id\":\"https:\/\/www.eveline.hu\/2016\/eveline-kozmetikumok-szepsegapolas\/szepsegapolas\/arcapolas\/c-sensation-intenziven-feszesito-es-rancfeltolto-krem-50-50ml\/#breadcrumb\"},\"inLanguage\":\"hu\",\"potentialAction\":[{\"@type\":\"ReadAction\",\"target\":[\"https:\/\/www.eveline.hu\/2016\/eveline-kozmetikumok-szepsegapolas\/szepsegapolas\/arcapolas\/c-sensation-intenziven-feszesito-es-rancfeltolto-krem-50-50ml\/\"]}]},{\"@type\":\"ImageObject\",\"inLanguage\":\"hu\",\"@id\":\"https:\/\/www.eveline.hu\/2016\/eveline-kozmetikumok-szepsegapolas\/szepsegapolas\/arcapolas\/c-sensation-intenziven-feszesito-es-rancfeltolto-krem-50-50ml\/#primaryimage\",\"url\":\"https:\/\/www.eveline.hu\/2016\/wp-content\/uploads\/2021\/06\/5903416026006-C-SENSATION-INTENSELY-FIRMING-CREAM-50-50ML-w.png\",\"contentUrl\":\"https:\/\/www.eveline.hu\/2016\/wp-content\/uploads\/2021\/06\/5903416026006-C-SENSATION-INTENSELY-FIRMING-CREAM-50-50ML-w.png\",\"width\":750,\"height\":750},{\"@type\":\"BreadcrumbList\",\"@id\":\"https:\/\/www.eveline.hu\/2016\/eveline-kozmetikumok-szepsegapolas\/szepsegapolas\/arcapolas\/c-sensation-intenziven-feszesito-es-rancfeltolto-krem-50-50ml\/#breadcrumb\",\"itemListElement\":[{\"@type\":\"ListItem\",\"position\":1,\"name\":\"Home\",\"item\":\"https:\/\/www.eveline.hu\/2016\/\"},{\"@type\":\"ListItem\",\"position\":2,\"name\":\"Term\u00e9kek\",\"item\":\"https:\/\/www.eveline.hu\/2016\/shop\/\"},{\"@type\":\"ListItem\",\"position\":3,\"name\":\"C Sensation Intenz\u00edven Feszes\u00edt\u0151 \u00e9s R\u00e1ncfelt\u00f6lt\u0151 kr\u00e9m 50+ 50ml\"}]},{\"@type\":\"WebSite\",\"@id\":\"https:\/\/www.eveline.hu\/2016\/#website\",\"url\":\"https:\/\/www.eveline.hu\/2016\/\",\"name\":\"Eveline Cosmetics Magyarorsz\u00e1g\",\"description\":\"Min\u0151s\u00e9gi kozmetikumok Lengyelorsz\u00e1gb\u00f3l\",\"potentialAction\":[{\"@type\":\"SearchAction\",\"target\":{\"@type\":\"EntryPoint\",\"urlTemplate\":\"https:\/\/www.eveline.hu\/2016\/?s={search_term_string}\"},\"query-input\":\"required name=search_term_string\"}],\"inLanguage\":\"hu\"}]}<\/script>\n<!-- \/ Yoast SEO plugin. -->","yoast_head_json":{"title":"C Sensation Intenz\u00edven Feszes\u00edt\u0151 \u00e9s R\u00e1ncfelt\u00f6lt\u0151 kr\u00e9m 50+ 50ml - Eveline Cosmetics Magyarorsz\u00e1g","robots":{"index":"index","follow":"follow","max-snippet":"max-snippet:-1","max-image-preview":"max-image-preview:large","max-video-preview":"max-video-preview:-1"},"canonical":"https:\/\/www.eveline.hu\/2016\/eveline-kozmetikumok-szepsegapolas\/szepsegapolas\/arcapolas\/c-sensation-intenziven-feszesito-es-rancfeltolto-krem-50-50ml\/","og_locale":"hu_HU","og_type":"article","og_title":"C Sensation Intenz\u00edven Feszes\u00edt\u0151 \u00e9s R\u00e1ncfelt\u00f6lt\u0151 kr\u00e9m 50+ 50ml - Eveline Cosmetics Magyarorsz\u00e1g","og_description":"50ml ( 41980 Ft\/L)","og_url":"https:\/\/www.eveline.hu\/2016\/eveline-kozmetikumok-szepsegapolas\/szepsegapolas\/arcapolas\/c-sensation-intenziven-feszesito-es-rancfeltolto-krem-50-50ml\/","og_site_name":"Eveline Cosmetics Magyarorsz\u00e1g","article_modified_time":"2022-11-30T11:22:59+00:00","og_image":[{"width":750,"height":750,"url":"https:\/\/www.eveline.hu\/2016\/wp-content\/uploads\/2021\/06\/5903416026006-C-SENSATION-INTENSELY-FIRMING-CREAM-50-50ML-w.png","type":"image\/png"}],"twitter_card":"summary_large_image","twitter_misc":{"Becs\u00fclt olvas\u00e1si id\u0151":"1 perc"},"schema":{"@context":"https:\/\/schema.org","@graph":[{"@type":"WebPage","@id":"https:\/\/www.eveline.hu\/2016\/eveline-kozmetikumok-szepsegapolas\/szepsegapolas\/arcapolas\/c-sensation-intenziven-feszesito-es-rancfeltolto-krem-50-50ml\/","url":"https:\/\/www.eveline.hu\/2016\/eveline-kozmetikumok-szepsegapolas\/szepsegapolas\/arcapolas\/c-sensation-intenziven-feszesito-es-rancfeltolto-krem-50-50ml\/","name":"C Sensation Intenz\u00edven Feszes\u00edt\u0151 \u00e9s R\u00e1ncfelt\u00f6lt\u0151 kr\u00e9m 50+ 50ml - Eveline Cosmetics Magyarorsz\u00e1g","isPartOf":{"@id":"https:\/\/www.eveline.hu\/2016\/#website"},"primaryImageOfPage":{"@id":"https:\/\/www.eveline.hu\/2016\/eveline-kozmetikumok-szepsegapolas\/szepsegapolas\/arcapolas\/c-sensation-intenziven-feszesito-es-rancfeltolto-krem-50-50ml\/#primaryimage"},"image":{"@id":"https:\/\/www.eveline.hu\/2016\/eveline-kozmetikumok-szepsegapolas\/szepsegapolas\/arcapolas\/c-sensation-intenziven-feszesito-es-rancfeltolto-krem-50-50ml\/#primaryimage"},"thumbnailUrl":"https:\/\/www.eveline.hu\/2016\/wp-content\/uploads\/2021\/06\/5903416026006-C-SENSATION-INTENSELY-FIRMING-CREAM-50-50ML-w.png","datePublished":"2021-06-02T12:28:34+00:00","dateModified":"2022-11-30T11:22:59+00:00","breadcrumb":{"@id":"https:\/\/www.eveline.hu\/2016\/eveline-kozmetikumok-szepsegapolas\/szepsegapolas\/arcapolas\/c-sensation-intenziven-feszesito-es-rancfeltolto-krem-50-50ml\/#breadcrumb"},"inLanguage":"hu","potentialAction":[{"@type":"ReadAction","target":["https:\/\/www.eveline.hu\/2016\/eveline-kozmetikumok-szepsegapolas\/szepsegapolas\/arcapolas\/c-sensation-intenziven-feszesito-es-rancfeltolto-krem-50-50ml\/"]}]},{"@type":"ImageObject","inLanguage":"hu","@id":"https:\/\/www.eveline.hu\/2016\/eveline-kozmetikumok-szepsegapolas\/szepsegapolas\/arcapolas\/c-sensation-intenziven-feszesito-es-rancfeltolto-krem-50-50ml\/#primaryimage","url":"https:\/\/www.eveline.hu\/2016\/wp-content\/uploads\/2021\/06\/5903416026006-C-SENSATION-INTENSELY-FIRMING-CREAM-50-50ML-w.png","contentUrl":"https:\/\/www.eveline.hu\/2016\/wp-content\/uploads\/2021\/06\/5903416026006-C-SENSATION-INTENSELY-FIRMING-CREAM-50-50ML-w.png","width":750,"height":750},{"@type":"BreadcrumbList","@id":"https:\/\/www.eveline.hu\/2016\/eveline-kozmetikumok-szepsegapolas\/szepsegapolas\/arcapolas\/c-sensation-intenziven-feszesito-es-rancfeltolto-krem-50-50ml\/#breadcrumb","itemListElement":[{"@type":"ListItem","position":1,"name":"Home","item":"https:\/\/www.eveline.hu\/2016\/"},{"@type":"ListItem","position":2,"name":"Term\u00e9kek","item":"https:\/\/www.eveline.hu\/2016\/shop\/"},{"@type":"ListItem","position":3,"name":"C Sensation Intenz\u00edven Feszes\u00edt\u0151 \u00e9s R\u00e1ncfelt\u00f6lt\u0151 kr\u00e9m 50+ 50ml"}]},{"@type":"WebSite","@id":"https:\/\/www.eveline.hu\/2016\/#website","url":"https:\/\/www.eveline.hu\/2016\/","name":"Eveline Cosmetics Magyarorsz\u00e1g","description":"Min\u0151s\u00e9gi kozmetikumok Lengyelorsz\u00e1gb\u00f3l","potentialAction":[{"@type":"SearchAction","target":{"@type":"EntryPoint","urlTemplate":"https:\/\/www.eveline.hu\/2016\/?s={search_term_string}"},"query-input":"required name=search_term_string"}],"inLanguage":"hu"}]}},"_links":{"self":[{"href":"https:\/\/www.eveline.hu\/2016\/wp-json\/wp\/v2\/product\/27227"}],"collection":[{"href":"https:\/\/www.eveline.hu\/2016\/wp-json\/wp\/v2\/product"}],"about":[{"href":"https:\/\/www.eveline.hu\/2016\/wp-json\/wp\/v2\/types\/product"}],"replies":[{"embeddable":true,"href":"https:\/\/www.eveline.hu\/2016\/wp-json\/wp\/v2\/comments?post=27227"}],"wp:featuredmedia":[{"embeddable":true,"href":"https:\/\/www.eveline.hu\/2016\/wp-json\/wp\/v2\/media\/27228"}],"wp:attachment":[{"href":"https:\/\/www.eveline.hu\/2016\/wp-json\/wp\/v2\/media?parent=27227"}],"wp:term":[{"taxonomy":"product_cat","embeddable":true,"href":"https:\/\/www.eveline.hu\/2016\/wp-json\/wp\/v2\/product_cat?post=27227"},{"taxonomy":"product_tag","embeddable":true,"href":"https:\/\/www.eveline.hu\/2016\/wp-json\/wp\/v2\/product_tag?post=27227"}],"curies":[{"name":"wp","href":"https:\/\/api.w.org\/{rel}","templated":true}]}}