{"id":27196,"date":"2021-03-28T12:07:36","date_gmt":"2021-03-28T10:07:36","guid":{"rendered":"https:\/\/www.eveline.hu\/2016\/?post_type=product&#038;p=27196"},"modified":"2022-03-21T08:11:11","modified_gmt":"2022-03-21T07:11:11","slug":"lelki-beke-karkoto-17-cm-62","status":"publish","type":"product","link":"https:\/\/www.eveline.hu\/2016\/eveline-kozmetikumok-szepsegapolas\/termekcsaladok\/ajandektargyak\/lelki-beke-karkoto-17-cm-62\/","title":{"rendered":"Lelki b\u00e9ke kark\u00f6t\u0151 17 cm (62)"},"content":{"rendered":"<p>Az \u00e1sv\u00e1nyokat m\u00e1r az \u0151seink is haszn\u00e1lt\u00e1k v\u00e9delmez\u0151k\u00e9nt, gy\u00f3gyhat\u00e1suk miatt, vagy csak \u00e9kszerk\u00e9nt.<\/p>\n<p>Ez a gy\u00f3gy\u00edt\u00f3 k\u00f6vekb\u0151l k\u00e9sz\u00fclt kark\u00f6t\u0151 seg\u00edts\u00e9get ny\u00fajt finom rezg\u00e9s\u00e9vel, pozit\u00edv energi\u00e1j\u00e1val.<\/p>\n<p>a gy\u00f6ngy\u00f6k m\u00e9rete: 6 mm<\/p>\n<p>Rodonit, hegyikrist\u00e1ly, r\u00f3zsakvarc<\/p>\n<p>Rodonit: g\u00f6r\u00f6g eredet\u0171 sz\u00f3, jelent\u00e9se r\u00f3zsa.<\/p>\n<p>R\u00e9gen a megbocs\u00e1t\u00e1s k\u00f6v\u00e9nek nevezt\u00e9k. Arra figyelmeztet, hogy ne \u00e1lljunk bossz\u00fat, mert az mind\u00edg \u00f6npuszt\u00edt\u00f3 hat\u00e1s\u00fa.Egyens\u00falyban tartja a jint \u00e9s a jangot, energi\u00e1val t\u00f6lti fel a sz\u00edvcsakr\u00e1t.Hat a kering\u00e9sre, a hall\u00f3szervekre, er\u0151s sejtregener\u00e1l\u00f3.<\/p>\n<p>A hegyikrist\u00e1ly feler\u0151s\u00edti az energi\u00e1kat,v\u00e9delmet biztos\u00edt.Minden csakr\u00e1ra hat\u00e1ssal van, k\u00fcl\u00f6n\u00f6sk\u00e9ppen a koronacsakr\u00e1ra.<\/p>\n<p>R\u00f3zsakvarc: a felt\u00e9tel n\u00e9lk\u00fcli szeretet, a b\u00e9ke k\u00f6ve. A szerelem, a szeretet lelki \u00e9s testi kiteljesed\u00e9s\u00e9t seg\u00edti. Seg\u00edti a sz\u00edvcsakr\u00e1t.<\/p>\n","protected":false},"excerpt":{"rendered":"<p>Az \u00e1sv\u00e1nyokat m\u00e1r az \u0151seink is haszn\u00e1lt\u00e1k v\u00e9delmez\u0151k\u00e9nt, gy\u00f3gyhat\u00e1suk miatt, vagy csak \u00e9kszerk\u00e9nt. Ez a gy\u00f3gy\u00edt\u00f3 k\u00f6vekb\u0151l k\u00e9sz\u00fclt kark\u00f6t\u0151 seg\u00edts\u00e9get ny\u00fajt finom rezg\u00e9s\u00e9vel, pozit\u00edv energi\u00e1j\u00e1val. a gy\u00f6ngy\u00f6k m\u00e9rete: 6 mm Rodonit, hegyikrist\u00e1ly, r\u00f3zsakvarc Rodonit: g\u00f6r\u00f6g eredet\u0171 sz\u00f3, jelent\u00e9se r\u00f3zsa. R\u00e9gen [&hellip;]<\/p>\n","protected":false},"featured_media":27197,"comment_status":"open","ping_status":"closed","template":"","meta":[],"product_cat":[276,80],"product_tag":[],"yoast_head":"<!-- This site is optimized with the Yoast SEO plugin v22.2 - https:\/\/yoast.com\/wordpress\/plugins\/seo\/ -->\n<title>Lelki b\u00e9ke kark\u00f6t\u0151 17 cm (62) - Eveline Cosmetics Magyarorsz\u00e1g<\/title>\n<meta name=\"robots\" content=\"index, follow, max-snippet:-1, max-image-preview:large, max-video-preview:-1\" \/>\n<link rel=\"canonical\" href=\"https:\/\/www.eveline.hu\/2016\/eveline-kozmetikumok-szepsegapolas\/termekcsaladok\/ajandektargyak\/lelki-beke-karkoto-17-cm-62\/\" \/>\n<meta property=\"og:locale\" content=\"hu_HU\" \/>\n<meta property=\"og:type\" content=\"article\" \/>\n<meta property=\"og:title\" content=\"Lelki b\u00e9ke kark\u00f6t\u0151 17 cm (62) - Eveline Cosmetics Magyarorsz\u00e1g\" \/>\n<meta property=\"og:description\" content=\"Az \u00e1sv\u00e1nyokat m\u00e1r az \u0151seink is haszn\u00e1lt\u00e1k v\u00e9delmez\u0151k\u00e9nt, gy\u00f3gyhat\u00e1suk miatt, vagy csak \u00e9kszerk\u00e9nt. Ez a gy\u00f3gy\u00edt\u00f3 k\u00f6vekb\u0151l k\u00e9sz\u00fclt kark\u00f6t\u0151 seg\u00edts\u00e9get ny\u00fajt finom rezg\u00e9s\u00e9vel, pozit\u00edv energi\u00e1j\u00e1val. a gy\u00f6ngy\u00f6k m\u00e9rete: 6 mm Rodonit, hegyikrist\u00e1ly, r\u00f3zsakvarc Rodonit: g\u00f6r\u00f6g eredet\u0171 sz\u00f3, jelent\u00e9se r\u00f3zsa. R\u00e9gen [&hellip;]\" \/>\n<meta property=\"og:url\" content=\"https:\/\/www.eveline.hu\/2016\/eveline-kozmetikumok-szepsegapolas\/termekcsaladok\/ajandektargyak\/lelki-beke-karkoto-17-cm-62\/\" \/>\n<meta property=\"og:site_name\" content=\"Eveline Cosmetics Magyarorsz\u00e1g\" \/>\n<meta property=\"article:modified_time\" content=\"2022-03-21T07:11:11+00:00\" \/>\n<meta property=\"og:image\" content=\"https:\/\/www.eveline.hu\/2016\/wp-content\/uploads\/2021\/05\/kark\u00f6t\u0151-majus-28-3.jpg\" \/>\n\t<meta property=\"og:image:width\" content=\"1536\" \/>\n\t<meta property=\"og:image:height\" content=\"2048\" \/>\n\t<meta property=\"og:image:type\" content=\"image\/jpeg\" \/>\n<meta name=\"twitter:card\" content=\"summary_large_image\" \/>\n<meta name=\"twitter:label1\" content=\"Becs\u00fclt olvas\u00e1si id\u0151\" \/>\n\t<meta name=\"twitter:data1\" content=\"1 perc\" \/>\n<script type=\"application\/ld+json\" class=\"yoast-schema-graph\">{\"@context\":\"https:\/\/schema.org\",\"@graph\":[{\"@type\":\"WebPage\",\"@id\":\"https:\/\/www.eveline.hu\/2016\/eveline-kozmetikumok-szepsegapolas\/termekcsaladok\/ajandektargyak\/lelki-beke-karkoto-17-cm-62\/\",\"url\":\"https:\/\/www.eveline.hu\/2016\/eveline-kozmetikumok-szepsegapolas\/termekcsaladok\/ajandektargyak\/lelki-beke-karkoto-17-cm-62\/\",\"name\":\"Lelki b\u00e9ke kark\u00f6t\u0151 17 cm (62) - Eveline Cosmetics Magyarorsz\u00e1g\",\"isPartOf\":{\"@id\":\"https:\/\/www.eveline.hu\/2016\/#website\"},\"primaryImageOfPage\":{\"@id\":\"https:\/\/www.eveline.hu\/2016\/eveline-kozmetikumok-szepsegapolas\/termekcsaladok\/ajandektargyak\/lelki-beke-karkoto-17-cm-62\/#primaryimage\"},\"image\":{\"@id\":\"https:\/\/www.eveline.hu\/2016\/eveline-kozmetikumok-szepsegapolas\/termekcsaladok\/ajandektargyak\/lelki-beke-karkoto-17-cm-62\/#primaryimage\"},\"thumbnailUrl\":\"https:\/\/www.eveline.hu\/2016\/wp-content\/uploads\/2021\/05\/kark\u00f6t\u0151-majus-28-3.jpg\",\"datePublished\":\"2021-03-28T10:07:36+00:00\",\"dateModified\":\"2022-03-21T07:11:11+00:00\",\"breadcrumb\":{\"@id\":\"https:\/\/www.eveline.hu\/2016\/eveline-kozmetikumok-szepsegapolas\/termekcsaladok\/ajandektargyak\/lelki-beke-karkoto-17-cm-62\/#breadcrumb\"},\"inLanguage\":\"hu\",\"potentialAction\":[{\"@type\":\"ReadAction\",\"target\":[\"https:\/\/www.eveline.hu\/2016\/eveline-kozmetikumok-szepsegapolas\/termekcsaladok\/ajandektargyak\/lelki-beke-karkoto-17-cm-62\/\"]}]},{\"@type\":\"ImageObject\",\"inLanguage\":\"hu\",\"@id\":\"https:\/\/www.eveline.hu\/2016\/eveline-kozmetikumok-szepsegapolas\/termekcsaladok\/ajandektargyak\/lelki-beke-karkoto-17-cm-62\/#primaryimage\",\"url\":\"https:\/\/www.eveline.hu\/2016\/wp-content\/uploads\/2021\/05\/kark\u00f6t\u0151-majus-28-3.jpg\",\"contentUrl\":\"https:\/\/www.eveline.hu\/2016\/wp-content\/uploads\/2021\/05\/kark\u00f6t\u0151-majus-28-3.jpg\",\"width\":1536,\"height\":2048},{\"@type\":\"BreadcrumbList\",\"@id\":\"https:\/\/www.eveline.hu\/2016\/eveline-kozmetikumok-szepsegapolas\/termekcsaladok\/ajandektargyak\/lelki-beke-karkoto-17-cm-62\/#breadcrumb\",\"itemListElement\":[{\"@type\":\"ListItem\",\"position\":1,\"name\":\"Home\",\"item\":\"https:\/\/www.eveline.hu\/2016\/\"},{\"@type\":\"ListItem\",\"position\":2,\"name\":\"Term\u00e9kek\",\"item\":\"https:\/\/www.eveline.hu\/2016\/shop\/\"},{\"@type\":\"ListItem\",\"position\":3,\"name\":\"Lelki b\u00e9ke kark\u00f6t\u0151 17 cm (62)\"}]},{\"@type\":\"WebSite\",\"@id\":\"https:\/\/www.eveline.hu\/2016\/#website\",\"url\":\"https:\/\/www.eveline.hu\/2016\/\",\"name\":\"Eveline Cosmetics Magyarorsz\u00e1g\",\"description\":\"Min\u0151s\u00e9gi kozmetikumok Lengyelorsz\u00e1gb\u00f3l\",\"potentialAction\":[{\"@type\":\"SearchAction\",\"target\":{\"@type\":\"EntryPoint\",\"urlTemplate\":\"https:\/\/www.eveline.hu\/2016\/?s={search_term_string}\"},\"query-input\":\"required name=search_term_string\"}],\"inLanguage\":\"hu\"}]}<\/script>\n<!-- \/ Yoast SEO plugin. -->","yoast_head_json":{"title":"Lelki b\u00e9ke kark\u00f6t\u0151 17 cm (62) - Eveline Cosmetics Magyarorsz\u00e1g","robots":{"index":"index","follow":"follow","max-snippet":"max-snippet:-1","max-image-preview":"max-image-preview:large","max-video-preview":"max-video-preview:-1"},"canonical":"https:\/\/www.eveline.hu\/2016\/eveline-kozmetikumok-szepsegapolas\/termekcsaladok\/ajandektargyak\/lelki-beke-karkoto-17-cm-62\/","og_locale":"hu_HU","og_type":"article","og_title":"Lelki b\u00e9ke kark\u00f6t\u0151 17 cm (62) - Eveline Cosmetics Magyarorsz\u00e1g","og_description":"Az \u00e1sv\u00e1nyokat m\u00e1r az \u0151seink is haszn\u00e1lt\u00e1k v\u00e9delmez\u0151k\u00e9nt, gy\u00f3gyhat\u00e1suk miatt, vagy csak \u00e9kszerk\u00e9nt. Ez a gy\u00f3gy\u00edt\u00f3 k\u00f6vekb\u0151l k\u00e9sz\u00fclt kark\u00f6t\u0151 seg\u00edts\u00e9get ny\u00fajt finom rezg\u00e9s\u00e9vel, pozit\u00edv energi\u00e1j\u00e1val. a gy\u00f6ngy\u00f6k m\u00e9rete: 6 mm Rodonit, hegyikrist\u00e1ly, r\u00f3zsakvarc Rodonit: g\u00f6r\u00f6g eredet\u0171 sz\u00f3, jelent\u00e9se r\u00f3zsa. R\u00e9gen [&hellip;]","og_url":"https:\/\/www.eveline.hu\/2016\/eveline-kozmetikumok-szepsegapolas\/termekcsaladok\/ajandektargyak\/lelki-beke-karkoto-17-cm-62\/","og_site_name":"Eveline Cosmetics Magyarorsz\u00e1g","article_modified_time":"2022-03-21T07:11:11+00:00","og_image":[{"width":1536,"height":2048,"url":"https:\/\/www.eveline.hu\/2016\/wp-content\/uploads\/2021\/05\/kark\u00f6t\u0151-majus-28-3.jpg","type":"image\/jpeg"}],"twitter_card":"summary_large_image","twitter_misc":{"Becs\u00fclt olvas\u00e1si id\u0151":"1 perc"},"schema":{"@context":"https:\/\/schema.org","@graph":[{"@type":"WebPage","@id":"https:\/\/www.eveline.hu\/2016\/eveline-kozmetikumok-szepsegapolas\/termekcsaladok\/ajandektargyak\/lelki-beke-karkoto-17-cm-62\/","url":"https:\/\/www.eveline.hu\/2016\/eveline-kozmetikumok-szepsegapolas\/termekcsaladok\/ajandektargyak\/lelki-beke-karkoto-17-cm-62\/","name":"Lelki b\u00e9ke kark\u00f6t\u0151 17 cm (62) - Eveline Cosmetics Magyarorsz\u00e1g","isPartOf":{"@id":"https:\/\/www.eveline.hu\/2016\/#website"},"primaryImageOfPage":{"@id":"https:\/\/www.eveline.hu\/2016\/eveline-kozmetikumok-szepsegapolas\/termekcsaladok\/ajandektargyak\/lelki-beke-karkoto-17-cm-62\/#primaryimage"},"image":{"@id":"https:\/\/www.eveline.hu\/2016\/eveline-kozmetikumok-szepsegapolas\/termekcsaladok\/ajandektargyak\/lelki-beke-karkoto-17-cm-62\/#primaryimage"},"thumbnailUrl":"https:\/\/www.eveline.hu\/2016\/wp-content\/uploads\/2021\/05\/kark\u00f6t\u0151-majus-28-3.jpg","datePublished":"2021-03-28T10:07:36+00:00","dateModified":"2022-03-21T07:11:11+00:00","breadcrumb":{"@id":"https:\/\/www.eveline.hu\/2016\/eveline-kozmetikumok-szepsegapolas\/termekcsaladok\/ajandektargyak\/lelki-beke-karkoto-17-cm-62\/#breadcrumb"},"inLanguage":"hu","potentialAction":[{"@type":"ReadAction","target":["https:\/\/www.eveline.hu\/2016\/eveline-kozmetikumok-szepsegapolas\/termekcsaladok\/ajandektargyak\/lelki-beke-karkoto-17-cm-62\/"]}]},{"@type":"ImageObject","inLanguage":"hu","@id":"https:\/\/www.eveline.hu\/2016\/eveline-kozmetikumok-szepsegapolas\/termekcsaladok\/ajandektargyak\/lelki-beke-karkoto-17-cm-62\/#primaryimage","url":"https:\/\/www.eveline.hu\/2016\/wp-content\/uploads\/2021\/05\/kark\u00f6t\u0151-majus-28-3.jpg","contentUrl":"https:\/\/www.eveline.hu\/2016\/wp-content\/uploads\/2021\/05\/kark\u00f6t\u0151-majus-28-3.jpg","width":1536,"height":2048},{"@type":"BreadcrumbList","@id":"https:\/\/www.eveline.hu\/2016\/eveline-kozmetikumok-szepsegapolas\/termekcsaladok\/ajandektargyak\/lelki-beke-karkoto-17-cm-62\/#breadcrumb","itemListElement":[{"@type":"ListItem","position":1,"name":"Home","item":"https:\/\/www.eveline.hu\/2016\/"},{"@type":"ListItem","position":2,"name":"Term\u00e9kek","item":"https:\/\/www.eveline.hu\/2016\/shop\/"},{"@type":"ListItem","position":3,"name":"Lelki b\u00e9ke kark\u00f6t\u0151 17 cm (62)"}]},{"@type":"WebSite","@id":"https:\/\/www.eveline.hu\/2016\/#website","url":"https:\/\/www.eveline.hu\/2016\/","name":"Eveline Cosmetics Magyarorsz\u00e1g","description":"Min\u0151s\u00e9gi kozmetikumok Lengyelorsz\u00e1gb\u00f3l","potentialAction":[{"@type":"SearchAction","target":{"@type":"EntryPoint","urlTemplate":"https:\/\/www.eveline.hu\/2016\/?s={search_term_string}"},"query-input":"required name=search_term_string"}],"inLanguage":"hu"}]}},"_links":{"self":[{"href":"https:\/\/www.eveline.hu\/2016\/wp-json\/wp\/v2\/product\/27196"}],"collection":[{"href":"https:\/\/www.eveline.hu\/2016\/wp-json\/wp\/v2\/product"}],"about":[{"href":"https:\/\/www.eveline.hu\/2016\/wp-json\/wp\/v2\/types\/product"}],"replies":[{"embeddable":true,"href":"https:\/\/www.eveline.hu\/2016\/wp-json\/wp\/v2\/comments?post=27196"}],"wp:featuredmedia":[{"embeddable":true,"href":"https:\/\/www.eveline.hu\/2016\/wp-json\/wp\/v2\/media\/27197"}],"wp:attachment":[{"href":"https:\/\/www.eveline.hu\/2016\/wp-json\/wp\/v2\/media?parent=27196"}],"wp:term":[{"taxonomy":"product_cat","embeddable":true,"href":"https:\/\/www.eveline.hu\/2016\/wp-json\/wp\/v2\/product_cat?post=27196"},{"taxonomy":"product_tag","embeddable":true,"href":"https:\/\/www.eveline.hu\/2016\/wp-json\/wp\/v2\/product_tag?post=27196"}],"curies":[{"name":"wp","href":"https:\/\/api.w.org\/{rel}","templated":true}]}}