{"id":27191,"date":"2021-05-28T11:28:16","date_gmt":"2021-05-28T09:28:16","guid":{"rendered":"https:\/\/www.eveline.hu\/2016\/?post_type=product&#038;p=27191"},"modified":"2025-06-19T15:57:35","modified_gmt":"2025-06-19T13:57:35","slug":"lelki-egyensuly-karkoto-185-cm-60","status":"publish","type":"product","link":"https:\/\/www.eveline.hu\/2016\/eveline-kozmetikumok-szepsegapolas\/termekcsaladok\/ajandektargyak\/lelki-egyensuly-karkoto-185-cm-60\/","title":{"rendered":"Lelki egyens\u00faly kark\u00f6t\u0151 18,5 cm (60)"},"content":{"rendered":"<p>Az \u00e1sv\u00e1nyokat m\u00e1r az \u0151seink is haszn\u00e1lt\u00e1k v\u00e9delmez\u0151k\u00e9nt, gy\u00f3gyhat\u00e1suk miatt, vagy csak \u00e9kszerk\u00e9nt.<\/p>\n<p>Ez a gy\u00f3gy\u00edt\u00f3 k\u00f6vekb\u0151l k\u00e9sz\u00fclt kark\u00f6t\u0151 seg\u00edts\u00e9get ny\u00fajt finom rezg\u00e9s\u00e9vel, pozit\u00edv energi\u00e1j\u00e1val.<\/p>\n<p>a gy\u00f6ngy\u00f6k m\u00e9rete: 8mm<\/p>\n<p>R\u00f3zsasz\u00edn angelit, cseresznye j\u00e1spis, feh\u00e9r j\u00e1de, hegyikrist\u00e1ly<\/p>\n<p>Az angelit nyugtatja a lelk\u00fcnket, seg\u00edti a bels\u0151 harm\u00f3ni\u00e1t a depresszi\u00f3 legy\u0151z\u00e9s\u00e9t, er\u0151s\u00edti az \u00f6nismeret\u00fcnket.<\/p>\n<p>A j\u00e1spisr\u00f3l azt mondj\u00e1k, hogy b\u00e1tors\u00e1got ad a cselekedeteinkhez, j\u00f3kedvre der\u00edt \u00e9s seg\u00edt megval\u00f3s\u00edtani az \u00f6tleteket.<\/p>\n<p>A sikerek el\u00e9r\u00e9s\u00e9ben seg\u00edt.<\/p>\n<p>Feh\u00e9r j\u00e1de: A tisztas\u00e1g, nyugalom jelk\u00e9pe.<\/p>\n<p>Keleten nagyra \u00e9rt\u00e9kelik, mert a lelki b\u00e9ke jelk\u00e9pe.<\/p>\n<p>A sz\u00edvcsakr\u00e1val t\u00e1rs\u00edtj\u00e1k, t\u00e1pl\u00e1lja \u00e9s n\u00f6veli a szeretetet.<\/p>\n<p>A hegyikrist\u00e1ly feler\u0151s\u00edti az energi\u00e1kat,v\u00e9delmet biztos\u00edt.Minden csakr\u00e1ra hat\u00e1ssal van, k\u00fcl\u00f6n\u00f6sk\u00e9ppen a koronacsakr\u00e1ra.<\/p>\n","protected":false},"excerpt":{"rendered":"<p>Az \u00e1sv\u00e1nyokat m\u00e1r az \u0151seink is haszn\u00e1lt\u00e1k v\u00e9delmez\u0151k\u00e9nt, gy\u00f3gyhat\u00e1suk miatt, vagy csak \u00e9kszerk\u00e9nt. Ez a gy\u00f3gy\u00edt\u00f3 k\u00f6vekb\u0151l k\u00e9sz\u00fclt kark\u00f6t\u0151 seg\u00edts\u00e9get ny\u00fajt finom rezg\u00e9s\u00e9vel, pozit\u00edv energi\u00e1j\u00e1val. a gy\u00f6ngy\u00f6k m\u00e9rete: 8mm R\u00f3zsasz\u00edn angelit, cseresznye j\u00e1spis, feh\u00e9r j\u00e1de, hegyikrist\u00e1ly Az angelit nyugtatja a [&hellip;]<\/p>\n","protected":false},"featured_media":27192,"comment_status":"open","ping_status":"closed","template":"","meta":[],"product_cat":[276,80],"product_tag":[],"yoast_head":"<!-- This site is optimized with the Yoast SEO plugin v22.2 - https:\/\/yoast.com\/wordpress\/plugins\/seo\/ -->\n<title>Lelki egyens\u00faly kark\u00f6t\u0151 18,5 cm (60) - Eveline Cosmetics Magyarorsz\u00e1g<\/title>\n<meta name=\"robots\" content=\"index, follow, max-snippet:-1, max-image-preview:large, max-video-preview:-1\" \/>\n<link rel=\"canonical\" href=\"https:\/\/www.eveline.hu\/2016\/eveline-kozmetikumok-szepsegapolas\/termekcsaladok\/ajandektargyak\/lelki-egyensuly-karkoto-185-cm-60\/\" \/>\n<meta property=\"og:locale\" content=\"hu_HU\" \/>\n<meta property=\"og:type\" content=\"article\" \/>\n<meta property=\"og:title\" content=\"Lelki egyens\u00faly kark\u00f6t\u0151 18,5 cm (60) - Eveline Cosmetics Magyarorsz\u00e1g\" \/>\n<meta property=\"og:description\" content=\"Az \u00e1sv\u00e1nyokat m\u00e1r az \u0151seink is haszn\u00e1lt\u00e1k v\u00e9delmez\u0151k\u00e9nt, gy\u00f3gyhat\u00e1suk miatt, vagy csak \u00e9kszerk\u00e9nt. Ez a gy\u00f3gy\u00edt\u00f3 k\u00f6vekb\u0151l k\u00e9sz\u00fclt kark\u00f6t\u0151 seg\u00edts\u00e9get ny\u00fajt finom rezg\u00e9s\u00e9vel, pozit\u00edv energi\u00e1j\u00e1val. a gy\u00f6ngy\u00f6k m\u00e9rete: 8mm R\u00f3zsasz\u00edn angelit, cseresznye j\u00e1spis, feh\u00e9r j\u00e1de, hegyikrist\u00e1ly Az angelit nyugtatja a [&hellip;]\" \/>\n<meta property=\"og:url\" content=\"https:\/\/www.eveline.hu\/2016\/eveline-kozmetikumok-szepsegapolas\/termekcsaladok\/ajandektargyak\/lelki-egyensuly-karkoto-185-cm-60\/\" \/>\n<meta property=\"og:site_name\" content=\"Eveline Cosmetics Magyarorsz\u00e1g\" \/>\n<meta property=\"article:modified_time\" content=\"2025-06-19T13:57:35+00:00\" \/>\n<meta property=\"og:image\" content=\"https:\/\/www.eveline.hu\/2016\/wp-content\/uploads\/2021\/05\/kark\u00f6t\u0151-majus-28-1.jpg\" \/>\n\t<meta property=\"og:image:width\" content=\"1531\" \/>\n\t<meta property=\"og:image:height\" content=\"2048\" \/>\n\t<meta property=\"og:image:type\" content=\"image\/jpeg\" \/>\n<meta name=\"twitter:card\" content=\"summary_large_image\" \/>\n<meta name=\"twitter:label1\" content=\"Becs\u00fclt olvas\u00e1si id\u0151\" \/>\n\t<meta name=\"twitter:data1\" content=\"1 perc\" \/>\n<script type=\"application\/ld+json\" class=\"yoast-schema-graph\">{\"@context\":\"https:\/\/schema.org\",\"@graph\":[{\"@type\":\"WebPage\",\"@id\":\"https:\/\/www.eveline.hu\/2016\/eveline-kozmetikumok-szepsegapolas\/termekcsaladok\/ajandektargyak\/lelki-egyensuly-karkoto-185-cm-60\/\",\"url\":\"https:\/\/www.eveline.hu\/2016\/eveline-kozmetikumok-szepsegapolas\/termekcsaladok\/ajandektargyak\/lelki-egyensuly-karkoto-185-cm-60\/\",\"name\":\"Lelki egyens\u00faly kark\u00f6t\u0151 18,5 cm (60) - Eveline Cosmetics Magyarorsz\u00e1g\",\"isPartOf\":{\"@id\":\"https:\/\/www.eveline.hu\/2016\/#website\"},\"primaryImageOfPage\":{\"@id\":\"https:\/\/www.eveline.hu\/2016\/eveline-kozmetikumok-szepsegapolas\/termekcsaladok\/ajandektargyak\/lelki-egyensuly-karkoto-185-cm-60\/#primaryimage\"},\"image\":{\"@id\":\"https:\/\/www.eveline.hu\/2016\/eveline-kozmetikumok-szepsegapolas\/termekcsaladok\/ajandektargyak\/lelki-egyensuly-karkoto-185-cm-60\/#primaryimage\"},\"thumbnailUrl\":\"https:\/\/www.eveline.hu\/2016\/wp-content\/uploads\/2021\/05\/kark\u00f6t\u0151-majus-28-1.jpg\",\"datePublished\":\"2021-05-28T09:28:16+00:00\",\"dateModified\":\"2025-06-19T13:57:35+00:00\",\"breadcrumb\":{\"@id\":\"https:\/\/www.eveline.hu\/2016\/eveline-kozmetikumok-szepsegapolas\/termekcsaladok\/ajandektargyak\/lelki-egyensuly-karkoto-185-cm-60\/#breadcrumb\"},\"inLanguage\":\"hu\",\"potentialAction\":[{\"@type\":\"ReadAction\",\"target\":[\"https:\/\/www.eveline.hu\/2016\/eveline-kozmetikumok-szepsegapolas\/termekcsaladok\/ajandektargyak\/lelki-egyensuly-karkoto-185-cm-60\/\"]}]},{\"@type\":\"ImageObject\",\"inLanguage\":\"hu\",\"@id\":\"https:\/\/www.eveline.hu\/2016\/eveline-kozmetikumok-szepsegapolas\/termekcsaladok\/ajandektargyak\/lelki-egyensuly-karkoto-185-cm-60\/#primaryimage\",\"url\":\"https:\/\/www.eveline.hu\/2016\/wp-content\/uploads\/2021\/05\/kark\u00f6t\u0151-majus-28-1.jpg\",\"contentUrl\":\"https:\/\/www.eveline.hu\/2016\/wp-content\/uploads\/2021\/05\/kark\u00f6t\u0151-majus-28-1.jpg\",\"width\":1531,\"height\":2048},{\"@type\":\"BreadcrumbList\",\"@id\":\"https:\/\/www.eveline.hu\/2016\/eveline-kozmetikumok-szepsegapolas\/termekcsaladok\/ajandektargyak\/lelki-egyensuly-karkoto-185-cm-60\/#breadcrumb\",\"itemListElement\":[{\"@type\":\"ListItem\",\"position\":1,\"name\":\"Home\",\"item\":\"https:\/\/www.eveline.hu\/2016\/\"},{\"@type\":\"ListItem\",\"position\":2,\"name\":\"Term\u00e9kek\",\"item\":\"https:\/\/www.eveline.hu\/2016\/shop\/\"},{\"@type\":\"ListItem\",\"position\":3,\"name\":\"Lelki egyens\u00faly kark\u00f6t\u0151 18,5 cm (60)\"}]},{\"@type\":\"WebSite\",\"@id\":\"https:\/\/www.eveline.hu\/2016\/#website\",\"url\":\"https:\/\/www.eveline.hu\/2016\/\",\"name\":\"Eveline Cosmetics Magyarorsz\u00e1g\",\"description\":\"Min\u0151s\u00e9gi kozmetikumok Lengyelorsz\u00e1gb\u00f3l\",\"potentialAction\":[{\"@type\":\"SearchAction\",\"target\":{\"@type\":\"EntryPoint\",\"urlTemplate\":\"https:\/\/www.eveline.hu\/2016\/?s={search_term_string}\"},\"query-input\":\"required name=search_term_string\"}],\"inLanguage\":\"hu\"}]}<\/script>\n<!-- \/ Yoast SEO plugin. -->","yoast_head_json":{"title":"Lelki egyens\u00faly kark\u00f6t\u0151 18,5 cm (60) - Eveline Cosmetics Magyarorsz\u00e1g","robots":{"index":"index","follow":"follow","max-snippet":"max-snippet:-1","max-image-preview":"max-image-preview:large","max-video-preview":"max-video-preview:-1"},"canonical":"https:\/\/www.eveline.hu\/2016\/eveline-kozmetikumok-szepsegapolas\/termekcsaladok\/ajandektargyak\/lelki-egyensuly-karkoto-185-cm-60\/","og_locale":"hu_HU","og_type":"article","og_title":"Lelki egyens\u00faly kark\u00f6t\u0151 18,5 cm (60) - Eveline Cosmetics Magyarorsz\u00e1g","og_description":"Az \u00e1sv\u00e1nyokat m\u00e1r az \u0151seink is haszn\u00e1lt\u00e1k v\u00e9delmez\u0151k\u00e9nt, gy\u00f3gyhat\u00e1suk miatt, vagy csak \u00e9kszerk\u00e9nt. Ez a gy\u00f3gy\u00edt\u00f3 k\u00f6vekb\u0151l k\u00e9sz\u00fclt kark\u00f6t\u0151 seg\u00edts\u00e9get ny\u00fajt finom rezg\u00e9s\u00e9vel, pozit\u00edv energi\u00e1j\u00e1val. a gy\u00f6ngy\u00f6k m\u00e9rete: 8mm R\u00f3zsasz\u00edn angelit, cseresznye j\u00e1spis, feh\u00e9r j\u00e1de, hegyikrist\u00e1ly Az angelit nyugtatja a [&hellip;]","og_url":"https:\/\/www.eveline.hu\/2016\/eveline-kozmetikumok-szepsegapolas\/termekcsaladok\/ajandektargyak\/lelki-egyensuly-karkoto-185-cm-60\/","og_site_name":"Eveline Cosmetics Magyarorsz\u00e1g","article_modified_time":"2025-06-19T13:57:35+00:00","og_image":[{"width":1531,"height":2048,"url":"https:\/\/www.eveline.hu\/2016\/wp-content\/uploads\/2021\/05\/kark\u00f6t\u0151-majus-28-1.jpg","type":"image\/jpeg"}],"twitter_card":"summary_large_image","twitter_misc":{"Becs\u00fclt olvas\u00e1si id\u0151":"1 perc"},"schema":{"@context":"https:\/\/schema.org","@graph":[{"@type":"WebPage","@id":"https:\/\/www.eveline.hu\/2016\/eveline-kozmetikumok-szepsegapolas\/termekcsaladok\/ajandektargyak\/lelki-egyensuly-karkoto-185-cm-60\/","url":"https:\/\/www.eveline.hu\/2016\/eveline-kozmetikumok-szepsegapolas\/termekcsaladok\/ajandektargyak\/lelki-egyensuly-karkoto-185-cm-60\/","name":"Lelki egyens\u00faly kark\u00f6t\u0151 18,5 cm (60) - Eveline Cosmetics Magyarorsz\u00e1g","isPartOf":{"@id":"https:\/\/www.eveline.hu\/2016\/#website"},"primaryImageOfPage":{"@id":"https:\/\/www.eveline.hu\/2016\/eveline-kozmetikumok-szepsegapolas\/termekcsaladok\/ajandektargyak\/lelki-egyensuly-karkoto-185-cm-60\/#primaryimage"},"image":{"@id":"https:\/\/www.eveline.hu\/2016\/eveline-kozmetikumok-szepsegapolas\/termekcsaladok\/ajandektargyak\/lelki-egyensuly-karkoto-185-cm-60\/#primaryimage"},"thumbnailUrl":"https:\/\/www.eveline.hu\/2016\/wp-content\/uploads\/2021\/05\/kark\u00f6t\u0151-majus-28-1.jpg","datePublished":"2021-05-28T09:28:16+00:00","dateModified":"2025-06-19T13:57:35+00:00","breadcrumb":{"@id":"https:\/\/www.eveline.hu\/2016\/eveline-kozmetikumok-szepsegapolas\/termekcsaladok\/ajandektargyak\/lelki-egyensuly-karkoto-185-cm-60\/#breadcrumb"},"inLanguage":"hu","potentialAction":[{"@type":"ReadAction","target":["https:\/\/www.eveline.hu\/2016\/eveline-kozmetikumok-szepsegapolas\/termekcsaladok\/ajandektargyak\/lelki-egyensuly-karkoto-185-cm-60\/"]}]},{"@type":"ImageObject","inLanguage":"hu","@id":"https:\/\/www.eveline.hu\/2016\/eveline-kozmetikumok-szepsegapolas\/termekcsaladok\/ajandektargyak\/lelki-egyensuly-karkoto-185-cm-60\/#primaryimage","url":"https:\/\/www.eveline.hu\/2016\/wp-content\/uploads\/2021\/05\/kark\u00f6t\u0151-majus-28-1.jpg","contentUrl":"https:\/\/www.eveline.hu\/2016\/wp-content\/uploads\/2021\/05\/kark\u00f6t\u0151-majus-28-1.jpg","width":1531,"height":2048},{"@type":"BreadcrumbList","@id":"https:\/\/www.eveline.hu\/2016\/eveline-kozmetikumok-szepsegapolas\/termekcsaladok\/ajandektargyak\/lelki-egyensuly-karkoto-185-cm-60\/#breadcrumb","itemListElement":[{"@type":"ListItem","position":1,"name":"Home","item":"https:\/\/www.eveline.hu\/2016\/"},{"@type":"ListItem","position":2,"name":"Term\u00e9kek","item":"https:\/\/www.eveline.hu\/2016\/shop\/"},{"@type":"ListItem","position":3,"name":"Lelki egyens\u00faly kark\u00f6t\u0151 18,5 cm (60)"}]},{"@type":"WebSite","@id":"https:\/\/www.eveline.hu\/2016\/#website","url":"https:\/\/www.eveline.hu\/2016\/","name":"Eveline Cosmetics Magyarorsz\u00e1g","description":"Min\u0151s\u00e9gi kozmetikumok Lengyelorsz\u00e1gb\u00f3l","potentialAction":[{"@type":"SearchAction","target":{"@type":"EntryPoint","urlTemplate":"https:\/\/www.eveline.hu\/2016\/?s={search_term_string}"},"query-input":"required name=search_term_string"}],"inLanguage":"hu"}]}},"_links":{"self":[{"href":"https:\/\/www.eveline.hu\/2016\/wp-json\/wp\/v2\/product\/27191"}],"collection":[{"href":"https:\/\/www.eveline.hu\/2016\/wp-json\/wp\/v2\/product"}],"about":[{"href":"https:\/\/www.eveline.hu\/2016\/wp-json\/wp\/v2\/types\/product"}],"replies":[{"embeddable":true,"href":"https:\/\/www.eveline.hu\/2016\/wp-json\/wp\/v2\/comments?post=27191"}],"wp:featuredmedia":[{"embeddable":true,"href":"https:\/\/www.eveline.hu\/2016\/wp-json\/wp\/v2\/media\/27192"}],"wp:attachment":[{"href":"https:\/\/www.eveline.hu\/2016\/wp-json\/wp\/v2\/media?parent=27191"}],"wp:term":[{"taxonomy":"product_cat","embeddable":true,"href":"https:\/\/www.eveline.hu\/2016\/wp-json\/wp\/v2\/product_cat?post=27191"},{"taxonomy":"product_tag","embeddable":true,"href":"https:\/\/www.eveline.hu\/2016\/wp-json\/wp\/v2\/product_tag?post=27191"}],"curies":[{"name":"wp","href":"https:\/\/api.w.org\/{rel}","templated":true}]}}