{"id":27048,"date":"2021-05-03T09:24:37","date_gmt":"2021-05-03T07:24:37","guid":{"rendered":"https:\/\/www.eveline.hu\/2016\/?post_type=product&#038;p=27048"},"modified":"2025-01-15T19:44:09","modified_gmt":"2025-01-15T18:44:09","slug":"extra-soft-biococonut-intenziven-taplalo-arc-es-testkrem-bio-kokuszolajjal-es-bio-kakaovajjal-175ml","status":"publish","type":"product","link":"https:\/\/www.eveline.hu\/2016\/eveline-kozmetikumok-szepsegapolas\/termekcsaladok\/extra-soft\/extra-soft-biococonut-intenziven-taplalo-arc-es-testkrem-bio-kokuszolajjal-es-bio-kakaovajjal-175ml\/","title":{"rendered":"Extra Soft bioCoconut intenz\u00edven t\u00e1pl\u00e1l\u00f3 arc- \u00e9s testkr\u00e9m bio k\u00f3kuszolajjal \u00e9s bio kaka\u00f3vajjal 175ml"},"content":{"rendered":"<p><strong>Extra Soft bioCoconut intenz\u00edven t\u00e1pl\u00e1l\u00f3 arc- \u00e9s testkr\u00e9m<\/strong> bio k\u00f3kuszolajjal \u00e9s bio kaka\u00f3vajjal,\u00a0 t\u00f6k\u00e9letesen hidrat\u00e1lja, er\u0151s\u00edti \u00e9s helyre\u00e1ll\u00edtja a regener\u00e1l\u00e1st ig\u00e9nyl\u0151 sz\u00e1raz b\u0151r j\u00f3 \u00e1llapot\u00e1t.<\/p>\n<p><strong>Alkalmaz\u00e1s<\/strong>: naponta haszn\u00e1lja a megtiszt\u00edtott b\u0151rre arcon \u00e9s az eg\u00e9sz testfel\u00fcleten.<\/p>\n","protected":false},"excerpt":{"rendered":"<p>175ml (8143 Ft\/l)<\/p>\n","protected":false},"featured_media":27049,"comment_status":"open","ping_status":"closed","template":"","meta":[],"product_cat":[302,80,99],"product_tag":[],"yoast_head":"<!-- This site is optimized with the Yoast SEO plugin v22.2 - https:\/\/yoast.com\/wordpress\/plugins\/seo\/ -->\n<title>Extra Soft bioCoconut intenz\u00edven t\u00e1pl\u00e1l\u00f3 arc- \u00e9s testkr\u00e9m bio k\u00f3kuszolajjal \u00e9s bio kaka\u00f3vajjal 175ml - Eveline Cosmetics Magyarorsz\u00e1g<\/title>\n<meta name=\"robots\" content=\"index, follow, max-snippet:-1, max-image-preview:large, max-video-preview:-1\" \/>\n<link rel=\"canonical\" href=\"https:\/\/www.eveline.hu\/2016\/eveline-kozmetikumok-szepsegapolas\/termekcsaladok\/extra-soft\/extra-soft-biococonut-intenziven-taplalo-arc-es-testkrem-bio-kokuszolajjal-es-bio-kakaovajjal-175ml\/\" \/>\n<meta property=\"og:locale\" content=\"hu_HU\" \/>\n<meta property=\"og:type\" content=\"article\" \/>\n<meta property=\"og:title\" content=\"Extra Soft bioCoconut intenz\u00edven t\u00e1pl\u00e1l\u00f3 arc- \u00e9s testkr\u00e9m bio k\u00f3kuszolajjal \u00e9s bio kaka\u00f3vajjal 175ml - Eveline Cosmetics Magyarorsz\u00e1g\" \/>\n<meta property=\"og:description\" content=\"175ml (8143 Ft\/l)\" \/>\n<meta property=\"og:url\" content=\"https:\/\/www.eveline.hu\/2016\/eveline-kozmetikumok-szepsegapolas\/termekcsaladok\/extra-soft\/extra-soft-biococonut-intenziven-taplalo-arc-es-testkrem-bio-kokuszolajjal-es-bio-kakaovajjal-175ml\/\" \/>\n<meta property=\"og:site_name\" content=\"Eveline Cosmetics Magyarorsz\u00e1g\" \/>\n<meta property=\"article:modified_time\" content=\"2025-01-15T18:44:09+00:00\" \/>\n<meta property=\"og:image\" content=\"https:\/\/www.eveline.hu\/2016\/wp-content\/uploads\/2021\/05\/5903416019053-EXTRA-SOFT-BIO-COCONUT-CREAM-175-MLw.png\" \/>\n\t<meta property=\"og:image:width\" content=\"750\" \/>\n\t<meta property=\"og:image:height\" content=\"750\" \/>\n\t<meta property=\"og:image:type\" content=\"image\/png\" \/>\n<meta name=\"twitter:card\" content=\"summary_large_image\" \/>\n<meta name=\"twitter:label1\" content=\"Becs\u00fclt olvas\u00e1si id\u0151\" \/>\n\t<meta name=\"twitter:data1\" content=\"1 perc\" \/>\n<script type=\"application\/ld+json\" class=\"yoast-schema-graph\">{\"@context\":\"https:\/\/schema.org\",\"@graph\":[{\"@type\":\"WebPage\",\"@id\":\"https:\/\/www.eveline.hu\/2016\/eveline-kozmetikumok-szepsegapolas\/termekcsaladok\/extra-soft\/extra-soft-biococonut-intenziven-taplalo-arc-es-testkrem-bio-kokuszolajjal-es-bio-kakaovajjal-175ml\/\",\"url\":\"https:\/\/www.eveline.hu\/2016\/eveline-kozmetikumok-szepsegapolas\/termekcsaladok\/extra-soft\/extra-soft-biococonut-intenziven-taplalo-arc-es-testkrem-bio-kokuszolajjal-es-bio-kakaovajjal-175ml\/\",\"name\":\"Extra Soft bioCoconut intenz\u00edven t\u00e1pl\u00e1l\u00f3 arc- \u00e9s testkr\u00e9m bio k\u00f3kuszolajjal \u00e9s bio kaka\u00f3vajjal 175ml - Eveline Cosmetics Magyarorsz\u00e1g\",\"isPartOf\":{\"@id\":\"https:\/\/www.eveline.hu\/2016\/#website\"},\"primaryImageOfPage\":{\"@id\":\"https:\/\/www.eveline.hu\/2016\/eveline-kozmetikumok-szepsegapolas\/termekcsaladok\/extra-soft\/extra-soft-biococonut-intenziven-taplalo-arc-es-testkrem-bio-kokuszolajjal-es-bio-kakaovajjal-175ml\/#primaryimage\"},\"image\":{\"@id\":\"https:\/\/www.eveline.hu\/2016\/eveline-kozmetikumok-szepsegapolas\/termekcsaladok\/extra-soft\/extra-soft-biococonut-intenziven-taplalo-arc-es-testkrem-bio-kokuszolajjal-es-bio-kakaovajjal-175ml\/#primaryimage\"},\"thumbnailUrl\":\"https:\/\/www.eveline.hu\/2016\/wp-content\/uploads\/2021\/05\/5903416019053-EXTRA-SOFT-BIO-COCONUT-CREAM-175-MLw.png\",\"datePublished\":\"2021-05-03T07:24:37+00:00\",\"dateModified\":\"2025-01-15T18:44:09+00:00\",\"breadcrumb\":{\"@id\":\"https:\/\/www.eveline.hu\/2016\/eveline-kozmetikumok-szepsegapolas\/termekcsaladok\/extra-soft\/extra-soft-biococonut-intenziven-taplalo-arc-es-testkrem-bio-kokuszolajjal-es-bio-kakaovajjal-175ml\/#breadcrumb\"},\"inLanguage\":\"hu\",\"potentialAction\":[{\"@type\":\"ReadAction\",\"target\":[\"https:\/\/www.eveline.hu\/2016\/eveline-kozmetikumok-szepsegapolas\/termekcsaladok\/extra-soft\/extra-soft-biococonut-intenziven-taplalo-arc-es-testkrem-bio-kokuszolajjal-es-bio-kakaovajjal-175ml\/\"]}]},{\"@type\":\"ImageObject\",\"inLanguage\":\"hu\",\"@id\":\"https:\/\/www.eveline.hu\/2016\/eveline-kozmetikumok-szepsegapolas\/termekcsaladok\/extra-soft\/extra-soft-biococonut-intenziven-taplalo-arc-es-testkrem-bio-kokuszolajjal-es-bio-kakaovajjal-175ml\/#primaryimage\",\"url\":\"https:\/\/www.eveline.hu\/2016\/wp-content\/uploads\/2021\/05\/5903416019053-EXTRA-SOFT-BIO-COCONUT-CREAM-175-MLw.png\",\"contentUrl\":\"https:\/\/www.eveline.hu\/2016\/wp-content\/uploads\/2021\/05\/5903416019053-EXTRA-SOFT-BIO-COCONUT-CREAM-175-MLw.png\",\"width\":750,\"height\":750},{\"@type\":\"BreadcrumbList\",\"@id\":\"https:\/\/www.eveline.hu\/2016\/eveline-kozmetikumok-szepsegapolas\/termekcsaladok\/extra-soft\/extra-soft-biococonut-intenziven-taplalo-arc-es-testkrem-bio-kokuszolajjal-es-bio-kakaovajjal-175ml\/#breadcrumb\",\"itemListElement\":[{\"@type\":\"ListItem\",\"position\":1,\"name\":\"Home\",\"item\":\"https:\/\/www.eveline.hu\/2016\/\"},{\"@type\":\"ListItem\",\"position\":2,\"name\":\"Term\u00e9kek\",\"item\":\"https:\/\/www.eveline.hu\/2016\/shop\/\"},{\"@type\":\"ListItem\",\"position\":3,\"name\":\"Extra Soft bioCoconut intenz\u00edven t\u00e1pl\u00e1l\u00f3 arc- \u00e9s testkr\u00e9m bio k\u00f3kuszolajjal \u00e9s bio kaka\u00f3vajjal 175ml\"}]},{\"@type\":\"WebSite\",\"@id\":\"https:\/\/www.eveline.hu\/2016\/#website\",\"url\":\"https:\/\/www.eveline.hu\/2016\/\",\"name\":\"Eveline Cosmetics Magyarorsz\u00e1g\",\"description\":\"Min\u0151s\u00e9gi kozmetikumok Lengyelorsz\u00e1gb\u00f3l\",\"potentialAction\":[{\"@type\":\"SearchAction\",\"target\":{\"@type\":\"EntryPoint\",\"urlTemplate\":\"https:\/\/www.eveline.hu\/2016\/?s={search_term_string}\"},\"query-input\":\"required name=search_term_string\"}],\"inLanguage\":\"hu\"}]}<\/script>\n<!-- \/ Yoast SEO plugin. -->","yoast_head_json":{"title":"Extra Soft bioCoconut intenz\u00edven t\u00e1pl\u00e1l\u00f3 arc- \u00e9s testkr\u00e9m bio k\u00f3kuszolajjal \u00e9s bio kaka\u00f3vajjal 175ml - Eveline Cosmetics Magyarorsz\u00e1g","robots":{"index":"index","follow":"follow","max-snippet":"max-snippet:-1","max-image-preview":"max-image-preview:large","max-video-preview":"max-video-preview:-1"},"canonical":"https:\/\/www.eveline.hu\/2016\/eveline-kozmetikumok-szepsegapolas\/termekcsaladok\/extra-soft\/extra-soft-biococonut-intenziven-taplalo-arc-es-testkrem-bio-kokuszolajjal-es-bio-kakaovajjal-175ml\/","og_locale":"hu_HU","og_type":"article","og_title":"Extra Soft bioCoconut intenz\u00edven t\u00e1pl\u00e1l\u00f3 arc- \u00e9s testkr\u00e9m bio k\u00f3kuszolajjal \u00e9s bio kaka\u00f3vajjal 175ml - Eveline Cosmetics Magyarorsz\u00e1g","og_description":"175ml (8143 Ft\/l)","og_url":"https:\/\/www.eveline.hu\/2016\/eveline-kozmetikumok-szepsegapolas\/termekcsaladok\/extra-soft\/extra-soft-biococonut-intenziven-taplalo-arc-es-testkrem-bio-kokuszolajjal-es-bio-kakaovajjal-175ml\/","og_site_name":"Eveline Cosmetics Magyarorsz\u00e1g","article_modified_time":"2025-01-15T18:44:09+00:00","og_image":[{"width":750,"height":750,"url":"https:\/\/www.eveline.hu\/2016\/wp-content\/uploads\/2021\/05\/5903416019053-EXTRA-SOFT-BIO-COCONUT-CREAM-175-MLw.png","type":"image\/png"}],"twitter_card":"summary_large_image","twitter_misc":{"Becs\u00fclt olvas\u00e1si id\u0151":"1 perc"},"schema":{"@context":"https:\/\/schema.org","@graph":[{"@type":"WebPage","@id":"https:\/\/www.eveline.hu\/2016\/eveline-kozmetikumok-szepsegapolas\/termekcsaladok\/extra-soft\/extra-soft-biococonut-intenziven-taplalo-arc-es-testkrem-bio-kokuszolajjal-es-bio-kakaovajjal-175ml\/","url":"https:\/\/www.eveline.hu\/2016\/eveline-kozmetikumok-szepsegapolas\/termekcsaladok\/extra-soft\/extra-soft-biococonut-intenziven-taplalo-arc-es-testkrem-bio-kokuszolajjal-es-bio-kakaovajjal-175ml\/","name":"Extra Soft bioCoconut intenz\u00edven t\u00e1pl\u00e1l\u00f3 arc- \u00e9s testkr\u00e9m bio k\u00f3kuszolajjal \u00e9s bio kaka\u00f3vajjal 175ml - Eveline Cosmetics Magyarorsz\u00e1g","isPartOf":{"@id":"https:\/\/www.eveline.hu\/2016\/#website"},"primaryImageOfPage":{"@id":"https:\/\/www.eveline.hu\/2016\/eveline-kozmetikumok-szepsegapolas\/termekcsaladok\/extra-soft\/extra-soft-biococonut-intenziven-taplalo-arc-es-testkrem-bio-kokuszolajjal-es-bio-kakaovajjal-175ml\/#primaryimage"},"image":{"@id":"https:\/\/www.eveline.hu\/2016\/eveline-kozmetikumok-szepsegapolas\/termekcsaladok\/extra-soft\/extra-soft-biococonut-intenziven-taplalo-arc-es-testkrem-bio-kokuszolajjal-es-bio-kakaovajjal-175ml\/#primaryimage"},"thumbnailUrl":"https:\/\/www.eveline.hu\/2016\/wp-content\/uploads\/2021\/05\/5903416019053-EXTRA-SOFT-BIO-COCONUT-CREAM-175-MLw.png","datePublished":"2021-05-03T07:24:37+00:00","dateModified":"2025-01-15T18:44:09+00:00","breadcrumb":{"@id":"https:\/\/www.eveline.hu\/2016\/eveline-kozmetikumok-szepsegapolas\/termekcsaladok\/extra-soft\/extra-soft-biococonut-intenziven-taplalo-arc-es-testkrem-bio-kokuszolajjal-es-bio-kakaovajjal-175ml\/#breadcrumb"},"inLanguage":"hu","potentialAction":[{"@type":"ReadAction","target":["https:\/\/www.eveline.hu\/2016\/eveline-kozmetikumok-szepsegapolas\/termekcsaladok\/extra-soft\/extra-soft-biococonut-intenziven-taplalo-arc-es-testkrem-bio-kokuszolajjal-es-bio-kakaovajjal-175ml\/"]}]},{"@type":"ImageObject","inLanguage":"hu","@id":"https:\/\/www.eveline.hu\/2016\/eveline-kozmetikumok-szepsegapolas\/termekcsaladok\/extra-soft\/extra-soft-biococonut-intenziven-taplalo-arc-es-testkrem-bio-kokuszolajjal-es-bio-kakaovajjal-175ml\/#primaryimage","url":"https:\/\/www.eveline.hu\/2016\/wp-content\/uploads\/2021\/05\/5903416019053-EXTRA-SOFT-BIO-COCONUT-CREAM-175-MLw.png","contentUrl":"https:\/\/www.eveline.hu\/2016\/wp-content\/uploads\/2021\/05\/5903416019053-EXTRA-SOFT-BIO-COCONUT-CREAM-175-MLw.png","width":750,"height":750},{"@type":"BreadcrumbList","@id":"https:\/\/www.eveline.hu\/2016\/eveline-kozmetikumok-szepsegapolas\/termekcsaladok\/extra-soft\/extra-soft-biococonut-intenziven-taplalo-arc-es-testkrem-bio-kokuszolajjal-es-bio-kakaovajjal-175ml\/#breadcrumb","itemListElement":[{"@type":"ListItem","position":1,"name":"Home","item":"https:\/\/www.eveline.hu\/2016\/"},{"@type":"ListItem","position":2,"name":"Term\u00e9kek","item":"https:\/\/www.eveline.hu\/2016\/shop\/"},{"@type":"ListItem","position":3,"name":"Extra Soft bioCoconut intenz\u00edven t\u00e1pl\u00e1l\u00f3 arc- \u00e9s testkr\u00e9m bio k\u00f3kuszolajjal \u00e9s bio kaka\u00f3vajjal 175ml"}]},{"@type":"WebSite","@id":"https:\/\/www.eveline.hu\/2016\/#website","url":"https:\/\/www.eveline.hu\/2016\/","name":"Eveline Cosmetics Magyarorsz\u00e1g","description":"Min\u0151s\u00e9gi kozmetikumok Lengyelorsz\u00e1gb\u00f3l","potentialAction":[{"@type":"SearchAction","target":{"@type":"EntryPoint","urlTemplate":"https:\/\/www.eveline.hu\/2016\/?s={search_term_string}"},"query-input":"required name=search_term_string"}],"inLanguage":"hu"}]}},"_links":{"self":[{"href":"https:\/\/www.eveline.hu\/2016\/wp-json\/wp\/v2\/product\/27048"}],"collection":[{"href":"https:\/\/www.eveline.hu\/2016\/wp-json\/wp\/v2\/product"}],"about":[{"href":"https:\/\/www.eveline.hu\/2016\/wp-json\/wp\/v2\/types\/product"}],"replies":[{"embeddable":true,"href":"https:\/\/www.eveline.hu\/2016\/wp-json\/wp\/v2\/comments?post=27048"}],"wp:featuredmedia":[{"embeddable":true,"href":"https:\/\/www.eveline.hu\/2016\/wp-json\/wp\/v2\/media\/27049"}],"wp:attachment":[{"href":"https:\/\/www.eveline.hu\/2016\/wp-json\/wp\/v2\/media?parent=27048"}],"wp:term":[{"taxonomy":"product_cat","embeddable":true,"href":"https:\/\/www.eveline.hu\/2016\/wp-json\/wp\/v2\/product_cat?post=27048"},{"taxonomy":"product_tag","embeddable":true,"href":"https:\/\/www.eveline.hu\/2016\/wp-json\/wp\/v2\/product_tag?post=27048"}],"curies":[{"name":"wp","href":"https:\/\/api.w.org\/{rel}","templated":true}]}}