{"id":26599,"date":"2021-01-31T13:38:32","date_gmt":"2021-01-31T12:38:32","guid":{"rendered":"https:\/\/www.eveline.hu\/2016\/?post_type=product&#038;p=26599"},"modified":"2024-12-30T12:51:33","modified_gmt":"2024-12-30T11:51:33","slug":"rich-coconut-ultra-taplalo-kokuszos-arckrem-50ml","status":"publish","type":"product","link":"https:\/\/www.eveline.hu\/2016\/eveline-kozmetikumok-szepsegapolas\/termekcsaladok\/rich-coconut\/rich-coconut-ultra-taplalo-kokuszos-arckrem-50ml\/","title":{"rendered":"rich coconut &#8211; Ultra t\u00e1pl\u00e1l\u00f3 k\u00f3kuszos arckr\u00e9m 50ml"},"content":{"rendered":"<p>Minden b\u0151rt\u00edpusra, \u00e9rz\u00e9kenyre is.<\/p>\n<p>A gazdag, veg\u00e1n formula, amely 97% -ban term\u00e9szetes eredet\u0171 \u00f6sszetev\u0151k\u00f6n \u00e9s organikus k\u00f3kuszolajon alapul, azonnal helyre\u00e1ll\u00edtja a sz\u00e1raz \u00e9s \u00e9rz\u00e9keny b\u0151r komfort \u00e9rzet\u00e9t.<\/p>\n<p>Az A, C, E vitaminok \u00e9s a n\u00f6v\u00e9nyi kivonatokban tal\u00e1lhat\u00f3 PP komplex t\u00e1pl\u00e1l\u00f3 \u00f6sszetev\u0151ket biztos\u00edt a b\u0151rnek, meg\u00faj\u00edtja \u00e9s revitaliz\u00e1lja.<\/p>\n<p><strong>Term\u00e9szetes, t\u00e1pl\u00e1l\u00f3 vitamin bomba<\/strong>:<\/p>\n<p><strong>Organikus \u00a0k\u00f3kuszolaj<\/strong> &#8211; er\u0151sen hidrat\u00e1lja \u00e9s m\u00e9lyen t\u00e1pl\u00e1lja, revitaliz\u00e1lja a b\u0151rt.<\/p>\n<p><strong>Bioaloe vera <\/strong>\u2013 az A, C, E vitaminok, oligoelemek \u00e9s aminosavak forr\u00e1sa. Intenz\u00edven feszes\u00edtik a b\u0151rt.<\/p>\n<p><strong>Goji bogy\u00f3k<\/strong> \u2013 lass\u00edtj\u00e1k az \u00f6reged\u00e9si folyamatokat, semleges\u00edtik a szabad gy\u00f6k\u00f6k hat\u00e1s\u00e1t, ez\u00e1ltal fiatal\u00edtanak.<\/p>\n<p><strong>Mang\u00f3 vaj<\/strong> \u2013 term\u00e9szetes antioxid\u00e1ns, l\u00e1that\u00f3an cs\u00f6kkenti a r\u00e1ncokat \u00e9s kisim\u00edt.<\/p>\n<p><strong>\u00c9des mandula olaj<\/strong> \u2013 intenz\u00edven hidrat\u00e1l, eg\u00e9szs\u00e9ges kin\u00e9zetet \u00e9s f\u00e9nyt adva a b\u0151rnek.<\/p>\n<p><strong>Probiotikumok<\/strong> &#8211; v\u00e9dik a term\u00e9szetes, egyedi mikrobiomot.<\/p>\n<p><strong>Haszn\u00e1lat<\/strong>: Vigye fel a kr\u00e9met a megtiszt\u00edtott arcra \u00e9s nyakra, reggel \u00e9s este. Ide\u00e1lis smink al\u00e1.<\/p>\n<p>\u00d6sszetev\u0151k:Aqua (Water), Butyrospermum Parkii Butter, Caprylic\/Capric Triglyceride, Cetyl Alcohol, Glyceryl Stearates, Glycerin, Disodium Cetearyl Sulfosuccinate, Myristyl Myristate, Prunus Amygdalus Dulcis Oil, Cocos Nucifera Oil, Rubus Idaeus Seed Oil, Helianthus Annuus Seed Wax, Mangifera Indica Seed Butter, Tripelargonin, Aloe Barbadensis Leaf Juice, Lycium Barbarum Fruit Extract, Polymnia Sonchifolia Root Juice, Betaine, Alpha-Glucan Oligosaccharide, Lactobacillus, Tocopheryl Acetate, Parfum (Fragrance), Phenoxyethanol, Hydroxyacetophenone, Ethylhexylglycerin, Potassium Sorbate, Sodium Benzoate, Acrylates\/C10-30 Alkyl Acrylate Crosspolymer, Triethanolamine, Tapioca Starch, Maltodextrin, Sorbic Acid, Coumarin.<\/p>\n","protected":false},"excerpt":{"rendered":"<p>50ml ( 44980 Ft\/L)<\/p>\n","protected":false},"featured_media":26600,"comment_status":"open","ping_status":"closed","template":"","meta":[],"product_cat":[291,80],"product_tag":[],"yoast_head":"<!-- This site is optimized with the Yoast SEO plugin v22.2 - https:\/\/yoast.com\/wordpress\/plugins\/seo\/ -->\n<title>rich coconut - Ultra t\u00e1pl\u00e1l\u00f3 k\u00f3kuszos arckr\u00e9m 50ml - Eveline Cosmetics Magyarorsz\u00e1g<\/title>\n<meta name=\"robots\" content=\"index, follow, max-snippet:-1, max-image-preview:large, max-video-preview:-1\" \/>\n<link rel=\"canonical\" href=\"https:\/\/www.eveline.hu\/2016\/eveline-kozmetikumok-szepsegapolas\/termekcsaladok\/rich-coconut\/rich-coconut-ultra-taplalo-kokuszos-arckrem-50ml\/\" \/>\n<meta property=\"og:locale\" content=\"hu_HU\" \/>\n<meta property=\"og:type\" content=\"article\" \/>\n<meta property=\"og:title\" content=\"rich coconut - Ultra t\u00e1pl\u00e1l\u00f3 k\u00f3kuszos arckr\u00e9m 50ml - Eveline Cosmetics Magyarorsz\u00e1g\" \/>\n<meta property=\"og:description\" content=\"50ml ( 44980 Ft\/L)\" \/>\n<meta property=\"og:url\" content=\"https:\/\/www.eveline.hu\/2016\/eveline-kozmetikumok-szepsegapolas\/termekcsaladok\/rich-coconut\/rich-coconut-ultra-taplalo-kokuszos-arckrem-50ml\/\" \/>\n<meta property=\"og:site_name\" content=\"Eveline Cosmetics Magyarorsz\u00e1g\" \/>\n<meta property=\"article:modified_time\" content=\"2024-12-30T11:51:33+00:00\" \/>\n<meta property=\"og:image\" content=\"https:\/\/www.eveline.hu\/2016\/wp-content\/uploads\/2021\/01\/5903416030249-RICH-COCONUT-NOURISHING-FACE-CREAM-50ML-w.png\" \/>\n\t<meta property=\"og:image:width\" content=\"750\" \/>\n\t<meta property=\"og:image:height\" content=\"750\" \/>\n\t<meta property=\"og:image:type\" content=\"image\/png\" \/>\n<meta name=\"twitter:card\" content=\"summary_large_image\" \/>\n<meta name=\"twitter:label1\" content=\"Becs\u00fclt olvas\u00e1si id\u0151\" \/>\n\t<meta name=\"twitter:data1\" content=\"2 perc\" \/>\n<script type=\"application\/ld+json\" class=\"yoast-schema-graph\">{\"@context\":\"https:\/\/schema.org\",\"@graph\":[{\"@type\":\"WebPage\",\"@id\":\"https:\/\/www.eveline.hu\/2016\/eveline-kozmetikumok-szepsegapolas\/termekcsaladok\/rich-coconut\/rich-coconut-ultra-taplalo-kokuszos-arckrem-50ml\/\",\"url\":\"https:\/\/www.eveline.hu\/2016\/eveline-kozmetikumok-szepsegapolas\/termekcsaladok\/rich-coconut\/rich-coconut-ultra-taplalo-kokuszos-arckrem-50ml\/\",\"name\":\"rich coconut - Ultra t\u00e1pl\u00e1l\u00f3 k\u00f3kuszos arckr\u00e9m 50ml - Eveline Cosmetics Magyarorsz\u00e1g\",\"isPartOf\":{\"@id\":\"https:\/\/www.eveline.hu\/2016\/#website\"},\"primaryImageOfPage\":{\"@id\":\"https:\/\/www.eveline.hu\/2016\/eveline-kozmetikumok-szepsegapolas\/termekcsaladok\/rich-coconut\/rich-coconut-ultra-taplalo-kokuszos-arckrem-50ml\/#primaryimage\"},\"image\":{\"@id\":\"https:\/\/www.eveline.hu\/2016\/eveline-kozmetikumok-szepsegapolas\/termekcsaladok\/rich-coconut\/rich-coconut-ultra-taplalo-kokuszos-arckrem-50ml\/#primaryimage\"},\"thumbnailUrl\":\"https:\/\/www.eveline.hu\/2016\/wp-content\/uploads\/2021\/01\/5903416030249-RICH-COCONUT-NOURISHING-FACE-CREAM-50ML-w.png\",\"datePublished\":\"2021-01-31T12:38:32+00:00\",\"dateModified\":\"2024-12-30T11:51:33+00:00\",\"breadcrumb\":{\"@id\":\"https:\/\/www.eveline.hu\/2016\/eveline-kozmetikumok-szepsegapolas\/termekcsaladok\/rich-coconut\/rich-coconut-ultra-taplalo-kokuszos-arckrem-50ml\/#breadcrumb\"},\"inLanguage\":\"hu\",\"potentialAction\":[{\"@type\":\"ReadAction\",\"target\":[\"https:\/\/www.eveline.hu\/2016\/eveline-kozmetikumok-szepsegapolas\/termekcsaladok\/rich-coconut\/rich-coconut-ultra-taplalo-kokuszos-arckrem-50ml\/\"]}]},{\"@type\":\"ImageObject\",\"inLanguage\":\"hu\",\"@id\":\"https:\/\/www.eveline.hu\/2016\/eveline-kozmetikumok-szepsegapolas\/termekcsaladok\/rich-coconut\/rich-coconut-ultra-taplalo-kokuszos-arckrem-50ml\/#primaryimage\",\"url\":\"https:\/\/www.eveline.hu\/2016\/wp-content\/uploads\/2021\/01\/5903416030249-RICH-COCONUT-NOURISHING-FACE-CREAM-50ML-w.png\",\"contentUrl\":\"https:\/\/www.eveline.hu\/2016\/wp-content\/uploads\/2021\/01\/5903416030249-RICH-COCONUT-NOURISHING-FACE-CREAM-50ML-w.png\",\"width\":750,\"height\":750},{\"@type\":\"BreadcrumbList\",\"@id\":\"https:\/\/www.eveline.hu\/2016\/eveline-kozmetikumok-szepsegapolas\/termekcsaladok\/rich-coconut\/rich-coconut-ultra-taplalo-kokuszos-arckrem-50ml\/#breadcrumb\",\"itemListElement\":[{\"@type\":\"ListItem\",\"position\":1,\"name\":\"Home\",\"item\":\"https:\/\/www.eveline.hu\/2016\/\"},{\"@type\":\"ListItem\",\"position\":2,\"name\":\"Term\u00e9kek\",\"item\":\"https:\/\/www.eveline.hu\/2016\/shop\/\"},{\"@type\":\"ListItem\",\"position\":3,\"name\":\"rich coconut &#8211; Ultra t\u00e1pl\u00e1l\u00f3 k\u00f3kuszos arckr\u00e9m 50ml\"}]},{\"@type\":\"WebSite\",\"@id\":\"https:\/\/www.eveline.hu\/2016\/#website\",\"url\":\"https:\/\/www.eveline.hu\/2016\/\",\"name\":\"Eveline Cosmetics Magyarorsz\u00e1g\",\"description\":\"Min\u0151s\u00e9gi kozmetikumok Lengyelorsz\u00e1gb\u00f3l\",\"potentialAction\":[{\"@type\":\"SearchAction\",\"target\":{\"@type\":\"EntryPoint\",\"urlTemplate\":\"https:\/\/www.eveline.hu\/2016\/?s={search_term_string}\"},\"query-input\":\"required name=search_term_string\"}],\"inLanguage\":\"hu\"}]}<\/script>\n<!-- \/ Yoast SEO plugin. -->","yoast_head_json":{"title":"rich coconut - Ultra t\u00e1pl\u00e1l\u00f3 k\u00f3kuszos arckr\u00e9m 50ml - Eveline Cosmetics Magyarorsz\u00e1g","robots":{"index":"index","follow":"follow","max-snippet":"max-snippet:-1","max-image-preview":"max-image-preview:large","max-video-preview":"max-video-preview:-1"},"canonical":"https:\/\/www.eveline.hu\/2016\/eveline-kozmetikumok-szepsegapolas\/termekcsaladok\/rich-coconut\/rich-coconut-ultra-taplalo-kokuszos-arckrem-50ml\/","og_locale":"hu_HU","og_type":"article","og_title":"rich coconut - Ultra t\u00e1pl\u00e1l\u00f3 k\u00f3kuszos arckr\u00e9m 50ml - Eveline Cosmetics Magyarorsz\u00e1g","og_description":"50ml ( 44980 Ft\/L)","og_url":"https:\/\/www.eveline.hu\/2016\/eveline-kozmetikumok-szepsegapolas\/termekcsaladok\/rich-coconut\/rich-coconut-ultra-taplalo-kokuszos-arckrem-50ml\/","og_site_name":"Eveline Cosmetics Magyarorsz\u00e1g","article_modified_time":"2024-12-30T11:51:33+00:00","og_image":[{"width":750,"height":750,"url":"https:\/\/www.eveline.hu\/2016\/wp-content\/uploads\/2021\/01\/5903416030249-RICH-COCONUT-NOURISHING-FACE-CREAM-50ML-w.png","type":"image\/png"}],"twitter_card":"summary_large_image","twitter_misc":{"Becs\u00fclt olvas\u00e1si id\u0151":"2 perc"},"schema":{"@context":"https:\/\/schema.org","@graph":[{"@type":"WebPage","@id":"https:\/\/www.eveline.hu\/2016\/eveline-kozmetikumok-szepsegapolas\/termekcsaladok\/rich-coconut\/rich-coconut-ultra-taplalo-kokuszos-arckrem-50ml\/","url":"https:\/\/www.eveline.hu\/2016\/eveline-kozmetikumok-szepsegapolas\/termekcsaladok\/rich-coconut\/rich-coconut-ultra-taplalo-kokuszos-arckrem-50ml\/","name":"rich coconut - Ultra t\u00e1pl\u00e1l\u00f3 k\u00f3kuszos arckr\u00e9m 50ml - Eveline Cosmetics Magyarorsz\u00e1g","isPartOf":{"@id":"https:\/\/www.eveline.hu\/2016\/#website"},"primaryImageOfPage":{"@id":"https:\/\/www.eveline.hu\/2016\/eveline-kozmetikumok-szepsegapolas\/termekcsaladok\/rich-coconut\/rich-coconut-ultra-taplalo-kokuszos-arckrem-50ml\/#primaryimage"},"image":{"@id":"https:\/\/www.eveline.hu\/2016\/eveline-kozmetikumok-szepsegapolas\/termekcsaladok\/rich-coconut\/rich-coconut-ultra-taplalo-kokuszos-arckrem-50ml\/#primaryimage"},"thumbnailUrl":"https:\/\/www.eveline.hu\/2016\/wp-content\/uploads\/2021\/01\/5903416030249-RICH-COCONUT-NOURISHING-FACE-CREAM-50ML-w.png","datePublished":"2021-01-31T12:38:32+00:00","dateModified":"2024-12-30T11:51:33+00:00","breadcrumb":{"@id":"https:\/\/www.eveline.hu\/2016\/eveline-kozmetikumok-szepsegapolas\/termekcsaladok\/rich-coconut\/rich-coconut-ultra-taplalo-kokuszos-arckrem-50ml\/#breadcrumb"},"inLanguage":"hu","potentialAction":[{"@type":"ReadAction","target":["https:\/\/www.eveline.hu\/2016\/eveline-kozmetikumok-szepsegapolas\/termekcsaladok\/rich-coconut\/rich-coconut-ultra-taplalo-kokuszos-arckrem-50ml\/"]}]},{"@type":"ImageObject","inLanguage":"hu","@id":"https:\/\/www.eveline.hu\/2016\/eveline-kozmetikumok-szepsegapolas\/termekcsaladok\/rich-coconut\/rich-coconut-ultra-taplalo-kokuszos-arckrem-50ml\/#primaryimage","url":"https:\/\/www.eveline.hu\/2016\/wp-content\/uploads\/2021\/01\/5903416030249-RICH-COCONUT-NOURISHING-FACE-CREAM-50ML-w.png","contentUrl":"https:\/\/www.eveline.hu\/2016\/wp-content\/uploads\/2021\/01\/5903416030249-RICH-COCONUT-NOURISHING-FACE-CREAM-50ML-w.png","width":750,"height":750},{"@type":"BreadcrumbList","@id":"https:\/\/www.eveline.hu\/2016\/eveline-kozmetikumok-szepsegapolas\/termekcsaladok\/rich-coconut\/rich-coconut-ultra-taplalo-kokuszos-arckrem-50ml\/#breadcrumb","itemListElement":[{"@type":"ListItem","position":1,"name":"Home","item":"https:\/\/www.eveline.hu\/2016\/"},{"@type":"ListItem","position":2,"name":"Term\u00e9kek","item":"https:\/\/www.eveline.hu\/2016\/shop\/"},{"@type":"ListItem","position":3,"name":"rich coconut &#8211; Ultra t\u00e1pl\u00e1l\u00f3 k\u00f3kuszos arckr\u00e9m 50ml"}]},{"@type":"WebSite","@id":"https:\/\/www.eveline.hu\/2016\/#website","url":"https:\/\/www.eveline.hu\/2016\/","name":"Eveline Cosmetics Magyarorsz\u00e1g","description":"Min\u0151s\u00e9gi kozmetikumok Lengyelorsz\u00e1gb\u00f3l","potentialAction":[{"@type":"SearchAction","target":{"@type":"EntryPoint","urlTemplate":"https:\/\/www.eveline.hu\/2016\/?s={search_term_string}"},"query-input":"required name=search_term_string"}],"inLanguage":"hu"}]}},"_links":{"self":[{"href":"https:\/\/www.eveline.hu\/2016\/wp-json\/wp\/v2\/product\/26599"}],"collection":[{"href":"https:\/\/www.eveline.hu\/2016\/wp-json\/wp\/v2\/product"}],"about":[{"href":"https:\/\/www.eveline.hu\/2016\/wp-json\/wp\/v2\/types\/product"}],"replies":[{"embeddable":true,"href":"https:\/\/www.eveline.hu\/2016\/wp-json\/wp\/v2\/comments?post=26599"}],"wp:featuredmedia":[{"embeddable":true,"href":"https:\/\/www.eveline.hu\/2016\/wp-json\/wp\/v2\/media\/26600"}],"wp:attachment":[{"href":"https:\/\/www.eveline.hu\/2016\/wp-json\/wp\/v2\/media?parent=26599"}],"wp:term":[{"taxonomy":"product_cat","embeddable":true,"href":"https:\/\/www.eveline.hu\/2016\/wp-json\/wp\/v2\/product_cat?post=26599"},{"taxonomy":"product_tag","embeddable":true,"href":"https:\/\/www.eveline.hu\/2016\/wp-json\/wp\/v2\/product_tag?post=26599"}],"curies":[{"name":"wp","href":"https:\/\/api.w.org\/{rel}","templated":true}]}}