{"id":26223,"date":"2020-11-18T11:41:06","date_gmt":"2020-11-18T10:41:06","guid":{"rendered":"https:\/\/www.eveline.hu\/2016\/?post_type=product&#038;p=26223"},"modified":"2022-11-30T15:34:40","modified_gmt":"2022-11-30T14:34:40","slug":"natural-99-aloe-vera-antibakterialis-teafa-olajjal-250ml","status":"publish","type":"product","link":"https:\/\/www.eveline.hu\/2016\/eveline-kozmetikumok-szepsegapolas\/szepsegapolas\/arcapolas\/natural-99-aloe-vera-antibakterialis-teafa-olajjal-250ml\/","title":{"rendered":"Natural 99% Aloe Vera Antibakteri\u00e1lis Teafa olajjal 250ml"},"content":{"rendered":"<p>Multiregener\u00e1l\u00f3 test- \u00e9s arcg\u00e9l 99%-ban term\u00e9szetes aloe ver\u00e1val \u00e9s tiszta teafaolajjal.<br \/>\nSeg\u00edt helyre\u00e1ll\u00edtani az egyens\u00falyt, a komfort \u00e9rzetet \u00e9s a kiv\u00e1l\u00f3 kond\u00edci\u00f3t a sz\u00e1raz, \u00e9rdes b\u0151r\u00f6n is.<br \/>\nDeep Restore System\u2122 m\u00e9lyen regener\u00e1lja az epidermiszt, t\u00e1pl\u00e1lja \u00e9s azonnal kisim\u00edtja. Az aloe vera kivonat akt\u00edvan csillap\u00edtja a b\u0151rirrit\u00e1ci\u00f3 jeleit, hat\u00e9konyan kik\u00fcsz\u00f6b\u00f6li a b\u0151rp\u00edrt \u00e9s a fesz\u00fcl\u00e9s \u00e9rz\u00e9s\u00e9t.<br \/>\nA tiszta teafaolaj \u00e1polja a b\u0151rt \u00e9s felgyors\u00edtja meg\u00fajul\u00e1s\u00e1nak folyamat\u00e1t napoz\u00e1s, sz\u0151rtelen\u00edt\u00e9s vagy rovarcs\u00edp\u00e9s ut\u00e1n.<br \/>\nA g\u00e9l innovat\u00edv formul\u00e1ja puh\u00edtja, er\u0151s\u00edti \u00e9s hidrat\u00e1lja a b\u0151rt.<br \/>\nAlkalmaz\u00e1s: vigye fel a g\u00e9lt a tiszta \u00e9s sz\u00e1raz arc- \u00e9s testb\u0151rre.<br \/>\nMinden b\u0151rt\u00edpusra, k\u00fcl\u00f6n\u00f6sen sz\u00e1raz \u00e9s s\u00e9r\u00fclt b\u0151rre.<\/p>\n","protected":false},"excerpt":{"rendered":"<p>250ml ( 7260 Ft\/l )<\/p>\n","protected":false},"featured_media":26672,"comment_status":"open","ping_status":"closed","template":"","meta":[],"product_cat":[125,126,127],"product_tag":[],"yoast_head":"<!-- This site is optimized with the Yoast SEO plugin v22.2 - https:\/\/yoast.com\/wordpress\/plugins\/seo\/ -->\n<title>Natural 99% Aloe Vera Antibakteri\u00e1lis Teafa olajjal 250ml - Eveline Cosmetics Magyarorsz\u00e1g<\/title>\n<meta name=\"robots\" content=\"index, follow, max-snippet:-1, max-image-preview:large, max-video-preview:-1\" \/>\n<link rel=\"canonical\" href=\"https:\/\/www.eveline.hu\/2016\/eveline-kozmetikumok-szepsegapolas\/szepsegapolas\/arcapolas\/natural-99-aloe-vera-antibakterialis-teafa-olajjal-250ml\/\" \/>\n<meta property=\"og:locale\" content=\"hu_HU\" \/>\n<meta property=\"og:type\" content=\"article\" \/>\n<meta property=\"og:title\" content=\"Natural 99% Aloe Vera Antibakteri\u00e1lis Teafa olajjal 250ml - Eveline Cosmetics Magyarorsz\u00e1g\" \/>\n<meta property=\"og:description\" content=\"250ml ( 7260 Ft\/l )\" \/>\n<meta property=\"og:url\" content=\"https:\/\/www.eveline.hu\/2016\/eveline-kozmetikumok-szepsegapolas\/szepsegapolas\/arcapolas\/natural-99-aloe-vera-antibakterialis-teafa-olajjal-250ml\/\" \/>\n<meta property=\"og:site_name\" content=\"Eveline Cosmetics Magyarorsz\u00e1g\" \/>\n<meta property=\"article:modified_time\" content=\"2022-11-30T14:34:40+00:00\" \/>\n<meta property=\"og:image\" content=\"https:\/\/www.eveline.hu\/2016\/wp-content\/uploads\/2020\/11\/5903416022763_199-NATURAL-ALOE-VERA-TEA-TREE-OIL-GEL-250ML-w.png\" \/>\n\t<meta property=\"og:image:width\" content=\"750\" \/>\n\t<meta property=\"og:image:height\" content=\"750\" \/>\n\t<meta property=\"og:image:type\" content=\"image\/png\" \/>\n<meta name=\"twitter:card\" content=\"summary_large_image\" \/>\n<meta name=\"twitter:label1\" content=\"Becs\u00fclt olvas\u00e1si id\u0151\" \/>\n\t<meta name=\"twitter:data1\" content=\"1 perc\" \/>\n<script type=\"application\/ld+json\" class=\"yoast-schema-graph\">{\"@context\":\"https:\/\/schema.org\",\"@graph\":[{\"@type\":\"WebPage\",\"@id\":\"https:\/\/www.eveline.hu\/2016\/eveline-kozmetikumok-szepsegapolas\/szepsegapolas\/arcapolas\/natural-99-aloe-vera-antibakterialis-teafa-olajjal-250ml\/\",\"url\":\"https:\/\/www.eveline.hu\/2016\/eveline-kozmetikumok-szepsegapolas\/szepsegapolas\/arcapolas\/natural-99-aloe-vera-antibakterialis-teafa-olajjal-250ml\/\",\"name\":\"Natural 99% Aloe Vera Antibakteri\u00e1lis Teafa olajjal 250ml - Eveline Cosmetics Magyarorsz\u00e1g\",\"isPartOf\":{\"@id\":\"https:\/\/www.eveline.hu\/2016\/#website\"},\"primaryImageOfPage\":{\"@id\":\"https:\/\/www.eveline.hu\/2016\/eveline-kozmetikumok-szepsegapolas\/szepsegapolas\/arcapolas\/natural-99-aloe-vera-antibakterialis-teafa-olajjal-250ml\/#primaryimage\"},\"image\":{\"@id\":\"https:\/\/www.eveline.hu\/2016\/eveline-kozmetikumok-szepsegapolas\/szepsegapolas\/arcapolas\/natural-99-aloe-vera-antibakterialis-teafa-olajjal-250ml\/#primaryimage\"},\"thumbnailUrl\":\"https:\/\/www.eveline.hu\/2016\/wp-content\/uploads\/2020\/11\/5903416022763_199-NATURAL-ALOE-VERA-TEA-TREE-OIL-GEL-250ML-w.png\",\"datePublished\":\"2020-11-18T10:41:06+00:00\",\"dateModified\":\"2022-11-30T14:34:40+00:00\",\"breadcrumb\":{\"@id\":\"https:\/\/www.eveline.hu\/2016\/eveline-kozmetikumok-szepsegapolas\/szepsegapolas\/arcapolas\/natural-99-aloe-vera-antibakterialis-teafa-olajjal-250ml\/#breadcrumb\"},\"inLanguage\":\"hu\",\"potentialAction\":[{\"@type\":\"ReadAction\",\"target\":[\"https:\/\/www.eveline.hu\/2016\/eveline-kozmetikumok-szepsegapolas\/szepsegapolas\/arcapolas\/natural-99-aloe-vera-antibakterialis-teafa-olajjal-250ml\/\"]}]},{\"@type\":\"ImageObject\",\"inLanguage\":\"hu\",\"@id\":\"https:\/\/www.eveline.hu\/2016\/eveline-kozmetikumok-szepsegapolas\/szepsegapolas\/arcapolas\/natural-99-aloe-vera-antibakterialis-teafa-olajjal-250ml\/#primaryimage\",\"url\":\"https:\/\/www.eveline.hu\/2016\/wp-content\/uploads\/2020\/11\/5903416022763_199-NATURAL-ALOE-VERA-TEA-TREE-OIL-GEL-250ML-w.png\",\"contentUrl\":\"https:\/\/www.eveline.hu\/2016\/wp-content\/uploads\/2020\/11\/5903416022763_199-NATURAL-ALOE-VERA-TEA-TREE-OIL-GEL-250ML-w.png\",\"width\":750,\"height\":750},{\"@type\":\"BreadcrumbList\",\"@id\":\"https:\/\/www.eveline.hu\/2016\/eveline-kozmetikumok-szepsegapolas\/szepsegapolas\/arcapolas\/natural-99-aloe-vera-antibakterialis-teafa-olajjal-250ml\/#breadcrumb\",\"itemListElement\":[{\"@type\":\"ListItem\",\"position\":1,\"name\":\"Home\",\"item\":\"https:\/\/www.eveline.hu\/2016\/\"},{\"@type\":\"ListItem\",\"position\":2,\"name\":\"Term\u00e9kek\",\"item\":\"https:\/\/www.eveline.hu\/2016\/shop\/\"},{\"@type\":\"ListItem\",\"position\":3,\"name\":\"Natural 99% Aloe Vera Antibakteri\u00e1lis Teafa olajjal 250ml\"}]},{\"@type\":\"WebSite\",\"@id\":\"https:\/\/www.eveline.hu\/2016\/#website\",\"url\":\"https:\/\/www.eveline.hu\/2016\/\",\"name\":\"Eveline Cosmetics Magyarorsz\u00e1g\",\"description\":\"Min\u0151s\u00e9gi kozmetikumok Lengyelorsz\u00e1gb\u00f3l\",\"potentialAction\":[{\"@type\":\"SearchAction\",\"target\":{\"@type\":\"EntryPoint\",\"urlTemplate\":\"https:\/\/www.eveline.hu\/2016\/?s={search_term_string}\"},\"query-input\":\"required name=search_term_string\"}],\"inLanguage\":\"hu\"}]}<\/script>\n<!-- \/ Yoast SEO plugin. -->","yoast_head_json":{"title":"Natural 99% Aloe Vera Antibakteri\u00e1lis Teafa olajjal 250ml - Eveline Cosmetics Magyarorsz\u00e1g","robots":{"index":"index","follow":"follow","max-snippet":"max-snippet:-1","max-image-preview":"max-image-preview:large","max-video-preview":"max-video-preview:-1"},"canonical":"https:\/\/www.eveline.hu\/2016\/eveline-kozmetikumok-szepsegapolas\/szepsegapolas\/arcapolas\/natural-99-aloe-vera-antibakterialis-teafa-olajjal-250ml\/","og_locale":"hu_HU","og_type":"article","og_title":"Natural 99% Aloe Vera Antibakteri\u00e1lis Teafa olajjal 250ml - Eveline Cosmetics Magyarorsz\u00e1g","og_description":"250ml ( 7260 Ft\/l )","og_url":"https:\/\/www.eveline.hu\/2016\/eveline-kozmetikumok-szepsegapolas\/szepsegapolas\/arcapolas\/natural-99-aloe-vera-antibakterialis-teafa-olajjal-250ml\/","og_site_name":"Eveline Cosmetics Magyarorsz\u00e1g","article_modified_time":"2022-11-30T14:34:40+00:00","og_image":[{"width":750,"height":750,"url":"https:\/\/www.eveline.hu\/2016\/wp-content\/uploads\/2020\/11\/5903416022763_199-NATURAL-ALOE-VERA-TEA-TREE-OIL-GEL-250ML-w.png","type":"image\/png"}],"twitter_card":"summary_large_image","twitter_misc":{"Becs\u00fclt olvas\u00e1si id\u0151":"1 perc"},"schema":{"@context":"https:\/\/schema.org","@graph":[{"@type":"WebPage","@id":"https:\/\/www.eveline.hu\/2016\/eveline-kozmetikumok-szepsegapolas\/szepsegapolas\/arcapolas\/natural-99-aloe-vera-antibakterialis-teafa-olajjal-250ml\/","url":"https:\/\/www.eveline.hu\/2016\/eveline-kozmetikumok-szepsegapolas\/szepsegapolas\/arcapolas\/natural-99-aloe-vera-antibakterialis-teafa-olajjal-250ml\/","name":"Natural 99% Aloe Vera Antibakteri\u00e1lis Teafa olajjal 250ml - Eveline Cosmetics Magyarorsz\u00e1g","isPartOf":{"@id":"https:\/\/www.eveline.hu\/2016\/#website"},"primaryImageOfPage":{"@id":"https:\/\/www.eveline.hu\/2016\/eveline-kozmetikumok-szepsegapolas\/szepsegapolas\/arcapolas\/natural-99-aloe-vera-antibakterialis-teafa-olajjal-250ml\/#primaryimage"},"image":{"@id":"https:\/\/www.eveline.hu\/2016\/eveline-kozmetikumok-szepsegapolas\/szepsegapolas\/arcapolas\/natural-99-aloe-vera-antibakterialis-teafa-olajjal-250ml\/#primaryimage"},"thumbnailUrl":"https:\/\/www.eveline.hu\/2016\/wp-content\/uploads\/2020\/11\/5903416022763_199-NATURAL-ALOE-VERA-TEA-TREE-OIL-GEL-250ML-w.png","datePublished":"2020-11-18T10:41:06+00:00","dateModified":"2022-11-30T14:34:40+00:00","breadcrumb":{"@id":"https:\/\/www.eveline.hu\/2016\/eveline-kozmetikumok-szepsegapolas\/szepsegapolas\/arcapolas\/natural-99-aloe-vera-antibakterialis-teafa-olajjal-250ml\/#breadcrumb"},"inLanguage":"hu","potentialAction":[{"@type":"ReadAction","target":["https:\/\/www.eveline.hu\/2016\/eveline-kozmetikumok-szepsegapolas\/szepsegapolas\/arcapolas\/natural-99-aloe-vera-antibakterialis-teafa-olajjal-250ml\/"]}]},{"@type":"ImageObject","inLanguage":"hu","@id":"https:\/\/www.eveline.hu\/2016\/eveline-kozmetikumok-szepsegapolas\/szepsegapolas\/arcapolas\/natural-99-aloe-vera-antibakterialis-teafa-olajjal-250ml\/#primaryimage","url":"https:\/\/www.eveline.hu\/2016\/wp-content\/uploads\/2020\/11\/5903416022763_199-NATURAL-ALOE-VERA-TEA-TREE-OIL-GEL-250ML-w.png","contentUrl":"https:\/\/www.eveline.hu\/2016\/wp-content\/uploads\/2020\/11\/5903416022763_199-NATURAL-ALOE-VERA-TEA-TREE-OIL-GEL-250ML-w.png","width":750,"height":750},{"@type":"BreadcrumbList","@id":"https:\/\/www.eveline.hu\/2016\/eveline-kozmetikumok-szepsegapolas\/szepsegapolas\/arcapolas\/natural-99-aloe-vera-antibakterialis-teafa-olajjal-250ml\/#breadcrumb","itemListElement":[{"@type":"ListItem","position":1,"name":"Home","item":"https:\/\/www.eveline.hu\/2016\/"},{"@type":"ListItem","position":2,"name":"Term\u00e9kek","item":"https:\/\/www.eveline.hu\/2016\/shop\/"},{"@type":"ListItem","position":3,"name":"Natural 99% Aloe Vera Antibakteri\u00e1lis Teafa olajjal 250ml"}]},{"@type":"WebSite","@id":"https:\/\/www.eveline.hu\/2016\/#website","url":"https:\/\/www.eveline.hu\/2016\/","name":"Eveline Cosmetics Magyarorsz\u00e1g","description":"Min\u0151s\u00e9gi kozmetikumok Lengyelorsz\u00e1gb\u00f3l","potentialAction":[{"@type":"SearchAction","target":{"@type":"EntryPoint","urlTemplate":"https:\/\/www.eveline.hu\/2016\/?s={search_term_string}"},"query-input":"required name=search_term_string"}],"inLanguage":"hu"}]}},"_links":{"self":[{"href":"https:\/\/www.eveline.hu\/2016\/wp-json\/wp\/v2\/product\/26223"}],"collection":[{"href":"https:\/\/www.eveline.hu\/2016\/wp-json\/wp\/v2\/product"}],"about":[{"href":"https:\/\/www.eveline.hu\/2016\/wp-json\/wp\/v2\/types\/product"}],"replies":[{"embeddable":true,"href":"https:\/\/www.eveline.hu\/2016\/wp-json\/wp\/v2\/comments?post=26223"}],"wp:featuredmedia":[{"embeddable":true,"href":"https:\/\/www.eveline.hu\/2016\/wp-json\/wp\/v2\/media\/26672"}],"wp:attachment":[{"href":"https:\/\/www.eveline.hu\/2016\/wp-json\/wp\/v2\/media?parent=26223"}],"wp:term":[{"taxonomy":"product_cat","embeddable":true,"href":"https:\/\/www.eveline.hu\/2016\/wp-json\/wp\/v2\/product_cat?post=26223"},{"taxonomy":"product_tag","embeddable":true,"href":"https:\/\/www.eveline.hu\/2016\/wp-json\/wp\/v2\/product_tag?post=26223"}],"curies":[{"name":"wp","href":"https:\/\/api.w.org\/{rel}","templated":true}]}}