{"id":25766,"date":"2020-08-11T11:59:06","date_gmt":"2020-08-11T09:59:06","guid":{"rendered":"https:\/\/www.eveline.hu\/2016\/?post_type=product&#038;p=25766"},"modified":"2022-12-26T21:30:57","modified_gmt":"2022-12-26T20:30:57","slug":"brazilian-body-luxus-onbarnito-permet-arcra-es-testre-5in1-150ml","status":"publish","type":"product","link":"https:\/\/www.eveline.hu\/2016\/eveline-kozmetikumok-szepsegapolas\/szepsegapolas\/testapolas\/brazilian-body-luxus-onbarnito-permet-arcra-es-testre-5in1-150ml\/","title":{"rendered":"BRAZILIAN Body Luxus \u00d6nbarn\u00edt\u00f3 permet arcra \u00e9s testre 5in1 150ml"},"content":{"rendered":"<p>Az els\u0151 alkalmaz\u00e1s ut\u00e1n sz\u00e9p barn\u00edt\u00f3 hat\u00e1st ny\u00fajt, elsz\u00ednez\u0151d\u00e9st\u0151l \u00e9s cs\u00edkokt\u00f3l mentesen. A hat\u00e1s ak\u00e1r 7 napig a b\u0151r\u00f6n marad. A modern PureTan technol\u00f3gi\u00e1nak k\u00f6sz\u00f6nhet\u0151en a term\u00e9k gyorsan behatol az epidermiszbe, \u00edgy a b\u0151r, braz\u00edliai napbarn\u00edtott hat\u00e1st kap. A permet szisztematikus haszn\u00e1lat\u00e1nak k\u00f6sz\u00f6nhet\u0151en, kiss\u00e9 els\u00f6t\u00e9t\u00edtheti a b\u0151r t\u00f3nus\u00e1t. A term\u00e9k n\u00f6v\u00e9nyi kivonatai: di\u00f3olaj, guarana \u00e9s r\u00f3zsasz\u00edn paprika olaj. Hidrat\u00e1lja, regener\u00e1lja \u00e9s t\u00e1pl\u00e1lja az arc \u00e9s a test b\u0151r\u00e9t. A term\u00e9k gyeng\u00e9d, b\u00e1rsonyos text\u00far\u00e1j\u00fa, \u00edgy gyorsan felsz\u00edv\u00f3dik.<\/p>\n<p><strong>Alkalmaz\u00e1s<\/strong>: A term\u00e9ket vil\u00e1gos \u00e9s k\u00f6z\u00e9pbarna b\u0151r\u0171ek sz\u00e1m\u00e1ra tervezt\u00e9k. \u00a0A permetet \u00f3vatosan permetezze az arcra \u00e9s a test b\u0151r\u00e9re, majd massz\u00edrozza bele. Az alkalmaz\u00e1s ut\u00e1n alaposan mosson kezet. A term\u00e9k azonnal felsz\u00edv\u00f3dik, kellemes illatot hagyva. T\u00e1rolja szobah\u0151m\u00e9rs\u00e9kleten. Ker\u00fclje a k\u00f6zvetlen napf\u00e9nyt. Az arcra felhord\u00e1skor vigy\u00e1zzon a szem k\u00f6rny\u00e9k\u00e9re.<\/p>\n<p>\u00d3sszetev\u0151k:Aqua (Water), Dihydroxyacetone, Propylene Glycol, C12-13 Pareth-9, PEG-12 Dimethicone, Erythrulose, Pentylene Glycol, Parfum, Polyacrylate Crosspolymer-6, Butylene Glycol, Paullinia Cupana Seed Extract, Cocos Nucifera Water, Glycerin, Cocos Nucifera Fruit Juice, Methylsilanol Acetyltyrosine, Argan Oil Polyglyceryl-6 Esters, Mauritia Flexuosa Fruit Oil, Bertholletia Excelsa Seed Oil, Schinus Terebinthifolius Seed Oil, Sodium Benzoate, Potassium Sorbate, Phenoxyethanol, Ethylhexylglycerin, Arginine, Limonene, Hexyl Cinnamal, Coumarin, Alpha-Isomethyl Ionone.<\/p>\n","protected":false},"excerpt":{"rendered":"<p>150ml ( 13993 Ft\/l )<\/p>\n","protected":false},"featured_media":25767,"comment_status":"open","ping_status":"closed","template":"","meta":[],"product_cat":[292,125,127,80],"product_tag":[],"yoast_head":"<!-- This site is optimized with the Yoast SEO plugin v22.2 - https:\/\/yoast.com\/wordpress\/plugins\/seo\/ -->\n<title>BRAZILIAN Body Luxus \u00d6nbarn\u00edt\u00f3 permet arcra \u00e9s testre 5in1 150ml - Eveline Cosmetics Magyarorsz\u00e1g<\/title>\n<meta name=\"robots\" content=\"index, follow, max-snippet:-1, max-image-preview:large, max-video-preview:-1\" \/>\n<link rel=\"canonical\" href=\"https:\/\/www.eveline.hu\/2016\/eveline-kozmetikumok-szepsegapolas\/szepsegapolas\/testapolas\/brazilian-body-luxus-onbarnito-permet-arcra-es-testre-5in1-150ml\/\" \/>\n<meta property=\"og:locale\" content=\"hu_HU\" \/>\n<meta property=\"og:type\" content=\"article\" \/>\n<meta property=\"og:title\" content=\"BRAZILIAN Body Luxus \u00d6nbarn\u00edt\u00f3 permet arcra \u00e9s testre 5in1 150ml - Eveline Cosmetics Magyarorsz\u00e1g\" \/>\n<meta property=\"og:description\" content=\"150ml ( 13993 Ft\/l )\" \/>\n<meta property=\"og:url\" content=\"https:\/\/www.eveline.hu\/2016\/eveline-kozmetikumok-szepsegapolas\/szepsegapolas\/testapolas\/brazilian-body-luxus-onbarnito-permet-arcra-es-testre-5in1-150ml\/\" \/>\n<meta property=\"og:site_name\" content=\"Eveline Cosmetics Magyarorsz\u00e1g\" \/>\n<meta property=\"article:modified_time\" content=\"2022-12-26T20:30:57+00:00\" \/>\n<meta property=\"og:image\" content=\"https:\/\/www.eveline.hu\/2016\/wp-content\/uploads\/2020\/08\/5901761986167-P_piel_bra_mgielka-samoopalajaca_w.png\" \/>\n\t<meta property=\"og:image:width\" content=\"750\" \/>\n\t<meta property=\"og:image:height\" content=\"750\" \/>\n\t<meta property=\"og:image:type\" content=\"image\/png\" \/>\n<meta name=\"twitter:card\" content=\"summary_large_image\" \/>\n<meta name=\"twitter:label1\" content=\"Becs\u00fclt olvas\u00e1si id\u0151\" \/>\n\t<meta name=\"twitter:data1\" content=\"1 perc\" \/>\n<script type=\"application\/ld+json\" class=\"yoast-schema-graph\">{\"@context\":\"https:\/\/schema.org\",\"@graph\":[{\"@type\":\"WebPage\",\"@id\":\"https:\/\/www.eveline.hu\/2016\/eveline-kozmetikumok-szepsegapolas\/szepsegapolas\/testapolas\/brazilian-body-luxus-onbarnito-permet-arcra-es-testre-5in1-150ml\/\",\"url\":\"https:\/\/www.eveline.hu\/2016\/eveline-kozmetikumok-szepsegapolas\/szepsegapolas\/testapolas\/brazilian-body-luxus-onbarnito-permet-arcra-es-testre-5in1-150ml\/\",\"name\":\"BRAZILIAN Body Luxus \u00d6nbarn\u00edt\u00f3 permet arcra \u00e9s testre 5in1 150ml - Eveline Cosmetics Magyarorsz\u00e1g\",\"isPartOf\":{\"@id\":\"https:\/\/www.eveline.hu\/2016\/#website\"},\"primaryImageOfPage\":{\"@id\":\"https:\/\/www.eveline.hu\/2016\/eveline-kozmetikumok-szepsegapolas\/szepsegapolas\/testapolas\/brazilian-body-luxus-onbarnito-permet-arcra-es-testre-5in1-150ml\/#primaryimage\"},\"image\":{\"@id\":\"https:\/\/www.eveline.hu\/2016\/eveline-kozmetikumok-szepsegapolas\/szepsegapolas\/testapolas\/brazilian-body-luxus-onbarnito-permet-arcra-es-testre-5in1-150ml\/#primaryimage\"},\"thumbnailUrl\":\"https:\/\/www.eveline.hu\/2016\/wp-content\/uploads\/2020\/08\/5901761986167-P_piel_bra_mgielka-samoopalajaca_w.png\",\"datePublished\":\"2020-08-11T09:59:06+00:00\",\"dateModified\":\"2022-12-26T20:30:57+00:00\",\"breadcrumb\":{\"@id\":\"https:\/\/www.eveline.hu\/2016\/eveline-kozmetikumok-szepsegapolas\/szepsegapolas\/testapolas\/brazilian-body-luxus-onbarnito-permet-arcra-es-testre-5in1-150ml\/#breadcrumb\"},\"inLanguage\":\"hu\",\"potentialAction\":[{\"@type\":\"ReadAction\",\"target\":[\"https:\/\/www.eveline.hu\/2016\/eveline-kozmetikumok-szepsegapolas\/szepsegapolas\/testapolas\/brazilian-body-luxus-onbarnito-permet-arcra-es-testre-5in1-150ml\/\"]}]},{\"@type\":\"ImageObject\",\"inLanguage\":\"hu\",\"@id\":\"https:\/\/www.eveline.hu\/2016\/eveline-kozmetikumok-szepsegapolas\/szepsegapolas\/testapolas\/brazilian-body-luxus-onbarnito-permet-arcra-es-testre-5in1-150ml\/#primaryimage\",\"url\":\"https:\/\/www.eveline.hu\/2016\/wp-content\/uploads\/2020\/08\/5901761986167-P_piel_bra_mgielka-samoopalajaca_w.png\",\"contentUrl\":\"https:\/\/www.eveline.hu\/2016\/wp-content\/uploads\/2020\/08\/5901761986167-P_piel_bra_mgielka-samoopalajaca_w.png\",\"width\":750,\"height\":750},{\"@type\":\"BreadcrumbList\",\"@id\":\"https:\/\/www.eveline.hu\/2016\/eveline-kozmetikumok-szepsegapolas\/szepsegapolas\/testapolas\/brazilian-body-luxus-onbarnito-permet-arcra-es-testre-5in1-150ml\/#breadcrumb\",\"itemListElement\":[{\"@type\":\"ListItem\",\"position\":1,\"name\":\"Home\",\"item\":\"https:\/\/www.eveline.hu\/2016\/\"},{\"@type\":\"ListItem\",\"position\":2,\"name\":\"Term\u00e9kek\",\"item\":\"https:\/\/www.eveline.hu\/2016\/shop\/\"},{\"@type\":\"ListItem\",\"position\":3,\"name\":\"BRAZILIAN Body Luxus \u00d6nbarn\u00edt\u00f3 permet arcra \u00e9s testre 5in1 150ml\"}]},{\"@type\":\"WebSite\",\"@id\":\"https:\/\/www.eveline.hu\/2016\/#website\",\"url\":\"https:\/\/www.eveline.hu\/2016\/\",\"name\":\"Eveline Cosmetics Magyarorsz\u00e1g\",\"description\":\"Min\u0151s\u00e9gi kozmetikumok Lengyelorsz\u00e1gb\u00f3l\",\"potentialAction\":[{\"@type\":\"SearchAction\",\"target\":{\"@type\":\"EntryPoint\",\"urlTemplate\":\"https:\/\/www.eveline.hu\/2016\/?s={search_term_string}\"},\"query-input\":\"required name=search_term_string\"}],\"inLanguage\":\"hu\"}]}<\/script>\n<!-- \/ Yoast SEO plugin. -->","yoast_head_json":{"title":"BRAZILIAN Body Luxus \u00d6nbarn\u00edt\u00f3 permet arcra \u00e9s testre 5in1 150ml - Eveline Cosmetics Magyarorsz\u00e1g","robots":{"index":"index","follow":"follow","max-snippet":"max-snippet:-1","max-image-preview":"max-image-preview:large","max-video-preview":"max-video-preview:-1"},"canonical":"https:\/\/www.eveline.hu\/2016\/eveline-kozmetikumok-szepsegapolas\/szepsegapolas\/testapolas\/brazilian-body-luxus-onbarnito-permet-arcra-es-testre-5in1-150ml\/","og_locale":"hu_HU","og_type":"article","og_title":"BRAZILIAN Body Luxus \u00d6nbarn\u00edt\u00f3 permet arcra \u00e9s testre 5in1 150ml - Eveline Cosmetics Magyarorsz\u00e1g","og_description":"150ml ( 13993 Ft\/l )","og_url":"https:\/\/www.eveline.hu\/2016\/eveline-kozmetikumok-szepsegapolas\/szepsegapolas\/testapolas\/brazilian-body-luxus-onbarnito-permet-arcra-es-testre-5in1-150ml\/","og_site_name":"Eveline Cosmetics Magyarorsz\u00e1g","article_modified_time":"2022-12-26T20:30:57+00:00","og_image":[{"width":750,"height":750,"url":"https:\/\/www.eveline.hu\/2016\/wp-content\/uploads\/2020\/08\/5901761986167-P_piel_bra_mgielka-samoopalajaca_w.png","type":"image\/png"}],"twitter_card":"summary_large_image","twitter_misc":{"Becs\u00fclt olvas\u00e1si id\u0151":"1 perc"},"schema":{"@context":"https:\/\/schema.org","@graph":[{"@type":"WebPage","@id":"https:\/\/www.eveline.hu\/2016\/eveline-kozmetikumok-szepsegapolas\/szepsegapolas\/testapolas\/brazilian-body-luxus-onbarnito-permet-arcra-es-testre-5in1-150ml\/","url":"https:\/\/www.eveline.hu\/2016\/eveline-kozmetikumok-szepsegapolas\/szepsegapolas\/testapolas\/brazilian-body-luxus-onbarnito-permet-arcra-es-testre-5in1-150ml\/","name":"BRAZILIAN Body Luxus \u00d6nbarn\u00edt\u00f3 permet arcra \u00e9s testre 5in1 150ml - Eveline Cosmetics Magyarorsz\u00e1g","isPartOf":{"@id":"https:\/\/www.eveline.hu\/2016\/#website"},"primaryImageOfPage":{"@id":"https:\/\/www.eveline.hu\/2016\/eveline-kozmetikumok-szepsegapolas\/szepsegapolas\/testapolas\/brazilian-body-luxus-onbarnito-permet-arcra-es-testre-5in1-150ml\/#primaryimage"},"image":{"@id":"https:\/\/www.eveline.hu\/2016\/eveline-kozmetikumok-szepsegapolas\/szepsegapolas\/testapolas\/brazilian-body-luxus-onbarnito-permet-arcra-es-testre-5in1-150ml\/#primaryimage"},"thumbnailUrl":"https:\/\/www.eveline.hu\/2016\/wp-content\/uploads\/2020\/08\/5901761986167-P_piel_bra_mgielka-samoopalajaca_w.png","datePublished":"2020-08-11T09:59:06+00:00","dateModified":"2022-12-26T20:30:57+00:00","breadcrumb":{"@id":"https:\/\/www.eveline.hu\/2016\/eveline-kozmetikumok-szepsegapolas\/szepsegapolas\/testapolas\/brazilian-body-luxus-onbarnito-permet-arcra-es-testre-5in1-150ml\/#breadcrumb"},"inLanguage":"hu","potentialAction":[{"@type":"ReadAction","target":["https:\/\/www.eveline.hu\/2016\/eveline-kozmetikumok-szepsegapolas\/szepsegapolas\/testapolas\/brazilian-body-luxus-onbarnito-permet-arcra-es-testre-5in1-150ml\/"]}]},{"@type":"ImageObject","inLanguage":"hu","@id":"https:\/\/www.eveline.hu\/2016\/eveline-kozmetikumok-szepsegapolas\/szepsegapolas\/testapolas\/brazilian-body-luxus-onbarnito-permet-arcra-es-testre-5in1-150ml\/#primaryimage","url":"https:\/\/www.eveline.hu\/2016\/wp-content\/uploads\/2020\/08\/5901761986167-P_piel_bra_mgielka-samoopalajaca_w.png","contentUrl":"https:\/\/www.eveline.hu\/2016\/wp-content\/uploads\/2020\/08\/5901761986167-P_piel_bra_mgielka-samoopalajaca_w.png","width":750,"height":750},{"@type":"BreadcrumbList","@id":"https:\/\/www.eveline.hu\/2016\/eveline-kozmetikumok-szepsegapolas\/szepsegapolas\/testapolas\/brazilian-body-luxus-onbarnito-permet-arcra-es-testre-5in1-150ml\/#breadcrumb","itemListElement":[{"@type":"ListItem","position":1,"name":"Home","item":"https:\/\/www.eveline.hu\/2016\/"},{"@type":"ListItem","position":2,"name":"Term\u00e9kek","item":"https:\/\/www.eveline.hu\/2016\/shop\/"},{"@type":"ListItem","position":3,"name":"BRAZILIAN Body Luxus \u00d6nbarn\u00edt\u00f3 permet arcra \u00e9s testre 5in1 150ml"}]},{"@type":"WebSite","@id":"https:\/\/www.eveline.hu\/2016\/#website","url":"https:\/\/www.eveline.hu\/2016\/","name":"Eveline Cosmetics Magyarorsz\u00e1g","description":"Min\u0151s\u00e9gi kozmetikumok Lengyelorsz\u00e1gb\u00f3l","potentialAction":[{"@type":"SearchAction","target":{"@type":"EntryPoint","urlTemplate":"https:\/\/www.eveline.hu\/2016\/?s={search_term_string}"},"query-input":"required name=search_term_string"}],"inLanguage":"hu"}]}},"_links":{"self":[{"href":"https:\/\/www.eveline.hu\/2016\/wp-json\/wp\/v2\/product\/25766"}],"collection":[{"href":"https:\/\/www.eveline.hu\/2016\/wp-json\/wp\/v2\/product"}],"about":[{"href":"https:\/\/www.eveline.hu\/2016\/wp-json\/wp\/v2\/types\/product"}],"replies":[{"embeddable":true,"href":"https:\/\/www.eveline.hu\/2016\/wp-json\/wp\/v2\/comments?post=25766"}],"wp:featuredmedia":[{"embeddable":true,"href":"https:\/\/www.eveline.hu\/2016\/wp-json\/wp\/v2\/media\/25767"}],"wp:attachment":[{"href":"https:\/\/www.eveline.hu\/2016\/wp-json\/wp\/v2\/media?parent=25766"}],"wp:term":[{"taxonomy":"product_cat","embeddable":true,"href":"https:\/\/www.eveline.hu\/2016\/wp-json\/wp\/v2\/product_cat?post=25766"},{"taxonomy":"product_tag","embeddable":true,"href":"https:\/\/www.eveline.hu\/2016\/wp-json\/wp\/v2\/product_tag?post=25766"}],"curies":[{"name":"wp","href":"https:\/\/api.w.org\/{rel}","templated":true}]}}