{"id":25668,"date":"2020-07-21T09:42:07","date_gmt":"2020-07-21T07:42:07","guid":{"rendered":"https:\/\/www.eveline.hu\/2016\/?post_type=product&#038;p=25668"},"modified":"2022-12-26T21:27:46","modified_gmt":"2022-12-26T20:27:46","slug":"brazilian-body-bronzosito-hidratalo-testbalzsam-5az1-ben-200ml","status":"publish","type":"product","link":"https:\/\/www.eveline.hu\/2016\/eveline-kozmetikumok-szepsegapolas\/szepsegapolas\/testapolas\/brazilian-body-bronzosito-hidratalo-testbalzsam-5az1-ben-200ml\/","title":{"rendered":"BRAZILIAN Body Bronzos\u00edt\u00f3, Hidrat\u00e1l\u00f3 testbalzsam 5az1\u2013ben 200ml"},"content":{"rendered":"<p>Minden b\u0151rsz\u00ednre.<\/p>\n<p>A b\u0151rt term\u00e9szetes (fokozatos hat\u00e1s\u00fa) aranysz\u00edn\u0171v\u00e9 teszi. Mindez\u00a0 a foly\u00e9kony krist\u00e1lyos emulzi\u00f3 k\u00e9sz\u00edtm\u00e9nynek k\u00f6sz\u00f6nhet\u0151, amely a term\u00e9k b\u00e1rsonyos \u00e1llag\u00e1t biztos\u00edtja. A balzsam egyenletesen eloszlik az eg\u00e9sz testen, cs\u00edkok \u00e9s elsz\u00ednez\u0151d\u00e9s n\u00e9lk\u00fcl. A <strong>GOLDEN TAN komplex<\/strong> egy kellemes illat\u00fa aranybarn\u00edt\u00f3 hat\u00e1st k\u00f6lcs\u00f6n\u00f6z. A term\u00e9kben tal\u00e1lhat\u00f3 k\u00f3kuszolaj, a kaka\u00f3vaj \u00e9s a brazil di\u00f3olaj m\u00e9lyen hidrat\u00e1lj\u00e1k, regener\u00e1lj\u00e1k \u00a0a b\u0151rt, mely b\u00e1rsonyosan sima \u00e9s puha lesz.<\/p>\n<p>A term\u00e9szetes barnul\u00e1s hat\u00e1sa\u00a0 eszt\u00e9tikai cs\u00edkok \u00e9s elsz\u00ednez\u0151d\u00e9s n\u00e9lk\u00fcl.<br \/>\nIntenz\u00edv hidrat\u00e1l\u00e1s \u00e9s m\u00e9ly b\u0151rregener\u00e1l\u00e1s. B\u00e1rsonyosan sima b\u0151r. Hosszan tart\u00f3 napbarn\u00edtott b\u0151r. Hat\u00e9konyan \u00e1polja a b\u0151rt, finoman aranysz\u00edn\u0171v\u00e9 t\u00e9ve.<\/p>\n<p>\u00d6sszetev\u0151k:Aqua (Water), Ethylhexyl Stearate, Cetyl Alcohol, Dihydroxyacetone, Glycerin, Butyrospermum Parkii Butter, Cocos Nucifera Oil, Myristyl Myristate, Gly- ceryl Stearate, PEG-100 Stearate, Theobroma Cacao Seed Butter, Ceteareth-20, Cetearyl Alcohol, Phe- noxyethanol, Parfum (Fragrance), Trimethylpentanediol\/Adipic Acid Copolymer, Propylene Glycol Isoceteth-3 Acetate, Erythrulose, Dicetyl Phosphate, Ceteth-10 Phosphate, Dimethicone, Macadamia Ternifolia Seed Oil, Glyceryl Acrylate\/Acrylic Acid Copolymer, Zea Mays (Corn) Starch, Chlorphenesin, Hydroxyethyl Acrylate\/Sodium Acryloyldimethyl Taurate Copolymer, Helianthus Annuus Seed Oil, Allantoin, Panthenol, Juglans Regia Shell Extract, Propylene Glycol, Daucus Carota Sativa Root Extract, Daucus Carota Sativa Seed Oil, Beta-Carotene, Ascorbyl Palmitate, Argania Spinosa Kernel Oil, Buty- lene Glycol, Paullinia Cupana Seed Extract, Bertholletia Excelsa Seed Oil, Schinus Terebinthifolius Seed Oil, Methylsilanol Acetyltyrosine, Methylparaben, Ethylparaben, Butylparaben, Propylparaben, Sodium Benzoate, BHT, Coumarin, Alpha-Isomethyl Ionone, Hexyl Cinnamal, Linalool, Citronellol, Limonene<\/p>\n","protected":false},"excerpt":{"rendered":"<p>200ml ( 10745 Ft\/l )<\/p>\n","protected":false},"featured_media":25669,"comment_status":"open","ping_status":"closed","template":"","meta":[],"product_cat":[292,127],"product_tag":[],"yoast_head":"<!-- This site is optimized with the Yoast SEO plugin v22.2 - https:\/\/yoast.com\/wordpress\/plugins\/seo\/ -->\n<title>BRAZILIAN Body Bronzos\u00edt\u00f3, Hidrat\u00e1l\u00f3 testbalzsam 5az1\u2013ben 200ml - Eveline Cosmetics Magyarorsz\u00e1g<\/title>\n<meta name=\"robots\" content=\"index, follow, max-snippet:-1, max-image-preview:large, max-video-preview:-1\" \/>\n<link rel=\"canonical\" href=\"https:\/\/www.eveline.hu\/2016\/eveline-kozmetikumok-szepsegapolas\/szepsegapolas\/testapolas\/brazilian-body-bronzosito-hidratalo-testbalzsam-5az1-ben-200ml\/\" \/>\n<meta property=\"og:locale\" content=\"hu_HU\" \/>\n<meta property=\"og:type\" content=\"article\" \/>\n<meta property=\"og:title\" content=\"BRAZILIAN Body Bronzos\u00edt\u00f3, Hidrat\u00e1l\u00f3 testbalzsam 5az1\u2013ben 200ml - Eveline Cosmetics Magyarorsz\u00e1g\" \/>\n<meta property=\"og:description\" content=\"200ml ( 10745 Ft\/l )\" \/>\n<meta property=\"og:url\" content=\"https:\/\/www.eveline.hu\/2016\/eveline-kozmetikumok-szepsegapolas\/szepsegapolas\/testapolas\/brazilian-body-bronzosito-hidratalo-testbalzsam-5az1-ben-200ml\/\" \/>\n<meta property=\"og:site_name\" content=\"Eveline Cosmetics Magyarorsz\u00e1g\" \/>\n<meta property=\"article:modified_time\" content=\"2022-12-26T20:27:46+00:00\" \/>\n<meta property=\"og:image\" content=\"https:\/\/www.eveline.hu\/2016\/wp-content\/uploads\/2020\/07\/BRAZILIAN-Body-Luxus-5in1-arany-testkiemel\u0151.docx-w.png\" \/>\n\t<meta property=\"og:image:width\" content=\"750\" \/>\n\t<meta property=\"og:image:height\" content=\"750\" \/>\n\t<meta property=\"og:image:type\" content=\"image\/png\" \/>\n<meta name=\"twitter:card\" content=\"summary_large_image\" \/>\n<meta name=\"twitter:label1\" content=\"Becs\u00fclt olvas\u00e1si id\u0151\" \/>\n\t<meta name=\"twitter:data1\" content=\"1 perc\" \/>\n<script type=\"application\/ld+json\" class=\"yoast-schema-graph\">{\"@context\":\"https:\/\/schema.org\",\"@graph\":[{\"@type\":\"WebPage\",\"@id\":\"https:\/\/www.eveline.hu\/2016\/eveline-kozmetikumok-szepsegapolas\/szepsegapolas\/testapolas\/brazilian-body-bronzosito-hidratalo-testbalzsam-5az1-ben-200ml\/\",\"url\":\"https:\/\/www.eveline.hu\/2016\/eveline-kozmetikumok-szepsegapolas\/szepsegapolas\/testapolas\/brazilian-body-bronzosito-hidratalo-testbalzsam-5az1-ben-200ml\/\",\"name\":\"BRAZILIAN Body Bronzos\u00edt\u00f3, Hidrat\u00e1l\u00f3 testbalzsam 5az1\u2013ben 200ml - Eveline Cosmetics Magyarorsz\u00e1g\",\"isPartOf\":{\"@id\":\"https:\/\/www.eveline.hu\/2016\/#website\"},\"primaryImageOfPage\":{\"@id\":\"https:\/\/www.eveline.hu\/2016\/eveline-kozmetikumok-szepsegapolas\/szepsegapolas\/testapolas\/brazilian-body-bronzosito-hidratalo-testbalzsam-5az1-ben-200ml\/#primaryimage\"},\"image\":{\"@id\":\"https:\/\/www.eveline.hu\/2016\/eveline-kozmetikumok-szepsegapolas\/szepsegapolas\/testapolas\/brazilian-body-bronzosito-hidratalo-testbalzsam-5az1-ben-200ml\/#primaryimage\"},\"thumbnailUrl\":\"https:\/\/www.eveline.hu\/2016\/wp-content\/uploads\/2020\/07\/BRAZILIAN-Body-Luxus-5in1-arany-testkiemel\u0151.docx-w.png\",\"datePublished\":\"2020-07-21T07:42:07+00:00\",\"dateModified\":\"2022-12-26T20:27:46+00:00\",\"breadcrumb\":{\"@id\":\"https:\/\/www.eveline.hu\/2016\/eveline-kozmetikumok-szepsegapolas\/szepsegapolas\/testapolas\/brazilian-body-bronzosito-hidratalo-testbalzsam-5az1-ben-200ml\/#breadcrumb\"},\"inLanguage\":\"hu\",\"potentialAction\":[{\"@type\":\"ReadAction\",\"target\":[\"https:\/\/www.eveline.hu\/2016\/eveline-kozmetikumok-szepsegapolas\/szepsegapolas\/testapolas\/brazilian-body-bronzosito-hidratalo-testbalzsam-5az1-ben-200ml\/\"]}]},{\"@type\":\"ImageObject\",\"inLanguage\":\"hu\",\"@id\":\"https:\/\/www.eveline.hu\/2016\/eveline-kozmetikumok-szepsegapolas\/szepsegapolas\/testapolas\/brazilian-body-bronzosito-hidratalo-testbalzsam-5az1-ben-200ml\/#primaryimage\",\"url\":\"https:\/\/www.eveline.hu\/2016\/wp-content\/uploads\/2020\/07\/BRAZILIAN-Body-Luxus-5in1-arany-testkiemel\u0151.docx-w.png\",\"contentUrl\":\"https:\/\/www.eveline.hu\/2016\/wp-content\/uploads\/2020\/07\/BRAZILIAN-Body-Luxus-5in1-arany-testkiemel\u0151.docx-w.png\",\"width\":750,\"height\":750},{\"@type\":\"BreadcrumbList\",\"@id\":\"https:\/\/www.eveline.hu\/2016\/eveline-kozmetikumok-szepsegapolas\/szepsegapolas\/testapolas\/brazilian-body-bronzosito-hidratalo-testbalzsam-5az1-ben-200ml\/#breadcrumb\",\"itemListElement\":[{\"@type\":\"ListItem\",\"position\":1,\"name\":\"Home\",\"item\":\"https:\/\/www.eveline.hu\/2016\/\"},{\"@type\":\"ListItem\",\"position\":2,\"name\":\"Term\u00e9kek\",\"item\":\"https:\/\/www.eveline.hu\/2016\/shop\/\"},{\"@type\":\"ListItem\",\"position\":3,\"name\":\"BRAZILIAN Body Bronzos\u00edt\u00f3, Hidrat\u00e1l\u00f3 testbalzsam 5az1\u2013ben 200ml\"}]},{\"@type\":\"WebSite\",\"@id\":\"https:\/\/www.eveline.hu\/2016\/#website\",\"url\":\"https:\/\/www.eveline.hu\/2016\/\",\"name\":\"Eveline Cosmetics Magyarorsz\u00e1g\",\"description\":\"Min\u0151s\u00e9gi kozmetikumok Lengyelorsz\u00e1gb\u00f3l\",\"potentialAction\":[{\"@type\":\"SearchAction\",\"target\":{\"@type\":\"EntryPoint\",\"urlTemplate\":\"https:\/\/www.eveline.hu\/2016\/?s={search_term_string}\"},\"query-input\":\"required name=search_term_string\"}],\"inLanguage\":\"hu\"}]}<\/script>\n<!-- \/ Yoast SEO plugin. -->","yoast_head_json":{"title":"BRAZILIAN Body Bronzos\u00edt\u00f3, Hidrat\u00e1l\u00f3 testbalzsam 5az1\u2013ben 200ml - Eveline Cosmetics Magyarorsz\u00e1g","robots":{"index":"index","follow":"follow","max-snippet":"max-snippet:-1","max-image-preview":"max-image-preview:large","max-video-preview":"max-video-preview:-1"},"canonical":"https:\/\/www.eveline.hu\/2016\/eveline-kozmetikumok-szepsegapolas\/szepsegapolas\/testapolas\/brazilian-body-bronzosito-hidratalo-testbalzsam-5az1-ben-200ml\/","og_locale":"hu_HU","og_type":"article","og_title":"BRAZILIAN Body Bronzos\u00edt\u00f3, Hidrat\u00e1l\u00f3 testbalzsam 5az1\u2013ben 200ml - Eveline Cosmetics Magyarorsz\u00e1g","og_description":"200ml ( 10745 Ft\/l )","og_url":"https:\/\/www.eveline.hu\/2016\/eveline-kozmetikumok-szepsegapolas\/szepsegapolas\/testapolas\/brazilian-body-bronzosito-hidratalo-testbalzsam-5az1-ben-200ml\/","og_site_name":"Eveline Cosmetics Magyarorsz\u00e1g","article_modified_time":"2022-12-26T20:27:46+00:00","og_image":[{"width":750,"height":750,"url":"https:\/\/www.eveline.hu\/2016\/wp-content\/uploads\/2020\/07\/BRAZILIAN-Body-Luxus-5in1-arany-testkiemel\u0151.docx-w.png","type":"image\/png"}],"twitter_card":"summary_large_image","twitter_misc":{"Becs\u00fclt olvas\u00e1si id\u0151":"1 perc"},"schema":{"@context":"https:\/\/schema.org","@graph":[{"@type":"WebPage","@id":"https:\/\/www.eveline.hu\/2016\/eveline-kozmetikumok-szepsegapolas\/szepsegapolas\/testapolas\/brazilian-body-bronzosito-hidratalo-testbalzsam-5az1-ben-200ml\/","url":"https:\/\/www.eveline.hu\/2016\/eveline-kozmetikumok-szepsegapolas\/szepsegapolas\/testapolas\/brazilian-body-bronzosito-hidratalo-testbalzsam-5az1-ben-200ml\/","name":"BRAZILIAN Body Bronzos\u00edt\u00f3, Hidrat\u00e1l\u00f3 testbalzsam 5az1\u2013ben 200ml - Eveline Cosmetics Magyarorsz\u00e1g","isPartOf":{"@id":"https:\/\/www.eveline.hu\/2016\/#website"},"primaryImageOfPage":{"@id":"https:\/\/www.eveline.hu\/2016\/eveline-kozmetikumok-szepsegapolas\/szepsegapolas\/testapolas\/brazilian-body-bronzosito-hidratalo-testbalzsam-5az1-ben-200ml\/#primaryimage"},"image":{"@id":"https:\/\/www.eveline.hu\/2016\/eveline-kozmetikumok-szepsegapolas\/szepsegapolas\/testapolas\/brazilian-body-bronzosito-hidratalo-testbalzsam-5az1-ben-200ml\/#primaryimage"},"thumbnailUrl":"https:\/\/www.eveline.hu\/2016\/wp-content\/uploads\/2020\/07\/BRAZILIAN-Body-Luxus-5in1-arany-testkiemel\u0151.docx-w.png","datePublished":"2020-07-21T07:42:07+00:00","dateModified":"2022-12-26T20:27:46+00:00","breadcrumb":{"@id":"https:\/\/www.eveline.hu\/2016\/eveline-kozmetikumok-szepsegapolas\/szepsegapolas\/testapolas\/brazilian-body-bronzosito-hidratalo-testbalzsam-5az1-ben-200ml\/#breadcrumb"},"inLanguage":"hu","potentialAction":[{"@type":"ReadAction","target":["https:\/\/www.eveline.hu\/2016\/eveline-kozmetikumok-szepsegapolas\/szepsegapolas\/testapolas\/brazilian-body-bronzosito-hidratalo-testbalzsam-5az1-ben-200ml\/"]}]},{"@type":"ImageObject","inLanguage":"hu","@id":"https:\/\/www.eveline.hu\/2016\/eveline-kozmetikumok-szepsegapolas\/szepsegapolas\/testapolas\/brazilian-body-bronzosito-hidratalo-testbalzsam-5az1-ben-200ml\/#primaryimage","url":"https:\/\/www.eveline.hu\/2016\/wp-content\/uploads\/2020\/07\/BRAZILIAN-Body-Luxus-5in1-arany-testkiemel\u0151.docx-w.png","contentUrl":"https:\/\/www.eveline.hu\/2016\/wp-content\/uploads\/2020\/07\/BRAZILIAN-Body-Luxus-5in1-arany-testkiemel\u0151.docx-w.png","width":750,"height":750},{"@type":"BreadcrumbList","@id":"https:\/\/www.eveline.hu\/2016\/eveline-kozmetikumok-szepsegapolas\/szepsegapolas\/testapolas\/brazilian-body-bronzosito-hidratalo-testbalzsam-5az1-ben-200ml\/#breadcrumb","itemListElement":[{"@type":"ListItem","position":1,"name":"Home","item":"https:\/\/www.eveline.hu\/2016\/"},{"@type":"ListItem","position":2,"name":"Term\u00e9kek","item":"https:\/\/www.eveline.hu\/2016\/shop\/"},{"@type":"ListItem","position":3,"name":"BRAZILIAN Body Bronzos\u00edt\u00f3, Hidrat\u00e1l\u00f3 testbalzsam 5az1\u2013ben 200ml"}]},{"@type":"WebSite","@id":"https:\/\/www.eveline.hu\/2016\/#website","url":"https:\/\/www.eveline.hu\/2016\/","name":"Eveline Cosmetics Magyarorsz\u00e1g","description":"Min\u0151s\u00e9gi kozmetikumok Lengyelorsz\u00e1gb\u00f3l","potentialAction":[{"@type":"SearchAction","target":{"@type":"EntryPoint","urlTemplate":"https:\/\/www.eveline.hu\/2016\/?s={search_term_string}"},"query-input":"required name=search_term_string"}],"inLanguage":"hu"}]}},"_links":{"self":[{"href":"https:\/\/www.eveline.hu\/2016\/wp-json\/wp\/v2\/product\/25668"}],"collection":[{"href":"https:\/\/www.eveline.hu\/2016\/wp-json\/wp\/v2\/product"}],"about":[{"href":"https:\/\/www.eveline.hu\/2016\/wp-json\/wp\/v2\/types\/product"}],"replies":[{"embeddable":true,"href":"https:\/\/www.eveline.hu\/2016\/wp-json\/wp\/v2\/comments?post=25668"}],"wp:featuredmedia":[{"embeddable":true,"href":"https:\/\/www.eveline.hu\/2016\/wp-json\/wp\/v2\/media\/25669"}],"wp:attachment":[{"href":"https:\/\/www.eveline.hu\/2016\/wp-json\/wp\/v2\/media?parent=25668"}],"wp:term":[{"taxonomy":"product_cat","embeddable":true,"href":"https:\/\/www.eveline.hu\/2016\/wp-json\/wp\/v2\/product_cat?post=25668"},{"taxonomy":"product_tag","embeddable":true,"href":"https:\/\/www.eveline.hu\/2016\/wp-json\/wp\/v2\/product_tag?post=25668"}],"curies":[{"name":"wp","href":"https:\/\/api.w.org\/{rel}","templated":true}]}}