{"id":25636,"date":"2020-07-15T07:49:38","date_gmt":"2020-07-15T05:49:38","guid":{"rendered":"https:\/\/www.eveline.hu\/2016\/?post_type=product&#038;p=25636"},"modified":"2023-10-31T02:03:29","modified_gmt":"2023-10-31T01:03:29","slug":"natural-aloe-vera-99-250ml","status":"publish","type":"product","link":"https:\/\/www.eveline.hu\/2016\/eveline-kozmetikumok-szepsegapolas\/szepsegapolas\/arcapolas\/natural-aloe-vera-99-250ml\/","title":{"rendered":"Natural Aloe Vera 99% 250ml"},"content":{"rendered":"<p>Multifunkcion\u00e1lis g\u00e9l testre \u00e9s arcra<\/p>\n<p>h\u0171s\u00edt\u0151 hat\u00e1s, sz\u00e1raz, nagyon sz\u00e1raz \u00e9s irrit\u00e1lt b\u0151rre<\/p>\n<p>M\u00e9lyen hidrat\u00e1l, kisim\u00edtja \u00e9s puh\u00edtja a b\u0151rt, regener\u00e1l \u00e9s nyugtat.<\/p>\n<p>A koreai b\u0151r\u00e1pol\u00e1s ihlette g\u00e9l, helyettes\u00edtheti mind a test\u00e1pol\u00f3t, mind az arckr\u00e9met. A hidrog\u00e9l, univerz\u00e1lis formula nyugtat\u00f3-hidrat\u00e1l\u00f3 borogat\u00e1sk\u00e9nt m\u0171k\u00f6dik, amely friss\u00edt \u00e9s nyugtat. Az innovat\u00edv ALOE HYDRA-DEEP SYSTEM \u2122 seg\u00edts\u00e9g\u00e9vel a h\u0171s\u00edt\u0151g\u00e9l azonnal megnyugtatja az irrit\u00e1lt b\u0151rt \u00e9s felgyors\u00edtja az epidermisz regener\u00e1ci\u00f3s folyamatait.<br \/>\nA 99%-os aloe vera a b\u0151r sz\u00e1m\u00e1ra n\u00e9lk\u00fcl\u00f6zhetetlen \u00a0A, C \u00e9s E vitaminokat, oligoelemeket \u00e9s aminosavakat tartalmaz, amelyek rugalmass\u00e1 \u00e9s er\u0151sebb\u00e9 teszik az epidermiszt. Az aloe gondoskodik a b\u0151r term\u00e9szetes v\u00e9delmi r\u00e9teg\u00e9r\u0151l, \u00edgy n\u00f6veli annak ellen\u00e1ll\u00f3 k\u00e9pess\u00e9g\u00e9t a k\u00e1ros k\u00fcls\u0151 t\u00e9nyez\u0151kkel szemben.<br \/>\n-sikeresen helyettes\u00edti a test\u00e1pol\u00f3t &#8211; hidrat\u00e1l \u00e9s kisim\u00edt, nem marad zs\u00edros filmr\u00e9teg<br \/>\n-hidrat\u00e1l\u00f3 kr\u00e9mk\u00e9nt hat, azonnal enyh\u00edti a sz\u00e1raz b\u0151rt \u00e9s megnyugtatja az irrit\u00e1ci\u00f3t<br \/>\n-nyugtat\u00f3 maszkk\u00e9nt haszn\u00e1lhat\u00f3, felgyors\u00edtja az epidermisz regener\u00e1ci\u00f3s folyamatait<br \/>\n-t\u00f6k\u00e9letes megk\u00f6nnyebb\u00fcl\u00e9st k\u00edn\u00e1l napoz\u00e1s, sz\u0151rtelen\u00edt\u00e9s \u00e9s borotv\u00e1lkoz\u00e1s ut\u00e1n, kellemes h\u0171s\u00edt\u0151 \u00e9rz\u00e9st ny\u00fajt a b\u0151r\u00f6n.<br \/>\n-helyettes\u00edtheti a nyugtat\u00f3 arcsz\u00e9rumot.<\/p>\n","protected":false},"excerpt":{"rendered":"<p>250ml\u00a0 ( 7260 Ft\/l )<\/p>\n","protected":false},"featured_media":25637,"comment_status":"open","ping_status":"closed","template":"","meta":[],"product_cat":[125,126,127],"product_tag":[],"yoast_head":"<!-- This site is optimized with the Yoast SEO plugin v22.2 - https:\/\/yoast.com\/wordpress\/plugins\/seo\/ -->\n<title>Natural Aloe Vera 99% 250ml - Eveline Cosmetics Magyarorsz\u00e1g<\/title>\n<meta name=\"robots\" content=\"index, follow, max-snippet:-1, max-image-preview:large, max-video-preview:-1\" \/>\n<link rel=\"canonical\" href=\"https:\/\/www.eveline.hu\/2016\/eveline-kozmetikumok-szepsegapolas\/szepsegapolas\/arcapolas\/natural-aloe-vera-99-250ml\/\" \/>\n<meta property=\"og:locale\" content=\"hu_HU\" \/>\n<meta property=\"og:type\" content=\"article\" \/>\n<meta property=\"og:title\" content=\"Natural Aloe Vera 99% 250ml - Eveline Cosmetics Magyarorsz\u00e1g\" \/>\n<meta property=\"og:description\" content=\"250ml\u00a0 ( 7260 Ft\/l )\" \/>\n<meta property=\"og:url\" content=\"https:\/\/www.eveline.hu\/2016\/eveline-kozmetikumok-szepsegapolas\/szepsegapolas\/arcapolas\/natural-aloe-vera-99-250ml\/\" \/>\n<meta property=\"og:site_name\" content=\"Eveline Cosmetics Magyarorsz\u00e1g\" \/>\n<meta property=\"article:modified_time\" content=\"2023-10-31T01:03:29+00:00\" \/>\n<meta property=\"og:image\" content=\"https:\/\/www.eveline.hu\/2016\/wp-content\/uploads\/2020\/07\/Aloe-Vera-g\u00e9l-99-w.png\" \/>\n\t<meta property=\"og:image:width\" content=\"750\" \/>\n\t<meta property=\"og:image:height\" content=\"750\" \/>\n\t<meta property=\"og:image:type\" content=\"image\/png\" \/>\n<meta name=\"twitter:card\" content=\"summary_large_image\" \/>\n<meta name=\"twitter:label1\" content=\"Becs\u00fclt olvas\u00e1si id\u0151\" \/>\n\t<meta name=\"twitter:data1\" content=\"1 perc\" \/>\n<script type=\"application\/ld+json\" class=\"yoast-schema-graph\">{\"@context\":\"https:\/\/schema.org\",\"@graph\":[{\"@type\":\"WebPage\",\"@id\":\"https:\/\/www.eveline.hu\/2016\/eveline-kozmetikumok-szepsegapolas\/szepsegapolas\/arcapolas\/natural-aloe-vera-99-250ml\/\",\"url\":\"https:\/\/www.eveline.hu\/2016\/eveline-kozmetikumok-szepsegapolas\/szepsegapolas\/arcapolas\/natural-aloe-vera-99-250ml\/\",\"name\":\"Natural Aloe Vera 99% 250ml - Eveline Cosmetics Magyarorsz\u00e1g\",\"isPartOf\":{\"@id\":\"https:\/\/www.eveline.hu\/2016\/#website\"},\"primaryImageOfPage\":{\"@id\":\"https:\/\/www.eveline.hu\/2016\/eveline-kozmetikumok-szepsegapolas\/szepsegapolas\/arcapolas\/natural-aloe-vera-99-250ml\/#primaryimage\"},\"image\":{\"@id\":\"https:\/\/www.eveline.hu\/2016\/eveline-kozmetikumok-szepsegapolas\/szepsegapolas\/arcapolas\/natural-aloe-vera-99-250ml\/#primaryimage\"},\"thumbnailUrl\":\"https:\/\/www.eveline.hu\/2016\/wp-content\/uploads\/2020\/07\/Aloe-Vera-g\u00e9l-99-w.png\",\"datePublished\":\"2020-07-15T05:49:38+00:00\",\"dateModified\":\"2023-10-31T01:03:29+00:00\",\"breadcrumb\":{\"@id\":\"https:\/\/www.eveline.hu\/2016\/eveline-kozmetikumok-szepsegapolas\/szepsegapolas\/arcapolas\/natural-aloe-vera-99-250ml\/#breadcrumb\"},\"inLanguage\":\"hu\",\"potentialAction\":[{\"@type\":\"ReadAction\",\"target\":[\"https:\/\/www.eveline.hu\/2016\/eveline-kozmetikumok-szepsegapolas\/szepsegapolas\/arcapolas\/natural-aloe-vera-99-250ml\/\"]}]},{\"@type\":\"ImageObject\",\"inLanguage\":\"hu\",\"@id\":\"https:\/\/www.eveline.hu\/2016\/eveline-kozmetikumok-szepsegapolas\/szepsegapolas\/arcapolas\/natural-aloe-vera-99-250ml\/#primaryimage\",\"url\":\"https:\/\/www.eveline.hu\/2016\/wp-content\/uploads\/2020\/07\/Aloe-Vera-g\u00e9l-99-w.png\",\"contentUrl\":\"https:\/\/www.eveline.hu\/2016\/wp-content\/uploads\/2020\/07\/Aloe-Vera-g\u00e9l-99-w.png\",\"width\":750,\"height\":750},{\"@type\":\"BreadcrumbList\",\"@id\":\"https:\/\/www.eveline.hu\/2016\/eveline-kozmetikumok-szepsegapolas\/szepsegapolas\/arcapolas\/natural-aloe-vera-99-250ml\/#breadcrumb\",\"itemListElement\":[{\"@type\":\"ListItem\",\"position\":1,\"name\":\"Home\",\"item\":\"https:\/\/www.eveline.hu\/2016\/\"},{\"@type\":\"ListItem\",\"position\":2,\"name\":\"Term\u00e9kek\",\"item\":\"https:\/\/www.eveline.hu\/2016\/shop\/\"},{\"@type\":\"ListItem\",\"position\":3,\"name\":\"Natural Aloe Vera 99% 250ml\"}]},{\"@type\":\"WebSite\",\"@id\":\"https:\/\/www.eveline.hu\/2016\/#website\",\"url\":\"https:\/\/www.eveline.hu\/2016\/\",\"name\":\"Eveline Cosmetics Magyarorsz\u00e1g\",\"description\":\"Min\u0151s\u00e9gi kozmetikumok Lengyelorsz\u00e1gb\u00f3l\",\"potentialAction\":[{\"@type\":\"SearchAction\",\"target\":{\"@type\":\"EntryPoint\",\"urlTemplate\":\"https:\/\/www.eveline.hu\/2016\/?s={search_term_string}\"},\"query-input\":\"required name=search_term_string\"}],\"inLanguage\":\"hu\"}]}<\/script>\n<!-- \/ Yoast SEO plugin. -->","yoast_head_json":{"title":"Natural Aloe Vera 99% 250ml - Eveline Cosmetics Magyarorsz\u00e1g","robots":{"index":"index","follow":"follow","max-snippet":"max-snippet:-1","max-image-preview":"max-image-preview:large","max-video-preview":"max-video-preview:-1"},"canonical":"https:\/\/www.eveline.hu\/2016\/eveline-kozmetikumok-szepsegapolas\/szepsegapolas\/arcapolas\/natural-aloe-vera-99-250ml\/","og_locale":"hu_HU","og_type":"article","og_title":"Natural Aloe Vera 99% 250ml - Eveline Cosmetics Magyarorsz\u00e1g","og_description":"250ml\u00a0 ( 7260 Ft\/l )","og_url":"https:\/\/www.eveline.hu\/2016\/eveline-kozmetikumok-szepsegapolas\/szepsegapolas\/arcapolas\/natural-aloe-vera-99-250ml\/","og_site_name":"Eveline Cosmetics Magyarorsz\u00e1g","article_modified_time":"2023-10-31T01:03:29+00:00","og_image":[{"width":750,"height":750,"url":"https:\/\/www.eveline.hu\/2016\/wp-content\/uploads\/2020\/07\/Aloe-Vera-g\u00e9l-99-w.png","type":"image\/png"}],"twitter_card":"summary_large_image","twitter_misc":{"Becs\u00fclt olvas\u00e1si id\u0151":"1 perc"},"schema":{"@context":"https:\/\/schema.org","@graph":[{"@type":"WebPage","@id":"https:\/\/www.eveline.hu\/2016\/eveline-kozmetikumok-szepsegapolas\/szepsegapolas\/arcapolas\/natural-aloe-vera-99-250ml\/","url":"https:\/\/www.eveline.hu\/2016\/eveline-kozmetikumok-szepsegapolas\/szepsegapolas\/arcapolas\/natural-aloe-vera-99-250ml\/","name":"Natural Aloe Vera 99% 250ml - Eveline Cosmetics Magyarorsz\u00e1g","isPartOf":{"@id":"https:\/\/www.eveline.hu\/2016\/#website"},"primaryImageOfPage":{"@id":"https:\/\/www.eveline.hu\/2016\/eveline-kozmetikumok-szepsegapolas\/szepsegapolas\/arcapolas\/natural-aloe-vera-99-250ml\/#primaryimage"},"image":{"@id":"https:\/\/www.eveline.hu\/2016\/eveline-kozmetikumok-szepsegapolas\/szepsegapolas\/arcapolas\/natural-aloe-vera-99-250ml\/#primaryimage"},"thumbnailUrl":"https:\/\/www.eveline.hu\/2016\/wp-content\/uploads\/2020\/07\/Aloe-Vera-g\u00e9l-99-w.png","datePublished":"2020-07-15T05:49:38+00:00","dateModified":"2023-10-31T01:03:29+00:00","breadcrumb":{"@id":"https:\/\/www.eveline.hu\/2016\/eveline-kozmetikumok-szepsegapolas\/szepsegapolas\/arcapolas\/natural-aloe-vera-99-250ml\/#breadcrumb"},"inLanguage":"hu","potentialAction":[{"@type":"ReadAction","target":["https:\/\/www.eveline.hu\/2016\/eveline-kozmetikumok-szepsegapolas\/szepsegapolas\/arcapolas\/natural-aloe-vera-99-250ml\/"]}]},{"@type":"ImageObject","inLanguage":"hu","@id":"https:\/\/www.eveline.hu\/2016\/eveline-kozmetikumok-szepsegapolas\/szepsegapolas\/arcapolas\/natural-aloe-vera-99-250ml\/#primaryimage","url":"https:\/\/www.eveline.hu\/2016\/wp-content\/uploads\/2020\/07\/Aloe-Vera-g\u00e9l-99-w.png","contentUrl":"https:\/\/www.eveline.hu\/2016\/wp-content\/uploads\/2020\/07\/Aloe-Vera-g\u00e9l-99-w.png","width":750,"height":750},{"@type":"BreadcrumbList","@id":"https:\/\/www.eveline.hu\/2016\/eveline-kozmetikumok-szepsegapolas\/szepsegapolas\/arcapolas\/natural-aloe-vera-99-250ml\/#breadcrumb","itemListElement":[{"@type":"ListItem","position":1,"name":"Home","item":"https:\/\/www.eveline.hu\/2016\/"},{"@type":"ListItem","position":2,"name":"Term\u00e9kek","item":"https:\/\/www.eveline.hu\/2016\/shop\/"},{"@type":"ListItem","position":3,"name":"Natural Aloe Vera 99% 250ml"}]},{"@type":"WebSite","@id":"https:\/\/www.eveline.hu\/2016\/#website","url":"https:\/\/www.eveline.hu\/2016\/","name":"Eveline Cosmetics Magyarorsz\u00e1g","description":"Min\u0151s\u00e9gi kozmetikumok Lengyelorsz\u00e1gb\u00f3l","potentialAction":[{"@type":"SearchAction","target":{"@type":"EntryPoint","urlTemplate":"https:\/\/www.eveline.hu\/2016\/?s={search_term_string}"},"query-input":"required name=search_term_string"}],"inLanguage":"hu"}]}},"_links":{"self":[{"href":"https:\/\/www.eveline.hu\/2016\/wp-json\/wp\/v2\/product\/25636"}],"collection":[{"href":"https:\/\/www.eveline.hu\/2016\/wp-json\/wp\/v2\/product"}],"about":[{"href":"https:\/\/www.eveline.hu\/2016\/wp-json\/wp\/v2\/types\/product"}],"replies":[{"embeddable":true,"href":"https:\/\/www.eveline.hu\/2016\/wp-json\/wp\/v2\/comments?post=25636"}],"wp:featuredmedia":[{"embeddable":true,"href":"https:\/\/www.eveline.hu\/2016\/wp-json\/wp\/v2\/media\/25637"}],"wp:attachment":[{"href":"https:\/\/www.eveline.hu\/2016\/wp-json\/wp\/v2\/media?parent=25636"}],"wp:term":[{"taxonomy":"product_cat","embeddable":true,"href":"https:\/\/www.eveline.hu\/2016\/wp-json\/wp\/v2\/product_cat?post=25636"},{"taxonomy":"product_tag","embeddable":true,"href":"https:\/\/www.eveline.hu\/2016\/wp-json\/wp\/v2\/product_tag?post=25636"}],"curies":[{"name":"wp","href":"https:\/\/api.w.org\/{rel}","templated":true}]}}