{"id":25337,"date":"2020-04-27T08:36:50","date_gmt":"2020-04-27T06:36:50","guid":{"rendered":"https:\/\/www.eveline.hu\/2016\/?post_type=product&#038;p=25337"},"modified":"2022-12-28T11:07:35","modified_gmt":"2022-12-28T10:07:35","slug":"kajal-black-szemceruza","status":"publish","type":"product","link":"https:\/\/www.eveline.hu\/2016\/eveline-kozmetikumok-szepsegapolas\/smink\/szem\/szemceruzak\/kajal-black-szemceruza\/","title":{"rendered":"KAJAL Black szemceruza"},"content":{"rendered":"<p>K\u00f6nny\u0171 felhordani, a puha text\u00fara lehet\u0151v\u00e9 teszi, hogy sminkk\u00e9sz\u00edt\u00e9st egyetlen mozdulattal. Hosszantart\u00f3 hat\u00e1s &#8211; a ceruza nem ken\u0151dik, nem t\u00f6rik el.<\/p>\n<p>\u00d6sszetev\u0151k:Cera Alba, Copernicia Cerifera Cera, Ozokerite, Petrolatum, Ricinus Communis Seed Oil, Phenoxyethanol, Sorbic Acid, CI 77499.<\/p>\n","protected":false},"excerpt":{"rendered":"<p>K\u00f6nny\u0171 felhordani, a puha text\u00fara lehet\u0151v\u00e9 teszi, hogy sminkk\u00e9sz\u00edt\u00e9st egyetlen mozdulattal. Hosszantart\u00f3 hat\u00e1s &#8211; a ceruza nem ken\u0151dik, nem t\u00f6rik el. \u00d6sszetev\u0151k:Cera Alba, Copernicia Cerifera Cera, Ozokerite, Petrolatum, Ricinus Communis Seed Oil, Phenoxyethanol, Sorbic Acid, CI 77499.<\/p>\n","protected":false},"featured_media":25338,"comment_status":"open","ping_status":"closed","template":"","meta":[],"product_cat":[130,132,150],"product_tag":[],"yoast_head":"<!-- This site is optimized with the Yoast SEO plugin v22.2 - https:\/\/yoast.com\/wordpress\/plugins\/seo\/ -->\n<title>KAJAL Black szemceruza - Eveline Cosmetics Magyarorsz\u00e1g<\/title>\n<meta name=\"robots\" content=\"index, follow, max-snippet:-1, max-image-preview:large, max-video-preview:-1\" \/>\n<link rel=\"canonical\" href=\"https:\/\/www.eveline.hu\/2016\/eveline-kozmetikumok-szepsegapolas\/smink\/szem\/szemceruzak\/kajal-black-szemceruza\/\" \/>\n<meta property=\"og:locale\" content=\"hu_HU\" \/>\n<meta property=\"og:type\" content=\"article\" \/>\n<meta property=\"og:title\" content=\"KAJAL Black szemceruza - Eveline Cosmetics Magyarorsz\u00e1g\" \/>\n<meta property=\"og:description\" content=\"K\u00f6nny\u0171 felhordani, a puha text\u00fara lehet\u0151v\u00e9 teszi, hogy sminkk\u00e9sz\u00edt\u00e9st egyetlen mozdulattal. Hosszantart\u00f3 hat\u00e1s &#8211; a ceruza nem ken\u0151dik, nem t\u00f6rik el. \u00d6sszetev\u0151k:Cera Alba, Copernicia Cerifera Cera, Ozokerite, Petrolatum, Ricinus Communis Seed Oil, Phenoxyethanol, Sorbic Acid, CI 77499.\" \/>\n<meta property=\"og:url\" content=\"https:\/\/www.eveline.hu\/2016\/eveline-kozmetikumok-szepsegapolas\/smink\/szem\/szemceruzak\/kajal-black-szemceruza\/\" \/>\n<meta property=\"og:site_name\" content=\"Eveline Cosmetics Magyarorsz\u00e1g\" \/>\n<meta property=\"article:modified_time\" content=\"2022-12-28T10:07:35+00:00\" \/>\n<meta property=\"og:image\" content=\"https:\/\/www.eveline.hu\/2016\/wp-content\/uploads\/2020\/04\/JMKKRKAJCZ-5901761915112-KAJAL-PENCIL-EYELINER-BLACK-w.png\" \/>\n\t<meta property=\"og:image:width\" content=\"750\" \/>\n\t<meta property=\"og:image:height\" content=\"750\" \/>\n\t<meta property=\"og:image:type\" content=\"image\/png\" \/>\n<meta name=\"twitter:card\" content=\"summary_large_image\" \/>\n<script type=\"application\/ld+json\" class=\"yoast-schema-graph\">{\"@context\":\"https:\/\/schema.org\",\"@graph\":[{\"@type\":\"WebPage\",\"@id\":\"https:\/\/www.eveline.hu\/2016\/eveline-kozmetikumok-szepsegapolas\/smink\/szem\/szemceruzak\/kajal-black-szemceruza\/\",\"url\":\"https:\/\/www.eveline.hu\/2016\/eveline-kozmetikumok-szepsegapolas\/smink\/szem\/szemceruzak\/kajal-black-szemceruza\/\",\"name\":\"KAJAL Black szemceruza - Eveline Cosmetics Magyarorsz\u00e1g\",\"isPartOf\":{\"@id\":\"https:\/\/www.eveline.hu\/2016\/#website\"},\"primaryImageOfPage\":{\"@id\":\"https:\/\/www.eveline.hu\/2016\/eveline-kozmetikumok-szepsegapolas\/smink\/szem\/szemceruzak\/kajal-black-szemceruza\/#primaryimage\"},\"image\":{\"@id\":\"https:\/\/www.eveline.hu\/2016\/eveline-kozmetikumok-szepsegapolas\/smink\/szem\/szemceruzak\/kajal-black-szemceruza\/#primaryimage\"},\"thumbnailUrl\":\"https:\/\/www.eveline.hu\/2016\/wp-content\/uploads\/2020\/04\/JMKKRKAJCZ-5901761915112-KAJAL-PENCIL-EYELINER-BLACK-w.png\",\"datePublished\":\"2020-04-27T06:36:50+00:00\",\"dateModified\":\"2022-12-28T10:07:35+00:00\",\"breadcrumb\":{\"@id\":\"https:\/\/www.eveline.hu\/2016\/eveline-kozmetikumok-szepsegapolas\/smink\/szem\/szemceruzak\/kajal-black-szemceruza\/#breadcrumb\"},\"inLanguage\":\"hu\",\"potentialAction\":[{\"@type\":\"ReadAction\",\"target\":[\"https:\/\/www.eveline.hu\/2016\/eveline-kozmetikumok-szepsegapolas\/smink\/szem\/szemceruzak\/kajal-black-szemceruza\/\"]}]},{\"@type\":\"ImageObject\",\"inLanguage\":\"hu\",\"@id\":\"https:\/\/www.eveline.hu\/2016\/eveline-kozmetikumok-szepsegapolas\/smink\/szem\/szemceruzak\/kajal-black-szemceruza\/#primaryimage\",\"url\":\"https:\/\/www.eveline.hu\/2016\/wp-content\/uploads\/2020\/04\/JMKKRKAJCZ-5901761915112-KAJAL-PENCIL-EYELINER-BLACK-w.png\",\"contentUrl\":\"https:\/\/www.eveline.hu\/2016\/wp-content\/uploads\/2020\/04\/JMKKRKAJCZ-5901761915112-KAJAL-PENCIL-EYELINER-BLACK-w.png\",\"width\":750,\"height\":750},{\"@type\":\"BreadcrumbList\",\"@id\":\"https:\/\/www.eveline.hu\/2016\/eveline-kozmetikumok-szepsegapolas\/smink\/szem\/szemceruzak\/kajal-black-szemceruza\/#breadcrumb\",\"itemListElement\":[{\"@type\":\"ListItem\",\"position\":1,\"name\":\"Home\",\"item\":\"https:\/\/www.eveline.hu\/2016\/\"},{\"@type\":\"ListItem\",\"position\":2,\"name\":\"Term\u00e9kek\",\"item\":\"https:\/\/www.eveline.hu\/2016\/shop\/\"},{\"@type\":\"ListItem\",\"position\":3,\"name\":\"KAJAL Black szemceruza\"}]},{\"@type\":\"WebSite\",\"@id\":\"https:\/\/www.eveline.hu\/2016\/#website\",\"url\":\"https:\/\/www.eveline.hu\/2016\/\",\"name\":\"Eveline Cosmetics Magyarorsz\u00e1g\",\"description\":\"Min\u0151s\u00e9gi kozmetikumok Lengyelorsz\u00e1gb\u00f3l\",\"potentialAction\":[{\"@type\":\"SearchAction\",\"target\":{\"@type\":\"EntryPoint\",\"urlTemplate\":\"https:\/\/www.eveline.hu\/2016\/?s={search_term_string}\"},\"query-input\":\"required name=search_term_string\"}],\"inLanguage\":\"hu\"}]}<\/script>\n<!-- \/ Yoast SEO plugin. -->","yoast_head_json":{"title":"KAJAL Black szemceruza - Eveline Cosmetics Magyarorsz\u00e1g","robots":{"index":"index","follow":"follow","max-snippet":"max-snippet:-1","max-image-preview":"max-image-preview:large","max-video-preview":"max-video-preview:-1"},"canonical":"https:\/\/www.eveline.hu\/2016\/eveline-kozmetikumok-szepsegapolas\/smink\/szem\/szemceruzak\/kajal-black-szemceruza\/","og_locale":"hu_HU","og_type":"article","og_title":"KAJAL Black szemceruza - Eveline Cosmetics Magyarorsz\u00e1g","og_description":"K\u00f6nny\u0171 felhordani, a puha text\u00fara lehet\u0151v\u00e9 teszi, hogy sminkk\u00e9sz\u00edt\u00e9st egyetlen mozdulattal. Hosszantart\u00f3 hat\u00e1s &#8211; a ceruza nem ken\u0151dik, nem t\u00f6rik el. \u00d6sszetev\u0151k:Cera Alba, Copernicia Cerifera Cera, Ozokerite, Petrolatum, Ricinus Communis Seed Oil, Phenoxyethanol, Sorbic Acid, CI 77499.","og_url":"https:\/\/www.eveline.hu\/2016\/eveline-kozmetikumok-szepsegapolas\/smink\/szem\/szemceruzak\/kajal-black-szemceruza\/","og_site_name":"Eveline Cosmetics Magyarorsz\u00e1g","article_modified_time":"2022-12-28T10:07:35+00:00","og_image":[{"width":750,"height":750,"url":"https:\/\/www.eveline.hu\/2016\/wp-content\/uploads\/2020\/04\/JMKKRKAJCZ-5901761915112-KAJAL-PENCIL-EYELINER-BLACK-w.png","type":"image\/png"}],"twitter_card":"summary_large_image","schema":{"@context":"https:\/\/schema.org","@graph":[{"@type":"WebPage","@id":"https:\/\/www.eveline.hu\/2016\/eveline-kozmetikumok-szepsegapolas\/smink\/szem\/szemceruzak\/kajal-black-szemceruza\/","url":"https:\/\/www.eveline.hu\/2016\/eveline-kozmetikumok-szepsegapolas\/smink\/szem\/szemceruzak\/kajal-black-szemceruza\/","name":"KAJAL Black szemceruza - Eveline Cosmetics Magyarorsz\u00e1g","isPartOf":{"@id":"https:\/\/www.eveline.hu\/2016\/#website"},"primaryImageOfPage":{"@id":"https:\/\/www.eveline.hu\/2016\/eveline-kozmetikumok-szepsegapolas\/smink\/szem\/szemceruzak\/kajal-black-szemceruza\/#primaryimage"},"image":{"@id":"https:\/\/www.eveline.hu\/2016\/eveline-kozmetikumok-szepsegapolas\/smink\/szem\/szemceruzak\/kajal-black-szemceruza\/#primaryimage"},"thumbnailUrl":"https:\/\/www.eveline.hu\/2016\/wp-content\/uploads\/2020\/04\/JMKKRKAJCZ-5901761915112-KAJAL-PENCIL-EYELINER-BLACK-w.png","datePublished":"2020-04-27T06:36:50+00:00","dateModified":"2022-12-28T10:07:35+00:00","breadcrumb":{"@id":"https:\/\/www.eveline.hu\/2016\/eveline-kozmetikumok-szepsegapolas\/smink\/szem\/szemceruzak\/kajal-black-szemceruza\/#breadcrumb"},"inLanguage":"hu","potentialAction":[{"@type":"ReadAction","target":["https:\/\/www.eveline.hu\/2016\/eveline-kozmetikumok-szepsegapolas\/smink\/szem\/szemceruzak\/kajal-black-szemceruza\/"]}]},{"@type":"ImageObject","inLanguage":"hu","@id":"https:\/\/www.eveline.hu\/2016\/eveline-kozmetikumok-szepsegapolas\/smink\/szem\/szemceruzak\/kajal-black-szemceruza\/#primaryimage","url":"https:\/\/www.eveline.hu\/2016\/wp-content\/uploads\/2020\/04\/JMKKRKAJCZ-5901761915112-KAJAL-PENCIL-EYELINER-BLACK-w.png","contentUrl":"https:\/\/www.eveline.hu\/2016\/wp-content\/uploads\/2020\/04\/JMKKRKAJCZ-5901761915112-KAJAL-PENCIL-EYELINER-BLACK-w.png","width":750,"height":750},{"@type":"BreadcrumbList","@id":"https:\/\/www.eveline.hu\/2016\/eveline-kozmetikumok-szepsegapolas\/smink\/szem\/szemceruzak\/kajal-black-szemceruza\/#breadcrumb","itemListElement":[{"@type":"ListItem","position":1,"name":"Home","item":"https:\/\/www.eveline.hu\/2016\/"},{"@type":"ListItem","position":2,"name":"Term\u00e9kek","item":"https:\/\/www.eveline.hu\/2016\/shop\/"},{"@type":"ListItem","position":3,"name":"KAJAL Black szemceruza"}]},{"@type":"WebSite","@id":"https:\/\/www.eveline.hu\/2016\/#website","url":"https:\/\/www.eveline.hu\/2016\/","name":"Eveline Cosmetics Magyarorsz\u00e1g","description":"Min\u0151s\u00e9gi kozmetikumok Lengyelorsz\u00e1gb\u00f3l","potentialAction":[{"@type":"SearchAction","target":{"@type":"EntryPoint","urlTemplate":"https:\/\/www.eveline.hu\/2016\/?s={search_term_string}"},"query-input":"required name=search_term_string"}],"inLanguage":"hu"}]}},"_links":{"self":[{"href":"https:\/\/www.eveline.hu\/2016\/wp-json\/wp\/v2\/product\/25337"}],"collection":[{"href":"https:\/\/www.eveline.hu\/2016\/wp-json\/wp\/v2\/product"}],"about":[{"href":"https:\/\/www.eveline.hu\/2016\/wp-json\/wp\/v2\/types\/product"}],"replies":[{"embeddable":true,"href":"https:\/\/www.eveline.hu\/2016\/wp-json\/wp\/v2\/comments?post=25337"}],"wp:featuredmedia":[{"embeddable":true,"href":"https:\/\/www.eveline.hu\/2016\/wp-json\/wp\/v2\/media\/25338"}],"wp:attachment":[{"href":"https:\/\/www.eveline.hu\/2016\/wp-json\/wp\/v2\/media?parent=25337"}],"wp:term":[{"taxonomy":"product_cat","embeddable":true,"href":"https:\/\/www.eveline.hu\/2016\/wp-json\/wp\/v2\/product_cat?post=25337"},{"taxonomy":"product_tag","embeddable":true,"href":"https:\/\/www.eveline.hu\/2016\/wp-json\/wp\/v2\/product_tag?post=25337"}],"curies":[{"name":"wp","href":"https:\/\/api.w.org\/{rel}","templated":true}]}}