{"id":25206,"date":"2020-04-04T18:48:55","date_gmt":"2020-04-04T16:48:55","guid":{"rendered":"https:\/\/www.eveline.hu\/2016\/?post_type=product&#038;p=25206"},"modified":"2022-12-28T16:27:47","modified_gmt":"2022-12-28T15:27:47","slug":"bio-vegan-koromapolo-olaj-12ml","status":"publish","type":"product","link":"https:\/\/www.eveline.hu\/2016\/eveline-kozmetikumok-szepsegapolas\/smink\/korom\/koromerositok\/bio-vegan-koromapolo-olaj-12ml\/","title":{"rendered":"BIO VEGAN  k\u00f6r\u00f6m\u00e1pol\u00f3 olaj 12ml"},"content":{"rendered":"<p>K\u00f6r\u00f6m \u00e9s k\u00f6r\u00f6m\u00e1gyb\u0151r napi \u00e1pol\u00e1s\u00e1ra<\/p>\n<p>A multi t\u00e1pl\u00e1l\u00f3 k\u00f6r\u00f6m- \u00e9s k\u00f6r\u00f6m\u00e1gyb\u0151r olaj \u00a0professzion\u00e1lis napi \u00e1pol\u00e1si term\u00e9k, amely jav\u00edtja a k\u00f6r\u00f6m\u00e1gyb\u0151r \u00a0\u00e1llapot\u00e1t, \u00e9s ragyog\u00e1st ad k\u00f6r\u00f6mnek. Biol\u00f3giailag akt\u00edv term\u00e9szetes \u00f6sszetev\u0151ket tartalmaz. Hidegen sajtolt, bio olajok (BIO-avok\u00e1d\u00f3, BIO-jojoba, \u00a0BIO-makad\u00e1mia), vitamin-kokt\u00e9llal d\u00fas\u00edtva, optim\u00e1lis napi \u00e1pol\u00e1st biztos\u00edtanak a gyenge, tompa k\u00f6r\u00f6mnek \u00e9s a finom k\u00f6r\u00f6m\u00e1gyb\u0151r sz\u00e1m\u00e1ra. Az olaj gazdag \u00f6sszet\u00e9tele m\u00e9lyen t\u00e1pl\u00e1lja \u00a0a k\u00f6r\u00f6mlemezt, amely rugalmas \u00e9s f\u00e9nyes lesz. A rendszeres haszn\u00e1lat megakad\u00e1lyozza, hogy a k\u00f6r\u00f6m\u00e1gyb\u0151r beszakadjon \u00e9s a k\u00f6rm\u00f6kre n\u00f6vekedjenek.<\/p>\n<p>RENDSZERES KEZEL\u00c9S:<\/p>\n<ul>\n<li>megakad\u00e1lyozza a sz\u00e1razs\u00e1got \u00e9s l\u00e1gy\u00edtja a k\u00f6r\u00f6m\u00e1gyb\u0151rt<\/li>\n<li>megakad\u00e1lyozza a reped\u00e9st \u00e9s a szakad\u00e1st<\/li>\n<li>t\u00e1pl\u00e1lja \u00e9s megszil\u00e1rd\u00edtja a k\u00f6rm\u00f6ket &#8211; helyre\u00e1ll\u00edtja a vitalit\u00e1st \u00e9s az eg\u00e9szs\u00e9ges ragyog\u00e1st biztos\u00edt 100% veg\u00e1n. \u00c1sv\u00e1nyolajok mentesek. \u00d6sszetev\u0151k:Glycine Soja Oil, Prunus Amygdalus Dulcis Oil, Parfum, Persea Gratissima Oil, Macadamia Integrifolia, Simmondsia Chinensis Seed Oil, Phenoxyethanol, Butyrospermum Parkii Butter, Tocopheryl Acetate, Hydroxystearic Acid, Paranum Liquidum, PEG-8, Tocopherol, Ascorbyl Palmitate, Ascorbic Acid, Citric Acid, Methylparaben, Ethylparaben, Butylparaben, Propylparaben, Linalool, CI 26100, CI 47000.<\/li>\n<\/ul>\n","protected":false},"excerpt":{"rendered":"<p>K\u00f6r\u00f6m \u00e9s k\u00f6r\u00f6m\u00e1gyb\u0151r napi \u00e1pol\u00e1s\u00e1ra A multi t\u00e1pl\u00e1l\u00f3 k\u00f6r\u00f6m- \u00e9s k\u00f6r\u00f6m\u00e1gyb\u0151r olaj \u00a0professzion\u00e1lis napi \u00e1pol\u00e1si term\u00e9k, amely jav\u00edtja a k\u00f6r\u00f6m\u00e1gyb\u0151r \u00a0\u00e1llapot\u00e1t, \u00e9s ragyog\u00e1st ad k\u00f6r\u00f6mnek. Biol\u00f3giailag akt\u00edv term\u00e9szetes \u00f6sszetev\u0151ket tartalmaz. Hidegen sajtolt, bio olajok (BIO-avok\u00e1d\u00f3, BIO-jojoba, \u00a0BIO-makad\u00e1mia), vitamin-kokt\u00e9llal d\u00fas\u00edtva, optim\u00e1lis [&hellip;]<\/p>\n","protected":false},"featured_media":25207,"comment_status":"open","ping_status":"closed","template":"","meta":[],"product_cat":[156,158,125,129,80,113],"product_tag":[],"yoast_head":"<!-- This site is optimized with the Yoast SEO plugin v22.2 - https:\/\/yoast.com\/wordpress\/plugins\/seo\/ -->\n<title>BIO VEGAN k\u00f6r\u00f6m\u00e1pol\u00f3 olaj 12ml - Eveline Cosmetics Magyarorsz\u00e1g<\/title>\n<meta name=\"robots\" content=\"index, follow, max-snippet:-1, max-image-preview:large, max-video-preview:-1\" \/>\n<link rel=\"canonical\" href=\"https:\/\/www.eveline.hu\/2016\/eveline-kozmetikumok-szepsegapolas\/smink\/korom\/koromerositok\/bio-vegan-koromapolo-olaj-12ml\/\" \/>\n<meta property=\"og:locale\" content=\"hu_HU\" \/>\n<meta property=\"og:type\" content=\"article\" \/>\n<meta property=\"og:title\" content=\"BIO VEGAN k\u00f6r\u00f6m\u00e1pol\u00f3 olaj 12ml - Eveline Cosmetics Magyarorsz\u00e1g\" \/>\n<meta property=\"og:description\" content=\"K\u00f6r\u00f6m \u00e9s k\u00f6r\u00f6m\u00e1gyb\u0151r napi \u00e1pol\u00e1s\u00e1ra A multi t\u00e1pl\u00e1l\u00f3 k\u00f6r\u00f6m- \u00e9s k\u00f6r\u00f6m\u00e1gyb\u0151r olaj \u00a0professzion\u00e1lis napi \u00e1pol\u00e1si term\u00e9k, amely jav\u00edtja a k\u00f6r\u00f6m\u00e1gyb\u0151r \u00a0\u00e1llapot\u00e1t, \u00e9s ragyog\u00e1st ad k\u00f6r\u00f6mnek. Biol\u00f3giailag akt\u00edv term\u00e9szetes \u00f6sszetev\u0151ket tartalmaz. Hidegen sajtolt, bio olajok (BIO-avok\u00e1d\u00f3, BIO-jojoba, \u00a0BIO-makad\u00e1mia), vitamin-kokt\u00e9llal d\u00fas\u00edtva, optim\u00e1lis [&hellip;]\" \/>\n<meta property=\"og:url\" content=\"https:\/\/www.eveline.hu\/2016\/eveline-kozmetikumok-szepsegapolas\/smink\/korom\/koromerositok\/bio-vegan-koromapolo-olaj-12ml\/\" \/>\n<meta property=\"og:site_name\" content=\"Eveline Cosmetics Magyarorsz\u00e1g\" \/>\n<meta property=\"article:modified_time\" content=\"2022-12-28T15:27:47+00:00\" \/>\n<meta property=\"og:image\" content=\"https:\/\/www.eveline.hu\/2016\/wp-content\/uploads\/2020\/04\/BIO-Veg\u00e1n-olaj-w.png\" \/>\n\t<meta property=\"og:image:width\" content=\"750\" \/>\n\t<meta property=\"og:image:height\" content=\"750\" \/>\n\t<meta property=\"og:image:type\" content=\"image\/png\" \/>\n<meta name=\"twitter:card\" content=\"summary_large_image\" \/>\n<meta name=\"twitter:label1\" content=\"Becs\u00fclt olvas\u00e1si id\u0151\" \/>\n\t<meta name=\"twitter:data1\" content=\"1 perc\" \/>\n<script type=\"application\/ld+json\" class=\"yoast-schema-graph\">{\"@context\":\"https:\/\/schema.org\",\"@graph\":[{\"@type\":\"WebPage\",\"@id\":\"https:\/\/www.eveline.hu\/2016\/eveline-kozmetikumok-szepsegapolas\/smink\/korom\/koromerositok\/bio-vegan-koromapolo-olaj-12ml\/\",\"url\":\"https:\/\/www.eveline.hu\/2016\/eveline-kozmetikumok-szepsegapolas\/smink\/korom\/koromerositok\/bio-vegan-koromapolo-olaj-12ml\/\",\"name\":\"BIO VEGAN k\u00f6r\u00f6m\u00e1pol\u00f3 olaj 12ml - Eveline Cosmetics Magyarorsz\u00e1g\",\"isPartOf\":{\"@id\":\"https:\/\/www.eveline.hu\/2016\/#website\"},\"primaryImageOfPage\":{\"@id\":\"https:\/\/www.eveline.hu\/2016\/eveline-kozmetikumok-szepsegapolas\/smink\/korom\/koromerositok\/bio-vegan-koromapolo-olaj-12ml\/#primaryimage\"},\"image\":{\"@id\":\"https:\/\/www.eveline.hu\/2016\/eveline-kozmetikumok-szepsegapolas\/smink\/korom\/koromerositok\/bio-vegan-koromapolo-olaj-12ml\/#primaryimage\"},\"thumbnailUrl\":\"https:\/\/www.eveline.hu\/2016\/wp-content\/uploads\/2020\/04\/BIO-Veg\u00e1n-olaj-w.png\",\"datePublished\":\"2020-04-04T16:48:55+00:00\",\"dateModified\":\"2022-12-28T15:27:47+00:00\",\"breadcrumb\":{\"@id\":\"https:\/\/www.eveline.hu\/2016\/eveline-kozmetikumok-szepsegapolas\/smink\/korom\/koromerositok\/bio-vegan-koromapolo-olaj-12ml\/#breadcrumb\"},\"inLanguage\":\"hu\",\"potentialAction\":[{\"@type\":\"ReadAction\",\"target\":[\"https:\/\/www.eveline.hu\/2016\/eveline-kozmetikumok-szepsegapolas\/smink\/korom\/koromerositok\/bio-vegan-koromapolo-olaj-12ml\/\"]}]},{\"@type\":\"ImageObject\",\"inLanguage\":\"hu\",\"@id\":\"https:\/\/www.eveline.hu\/2016\/eveline-kozmetikumok-szepsegapolas\/smink\/korom\/koromerositok\/bio-vegan-koromapolo-olaj-12ml\/#primaryimage\",\"url\":\"https:\/\/www.eveline.hu\/2016\/wp-content\/uploads\/2020\/04\/BIO-Veg\u00e1n-olaj-w.png\",\"contentUrl\":\"https:\/\/www.eveline.hu\/2016\/wp-content\/uploads\/2020\/04\/BIO-Veg\u00e1n-olaj-w.png\",\"width\":750,\"height\":750},{\"@type\":\"BreadcrumbList\",\"@id\":\"https:\/\/www.eveline.hu\/2016\/eveline-kozmetikumok-szepsegapolas\/smink\/korom\/koromerositok\/bio-vegan-koromapolo-olaj-12ml\/#breadcrumb\",\"itemListElement\":[{\"@type\":\"ListItem\",\"position\":1,\"name\":\"Home\",\"item\":\"https:\/\/www.eveline.hu\/2016\/\"},{\"@type\":\"ListItem\",\"position\":2,\"name\":\"Term\u00e9kek\",\"item\":\"https:\/\/www.eveline.hu\/2016\/shop\/\"},{\"@type\":\"ListItem\",\"position\":3,\"name\":\"BIO VEGAN k\u00f6r\u00f6m\u00e1pol\u00f3 olaj 12ml\"}]},{\"@type\":\"WebSite\",\"@id\":\"https:\/\/www.eveline.hu\/2016\/#website\",\"url\":\"https:\/\/www.eveline.hu\/2016\/\",\"name\":\"Eveline Cosmetics Magyarorsz\u00e1g\",\"description\":\"Min\u0151s\u00e9gi kozmetikumok Lengyelorsz\u00e1gb\u00f3l\",\"potentialAction\":[{\"@type\":\"SearchAction\",\"target\":{\"@type\":\"EntryPoint\",\"urlTemplate\":\"https:\/\/www.eveline.hu\/2016\/?s={search_term_string}\"},\"query-input\":\"required name=search_term_string\"}],\"inLanguage\":\"hu\"}]}<\/script>\n<!-- \/ Yoast SEO plugin. -->","yoast_head_json":{"title":"BIO VEGAN k\u00f6r\u00f6m\u00e1pol\u00f3 olaj 12ml - Eveline Cosmetics Magyarorsz\u00e1g","robots":{"index":"index","follow":"follow","max-snippet":"max-snippet:-1","max-image-preview":"max-image-preview:large","max-video-preview":"max-video-preview:-1"},"canonical":"https:\/\/www.eveline.hu\/2016\/eveline-kozmetikumok-szepsegapolas\/smink\/korom\/koromerositok\/bio-vegan-koromapolo-olaj-12ml\/","og_locale":"hu_HU","og_type":"article","og_title":"BIO VEGAN k\u00f6r\u00f6m\u00e1pol\u00f3 olaj 12ml - Eveline Cosmetics Magyarorsz\u00e1g","og_description":"K\u00f6r\u00f6m \u00e9s k\u00f6r\u00f6m\u00e1gyb\u0151r napi \u00e1pol\u00e1s\u00e1ra A multi t\u00e1pl\u00e1l\u00f3 k\u00f6r\u00f6m- \u00e9s k\u00f6r\u00f6m\u00e1gyb\u0151r olaj \u00a0professzion\u00e1lis napi \u00e1pol\u00e1si term\u00e9k, amely jav\u00edtja a k\u00f6r\u00f6m\u00e1gyb\u0151r \u00a0\u00e1llapot\u00e1t, \u00e9s ragyog\u00e1st ad k\u00f6r\u00f6mnek. Biol\u00f3giailag akt\u00edv term\u00e9szetes \u00f6sszetev\u0151ket tartalmaz. Hidegen sajtolt, bio olajok (BIO-avok\u00e1d\u00f3, BIO-jojoba, \u00a0BIO-makad\u00e1mia), vitamin-kokt\u00e9llal d\u00fas\u00edtva, optim\u00e1lis [&hellip;]","og_url":"https:\/\/www.eveline.hu\/2016\/eveline-kozmetikumok-szepsegapolas\/smink\/korom\/koromerositok\/bio-vegan-koromapolo-olaj-12ml\/","og_site_name":"Eveline Cosmetics Magyarorsz\u00e1g","article_modified_time":"2022-12-28T15:27:47+00:00","og_image":[{"width":750,"height":750,"url":"https:\/\/www.eveline.hu\/2016\/wp-content\/uploads\/2020\/04\/BIO-Veg\u00e1n-olaj-w.png","type":"image\/png"}],"twitter_card":"summary_large_image","twitter_misc":{"Becs\u00fclt olvas\u00e1si id\u0151":"1 perc"},"schema":{"@context":"https:\/\/schema.org","@graph":[{"@type":"WebPage","@id":"https:\/\/www.eveline.hu\/2016\/eveline-kozmetikumok-szepsegapolas\/smink\/korom\/koromerositok\/bio-vegan-koromapolo-olaj-12ml\/","url":"https:\/\/www.eveline.hu\/2016\/eveline-kozmetikumok-szepsegapolas\/smink\/korom\/koromerositok\/bio-vegan-koromapolo-olaj-12ml\/","name":"BIO VEGAN k\u00f6r\u00f6m\u00e1pol\u00f3 olaj 12ml - Eveline Cosmetics Magyarorsz\u00e1g","isPartOf":{"@id":"https:\/\/www.eveline.hu\/2016\/#website"},"primaryImageOfPage":{"@id":"https:\/\/www.eveline.hu\/2016\/eveline-kozmetikumok-szepsegapolas\/smink\/korom\/koromerositok\/bio-vegan-koromapolo-olaj-12ml\/#primaryimage"},"image":{"@id":"https:\/\/www.eveline.hu\/2016\/eveline-kozmetikumok-szepsegapolas\/smink\/korom\/koromerositok\/bio-vegan-koromapolo-olaj-12ml\/#primaryimage"},"thumbnailUrl":"https:\/\/www.eveline.hu\/2016\/wp-content\/uploads\/2020\/04\/BIO-Veg\u00e1n-olaj-w.png","datePublished":"2020-04-04T16:48:55+00:00","dateModified":"2022-12-28T15:27:47+00:00","breadcrumb":{"@id":"https:\/\/www.eveline.hu\/2016\/eveline-kozmetikumok-szepsegapolas\/smink\/korom\/koromerositok\/bio-vegan-koromapolo-olaj-12ml\/#breadcrumb"},"inLanguage":"hu","potentialAction":[{"@type":"ReadAction","target":["https:\/\/www.eveline.hu\/2016\/eveline-kozmetikumok-szepsegapolas\/smink\/korom\/koromerositok\/bio-vegan-koromapolo-olaj-12ml\/"]}]},{"@type":"ImageObject","inLanguage":"hu","@id":"https:\/\/www.eveline.hu\/2016\/eveline-kozmetikumok-szepsegapolas\/smink\/korom\/koromerositok\/bio-vegan-koromapolo-olaj-12ml\/#primaryimage","url":"https:\/\/www.eveline.hu\/2016\/wp-content\/uploads\/2020\/04\/BIO-Veg\u00e1n-olaj-w.png","contentUrl":"https:\/\/www.eveline.hu\/2016\/wp-content\/uploads\/2020\/04\/BIO-Veg\u00e1n-olaj-w.png","width":750,"height":750},{"@type":"BreadcrumbList","@id":"https:\/\/www.eveline.hu\/2016\/eveline-kozmetikumok-szepsegapolas\/smink\/korom\/koromerositok\/bio-vegan-koromapolo-olaj-12ml\/#breadcrumb","itemListElement":[{"@type":"ListItem","position":1,"name":"Home","item":"https:\/\/www.eveline.hu\/2016\/"},{"@type":"ListItem","position":2,"name":"Term\u00e9kek","item":"https:\/\/www.eveline.hu\/2016\/shop\/"},{"@type":"ListItem","position":3,"name":"BIO VEGAN k\u00f6r\u00f6m\u00e1pol\u00f3 olaj 12ml"}]},{"@type":"WebSite","@id":"https:\/\/www.eveline.hu\/2016\/#website","url":"https:\/\/www.eveline.hu\/2016\/","name":"Eveline Cosmetics Magyarorsz\u00e1g","description":"Min\u0151s\u00e9gi kozmetikumok Lengyelorsz\u00e1gb\u00f3l","potentialAction":[{"@type":"SearchAction","target":{"@type":"EntryPoint","urlTemplate":"https:\/\/www.eveline.hu\/2016\/?s={search_term_string}"},"query-input":"required name=search_term_string"}],"inLanguage":"hu"}]}},"_links":{"self":[{"href":"https:\/\/www.eveline.hu\/2016\/wp-json\/wp\/v2\/product\/25206"}],"collection":[{"href":"https:\/\/www.eveline.hu\/2016\/wp-json\/wp\/v2\/product"}],"about":[{"href":"https:\/\/www.eveline.hu\/2016\/wp-json\/wp\/v2\/types\/product"}],"replies":[{"embeddable":true,"href":"https:\/\/www.eveline.hu\/2016\/wp-json\/wp\/v2\/comments?post=25206"}],"wp:featuredmedia":[{"embeddable":true,"href":"https:\/\/www.eveline.hu\/2016\/wp-json\/wp\/v2\/media\/25207"}],"wp:attachment":[{"href":"https:\/\/www.eveline.hu\/2016\/wp-json\/wp\/v2\/media?parent=25206"}],"wp:term":[{"taxonomy":"product_cat","embeddable":true,"href":"https:\/\/www.eveline.hu\/2016\/wp-json\/wp\/v2\/product_cat?post=25206"},{"taxonomy":"product_tag","embeddable":true,"href":"https:\/\/www.eveline.hu\/2016\/wp-json\/wp\/v2\/product_tag?post=25206"}],"curies":[{"name":"wp","href":"https:\/\/api.w.org\/{rel}","templated":true}]}}