{"id":25108,"date":"2020-03-16T07:15:02","date_gmt":"2020-03-16T06:15:02","guid":{"rendered":"https:\/\/www.eveline.hu\/2016\/?post_type=product&#038;p=25108"},"modified":"2025-03-28T08:44:40","modified_gmt":"2025-03-28T07:44:40","slug":"24k-snail-caviar-szerum-18ml","status":"publish","type":"product","link":"https:\/\/www.eveline.hu\/2016\/eveline-kozmetikumok-szepsegapolas\/szepsegapolas\/arcapolas\/24k-snail-caviar-szerum-18ml\/","title":{"rendered":"PRESTIGE 24K Snail&#038; Caviar sz\u00e9rum 18ml"},"content":{"rendered":"<p>Nappali \u00e9s \u00e9jszakai<\/p>\n<p>\u00e9rett b\u0151rre, \u00e9rz\u00e9kenyre is<\/p>\n<p>A 24k Snail &amp; Caviar luxus vonal, egy \u00faj dimenzi\u00f3 a b\u0151r napi \u00e1pol\u00e1s\u00e1ban. Kiv\u00e9teles formul\u00e1ja kombin\u00e1lja a 24k arany, kavi\u00e1r, csigany\u00e1l sz\u0171rlet \u00e9s neuropeptidek \u00e9rt\u00e9kes tulajdons\u00e1gait a forradalmian \u00faj inf\u00fazi\u00f3s technol\u00f3gi\u00e1val.<\/p>\n<p>A luxus multi t\u00e1pl\u00e1l\u00f3 intenz\u00edv sz\u00e9rum ampulla seg\u00edt cs\u00f6kkenteni a r\u00e1ncok \u00e9s finom vonalak l\u00e1that\u00f3s\u00e1g\u00e1t, kiegyenl\u00edti a b\u0151rsz\u00ednt, feszes\u00edt \u00e9s revitaliz\u00e1l. A sz\u00e9rum napr\u00f3l napra ragyog\u00f3bb\u00e1 \u00e9s fiatalabb\u00e1 teszi a b\u0151rt. A selymes formula gyorsan felsz\u00edv\u00f3dik, a b\u0151r ide\u00e1lisan sima \u00e9s hidrat\u00e1lt lesz.<\/p>\n<p>Akt\u00edv \u00f6sszetev\u0151k: Kavi\u00e1r, Kolloid arany, 6%-os Csigany\u00e1l sz\u0171rlet, Kam\u00e9liaolaj, Bakuchiol, SYN-AKE.<\/p>\n","protected":false},"excerpt":{"rendered":"<p>Nappali \u00e9s \u00e9jszakai \u00e9rett b\u0151rre, \u00e9rz\u00e9kenyre is A 24k Snail &amp; Caviar luxus vonal, egy \u00faj dimenzi\u00f3 a b\u0151r napi \u00e1pol\u00e1s\u00e1ban. Kiv\u00e9teles formul\u00e1ja kombin\u00e1lja a 24k arany, kavi\u00e1r, csigany\u00e1l sz\u0171rlet \u00e9s neuropeptidek \u00e9rt\u00e9kes tulajdons\u00e1gait a forradalmian \u00faj inf\u00fazi\u00f3s technol\u00f3gi\u00e1val. A [&hellip;]<\/p>\n","protected":false},"featured_media":25109,"comment_status":"open","ping_status":"closed","template":"","meta":[],"product_cat":[275,125,126],"product_tag":[],"yoast_head":"<!-- This site is optimized with the Yoast SEO plugin v22.2 - https:\/\/yoast.com\/wordpress\/plugins\/seo\/ -->\n<title>PRESTIGE 24K Snail&amp; Caviar sz\u00e9rum 18ml - Eveline Cosmetics Magyarorsz\u00e1g<\/title>\n<meta name=\"robots\" content=\"index, follow, max-snippet:-1, max-image-preview:large, max-video-preview:-1\" \/>\n<link rel=\"canonical\" href=\"https:\/\/www.eveline.hu\/2016\/eveline-kozmetikumok-szepsegapolas\/szepsegapolas\/arcapolas\/24k-snail-caviar-szerum-18ml\/\" \/>\n<meta property=\"og:locale\" content=\"hu_HU\" \/>\n<meta property=\"og:type\" content=\"article\" \/>\n<meta property=\"og:title\" content=\"PRESTIGE 24K Snail&amp; Caviar sz\u00e9rum 18ml - Eveline Cosmetics Magyarorsz\u00e1g\" \/>\n<meta property=\"og:description\" content=\"Nappali \u00e9s \u00e9jszakai \u00e9rett b\u0151rre, \u00e9rz\u00e9kenyre is A 24k Snail &amp; Caviar luxus vonal, egy \u00faj dimenzi\u00f3 a b\u0151r napi \u00e1pol\u00e1s\u00e1ban. Kiv\u00e9teles formul\u00e1ja kombin\u00e1lja a 24k arany, kavi\u00e1r, csigany\u00e1l sz\u0171rlet \u00e9s neuropeptidek \u00e9rt\u00e9kes tulajdons\u00e1gait a forradalmian \u00faj inf\u00fazi\u00f3s technol\u00f3gi\u00e1val. A [&hellip;]\" \/>\n<meta property=\"og:url\" content=\"https:\/\/www.eveline.hu\/2016\/eveline-kozmetikumok-szepsegapolas\/szepsegapolas\/arcapolas\/24k-snail-caviar-szerum-18ml\/\" \/>\n<meta property=\"og:site_name\" content=\"Eveline Cosmetics Magyarorsz\u00e1g\" \/>\n<meta property=\"article:modified_time\" content=\"2025-03-28T07:44:40+00:00\" \/>\n<meta property=\"og:image\" content=\"https:\/\/www.eveline.hu\/2016\/wp-content\/uploads\/2020\/03\/JB18SCSA5903416000280-PRESTIGE-24k-SNAILCAVIAR-SERUM-18ML-w.png\" \/>\n\t<meta property=\"og:image:width\" content=\"750\" \/>\n\t<meta property=\"og:image:height\" content=\"750\" \/>\n\t<meta property=\"og:image:type\" content=\"image\/png\" \/>\n<meta name=\"twitter:card\" content=\"summary_large_image\" \/>\n<meta name=\"twitter:label1\" content=\"Becs\u00fclt olvas\u00e1si id\u0151\" \/>\n\t<meta name=\"twitter:data1\" content=\"1 perc\" \/>\n<script type=\"application\/ld+json\" class=\"yoast-schema-graph\">{\"@context\":\"https:\/\/schema.org\",\"@graph\":[{\"@type\":\"WebPage\",\"@id\":\"https:\/\/www.eveline.hu\/2016\/eveline-kozmetikumok-szepsegapolas\/szepsegapolas\/arcapolas\/24k-snail-caviar-szerum-18ml\/\",\"url\":\"https:\/\/www.eveline.hu\/2016\/eveline-kozmetikumok-szepsegapolas\/szepsegapolas\/arcapolas\/24k-snail-caviar-szerum-18ml\/\",\"name\":\"PRESTIGE 24K Snail& Caviar sz\u00e9rum 18ml - Eveline Cosmetics Magyarorsz\u00e1g\",\"isPartOf\":{\"@id\":\"https:\/\/www.eveline.hu\/2016\/#website\"},\"primaryImageOfPage\":{\"@id\":\"https:\/\/www.eveline.hu\/2016\/eveline-kozmetikumok-szepsegapolas\/szepsegapolas\/arcapolas\/24k-snail-caviar-szerum-18ml\/#primaryimage\"},\"image\":{\"@id\":\"https:\/\/www.eveline.hu\/2016\/eveline-kozmetikumok-szepsegapolas\/szepsegapolas\/arcapolas\/24k-snail-caviar-szerum-18ml\/#primaryimage\"},\"thumbnailUrl\":\"https:\/\/www.eveline.hu\/2016\/wp-content\/uploads\/2020\/03\/JB18SCSA5903416000280-PRESTIGE-24k-SNAILCAVIAR-SERUM-18ML-w.png\",\"datePublished\":\"2020-03-16T06:15:02+00:00\",\"dateModified\":\"2025-03-28T07:44:40+00:00\",\"breadcrumb\":{\"@id\":\"https:\/\/www.eveline.hu\/2016\/eveline-kozmetikumok-szepsegapolas\/szepsegapolas\/arcapolas\/24k-snail-caviar-szerum-18ml\/#breadcrumb\"},\"inLanguage\":\"hu\",\"potentialAction\":[{\"@type\":\"ReadAction\",\"target\":[\"https:\/\/www.eveline.hu\/2016\/eveline-kozmetikumok-szepsegapolas\/szepsegapolas\/arcapolas\/24k-snail-caviar-szerum-18ml\/\"]}]},{\"@type\":\"ImageObject\",\"inLanguage\":\"hu\",\"@id\":\"https:\/\/www.eveline.hu\/2016\/eveline-kozmetikumok-szepsegapolas\/szepsegapolas\/arcapolas\/24k-snail-caviar-szerum-18ml\/#primaryimage\",\"url\":\"https:\/\/www.eveline.hu\/2016\/wp-content\/uploads\/2020\/03\/JB18SCSA5903416000280-PRESTIGE-24k-SNAILCAVIAR-SERUM-18ML-w.png\",\"contentUrl\":\"https:\/\/www.eveline.hu\/2016\/wp-content\/uploads\/2020\/03\/JB18SCSA5903416000280-PRESTIGE-24k-SNAILCAVIAR-SERUM-18ML-w.png\",\"width\":750,\"height\":750},{\"@type\":\"BreadcrumbList\",\"@id\":\"https:\/\/www.eveline.hu\/2016\/eveline-kozmetikumok-szepsegapolas\/szepsegapolas\/arcapolas\/24k-snail-caviar-szerum-18ml\/#breadcrumb\",\"itemListElement\":[{\"@type\":\"ListItem\",\"position\":1,\"name\":\"Home\",\"item\":\"https:\/\/www.eveline.hu\/2016\/\"},{\"@type\":\"ListItem\",\"position\":2,\"name\":\"Term\u00e9kek\",\"item\":\"https:\/\/www.eveline.hu\/2016\/shop\/\"},{\"@type\":\"ListItem\",\"position\":3,\"name\":\"PRESTIGE 24K Snail&#038; Caviar sz\u00e9rum 18ml\"}]},{\"@type\":\"WebSite\",\"@id\":\"https:\/\/www.eveline.hu\/2016\/#website\",\"url\":\"https:\/\/www.eveline.hu\/2016\/\",\"name\":\"Eveline Cosmetics Magyarorsz\u00e1g\",\"description\":\"Min\u0151s\u00e9gi kozmetikumok Lengyelorsz\u00e1gb\u00f3l\",\"potentialAction\":[{\"@type\":\"SearchAction\",\"target\":{\"@type\":\"EntryPoint\",\"urlTemplate\":\"https:\/\/www.eveline.hu\/2016\/?s={search_term_string}\"},\"query-input\":\"required name=search_term_string\"}],\"inLanguage\":\"hu\"}]}<\/script>\n<!-- \/ Yoast SEO plugin. -->","yoast_head_json":{"title":"PRESTIGE 24K Snail& Caviar sz\u00e9rum 18ml - Eveline Cosmetics Magyarorsz\u00e1g","robots":{"index":"index","follow":"follow","max-snippet":"max-snippet:-1","max-image-preview":"max-image-preview:large","max-video-preview":"max-video-preview:-1"},"canonical":"https:\/\/www.eveline.hu\/2016\/eveline-kozmetikumok-szepsegapolas\/szepsegapolas\/arcapolas\/24k-snail-caviar-szerum-18ml\/","og_locale":"hu_HU","og_type":"article","og_title":"PRESTIGE 24K Snail& Caviar sz\u00e9rum 18ml - Eveline Cosmetics Magyarorsz\u00e1g","og_description":"Nappali \u00e9s \u00e9jszakai \u00e9rett b\u0151rre, \u00e9rz\u00e9kenyre is A 24k Snail &amp; Caviar luxus vonal, egy \u00faj dimenzi\u00f3 a b\u0151r napi \u00e1pol\u00e1s\u00e1ban. Kiv\u00e9teles formul\u00e1ja kombin\u00e1lja a 24k arany, kavi\u00e1r, csigany\u00e1l sz\u0171rlet \u00e9s neuropeptidek \u00e9rt\u00e9kes tulajdons\u00e1gait a forradalmian \u00faj inf\u00fazi\u00f3s technol\u00f3gi\u00e1val. A [&hellip;]","og_url":"https:\/\/www.eveline.hu\/2016\/eveline-kozmetikumok-szepsegapolas\/szepsegapolas\/arcapolas\/24k-snail-caviar-szerum-18ml\/","og_site_name":"Eveline Cosmetics Magyarorsz\u00e1g","article_modified_time":"2025-03-28T07:44:40+00:00","og_image":[{"width":750,"height":750,"url":"https:\/\/www.eveline.hu\/2016\/wp-content\/uploads\/2020\/03\/JB18SCSA5903416000280-PRESTIGE-24k-SNAILCAVIAR-SERUM-18ML-w.png","type":"image\/png"}],"twitter_card":"summary_large_image","twitter_misc":{"Becs\u00fclt olvas\u00e1si id\u0151":"1 perc"},"schema":{"@context":"https:\/\/schema.org","@graph":[{"@type":"WebPage","@id":"https:\/\/www.eveline.hu\/2016\/eveline-kozmetikumok-szepsegapolas\/szepsegapolas\/arcapolas\/24k-snail-caviar-szerum-18ml\/","url":"https:\/\/www.eveline.hu\/2016\/eveline-kozmetikumok-szepsegapolas\/szepsegapolas\/arcapolas\/24k-snail-caviar-szerum-18ml\/","name":"PRESTIGE 24K Snail& Caviar sz\u00e9rum 18ml - Eveline Cosmetics Magyarorsz\u00e1g","isPartOf":{"@id":"https:\/\/www.eveline.hu\/2016\/#website"},"primaryImageOfPage":{"@id":"https:\/\/www.eveline.hu\/2016\/eveline-kozmetikumok-szepsegapolas\/szepsegapolas\/arcapolas\/24k-snail-caviar-szerum-18ml\/#primaryimage"},"image":{"@id":"https:\/\/www.eveline.hu\/2016\/eveline-kozmetikumok-szepsegapolas\/szepsegapolas\/arcapolas\/24k-snail-caviar-szerum-18ml\/#primaryimage"},"thumbnailUrl":"https:\/\/www.eveline.hu\/2016\/wp-content\/uploads\/2020\/03\/JB18SCSA5903416000280-PRESTIGE-24k-SNAILCAVIAR-SERUM-18ML-w.png","datePublished":"2020-03-16T06:15:02+00:00","dateModified":"2025-03-28T07:44:40+00:00","breadcrumb":{"@id":"https:\/\/www.eveline.hu\/2016\/eveline-kozmetikumok-szepsegapolas\/szepsegapolas\/arcapolas\/24k-snail-caviar-szerum-18ml\/#breadcrumb"},"inLanguage":"hu","potentialAction":[{"@type":"ReadAction","target":["https:\/\/www.eveline.hu\/2016\/eveline-kozmetikumok-szepsegapolas\/szepsegapolas\/arcapolas\/24k-snail-caviar-szerum-18ml\/"]}]},{"@type":"ImageObject","inLanguage":"hu","@id":"https:\/\/www.eveline.hu\/2016\/eveline-kozmetikumok-szepsegapolas\/szepsegapolas\/arcapolas\/24k-snail-caviar-szerum-18ml\/#primaryimage","url":"https:\/\/www.eveline.hu\/2016\/wp-content\/uploads\/2020\/03\/JB18SCSA5903416000280-PRESTIGE-24k-SNAILCAVIAR-SERUM-18ML-w.png","contentUrl":"https:\/\/www.eveline.hu\/2016\/wp-content\/uploads\/2020\/03\/JB18SCSA5903416000280-PRESTIGE-24k-SNAILCAVIAR-SERUM-18ML-w.png","width":750,"height":750},{"@type":"BreadcrumbList","@id":"https:\/\/www.eveline.hu\/2016\/eveline-kozmetikumok-szepsegapolas\/szepsegapolas\/arcapolas\/24k-snail-caviar-szerum-18ml\/#breadcrumb","itemListElement":[{"@type":"ListItem","position":1,"name":"Home","item":"https:\/\/www.eveline.hu\/2016\/"},{"@type":"ListItem","position":2,"name":"Term\u00e9kek","item":"https:\/\/www.eveline.hu\/2016\/shop\/"},{"@type":"ListItem","position":3,"name":"PRESTIGE 24K Snail&#038; Caviar sz\u00e9rum 18ml"}]},{"@type":"WebSite","@id":"https:\/\/www.eveline.hu\/2016\/#website","url":"https:\/\/www.eveline.hu\/2016\/","name":"Eveline Cosmetics Magyarorsz\u00e1g","description":"Min\u0151s\u00e9gi kozmetikumok Lengyelorsz\u00e1gb\u00f3l","potentialAction":[{"@type":"SearchAction","target":{"@type":"EntryPoint","urlTemplate":"https:\/\/www.eveline.hu\/2016\/?s={search_term_string}"},"query-input":"required name=search_term_string"}],"inLanguage":"hu"}]}},"_links":{"self":[{"href":"https:\/\/www.eveline.hu\/2016\/wp-json\/wp\/v2\/product\/25108"}],"collection":[{"href":"https:\/\/www.eveline.hu\/2016\/wp-json\/wp\/v2\/product"}],"about":[{"href":"https:\/\/www.eveline.hu\/2016\/wp-json\/wp\/v2\/types\/product"}],"replies":[{"embeddable":true,"href":"https:\/\/www.eveline.hu\/2016\/wp-json\/wp\/v2\/comments?post=25108"}],"wp:featuredmedia":[{"embeddable":true,"href":"https:\/\/www.eveline.hu\/2016\/wp-json\/wp\/v2\/media\/25109"}],"wp:attachment":[{"href":"https:\/\/www.eveline.hu\/2016\/wp-json\/wp\/v2\/media?parent=25108"}],"wp:term":[{"taxonomy":"product_cat","embeddable":true,"href":"https:\/\/www.eveline.hu\/2016\/wp-json\/wp\/v2\/product_cat?post=25108"},{"taxonomy":"product_tag","embeddable":true,"href":"https:\/\/www.eveline.hu\/2016\/wp-json\/wp\/v2\/product_tag?post=25108"}],"curies":[{"name":"wp","href":"https:\/\/api.w.org\/{rel}","templated":true}]}}