{"id":25102,"date":"2020-03-15T11:20:31","date_gmt":"2020-03-15T10:20:31","guid":{"rendered":"https:\/\/www.eveline.hu\/2016\/?post_type=product&#038;p=25102"},"modified":"2022-12-09T15:41:32","modified_gmt":"2022-12-09T14:41:32","slug":"sos-regeneralo-lab-krem-maszk-100ml","status":"publish","type":"product","link":"https:\/\/www.eveline.hu\/2016\/eveline-kozmetikumok-szepsegapolas\/szepsegapolas\/labapolas\/sos-regeneralo-lab-krem-maszk-100ml\/","title":{"rendered":"SOS regener\u00e1l\u00f3 l\u00e1b kr\u00e9m-maszk 100ml"},"content":{"rendered":"<p>5% Urea<br \/>\nKoncentr\u00e1lt formula , intenz\u00edv regener\u00e1l\u00f3 hat\u00e1s\u00e1nak k\u00f6sz\u00f6nhet\u0151en azonnal hidrat\u00e1lja \u00e9s t\u00e1pl\u00e1lja a talpb\u0151r\u00e9t.<\/p>\n<p>A b\u0151r puha \u00e9s selymesen sima lesz, m\u00edg a l\u00e1bak ellen\u00e1ll\u00f3bbak lesznek a b\u0151rkem\u00e9nyed\u00e9sekkel szemben.<\/p>\n<p>Hat\u00e9kony \u00f6sszetev\u0151i: 5% Urea, lanolin, levendula kivonat, manukam\u00e9z.<\/p>\n<p>\u00f6sszetev\u0151k:Aqua (Water), Glyceryl Stearate SE, Ethylhexyl Stearate, Cetearyl Alcohol, Petrolatum, Glycerin, Isopropyl Myristate , Palmitic acid, Stearic acid, Urea, Dimethicone, Propylene Glycol, Lanolin, Prunus Amygdalus Dulcis Oil, Mel Extract, Lavandula Angustifolia Flower Extract, Linoleic Acid, Tocopherol, Retinyl Palmitate, Tocopheryl Acetate, Royal Jelly Extract, Allantoin, Panthenol, Betaine, Caprylic\/Capric Triglyceride, Diethylhexyl Syringylidenemalonate, PEG-20 Glyceryl Laurate, Citric Acid, Polysorbate 20, Menthol, Xanthan Gum, Sodium Polyacrylate, Alcohol Denat., DMDM Hydantoin, Phenoxyethanol, Propylparaben, Butylparaben, Ethylparaben, Methylparaben, Disodium EDTA, Potassium Sorbate, Sodium Benzoate, BHT, Parfum (Fragrance), Alpha-Isomethyl Ionone, Benzyl Salicylate, Butylphenyl Methylpropional , Citronellol, Coumarin, Eugenol, Geraniol, Hexyl Cinnamal, Linalool.<\/p>\n","protected":false},"excerpt":{"rendered":"<p>100ml ( 10900 Ft\/l )<\/p>\n","protected":false},"featured_media":25103,"comment_status":"open","ping_status":"closed","template":"","meta":[],"product_cat":[125,137],"product_tag":[],"yoast_head":"<!-- This site is optimized with the Yoast SEO plugin v22.2 - https:\/\/yoast.com\/wordpress\/plugins\/seo\/ -->\n<title>SOS regener\u00e1l\u00f3 l\u00e1b kr\u00e9m-maszk 100ml - Eveline Cosmetics Magyarorsz\u00e1g<\/title>\n<meta name=\"robots\" content=\"index, follow, max-snippet:-1, max-image-preview:large, max-video-preview:-1\" \/>\n<link rel=\"canonical\" href=\"https:\/\/www.eveline.hu\/2016\/eveline-kozmetikumok-szepsegapolas\/szepsegapolas\/labapolas\/sos-regeneralo-lab-krem-maszk-100ml\/\" \/>\n<meta property=\"og:locale\" content=\"hu_HU\" \/>\n<meta property=\"og:type\" content=\"article\" \/>\n<meta property=\"og:title\" content=\"SOS regener\u00e1l\u00f3 l\u00e1b kr\u00e9m-maszk 100ml - Eveline Cosmetics Magyarorsz\u00e1g\" \/>\n<meta property=\"og:description\" content=\"100ml ( 10900 Ft\/l )\" \/>\n<meta property=\"og:url\" content=\"https:\/\/www.eveline.hu\/2016\/eveline-kozmetikumok-szepsegapolas\/szepsegapolas\/labapolas\/sos-regeneralo-lab-krem-maszk-100ml\/\" \/>\n<meta property=\"og:site_name\" content=\"Eveline Cosmetics Magyarorsz\u00e1g\" \/>\n<meta property=\"article:modified_time\" content=\"2022-12-09T14:41:32+00:00\" \/>\n<meta property=\"og:image\" content=\"https:\/\/www.eveline.hu\/2016\/wp-content\/uploads\/2020\/03\/JE100PESSKSA5901761986815-EXTRA-SOFT-SOS-REGENERATING-FOOT-CREAM-100-ML-w.png\" \/>\n\t<meta property=\"og:image:width\" content=\"754\" \/>\n\t<meta property=\"og:image:height\" content=\"750\" \/>\n\t<meta property=\"og:image:type\" content=\"image\/png\" \/>\n<meta name=\"twitter:card\" content=\"summary_large_image\" \/>\n<meta name=\"twitter:label1\" content=\"Becs\u00fclt olvas\u00e1si id\u0151\" \/>\n\t<meta name=\"twitter:data1\" content=\"1 perc\" \/>\n<script type=\"application\/ld+json\" class=\"yoast-schema-graph\">{\"@context\":\"https:\/\/schema.org\",\"@graph\":[{\"@type\":\"WebPage\",\"@id\":\"https:\/\/www.eveline.hu\/2016\/eveline-kozmetikumok-szepsegapolas\/szepsegapolas\/labapolas\/sos-regeneralo-lab-krem-maszk-100ml\/\",\"url\":\"https:\/\/www.eveline.hu\/2016\/eveline-kozmetikumok-szepsegapolas\/szepsegapolas\/labapolas\/sos-regeneralo-lab-krem-maszk-100ml\/\",\"name\":\"SOS regener\u00e1l\u00f3 l\u00e1b kr\u00e9m-maszk 100ml - Eveline Cosmetics Magyarorsz\u00e1g\",\"isPartOf\":{\"@id\":\"https:\/\/www.eveline.hu\/2016\/#website\"},\"primaryImageOfPage\":{\"@id\":\"https:\/\/www.eveline.hu\/2016\/eveline-kozmetikumok-szepsegapolas\/szepsegapolas\/labapolas\/sos-regeneralo-lab-krem-maszk-100ml\/#primaryimage\"},\"image\":{\"@id\":\"https:\/\/www.eveline.hu\/2016\/eveline-kozmetikumok-szepsegapolas\/szepsegapolas\/labapolas\/sos-regeneralo-lab-krem-maszk-100ml\/#primaryimage\"},\"thumbnailUrl\":\"https:\/\/www.eveline.hu\/2016\/wp-content\/uploads\/2020\/03\/JE100PESSKSA5901761986815-EXTRA-SOFT-SOS-REGENERATING-FOOT-CREAM-100-ML-w.png\",\"datePublished\":\"2020-03-15T10:20:31+00:00\",\"dateModified\":\"2022-12-09T14:41:32+00:00\",\"breadcrumb\":{\"@id\":\"https:\/\/www.eveline.hu\/2016\/eveline-kozmetikumok-szepsegapolas\/szepsegapolas\/labapolas\/sos-regeneralo-lab-krem-maszk-100ml\/#breadcrumb\"},\"inLanguage\":\"hu\",\"potentialAction\":[{\"@type\":\"ReadAction\",\"target\":[\"https:\/\/www.eveline.hu\/2016\/eveline-kozmetikumok-szepsegapolas\/szepsegapolas\/labapolas\/sos-regeneralo-lab-krem-maszk-100ml\/\"]}]},{\"@type\":\"ImageObject\",\"inLanguage\":\"hu\",\"@id\":\"https:\/\/www.eveline.hu\/2016\/eveline-kozmetikumok-szepsegapolas\/szepsegapolas\/labapolas\/sos-regeneralo-lab-krem-maszk-100ml\/#primaryimage\",\"url\":\"https:\/\/www.eveline.hu\/2016\/wp-content\/uploads\/2020\/03\/JE100PESSKSA5901761986815-EXTRA-SOFT-SOS-REGENERATING-FOOT-CREAM-100-ML-w.png\",\"contentUrl\":\"https:\/\/www.eveline.hu\/2016\/wp-content\/uploads\/2020\/03\/JE100PESSKSA5901761986815-EXTRA-SOFT-SOS-REGENERATING-FOOT-CREAM-100-ML-w.png\",\"width\":754,\"height\":750},{\"@type\":\"BreadcrumbList\",\"@id\":\"https:\/\/www.eveline.hu\/2016\/eveline-kozmetikumok-szepsegapolas\/szepsegapolas\/labapolas\/sos-regeneralo-lab-krem-maszk-100ml\/#breadcrumb\",\"itemListElement\":[{\"@type\":\"ListItem\",\"position\":1,\"name\":\"Home\",\"item\":\"https:\/\/www.eveline.hu\/2016\/\"},{\"@type\":\"ListItem\",\"position\":2,\"name\":\"Term\u00e9kek\",\"item\":\"https:\/\/www.eveline.hu\/2016\/shop\/\"},{\"@type\":\"ListItem\",\"position\":3,\"name\":\"SOS regener\u00e1l\u00f3 l\u00e1b kr\u00e9m-maszk 100ml\"}]},{\"@type\":\"WebSite\",\"@id\":\"https:\/\/www.eveline.hu\/2016\/#website\",\"url\":\"https:\/\/www.eveline.hu\/2016\/\",\"name\":\"Eveline Cosmetics Magyarorsz\u00e1g\",\"description\":\"Min\u0151s\u00e9gi kozmetikumok Lengyelorsz\u00e1gb\u00f3l\",\"potentialAction\":[{\"@type\":\"SearchAction\",\"target\":{\"@type\":\"EntryPoint\",\"urlTemplate\":\"https:\/\/www.eveline.hu\/2016\/?s={search_term_string}\"},\"query-input\":\"required name=search_term_string\"}],\"inLanguage\":\"hu\"}]}<\/script>\n<!-- \/ Yoast SEO plugin. -->","yoast_head_json":{"title":"SOS regener\u00e1l\u00f3 l\u00e1b kr\u00e9m-maszk 100ml - Eveline Cosmetics Magyarorsz\u00e1g","robots":{"index":"index","follow":"follow","max-snippet":"max-snippet:-1","max-image-preview":"max-image-preview:large","max-video-preview":"max-video-preview:-1"},"canonical":"https:\/\/www.eveline.hu\/2016\/eveline-kozmetikumok-szepsegapolas\/szepsegapolas\/labapolas\/sos-regeneralo-lab-krem-maszk-100ml\/","og_locale":"hu_HU","og_type":"article","og_title":"SOS regener\u00e1l\u00f3 l\u00e1b kr\u00e9m-maszk 100ml - Eveline Cosmetics Magyarorsz\u00e1g","og_description":"100ml ( 10900 Ft\/l )","og_url":"https:\/\/www.eveline.hu\/2016\/eveline-kozmetikumok-szepsegapolas\/szepsegapolas\/labapolas\/sos-regeneralo-lab-krem-maszk-100ml\/","og_site_name":"Eveline Cosmetics Magyarorsz\u00e1g","article_modified_time":"2022-12-09T14:41:32+00:00","og_image":[{"width":754,"height":750,"url":"https:\/\/www.eveline.hu\/2016\/wp-content\/uploads\/2020\/03\/JE100PESSKSA5901761986815-EXTRA-SOFT-SOS-REGENERATING-FOOT-CREAM-100-ML-w.png","type":"image\/png"}],"twitter_card":"summary_large_image","twitter_misc":{"Becs\u00fclt olvas\u00e1si id\u0151":"1 perc"},"schema":{"@context":"https:\/\/schema.org","@graph":[{"@type":"WebPage","@id":"https:\/\/www.eveline.hu\/2016\/eveline-kozmetikumok-szepsegapolas\/szepsegapolas\/labapolas\/sos-regeneralo-lab-krem-maszk-100ml\/","url":"https:\/\/www.eveline.hu\/2016\/eveline-kozmetikumok-szepsegapolas\/szepsegapolas\/labapolas\/sos-regeneralo-lab-krem-maszk-100ml\/","name":"SOS regener\u00e1l\u00f3 l\u00e1b kr\u00e9m-maszk 100ml - Eveline Cosmetics Magyarorsz\u00e1g","isPartOf":{"@id":"https:\/\/www.eveline.hu\/2016\/#website"},"primaryImageOfPage":{"@id":"https:\/\/www.eveline.hu\/2016\/eveline-kozmetikumok-szepsegapolas\/szepsegapolas\/labapolas\/sos-regeneralo-lab-krem-maszk-100ml\/#primaryimage"},"image":{"@id":"https:\/\/www.eveline.hu\/2016\/eveline-kozmetikumok-szepsegapolas\/szepsegapolas\/labapolas\/sos-regeneralo-lab-krem-maszk-100ml\/#primaryimage"},"thumbnailUrl":"https:\/\/www.eveline.hu\/2016\/wp-content\/uploads\/2020\/03\/JE100PESSKSA5901761986815-EXTRA-SOFT-SOS-REGENERATING-FOOT-CREAM-100-ML-w.png","datePublished":"2020-03-15T10:20:31+00:00","dateModified":"2022-12-09T14:41:32+00:00","breadcrumb":{"@id":"https:\/\/www.eveline.hu\/2016\/eveline-kozmetikumok-szepsegapolas\/szepsegapolas\/labapolas\/sos-regeneralo-lab-krem-maszk-100ml\/#breadcrumb"},"inLanguage":"hu","potentialAction":[{"@type":"ReadAction","target":["https:\/\/www.eveline.hu\/2016\/eveline-kozmetikumok-szepsegapolas\/szepsegapolas\/labapolas\/sos-regeneralo-lab-krem-maszk-100ml\/"]}]},{"@type":"ImageObject","inLanguage":"hu","@id":"https:\/\/www.eveline.hu\/2016\/eveline-kozmetikumok-szepsegapolas\/szepsegapolas\/labapolas\/sos-regeneralo-lab-krem-maszk-100ml\/#primaryimage","url":"https:\/\/www.eveline.hu\/2016\/wp-content\/uploads\/2020\/03\/JE100PESSKSA5901761986815-EXTRA-SOFT-SOS-REGENERATING-FOOT-CREAM-100-ML-w.png","contentUrl":"https:\/\/www.eveline.hu\/2016\/wp-content\/uploads\/2020\/03\/JE100PESSKSA5901761986815-EXTRA-SOFT-SOS-REGENERATING-FOOT-CREAM-100-ML-w.png","width":754,"height":750},{"@type":"BreadcrumbList","@id":"https:\/\/www.eveline.hu\/2016\/eveline-kozmetikumok-szepsegapolas\/szepsegapolas\/labapolas\/sos-regeneralo-lab-krem-maszk-100ml\/#breadcrumb","itemListElement":[{"@type":"ListItem","position":1,"name":"Home","item":"https:\/\/www.eveline.hu\/2016\/"},{"@type":"ListItem","position":2,"name":"Term\u00e9kek","item":"https:\/\/www.eveline.hu\/2016\/shop\/"},{"@type":"ListItem","position":3,"name":"SOS regener\u00e1l\u00f3 l\u00e1b kr\u00e9m-maszk 100ml"}]},{"@type":"WebSite","@id":"https:\/\/www.eveline.hu\/2016\/#website","url":"https:\/\/www.eveline.hu\/2016\/","name":"Eveline Cosmetics Magyarorsz\u00e1g","description":"Min\u0151s\u00e9gi kozmetikumok Lengyelorsz\u00e1gb\u00f3l","potentialAction":[{"@type":"SearchAction","target":{"@type":"EntryPoint","urlTemplate":"https:\/\/www.eveline.hu\/2016\/?s={search_term_string}"},"query-input":"required name=search_term_string"}],"inLanguage":"hu"}]}},"_links":{"self":[{"href":"https:\/\/www.eveline.hu\/2016\/wp-json\/wp\/v2\/product\/25102"}],"collection":[{"href":"https:\/\/www.eveline.hu\/2016\/wp-json\/wp\/v2\/product"}],"about":[{"href":"https:\/\/www.eveline.hu\/2016\/wp-json\/wp\/v2\/types\/product"}],"replies":[{"embeddable":true,"href":"https:\/\/www.eveline.hu\/2016\/wp-json\/wp\/v2\/comments?post=25102"}],"wp:featuredmedia":[{"embeddable":true,"href":"https:\/\/www.eveline.hu\/2016\/wp-json\/wp\/v2\/media\/25103"}],"wp:attachment":[{"href":"https:\/\/www.eveline.hu\/2016\/wp-json\/wp\/v2\/media?parent=25102"}],"wp:term":[{"taxonomy":"product_cat","embeddable":true,"href":"https:\/\/www.eveline.hu\/2016\/wp-json\/wp\/v2\/product_cat?post=25102"},{"taxonomy":"product_tag","embeddable":true,"href":"https:\/\/www.eveline.hu\/2016\/wp-json\/wp\/v2\/product_tag?post=25102"}],"curies":[{"name":"wp","href":"https:\/\/api.w.org\/{rel}","templated":true}]}}