{"id":24983,"date":"2020-02-21T08:59:33","date_gmt":"2020-02-21T07:59:33","guid":{"rendered":"https:\/\/www.eveline.hu\/2016\/?post_type=product&#038;p=24983"},"modified":"2025-01-20T08:44:28","modified_gmt":"2025-01-20T07:44:28","slug":"precise-brush-szemhejtus","status":"publish","type":"product","link":"https:\/\/www.eveline.hu\/2016\/eveline-kozmetikumok-szepsegapolas\/smink\/szem\/szemhej-festekek\/precise-brush-szemhejtus\/","title":{"rendered":"Precise Brush szemh\u00e9jtus"},"content":{"rendered":"<p>Akci\u00f3 id\u0151tartama:2020.02.21. &#8211; 07.31.<\/p>\n<p>Tart\u00f3s formula 24 \u00f3r\u00e1n \u00e1t tart.<\/p>\n<p>\u00f6sszetev\u0151k:\u00a0Aqua (Water), Styrene\/Acrylates Copolymer, Butylene Glycol, Peg-40 Hydrogenated Castor Oil, Phenoxyethanol, Caprylyl Glycol, Acrylates Copolymer, Betaine, Sodium Dehydroacetate, Glycerin, Hydroxyethylcellulose, Etylhexylglycerin, Panthenol, Biotionyl Tripeptide- 1, CI 77499.<\/p>\n","protected":false},"excerpt":{"rendered":"<p>Akci\u00f3 id\u0151tartama:2020.02.21. &#8211; 07.31. Tart\u00f3s formula 24 \u00f3r\u00e1n \u00e1t tart. \u00f6sszetev\u0151k:\u00a0Aqua (Water), Styrene\/Acrylates Copolymer, Butylene Glycol, Peg-40 Hydrogenated Castor Oil, Phenoxyethanol, Caprylyl Glycol, Acrylates Copolymer, Betaine, Sodium Dehydroacetate, Glycerin, Hydroxyethylcellulose, Etylhexylglycerin, Panthenol, Biotionyl Tripeptide- 1, CI 77499.<\/p>\n","protected":false},"featured_media":24984,"comment_status":"open","ping_status":"closed","template":"","meta":[],"product_cat":[130,132,151],"product_tag":[],"yoast_head":"<!-- This site is optimized with the Yoast SEO plugin v22.2 - https:\/\/yoast.com\/wordpress\/plugins\/seo\/ -->\n<title>Precise Brush szemh\u00e9jtus - Eveline Cosmetics Magyarorsz\u00e1g<\/title>\n<meta name=\"robots\" content=\"index, follow, max-snippet:-1, max-image-preview:large, max-video-preview:-1\" \/>\n<link rel=\"canonical\" href=\"https:\/\/www.eveline.hu\/2016\/eveline-kozmetikumok-szepsegapolas\/smink\/szem\/szemhej-festekek\/precise-brush-szemhejtus\/\" \/>\n<meta property=\"og:locale\" content=\"hu_HU\" \/>\n<meta property=\"og:type\" content=\"article\" \/>\n<meta property=\"og:title\" content=\"Precise Brush szemh\u00e9jtus - Eveline Cosmetics Magyarorsz\u00e1g\" \/>\n<meta property=\"og:description\" content=\"Akci\u00f3 id\u0151tartama:2020.02.21. &#8211; 07.31. Tart\u00f3s formula 24 \u00f3r\u00e1n \u00e1t tart. \u00f6sszetev\u0151k:\u00a0Aqua (Water), Styrene\/Acrylates Copolymer, Butylene Glycol, Peg-40 Hydrogenated Castor Oil, Phenoxyethanol, Caprylyl Glycol, Acrylates Copolymer, Betaine, Sodium Dehydroacetate, Glycerin, Hydroxyethylcellulose, Etylhexylglycerin, Panthenol, Biotionyl Tripeptide- 1, CI 77499.\" \/>\n<meta property=\"og:url\" content=\"https:\/\/www.eveline.hu\/2016\/eveline-kozmetikumok-szepsegapolas\/smink\/szem\/szemhej-festekek\/precise-brush-szemhejtus\/\" \/>\n<meta property=\"og:site_name\" content=\"Eveline Cosmetics Magyarorsz\u00e1g\" \/>\n<meta property=\"article:modified_time\" content=\"2025-01-20T07:44:28+00:00\" \/>\n<meta property=\"og:image\" content=\"https:\/\/www.eveline.hu\/2016\/wp-content\/uploads\/2020\/02\/precision-tus-w.png\" \/>\n\t<meta property=\"og:image:width\" content=\"750\" \/>\n\t<meta property=\"og:image:height\" content=\"750\" \/>\n\t<meta property=\"og:image:type\" content=\"image\/png\" \/>\n<meta name=\"twitter:card\" content=\"summary_large_image\" \/>\n<script type=\"application\/ld+json\" class=\"yoast-schema-graph\">{\"@context\":\"https:\/\/schema.org\",\"@graph\":[{\"@type\":\"WebPage\",\"@id\":\"https:\/\/www.eveline.hu\/2016\/eveline-kozmetikumok-szepsegapolas\/smink\/szem\/szemhej-festekek\/precise-brush-szemhejtus\/\",\"url\":\"https:\/\/www.eveline.hu\/2016\/eveline-kozmetikumok-szepsegapolas\/smink\/szem\/szemhej-festekek\/precise-brush-szemhejtus\/\",\"name\":\"Precise Brush szemh\u00e9jtus - Eveline Cosmetics Magyarorsz\u00e1g\",\"isPartOf\":{\"@id\":\"https:\/\/www.eveline.hu\/2016\/#website\"},\"primaryImageOfPage\":{\"@id\":\"https:\/\/www.eveline.hu\/2016\/eveline-kozmetikumok-szepsegapolas\/smink\/szem\/szemhej-festekek\/precise-brush-szemhejtus\/#primaryimage\"},\"image\":{\"@id\":\"https:\/\/www.eveline.hu\/2016\/eveline-kozmetikumok-szepsegapolas\/smink\/szem\/szemhej-festekek\/precise-brush-szemhejtus\/#primaryimage\"},\"thumbnailUrl\":\"https:\/\/www.eveline.hu\/2016\/wp-content\/uploads\/2020\/02\/precision-tus-w.png\",\"datePublished\":\"2020-02-21T07:59:33+00:00\",\"dateModified\":\"2025-01-20T07:44:28+00:00\",\"breadcrumb\":{\"@id\":\"https:\/\/www.eveline.hu\/2016\/eveline-kozmetikumok-szepsegapolas\/smink\/szem\/szemhej-festekek\/precise-brush-szemhejtus\/#breadcrumb\"},\"inLanguage\":\"hu\",\"potentialAction\":[{\"@type\":\"ReadAction\",\"target\":[\"https:\/\/www.eveline.hu\/2016\/eveline-kozmetikumok-szepsegapolas\/smink\/szem\/szemhej-festekek\/precise-brush-szemhejtus\/\"]}]},{\"@type\":\"ImageObject\",\"inLanguage\":\"hu\",\"@id\":\"https:\/\/www.eveline.hu\/2016\/eveline-kozmetikumok-szepsegapolas\/smink\/szem\/szemhej-festekek\/precise-brush-szemhejtus\/#primaryimage\",\"url\":\"https:\/\/www.eveline.hu\/2016\/wp-content\/uploads\/2020\/02\/precision-tus-w.png\",\"contentUrl\":\"https:\/\/www.eveline.hu\/2016\/wp-content\/uploads\/2020\/02\/precision-tus-w.png\",\"width\":750,\"height\":750},{\"@type\":\"BreadcrumbList\",\"@id\":\"https:\/\/www.eveline.hu\/2016\/eveline-kozmetikumok-szepsegapolas\/smink\/szem\/szemhej-festekek\/precise-brush-szemhejtus\/#breadcrumb\",\"itemListElement\":[{\"@type\":\"ListItem\",\"position\":1,\"name\":\"Home\",\"item\":\"https:\/\/www.eveline.hu\/2016\/\"},{\"@type\":\"ListItem\",\"position\":2,\"name\":\"Term\u00e9kek\",\"item\":\"https:\/\/www.eveline.hu\/2016\/shop\/\"},{\"@type\":\"ListItem\",\"position\":3,\"name\":\"Precise Brush szemh\u00e9jtus\"}]},{\"@type\":\"WebSite\",\"@id\":\"https:\/\/www.eveline.hu\/2016\/#website\",\"url\":\"https:\/\/www.eveline.hu\/2016\/\",\"name\":\"Eveline Cosmetics Magyarorsz\u00e1g\",\"description\":\"Min\u0151s\u00e9gi kozmetikumok Lengyelorsz\u00e1gb\u00f3l\",\"potentialAction\":[{\"@type\":\"SearchAction\",\"target\":{\"@type\":\"EntryPoint\",\"urlTemplate\":\"https:\/\/www.eveline.hu\/2016\/?s={search_term_string}\"},\"query-input\":\"required name=search_term_string\"}],\"inLanguage\":\"hu\"}]}<\/script>\n<!-- \/ Yoast SEO plugin. -->","yoast_head_json":{"title":"Precise Brush szemh\u00e9jtus - Eveline Cosmetics Magyarorsz\u00e1g","robots":{"index":"index","follow":"follow","max-snippet":"max-snippet:-1","max-image-preview":"max-image-preview:large","max-video-preview":"max-video-preview:-1"},"canonical":"https:\/\/www.eveline.hu\/2016\/eveline-kozmetikumok-szepsegapolas\/smink\/szem\/szemhej-festekek\/precise-brush-szemhejtus\/","og_locale":"hu_HU","og_type":"article","og_title":"Precise Brush szemh\u00e9jtus - Eveline Cosmetics Magyarorsz\u00e1g","og_description":"Akci\u00f3 id\u0151tartama:2020.02.21. &#8211; 07.31. Tart\u00f3s formula 24 \u00f3r\u00e1n \u00e1t tart. \u00f6sszetev\u0151k:\u00a0Aqua (Water), Styrene\/Acrylates Copolymer, Butylene Glycol, Peg-40 Hydrogenated Castor Oil, Phenoxyethanol, Caprylyl Glycol, Acrylates Copolymer, Betaine, Sodium Dehydroacetate, Glycerin, Hydroxyethylcellulose, Etylhexylglycerin, Panthenol, Biotionyl Tripeptide- 1, CI 77499.","og_url":"https:\/\/www.eveline.hu\/2016\/eveline-kozmetikumok-szepsegapolas\/smink\/szem\/szemhej-festekek\/precise-brush-szemhejtus\/","og_site_name":"Eveline Cosmetics Magyarorsz\u00e1g","article_modified_time":"2025-01-20T07:44:28+00:00","og_image":[{"width":750,"height":750,"url":"https:\/\/www.eveline.hu\/2016\/wp-content\/uploads\/2020\/02\/precision-tus-w.png","type":"image\/png"}],"twitter_card":"summary_large_image","schema":{"@context":"https:\/\/schema.org","@graph":[{"@type":"WebPage","@id":"https:\/\/www.eveline.hu\/2016\/eveline-kozmetikumok-szepsegapolas\/smink\/szem\/szemhej-festekek\/precise-brush-szemhejtus\/","url":"https:\/\/www.eveline.hu\/2016\/eveline-kozmetikumok-szepsegapolas\/smink\/szem\/szemhej-festekek\/precise-brush-szemhejtus\/","name":"Precise Brush szemh\u00e9jtus - Eveline Cosmetics Magyarorsz\u00e1g","isPartOf":{"@id":"https:\/\/www.eveline.hu\/2016\/#website"},"primaryImageOfPage":{"@id":"https:\/\/www.eveline.hu\/2016\/eveline-kozmetikumok-szepsegapolas\/smink\/szem\/szemhej-festekek\/precise-brush-szemhejtus\/#primaryimage"},"image":{"@id":"https:\/\/www.eveline.hu\/2016\/eveline-kozmetikumok-szepsegapolas\/smink\/szem\/szemhej-festekek\/precise-brush-szemhejtus\/#primaryimage"},"thumbnailUrl":"https:\/\/www.eveline.hu\/2016\/wp-content\/uploads\/2020\/02\/precision-tus-w.png","datePublished":"2020-02-21T07:59:33+00:00","dateModified":"2025-01-20T07:44:28+00:00","breadcrumb":{"@id":"https:\/\/www.eveline.hu\/2016\/eveline-kozmetikumok-szepsegapolas\/smink\/szem\/szemhej-festekek\/precise-brush-szemhejtus\/#breadcrumb"},"inLanguage":"hu","potentialAction":[{"@type":"ReadAction","target":["https:\/\/www.eveline.hu\/2016\/eveline-kozmetikumok-szepsegapolas\/smink\/szem\/szemhej-festekek\/precise-brush-szemhejtus\/"]}]},{"@type":"ImageObject","inLanguage":"hu","@id":"https:\/\/www.eveline.hu\/2016\/eveline-kozmetikumok-szepsegapolas\/smink\/szem\/szemhej-festekek\/precise-brush-szemhejtus\/#primaryimage","url":"https:\/\/www.eveline.hu\/2016\/wp-content\/uploads\/2020\/02\/precision-tus-w.png","contentUrl":"https:\/\/www.eveline.hu\/2016\/wp-content\/uploads\/2020\/02\/precision-tus-w.png","width":750,"height":750},{"@type":"BreadcrumbList","@id":"https:\/\/www.eveline.hu\/2016\/eveline-kozmetikumok-szepsegapolas\/smink\/szem\/szemhej-festekek\/precise-brush-szemhejtus\/#breadcrumb","itemListElement":[{"@type":"ListItem","position":1,"name":"Home","item":"https:\/\/www.eveline.hu\/2016\/"},{"@type":"ListItem","position":2,"name":"Term\u00e9kek","item":"https:\/\/www.eveline.hu\/2016\/shop\/"},{"@type":"ListItem","position":3,"name":"Precise Brush szemh\u00e9jtus"}]},{"@type":"WebSite","@id":"https:\/\/www.eveline.hu\/2016\/#website","url":"https:\/\/www.eveline.hu\/2016\/","name":"Eveline Cosmetics Magyarorsz\u00e1g","description":"Min\u0151s\u00e9gi kozmetikumok Lengyelorsz\u00e1gb\u00f3l","potentialAction":[{"@type":"SearchAction","target":{"@type":"EntryPoint","urlTemplate":"https:\/\/www.eveline.hu\/2016\/?s={search_term_string}"},"query-input":"required name=search_term_string"}],"inLanguage":"hu"}]}},"_links":{"self":[{"href":"https:\/\/www.eveline.hu\/2016\/wp-json\/wp\/v2\/product\/24983"}],"collection":[{"href":"https:\/\/www.eveline.hu\/2016\/wp-json\/wp\/v2\/product"}],"about":[{"href":"https:\/\/www.eveline.hu\/2016\/wp-json\/wp\/v2\/types\/product"}],"replies":[{"embeddable":true,"href":"https:\/\/www.eveline.hu\/2016\/wp-json\/wp\/v2\/comments?post=24983"}],"wp:featuredmedia":[{"embeddable":true,"href":"https:\/\/www.eveline.hu\/2016\/wp-json\/wp\/v2\/media\/24984"}],"wp:attachment":[{"href":"https:\/\/www.eveline.hu\/2016\/wp-json\/wp\/v2\/media?parent=24983"}],"wp:term":[{"taxonomy":"product_cat","embeddable":true,"href":"https:\/\/www.eveline.hu\/2016\/wp-json\/wp\/v2\/product_cat?post=24983"},{"taxonomy":"product_tag","embeddable":true,"href":"https:\/\/www.eveline.hu\/2016\/wp-json\/wp\/v2\/product_tag?post=24983"}],"curies":[{"name":"wp","href":"https:\/\/api.w.org\/{rel}","templated":true}]}}