{"id":24898,"date":"2020-01-30T08:31:44","date_gmt":"2020-01-30T07:31:44","guid":{"rendered":"https:\/\/www.eveline.hu\/2016\/?post_type=product&#038;p=24898"},"modified":"2022-12-09T12:22:52","modified_gmt":"2022-12-09T11:22:52","slug":"love-vegan-food-vedo-kezkrem-50ml","status":"publish","type":"product","link":"https:\/\/www.eveline.hu\/2016\/eveline-kozmetikumok-szepsegapolas\/szepsegapolas\/kezapolas\/love-vegan-food-vedo-kezkrem-50ml\/","title":{"rendered":"I LOVE VEGAN FOOD  V\u00e9d\u0151 k\u00e9zkr\u00e9m 50ml"},"content":{"rendered":"<p>Hidrat\u00e1l \u00e9s kisim\u00edt<\/p>\n<p>M\u00e1lna \u00e9s koriander kivonattal<\/p>\n<p>A M\u00e1lna \u00e9s Koriander\u00a0 v\u00e9d\u0151 k\u00e9zkr\u00e9m gazdag \u00f6sszet\u00e9tele biztos\u00edtja a sz\u00e1raz \u00e9s kirepedezett k\u00e9zb\u0151r azonnali megnyugtat\u00f3 hat\u00e1s\u00e1t, m\u00e9lyen regener\u00e1lja \u00e9s hidrat\u00e1lja a b\u0151rt.<\/p>\n<p>\u00d6sszetev\u0151k:Aqua (Water), Glycerin, Cetearyl Alcohol, Stearic Acid, Palmitic Acid, Butyrospermum Parkii Butter, Prunus Amygdalus (Sweet Almond) Dulsic Oil, Phenoxyethanol, Sodium Cetearyl Sulfate, Parfum (Fragrance), Panthenol, Theobroma Grandiflorum Seed Butter, Ricinus Communis Seed Oil, Ethylhexyl Palmitate, Hydrogenated Castor Oil, Euphorbia Cerifera Cera, Rubus Chamaemorus Fruit Extract, Coriandrum Sativum (Coriander) Seed Extract, Ethylhexylglycerin, Tocopheryl Acetate, Sodium Benzoate, Potassium Sorbate, Citric Acid, Hexyl Cinnamal, Alpha-Isomethyl Ionone, Citronellol, Butylphenyl Methylpropional, Geraniol.<\/p>\n","protected":false},"excerpt":{"rendered":"<p>50ml (13100 Ft\/L)<\/p>\n","protected":false},"featured_media":24899,"comment_status":"open","ping_status":"closed","template":"","meta":[],"product_cat":[287,125,128,80],"product_tag":[],"yoast_head":"<!-- This site is optimized with the Yoast SEO plugin v22.2 - https:\/\/yoast.com\/wordpress\/plugins\/seo\/ -->\n<title>I LOVE VEGAN FOOD V\u00e9d\u0151 k\u00e9zkr\u00e9m 50ml - Eveline Cosmetics Magyarorsz\u00e1g<\/title>\n<meta name=\"robots\" content=\"index, follow, max-snippet:-1, max-image-preview:large, max-video-preview:-1\" \/>\n<link rel=\"canonical\" href=\"https:\/\/www.eveline.hu\/2016\/eveline-kozmetikumok-szepsegapolas\/szepsegapolas\/kezapolas\/love-vegan-food-vedo-kezkrem-50ml\/\" \/>\n<meta property=\"og:locale\" content=\"hu_HU\" \/>\n<meta property=\"og:type\" content=\"article\" \/>\n<meta property=\"og:title\" content=\"I LOVE VEGAN FOOD V\u00e9d\u0151 k\u00e9zkr\u00e9m 50ml - Eveline Cosmetics Magyarorsz\u00e1g\" \/>\n<meta property=\"og:description\" content=\"50ml (13100 Ft\/L)\" \/>\n<meta property=\"og:url\" content=\"https:\/\/www.eveline.hu\/2016\/eveline-kozmetikumok-szepsegapolas\/szepsegapolas\/kezapolas\/love-vegan-food-vedo-kezkrem-50ml\/\" \/>\n<meta property=\"og:site_name\" content=\"Eveline Cosmetics Magyarorsz\u00e1g\" \/>\n<meta property=\"article:modified_time\" content=\"2022-12-09T11:22:52+00:00\" \/>\n<meta property=\"og:image\" content=\"https:\/\/www.eveline.hu\/2016\/wp-content\/uploads\/2020\/01\/I-LOVE-VEGAN-raspberry-w.png\" \/>\n\t<meta property=\"og:image:width\" content=\"742\" \/>\n\t<meta property=\"og:image:height\" content=\"742\" \/>\n\t<meta property=\"og:image:type\" content=\"image\/png\" \/>\n<meta name=\"twitter:card\" content=\"summary_large_image\" \/>\n<meta name=\"twitter:label1\" content=\"Becs\u00fclt olvas\u00e1si id\u0151\" \/>\n\t<meta name=\"twitter:data1\" content=\"1 perc\" \/>\n<script type=\"application\/ld+json\" class=\"yoast-schema-graph\">{\"@context\":\"https:\/\/schema.org\",\"@graph\":[{\"@type\":\"WebPage\",\"@id\":\"https:\/\/www.eveline.hu\/2016\/eveline-kozmetikumok-szepsegapolas\/szepsegapolas\/kezapolas\/love-vegan-food-vedo-kezkrem-50ml\/\",\"url\":\"https:\/\/www.eveline.hu\/2016\/eveline-kozmetikumok-szepsegapolas\/szepsegapolas\/kezapolas\/love-vegan-food-vedo-kezkrem-50ml\/\",\"name\":\"I LOVE VEGAN FOOD V\u00e9d\u0151 k\u00e9zkr\u00e9m 50ml - Eveline Cosmetics Magyarorsz\u00e1g\",\"isPartOf\":{\"@id\":\"https:\/\/www.eveline.hu\/2016\/#website\"},\"primaryImageOfPage\":{\"@id\":\"https:\/\/www.eveline.hu\/2016\/eveline-kozmetikumok-szepsegapolas\/szepsegapolas\/kezapolas\/love-vegan-food-vedo-kezkrem-50ml\/#primaryimage\"},\"image\":{\"@id\":\"https:\/\/www.eveline.hu\/2016\/eveline-kozmetikumok-szepsegapolas\/szepsegapolas\/kezapolas\/love-vegan-food-vedo-kezkrem-50ml\/#primaryimage\"},\"thumbnailUrl\":\"https:\/\/www.eveline.hu\/2016\/wp-content\/uploads\/2020\/01\/I-LOVE-VEGAN-raspberry-w.png\",\"datePublished\":\"2020-01-30T07:31:44+00:00\",\"dateModified\":\"2022-12-09T11:22:52+00:00\",\"breadcrumb\":{\"@id\":\"https:\/\/www.eveline.hu\/2016\/eveline-kozmetikumok-szepsegapolas\/szepsegapolas\/kezapolas\/love-vegan-food-vedo-kezkrem-50ml\/#breadcrumb\"},\"inLanguage\":\"hu\",\"potentialAction\":[{\"@type\":\"ReadAction\",\"target\":[\"https:\/\/www.eveline.hu\/2016\/eveline-kozmetikumok-szepsegapolas\/szepsegapolas\/kezapolas\/love-vegan-food-vedo-kezkrem-50ml\/\"]}]},{\"@type\":\"ImageObject\",\"inLanguage\":\"hu\",\"@id\":\"https:\/\/www.eveline.hu\/2016\/eveline-kozmetikumok-szepsegapolas\/szepsegapolas\/kezapolas\/love-vegan-food-vedo-kezkrem-50ml\/#primaryimage\",\"url\":\"https:\/\/www.eveline.hu\/2016\/wp-content\/uploads\/2020\/01\/I-LOVE-VEGAN-raspberry-w.png\",\"contentUrl\":\"https:\/\/www.eveline.hu\/2016\/wp-content\/uploads\/2020\/01\/I-LOVE-VEGAN-raspberry-w.png\",\"width\":742,\"height\":742},{\"@type\":\"BreadcrumbList\",\"@id\":\"https:\/\/www.eveline.hu\/2016\/eveline-kozmetikumok-szepsegapolas\/szepsegapolas\/kezapolas\/love-vegan-food-vedo-kezkrem-50ml\/#breadcrumb\",\"itemListElement\":[{\"@type\":\"ListItem\",\"position\":1,\"name\":\"Home\",\"item\":\"https:\/\/www.eveline.hu\/2016\/\"},{\"@type\":\"ListItem\",\"position\":2,\"name\":\"Term\u00e9kek\",\"item\":\"https:\/\/www.eveline.hu\/2016\/shop\/\"},{\"@type\":\"ListItem\",\"position\":3,\"name\":\"I LOVE VEGAN FOOD V\u00e9d\u0151 k\u00e9zkr\u00e9m 50ml\"}]},{\"@type\":\"WebSite\",\"@id\":\"https:\/\/www.eveline.hu\/2016\/#website\",\"url\":\"https:\/\/www.eveline.hu\/2016\/\",\"name\":\"Eveline Cosmetics Magyarorsz\u00e1g\",\"description\":\"Min\u0151s\u00e9gi kozmetikumok Lengyelorsz\u00e1gb\u00f3l\",\"potentialAction\":[{\"@type\":\"SearchAction\",\"target\":{\"@type\":\"EntryPoint\",\"urlTemplate\":\"https:\/\/www.eveline.hu\/2016\/?s={search_term_string}\"},\"query-input\":\"required name=search_term_string\"}],\"inLanguage\":\"hu\"}]}<\/script>\n<!-- \/ Yoast SEO plugin. -->","yoast_head_json":{"title":"I LOVE VEGAN FOOD V\u00e9d\u0151 k\u00e9zkr\u00e9m 50ml - Eveline Cosmetics Magyarorsz\u00e1g","robots":{"index":"index","follow":"follow","max-snippet":"max-snippet:-1","max-image-preview":"max-image-preview:large","max-video-preview":"max-video-preview:-1"},"canonical":"https:\/\/www.eveline.hu\/2016\/eveline-kozmetikumok-szepsegapolas\/szepsegapolas\/kezapolas\/love-vegan-food-vedo-kezkrem-50ml\/","og_locale":"hu_HU","og_type":"article","og_title":"I LOVE VEGAN FOOD V\u00e9d\u0151 k\u00e9zkr\u00e9m 50ml - Eveline Cosmetics Magyarorsz\u00e1g","og_description":"50ml (13100 Ft\/L)","og_url":"https:\/\/www.eveline.hu\/2016\/eveline-kozmetikumok-szepsegapolas\/szepsegapolas\/kezapolas\/love-vegan-food-vedo-kezkrem-50ml\/","og_site_name":"Eveline Cosmetics Magyarorsz\u00e1g","article_modified_time":"2022-12-09T11:22:52+00:00","og_image":[{"width":742,"height":742,"url":"https:\/\/www.eveline.hu\/2016\/wp-content\/uploads\/2020\/01\/I-LOVE-VEGAN-raspberry-w.png","type":"image\/png"}],"twitter_card":"summary_large_image","twitter_misc":{"Becs\u00fclt olvas\u00e1si id\u0151":"1 perc"},"schema":{"@context":"https:\/\/schema.org","@graph":[{"@type":"WebPage","@id":"https:\/\/www.eveline.hu\/2016\/eveline-kozmetikumok-szepsegapolas\/szepsegapolas\/kezapolas\/love-vegan-food-vedo-kezkrem-50ml\/","url":"https:\/\/www.eveline.hu\/2016\/eveline-kozmetikumok-szepsegapolas\/szepsegapolas\/kezapolas\/love-vegan-food-vedo-kezkrem-50ml\/","name":"I LOVE VEGAN FOOD V\u00e9d\u0151 k\u00e9zkr\u00e9m 50ml - Eveline Cosmetics Magyarorsz\u00e1g","isPartOf":{"@id":"https:\/\/www.eveline.hu\/2016\/#website"},"primaryImageOfPage":{"@id":"https:\/\/www.eveline.hu\/2016\/eveline-kozmetikumok-szepsegapolas\/szepsegapolas\/kezapolas\/love-vegan-food-vedo-kezkrem-50ml\/#primaryimage"},"image":{"@id":"https:\/\/www.eveline.hu\/2016\/eveline-kozmetikumok-szepsegapolas\/szepsegapolas\/kezapolas\/love-vegan-food-vedo-kezkrem-50ml\/#primaryimage"},"thumbnailUrl":"https:\/\/www.eveline.hu\/2016\/wp-content\/uploads\/2020\/01\/I-LOVE-VEGAN-raspberry-w.png","datePublished":"2020-01-30T07:31:44+00:00","dateModified":"2022-12-09T11:22:52+00:00","breadcrumb":{"@id":"https:\/\/www.eveline.hu\/2016\/eveline-kozmetikumok-szepsegapolas\/szepsegapolas\/kezapolas\/love-vegan-food-vedo-kezkrem-50ml\/#breadcrumb"},"inLanguage":"hu","potentialAction":[{"@type":"ReadAction","target":["https:\/\/www.eveline.hu\/2016\/eveline-kozmetikumok-szepsegapolas\/szepsegapolas\/kezapolas\/love-vegan-food-vedo-kezkrem-50ml\/"]}]},{"@type":"ImageObject","inLanguage":"hu","@id":"https:\/\/www.eveline.hu\/2016\/eveline-kozmetikumok-szepsegapolas\/szepsegapolas\/kezapolas\/love-vegan-food-vedo-kezkrem-50ml\/#primaryimage","url":"https:\/\/www.eveline.hu\/2016\/wp-content\/uploads\/2020\/01\/I-LOVE-VEGAN-raspberry-w.png","contentUrl":"https:\/\/www.eveline.hu\/2016\/wp-content\/uploads\/2020\/01\/I-LOVE-VEGAN-raspberry-w.png","width":742,"height":742},{"@type":"BreadcrumbList","@id":"https:\/\/www.eveline.hu\/2016\/eveline-kozmetikumok-szepsegapolas\/szepsegapolas\/kezapolas\/love-vegan-food-vedo-kezkrem-50ml\/#breadcrumb","itemListElement":[{"@type":"ListItem","position":1,"name":"Home","item":"https:\/\/www.eveline.hu\/2016\/"},{"@type":"ListItem","position":2,"name":"Term\u00e9kek","item":"https:\/\/www.eveline.hu\/2016\/shop\/"},{"@type":"ListItem","position":3,"name":"I LOVE VEGAN FOOD V\u00e9d\u0151 k\u00e9zkr\u00e9m 50ml"}]},{"@type":"WebSite","@id":"https:\/\/www.eveline.hu\/2016\/#website","url":"https:\/\/www.eveline.hu\/2016\/","name":"Eveline Cosmetics Magyarorsz\u00e1g","description":"Min\u0151s\u00e9gi kozmetikumok Lengyelorsz\u00e1gb\u00f3l","potentialAction":[{"@type":"SearchAction","target":{"@type":"EntryPoint","urlTemplate":"https:\/\/www.eveline.hu\/2016\/?s={search_term_string}"},"query-input":"required name=search_term_string"}],"inLanguage":"hu"}]}},"_links":{"self":[{"href":"https:\/\/www.eveline.hu\/2016\/wp-json\/wp\/v2\/product\/24898"}],"collection":[{"href":"https:\/\/www.eveline.hu\/2016\/wp-json\/wp\/v2\/product"}],"about":[{"href":"https:\/\/www.eveline.hu\/2016\/wp-json\/wp\/v2\/types\/product"}],"replies":[{"embeddable":true,"href":"https:\/\/www.eveline.hu\/2016\/wp-json\/wp\/v2\/comments?post=24898"}],"wp:featuredmedia":[{"embeddable":true,"href":"https:\/\/www.eveline.hu\/2016\/wp-json\/wp\/v2\/media\/24899"}],"wp:attachment":[{"href":"https:\/\/www.eveline.hu\/2016\/wp-json\/wp\/v2\/media?parent=24898"}],"wp:term":[{"taxonomy":"product_cat","embeddable":true,"href":"https:\/\/www.eveline.hu\/2016\/wp-json\/wp\/v2\/product_cat?post=24898"},{"taxonomy":"product_tag","embeddable":true,"href":"https:\/\/www.eveline.hu\/2016\/wp-json\/wp\/v2\/product_tag?post=24898"}],"curies":[{"name":"wp","href":"https:\/\/api.w.org\/{rel}","templated":true}]}}