{"id":24896,"date":"2020-01-30T08:28:04","date_gmt":"2020-01-30T07:28:04","guid":{"rendered":"https:\/\/www.eveline.hu\/2016\/?post_type=product&#038;p=24896"},"modified":"2025-08-15T12:45:11","modified_gmt":"2025-08-15T10:45:11","slug":"love-vegan-food-regeneralo-kezkrem-50ml","status":"publish","type":"product","link":"https:\/\/www.eveline.hu\/2016\/eveline-kozmetikumok-szepsegapolas\/szepsegapolas\/kezapolas\/love-vegan-food-regeneralo-kezkrem-50ml\/","title":{"rendered":"I LOVE VEGAN FOOD  Regener\u00e1l\u00f3 k\u00e9zkr\u00e9m 50ml"},"content":{"rendered":"<p>T\u00e1pl\u00e1l \u00e9s nyugtat<\/p>\n<p>Hibiszkusz \u00e9s avok\u00e1d\u00f3 kivonattal<br \/>\nA Hibiszkusz \u00e9s Avok\u00e1d\u00f3\u00a0 regener\u00e1l\u00f3 k\u00e9zkr\u00e9m\u00a0 helyre\u00e1ll\u00edtja\u00a0 az irrit\u00e1lt \u00e9s s\u00e9r\u00fclt k\u00e9zb\u0151r fel\u00fclet\u00e9t.<br \/>\nM\u00e9lyen regener\u00e1l \u00a0\u00e9s hidrat\u00e1l<\/p>\n<p>\u00d6sszetev\u0151k:Aqua (Water), Glycerin, Cetearyl Alcohol, Stearic Acid, Palmitic Acid, Butyrospermum Parkii Butter, Prunus Amygdalus (Sweet Almond) Dulsic Oil, Persea Gratissima (Avocado) Oil, Phenoxyethanol, Sodium Cetearyl Sulfate, Parfum (Fragrance), Allantoin, Ricinus Communis Seed Oil, Ethylhexyl Palmitate, Hydrogenated Castor Oil, Euphorbia Cerifera Cera, Hibiscus Sabdariffa Flower Extract, Olus Oil, Tocopherol, Ethylhexylglycerin, Tocopheryl Acetate, Sodium Benzoate, Potassium Sorbate.<\/p>\n","protected":false},"excerpt":{"rendered":"<p>50ml (13100 Ft\/L)<\/p>\n","protected":false},"featured_media":24897,"comment_status":"open","ping_status":"closed","template":"","meta":[],"product_cat":[287,125,128,80],"product_tag":[],"yoast_head":"<!-- This site is optimized with the Yoast SEO plugin v22.2 - https:\/\/yoast.com\/wordpress\/plugins\/seo\/ -->\n<title>I LOVE VEGAN FOOD Regener\u00e1l\u00f3 k\u00e9zkr\u00e9m 50ml - Eveline Cosmetics Magyarorsz\u00e1g<\/title>\n<meta name=\"robots\" content=\"index, follow, max-snippet:-1, max-image-preview:large, max-video-preview:-1\" \/>\n<link rel=\"canonical\" href=\"https:\/\/www.eveline.hu\/2016\/eveline-kozmetikumok-szepsegapolas\/szepsegapolas\/kezapolas\/love-vegan-food-regeneralo-kezkrem-50ml\/\" \/>\n<meta property=\"og:locale\" content=\"hu_HU\" \/>\n<meta property=\"og:type\" content=\"article\" \/>\n<meta property=\"og:title\" content=\"I LOVE VEGAN FOOD Regener\u00e1l\u00f3 k\u00e9zkr\u00e9m 50ml - Eveline Cosmetics Magyarorsz\u00e1g\" \/>\n<meta property=\"og:description\" content=\"50ml (13100 Ft\/L)\" \/>\n<meta property=\"og:url\" content=\"https:\/\/www.eveline.hu\/2016\/eveline-kozmetikumok-szepsegapolas\/szepsegapolas\/kezapolas\/love-vegan-food-regeneralo-kezkrem-50ml\/\" \/>\n<meta property=\"og:site_name\" content=\"Eveline Cosmetics Magyarorsz\u00e1g\" \/>\n<meta property=\"article:modified_time\" content=\"2025-08-15T10:45:11+00:00\" \/>\n<meta property=\"og:image\" content=\"https:\/\/www.eveline.hu\/2016\/wp-content\/uploads\/2020\/01\/I-LOVE-VEGAN-avocado-w.png\" \/>\n\t<meta property=\"og:image:width\" content=\"742\" \/>\n\t<meta property=\"og:image:height\" content=\"742\" \/>\n\t<meta property=\"og:image:type\" content=\"image\/png\" \/>\n<meta name=\"twitter:card\" content=\"summary_large_image\" \/>\n<meta name=\"twitter:label1\" content=\"Becs\u00fclt olvas\u00e1si id\u0151\" \/>\n\t<meta name=\"twitter:data1\" content=\"1 perc\" \/>\n<script type=\"application\/ld+json\" class=\"yoast-schema-graph\">{\"@context\":\"https:\/\/schema.org\",\"@graph\":[{\"@type\":\"WebPage\",\"@id\":\"https:\/\/www.eveline.hu\/2016\/eveline-kozmetikumok-szepsegapolas\/szepsegapolas\/kezapolas\/love-vegan-food-regeneralo-kezkrem-50ml\/\",\"url\":\"https:\/\/www.eveline.hu\/2016\/eveline-kozmetikumok-szepsegapolas\/szepsegapolas\/kezapolas\/love-vegan-food-regeneralo-kezkrem-50ml\/\",\"name\":\"I LOVE VEGAN FOOD Regener\u00e1l\u00f3 k\u00e9zkr\u00e9m 50ml - Eveline Cosmetics Magyarorsz\u00e1g\",\"isPartOf\":{\"@id\":\"https:\/\/www.eveline.hu\/2016\/#website\"},\"primaryImageOfPage\":{\"@id\":\"https:\/\/www.eveline.hu\/2016\/eveline-kozmetikumok-szepsegapolas\/szepsegapolas\/kezapolas\/love-vegan-food-regeneralo-kezkrem-50ml\/#primaryimage\"},\"image\":{\"@id\":\"https:\/\/www.eveline.hu\/2016\/eveline-kozmetikumok-szepsegapolas\/szepsegapolas\/kezapolas\/love-vegan-food-regeneralo-kezkrem-50ml\/#primaryimage\"},\"thumbnailUrl\":\"https:\/\/www.eveline.hu\/2016\/wp-content\/uploads\/2020\/01\/I-LOVE-VEGAN-avocado-w.png\",\"datePublished\":\"2020-01-30T07:28:04+00:00\",\"dateModified\":\"2025-08-15T10:45:11+00:00\",\"breadcrumb\":{\"@id\":\"https:\/\/www.eveline.hu\/2016\/eveline-kozmetikumok-szepsegapolas\/szepsegapolas\/kezapolas\/love-vegan-food-regeneralo-kezkrem-50ml\/#breadcrumb\"},\"inLanguage\":\"hu\",\"potentialAction\":[{\"@type\":\"ReadAction\",\"target\":[\"https:\/\/www.eveline.hu\/2016\/eveline-kozmetikumok-szepsegapolas\/szepsegapolas\/kezapolas\/love-vegan-food-regeneralo-kezkrem-50ml\/\"]}]},{\"@type\":\"ImageObject\",\"inLanguage\":\"hu\",\"@id\":\"https:\/\/www.eveline.hu\/2016\/eveline-kozmetikumok-szepsegapolas\/szepsegapolas\/kezapolas\/love-vegan-food-regeneralo-kezkrem-50ml\/#primaryimage\",\"url\":\"https:\/\/www.eveline.hu\/2016\/wp-content\/uploads\/2020\/01\/I-LOVE-VEGAN-avocado-w.png\",\"contentUrl\":\"https:\/\/www.eveline.hu\/2016\/wp-content\/uploads\/2020\/01\/I-LOVE-VEGAN-avocado-w.png\",\"width\":742,\"height\":742},{\"@type\":\"BreadcrumbList\",\"@id\":\"https:\/\/www.eveline.hu\/2016\/eveline-kozmetikumok-szepsegapolas\/szepsegapolas\/kezapolas\/love-vegan-food-regeneralo-kezkrem-50ml\/#breadcrumb\",\"itemListElement\":[{\"@type\":\"ListItem\",\"position\":1,\"name\":\"Home\",\"item\":\"https:\/\/www.eveline.hu\/2016\/\"},{\"@type\":\"ListItem\",\"position\":2,\"name\":\"Term\u00e9kek\",\"item\":\"https:\/\/www.eveline.hu\/2016\/shop\/\"},{\"@type\":\"ListItem\",\"position\":3,\"name\":\"I LOVE VEGAN FOOD Regener\u00e1l\u00f3 k\u00e9zkr\u00e9m 50ml\"}]},{\"@type\":\"WebSite\",\"@id\":\"https:\/\/www.eveline.hu\/2016\/#website\",\"url\":\"https:\/\/www.eveline.hu\/2016\/\",\"name\":\"Eveline Cosmetics Magyarorsz\u00e1g\",\"description\":\"Min\u0151s\u00e9gi kozmetikumok Lengyelorsz\u00e1gb\u00f3l\",\"potentialAction\":[{\"@type\":\"SearchAction\",\"target\":{\"@type\":\"EntryPoint\",\"urlTemplate\":\"https:\/\/www.eveline.hu\/2016\/?s={search_term_string}\"},\"query-input\":\"required name=search_term_string\"}],\"inLanguage\":\"hu\"}]}<\/script>\n<!-- \/ Yoast SEO plugin. -->","yoast_head_json":{"title":"I LOVE VEGAN FOOD Regener\u00e1l\u00f3 k\u00e9zkr\u00e9m 50ml - Eveline Cosmetics Magyarorsz\u00e1g","robots":{"index":"index","follow":"follow","max-snippet":"max-snippet:-1","max-image-preview":"max-image-preview:large","max-video-preview":"max-video-preview:-1"},"canonical":"https:\/\/www.eveline.hu\/2016\/eveline-kozmetikumok-szepsegapolas\/szepsegapolas\/kezapolas\/love-vegan-food-regeneralo-kezkrem-50ml\/","og_locale":"hu_HU","og_type":"article","og_title":"I LOVE VEGAN FOOD Regener\u00e1l\u00f3 k\u00e9zkr\u00e9m 50ml - Eveline Cosmetics Magyarorsz\u00e1g","og_description":"50ml (13100 Ft\/L)","og_url":"https:\/\/www.eveline.hu\/2016\/eveline-kozmetikumok-szepsegapolas\/szepsegapolas\/kezapolas\/love-vegan-food-regeneralo-kezkrem-50ml\/","og_site_name":"Eveline Cosmetics Magyarorsz\u00e1g","article_modified_time":"2025-08-15T10:45:11+00:00","og_image":[{"width":742,"height":742,"url":"https:\/\/www.eveline.hu\/2016\/wp-content\/uploads\/2020\/01\/I-LOVE-VEGAN-avocado-w.png","type":"image\/png"}],"twitter_card":"summary_large_image","twitter_misc":{"Becs\u00fclt olvas\u00e1si id\u0151":"1 perc"},"schema":{"@context":"https:\/\/schema.org","@graph":[{"@type":"WebPage","@id":"https:\/\/www.eveline.hu\/2016\/eveline-kozmetikumok-szepsegapolas\/szepsegapolas\/kezapolas\/love-vegan-food-regeneralo-kezkrem-50ml\/","url":"https:\/\/www.eveline.hu\/2016\/eveline-kozmetikumok-szepsegapolas\/szepsegapolas\/kezapolas\/love-vegan-food-regeneralo-kezkrem-50ml\/","name":"I LOVE VEGAN FOOD Regener\u00e1l\u00f3 k\u00e9zkr\u00e9m 50ml - Eveline Cosmetics Magyarorsz\u00e1g","isPartOf":{"@id":"https:\/\/www.eveline.hu\/2016\/#website"},"primaryImageOfPage":{"@id":"https:\/\/www.eveline.hu\/2016\/eveline-kozmetikumok-szepsegapolas\/szepsegapolas\/kezapolas\/love-vegan-food-regeneralo-kezkrem-50ml\/#primaryimage"},"image":{"@id":"https:\/\/www.eveline.hu\/2016\/eveline-kozmetikumok-szepsegapolas\/szepsegapolas\/kezapolas\/love-vegan-food-regeneralo-kezkrem-50ml\/#primaryimage"},"thumbnailUrl":"https:\/\/www.eveline.hu\/2016\/wp-content\/uploads\/2020\/01\/I-LOVE-VEGAN-avocado-w.png","datePublished":"2020-01-30T07:28:04+00:00","dateModified":"2025-08-15T10:45:11+00:00","breadcrumb":{"@id":"https:\/\/www.eveline.hu\/2016\/eveline-kozmetikumok-szepsegapolas\/szepsegapolas\/kezapolas\/love-vegan-food-regeneralo-kezkrem-50ml\/#breadcrumb"},"inLanguage":"hu","potentialAction":[{"@type":"ReadAction","target":["https:\/\/www.eveline.hu\/2016\/eveline-kozmetikumok-szepsegapolas\/szepsegapolas\/kezapolas\/love-vegan-food-regeneralo-kezkrem-50ml\/"]}]},{"@type":"ImageObject","inLanguage":"hu","@id":"https:\/\/www.eveline.hu\/2016\/eveline-kozmetikumok-szepsegapolas\/szepsegapolas\/kezapolas\/love-vegan-food-regeneralo-kezkrem-50ml\/#primaryimage","url":"https:\/\/www.eveline.hu\/2016\/wp-content\/uploads\/2020\/01\/I-LOVE-VEGAN-avocado-w.png","contentUrl":"https:\/\/www.eveline.hu\/2016\/wp-content\/uploads\/2020\/01\/I-LOVE-VEGAN-avocado-w.png","width":742,"height":742},{"@type":"BreadcrumbList","@id":"https:\/\/www.eveline.hu\/2016\/eveline-kozmetikumok-szepsegapolas\/szepsegapolas\/kezapolas\/love-vegan-food-regeneralo-kezkrem-50ml\/#breadcrumb","itemListElement":[{"@type":"ListItem","position":1,"name":"Home","item":"https:\/\/www.eveline.hu\/2016\/"},{"@type":"ListItem","position":2,"name":"Term\u00e9kek","item":"https:\/\/www.eveline.hu\/2016\/shop\/"},{"@type":"ListItem","position":3,"name":"I LOVE VEGAN FOOD Regener\u00e1l\u00f3 k\u00e9zkr\u00e9m 50ml"}]},{"@type":"WebSite","@id":"https:\/\/www.eveline.hu\/2016\/#website","url":"https:\/\/www.eveline.hu\/2016\/","name":"Eveline Cosmetics Magyarorsz\u00e1g","description":"Min\u0151s\u00e9gi kozmetikumok Lengyelorsz\u00e1gb\u00f3l","potentialAction":[{"@type":"SearchAction","target":{"@type":"EntryPoint","urlTemplate":"https:\/\/www.eveline.hu\/2016\/?s={search_term_string}"},"query-input":"required name=search_term_string"}],"inLanguage":"hu"}]}},"_links":{"self":[{"href":"https:\/\/www.eveline.hu\/2016\/wp-json\/wp\/v2\/product\/24896"}],"collection":[{"href":"https:\/\/www.eveline.hu\/2016\/wp-json\/wp\/v2\/product"}],"about":[{"href":"https:\/\/www.eveline.hu\/2016\/wp-json\/wp\/v2\/types\/product"}],"replies":[{"embeddable":true,"href":"https:\/\/www.eveline.hu\/2016\/wp-json\/wp\/v2\/comments?post=24896"}],"wp:featuredmedia":[{"embeddable":true,"href":"https:\/\/www.eveline.hu\/2016\/wp-json\/wp\/v2\/media\/24897"}],"wp:attachment":[{"href":"https:\/\/www.eveline.hu\/2016\/wp-json\/wp\/v2\/media?parent=24896"}],"wp:term":[{"taxonomy":"product_cat","embeddable":true,"href":"https:\/\/www.eveline.hu\/2016\/wp-json\/wp\/v2\/product_cat?post=24896"},{"taxonomy":"product_tag","embeddable":true,"href":"https:\/\/www.eveline.hu\/2016\/wp-json\/wp\/v2\/product_tag?post=24896"}],"curies":[{"name":"wp","href":"https:\/\/api.w.org\/{rel}","templated":true}]}}