{"id":24808,"date":"2020-01-08T14:54:05","date_gmt":"2020-01-08T13:54:05","guid":{"rendered":"https:\/\/www.eveline.hu\/2016\/?post_type=product&#038;p=24808"},"modified":"2025-03-28T18:19:02","modified_gmt":"2025-03-28T17:19:02","slug":"oh-lips-ajakdusito-chili-45-ml","status":"publish","type":"product","link":"https:\/\/www.eveline.hu\/2016\/eveline-kozmetikumok-szepsegapolas\/smink\/szaj\/szajfenyek\/oh-lips-ajakdusito-chili-45-ml\/","title":{"rendered":"OH! MY LIPS  Ajakd\u00fas\u00edt\u00f3 Chili 4,5 ml"},"content":{"rendered":"<p><strong>OH! MY LIPS \u00a04,5 ml<\/strong><\/p>\n<p>Ajak maximaliz\u00e1l\u00f3, d\u00fas ajkak<\/p>\n<p>Akt\u00edv \u00f6sszetev\u0151k: chili paprika, hialuronsav, jojoba olaj, gy\u00f6mb\u00e9r kivonat, kapszaicin, vitaminok<\/p>\n<p>A chili paprik\u00e1val rendelkez\u0151 d\u00fas\u00edt\u00f3 ajakf\u00e9ny kiv\u00e1l\u00f3 alternativa az invaz\u00edv ajakn\u00f6vel\u0151 kezel\u00e9snek a hialuronsavval.<\/p>\n<p>VOLUME MAXIMIZE a leg\u00fajabb technol\u00f3gia k\u00f6zvetlen\u00fcl az alkalmaz\u00e1s ut\u00e1n a chili paprika tartalm\u00e1nak k\u00f6sz\u00f6nhet\u0151en kit\u00e1g\u00edtja az ereket \u00e9s felgyors\u00edtja a mikrokering\u00e9st.<\/p>\n<p>M\u00e1r 5 perccel az alkalmaz\u00e1s ut\u00e1n az ajkak l\u00e1that\u00f3an megduzzadnak, mik\u00f6zben alakjuk cs\u00e1b\u00edt\u00f3an kiemelkedik. Olajokban gazdag formula(avokad\u00f3, cannabis, makad\u00e1mia, ricinus) valamint a vitaminok \u00e9s a gy\u00f6mb\u00e9rkivonat t\u00e1pl\u00e1lja, puh\u00edtja az ajkak b\u0151r\u00e9t \u00e9s fokozza a term\u00e9szetes t\u00f3nus\u00e1t.<\/p>\n<p><strong>Biztons\u00e1gi figyelmeztet\u00e9s!<\/strong><\/p>\n<p><strong>Vigy\u00e1zat! <\/strong>A bizserget\u0151\u00a0 \u00e9s h\u0171s\u00edt\u0151 \u00e9rz\u00e9s garant\u00e1lja a hat\u00f3anyagok hat\u00e1s\u00e1t<strong>.<\/strong><\/p>\n<p>\u00d6sszetev\u0151k:Polybutene, Pentaerythrityl Tetraisostearate, Paraffinum Liquidum, Diisostearyl Malate, Isocetyl Stearoyl Stearate, Glyceryl Behenate, Caprylic\/Capric Triglyceride, VP\/Hexadecene Copolymer, Glyceryl Hydrogenated Rosinate, Hydroxystearic Acid, Capsicum Frutescens Fruit Extract, Macadamia Ternifolia Seed Oil, Olus Oil, Tocopherol, Persea Gratissima Oil, Cannabis Sativa Seed Oil, Propylene Glycol, Water, Zingiber Officinale (Ginger) Root Extract, Benzyl Nicotinate, Ethylhexyl Palmitate, Tribehenin, Sorbitan Isostearate, Palmitoyl Oligopeptide, Ricinus Communis Seed Oil, Simmondsia Chinensis Seed Oil, Sodium Hyaluronate, Octyldodeceth-25, Phenoxyethanol, Decylene Glycol, PEG-8, Ascorbyl Palmitate, Ascorbic Acid, Citric Acid, Dipotassium Glycyrrhizate, Octyldodecanol, Stearic Acid, Magnesium Hydroxide, Aluminum Hydroxide, Sorbitan Oleate, Ethylhexyl Methoxycinnamate, Butyl Methoxydibenzoylmethane, Ethylhexyl Salicylate, Pentaerythrityl Tetra-di-t-butyl Hydroxyhydrocinnamate, Benzotriazolyl Dodecyl p-Cresol, Parfum, Benzyl Benzoate, Benzyl Alcohol, Anise Alcohol, Silica, Mica, Tin Oxide, CI 77891, CI 77491, CI 77492, CI 77499, CI 45410.<\/p>\n<p>&nbsp;<\/p>\n","protected":false},"excerpt":{"rendered":"<p>OH! MY LIPS \u00a04,5 ml Ajak maximaliz\u00e1l\u00f3, d\u00fas ajkak Akt\u00edv \u00f6sszetev\u0151k: chili paprika, hialuronsav, jojoba olaj, gy\u00f6mb\u00e9r kivonat, kapszaicin, vitaminok A chili paprik\u00e1val rendelkez\u0151 d\u00fas\u00edt\u00f3 ajakf\u00e9ny kiv\u00e1l\u00f3 alternativa az invaz\u00edv ajakn\u00f6vel\u0151 kezel\u00e9snek a hialuronsavval. VOLUME MAXIMIZE a leg\u00fajabb technol\u00f3gia k\u00f6zvetlen\u00fcl [&hellip;]<\/p>\n","protected":false},"featured_media":24809,"comment_status":"open","ping_status":"closed","template":"","meta":[],"product_cat":[130,152,154,125,134,80,114],"product_tag":[],"yoast_head":"<!-- This site is optimized with the Yoast SEO plugin v22.2 - https:\/\/yoast.com\/wordpress\/plugins\/seo\/ -->\n<title>OH! MY LIPS Ajakd\u00fas\u00edt\u00f3 Chili 4,5 ml - Eveline Cosmetics Magyarorsz\u00e1g<\/title>\n<meta name=\"robots\" content=\"index, follow, max-snippet:-1, max-image-preview:large, max-video-preview:-1\" \/>\n<link rel=\"canonical\" href=\"https:\/\/www.eveline.hu\/2016\/eveline-kozmetikumok-szepsegapolas\/smink\/szaj\/szajfenyek\/oh-lips-ajakdusito-chili-45-ml\/\" \/>\n<meta property=\"og:locale\" content=\"hu_HU\" \/>\n<meta property=\"og:type\" content=\"article\" \/>\n<meta property=\"og:title\" content=\"OH! MY LIPS Ajakd\u00fas\u00edt\u00f3 Chili 4,5 ml - Eveline Cosmetics Magyarorsz\u00e1g\" \/>\n<meta property=\"og:description\" content=\"OH! MY LIPS \u00a04,5 ml Ajak maximaliz\u00e1l\u00f3, d\u00fas ajkak Akt\u00edv \u00f6sszetev\u0151k: chili paprika, hialuronsav, jojoba olaj, gy\u00f6mb\u00e9r kivonat, kapszaicin, vitaminok A chili paprik\u00e1val rendelkez\u0151 d\u00fas\u00edt\u00f3 ajakf\u00e9ny kiv\u00e1l\u00f3 alternativa az invaz\u00edv ajakn\u00f6vel\u0151 kezel\u00e9snek a hialuronsavval. VOLUME MAXIMIZE a leg\u00fajabb technol\u00f3gia k\u00f6zvetlen\u00fcl [&hellip;]\" \/>\n<meta property=\"og:url\" content=\"https:\/\/www.eveline.hu\/2016\/eveline-kozmetikumok-szepsegapolas\/smink\/szaj\/szajfenyek\/oh-lips-ajakdusito-chili-45-ml\/\" \/>\n<meta property=\"og:site_name\" content=\"Eveline Cosmetics Magyarorsz\u00e1g\" \/>\n<meta property=\"article:modified_time\" content=\"2025-03-28T17:19:02+00:00\" \/>\n<meta property=\"og:image\" content=\"https:\/\/www.eveline.hu\/2016\/wp-content\/uploads\/2020\/01\/OH-My-lips-chili-45ml-w.png\" \/>\n\t<meta property=\"og:image:width\" content=\"750\" \/>\n\t<meta property=\"og:image:height\" content=\"750\" \/>\n\t<meta property=\"og:image:type\" content=\"image\/png\" \/>\n<meta name=\"twitter:card\" content=\"summary_large_image\" \/>\n<meta name=\"twitter:label1\" content=\"Becs\u00fclt olvas\u00e1si id\u0151\" \/>\n\t<meta name=\"twitter:data1\" content=\"1 perc\" \/>\n<script type=\"application\/ld+json\" class=\"yoast-schema-graph\">{\"@context\":\"https:\/\/schema.org\",\"@graph\":[{\"@type\":\"WebPage\",\"@id\":\"https:\/\/www.eveline.hu\/2016\/eveline-kozmetikumok-szepsegapolas\/smink\/szaj\/szajfenyek\/oh-lips-ajakdusito-chili-45-ml\/\",\"url\":\"https:\/\/www.eveline.hu\/2016\/eveline-kozmetikumok-szepsegapolas\/smink\/szaj\/szajfenyek\/oh-lips-ajakdusito-chili-45-ml\/\",\"name\":\"OH! MY LIPS Ajakd\u00fas\u00edt\u00f3 Chili 4,5 ml - Eveline Cosmetics Magyarorsz\u00e1g\",\"isPartOf\":{\"@id\":\"https:\/\/www.eveline.hu\/2016\/#website\"},\"primaryImageOfPage\":{\"@id\":\"https:\/\/www.eveline.hu\/2016\/eveline-kozmetikumok-szepsegapolas\/smink\/szaj\/szajfenyek\/oh-lips-ajakdusito-chili-45-ml\/#primaryimage\"},\"image\":{\"@id\":\"https:\/\/www.eveline.hu\/2016\/eveline-kozmetikumok-szepsegapolas\/smink\/szaj\/szajfenyek\/oh-lips-ajakdusito-chili-45-ml\/#primaryimage\"},\"thumbnailUrl\":\"https:\/\/www.eveline.hu\/2016\/wp-content\/uploads\/2020\/01\/OH-My-lips-chili-45ml-w.png\",\"datePublished\":\"2020-01-08T13:54:05+00:00\",\"dateModified\":\"2025-03-28T17:19:02+00:00\",\"breadcrumb\":{\"@id\":\"https:\/\/www.eveline.hu\/2016\/eveline-kozmetikumok-szepsegapolas\/smink\/szaj\/szajfenyek\/oh-lips-ajakdusito-chili-45-ml\/#breadcrumb\"},\"inLanguage\":\"hu\",\"potentialAction\":[{\"@type\":\"ReadAction\",\"target\":[\"https:\/\/www.eveline.hu\/2016\/eveline-kozmetikumok-szepsegapolas\/smink\/szaj\/szajfenyek\/oh-lips-ajakdusito-chili-45-ml\/\"]}]},{\"@type\":\"ImageObject\",\"inLanguage\":\"hu\",\"@id\":\"https:\/\/www.eveline.hu\/2016\/eveline-kozmetikumok-szepsegapolas\/smink\/szaj\/szajfenyek\/oh-lips-ajakdusito-chili-45-ml\/#primaryimage\",\"url\":\"https:\/\/www.eveline.hu\/2016\/wp-content\/uploads\/2020\/01\/OH-My-lips-chili-45ml-w.png\",\"contentUrl\":\"https:\/\/www.eveline.hu\/2016\/wp-content\/uploads\/2020\/01\/OH-My-lips-chili-45ml-w.png\",\"width\":750,\"height\":750},{\"@type\":\"BreadcrumbList\",\"@id\":\"https:\/\/www.eveline.hu\/2016\/eveline-kozmetikumok-szepsegapolas\/smink\/szaj\/szajfenyek\/oh-lips-ajakdusito-chili-45-ml\/#breadcrumb\",\"itemListElement\":[{\"@type\":\"ListItem\",\"position\":1,\"name\":\"Home\",\"item\":\"https:\/\/www.eveline.hu\/2016\/\"},{\"@type\":\"ListItem\",\"position\":2,\"name\":\"Term\u00e9kek\",\"item\":\"https:\/\/www.eveline.hu\/2016\/shop\/\"},{\"@type\":\"ListItem\",\"position\":3,\"name\":\"OH! MY LIPS Ajakd\u00fas\u00edt\u00f3 Chili 4,5 ml\"}]},{\"@type\":\"WebSite\",\"@id\":\"https:\/\/www.eveline.hu\/2016\/#website\",\"url\":\"https:\/\/www.eveline.hu\/2016\/\",\"name\":\"Eveline Cosmetics Magyarorsz\u00e1g\",\"description\":\"Min\u0151s\u00e9gi kozmetikumok Lengyelorsz\u00e1gb\u00f3l\",\"potentialAction\":[{\"@type\":\"SearchAction\",\"target\":{\"@type\":\"EntryPoint\",\"urlTemplate\":\"https:\/\/www.eveline.hu\/2016\/?s={search_term_string}\"},\"query-input\":\"required name=search_term_string\"}],\"inLanguage\":\"hu\"}]}<\/script>\n<!-- \/ Yoast SEO plugin. -->","yoast_head_json":{"title":"OH! MY LIPS Ajakd\u00fas\u00edt\u00f3 Chili 4,5 ml - Eveline Cosmetics Magyarorsz\u00e1g","robots":{"index":"index","follow":"follow","max-snippet":"max-snippet:-1","max-image-preview":"max-image-preview:large","max-video-preview":"max-video-preview:-1"},"canonical":"https:\/\/www.eveline.hu\/2016\/eveline-kozmetikumok-szepsegapolas\/smink\/szaj\/szajfenyek\/oh-lips-ajakdusito-chili-45-ml\/","og_locale":"hu_HU","og_type":"article","og_title":"OH! MY LIPS Ajakd\u00fas\u00edt\u00f3 Chili 4,5 ml - Eveline Cosmetics Magyarorsz\u00e1g","og_description":"OH! MY LIPS \u00a04,5 ml Ajak maximaliz\u00e1l\u00f3, d\u00fas ajkak Akt\u00edv \u00f6sszetev\u0151k: chili paprika, hialuronsav, jojoba olaj, gy\u00f6mb\u00e9r kivonat, kapszaicin, vitaminok A chili paprik\u00e1val rendelkez\u0151 d\u00fas\u00edt\u00f3 ajakf\u00e9ny kiv\u00e1l\u00f3 alternativa az invaz\u00edv ajakn\u00f6vel\u0151 kezel\u00e9snek a hialuronsavval. VOLUME MAXIMIZE a leg\u00fajabb technol\u00f3gia k\u00f6zvetlen\u00fcl [&hellip;]","og_url":"https:\/\/www.eveline.hu\/2016\/eveline-kozmetikumok-szepsegapolas\/smink\/szaj\/szajfenyek\/oh-lips-ajakdusito-chili-45-ml\/","og_site_name":"Eveline Cosmetics Magyarorsz\u00e1g","article_modified_time":"2025-03-28T17:19:02+00:00","og_image":[{"width":750,"height":750,"url":"https:\/\/www.eveline.hu\/2016\/wp-content\/uploads\/2020\/01\/OH-My-lips-chili-45ml-w.png","type":"image\/png"}],"twitter_card":"summary_large_image","twitter_misc":{"Becs\u00fclt olvas\u00e1si id\u0151":"1 perc"},"schema":{"@context":"https:\/\/schema.org","@graph":[{"@type":"WebPage","@id":"https:\/\/www.eveline.hu\/2016\/eveline-kozmetikumok-szepsegapolas\/smink\/szaj\/szajfenyek\/oh-lips-ajakdusito-chili-45-ml\/","url":"https:\/\/www.eveline.hu\/2016\/eveline-kozmetikumok-szepsegapolas\/smink\/szaj\/szajfenyek\/oh-lips-ajakdusito-chili-45-ml\/","name":"OH! MY LIPS Ajakd\u00fas\u00edt\u00f3 Chili 4,5 ml - Eveline Cosmetics Magyarorsz\u00e1g","isPartOf":{"@id":"https:\/\/www.eveline.hu\/2016\/#website"},"primaryImageOfPage":{"@id":"https:\/\/www.eveline.hu\/2016\/eveline-kozmetikumok-szepsegapolas\/smink\/szaj\/szajfenyek\/oh-lips-ajakdusito-chili-45-ml\/#primaryimage"},"image":{"@id":"https:\/\/www.eveline.hu\/2016\/eveline-kozmetikumok-szepsegapolas\/smink\/szaj\/szajfenyek\/oh-lips-ajakdusito-chili-45-ml\/#primaryimage"},"thumbnailUrl":"https:\/\/www.eveline.hu\/2016\/wp-content\/uploads\/2020\/01\/OH-My-lips-chili-45ml-w.png","datePublished":"2020-01-08T13:54:05+00:00","dateModified":"2025-03-28T17:19:02+00:00","breadcrumb":{"@id":"https:\/\/www.eveline.hu\/2016\/eveline-kozmetikumok-szepsegapolas\/smink\/szaj\/szajfenyek\/oh-lips-ajakdusito-chili-45-ml\/#breadcrumb"},"inLanguage":"hu","potentialAction":[{"@type":"ReadAction","target":["https:\/\/www.eveline.hu\/2016\/eveline-kozmetikumok-szepsegapolas\/smink\/szaj\/szajfenyek\/oh-lips-ajakdusito-chili-45-ml\/"]}]},{"@type":"ImageObject","inLanguage":"hu","@id":"https:\/\/www.eveline.hu\/2016\/eveline-kozmetikumok-szepsegapolas\/smink\/szaj\/szajfenyek\/oh-lips-ajakdusito-chili-45-ml\/#primaryimage","url":"https:\/\/www.eveline.hu\/2016\/wp-content\/uploads\/2020\/01\/OH-My-lips-chili-45ml-w.png","contentUrl":"https:\/\/www.eveline.hu\/2016\/wp-content\/uploads\/2020\/01\/OH-My-lips-chili-45ml-w.png","width":750,"height":750},{"@type":"BreadcrumbList","@id":"https:\/\/www.eveline.hu\/2016\/eveline-kozmetikumok-szepsegapolas\/smink\/szaj\/szajfenyek\/oh-lips-ajakdusito-chili-45-ml\/#breadcrumb","itemListElement":[{"@type":"ListItem","position":1,"name":"Home","item":"https:\/\/www.eveline.hu\/2016\/"},{"@type":"ListItem","position":2,"name":"Term\u00e9kek","item":"https:\/\/www.eveline.hu\/2016\/shop\/"},{"@type":"ListItem","position":3,"name":"OH! MY LIPS Ajakd\u00fas\u00edt\u00f3 Chili 4,5 ml"}]},{"@type":"WebSite","@id":"https:\/\/www.eveline.hu\/2016\/#website","url":"https:\/\/www.eveline.hu\/2016\/","name":"Eveline Cosmetics Magyarorsz\u00e1g","description":"Min\u0151s\u00e9gi kozmetikumok Lengyelorsz\u00e1gb\u00f3l","potentialAction":[{"@type":"SearchAction","target":{"@type":"EntryPoint","urlTemplate":"https:\/\/www.eveline.hu\/2016\/?s={search_term_string}"},"query-input":"required name=search_term_string"}],"inLanguage":"hu"}]}},"_links":{"self":[{"href":"https:\/\/www.eveline.hu\/2016\/wp-json\/wp\/v2\/product\/24808"}],"collection":[{"href":"https:\/\/www.eveline.hu\/2016\/wp-json\/wp\/v2\/product"}],"about":[{"href":"https:\/\/www.eveline.hu\/2016\/wp-json\/wp\/v2\/types\/product"}],"replies":[{"embeddable":true,"href":"https:\/\/www.eveline.hu\/2016\/wp-json\/wp\/v2\/comments?post=24808"}],"wp:featuredmedia":[{"embeddable":true,"href":"https:\/\/www.eveline.hu\/2016\/wp-json\/wp\/v2\/media\/24809"}],"wp:attachment":[{"href":"https:\/\/www.eveline.hu\/2016\/wp-json\/wp\/v2\/media?parent=24808"}],"wp:term":[{"taxonomy":"product_cat","embeddable":true,"href":"https:\/\/www.eveline.hu\/2016\/wp-json\/wp\/v2\/product_cat?post=24808"},{"taxonomy":"product_tag","embeddable":true,"href":"https:\/\/www.eveline.hu\/2016\/wp-json\/wp\/v2\/product_tag?post=24808"}],"curies":[{"name":"wp","href":"https:\/\/api.w.org\/{rel}","templated":true}]}}