{"id":24630,"date":"2019-10-22T13:59:39","date_gmt":"2019-10-22T11:59:39","guid":{"rendered":"https:\/\/www.eveline.hu\/2016\/?post_type=product&#038;p=24630"},"modified":"2025-12-07T18:46:42","modified_gmt":"2025-12-07T17:46:42","slug":"clean-skin-3-1-arclemoso-gelradir-maszk-200ml","status":"publish","type":"product","link":"https:\/\/www.eveline.hu\/2016\/eveline-kozmetikumok-szepsegapolas\/szepsegapolas\/arcapolas\/clean-skin-3-1-arclemoso-gelradir-maszk-200ml\/","title":{"rendered":"Clean Your Skin 3 in 1  Arclemos\u00f3 g\u00e9l+rad\u00edr+ maszk 200ml"},"content":{"rendered":"<p>&nbsp;<\/p>\n<p>Zs\u00edros, kombin\u00e1lt b\u0151rre<\/p>\n<p>M\u00e9lyen tiszt\u00edt. Finoman h\u00e1mlaszt.<\/p>\n<p>Matt\u00edt \u00e9s \u00f6sszeh\u00fazza a p\u00f3rusokat.<\/p>\n<p><strong>Alkalmaz\u00e1s<\/strong>:Arclemos\u00f3k\u00e9nt mindennapi haszn\u00e1latra: Vigyen fel kis mennyis\u00e9g\u0171 g\u00e9lt az arcra gyeng\u00e9d massz\u00edroz\u00f3 mozdulatokkal, majd alaposan \u00f6bl\u00edtse le.<\/p>\n<p>B\u0151rrad\u00edrk\u00e9nt heti 1-2 alkalommal: alkalmazza a nedves arcb\u0151r\u00f6n, majd ujjhegyeivel k\u00f6rk\u00f6r\u00f6s intenz\u00edv mozdulatokkal massz\u00edrozza \u00e1t \u00e9s alaposan \u00f6bl\u00edtse le.<\/p>\n<p>Tiszt\u00edt\u00f3 maszkk\u00e9nt: alkalmazza az arcon, majd hagyja rajta 15-20 percig \u00e9s \u00f6bl\u00edtse le v\u00edzzel.<\/p>\n<p>\u00d6sszetev\u0151k:Aqua (Water), Kaolin, Sodium Laureth Sulfate, Magnesium Aluminum Silicate, Silica, Glycerin, Propylene Glycol, Cocamidopropyl Betaine, Titanium Dioxide (CI 77891), Xanthan Gum, Maclura Cochinchinensis Leaf Prenylflavonoids, Chamomilla Recutita Flower Extract, Aloe Barbadensis Leaf Extract, Melaleuca Alternifolia Leaf Oil, Propanediol, Phenoxyethanol, Polylactic Acid, Sodium Chloride, PEG-75 Lanolin, Methylparaben, DMDM Hydantoin, Butylparaben, Ethylparaben, Propylparaben, Parfum (Fragrance), Limonene, Hydroxycitronellal, Linalool.<\/p>\n","protected":false},"excerpt":{"rendered":"<p>200ml ( 7845 Ft\/l )<\/p>\n","protected":false},"featured_media":24772,"comment_status":"open","ping_status":"closed","template":"","meta":[],"product_cat":[273,125,126,80],"product_tag":[],"yoast_head":"<!-- This site is optimized with the Yoast SEO plugin v22.2 - https:\/\/yoast.com\/wordpress\/plugins\/seo\/ -->\n<title>Clean Your Skin 3 in 1 Arclemos\u00f3 g\u00e9l+rad\u00edr+ maszk 200ml - Eveline Cosmetics Magyarorsz\u00e1g<\/title>\n<meta name=\"robots\" content=\"index, follow, max-snippet:-1, max-image-preview:large, max-video-preview:-1\" \/>\n<link rel=\"canonical\" href=\"https:\/\/www.eveline.hu\/2016\/eveline-kozmetikumok-szepsegapolas\/szepsegapolas\/arcapolas\/clean-skin-3-1-arclemoso-gelradir-maszk-200ml\/\" \/>\n<meta property=\"og:locale\" content=\"hu_HU\" \/>\n<meta property=\"og:type\" content=\"article\" \/>\n<meta property=\"og:title\" content=\"Clean Your Skin 3 in 1 Arclemos\u00f3 g\u00e9l+rad\u00edr+ maszk 200ml - Eveline Cosmetics Magyarorsz\u00e1g\" \/>\n<meta property=\"og:description\" content=\"200ml ( 7845 Ft\/l )\" \/>\n<meta property=\"og:url\" content=\"https:\/\/www.eveline.hu\/2016\/eveline-kozmetikumok-szepsegapolas\/szepsegapolas\/arcapolas\/clean-skin-3-1-arclemoso-gelradir-maszk-200ml\/\" \/>\n<meta property=\"og:site_name\" content=\"Eveline Cosmetics Magyarorsz\u00e1g\" \/>\n<meta property=\"article:modified_time\" content=\"2025-12-07T17:46:42+00:00\" \/>\n<meta property=\"og:image\" content=\"https:\/\/www.eveline.hu\/2016\/wp-content\/uploads\/2019\/10\/CleanYS-maszk3in1_w.png\" \/>\n\t<meta property=\"og:image:width\" content=\"750\" \/>\n\t<meta property=\"og:image:height\" content=\"750\" \/>\n\t<meta property=\"og:image:type\" content=\"image\/png\" \/>\n<meta name=\"twitter:card\" content=\"summary_large_image\" \/>\n<meta name=\"twitter:label1\" content=\"Becs\u00fclt olvas\u00e1si id\u0151\" \/>\n\t<meta name=\"twitter:data1\" content=\"1 perc\" \/>\n<script type=\"application\/ld+json\" class=\"yoast-schema-graph\">{\"@context\":\"https:\/\/schema.org\",\"@graph\":[{\"@type\":\"WebPage\",\"@id\":\"https:\/\/www.eveline.hu\/2016\/eveline-kozmetikumok-szepsegapolas\/szepsegapolas\/arcapolas\/clean-skin-3-1-arclemoso-gelradir-maszk-200ml\/\",\"url\":\"https:\/\/www.eveline.hu\/2016\/eveline-kozmetikumok-szepsegapolas\/szepsegapolas\/arcapolas\/clean-skin-3-1-arclemoso-gelradir-maszk-200ml\/\",\"name\":\"Clean Your Skin 3 in 1 Arclemos\u00f3 g\u00e9l+rad\u00edr+ maszk 200ml - Eveline Cosmetics Magyarorsz\u00e1g\",\"isPartOf\":{\"@id\":\"https:\/\/www.eveline.hu\/2016\/#website\"},\"primaryImageOfPage\":{\"@id\":\"https:\/\/www.eveline.hu\/2016\/eveline-kozmetikumok-szepsegapolas\/szepsegapolas\/arcapolas\/clean-skin-3-1-arclemoso-gelradir-maszk-200ml\/#primaryimage\"},\"image\":{\"@id\":\"https:\/\/www.eveline.hu\/2016\/eveline-kozmetikumok-szepsegapolas\/szepsegapolas\/arcapolas\/clean-skin-3-1-arclemoso-gelradir-maszk-200ml\/#primaryimage\"},\"thumbnailUrl\":\"https:\/\/www.eveline.hu\/2016\/wp-content\/uploads\/2019\/10\/CleanYS-maszk3in1_w.png\",\"datePublished\":\"2019-10-22T11:59:39+00:00\",\"dateModified\":\"2025-12-07T17:46:42+00:00\",\"breadcrumb\":{\"@id\":\"https:\/\/www.eveline.hu\/2016\/eveline-kozmetikumok-szepsegapolas\/szepsegapolas\/arcapolas\/clean-skin-3-1-arclemoso-gelradir-maszk-200ml\/#breadcrumb\"},\"inLanguage\":\"hu\",\"potentialAction\":[{\"@type\":\"ReadAction\",\"target\":[\"https:\/\/www.eveline.hu\/2016\/eveline-kozmetikumok-szepsegapolas\/szepsegapolas\/arcapolas\/clean-skin-3-1-arclemoso-gelradir-maszk-200ml\/\"]}]},{\"@type\":\"ImageObject\",\"inLanguage\":\"hu\",\"@id\":\"https:\/\/www.eveline.hu\/2016\/eveline-kozmetikumok-szepsegapolas\/szepsegapolas\/arcapolas\/clean-skin-3-1-arclemoso-gelradir-maszk-200ml\/#primaryimage\",\"url\":\"https:\/\/www.eveline.hu\/2016\/wp-content\/uploads\/2019\/10\/CleanYS-maszk3in1_w.png\",\"contentUrl\":\"https:\/\/www.eveline.hu\/2016\/wp-content\/uploads\/2019\/10\/CleanYS-maszk3in1_w.png\",\"width\":750,\"height\":750},{\"@type\":\"BreadcrumbList\",\"@id\":\"https:\/\/www.eveline.hu\/2016\/eveline-kozmetikumok-szepsegapolas\/szepsegapolas\/arcapolas\/clean-skin-3-1-arclemoso-gelradir-maszk-200ml\/#breadcrumb\",\"itemListElement\":[{\"@type\":\"ListItem\",\"position\":1,\"name\":\"Home\",\"item\":\"https:\/\/www.eveline.hu\/2016\/\"},{\"@type\":\"ListItem\",\"position\":2,\"name\":\"Term\u00e9kek\",\"item\":\"https:\/\/www.eveline.hu\/2016\/shop\/\"},{\"@type\":\"ListItem\",\"position\":3,\"name\":\"Clean Your Skin 3 in 1 Arclemos\u00f3 g\u00e9l+rad\u00edr+ maszk 200ml\"}]},{\"@type\":\"WebSite\",\"@id\":\"https:\/\/www.eveline.hu\/2016\/#website\",\"url\":\"https:\/\/www.eveline.hu\/2016\/\",\"name\":\"Eveline Cosmetics Magyarorsz\u00e1g\",\"description\":\"Min\u0151s\u00e9gi kozmetikumok Lengyelorsz\u00e1gb\u00f3l\",\"potentialAction\":[{\"@type\":\"SearchAction\",\"target\":{\"@type\":\"EntryPoint\",\"urlTemplate\":\"https:\/\/www.eveline.hu\/2016\/?s={search_term_string}\"},\"query-input\":\"required name=search_term_string\"}],\"inLanguage\":\"hu\"}]}<\/script>\n<!-- \/ Yoast SEO plugin. -->","yoast_head_json":{"title":"Clean Your Skin 3 in 1 Arclemos\u00f3 g\u00e9l+rad\u00edr+ maszk 200ml - Eveline Cosmetics Magyarorsz\u00e1g","robots":{"index":"index","follow":"follow","max-snippet":"max-snippet:-1","max-image-preview":"max-image-preview:large","max-video-preview":"max-video-preview:-1"},"canonical":"https:\/\/www.eveline.hu\/2016\/eveline-kozmetikumok-szepsegapolas\/szepsegapolas\/arcapolas\/clean-skin-3-1-arclemoso-gelradir-maszk-200ml\/","og_locale":"hu_HU","og_type":"article","og_title":"Clean Your Skin 3 in 1 Arclemos\u00f3 g\u00e9l+rad\u00edr+ maszk 200ml - Eveline Cosmetics Magyarorsz\u00e1g","og_description":"200ml ( 7845 Ft\/l )","og_url":"https:\/\/www.eveline.hu\/2016\/eveline-kozmetikumok-szepsegapolas\/szepsegapolas\/arcapolas\/clean-skin-3-1-arclemoso-gelradir-maszk-200ml\/","og_site_name":"Eveline Cosmetics Magyarorsz\u00e1g","article_modified_time":"2025-12-07T17:46:42+00:00","og_image":[{"width":750,"height":750,"url":"https:\/\/www.eveline.hu\/2016\/wp-content\/uploads\/2019\/10\/CleanYS-maszk3in1_w.png","type":"image\/png"}],"twitter_card":"summary_large_image","twitter_misc":{"Becs\u00fclt olvas\u00e1si id\u0151":"1 perc"},"schema":{"@context":"https:\/\/schema.org","@graph":[{"@type":"WebPage","@id":"https:\/\/www.eveline.hu\/2016\/eveline-kozmetikumok-szepsegapolas\/szepsegapolas\/arcapolas\/clean-skin-3-1-arclemoso-gelradir-maszk-200ml\/","url":"https:\/\/www.eveline.hu\/2016\/eveline-kozmetikumok-szepsegapolas\/szepsegapolas\/arcapolas\/clean-skin-3-1-arclemoso-gelradir-maszk-200ml\/","name":"Clean Your Skin 3 in 1 Arclemos\u00f3 g\u00e9l+rad\u00edr+ maszk 200ml - Eveline Cosmetics Magyarorsz\u00e1g","isPartOf":{"@id":"https:\/\/www.eveline.hu\/2016\/#website"},"primaryImageOfPage":{"@id":"https:\/\/www.eveline.hu\/2016\/eveline-kozmetikumok-szepsegapolas\/szepsegapolas\/arcapolas\/clean-skin-3-1-arclemoso-gelradir-maszk-200ml\/#primaryimage"},"image":{"@id":"https:\/\/www.eveline.hu\/2016\/eveline-kozmetikumok-szepsegapolas\/szepsegapolas\/arcapolas\/clean-skin-3-1-arclemoso-gelradir-maszk-200ml\/#primaryimage"},"thumbnailUrl":"https:\/\/www.eveline.hu\/2016\/wp-content\/uploads\/2019\/10\/CleanYS-maszk3in1_w.png","datePublished":"2019-10-22T11:59:39+00:00","dateModified":"2025-12-07T17:46:42+00:00","breadcrumb":{"@id":"https:\/\/www.eveline.hu\/2016\/eveline-kozmetikumok-szepsegapolas\/szepsegapolas\/arcapolas\/clean-skin-3-1-arclemoso-gelradir-maszk-200ml\/#breadcrumb"},"inLanguage":"hu","potentialAction":[{"@type":"ReadAction","target":["https:\/\/www.eveline.hu\/2016\/eveline-kozmetikumok-szepsegapolas\/szepsegapolas\/arcapolas\/clean-skin-3-1-arclemoso-gelradir-maszk-200ml\/"]}]},{"@type":"ImageObject","inLanguage":"hu","@id":"https:\/\/www.eveline.hu\/2016\/eveline-kozmetikumok-szepsegapolas\/szepsegapolas\/arcapolas\/clean-skin-3-1-arclemoso-gelradir-maszk-200ml\/#primaryimage","url":"https:\/\/www.eveline.hu\/2016\/wp-content\/uploads\/2019\/10\/CleanYS-maszk3in1_w.png","contentUrl":"https:\/\/www.eveline.hu\/2016\/wp-content\/uploads\/2019\/10\/CleanYS-maszk3in1_w.png","width":750,"height":750},{"@type":"BreadcrumbList","@id":"https:\/\/www.eveline.hu\/2016\/eveline-kozmetikumok-szepsegapolas\/szepsegapolas\/arcapolas\/clean-skin-3-1-arclemoso-gelradir-maszk-200ml\/#breadcrumb","itemListElement":[{"@type":"ListItem","position":1,"name":"Home","item":"https:\/\/www.eveline.hu\/2016\/"},{"@type":"ListItem","position":2,"name":"Term\u00e9kek","item":"https:\/\/www.eveline.hu\/2016\/shop\/"},{"@type":"ListItem","position":3,"name":"Clean Your Skin 3 in 1 Arclemos\u00f3 g\u00e9l+rad\u00edr+ maszk 200ml"}]},{"@type":"WebSite","@id":"https:\/\/www.eveline.hu\/2016\/#website","url":"https:\/\/www.eveline.hu\/2016\/","name":"Eveline Cosmetics Magyarorsz\u00e1g","description":"Min\u0151s\u00e9gi kozmetikumok Lengyelorsz\u00e1gb\u00f3l","potentialAction":[{"@type":"SearchAction","target":{"@type":"EntryPoint","urlTemplate":"https:\/\/www.eveline.hu\/2016\/?s={search_term_string}"},"query-input":"required name=search_term_string"}],"inLanguage":"hu"}]}},"_links":{"self":[{"href":"https:\/\/www.eveline.hu\/2016\/wp-json\/wp\/v2\/product\/24630"}],"collection":[{"href":"https:\/\/www.eveline.hu\/2016\/wp-json\/wp\/v2\/product"}],"about":[{"href":"https:\/\/www.eveline.hu\/2016\/wp-json\/wp\/v2\/types\/product"}],"replies":[{"embeddable":true,"href":"https:\/\/www.eveline.hu\/2016\/wp-json\/wp\/v2\/comments?post=24630"}],"wp:featuredmedia":[{"embeddable":true,"href":"https:\/\/www.eveline.hu\/2016\/wp-json\/wp\/v2\/media\/24772"}],"wp:attachment":[{"href":"https:\/\/www.eveline.hu\/2016\/wp-json\/wp\/v2\/media?parent=24630"}],"wp:term":[{"taxonomy":"product_cat","embeddable":true,"href":"https:\/\/www.eveline.hu\/2016\/wp-json\/wp\/v2\/product_cat?post=24630"},{"taxonomy":"product_tag","embeddable":true,"href":"https:\/\/www.eveline.hu\/2016\/wp-json\/wp\/v2\/product_tag?post=24630"}],"curies":[{"name":"wp","href":"https:\/\/api.w.org\/{rel}","templated":true}]}}