{"id":24626,"date":"2019-10-22T13:55:35","date_gmt":"2019-10-22T11:55:35","guid":{"rendered":"https:\/\/www.eveline.hu\/2016\/?post_type=product&#038;p=24626"},"modified":"2025-10-01T18:25:53","modified_gmt":"2025-10-01T16:25:53","slug":"clean-skin-ultratisztito-arclemoso-gel-200ml","status":"publish","type":"product","link":"https:\/\/www.eveline.hu\/2016\/eveline-kozmetikumok-szepsegapolas\/szepsegapolas\/arcapolas\/clean-skin-ultratisztito-arclemoso-gel-200ml\/","title":{"rendered":"Clean Your Skin Ultratiszt\u00edt\u00f3 Arclemos\u00f3 g\u00e9l  200ml"},"content":{"rendered":"<p>Zs\u00edros, t\u00f6k\u00e9letlens\u00e9gekre hajlamos b\u0151rre<\/p>\n<p>Megtiszt\u00edtja \u00e9s \u00f6sszeh\u00fazza a p\u00f3rusokat.<\/p>\n<p>Hosszantart\u00f3 matt hat\u00e1st biztos\u00edt. Nyugtat.<\/p>\n<p>M\u00e9lyen tiszt\u00edtja a b\u0151rt, cs\u00f6kkenti a felesleges faggy\u00fat, elt\u00e1vol\u00edtja a szennyez\u0151d\u00e9seket \u00e9s a make-up maradv\u00e1nyait, a frissess\u00e9g \u00e9rz\u00e9s\u00e9t ny\u00fajtja.<\/p>\n<p>Akt\u00edv \u00f6sszetev\u0151k:SebuControl Complex( szalicilsav, glicolsav, almasav, citromsav), akt\u00edv sz\u00e9n, teafa olaj, kemiderm NMF \u00e9s hialuronsav, centella asiatica kivonat<\/p>\n<p>\u00d6sszetev\u0151k:Aqua (Water), Sodium Laureth Sulfate, Cocamidopropyl Betaine, Cocamide DEA, Glycerin, Lauroyl\/Myristoyl Methyl Glucamide, Coco-Betaine, Charcoal Powder, PEG-7 Glyceryl Cocoate, Niacinamide, Triethyl Citrate, Sodium Chloride, Parfum (Fragrance), Citric Acid, Aloe Barbadensis Leaf Juice, Hydrogenated Castor Oil, Melaleuca Alternifolia Leaf Oil, Sodium Hyaluronate, Lactic Acid, Glycolic Acid, Malic Acid, Salicylic Acid, Butylene Glycol, Centella Asiatica Leaf Extract, Urea, Glucose, Fructose, Hydrolyzed Wheat Protein, Sodium Glutamate, Glycine, Lysine, Tartaric Acid, Sodium PCA, Sodium Benzoate, Potassium Sorbate, Tetrasodium Glutamate Diacetate, Hydrogenated Starch Hydrolysate, Sodium Hydroxide, Potassium Hydroxide, Phenoxyethanol, Ethylhexylglycerin, Sodium Citrate.<\/p>\n","protected":false},"excerpt":{"rendered":"<p>200ml ( 7745 Ft\/l )<\/p>\n","protected":false},"featured_media":24628,"comment_status":"open","ping_status":"closed","template":"","meta":[],"product_cat":[273,125,126,80],"product_tag":[],"yoast_head":"<!-- This site is optimized with the Yoast SEO plugin v22.2 - https:\/\/yoast.com\/wordpress\/plugins\/seo\/ -->\n<title>Clean Your Skin Ultratiszt\u00edt\u00f3 Arclemos\u00f3 g\u00e9l 200ml - Eveline Cosmetics Magyarorsz\u00e1g<\/title>\n<meta name=\"robots\" content=\"index, follow, max-snippet:-1, max-image-preview:large, max-video-preview:-1\" \/>\n<link rel=\"canonical\" href=\"https:\/\/www.eveline.hu\/2016\/eveline-kozmetikumok-szepsegapolas\/szepsegapolas\/arcapolas\/clean-skin-ultratisztito-arclemoso-gel-200ml\/\" \/>\n<meta property=\"og:locale\" content=\"hu_HU\" \/>\n<meta property=\"og:type\" content=\"article\" \/>\n<meta property=\"og:title\" content=\"Clean Your Skin Ultratiszt\u00edt\u00f3 Arclemos\u00f3 g\u00e9l 200ml - Eveline Cosmetics Magyarorsz\u00e1g\" \/>\n<meta property=\"og:description\" content=\"200ml ( 7745 Ft\/l )\" \/>\n<meta property=\"og:url\" content=\"https:\/\/www.eveline.hu\/2016\/eveline-kozmetikumok-szepsegapolas\/szepsegapolas\/arcapolas\/clean-skin-ultratisztito-arclemoso-gel-200ml\/\" \/>\n<meta property=\"og:site_name\" content=\"Eveline Cosmetics Magyarorsz\u00e1g\" \/>\n<meta property=\"article:modified_time\" content=\"2025-10-01T16:25:53+00:00\" \/>\n<meta property=\"og:image\" content=\"https:\/\/www.eveline.hu\/2016\/wp-content\/uploads\/2019\/10\/Clean-ultra-lemos\u00f3-200ml-w.png\" \/>\n\t<meta property=\"og:image:width\" content=\"750\" \/>\n\t<meta property=\"og:image:height\" content=\"750\" \/>\n\t<meta property=\"og:image:type\" content=\"image\/png\" \/>\n<meta name=\"twitter:card\" content=\"summary_large_image\" \/>\n<meta name=\"twitter:label1\" content=\"Becs\u00fclt olvas\u00e1si id\u0151\" \/>\n\t<meta name=\"twitter:data1\" content=\"1 perc\" \/>\n<script type=\"application\/ld+json\" class=\"yoast-schema-graph\">{\"@context\":\"https:\/\/schema.org\",\"@graph\":[{\"@type\":\"WebPage\",\"@id\":\"https:\/\/www.eveline.hu\/2016\/eveline-kozmetikumok-szepsegapolas\/szepsegapolas\/arcapolas\/clean-skin-ultratisztito-arclemoso-gel-200ml\/\",\"url\":\"https:\/\/www.eveline.hu\/2016\/eveline-kozmetikumok-szepsegapolas\/szepsegapolas\/arcapolas\/clean-skin-ultratisztito-arclemoso-gel-200ml\/\",\"name\":\"Clean Your Skin Ultratiszt\u00edt\u00f3 Arclemos\u00f3 g\u00e9l 200ml - Eveline Cosmetics Magyarorsz\u00e1g\",\"isPartOf\":{\"@id\":\"https:\/\/www.eveline.hu\/2016\/#website\"},\"primaryImageOfPage\":{\"@id\":\"https:\/\/www.eveline.hu\/2016\/eveline-kozmetikumok-szepsegapolas\/szepsegapolas\/arcapolas\/clean-skin-ultratisztito-arclemoso-gel-200ml\/#primaryimage\"},\"image\":{\"@id\":\"https:\/\/www.eveline.hu\/2016\/eveline-kozmetikumok-szepsegapolas\/szepsegapolas\/arcapolas\/clean-skin-ultratisztito-arclemoso-gel-200ml\/#primaryimage\"},\"thumbnailUrl\":\"https:\/\/www.eveline.hu\/2016\/wp-content\/uploads\/2019\/10\/Clean-ultra-lemos\u00f3-200ml-w.png\",\"datePublished\":\"2019-10-22T11:55:35+00:00\",\"dateModified\":\"2025-10-01T16:25:53+00:00\",\"breadcrumb\":{\"@id\":\"https:\/\/www.eveline.hu\/2016\/eveline-kozmetikumok-szepsegapolas\/szepsegapolas\/arcapolas\/clean-skin-ultratisztito-arclemoso-gel-200ml\/#breadcrumb\"},\"inLanguage\":\"hu\",\"potentialAction\":[{\"@type\":\"ReadAction\",\"target\":[\"https:\/\/www.eveline.hu\/2016\/eveline-kozmetikumok-szepsegapolas\/szepsegapolas\/arcapolas\/clean-skin-ultratisztito-arclemoso-gel-200ml\/\"]}]},{\"@type\":\"ImageObject\",\"inLanguage\":\"hu\",\"@id\":\"https:\/\/www.eveline.hu\/2016\/eveline-kozmetikumok-szepsegapolas\/szepsegapolas\/arcapolas\/clean-skin-ultratisztito-arclemoso-gel-200ml\/#primaryimage\",\"url\":\"https:\/\/www.eveline.hu\/2016\/wp-content\/uploads\/2019\/10\/Clean-ultra-lemos\u00f3-200ml-w.png\",\"contentUrl\":\"https:\/\/www.eveline.hu\/2016\/wp-content\/uploads\/2019\/10\/Clean-ultra-lemos\u00f3-200ml-w.png\",\"width\":750,\"height\":750},{\"@type\":\"BreadcrumbList\",\"@id\":\"https:\/\/www.eveline.hu\/2016\/eveline-kozmetikumok-szepsegapolas\/szepsegapolas\/arcapolas\/clean-skin-ultratisztito-arclemoso-gel-200ml\/#breadcrumb\",\"itemListElement\":[{\"@type\":\"ListItem\",\"position\":1,\"name\":\"Home\",\"item\":\"https:\/\/www.eveline.hu\/2016\/\"},{\"@type\":\"ListItem\",\"position\":2,\"name\":\"Term\u00e9kek\",\"item\":\"https:\/\/www.eveline.hu\/2016\/shop\/\"},{\"@type\":\"ListItem\",\"position\":3,\"name\":\"Clean Your Skin Ultratiszt\u00edt\u00f3 Arclemos\u00f3 g\u00e9l 200ml\"}]},{\"@type\":\"WebSite\",\"@id\":\"https:\/\/www.eveline.hu\/2016\/#website\",\"url\":\"https:\/\/www.eveline.hu\/2016\/\",\"name\":\"Eveline Cosmetics Magyarorsz\u00e1g\",\"description\":\"Min\u0151s\u00e9gi kozmetikumok Lengyelorsz\u00e1gb\u00f3l\",\"potentialAction\":[{\"@type\":\"SearchAction\",\"target\":{\"@type\":\"EntryPoint\",\"urlTemplate\":\"https:\/\/www.eveline.hu\/2016\/?s={search_term_string}\"},\"query-input\":\"required name=search_term_string\"}],\"inLanguage\":\"hu\"}]}<\/script>\n<!-- \/ Yoast SEO plugin. -->","yoast_head_json":{"title":"Clean Your Skin Ultratiszt\u00edt\u00f3 Arclemos\u00f3 g\u00e9l 200ml - Eveline Cosmetics Magyarorsz\u00e1g","robots":{"index":"index","follow":"follow","max-snippet":"max-snippet:-1","max-image-preview":"max-image-preview:large","max-video-preview":"max-video-preview:-1"},"canonical":"https:\/\/www.eveline.hu\/2016\/eveline-kozmetikumok-szepsegapolas\/szepsegapolas\/arcapolas\/clean-skin-ultratisztito-arclemoso-gel-200ml\/","og_locale":"hu_HU","og_type":"article","og_title":"Clean Your Skin Ultratiszt\u00edt\u00f3 Arclemos\u00f3 g\u00e9l 200ml - Eveline Cosmetics Magyarorsz\u00e1g","og_description":"200ml ( 7745 Ft\/l )","og_url":"https:\/\/www.eveline.hu\/2016\/eveline-kozmetikumok-szepsegapolas\/szepsegapolas\/arcapolas\/clean-skin-ultratisztito-arclemoso-gel-200ml\/","og_site_name":"Eveline Cosmetics Magyarorsz\u00e1g","article_modified_time":"2025-10-01T16:25:53+00:00","og_image":[{"width":750,"height":750,"url":"https:\/\/www.eveline.hu\/2016\/wp-content\/uploads\/2019\/10\/Clean-ultra-lemos\u00f3-200ml-w.png","type":"image\/png"}],"twitter_card":"summary_large_image","twitter_misc":{"Becs\u00fclt olvas\u00e1si id\u0151":"1 perc"},"schema":{"@context":"https:\/\/schema.org","@graph":[{"@type":"WebPage","@id":"https:\/\/www.eveline.hu\/2016\/eveline-kozmetikumok-szepsegapolas\/szepsegapolas\/arcapolas\/clean-skin-ultratisztito-arclemoso-gel-200ml\/","url":"https:\/\/www.eveline.hu\/2016\/eveline-kozmetikumok-szepsegapolas\/szepsegapolas\/arcapolas\/clean-skin-ultratisztito-arclemoso-gel-200ml\/","name":"Clean Your Skin Ultratiszt\u00edt\u00f3 Arclemos\u00f3 g\u00e9l 200ml - Eveline Cosmetics Magyarorsz\u00e1g","isPartOf":{"@id":"https:\/\/www.eveline.hu\/2016\/#website"},"primaryImageOfPage":{"@id":"https:\/\/www.eveline.hu\/2016\/eveline-kozmetikumok-szepsegapolas\/szepsegapolas\/arcapolas\/clean-skin-ultratisztito-arclemoso-gel-200ml\/#primaryimage"},"image":{"@id":"https:\/\/www.eveline.hu\/2016\/eveline-kozmetikumok-szepsegapolas\/szepsegapolas\/arcapolas\/clean-skin-ultratisztito-arclemoso-gel-200ml\/#primaryimage"},"thumbnailUrl":"https:\/\/www.eveline.hu\/2016\/wp-content\/uploads\/2019\/10\/Clean-ultra-lemos\u00f3-200ml-w.png","datePublished":"2019-10-22T11:55:35+00:00","dateModified":"2025-10-01T16:25:53+00:00","breadcrumb":{"@id":"https:\/\/www.eveline.hu\/2016\/eveline-kozmetikumok-szepsegapolas\/szepsegapolas\/arcapolas\/clean-skin-ultratisztito-arclemoso-gel-200ml\/#breadcrumb"},"inLanguage":"hu","potentialAction":[{"@type":"ReadAction","target":["https:\/\/www.eveline.hu\/2016\/eveline-kozmetikumok-szepsegapolas\/szepsegapolas\/arcapolas\/clean-skin-ultratisztito-arclemoso-gel-200ml\/"]}]},{"@type":"ImageObject","inLanguage":"hu","@id":"https:\/\/www.eveline.hu\/2016\/eveline-kozmetikumok-szepsegapolas\/szepsegapolas\/arcapolas\/clean-skin-ultratisztito-arclemoso-gel-200ml\/#primaryimage","url":"https:\/\/www.eveline.hu\/2016\/wp-content\/uploads\/2019\/10\/Clean-ultra-lemos\u00f3-200ml-w.png","contentUrl":"https:\/\/www.eveline.hu\/2016\/wp-content\/uploads\/2019\/10\/Clean-ultra-lemos\u00f3-200ml-w.png","width":750,"height":750},{"@type":"BreadcrumbList","@id":"https:\/\/www.eveline.hu\/2016\/eveline-kozmetikumok-szepsegapolas\/szepsegapolas\/arcapolas\/clean-skin-ultratisztito-arclemoso-gel-200ml\/#breadcrumb","itemListElement":[{"@type":"ListItem","position":1,"name":"Home","item":"https:\/\/www.eveline.hu\/2016\/"},{"@type":"ListItem","position":2,"name":"Term\u00e9kek","item":"https:\/\/www.eveline.hu\/2016\/shop\/"},{"@type":"ListItem","position":3,"name":"Clean Your Skin Ultratiszt\u00edt\u00f3 Arclemos\u00f3 g\u00e9l 200ml"}]},{"@type":"WebSite","@id":"https:\/\/www.eveline.hu\/2016\/#website","url":"https:\/\/www.eveline.hu\/2016\/","name":"Eveline Cosmetics Magyarorsz\u00e1g","description":"Min\u0151s\u00e9gi kozmetikumok Lengyelorsz\u00e1gb\u00f3l","potentialAction":[{"@type":"SearchAction","target":{"@type":"EntryPoint","urlTemplate":"https:\/\/www.eveline.hu\/2016\/?s={search_term_string}"},"query-input":"required name=search_term_string"}],"inLanguage":"hu"}]}},"_links":{"self":[{"href":"https:\/\/www.eveline.hu\/2016\/wp-json\/wp\/v2\/product\/24626"}],"collection":[{"href":"https:\/\/www.eveline.hu\/2016\/wp-json\/wp\/v2\/product"}],"about":[{"href":"https:\/\/www.eveline.hu\/2016\/wp-json\/wp\/v2\/types\/product"}],"replies":[{"embeddable":true,"href":"https:\/\/www.eveline.hu\/2016\/wp-json\/wp\/v2\/comments?post=24626"}],"wp:featuredmedia":[{"embeddable":true,"href":"https:\/\/www.eveline.hu\/2016\/wp-json\/wp\/v2\/media\/24628"}],"wp:attachment":[{"href":"https:\/\/www.eveline.hu\/2016\/wp-json\/wp\/v2\/media?parent=24626"}],"wp:term":[{"taxonomy":"product_cat","embeddable":true,"href":"https:\/\/www.eveline.hu\/2016\/wp-json\/wp\/v2\/product_cat?post=24626"},{"taxonomy":"product_tag","embeddable":true,"href":"https:\/\/www.eveline.hu\/2016\/wp-json\/wp\/v2\/product_tag?post=24626"}],"curies":[{"name":"wp","href":"https:\/\/api.w.org\/{rel}","templated":true}]}}