{"id":24621,"date":"2019-10-22T13:10:44","date_gmt":"2019-10-22T11:10:44","guid":{"rendered":"https:\/\/www.eveline.hu\/2016\/?post_type=product&#038;p=24621"},"modified":"2022-12-09T15:54:36","modified_gmt":"2022-12-09T14:54:36","slug":"clean-skin-konnyu-mattito-es-hidratalo-krem-75ml","status":"publish","type":"product","link":"https:\/\/www.eveline.hu\/2016\/eveline-kozmetikumok-szepsegapolas\/szepsegapolas\/arcapolas\/clean-skin-konnyu-mattito-es-hidratalo-krem-75ml\/","title":{"rendered":"Clean Your Skin Tiszt\u00edt\u00f3 \u00e9s Matt\u00edt\u00f3 Tonik 225ml"},"content":{"rendered":"<p>Akci\u00f3 id\u0151tartama: 2020.04.28. &#8211; 07.31.<\/p>\n<p>a b\u0151r t\u00f6k\u00e9letlens\u00e9gei ellen,\u00a0zs\u00edros \u00e9s kombin\u00e1lt b\u0151rre<\/p>\n<p>A probl\u00e9m\u00e1s, pattan\u00e1sok \u00e9s t\u00f6k\u00e9letlens\u00e9gek kialakul\u00e1s\u00e1ra\u00a0hajlamos b\u0151r napi \u00e1pol\u00e1s\u00e1ra.<\/p>\n<p>Cs\u00f6kkenti a t\u00f6k\u00e9letlens\u00e9geket. Megtiszt\u00edtja \u00e9s \u00f6sszeh\u00fazza a p\u00f3rusokat.\u00a0Kiegyenl\u00edti a b\u0151r t\u00f3nus\u00e1t.<\/p>\n<p>Akt\u00edv \u00f6sszetev\u0151k: SebuControl Complex (szalicilsav, glikolsav, almasav, citromsav)<\/p>\n<p>mandulasav, B3 vitamin, teafa olaj, aloe vera g\u00e9l,\u00a0 D-panthenol<\/p>\n<p>\u00d6sszetev\u0151k:Aqua, PEG-6 Caprylic\/Capric Glycerides, Triethyl Citrate, Mandelic Acid, Panthenol, Niacinamide, Aloe Barbadensis Leaf Juice, Parfum, Lactic Acid, Glycolic Acid, Citric Acid, Malic Acid, Salicylic Acid, Glycerin, Hydrogenated Castor Oil, Melaleuca Alternifolia Leaf Oil, Propanediol, DMDM Hydantoin, Iodopropynyl Butylcarbamate, Cetrimonium Bromide, Sodium Benzoate, Potassium Sorbate, Sodium Hydroxide, Hexyl Cinnamal.<\/p>\n","protected":false},"excerpt":{"rendered":"<p>225ml ( 5555 Ft\/l\u00a0 )<\/p>\n","protected":false},"featured_media":24617,"comment_status":"open","ping_status":"closed","template":"","meta":[],"product_cat":[273,125,126,80],"product_tag":[],"yoast_head":"<!-- This site is optimized with the Yoast SEO plugin v22.2 - https:\/\/yoast.com\/wordpress\/plugins\/seo\/ -->\n<title>Clean Your Skin Tiszt\u00edt\u00f3 \u00e9s Matt\u00edt\u00f3 Tonik 225ml - Eveline Cosmetics Magyarorsz\u00e1g<\/title>\n<meta name=\"robots\" content=\"index, follow, max-snippet:-1, max-image-preview:large, max-video-preview:-1\" \/>\n<link rel=\"canonical\" href=\"https:\/\/www.eveline.hu\/2016\/eveline-kozmetikumok-szepsegapolas\/szepsegapolas\/arcapolas\/clean-skin-konnyu-mattito-es-hidratalo-krem-75ml\/\" \/>\n<meta property=\"og:locale\" content=\"hu_HU\" \/>\n<meta property=\"og:type\" content=\"article\" \/>\n<meta property=\"og:title\" content=\"Clean Your Skin Tiszt\u00edt\u00f3 \u00e9s Matt\u00edt\u00f3 Tonik 225ml - Eveline Cosmetics Magyarorsz\u00e1g\" \/>\n<meta property=\"og:description\" content=\"225ml ( 5555 Ft\/l\u00a0 )\" \/>\n<meta property=\"og:url\" content=\"https:\/\/www.eveline.hu\/2016\/eveline-kozmetikumok-szepsegapolas\/szepsegapolas\/arcapolas\/clean-skin-konnyu-mattito-es-hidratalo-krem-75ml\/\" \/>\n<meta property=\"og:site_name\" content=\"Eveline Cosmetics Magyarorsz\u00e1g\" \/>\n<meta property=\"article:modified_time\" content=\"2022-12-09T14:54:36+00:00\" \/>\n<meta property=\"og:image\" content=\"https:\/\/www.eveline.hu\/2016\/wp-content\/uploads\/2019\/10\/Clean-YS-tonik-w.png\" \/>\n\t<meta property=\"og:image:width\" content=\"750\" \/>\n\t<meta property=\"og:image:height\" content=\"750\" \/>\n\t<meta property=\"og:image:type\" content=\"image\/png\" \/>\n<meta name=\"twitter:card\" content=\"summary_large_image\" \/>\n<meta name=\"twitter:label1\" content=\"Becs\u00fclt olvas\u00e1si id\u0151\" \/>\n\t<meta name=\"twitter:data1\" content=\"1 perc\" \/>\n<script type=\"application\/ld+json\" class=\"yoast-schema-graph\">{\"@context\":\"https:\/\/schema.org\",\"@graph\":[{\"@type\":\"WebPage\",\"@id\":\"https:\/\/www.eveline.hu\/2016\/eveline-kozmetikumok-szepsegapolas\/szepsegapolas\/arcapolas\/clean-skin-konnyu-mattito-es-hidratalo-krem-75ml\/\",\"url\":\"https:\/\/www.eveline.hu\/2016\/eveline-kozmetikumok-szepsegapolas\/szepsegapolas\/arcapolas\/clean-skin-konnyu-mattito-es-hidratalo-krem-75ml\/\",\"name\":\"Clean Your Skin Tiszt\u00edt\u00f3 \u00e9s Matt\u00edt\u00f3 Tonik 225ml - Eveline Cosmetics Magyarorsz\u00e1g\",\"isPartOf\":{\"@id\":\"https:\/\/www.eveline.hu\/2016\/#website\"},\"primaryImageOfPage\":{\"@id\":\"https:\/\/www.eveline.hu\/2016\/eveline-kozmetikumok-szepsegapolas\/szepsegapolas\/arcapolas\/clean-skin-konnyu-mattito-es-hidratalo-krem-75ml\/#primaryimage\"},\"image\":{\"@id\":\"https:\/\/www.eveline.hu\/2016\/eveline-kozmetikumok-szepsegapolas\/szepsegapolas\/arcapolas\/clean-skin-konnyu-mattito-es-hidratalo-krem-75ml\/#primaryimage\"},\"thumbnailUrl\":\"https:\/\/www.eveline.hu\/2016\/wp-content\/uploads\/2019\/10\/Clean-YS-tonik-w.png\",\"datePublished\":\"2019-10-22T11:10:44+00:00\",\"dateModified\":\"2022-12-09T14:54:36+00:00\",\"breadcrumb\":{\"@id\":\"https:\/\/www.eveline.hu\/2016\/eveline-kozmetikumok-szepsegapolas\/szepsegapolas\/arcapolas\/clean-skin-konnyu-mattito-es-hidratalo-krem-75ml\/#breadcrumb\"},\"inLanguage\":\"hu\",\"potentialAction\":[{\"@type\":\"ReadAction\",\"target\":[\"https:\/\/www.eveline.hu\/2016\/eveline-kozmetikumok-szepsegapolas\/szepsegapolas\/arcapolas\/clean-skin-konnyu-mattito-es-hidratalo-krem-75ml\/\"]}]},{\"@type\":\"ImageObject\",\"inLanguage\":\"hu\",\"@id\":\"https:\/\/www.eveline.hu\/2016\/eveline-kozmetikumok-szepsegapolas\/szepsegapolas\/arcapolas\/clean-skin-konnyu-mattito-es-hidratalo-krem-75ml\/#primaryimage\",\"url\":\"https:\/\/www.eveline.hu\/2016\/wp-content\/uploads\/2019\/10\/Clean-YS-tonik-w.png\",\"contentUrl\":\"https:\/\/www.eveline.hu\/2016\/wp-content\/uploads\/2019\/10\/Clean-YS-tonik-w.png\",\"width\":750,\"height\":750},{\"@type\":\"BreadcrumbList\",\"@id\":\"https:\/\/www.eveline.hu\/2016\/eveline-kozmetikumok-szepsegapolas\/szepsegapolas\/arcapolas\/clean-skin-konnyu-mattito-es-hidratalo-krem-75ml\/#breadcrumb\",\"itemListElement\":[{\"@type\":\"ListItem\",\"position\":1,\"name\":\"Home\",\"item\":\"https:\/\/www.eveline.hu\/2016\/\"},{\"@type\":\"ListItem\",\"position\":2,\"name\":\"Term\u00e9kek\",\"item\":\"https:\/\/www.eveline.hu\/2016\/shop\/\"},{\"@type\":\"ListItem\",\"position\":3,\"name\":\"Clean Your Skin Tiszt\u00edt\u00f3 \u00e9s Matt\u00edt\u00f3 Tonik 225ml\"}]},{\"@type\":\"WebSite\",\"@id\":\"https:\/\/www.eveline.hu\/2016\/#website\",\"url\":\"https:\/\/www.eveline.hu\/2016\/\",\"name\":\"Eveline Cosmetics Magyarorsz\u00e1g\",\"description\":\"Min\u0151s\u00e9gi kozmetikumok Lengyelorsz\u00e1gb\u00f3l\",\"potentialAction\":[{\"@type\":\"SearchAction\",\"target\":{\"@type\":\"EntryPoint\",\"urlTemplate\":\"https:\/\/www.eveline.hu\/2016\/?s={search_term_string}\"},\"query-input\":\"required name=search_term_string\"}],\"inLanguage\":\"hu\"}]}<\/script>\n<!-- \/ Yoast SEO plugin. -->","yoast_head_json":{"title":"Clean Your Skin Tiszt\u00edt\u00f3 \u00e9s Matt\u00edt\u00f3 Tonik 225ml - Eveline Cosmetics Magyarorsz\u00e1g","robots":{"index":"index","follow":"follow","max-snippet":"max-snippet:-1","max-image-preview":"max-image-preview:large","max-video-preview":"max-video-preview:-1"},"canonical":"https:\/\/www.eveline.hu\/2016\/eveline-kozmetikumok-szepsegapolas\/szepsegapolas\/arcapolas\/clean-skin-konnyu-mattito-es-hidratalo-krem-75ml\/","og_locale":"hu_HU","og_type":"article","og_title":"Clean Your Skin Tiszt\u00edt\u00f3 \u00e9s Matt\u00edt\u00f3 Tonik 225ml - Eveline Cosmetics Magyarorsz\u00e1g","og_description":"225ml ( 5555 Ft\/l\u00a0 )","og_url":"https:\/\/www.eveline.hu\/2016\/eveline-kozmetikumok-szepsegapolas\/szepsegapolas\/arcapolas\/clean-skin-konnyu-mattito-es-hidratalo-krem-75ml\/","og_site_name":"Eveline Cosmetics Magyarorsz\u00e1g","article_modified_time":"2022-12-09T14:54:36+00:00","og_image":[{"width":750,"height":750,"url":"https:\/\/www.eveline.hu\/2016\/wp-content\/uploads\/2019\/10\/Clean-YS-tonik-w.png","type":"image\/png"}],"twitter_card":"summary_large_image","twitter_misc":{"Becs\u00fclt olvas\u00e1si id\u0151":"1 perc"},"schema":{"@context":"https:\/\/schema.org","@graph":[{"@type":"WebPage","@id":"https:\/\/www.eveline.hu\/2016\/eveline-kozmetikumok-szepsegapolas\/szepsegapolas\/arcapolas\/clean-skin-konnyu-mattito-es-hidratalo-krem-75ml\/","url":"https:\/\/www.eveline.hu\/2016\/eveline-kozmetikumok-szepsegapolas\/szepsegapolas\/arcapolas\/clean-skin-konnyu-mattito-es-hidratalo-krem-75ml\/","name":"Clean Your Skin Tiszt\u00edt\u00f3 \u00e9s Matt\u00edt\u00f3 Tonik 225ml - Eveline Cosmetics Magyarorsz\u00e1g","isPartOf":{"@id":"https:\/\/www.eveline.hu\/2016\/#website"},"primaryImageOfPage":{"@id":"https:\/\/www.eveline.hu\/2016\/eveline-kozmetikumok-szepsegapolas\/szepsegapolas\/arcapolas\/clean-skin-konnyu-mattito-es-hidratalo-krem-75ml\/#primaryimage"},"image":{"@id":"https:\/\/www.eveline.hu\/2016\/eveline-kozmetikumok-szepsegapolas\/szepsegapolas\/arcapolas\/clean-skin-konnyu-mattito-es-hidratalo-krem-75ml\/#primaryimage"},"thumbnailUrl":"https:\/\/www.eveline.hu\/2016\/wp-content\/uploads\/2019\/10\/Clean-YS-tonik-w.png","datePublished":"2019-10-22T11:10:44+00:00","dateModified":"2022-12-09T14:54:36+00:00","breadcrumb":{"@id":"https:\/\/www.eveline.hu\/2016\/eveline-kozmetikumok-szepsegapolas\/szepsegapolas\/arcapolas\/clean-skin-konnyu-mattito-es-hidratalo-krem-75ml\/#breadcrumb"},"inLanguage":"hu","potentialAction":[{"@type":"ReadAction","target":["https:\/\/www.eveline.hu\/2016\/eveline-kozmetikumok-szepsegapolas\/szepsegapolas\/arcapolas\/clean-skin-konnyu-mattito-es-hidratalo-krem-75ml\/"]}]},{"@type":"ImageObject","inLanguage":"hu","@id":"https:\/\/www.eveline.hu\/2016\/eveline-kozmetikumok-szepsegapolas\/szepsegapolas\/arcapolas\/clean-skin-konnyu-mattito-es-hidratalo-krem-75ml\/#primaryimage","url":"https:\/\/www.eveline.hu\/2016\/wp-content\/uploads\/2019\/10\/Clean-YS-tonik-w.png","contentUrl":"https:\/\/www.eveline.hu\/2016\/wp-content\/uploads\/2019\/10\/Clean-YS-tonik-w.png","width":750,"height":750},{"@type":"BreadcrumbList","@id":"https:\/\/www.eveline.hu\/2016\/eveline-kozmetikumok-szepsegapolas\/szepsegapolas\/arcapolas\/clean-skin-konnyu-mattito-es-hidratalo-krem-75ml\/#breadcrumb","itemListElement":[{"@type":"ListItem","position":1,"name":"Home","item":"https:\/\/www.eveline.hu\/2016\/"},{"@type":"ListItem","position":2,"name":"Term\u00e9kek","item":"https:\/\/www.eveline.hu\/2016\/shop\/"},{"@type":"ListItem","position":3,"name":"Clean Your Skin Tiszt\u00edt\u00f3 \u00e9s Matt\u00edt\u00f3 Tonik 225ml"}]},{"@type":"WebSite","@id":"https:\/\/www.eveline.hu\/2016\/#website","url":"https:\/\/www.eveline.hu\/2016\/","name":"Eveline Cosmetics Magyarorsz\u00e1g","description":"Min\u0151s\u00e9gi kozmetikumok Lengyelorsz\u00e1gb\u00f3l","potentialAction":[{"@type":"SearchAction","target":{"@type":"EntryPoint","urlTemplate":"https:\/\/www.eveline.hu\/2016\/?s={search_term_string}"},"query-input":"required name=search_term_string"}],"inLanguage":"hu"}]}},"_links":{"self":[{"href":"https:\/\/www.eveline.hu\/2016\/wp-json\/wp\/v2\/product\/24621"}],"collection":[{"href":"https:\/\/www.eveline.hu\/2016\/wp-json\/wp\/v2\/product"}],"about":[{"href":"https:\/\/www.eveline.hu\/2016\/wp-json\/wp\/v2\/types\/product"}],"replies":[{"embeddable":true,"href":"https:\/\/www.eveline.hu\/2016\/wp-json\/wp\/v2\/comments?post=24621"}],"wp:featuredmedia":[{"embeddable":true,"href":"https:\/\/www.eveline.hu\/2016\/wp-json\/wp\/v2\/media\/24617"}],"wp:attachment":[{"href":"https:\/\/www.eveline.hu\/2016\/wp-json\/wp\/v2\/media?parent=24621"}],"wp:term":[{"taxonomy":"product_cat","embeddable":true,"href":"https:\/\/www.eveline.hu\/2016\/wp-json\/wp\/v2\/product_cat?post=24621"},{"taxonomy":"product_tag","embeddable":true,"href":"https:\/\/www.eveline.hu\/2016\/wp-json\/wp\/v2\/product_tag?post=24621"}],"curies":[{"name":"wp","href":"https:\/\/api.w.org\/{rel}","templated":true}]}}