{"id":24589,"date":"2019-10-16T10:36:20","date_gmt":"2019-10-16T08:36:20","guid":{"rendered":"https:\/\/www.eveline.hu\/2016\/?post_type=product&#038;p=24589"},"modified":"2025-07-30T15:44:30","modified_gmt":"2025-07-30T13:44:30","slug":"magic-skin-cc-szepito-hidratalo-krem-borpir-ellen-50ml","status":"publish","type":"product","link":"https:\/\/www.eveline.hu\/2016\/eveline-kozmetikumok-szepsegapolas\/smink\/arc\/alapozok\/magic-skin-cc-szepito-hidratalo-krem-borpir-ellen-50ml\/","title":{"rendered":"Magic Skin CC Sz\u00e9p\u00edt\u0151, hidrat\u00e1l\u00f3 kr\u00e9m, b\u0151rp\u00edr ellen 50ml"},"content":{"rendered":"<p><strong>Magic Skin CC Sz\u00e9p\u00edt\u0151, hidrat\u00e1l\u00f3 kr\u00e9m, b\u0151rp\u00edr ellen<\/strong><br \/>\nsz\u00e1raz \u00e9s \u00e9rz\u00e9keny b\u0151rre<\/p>\n<p>8az1-ben: kiegyenl\u00edti a b\u0151r t\u00f3nus\u00e1t,UV \u00e9s szmog elleni v\u00e9delem vil\u00e1gos\u00edt \u00e9s kisim\u00edt, 24 \u00f3r\u00e1s intenz\u00edv hidrat\u00e1l\u00e1s\u00a0minimaliz\u00e1lja a t\u00f6k\u00e9letlens\u00e9geket, cs\u00f6kkenti a f\u00e1radts\u00e1g t\u00fcneteit\u00a0nyugtatja a b\u0151rirrit\u00e1ci\u00f3t, optikailag fiatal\u00edtja a b\u0151rt.\u00a0Az innovat\u00edv formula hat\u00e9konyan v\u00e9di a b\u0151rt a k\u00fcls\u0151 t\u00e9nyez\u0151k\u00a0hat\u00e1sait\u00f3l (szmog, cigarettaf\u00fcst, szabad gy\u00f6k\u00f6k, UV sug\u00e1rz\u00e1s),\u00a0a korai \u00f6reged\u00e9ssel szemben, t\u00f6k\u00e9letesen kiegyenl\u00edti a b\u0151r t\u00f3nus\u00e1t\u00a0\u00e9s eltakarja a t\u00f6k\u00e9letlens\u00e9geket. Cs\u00f6kkenti az elsz\u00ednez\u0151d\u00e9s\u00e9t \u00e9s a\u00a0kit\u00e1gult p\u00f3rusok l\u00e1that\u00f3s\u00e1g\u00e1t, elrejti a v\u00f6r\u00f6sess\u00e9get \u00e9s kisim\u00edtja az\u00a0apr\u00f3 r\u00e1ncokat. Tart\u00f3s hidrat\u00e1l\u00e1st \u00e9s ragyog\u00f3 megjelen\u00e9st biztos\u00edt.\u00a0<strong>INSTA MAGIC <\/strong>a t\u00f6k\u00e9letes\u00edt\u0151 komplex, mely az ide\u00e1lis \u00e9s sima b\u0151r\u00a0azonnali hat\u00e1s\u00e1t biztos\u00edtja, egy sz\u00e9p\u00edt\u0151 fot\u00f3sz\u0171r\u0151k\u00e9nt viselkedik.\u00a0A forradalmi formula garant\u00e1lja a b\u0151r pontos retus\u00e1l\u00e1s\u00e1nak hat\u00e1s\u00e1t\u00a0\u00e9s hib\u00e1tlan megjelen\u00e9s\u00e9t.<br \/>\nAlkalmaz\u00e1s: Minden reggel vigye fel a megtiszt\u00edtott arcb\u0151rre.\u00a0Gyeng\u00e9den massz\u00edrozza be az ujjbegyekkel. V\u00e1rja meg am\u00edg teljesen\u00a0felsz\u00edv\u00f3dik. A <strong>CC Kr\u00e9m <\/strong>haszn\u00e1lhat\u00f3 \u00e1pol\u00f3 kr\u00e9mk\u00e9nt, smink al\u00e1\u00a0alapkr\u00e9mk\u00e9nt vagy alapoz\u00f3k\u00e9nt. Az intenz\u00edvebb lefed\u00e9s \u00e9rdek\u00e9ben\u00a0t\u00f6bb r\u00e9teg felvitele javasolt.<\/p>\n","protected":false},"excerpt":{"rendered":"<p>Magic Skin CC Sz\u00e9p\u00edt\u0151, hidrat\u00e1l\u00f3 kr\u00e9m, b\u0151rp\u00edr ellen sz\u00e1raz \u00e9s \u00e9rz\u00e9keny b\u0151rre 8az1-ben: kiegyenl\u00edti a b\u0151r t\u00f3nus\u00e1t,UV \u00e9s szmog elleni v\u00e9delem vil\u00e1gos\u00edt \u00e9s kisim\u00edt, 24 \u00f3r\u00e1s intenz\u00edv hidrat\u00e1l\u00e1s\u00a0minimaliz\u00e1lja a t\u00f6k\u00e9letlens\u00e9geket, cs\u00f6kkenti a f\u00e1radts\u00e1g t\u00fcneteit\u00a0nyugtatja a b\u0151rirrit\u00e1ci\u00f3t, optikailag fiatal\u00edtja a b\u0151rt.\u00a0Az [&hellip;]<\/p>\n","protected":false},"featured_media":24590,"comment_status":"open","ping_status":"closed","template":"","meta":[],"product_cat":[130,140,144,125,126],"product_tag":[],"yoast_head":"<!-- This site is optimized with the Yoast SEO plugin v22.2 - https:\/\/yoast.com\/wordpress\/plugins\/seo\/ -->\n<title>Magic Skin CC Sz\u00e9p\u00edt\u0151, hidrat\u00e1l\u00f3 kr\u00e9m, b\u0151rp\u00edr ellen 50ml - Eveline Cosmetics Magyarorsz\u00e1g<\/title>\n<meta name=\"robots\" content=\"index, follow, max-snippet:-1, max-image-preview:large, max-video-preview:-1\" \/>\n<link rel=\"canonical\" href=\"https:\/\/www.eveline.hu\/2016\/eveline-kozmetikumok-szepsegapolas\/smink\/arc\/alapozok\/magic-skin-cc-szepito-hidratalo-krem-borpir-ellen-50ml\/\" \/>\n<meta property=\"og:locale\" content=\"hu_HU\" \/>\n<meta property=\"og:type\" content=\"article\" \/>\n<meta property=\"og:title\" content=\"Magic Skin CC Sz\u00e9p\u00edt\u0151, hidrat\u00e1l\u00f3 kr\u00e9m, b\u0151rp\u00edr ellen 50ml - Eveline Cosmetics Magyarorsz\u00e1g\" \/>\n<meta property=\"og:description\" content=\"Magic Skin CC Sz\u00e9p\u00edt\u0151, hidrat\u00e1l\u00f3 kr\u00e9m, b\u0151rp\u00edr ellen sz\u00e1raz \u00e9s \u00e9rz\u00e9keny b\u0151rre 8az1-ben: kiegyenl\u00edti a b\u0151r t\u00f3nus\u00e1t,UV \u00e9s szmog elleni v\u00e9delem vil\u00e1gos\u00edt \u00e9s kisim\u00edt, 24 \u00f3r\u00e1s intenz\u00edv hidrat\u00e1l\u00e1s\u00a0minimaliz\u00e1lja a t\u00f6k\u00e9letlens\u00e9geket, cs\u00f6kkenti a f\u00e1radts\u00e1g t\u00fcneteit\u00a0nyugtatja a b\u0151rirrit\u00e1ci\u00f3t, optikailag fiatal\u00edtja a b\u0151rt.\u00a0Az [&hellip;]\" \/>\n<meta property=\"og:url\" content=\"https:\/\/www.eveline.hu\/2016\/eveline-kozmetikumok-szepsegapolas\/smink\/arc\/alapozok\/magic-skin-cc-szepito-hidratalo-krem-borpir-ellen-50ml\/\" \/>\n<meta property=\"og:site_name\" content=\"Eveline Cosmetics Magyarorsz\u00e1g\" \/>\n<meta property=\"article:modified_time\" content=\"2025-07-30T13:44:30+00:00\" \/>\n<meta property=\"og:image\" content=\"https:\/\/www.eveline.hu\/2016\/wp-content\/uploads\/2019\/10\/magic-cc.png\" \/>\n\t<meta property=\"og:image:width\" content=\"750\" \/>\n\t<meta property=\"og:image:height\" content=\"750\" \/>\n\t<meta property=\"og:image:type\" content=\"image\/png\" \/>\n<meta name=\"twitter:card\" content=\"summary_large_image\" \/>\n<meta name=\"twitter:label1\" content=\"Becs\u00fclt olvas\u00e1si id\u0151\" \/>\n\t<meta name=\"twitter:data1\" content=\"2 perc\" \/>\n<script type=\"application\/ld+json\" class=\"yoast-schema-graph\">{\"@context\":\"https:\/\/schema.org\",\"@graph\":[{\"@type\":\"WebPage\",\"@id\":\"https:\/\/www.eveline.hu\/2016\/eveline-kozmetikumok-szepsegapolas\/smink\/arc\/alapozok\/magic-skin-cc-szepito-hidratalo-krem-borpir-ellen-50ml\/\",\"url\":\"https:\/\/www.eveline.hu\/2016\/eveline-kozmetikumok-szepsegapolas\/smink\/arc\/alapozok\/magic-skin-cc-szepito-hidratalo-krem-borpir-ellen-50ml\/\",\"name\":\"Magic Skin CC Sz\u00e9p\u00edt\u0151, hidrat\u00e1l\u00f3 kr\u00e9m, b\u0151rp\u00edr ellen 50ml - Eveline Cosmetics Magyarorsz\u00e1g\",\"isPartOf\":{\"@id\":\"https:\/\/www.eveline.hu\/2016\/#website\"},\"primaryImageOfPage\":{\"@id\":\"https:\/\/www.eveline.hu\/2016\/eveline-kozmetikumok-szepsegapolas\/smink\/arc\/alapozok\/magic-skin-cc-szepito-hidratalo-krem-borpir-ellen-50ml\/#primaryimage\"},\"image\":{\"@id\":\"https:\/\/www.eveline.hu\/2016\/eveline-kozmetikumok-szepsegapolas\/smink\/arc\/alapozok\/magic-skin-cc-szepito-hidratalo-krem-borpir-ellen-50ml\/#primaryimage\"},\"thumbnailUrl\":\"https:\/\/www.eveline.hu\/2016\/wp-content\/uploads\/2019\/10\/magic-cc.png\",\"datePublished\":\"2019-10-16T08:36:20+00:00\",\"dateModified\":\"2025-07-30T13:44:30+00:00\",\"breadcrumb\":{\"@id\":\"https:\/\/www.eveline.hu\/2016\/eveline-kozmetikumok-szepsegapolas\/smink\/arc\/alapozok\/magic-skin-cc-szepito-hidratalo-krem-borpir-ellen-50ml\/#breadcrumb\"},\"inLanguage\":\"hu\",\"potentialAction\":[{\"@type\":\"ReadAction\",\"target\":[\"https:\/\/www.eveline.hu\/2016\/eveline-kozmetikumok-szepsegapolas\/smink\/arc\/alapozok\/magic-skin-cc-szepito-hidratalo-krem-borpir-ellen-50ml\/\"]}]},{\"@type\":\"ImageObject\",\"inLanguage\":\"hu\",\"@id\":\"https:\/\/www.eveline.hu\/2016\/eveline-kozmetikumok-szepsegapolas\/smink\/arc\/alapozok\/magic-skin-cc-szepito-hidratalo-krem-borpir-ellen-50ml\/#primaryimage\",\"url\":\"https:\/\/www.eveline.hu\/2016\/wp-content\/uploads\/2019\/10\/magic-cc.png\",\"contentUrl\":\"https:\/\/www.eveline.hu\/2016\/wp-content\/uploads\/2019\/10\/magic-cc.png\",\"width\":750,\"height\":750},{\"@type\":\"BreadcrumbList\",\"@id\":\"https:\/\/www.eveline.hu\/2016\/eveline-kozmetikumok-szepsegapolas\/smink\/arc\/alapozok\/magic-skin-cc-szepito-hidratalo-krem-borpir-ellen-50ml\/#breadcrumb\",\"itemListElement\":[{\"@type\":\"ListItem\",\"position\":1,\"name\":\"Home\",\"item\":\"https:\/\/www.eveline.hu\/2016\/\"},{\"@type\":\"ListItem\",\"position\":2,\"name\":\"Term\u00e9kek\",\"item\":\"https:\/\/www.eveline.hu\/2016\/shop\/\"},{\"@type\":\"ListItem\",\"position\":3,\"name\":\"Magic Skin CC Sz\u00e9p\u00edt\u0151, hidrat\u00e1l\u00f3 kr\u00e9m, b\u0151rp\u00edr ellen 50ml\"}]},{\"@type\":\"WebSite\",\"@id\":\"https:\/\/www.eveline.hu\/2016\/#website\",\"url\":\"https:\/\/www.eveline.hu\/2016\/\",\"name\":\"Eveline Cosmetics Magyarorsz\u00e1g\",\"description\":\"Min\u0151s\u00e9gi kozmetikumok Lengyelorsz\u00e1gb\u00f3l\",\"potentialAction\":[{\"@type\":\"SearchAction\",\"target\":{\"@type\":\"EntryPoint\",\"urlTemplate\":\"https:\/\/www.eveline.hu\/2016\/?s={search_term_string}\"},\"query-input\":\"required name=search_term_string\"}],\"inLanguage\":\"hu\"}]}<\/script>\n<!-- \/ Yoast SEO plugin. -->","yoast_head_json":{"title":"Magic Skin CC Sz\u00e9p\u00edt\u0151, hidrat\u00e1l\u00f3 kr\u00e9m, b\u0151rp\u00edr ellen 50ml - Eveline Cosmetics Magyarorsz\u00e1g","robots":{"index":"index","follow":"follow","max-snippet":"max-snippet:-1","max-image-preview":"max-image-preview:large","max-video-preview":"max-video-preview:-1"},"canonical":"https:\/\/www.eveline.hu\/2016\/eveline-kozmetikumok-szepsegapolas\/smink\/arc\/alapozok\/magic-skin-cc-szepito-hidratalo-krem-borpir-ellen-50ml\/","og_locale":"hu_HU","og_type":"article","og_title":"Magic Skin CC Sz\u00e9p\u00edt\u0151, hidrat\u00e1l\u00f3 kr\u00e9m, b\u0151rp\u00edr ellen 50ml - Eveline Cosmetics Magyarorsz\u00e1g","og_description":"Magic Skin CC Sz\u00e9p\u00edt\u0151, hidrat\u00e1l\u00f3 kr\u00e9m, b\u0151rp\u00edr ellen sz\u00e1raz \u00e9s \u00e9rz\u00e9keny b\u0151rre 8az1-ben: kiegyenl\u00edti a b\u0151r t\u00f3nus\u00e1t,UV \u00e9s szmog elleni v\u00e9delem vil\u00e1gos\u00edt \u00e9s kisim\u00edt, 24 \u00f3r\u00e1s intenz\u00edv hidrat\u00e1l\u00e1s\u00a0minimaliz\u00e1lja a t\u00f6k\u00e9letlens\u00e9geket, cs\u00f6kkenti a f\u00e1radts\u00e1g t\u00fcneteit\u00a0nyugtatja a b\u0151rirrit\u00e1ci\u00f3t, optikailag fiatal\u00edtja a b\u0151rt.\u00a0Az [&hellip;]","og_url":"https:\/\/www.eveline.hu\/2016\/eveline-kozmetikumok-szepsegapolas\/smink\/arc\/alapozok\/magic-skin-cc-szepito-hidratalo-krem-borpir-ellen-50ml\/","og_site_name":"Eveline Cosmetics Magyarorsz\u00e1g","article_modified_time":"2025-07-30T13:44:30+00:00","og_image":[{"width":750,"height":750,"url":"https:\/\/www.eveline.hu\/2016\/wp-content\/uploads\/2019\/10\/magic-cc.png","type":"image\/png"}],"twitter_card":"summary_large_image","twitter_misc":{"Becs\u00fclt olvas\u00e1si id\u0151":"2 perc"},"schema":{"@context":"https:\/\/schema.org","@graph":[{"@type":"WebPage","@id":"https:\/\/www.eveline.hu\/2016\/eveline-kozmetikumok-szepsegapolas\/smink\/arc\/alapozok\/magic-skin-cc-szepito-hidratalo-krem-borpir-ellen-50ml\/","url":"https:\/\/www.eveline.hu\/2016\/eveline-kozmetikumok-szepsegapolas\/smink\/arc\/alapozok\/magic-skin-cc-szepito-hidratalo-krem-borpir-ellen-50ml\/","name":"Magic Skin CC Sz\u00e9p\u00edt\u0151, hidrat\u00e1l\u00f3 kr\u00e9m, b\u0151rp\u00edr ellen 50ml - Eveline Cosmetics Magyarorsz\u00e1g","isPartOf":{"@id":"https:\/\/www.eveline.hu\/2016\/#website"},"primaryImageOfPage":{"@id":"https:\/\/www.eveline.hu\/2016\/eveline-kozmetikumok-szepsegapolas\/smink\/arc\/alapozok\/magic-skin-cc-szepito-hidratalo-krem-borpir-ellen-50ml\/#primaryimage"},"image":{"@id":"https:\/\/www.eveline.hu\/2016\/eveline-kozmetikumok-szepsegapolas\/smink\/arc\/alapozok\/magic-skin-cc-szepito-hidratalo-krem-borpir-ellen-50ml\/#primaryimage"},"thumbnailUrl":"https:\/\/www.eveline.hu\/2016\/wp-content\/uploads\/2019\/10\/magic-cc.png","datePublished":"2019-10-16T08:36:20+00:00","dateModified":"2025-07-30T13:44:30+00:00","breadcrumb":{"@id":"https:\/\/www.eveline.hu\/2016\/eveline-kozmetikumok-szepsegapolas\/smink\/arc\/alapozok\/magic-skin-cc-szepito-hidratalo-krem-borpir-ellen-50ml\/#breadcrumb"},"inLanguage":"hu","potentialAction":[{"@type":"ReadAction","target":["https:\/\/www.eveline.hu\/2016\/eveline-kozmetikumok-szepsegapolas\/smink\/arc\/alapozok\/magic-skin-cc-szepito-hidratalo-krem-borpir-ellen-50ml\/"]}]},{"@type":"ImageObject","inLanguage":"hu","@id":"https:\/\/www.eveline.hu\/2016\/eveline-kozmetikumok-szepsegapolas\/smink\/arc\/alapozok\/magic-skin-cc-szepito-hidratalo-krem-borpir-ellen-50ml\/#primaryimage","url":"https:\/\/www.eveline.hu\/2016\/wp-content\/uploads\/2019\/10\/magic-cc.png","contentUrl":"https:\/\/www.eveline.hu\/2016\/wp-content\/uploads\/2019\/10\/magic-cc.png","width":750,"height":750},{"@type":"BreadcrumbList","@id":"https:\/\/www.eveline.hu\/2016\/eveline-kozmetikumok-szepsegapolas\/smink\/arc\/alapozok\/magic-skin-cc-szepito-hidratalo-krem-borpir-ellen-50ml\/#breadcrumb","itemListElement":[{"@type":"ListItem","position":1,"name":"Home","item":"https:\/\/www.eveline.hu\/2016\/"},{"@type":"ListItem","position":2,"name":"Term\u00e9kek","item":"https:\/\/www.eveline.hu\/2016\/shop\/"},{"@type":"ListItem","position":3,"name":"Magic Skin CC Sz\u00e9p\u00edt\u0151, hidrat\u00e1l\u00f3 kr\u00e9m, b\u0151rp\u00edr ellen 50ml"}]},{"@type":"WebSite","@id":"https:\/\/www.eveline.hu\/2016\/#website","url":"https:\/\/www.eveline.hu\/2016\/","name":"Eveline Cosmetics Magyarorsz\u00e1g","description":"Min\u0151s\u00e9gi kozmetikumok Lengyelorsz\u00e1gb\u00f3l","potentialAction":[{"@type":"SearchAction","target":{"@type":"EntryPoint","urlTemplate":"https:\/\/www.eveline.hu\/2016\/?s={search_term_string}"},"query-input":"required name=search_term_string"}],"inLanguage":"hu"}]}},"_links":{"self":[{"href":"https:\/\/www.eveline.hu\/2016\/wp-json\/wp\/v2\/product\/24589"}],"collection":[{"href":"https:\/\/www.eveline.hu\/2016\/wp-json\/wp\/v2\/product"}],"about":[{"href":"https:\/\/www.eveline.hu\/2016\/wp-json\/wp\/v2\/types\/product"}],"replies":[{"embeddable":true,"href":"https:\/\/www.eveline.hu\/2016\/wp-json\/wp\/v2\/comments?post=24589"}],"wp:featuredmedia":[{"embeddable":true,"href":"https:\/\/www.eveline.hu\/2016\/wp-json\/wp\/v2\/media\/24590"}],"wp:attachment":[{"href":"https:\/\/www.eveline.hu\/2016\/wp-json\/wp\/v2\/media?parent=24589"}],"wp:term":[{"taxonomy":"product_cat","embeddable":true,"href":"https:\/\/www.eveline.hu\/2016\/wp-json\/wp\/v2\/product_cat?post=24589"},{"taxonomy":"product_tag","embeddable":true,"href":"https:\/\/www.eveline.hu\/2016\/wp-json\/wp\/v2\/product_tag?post=24589"}],"curies":[{"name":"wp","href":"https:\/\/api.w.org\/{rel}","templated":true}]}}