{"id":24528,"date":"2019-10-03T12:07:32","date_gmt":"2019-10-03T10:07:32","guid":{"rendered":"https:\/\/www.eveline.hu\/2016\/?post_type=product&#038;p=24528"},"modified":"2025-08-15T12:41:26","modified_gmt":"2025-08-15T10:41:26","slug":"intenziv-regeneralo-anti-age-szovetmaszk","status":"publish","type":"product","link":"https:\/\/www.eveline.hu\/2016\/eveline-kozmetikumok-szepsegapolas\/szepsegapolas\/arcapolas\/intenziv-regeneralo-anti-age-szovetmaszk\/","title":{"rendered":"Royal Snail Intenz\u00edv regener\u00e1l\u00f3 ANTI-AGE sz\u00f6vetmaszk"},"content":{"rendered":"<p><strong>Royal Snail Intenz\u00edv regener\u00e1l\u00f3 ANTI-AGE sz\u00f6vetmaszk<\/strong><\/p>\n<p>A gondosan kiv\u00e1lasztott hat\u00f3anyag-tartalomnak k\u00f6sz\u00f6nhet\u0151en kisim\u00edtja<\/p>\n<p>\u00e9s cs\u00f6kkenti a r\u00e1ncokat, jav\u00edtja a b\u0151r feszess\u00e9g\u00e9t, intenz\u00edven hidrat\u00e1lja \u00e9s t\u00e1pl\u00e1lja a b\u0151rt.<\/p>\n<p><strong>Akt\u00edv\u00a0 \u00f6sszetev\u0151k<\/strong>:csigany\u00e1l sz\u0171rlet, aloe vera, B5 pro-vitamin, betaine, kamilla \u00e9s uborka kivonat.<\/p>\n<p>&nbsp;<\/p>\n<p>\u00f6sszetev\u0151k: Aqua (Water), Glycerin, Butylene Glycol, Glycereth-26, Betaine, Panthenol, Camellia Sinensis Leaf Extract, Xanthan Gum, Cucumis Sativus (Cucumber) Fruit Extract, Aloe Barbadensis Leaf Extract, Chamomilla Recutita (Matricaria) Flower Extract, Carbomer, PEG-60 Hydrogenated Castor Oil, Polysorbate 80, Phenoxyethanol, Sodium PCA, Bellis Perennis (Daisy) Flower Extract, Lilium Candidum Flower Extract, Leontopodium Alpinum Flower Extract, Sambucus Nigra Flower Extract, Convallaria Majalis Extract, Jasminum Ocinale (Jasmine) Flower Extract, Sodium Lactate, Artemisia Princeps Extract, Aloe Barbadensis Leaf Juice Powder, Allantoin, Dipotassium Glycyrrhizate, Disodium EDTA, Arginine, Aspartic Acid, Sodium Hyaluronate, PCA, Glyceryl Acrylate\/Acrylic Acid Copolymer, Parfum (Fragrance), Glycine, Alanine, Sodium Hydroxide, Serine, Valine, Proline, Threonine, Isoleucine, Histidine, Phenylalanine, Gold, Limonene. Linalool.<\/p>\n","protected":false},"excerpt":{"rendered":"<p>Royal Snail Intenz\u00edv regener\u00e1l\u00f3 ANTI-AGE sz\u00f6vetmaszk A gondosan kiv\u00e1lasztott hat\u00f3anyag-tartalomnak k\u00f6sz\u00f6nhet\u0151en kisim\u00edtja \u00e9s cs\u00f6kkenti a r\u00e1ncokat, jav\u00edtja a b\u0151r feszess\u00e9g\u00e9t, intenz\u00edven hidrat\u00e1lja \u00e9s t\u00e1pl\u00e1lja a b\u0151rt. Akt\u00edv\u00a0 \u00f6sszetev\u0151k:csigany\u00e1l sz\u0171rlet, aloe vera, B5 pro-vitamin, betaine, kamilla \u00e9s uborka kivonat. &nbsp; \u00f6sszetev\u0151k: [&hellip;]<\/p>\n","protected":false},"featured_media":24529,"comment_status":"open","ping_status":"closed","template":"","meta":[],"product_cat":[224,126,87],"product_tag":[],"yoast_head":"<!-- This site is optimized with the Yoast SEO plugin v22.2 - https:\/\/yoast.com\/wordpress\/plugins\/seo\/ -->\n<title>Royal Snail Intenz\u00edv regener\u00e1l\u00f3 ANTI-AGE sz\u00f6vetmaszk - Eveline Cosmetics Magyarorsz\u00e1g<\/title>\n<meta name=\"robots\" content=\"index, follow, max-snippet:-1, max-image-preview:large, max-video-preview:-1\" \/>\n<link rel=\"canonical\" href=\"https:\/\/www.eveline.hu\/2016\/eveline-kozmetikumok-szepsegapolas\/szepsegapolas\/arcapolas\/intenziv-regeneralo-anti-age-szovetmaszk\/\" \/>\n<meta property=\"og:locale\" content=\"hu_HU\" \/>\n<meta property=\"og:type\" content=\"article\" \/>\n<meta property=\"og:title\" content=\"Royal Snail Intenz\u00edv regener\u00e1l\u00f3 ANTI-AGE sz\u00f6vetmaszk - Eveline Cosmetics Magyarorsz\u00e1g\" \/>\n<meta property=\"og:description\" content=\"Royal Snail Intenz\u00edv regener\u00e1l\u00f3 ANTI-AGE sz\u00f6vetmaszk A gondosan kiv\u00e1lasztott hat\u00f3anyag-tartalomnak k\u00f6sz\u00f6nhet\u0151en kisim\u00edtja \u00e9s cs\u00f6kkenti a r\u00e1ncokat, jav\u00edtja a b\u0151r feszess\u00e9g\u00e9t, intenz\u00edven hidrat\u00e1lja \u00e9s t\u00e1pl\u00e1lja a b\u0151rt. Akt\u00edv\u00a0 \u00f6sszetev\u0151k:csigany\u00e1l sz\u0171rlet, aloe vera, B5 pro-vitamin, betaine, kamilla \u00e9s uborka kivonat. &nbsp; \u00f6sszetev\u0151k: [&hellip;]\" \/>\n<meta property=\"og:url\" content=\"https:\/\/www.eveline.hu\/2016\/eveline-kozmetikumok-szepsegapolas\/szepsegapolas\/arcapolas\/intenziv-regeneralo-anti-age-szovetmaszk\/\" \/>\n<meta property=\"og:site_name\" content=\"Eveline Cosmetics Magyarorsz\u00e1g\" \/>\n<meta property=\"article:modified_time\" content=\"2025-08-15T10:41:26+00:00\" \/>\n<meta property=\"og:image\" content=\"https:\/\/www.eveline.hu\/2016\/wp-content\/uploads\/2019\/10\/royal-snail-sheet-maszk-w.png\" \/>\n\t<meta property=\"og:image:width\" content=\"750\" \/>\n\t<meta property=\"og:image:height\" content=\"750\" \/>\n\t<meta property=\"og:image:type\" content=\"image\/png\" \/>\n<meta name=\"twitter:card\" content=\"summary_large_image\" \/>\n<meta name=\"twitter:label1\" content=\"Becs\u00fclt olvas\u00e1si id\u0151\" \/>\n\t<meta name=\"twitter:data1\" content=\"1 perc\" \/>\n<script type=\"application\/ld+json\" class=\"yoast-schema-graph\">{\"@context\":\"https:\/\/schema.org\",\"@graph\":[{\"@type\":\"WebPage\",\"@id\":\"https:\/\/www.eveline.hu\/2016\/eveline-kozmetikumok-szepsegapolas\/szepsegapolas\/arcapolas\/intenziv-regeneralo-anti-age-szovetmaszk\/\",\"url\":\"https:\/\/www.eveline.hu\/2016\/eveline-kozmetikumok-szepsegapolas\/szepsegapolas\/arcapolas\/intenziv-regeneralo-anti-age-szovetmaszk\/\",\"name\":\"Royal Snail Intenz\u00edv regener\u00e1l\u00f3 ANTI-AGE sz\u00f6vetmaszk - Eveline Cosmetics Magyarorsz\u00e1g\",\"isPartOf\":{\"@id\":\"https:\/\/www.eveline.hu\/2016\/#website\"},\"primaryImageOfPage\":{\"@id\":\"https:\/\/www.eveline.hu\/2016\/eveline-kozmetikumok-szepsegapolas\/szepsegapolas\/arcapolas\/intenziv-regeneralo-anti-age-szovetmaszk\/#primaryimage\"},\"image\":{\"@id\":\"https:\/\/www.eveline.hu\/2016\/eveline-kozmetikumok-szepsegapolas\/szepsegapolas\/arcapolas\/intenziv-regeneralo-anti-age-szovetmaszk\/#primaryimage\"},\"thumbnailUrl\":\"https:\/\/www.eveline.hu\/2016\/wp-content\/uploads\/2019\/10\/royal-snail-sheet-maszk-w.png\",\"datePublished\":\"2019-10-03T10:07:32+00:00\",\"dateModified\":\"2025-08-15T10:41:26+00:00\",\"breadcrumb\":{\"@id\":\"https:\/\/www.eveline.hu\/2016\/eveline-kozmetikumok-szepsegapolas\/szepsegapolas\/arcapolas\/intenziv-regeneralo-anti-age-szovetmaszk\/#breadcrumb\"},\"inLanguage\":\"hu\",\"potentialAction\":[{\"@type\":\"ReadAction\",\"target\":[\"https:\/\/www.eveline.hu\/2016\/eveline-kozmetikumok-szepsegapolas\/szepsegapolas\/arcapolas\/intenziv-regeneralo-anti-age-szovetmaszk\/\"]}]},{\"@type\":\"ImageObject\",\"inLanguage\":\"hu\",\"@id\":\"https:\/\/www.eveline.hu\/2016\/eveline-kozmetikumok-szepsegapolas\/szepsegapolas\/arcapolas\/intenziv-regeneralo-anti-age-szovetmaszk\/#primaryimage\",\"url\":\"https:\/\/www.eveline.hu\/2016\/wp-content\/uploads\/2019\/10\/royal-snail-sheet-maszk-w.png\",\"contentUrl\":\"https:\/\/www.eveline.hu\/2016\/wp-content\/uploads\/2019\/10\/royal-snail-sheet-maszk-w.png\",\"width\":750,\"height\":750},{\"@type\":\"BreadcrumbList\",\"@id\":\"https:\/\/www.eveline.hu\/2016\/eveline-kozmetikumok-szepsegapolas\/szepsegapolas\/arcapolas\/intenziv-regeneralo-anti-age-szovetmaszk\/#breadcrumb\",\"itemListElement\":[{\"@type\":\"ListItem\",\"position\":1,\"name\":\"Home\",\"item\":\"https:\/\/www.eveline.hu\/2016\/\"},{\"@type\":\"ListItem\",\"position\":2,\"name\":\"Term\u00e9kek\",\"item\":\"https:\/\/www.eveline.hu\/2016\/shop\/\"},{\"@type\":\"ListItem\",\"position\":3,\"name\":\"Royal Snail Intenz\u00edv regener\u00e1l\u00f3 ANTI-AGE sz\u00f6vetmaszk\"}]},{\"@type\":\"WebSite\",\"@id\":\"https:\/\/www.eveline.hu\/2016\/#website\",\"url\":\"https:\/\/www.eveline.hu\/2016\/\",\"name\":\"Eveline Cosmetics Magyarorsz\u00e1g\",\"description\":\"Min\u0151s\u00e9gi kozmetikumok Lengyelorsz\u00e1gb\u00f3l\",\"potentialAction\":[{\"@type\":\"SearchAction\",\"target\":{\"@type\":\"EntryPoint\",\"urlTemplate\":\"https:\/\/www.eveline.hu\/2016\/?s={search_term_string}\"},\"query-input\":\"required name=search_term_string\"}],\"inLanguage\":\"hu\"}]}<\/script>\n<!-- \/ Yoast SEO plugin. -->","yoast_head_json":{"title":"Royal Snail Intenz\u00edv regener\u00e1l\u00f3 ANTI-AGE sz\u00f6vetmaszk - Eveline Cosmetics Magyarorsz\u00e1g","robots":{"index":"index","follow":"follow","max-snippet":"max-snippet:-1","max-image-preview":"max-image-preview:large","max-video-preview":"max-video-preview:-1"},"canonical":"https:\/\/www.eveline.hu\/2016\/eveline-kozmetikumok-szepsegapolas\/szepsegapolas\/arcapolas\/intenziv-regeneralo-anti-age-szovetmaszk\/","og_locale":"hu_HU","og_type":"article","og_title":"Royal Snail Intenz\u00edv regener\u00e1l\u00f3 ANTI-AGE sz\u00f6vetmaszk - Eveline Cosmetics Magyarorsz\u00e1g","og_description":"Royal Snail Intenz\u00edv regener\u00e1l\u00f3 ANTI-AGE sz\u00f6vetmaszk A gondosan kiv\u00e1lasztott hat\u00f3anyag-tartalomnak k\u00f6sz\u00f6nhet\u0151en kisim\u00edtja \u00e9s cs\u00f6kkenti a r\u00e1ncokat, jav\u00edtja a b\u0151r feszess\u00e9g\u00e9t, intenz\u00edven hidrat\u00e1lja \u00e9s t\u00e1pl\u00e1lja a b\u0151rt. Akt\u00edv\u00a0 \u00f6sszetev\u0151k:csigany\u00e1l sz\u0171rlet, aloe vera, B5 pro-vitamin, betaine, kamilla \u00e9s uborka kivonat. &nbsp; \u00f6sszetev\u0151k: [&hellip;]","og_url":"https:\/\/www.eveline.hu\/2016\/eveline-kozmetikumok-szepsegapolas\/szepsegapolas\/arcapolas\/intenziv-regeneralo-anti-age-szovetmaszk\/","og_site_name":"Eveline Cosmetics Magyarorsz\u00e1g","article_modified_time":"2025-08-15T10:41:26+00:00","og_image":[{"width":750,"height":750,"url":"https:\/\/www.eveline.hu\/2016\/wp-content\/uploads\/2019\/10\/royal-snail-sheet-maszk-w.png","type":"image\/png"}],"twitter_card":"summary_large_image","twitter_misc":{"Becs\u00fclt olvas\u00e1si id\u0151":"1 perc"},"schema":{"@context":"https:\/\/schema.org","@graph":[{"@type":"WebPage","@id":"https:\/\/www.eveline.hu\/2016\/eveline-kozmetikumok-szepsegapolas\/szepsegapolas\/arcapolas\/intenziv-regeneralo-anti-age-szovetmaszk\/","url":"https:\/\/www.eveline.hu\/2016\/eveline-kozmetikumok-szepsegapolas\/szepsegapolas\/arcapolas\/intenziv-regeneralo-anti-age-szovetmaszk\/","name":"Royal Snail Intenz\u00edv regener\u00e1l\u00f3 ANTI-AGE sz\u00f6vetmaszk - Eveline Cosmetics Magyarorsz\u00e1g","isPartOf":{"@id":"https:\/\/www.eveline.hu\/2016\/#website"},"primaryImageOfPage":{"@id":"https:\/\/www.eveline.hu\/2016\/eveline-kozmetikumok-szepsegapolas\/szepsegapolas\/arcapolas\/intenziv-regeneralo-anti-age-szovetmaszk\/#primaryimage"},"image":{"@id":"https:\/\/www.eveline.hu\/2016\/eveline-kozmetikumok-szepsegapolas\/szepsegapolas\/arcapolas\/intenziv-regeneralo-anti-age-szovetmaszk\/#primaryimage"},"thumbnailUrl":"https:\/\/www.eveline.hu\/2016\/wp-content\/uploads\/2019\/10\/royal-snail-sheet-maszk-w.png","datePublished":"2019-10-03T10:07:32+00:00","dateModified":"2025-08-15T10:41:26+00:00","breadcrumb":{"@id":"https:\/\/www.eveline.hu\/2016\/eveline-kozmetikumok-szepsegapolas\/szepsegapolas\/arcapolas\/intenziv-regeneralo-anti-age-szovetmaszk\/#breadcrumb"},"inLanguage":"hu","potentialAction":[{"@type":"ReadAction","target":["https:\/\/www.eveline.hu\/2016\/eveline-kozmetikumok-szepsegapolas\/szepsegapolas\/arcapolas\/intenziv-regeneralo-anti-age-szovetmaszk\/"]}]},{"@type":"ImageObject","inLanguage":"hu","@id":"https:\/\/www.eveline.hu\/2016\/eveline-kozmetikumok-szepsegapolas\/szepsegapolas\/arcapolas\/intenziv-regeneralo-anti-age-szovetmaszk\/#primaryimage","url":"https:\/\/www.eveline.hu\/2016\/wp-content\/uploads\/2019\/10\/royal-snail-sheet-maszk-w.png","contentUrl":"https:\/\/www.eveline.hu\/2016\/wp-content\/uploads\/2019\/10\/royal-snail-sheet-maszk-w.png","width":750,"height":750},{"@type":"BreadcrumbList","@id":"https:\/\/www.eveline.hu\/2016\/eveline-kozmetikumok-szepsegapolas\/szepsegapolas\/arcapolas\/intenziv-regeneralo-anti-age-szovetmaszk\/#breadcrumb","itemListElement":[{"@type":"ListItem","position":1,"name":"Home","item":"https:\/\/www.eveline.hu\/2016\/"},{"@type":"ListItem","position":2,"name":"Term\u00e9kek","item":"https:\/\/www.eveline.hu\/2016\/shop\/"},{"@type":"ListItem","position":3,"name":"Royal Snail Intenz\u00edv regener\u00e1l\u00f3 ANTI-AGE sz\u00f6vetmaszk"}]},{"@type":"WebSite","@id":"https:\/\/www.eveline.hu\/2016\/#website","url":"https:\/\/www.eveline.hu\/2016\/","name":"Eveline Cosmetics Magyarorsz\u00e1g","description":"Min\u0151s\u00e9gi kozmetikumok Lengyelorsz\u00e1gb\u00f3l","potentialAction":[{"@type":"SearchAction","target":{"@type":"EntryPoint","urlTemplate":"https:\/\/www.eveline.hu\/2016\/?s={search_term_string}"},"query-input":"required name=search_term_string"}],"inLanguage":"hu"}]}},"_links":{"self":[{"href":"https:\/\/www.eveline.hu\/2016\/wp-json\/wp\/v2\/product\/24528"}],"collection":[{"href":"https:\/\/www.eveline.hu\/2016\/wp-json\/wp\/v2\/product"}],"about":[{"href":"https:\/\/www.eveline.hu\/2016\/wp-json\/wp\/v2\/types\/product"}],"replies":[{"embeddable":true,"href":"https:\/\/www.eveline.hu\/2016\/wp-json\/wp\/v2\/comments?post=24528"}],"wp:featuredmedia":[{"embeddable":true,"href":"https:\/\/www.eveline.hu\/2016\/wp-json\/wp\/v2\/media\/24529"}],"wp:attachment":[{"href":"https:\/\/www.eveline.hu\/2016\/wp-json\/wp\/v2\/media?parent=24528"}],"wp:term":[{"taxonomy":"product_cat","embeddable":true,"href":"https:\/\/www.eveline.hu\/2016\/wp-json\/wp\/v2\/product_cat?post=24528"},{"taxonomy":"product_tag","embeddable":true,"href":"https:\/\/www.eveline.hu\/2016\/wp-json\/wp\/v2\/product_tag?post=24528"}],"curies":[{"name":"wp","href":"https:\/\/api.w.org\/{rel}","templated":true}]}}