{"id":24519,"date":"2019-10-03T10:51:13","date_gmt":"2019-10-03T08:51:13","guid":{"rendered":"https:\/\/www.eveline.hu\/2016\/?post_type=product&#038;p=24519"},"modified":"2025-11-28T13:05:43","modified_gmt":"2025-11-28T12:05:43","slug":"white-prestige-4d-feherito-kezkrem-3az1-ben-100ml","status":"publish","type":"product","link":"https:\/\/www.eveline.hu\/2016\/eveline-kozmetikumok-szepsegapolas\/szepsegapolas\/kezapolas\/white-prestige-4d-feherito-kezkrem-3az1-ben-100ml\/","title":{"rendered":"White Prestige 4D Feh\u00e9r\u00edt\u0151 K\u00e9zkr\u00e9m 3az1-ben 100ml"},"content":{"rendered":"<p><strong>White Prestige 4D Feh\u00e9r\u00edt\u0151 K\u00e9zkr\u00e9m 3az1-ben<\/strong><br \/>\nvil\u00e1gos\u00edtja a b\u0151rt \u00e9s feh\u00e9rebb\u00e9 teszi az elsz\u00ednez\u0151d\u00e9st<br \/>\nrendk\u00edv\u00fcli m\u00f3don hidrat\u00e1l \u00e9s regener\u00e1l \u00fajj\u00e1\u00e9p\u00edti az epidermisz hidrolipid g\u00e1tj\u00e1t<br \/>\n<strong>T\u00e1pl\u00e1l \u00e9s feh\u00e9r\u00edt<\/strong>: A Lumiwhite \u2122 Complex feh\u00e9r\u00edt\u0151 mechanizmusnak k\u00f6sz\u00f6nhet\u0151en a kr\u00e9m vil\u00e1gos\u00edtja a b\u0151rt \u00e9s akt\u00edvan megakad\u00e1lyozza az egym\u00e1st k\u00f6vet\u0151 pigmentfoltok kialakul\u00e1s\u00e1t. A\u00a0 <strong>sheavaj<\/strong>ban, <strong>kollag\u00e9n<\/strong>ben \u00e9s <strong>elasztin<\/strong>ben gazdag kr\u00e9m hat\u00e9konyan gondoskodik a k\u00e9zb\u0151rr\u0151l, regener\u00e1l\u00f3d\u00e1st \u00e9s azonnali enyh\u00fcl\u00e9st biztos\u00edtva. A term\u00e9szetes betainnal d\u00fas\u00edtott, koncentr\u00e1lt formula optimaliz\u00e1lja a hidrat\u00e1l\u00e1st, mik\u00f6zben a kezek selymesek \u00e9s sim\u00e1k lesznek.<\/p>\n","protected":false},"excerpt":{"rendered":"<p>100ml ( 11500 Ft\/l )<\/p>\n","protected":false},"featured_media":24520,"comment_status":"open","ping_status":"closed","template":"","meta":[],"product_cat":[302,128,80,94],"product_tag":[],"yoast_head":"<!-- This site is optimized with the Yoast SEO plugin v22.2 - https:\/\/yoast.com\/wordpress\/plugins\/seo\/ -->\n<title>White Prestige 4D Feh\u00e9r\u00edt\u0151 K\u00e9zkr\u00e9m 3az1-ben 100ml - Eveline Cosmetics Magyarorsz\u00e1g<\/title>\n<meta name=\"robots\" content=\"index, follow, max-snippet:-1, max-image-preview:large, max-video-preview:-1\" \/>\n<link rel=\"canonical\" href=\"https:\/\/www.eveline.hu\/2016\/eveline-kozmetikumok-szepsegapolas\/szepsegapolas\/kezapolas\/white-prestige-4d-feherito-kezkrem-3az1-ben-100ml\/\" \/>\n<meta property=\"og:locale\" content=\"hu_HU\" \/>\n<meta property=\"og:type\" content=\"article\" \/>\n<meta property=\"og:title\" content=\"White Prestige 4D Feh\u00e9r\u00edt\u0151 K\u00e9zkr\u00e9m 3az1-ben 100ml - Eveline Cosmetics Magyarorsz\u00e1g\" \/>\n<meta property=\"og:description\" content=\"100ml ( 11500 Ft\/l )\" \/>\n<meta property=\"og:url\" content=\"https:\/\/www.eveline.hu\/2016\/eveline-kozmetikumok-szepsegapolas\/szepsegapolas\/kezapolas\/white-prestige-4d-feherito-kezkrem-3az1-ben-100ml\/\" \/>\n<meta property=\"og:site_name\" content=\"Eveline Cosmetics Magyarorsz\u00e1g\" \/>\n<meta property=\"article:modified_time\" content=\"2025-11-28T12:05:43+00:00\" \/>\n<meta property=\"og:image\" content=\"https:\/\/www.eveline.hu\/2016\/wp-content\/uploads\/2019\/10\/white-4D-hand-creme-w.png\" \/>\n\t<meta property=\"og:image:width\" content=\"750\" \/>\n\t<meta property=\"og:image:height\" content=\"750\" \/>\n\t<meta property=\"og:image:type\" content=\"image\/png\" \/>\n<meta name=\"twitter:card\" content=\"summary_large_image\" \/>\n<meta name=\"twitter:label1\" content=\"Becs\u00fclt olvas\u00e1si id\u0151\" \/>\n\t<meta name=\"twitter:data1\" content=\"1 perc\" \/>\n<script type=\"application\/ld+json\" class=\"yoast-schema-graph\">{\"@context\":\"https:\/\/schema.org\",\"@graph\":[{\"@type\":\"WebPage\",\"@id\":\"https:\/\/www.eveline.hu\/2016\/eveline-kozmetikumok-szepsegapolas\/szepsegapolas\/kezapolas\/white-prestige-4d-feherito-kezkrem-3az1-ben-100ml\/\",\"url\":\"https:\/\/www.eveline.hu\/2016\/eveline-kozmetikumok-szepsegapolas\/szepsegapolas\/kezapolas\/white-prestige-4d-feherito-kezkrem-3az1-ben-100ml\/\",\"name\":\"White Prestige 4D Feh\u00e9r\u00edt\u0151 K\u00e9zkr\u00e9m 3az1-ben 100ml - Eveline Cosmetics Magyarorsz\u00e1g\",\"isPartOf\":{\"@id\":\"https:\/\/www.eveline.hu\/2016\/#website\"},\"primaryImageOfPage\":{\"@id\":\"https:\/\/www.eveline.hu\/2016\/eveline-kozmetikumok-szepsegapolas\/szepsegapolas\/kezapolas\/white-prestige-4d-feherito-kezkrem-3az1-ben-100ml\/#primaryimage\"},\"image\":{\"@id\":\"https:\/\/www.eveline.hu\/2016\/eveline-kozmetikumok-szepsegapolas\/szepsegapolas\/kezapolas\/white-prestige-4d-feherito-kezkrem-3az1-ben-100ml\/#primaryimage\"},\"thumbnailUrl\":\"https:\/\/www.eveline.hu\/2016\/wp-content\/uploads\/2019\/10\/white-4D-hand-creme-w.png\",\"datePublished\":\"2019-10-03T08:51:13+00:00\",\"dateModified\":\"2025-11-28T12:05:43+00:00\",\"breadcrumb\":{\"@id\":\"https:\/\/www.eveline.hu\/2016\/eveline-kozmetikumok-szepsegapolas\/szepsegapolas\/kezapolas\/white-prestige-4d-feherito-kezkrem-3az1-ben-100ml\/#breadcrumb\"},\"inLanguage\":\"hu\",\"potentialAction\":[{\"@type\":\"ReadAction\",\"target\":[\"https:\/\/www.eveline.hu\/2016\/eveline-kozmetikumok-szepsegapolas\/szepsegapolas\/kezapolas\/white-prestige-4d-feherito-kezkrem-3az1-ben-100ml\/\"]}]},{\"@type\":\"ImageObject\",\"inLanguage\":\"hu\",\"@id\":\"https:\/\/www.eveline.hu\/2016\/eveline-kozmetikumok-szepsegapolas\/szepsegapolas\/kezapolas\/white-prestige-4d-feherito-kezkrem-3az1-ben-100ml\/#primaryimage\",\"url\":\"https:\/\/www.eveline.hu\/2016\/wp-content\/uploads\/2019\/10\/white-4D-hand-creme-w.png\",\"contentUrl\":\"https:\/\/www.eveline.hu\/2016\/wp-content\/uploads\/2019\/10\/white-4D-hand-creme-w.png\",\"width\":750,\"height\":750},{\"@type\":\"BreadcrumbList\",\"@id\":\"https:\/\/www.eveline.hu\/2016\/eveline-kozmetikumok-szepsegapolas\/szepsegapolas\/kezapolas\/white-prestige-4d-feherito-kezkrem-3az1-ben-100ml\/#breadcrumb\",\"itemListElement\":[{\"@type\":\"ListItem\",\"position\":1,\"name\":\"Home\",\"item\":\"https:\/\/www.eveline.hu\/2016\/\"},{\"@type\":\"ListItem\",\"position\":2,\"name\":\"Term\u00e9kek\",\"item\":\"https:\/\/www.eveline.hu\/2016\/shop\/\"},{\"@type\":\"ListItem\",\"position\":3,\"name\":\"White Prestige 4D Feh\u00e9r\u00edt\u0151 K\u00e9zkr\u00e9m 3az1-ben 100ml\"}]},{\"@type\":\"WebSite\",\"@id\":\"https:\/\/www.eveline.hu\/2016\/#website\",\"url\":\"https:\/\/www.eveline.hu\/2016\/\",\"name\":\"Eveline Cosmetics Magyarorsz\u00e1g\",\"description\":\"Min\u0151s\u00e9gi kozmetikumok Lengyelorsz\u00e1gb\u00f3l\",\"potentialAction\":[{\"@type\":\"SearchAction\",\"target\":{\"@type\":\"EntryPoint\",\"urlTemplate\":\"https:\/\/www.eveline.hu\/2016\/?s={search_term_string}\"},\"query-input\":\"required name=search_term_string\"}],\"inLanguage\":\"hu\"}]}<\/script>\n<!-- \/ Yoast SEO plugin. -->","yoast_head_json":{"title":"White Prestige 4D Feh\u00e9r\u00edt\u0151 K\u00e9zkr\u00e9m 3az1-ben 100ml - Eveline Cosmetics Magyarorsz\u00e1g","robots":{"index":"index","follow":"follow","max-snippet":"max-snippet:-1","max-image-preview":"max-image-preview:large","max-video-preview":"max-video-preview:-1"},"canonical":"https:\/\/www.eveline.hu\/2016\/eveline-kozmetikumok-szepsegapolas\/szepsegapolas\/kezapolas\/white-prestige-4d-feherito-kezkrem-3az1-ben-100ml\/","og_locale":"hu_HU","og_type":"article","og_title":"White Prestige 4D Feh\u00e9r\u00edt\u0151 K\u00e9zkr\u00e9m 3az1-ben 100ml - Eveline Cosmetics Magyarorsz\u00e1g","og_description":"100ml ( 11500 Ft\/l )","og_url":"https:\/\/www.eveline.hu\/2016\/eveline-kozmetikumok-szepsegapolas\/szepsegapolas\/kezapolas\/white-prestige-4d-feherito-kezkrem-3az1-ben-100ml\/","og_site_name":"Eveline Cosmetics Magyarorsz\u00e1g","article_modified_time":"2025-11-28T12:05:43+00:00","og_image":[{"width":750,"height":750,"url":"https:\/\/www.eveline.hu\/2016\/wp-content\/uploads\/2019\/10\/white-4D-hand-creme-w.png","type":"image\/png"}],"twitter_card":"summary_large_image","twitter_misc":{"Becs\u00fclt olvas\u00e1si id\u0151":"1 perc"},"schema":{"@context":"https:\/\/schema.org","@graph":[{"@type":"WebPage","@id":"https:\/\/www.eveline.hu\/2016\/eveline-kozmetikumok-szepsegapolas\/szepsegapolas\/kezapolas\/white-prestige-4d-feherito-kezkrem-3az1-ben-100ml\/","url":"https:\/\/www.eveline.hu\/2016\/eveline-kozmetikumok-szepsegapolas\/szepsegapolas\/kezapolas\/white-prestige-4d-feherito-kezkrem-3az1-ben-100ml\/","name":"White Prestige 4D Feh\u00e9r\u00edt\u0151 K\u00e9zkr\u00e9m 3az1-ben 100ml - Eveline Cosmetics Magyarorsz\u00e1g","isPartOf":{"@id":"https:\/\/www.eveline.hu\/2016\/#website"},"primaryImageOfPage":{"@id":"https:\/\/www.eveline.hu\/2016\/eveline-kozmetikumok-szepsegapolas\/szepsegapolas\/kezapolas\/white-prestige-4d-feherito-kezkrem-3az1-ben-100ml\/#primaryimage"},"image":{"@id":"https:\/\/www.eveline.hu\/2016\/eveline-kozmetikumok-szepsegapolas\/szepsegapolas\/kezapolas\/white-prestige-4d-feherito-kezkrem-3az1-ben-100ml\/#primaryimage"},"thumbnailUrl":"https:\/\/www.eveline.hu\/2016\/wp-content\/uploads\/2019\/10\/white-4D-hand-creme-w.png","datePublished":"2019-10-03T08:51:13+00:00","dateModified":"2025-11-28T12:05:43+00:00","breadcrumb":{"@id":"https:\/\/www.eveline.hu\/2016\/eveline-kozmetikumok-szepsegapolas\/szepsegapolas\/kezapolas\/white-prestige-4d-feherito-kezkrem-3az1-ben-100ml\/#breadcrumb"},"inLanguage":"hu","potentialAction":[{"@type":"ReadAction","target":["https:\/\/www.eveline.hu\/2016\/eveline-kozmetikumok-szepsegapolas\/szepsegapolas\/kezapolas\/white-prestige-4d-feherito-kezkrem-3az1-ben-100ml\/"]}]},{"@type":"ImageObject","inLanguage":"hu","@id":"https:\/\/www.eveline.hu\/2016\/eveline-kozmetikumok-szepsegapolas\/szepsegapolas\/kezapolas\/white-prestige-4d-feherito-kezkrem-3az1-ben-100ml\/#primaryimage","url":"https:\/\/www.eveline.hu\/2016\/wp-content\/uploads\/2019\/10\/white-4D-hand-creme-w.png","contentUrl":"https:\/\/www.eveline.hu\/2016\/wp-content\/uploads\/2019\/10\/white-4D-hand-creme-w.png","width":750,"height":750},{"@type":"BreadcrumbList","@id":"https:\/\/www.eveline.hu\/2016\/eveline-kozmetikumok-szepsegapolas\/szepsegapolas\/kezapolas\/white-prestige-4d-feherito-kezkrem-3az1-ben-100ml\/#breadcrumb","itemListElement":[{"@type":"ListItem","position":1,"name":"Home","item":"https:\/\/www.eveline.hu\/2016\/"},{"@type":"ListItem","position":2,"name":"Term\u00e9kek","item":"https:\/\/www.eveline.hu\/2016\/shop\/"},{"@type":"ListItem","position":3,"name":"White Prestige 4D Feh\u00e9r\u00edt\u0151 K\u00e9zkr\u00e9m 3az1-ben 100ml"}]},{"@type":"WebSite","@id":"https:\/\/www.eveline.hu\/2016\/#website","url":"https:\/\/www.eveline.hu\/2016\/","name":"Eveline Cosmetics Magyarorsz\u00e1g","description":"Min\u0151s\u00e9gi kozmetikumok Lengyelorsz\u00e1gb\u00f3l","potentialAction":[{"@type":"SearchAction","target":{"@type":"EntryPoint","urlTemplate":"https:\/\/www.eveline.hu\/2016\/?s={search_term_string}"},"query-input":"required name=search_term_string"}],"inLanguage":"hu"}]}},"_links":{"self":[{"href":"https:\/\/www.eveline.hu\/2016\/wp-json\/wp\/v2\/product\/24519"}],"collection":[{"href":"https:\/\/www.eveline.hu\/2016\/wp-json\/wp\/v2\/product"}],"about":[{"href":"https:\/\/www.eveline.hu\/2016\/wp-json\/wp\/v2\/types\/product"}],"replies":[{"embeddable":true,"href":"https:\/\/www.eveline.hu\/2016\/wp-json\/wp\/v2\/comments?post=24519"}],"wp:featuredmedia":[{"embeddable":true,"href":"https:\/\/www.eveline.hu\/2016\/wp-json\/wp\/v2\/media\/24520"}],"wp:attachment":[{"href":"https:\/\/www.eveline.hu\/2016\/wp-json\/wp\/v2\/media?parent=24519"}],"wp:term":[{"taxonomy":"product_cat","embeddable":true,"href":"https:\/\/www.eveline.hu\/2016\/wp-json\/wp\/v2\/product_cat?post=24519"},{"taxonomy":"product_tag","embeddable":true,"href":"https:\/\/www.eveline.hu\/2016\/wp-json\/wp\/v2\/product_tag?post=24519"}],"curies":[{"name":"wp","href":"https:\/\/api.w.org\/{rel}","templated":true}]}}