{"id":24480,"date":"2019-09-18T11:27:06","date_gmt":"2019-09-18T09:27:06","guid":{"rendered":"https:\/\/www.eveline.hu\/2016\/?post_type=product&#038;p=24480"},"modified":"2022-11-16T16:12:50","modified_gmt":"2022-11-16T15:12:50","slug":"magic-tisztito-szovetmaszk-unicorn","status":"publish","type":"product","link":"https:\/\/www.eveline.hu\/2016\/eveline-kozmetikumok-szepsegapolas\/szepsegapolas\/arcapolas\/magic-tisztito-szovetmaszk-unicorn\/","title":{"rendered":"Magic Tiszt\u00edt\u00f3 sz\u00f6vetmaszk Unicorn"},"content":{"rendered":"<p><strong>Magic Tiszt\u00edt\u00f3 sz\u00f6vetmaszk <\/strong><\/p>\n<p>Tiszta b\u0151r \u2022 T\u00f6k\u00e9letlens\u00e9gek n\u00e9lk\u00fcl \u2022 SUPERDETOX<\/p>\n<p>&nbsp;<\/p>\n<p>\u00f6sszetev\u0151k: Aqua (Water), Glycerin, Butylene Glycol, Glycereth-26, Betaine, Panthenol, Xanthan Gum, Cucumis Sativus (Cucumber) Fruit Extract, Aloe Barbadensis Leaf Extract, Chamomilla Recutita (Matricaria) Flower Extract, Phenoxyethanol, Carbomer, PEG-60 Hydrogenated Castor Oil, Polysorbate 80, Phalaenopsis Amabilis Extract, Calanthe Discolor Extract, Aloe Barbadensis Leaf Juice Powder, Artemisia Princeps Extract, Allantoin, Dipotassium Glycyrrhizate, Disodium EDTA, Pinus Densiflora Extract, Cymbidium Kanran Extract, Salix Alba (Willow) Bark Extract, Hydrolyzed Collagen, Glyceryl Acrylate\/Acrylic Acid Copolymer, Propanediol, Parfum (Fragrance), Sodium Hydroxide, Linalool, Limonene.<\/p>\n","protected":false},"excerpt":{"rendered":"<p>Magic Tiszt\u00edt\u00f3 sz\u00f6vetmaszk Tiszta b\u0151r \u2022 T\u00f6k\u00e9letlens\u00e9gek n\u00e9lk\u00fcl \u2022 SUPERDETOX &nbsp; \u00f6sszetev\u0151k: Aqua (Water), Glycerin, Butylene Glycol, Glycereth-26, Betaine, Panthenol, Xanthan Gum, Cucumis Sativus (Cucumber) Fruit Extract, Aloe Barbadensis Leaf Extract, Chamomilla Recutita (Matricaria) Flower Extract, Phenoxyethanol, Carbomer, PEG-60 Hydrogenated [&hellip;]<\/p>\n","protected":false},"featured_media":24481,"comment_status":"open","ping_status":"closed","template":"","meta":[],"product_cat":[125,126,87],"product_tag":[],"yoast_head":"<!-- This site is optimized with the Yoast SEO plugin v22.2 - https:\/\/yoast.com\/wordpress\/plugins\/seo\/ -->\n<title>Magic Tiszt\u00edt\u00f3 sz\u00f6vetmaszk Unicorn - Eveline Cosmetics Magyarorsz\u00e1g<\/title>\n<meta name=\"robots\" content=\"index, follow, max-snippet:-1, max-image-preview:large, max-video-preview:-1\" \/>\n<link rel=\"canonical\" href=\"https:\/\/www.eveline.hu\/2016\/eveline-kozmetikumok-szepsegapolas\/szepsegapolas\/arcapolas\/magic-tisztito-szovetmaszk-unicorn\/\" \/>\n<meta property=\"og:locale\" content=\"hu_HU\" \/>\n<meta property=\"og:type\" content=\"article\" \/>\n<meta property=\"og:title\" content=\"Magic Tiszt\u00edt\u00f3 sz\u00f6vetmaszk Unicorn - Eveline Cosmetics Magyarorsz\u00e1g\" \/>\n<meta property=\"og:description\" content=\"Magic Tiszt\u00edt\u00f3 sz\u00f6vetmaszk Tiszta b\u0151r \u2022 T\u00f6k\u00e9letlens\u00e9gek n\u00e9lk\u00fcl \u2022 SUPERDETOX &nbsp; \u00f6sszetev\u0151k: Aqua (Water), Glycerin, Butylene Glycol, Glycereth-26, Betaine, Panthenol, Xanthan Gum, Cucumis Sativus (Cucumber) Fruit Extract, Aloe Barbadensis Leaf Extract, Chamomilla Recutita (Matricaria) Flower Extract, Phenoxyethanol, Carbomer, PEG-60 Hydrogenated [&hellip;]\" \/>\n<meta property=\"og:url\" content=\"https:\/\/www.eveline.hu\/2016\/eveline-kozmetikumok-szepsegapolas\/szepsegapolas\/arcapolas\/magic-tisztito-szovetmaszk-unicorn\/\" \/>\n<meta property=\"og:site_name\" content=\"Eveline Cosmetics Magyarorsz\u00e1g\" \/>\n<meta property=\"article:modified_time\" content=\"2022-11-16T15:12:50+00:00\" \/>\n<meta property=\"og:image\" content=\"https:\/\/www.eveline.hu\/2016\/wp-content\/uploads\/2019\/09\/Magic-Maszk-unicorn-tiszt\u00edt\u00f3-w.png\" \/>\n\t<meta property=\"og:image:width\" content=\"750\" \/>\n\t<meta property=\"og:image:height\" content=\"750\" \/>\n\t<meta property=\"og:image:type\" content=\"image\/png\" \/>\n<meta name=\"twitter:card\" content=\"summary_large_image\" \/>\n<script type=\"application\/ld+json\" class=\"yoast-schema-graph\">{\"@context\":\"https:\/\/schema.org\",\"@graph\":[{\"@type\":\"WebPage\",\"@id\":\"https:\/\/www.eveline.hu\/2016\/eveline-kozmetikumok-szepsegapolas\/szepsegapolas\/arcapolas\/magic-tisztito-szovetmaszk-unicorn\/\",\"url\":\"https:\/\/www.eveline.hu\/2016\/eveline-kozmetikumok-szepsegapolas\/szepsegapolas\/arcapolas\/magic-tisztito-szovetmaszk-unicorn\/\",\"name\":\"Magic Tiszt\u00edt\u00f3 sz\u00f6vetmaszk Unicorn - Eveline Cosmetics Magyarorsz\u00e1g\",\"isPartOf\":{\"@id\":\"https:\/\/www.eveline.hu\/2016\/#website\"},\"primaryImageOfPage\":{\"@id\":\"https:\/\/www.eveline.hu\/2016\/eveline-kozmetikumok-szepsegapolas\/szepsegapolas\/arcapolas\/magic-tisztito-szovetmaszk-unicorn\/#primaryimage\"},\"image\":{\"@id\":\"https:\/\/www.eveline.hu\/2016\/eveline-kozmetikumok-szepsegapolas\/szepsegapolas\/arcapolas\/magic-tisztito-szovetmaszk-unicorn\/#primaryimage\"},\"thumbnailUrl\":\"https:\/\/www.eveline.hu\/2016\/wp-content\/uploads\/2019\/09\/Magic-Maszk-unicorn-tiszt\u00edt\u00f3-w.png\",\"datePublished\":\"2019-09-18T09:27:06+00:00\",\"dateModified\":\"2022-11-16T15:12:50+00:00\",\"breadcrumb\":{\"@id\":\"https:\/\/www.eveline.hu\/2016\/eveline-kozmetikumok-szepsegapolas\/szepsegapolas\/arcapolas\/magic-tisztito-szovetmaszk-unicorn\/#breadcrumb\"},\"inLanguage\":\"hu\",\"potentialAction\":[{\"@type\":\"ReadAction\",\"target\":[\"https:\/\/www.eveline.hu\/2016\/eveline-kozmetikumok-szepsegapolas\/szepsegapolas\/arcapolas\/magic-tisztito-szovetmaszk-unicorn\/\"]}]},{\"@type\":\"ImageObject\",\"inLanguage\":\"hu\",\"@id\":\"https:\/\/www.eveline.hu\/2016\/eveline-kozmetikumok-szepsegapolas\/szepsegapolas\/arcapolas\/magic-tisztito-szovetmaszk-unicorn\/#primaryimage\",\"url\":\"https:\/\/www.eveline.hu\/2016\/wp-content\/uploads\/2019\/09\/Magic-Maszk-unicorn-tiszt\u00edt\u00f3-w.png\",\"contentUrl\":\"https:\/\/www.eveline.hu\/2016\/wp-content\/uploads\/2019\/09\/Magic-Maszk-unicorn-tiszt\u00edt\u00f3-w.png\",\"width\":750,\"height\":750},{\"@type\":\"BreadcrumbList\",\"@id\":\"https:\/\/www.eveline.hu\/2016\/eveline-kozmetikumok-szepsegapolas\/szepsegapolas\/arcapolas\/magic-tisztito-szovetmaszk-unicorn\/#breadcrumb\",\"itemListElement\":[{\"@type\":\"ListItem\",\"position\":1,\"name\":\"Home\",\"item\":\"https:\/\/www.eveline.hu\/2016\/\"},{\"@type\":\"ListItem\",\"position\":2,\"name\":\"Term\u00e9kek\",\"item\":\"https:\/\/www.eveline.hu\/2016\/shop\/\"},{\"@type\":\"ListItem\",\"position\":3,\"name\":\"Magic Tiszt\u00edt\u00f3 sz\u00f6vetmaszk Unicorn\"}]},{\"@type\":\"WebSite\",\"@id\":\"https:\/\/www.eveline.hu\/2016\/#website\",\"url\":\"https:\/\/www.eveline.hu\/2016\/\",\"name\":\"Eveline Cosmetics Magyarorsz\u00e1g\",\"description\":\"Min\u0151s\u00e9gi kozmetikumok Lengyelorsz\u00e1gb\u00f3l\",\"potentialAction\":[{\"@type\":\"SearchAction\",\"target\":{\"@type\":\"EntryPoint\",\"urlTemplate\":\"https:\/\/www.eveline.hu\/2016\/?s={search_term_string}\"},\"query-input\":\"required name=search_term_string\"}],\"inLanguage\":\"hu\"}]}<\/script>\n<!-- \/ Yoast SEO plugin. -->","yoast_head_json":{"title":"Magic Tiszt\u00edt\u00f3 sz\u00f6vetmaszk Unicorn - Eveline Cosmetics Magyarorsz\u00e1g","robots":{"index":"index","follow":"follow","max-snippet":"max-snippet:-1","max-image-preview":"max-image-preview:large","max-video-preview":"max-video-preview:-1"},"canonical":"https:\/\/www.eveline.hu\/2016\/eveline-kozmetikumok-szepsegapolas\/szepsegapolas\/arcapolas\/magic-tisztito-szovetmaszk-unicorn\/","og_locale":"hu_HU","og_type":"article","og_title":"Magic Tiszt\u00edt\u00f3 sz\u00f6vetmaszk Unicorn - Eveline Cosmetics Magyarorsz\u00e1g","og_description":"Magic Tiszt\u00edt\u00f3 sz\u00f6vetmaszk Tiszta b\u0151r \u2022 T\u00f6k\u00e9letlens\u00e9gek n\u00e9lk\u00fcl \u2022 SUPERDETOX &nbsp; \u00f6sszetev\u0151k: Aqua (Water), Glycerin, Butylene Glycol, Glycereth-26, Betaine, Panthenol, Xanthan Gum, Cucumis Sativus (Cucumber) Fruit Extract, Aloe Barbadensis Leaf Extract, Chamomilla Recutita (Matricaria) Flower Extract, Phenoxyethanol, Carbomer, PEG-60 Hydrogenated [&hellip;]","og_url":"https:\/\/www.eveline.hu\/2016\/eveline-kozmetikumok-szepsegapolas\/szepsegapolas\/arcapolas\/magic-tisztito-szovetmaszk-unicorn\/","og_site_name":"Eveline Cosmetics Magyarorsz\u00e1g","article_modified_time":"2022-11-16T15:12:50+00:00","og_image":[{"width":750,"height":750,"url":"https:\/\/www.eveline.hu\/2016\/wp-content\/uploads\/2019\/09\/Magic-Maszk-unicorn-tiszt\u00edt\u00f3-w.png","type":"image\/png"}],"twitter_card":"summary_large_image","schema":{"@context":"https:\/\/schema.org","@graph":[{"@type":"WebPage","@id":"https:\/\/www.eveline.hu\/2016\/eveline-kozmetikumok-szepsegapolas\/szepsegapolas\/arcapolas\/magic-tisztito-szovetmaszk-unicorn\/","url":"https:\/\/www.eveline.hu\/2016\/eveline-kozmetikumok-szepsegapolas\/szepsegapolas\/arcapolas\/magic-tisztito-szovetmaszk-unicorn\/","name":"Magic Tiszt\u00edt\u00f3 sz\u00f6vetmaszk Unicorn - Eveline Cosmetics Magyarorsz\u00e1g","isPartOf":{"@id":"https:\/\/www.eveline.hu\/2016\/#website"},"primaryImageOfPage":{"@id":"https:\/\/www.eveline.hu\/2016\/eveline-kozmetikumok-szepsegapolas\/szepsegapolas\/arcapolas\/magic-tisztito-szovetmaszk-unicorn\/#primaryimage"},"image":{"@id":"https:\/\/www.eveline.hu\/2016\/eveline-kozmetikumok-szepsegapolas\/szepsegapolas\/arcapolas\/magic-tisztito-szovetmaszk-unicorn\/#primaryimage"},"thumbnailUrl":"https:\/\/www.eveline.hu\/2016\/wp-content\/uploads\/2019\/09\/Magic-Maszk-unicorn-tiszt\u00edt\u00f3-w.png","datePublished":"2019-09-18T09:27:06+00:00","dateModified":"2022-11-16T15:12:50+00:00","breadcrumb":{"@id":"https:\/\/www.eveline.hu\/2016\/eveline-kozmetikumok-szepsegapolas\/szepsegapolas\/arcapolas\/magic-tisztito-szovetmaszk-unicorn\/#breadcrumb"},"inLanguage":"hu","potentialAction":[{"@type":"ReadAction","target":["https:\/\/www.eveline.hu\/2016\/eveline-kozmetikumok-szepsegapolas\/szepsegapolas\/arcapolas\/magic-tisztito-szovetmaszk-unicorn\/"]}]},{"@type":"ImageObject","inLanguage":"hu","@id":"https:\/\/www.eveline.hu\/2016\/eveline-kozmetikumok-szepsegapolas\/szepsegapolas\/arcapolas\/magic-tisztito-szovetmaszk-unicorn\/#primaryimage","url":"https:\/\/www.eveline.hu\/2016\/wp-content\/uploads\/2019\/09\/Magic-Maszk-unicorn-tiszt\u00edt\u00f3-w.png","contentUrl":"https:\/\/www.eveline.hu\/2016\/wp-content\/uploads\/2019\/09\/Magic-Maszk-unicorn-tiszt\u00edt\u00f3-w.png","width":750,"height":750},{"@type":"BreadcrumbList","@id":"https:\/\/www.eveline.hu\/2016\/eveline-kozmetikumok-szepsegapolas\/szepsegapolas\/arcapolas\/magic-tisztito-szovetmaszk-unicorn\/#breadcrumb","itemListElement":[{"@type":"ListItem","position":1,"name":"Home","item":"https:\/\/www.eveline.hu\/2016\/"},{"@type":"ListItem","position":2,"name":"Term\u00e9kek","item":"https:\/\/www.eveline.hu\/2016\/shop\/"},{"@type":"ListItem","position":3,"name":"Magic Tiszt\u00edt\u00f3 sz\u00f6vetmaszk Unicorn"}]},{"@type":"WebSite","@id":"https:\/\/www.eveline.hu\/2016\/#website","url":"https:\/\/www.eveline.hu\/2016\/","name":"Eveline Cosmetics Magyarorsz\u00e1g","description":"Min\u0151s\u00e9gi kozmetikumok Lengyelorsz\u00e1gb\u00f3l","potentialAction":[{"@type":"SearchAction","target":{"@type":"EntryPoint","urlTemplate":"https:\/\/www.eveline.hu\/2016\/?s={search_term_string}"},"query-input":"required name=search_term_string"}],"inLanguage":"hu"}]}},"_links":{"self":[{"href":"https:\/\/www.eveline.hu\/2016\/wp-json\/wp\/v2\/product\/24480"}],"collection":[{"href":"https:\/\/www.eveline.hu\/2016\/wp-json\/wp\/v2\/product"}],"about":[{"href":"https:\/\/www.eveline.hu\/2016\/wp-json\/wp\/v2\/types\/product"}],"replies":[{"embeddable":true,"href":"https:\/\/www.eveline.hu\/2016\/wp-json\/wp\/v2\/comments?post=24480"}],"wp:featuredmedia":[{"embeddable":true,"href":"https:\/\/www.eveline.hu\/2016\/wp-json\/wp\/v2\/media\/24481"}],"wp:attachment":[{"href":"https:\/\/www.eveline.hu\/2016\/wp-json\/wp\/v2\/media?parent=24480"}],"wp:term":[{"taxonomy":"product_cat","embeddable":true,"href":"https:\/\/www.eveline.hu\/2016\/wp-json\/wp\/v2\/product_cat?post=24480"},{"taxonomy":"product_tag","embeddable":true,"href":"https:\/\/www.eveline.hu\/2016\/wp-json\/wp\/v2\/product_tag?post=24480"}],"curies":[{"name":"wp","href":"https:\/\/api.w.org\/{rel}","templated":true}]}}