{"id":24305,"date":"2019-08-05T08:51:41","date_gmt":"2019-08-05T06:51:41","guid":{"rendered":"https:\/\/www.eveline.hu\/2016\/?post_type=product&#038;p=24305"},"modified":"2022-12-23T19:47:44","modified_gmt":"2022-12-23T18:47:44","slug":"slim-extreme-4d-scalpel-anticellulit-termikus-iszap-250ml","status":"publish","type":"product","link":"https:\/\/www.eveline.hu\/2016\/eveline-kozmetikumok-szepsegapolas\/szepsegapolas\/karcsusitas\/slim-extreme-4d-scalpel-anticellulit-termikus-iszap-250ml\/","title":{"rendered":"SLIM EXTREME 4D SCALPEL Anticellulit Termikus Iszap 250ml"},"content":{"rendered":"<p><strong>SLIM EXTREME 4D SCALPEL Anticellulit Termikus Iszap<\/strong><\/p>\n<p>Le\u00f6bl\u00edt\u00e9s n\u00e9lk\u00fcl. H\u0171s\u00edt\u0151 formula.<\/p>\n<p>&nbsp;<\/p>\n<p>A SLIM EXTREME 4D SCALPEL Anticellulit Termikus Iszap a termikus iszap konzisztenci\u00e1j\u00e1val, maxim\u00e1lisan jav\u00edtja a b\u0151r szerkezet\u00e9t \u00e9s rugalmass\u00e1g\u00e1t, cs\u00f6kkenti a felhalmoz\u00f3dott cellulitot, aktiv\u00e1lja a zs\u00edrsz\u00f6vetek \u00e9g\u00e9s\u00e9nek mechanizmus\u00e1t, stimul\u00e1lja a mikrokering\u00e9st, jav\u00edtja a felh\u00e1m simas\u00e1g\u00e1t \u00e9s puhas\u00e1g\u00e1t valamint dr\u00e9nez.<\/p>\n<p><strong>FEJLETT AKT\u00cdV \u00d6SSZETEV\u0150K: \u00a0BODY MUD-LIFT\u2122,\u00a0 Amaz\u00f3niai feh\u00e9r agyag, V\u00f6r\u00f6s alg\u00e1k, <\/strong><strong>Turmalin.<\/strong><\/p>\n<p><strong>\u00a0<\/strong><\/p>\n<p><strong>Alkalmaz\u00e1s:<\/strong> naponta 1-2 alkalommal massz\u00edrozza k\u00f6rk\u00f6r\u00f6s mozdulatokkal a test probl\u00e9m\u00e1s ter\u00fcleteire (combok, cs\u00edp\u0151, fen\u00e9k, has). Nem ig\u00e9nyel le\u00f6bl\u00edt\u00e9st.\u00a0 Ne haszn\u00e1lja terhess\u00e9g vagy szoptat\u00e1s ideje alatt.<\/p>\n<p>&nbsp;<\/p>\n<p>\u00f6sszetev\u0151k: Aqua (Water), C12-15 Alkyl Benzoate, Glycerin, Ethylhexyl Stearate, Glyceryl stearates, Isopropyl Myristate, Glyceryl Stearate, Kaolin, PEG-100 Stearate, Triolein, Cetyl Alcohol, PEG-40 Hydrogenated Castor Oil, Alcohol Denat., Hydroxyethyl Acrylate\/Sodium Acryloyldimethyl Taurate Copolymer, Triticum Vulgare Germ Oil, Hydrogenated Vegetable Oil, Olus Oil, Centella Asiatica Leaf Extract, Hedera Helix Leaf Extract, Laminaria Hyperborea Extract, Caffeine, Betaine, Menthol, Algae, Tourmaline, Tocopheryl Acetate, Charcoal Powder, Ceratine HCL, Tocopherol, Phosphatidylcholine, Glyceryl Dioleate, Dimethicone, Parfum (Fragrance), Phenoxyethanol, Methylparaben, Ethylparaben, Butylparaben, Propylparaben, DMDM Hydantoin, Potassium Sorbate, Sodium Benzoate, Dehydroacetic Acid, Ozokerite, Xanthan Gum, Cera Alba, Propylene Glycol, Hydrogenated Palm Acid, Stearyl Stearate, Butylene Glycol, polysorbate 60, Sorbitan Isostearate, Sodium Citrate, Citric Acid, Cholesterol, Sodium Deoxycholate, Sorbic Acid, Benzyl Alcohol, Disodium EDTA.<\/p>\n","protected":false},"excerpt":{"rendered":"<p>250ml ( 10316 Ft\/l )<\/p>\n","protected":false},"featured_media":24306,"comment_status":"open","ping_status":"closed","template":"","meta":[],"product_cat":[125,135,104],"product_tag":[],"yoast_head":"<!-- This site is optimized with the Yoast SEO plugin v22.2 - https:\/\/yoast.com\/wordpress\/plugins\/seo\/ -->\n<title>SLIM EXTREME 4D SCALPEL Anticellulit Termikus Iszap 250ml - Eveline Cosmetics Magyarorsz\u00e1g<\/title>\n<meta name=\"robots\" content=\"index, follow, max-snippet:-1, max-image-preview:large, max-video-preview:-1\" \/>\n<link rel=\"canonical\" href=\"https:\/\/www.eveline.hu\/2016\/eveline-kozmetikumok-szepsegapolas\/szepsegapolas\/karcsusitas\/slim-extreme-4d-scalpel-anticellulit-termikus-iszap-250ml\/\" \/>\n<meta property=\"og:locale\" content=\"hu_HU\" \/>\n<meta property=\"og:type\" content=\"article\" \/>\n<meta property=\"og:title\" content=\"SLIM EXTREME 4D SCALPEL Anticellulit Termikus Iszap 250ml - Eveline Cosmetics Magyarorsz\u00e1g\" \/>\n<meta property=\"og:description\" content=\"250ml ( 10316 Ft\/l )\" \/>\n<meta property=\"og:url\" content=\"https:\/\/www.eveline.hu\/2016\/eveline-kozmetikumok-szepsegapolas\/szepsegapolas\/karcsusitas\/slim-extreme-4d-scalpel-anticellulit-termikus-iszap-250ml\/\" \/>\n<meta property=\"og:site_name\" content=\"Eveline Cosmetics Magyarorsz\u00e1g\" \/>\n<meta property=\"article:modified_time\" content=\"2022-12-23T18:47:44+00:00\" \/>\n<meta property=\"og:image\" content=\"https:\/\/www.eveline.hu\/2016\/wp-content\/uploads\/2019\/08\/slim-scalpel-iszap-w.png\" \/>\n\t<meta property=\"og:image:width\" content=\"750\" \/>\n\t<meta property=\"og:image:height\" content=\"750\" \/>\n\t<meta property=\"og:image:type\" content=\"image\/png\" \/>\n<meta name=\"twitter:card\" content=\"summary_large_image\" \/>\n<meta name=\"twitter:label1\" content=\"Becs\u00fclt olvas\u00e1si id\u0151\" \/>\n\t<meta name=\"twitter:data1\" content=\"1 perc\" \/>\n<script type=\"application\/ld+json\" class=\"yoast-schema-graph\">{\"@context\":\"https:\/\/schema.org\",\"@graph\":[{\"@type\":\"WebPage\",\"@id\":\"https:\/\/www.eveline.hu\/2016\/eveline-kozmetikumok-szepsegapolas\/szepsegapolas\/karcsusitas\/slim-extreme-4d-scalpel-anticellulit-termikus-iszap-250ml\/\",\"url\":\"https:\/\/www.eveline.hu\/2016\/eveline-kozmetikumok-szepsegapolas\/szepsegapolas\/karcsusitas\/slim-extreme-4d-scalpel-anticellulit-termikus-iszap-250ml\/\",\"name\":\"SLIM EXTREME 4D SCALPEL Anticellulit Termikus Iszap 250ml - Eveline Cosmetics Magyarorsz\u00e1g\",\"isPartOf\":{\"@id\":\"https:\/\/www.eveline.hu\/2016\/#website\"},\"primaryImageOfPage\":{\"@id\":\"https:\/\/www.eveline.hu\/2016\/eveline-kozmetikumok-szepsegapolas\/szepsegapolas\/karcsusitas\/slim-extreme-4d-scalpel-anticellulit-termikus-iszap-250ml\/#primaryimage\"},\"image\":{\"@id\":\"https:\/\/www.eveline.hu\/2016\/eveline-kozmetikumok-szepsegapolas\/szepsegapolas\/karcsusitas\/slim-extreme-4d-scalpel-anticellulit-termikus-iszap-250ml\/#primaryimage\"},\"thumbnailUrl\":\"https:\/\/www.eveline.hu\/2016\/wp-content\/uploads\/2019\/08\/slim-scalpel-iszap-w.png\",\"datePublished\":\"2019-08-05T06:51:41+00:00\",\"dateModified\":\"2022-12-23T18:47:44+00:00\",\"breadcrumb\":{\"@id\":\"https:\/\/www.eveline.hu\/2016\/eveline-kozmetikumok-szepsegapolas\/szepsegapolas\/karcsusitas\/slim-extreme-4d-scalpel-anticellulit-termikus-iszap-250ml\/#breadcrumb\"},\"inLanguage\":\"hu\",\"potentialAction\":[{\"@type\":\"ReadAction\",\"target\":[\"https:\/\/www.eveline.hu\/2016\/eveline-kozmetikumok-szepsegapolas\/szepsegapolas\/karcsusitas\/slim-extreme-4d-scalpel-anticellulit-termikus-iszap-250ml\/\"]}]},{\"@type\":\"ImageObject\",\"inLanguage\":\"hu\",\"@id\":\"https:\/\/www.eveline.hu\/2016\/eveline-kozmetikumok-szepsegapolas\/szepsegapolas\/karcsusitas\/slim-extreme-4d-scalpel-anticellulit-termikus-iszap-250ml\/#primaryimage\",\"url\":\"https:\/\/www.eveline.hu\/2016\/wp-content\/uploads\/2019\/08\/slim-scalpel-iszap-w.png\",\"contentUrl\":\"https:\/\/www.eveline.hu\/2016\/wp-content\/uploads\/2019\/08\/slim-scalpel-iszap-w.png\",\"width\":750,\"height\":750},{\"@type\":\"BreadcrumbList\",\"@id\":\"https:\/\/www.eveline.hu\/2016\/eveline-kozmetikumok-szepsegapolas\/szepsegapolas\/karcsusitas\/slim-extreme-4d-scalpel-anticellulit-termikus-iszap-250ml\/#breadcrumb\",\"itemListElement\":[{\"@type\":\"ListItem\",\"position\":1,\"name\":\"Home\",\"item\":\"https:\/\/www.eveline.hu\/2016\/\"},{\"@type\":\"ListItem\",\"position\":2,\"name\":\"Term\u00e9kek\",\"item\":\"https:\/\/www.eveline.hu\/2016\/shop\/\"},{\"@type\":\"ListItem\",\"position\":3,\"name\":\"SLIM EXTREME 4D SCALPEL Anticellulit Termikus Iszap 250ml\"}]},{\"@type\":\"WebSite\",\"@id\":\"https:\/\/www.eveline.hu\/2016\/#website\",\"url\":\"https:\/\/www.eveline.hu\/2016\/\",\"name\":\"Eveline Cosmetics Magyarorsz\u00e1g\",\"description\":\"Min\u0151s\u00e9gi kozmetikumok Lengyelorsz\u00e1gb\u00f3l\",\"potentialAction\":[{\"@type\":\"SearchAction\",\"target\":{\"@type\":\"EntryPoint\",\"urlTemplate\":\"https:\/\/www.eveline.hu\/2016\/?s={search_term_string}\"},\"query-input\":\"required name=search_term_string\"}],\"inLanguage\":\"hu\"}]}<\/script>\n<!-- \/ Yoast SEO plugin. -->","yoast_head_json":{"title":"SLIM EXTREME 4D SCALPEL Anticellulit Termikus Iszap 250ml - Eveline Cosmetics Magyarorsz\u00e1g","robots":{"index":"index","follow":"follow","max-snippet":"max-snippet:-1","max-image-preview":"max-image-preview:large","max-video-preview":"max-video-preview:-1"},"canonical":"https:\/\/www.eveline.hu\/2016\/eveline-kozmetikumok-szepsegapolas\/szepsegapolas\/karcsusitas\/slim-extreme-4d-scalpel-anticellulit-termikus-iszap-250ml\/","og_locale":"hu_HU","og_type":"article","og_title":"SLIM EXTREME 4D SCALPEL Anticellulit Termikus Iszap 250ml - Eveline Cosmetics Magyarorsz\u00e1g","og_description":"250ml ( 10316 Ft\/l )","og_url":"https:\/\/www.eveline.hu\/2016\/eveline-kozmetikumok-szepsegapolas\/szepsegapolas\/karcsusitas\/slim-extreme-4d-scalpel-anticellulit-termikus-iszap-250ml\/","og_site_name":"Eveline Cosmetics Magyarorsz\u00e1g","article_modified_time":"2022-12-23T18:47:44+00:00","og_image":[{"width":750,"height":750,"url":"https:\/\/www.eveline.hu\/2016\/wp-content\/uploads\/2019\/08\/slim-scalpel-iszap-w.png","type":"image\/png"}],"twitter_card":"summary_large_image","twitter_misc":{"Becs\u00fclt olvas\u00e1si id\u0151":"1 perc"},"schema":{"@context":"https:\/\/schema.org","@graph":[{"@type":"WebPage","@id":"https:\/\/www.eveline.hu\/2016\/eveline-kozmetikumok-szepsegapolas\/szepsegapolas\/karcsusitas\/slim-extreme-4d-scalpel-anticellulit-termikus-iszap-250ml\/","url":"https:\/\/www.eveline.hu\/2016\/eveline-kozmetikumok-szepsegapolas\/szepsegapolas\/karcsusitas\/slim-extreme-4d-scalpel-anticellulit-termikus-iszap-250ml\/","name":"SLIM EXTREME 4D SCALPEL Anticellulit Termikus Iszap 250ml - Eveline Cosmetics Magyarorsz\u00e1g","isPartOf":{"@id":"https:\/\/www.eveline.hu\/2016\/#website"},"primaryImageOfPage":{"@id":"https:\/\/www.eveline.hu\/2016\/eveline-kozmetikumok-szepsegapolas\/szepsegapolas\/karcsusitas\/slim-extreme-4d-scalpel-anticellulit-termikus-iszap-250ml\/#primaryimage"},"image":{"@id":"https:\/\/www.eveline.hu\/2016\/eveline-kozmetikumok-szepsegapolas\/szepsegapolas\/karcsusitas\/slim-extreme-4d-scalpel-anticellulit-termikus-iszap-250ml\/#primaryimage"},"thumbnailUrl":"https:\/\/www.eveline.hu\/2016\/wp-content\/uploads\/2019\/08\/slim-scalpel-iszap-w.png","datePublished":"2019-08-05T06:51:41+00:00","dateModified":"2022-12-23T18:47:44+00:00","breadcrumb":{"@id":"https:\/\/www.eveline.hu\/2016\/eveline-kozmetikumok-szepsegapolas\/szepsegapolas\/karcsusitas\/slim-extreme-4d-scalpel-anticellulit-termikus-iszap-250ml\/#breadcrumb"},"inLanguage":"hu","potentialAction":[{"@type":"ReadAction","target":["https:\/\/www.eveline.hu\/2016\/eveline-kozmetikumok-szepsegapolas\/szepsegapolas\/karcsusitas\/slim-extreme-4d-scalpel-anticellulit-termikus-iszap-250ml\/"]}]},{"@type":"ImageObject","inLanguage":"hu","@id":"https:\/\/www.eveline.hu\/2016\/eveline-kozmetikumok-szepsegapolas\/szepsegapolas\/karcsusitas\/slim-extreme-4d-scalpel-anticellulit-termikus-iszap-250ml\/#primaryimage","url":"https:\/\/www.eveline.hu\/2016\/wp-content\/uploads\/2019\/08\/slim-scalpel-iszap-w.png","contentUrl":"https:\/\/www.eveline.hu\/2016\/wp-content\/uploads\/2019\/08\/slim-scalpel-iszap-w.png","width":750,"height":750},{"@type":"BreadcrumbList","@id":"https:\/\/www.eveline.hu\/2016\/eveline-kozmetikumok-szepsegapolas\/szepsegapolas\/karcsusitas\/slim-extreme-4d-scalpel-anticellulit-termikus-iszap-250ml\/#breadcrumb","itemListElement":[{"@type":"ListItem","position":1,"name":"Home","item":"https:\/\/www.eveline.hu\/2016\/"},{"@type":"ListItem","position":2,"name":"Term\u00e9kek","item":"https:\/\/www.eveline.hu\/2016\/shop\/"},{"@type":"ListItem","position":3,"name":"SLIM EXTREME 4D SCALPEL Anticellulit Termikus Iszap 250ml"}]},{"@type":"WebSite","@id":"https:\/\/www.eveline.hu\/2016\/#website","url":"https:\/\/www.eveline.hu\/2016\/","name":"Eveline Cosmetics Magyarorsz\u00e1g","description":"Min\u0151s\u00e9gi kozmetikumok Lengyelorsz\u00e1gb\u00f3l","potentialAction":[{"@type":"SearchAction","target":{"@type":"EntryPoint","urlTemplate":"https:\/\/www.eveline.hu\/2016\/?s={search_term_string}"},"query-input":"required name=search_term_string"}],"inLanguage":"hu"}]}},"_links":{"self":[{"href":"https:\/\/www.eveline.hu\/2016\/wp-json\/wp\/v2\/product\/24305"}],"collection":[{"href":"https:\/\/www.eveline.hu\/2016\/wp-json\/wp\/v2\/product"}],"about":[{"href":"https:\/\/www.eveline.hu\/2016\/wp-json\/wp\/v2\/types\/product"}],"replies":[{"embeddable":true,"href":"https:\/\/www.eveline.hu\/2016\/wp-json\/wp\/v2\/comments?post=24305"}],"wp:featuredmedia":[{"embeddable":true,"href":"https:\/\/www.eveline.hu\/2016\/wp-json\/wp\/v2\/media\/24306"}],"wp:attachment":[{"href":"https:\/\/www.eveline.hu\/2016\/wp-json\/wp\/v2\/media?parent=24305"}],"wp:term":[{"taxonomy":"product_cat","embeddable":true,"href":"https:\/\/www.eveline.hu\/2016\/wp-json\/wp\/v2\/product_cat?post=24305"},{"taxonomy":"product_tag","embeddable":true,"href":"https:\/\/www.eveline.hu\/2016\/wp-json\/wp\/v2\/product_tag?post=24305"}],"curies":[{"name":"wp","href":"https:\/\/api.w.org\/{rel}","templated":true}]}}