{"id":24239,"date":"2019-07-12T10:21:26","date_gmt":"2019-07-12T08:21:26","guid":{"rendered":"https:\/\/www.eveline.hu\/2016\/?post_type=product&#038;p=24239"},"modified":"2022-12-09T13:59:35","modified_gmt":"2022-12-09T12:59:35","slug":"kokuszos-hidratalo-kezbalzsam-50ml","status":"publish","type":"product","link":"https:\/\/www.eveline.hu\/2016\/eveline-kozmetikumok-szepsegapolas\/szepsegapolas\/kezapolas\/kokuszos-hidratalo-kezbalzsam-50ml\/","title":{"rendered":"K\u00f3kuszos hidrat\u00e1l\u00f3 k\u00e9zbalzsam 50ml"},"content":{"rendered":"<p><strong>K\u00f3kuszos hidrat\u00e1l\u00f3 k\u00e9zbalzsam<\/strong><\/p>\n<p>Intenz\u00edven \u00e1pol, m\u00e9lyen hidrat\u00e1l, v\u00e9di a k\u00e9zb\u0151rt az \u00e9rdess\u00e9gt\u0151l, irrit\u00e1ci\u00f3t\u00f3l \u00e9s a sz\u00e1razs\u00e1g \u00e9rzet\u00e9t\u0151l.<\/p>\n<p>Haszn\u00e1lat: kis mennyis\u00e9get a kr\u00e9mb\u0151l vigyen fel a tiszta k\u00e9zb\u0151rre \u00e9s gyeng\u00e9den d\u00f6rzs\u00f6lje be.<\/p>\n<p>&nbsp;<\/p>\n<p>\u00f6sszetev\u0151k: Aqua (Water), Glycerin, Cetearyl Alcohol, Stearic Acid, Palmitic Acid, Cocos Nucifera Oil, Butyrospermum Parkii Butter, Petrolatum, Dimethicone, Phenoxyethanol, Sodium Cetearyl Sulfate, Ethylhexylglycerin, Parfum (Fragrance), Theobroma Grandiflorum Seed Butter, Allantoin, Tocopheryl Acetate, Carica Papaya Leaf Extract, Citric Acid, Linalool.<\/p>\n","protected":false},"excerpt":{"rendered":"<p>50ml (12800 Ft\/L )<\/p>\n","protected":false},"featured_media":24925,"comment_status":"open","ping_status":"closed","template":"","meta":[],"product_cat":[125,128,80,111],"product_tag":[],"yoast_head":"<!-- This site is optimized with the Yoast SEO plugin v22.2 - https:\/\/yoast.com\/wordpress\/plugins\/seo\/ -->\n<title>K\u00f3kuszos hidrat\u00e1l\u00f3 k\u00e9zbalzsam 50ml - Eveline Cosmetics Magyarorsz\u00e1g<\/title>\n<meta name=\"robots\" content=\"index, follow, max-snippet:-1, max-image-preview:large, max-video-preview:-1\" \/>\n<link rel=\"canonical\" href=\"https:\/\/www.eveline.hu\/2016\/eveline-kozmetikumok-szepsegapolas\/szepsegapolas\/kezapolas\/kokuszos-hidratalo-kezbalzsam-50ml\/\" \/>\n<meta property=\"og:locale\" content=\"hu_HU\" \/>\n<meta property=\"og:type\" content=\"article\" \/>\n<meta property=\"og:title\" content=\"K\u00f3kuszos hidrat\u00e1l\u00f3 k\u00e9zbalzsam 50ml - Eveline Cosmetics Magyarorsz\u00e1g\" \/>\n<meta property=\"og:description\" content=\"50ml (12800 Ft\/L )\" \/>\n<meta property=\"og:url\" content=\"https:\/\/www.eveline.hu\/2016\/eveline-kozmetikumok-szepsegapolas\/szepsegapolas\/kezapolas\/kokuszos-hidratalo-kezbalzsam-50ml\/\" \/>\n<meta property=\"og:site_name\" content=\"Eveline Cosmetics Magyarorsz\u00e1g\" \/>\n<meta property=\"article:modified_time\" content=\"2022-12-09T12:59:35+00:00\" \/>\n<meta property=\"og:image\" content=\"https:\/\/www.eveline.hu\/2016\/wp-content\/uploads\/2019\/07\/k\u00e9z-k\u00f3kusz-w2.png\" \/>\n\t<meta property=\"og:image:width\" content=\"750\" \/>\n\t<meta property=\"og:image:height\" content=\"750\" \/>\n\t<meta property=\"og:image:type\" content=\"image\/png\" \/>\n<meta name=\"twitter:card\" content=\"summary_large_image\" \/>\n<script type=\"application\/ld+json\" class=\"yoast-schema-graph\">{\"@context\":\"https:\/\/schema.org\",\"@graph\":[{\"@type\":\"WebPage\",\"@id\":\"https:\/\/www.eveline.hu\/2016\/eveline-kozmetikumok-szepsegapolas\/szepsegapolas\/kezapolas\/kokuszos-hidratalo-kezbalzsam-50ml\/\",\"url\":\"https:\/\/www.eveline.hu\/2016\/eveline-kozmetikumok-szepsegapolas\/szepsegapolas\/kezapolas\/kokuszos-hidratalo-kezbalzsam-50ml\/\",\"name\":\"K\u00f3kuszos hidrat\u00e1l\u00f3 k\u00e9zbalzsam 50ml - Eveline Cosmetics Magyarorsz\u00e1g\",\"isPartOf\":{\"@id\":\"https:\/\/www.eveline.hu\/2016\/#website\"},\"primaryImageOfPage\":{\"@id\":\"https:\/\/www.eveline.hu\/2016\/eveline-kozmetikumok-szepsegapolas\/szepsegapolas\/kezapolas\/kokuszos-hidratalo-kezbalzsam-50ml\/#primaryimage\"},\"image\":{\"@id\":\"https:\/\/www.eveline.hu\/2016\/eveline-kozmetikumok-szepsegapolas\/szepsegapolas\/kezapolas\/kokuszos-hidratalo-kezbalzsam-50ml\/#primaryimage\"},\"thumbnailUrl\":\"https:\/\/www.eveline.hu\/2016\/wp-content\/uploads\/2019\/07\/k\u00e9z-k\u00f3kusz-w2.png\",\"datePublished\":\"2019-07-12T08:21:26+00:00\",\"dateModified\":\"2022-12-09T12:59:35+00:00\",\"breadcrumb\":{\"@id\":\"https:\/\/www.eveline.hu\/2016\/eveline-kozmetikumok-szepsegapolas\/szepsegapolas\/kezapolas\/kokuszos-hidratalo-kezbalzsam-50ml\/#breadcrumb\"},\"inLanguage\":\"hu\",\"potentialAction\":[{\"@type\":\"ReadAction\",\"target\":[\"https:\/\/www.eveline.hu\/2016\/eveline-kozmetikumok-szepsegapolas\/szepsegapolas\/kezapolas\/kokuszos-hidratalo-kezbalzsam-50ml\/\"]}]},{\"@type\":\"ImageObject\",\"inLanguage\":\"hu\",\"@id\":\"https:\/\/www.eveline.hu\/2016\/eveline-kozmetikumok-szepsegapolas\/szepsegapolas\/kezapolas\/kokuszos-hidratalo-kezbalzsam-50ml\/#primaryimage\",\"url\":\"https:\/\/www.eveline.hu\/2016\/wp-content\/uploads\/2019\/07\/k\u00e9z-k\u00f3kusz-w2.png\",\"contentUrl\":\"https:\/\/www.eveline.hu\/2016\/wp-content\/uploads\/2019\/07\/k\u00e9z-k\u00f3kusz-w2.png\",\"width\":750,\"height\":750},{\"@type\":\"BreadcrumbList\",\"@id\":\"https:\/\/www.eveline.hu\/2016\/eveline-kozmetikumok-szepsegapolas\/szepsegapolas\/kezapolas\/kokuszos-hidratalo-kezbalzsam-50ml\/#breadcrumb\",\"itemListElement\":[{\"@type\":\"ListItem\",\"position\":1,\"name\":\"Home\",\"item\":\"https:\/\/www.eveline.hu\/2016\/\"},{\"@type\":\"ListItem\",\"position\":2,\"name\":\"Term\u00e9kek\",\"item\":\"https:\/\/www.eveline.hu\/2016\/shop\/\"},{\"@type\":\"ListItem\",\"position\":3,\"name\":\"K\u00f3kuszos hidrat\u00e1l\u00f3 k\u00e9zbalzsam 50ml\"}]},{\"@type\":\"WebSite\",\"@id\":\"https:\/\/www.eveline.hu\/2016\/#website\",\"url\":\"https:\/\/www.eveline.hu\/2016\/\",\"name\":\"Eveline Cosmetics Magyarorsz\u00e1g\",\"description\":\"Min\u0151s\u00e9gi kozmetikumok Lengyelorsz\u00e1gb\u00f3l\",\"potentialAction\":[{\"@type\":\"SearchAction\",\"target\":{\"@type\":\"EntryPoint\",\"urlTemplate\":\"https:\/\/www.eveline.hu\/2016\/?s={search_term_string}\"},\"query-input\":\"required name=search_term_string\"}],\"inLanguage\":\"hu\"}]}<\/script>\n<!-- \/ Yoast SEO plugin. -->","yoast_head_json":{"title":"K\u00f3kuszos hidrat\u00e1l\u00f3 k\u00e9zbalzsam 50ml - Eveline Cosmetics Magyarorsz\u00e1g","robots":{"index":"index","follow":"follow","max-snippet":"max-snippet:-1","max-image-preview":"max-image-preview:large","max-video-preview":"max-video-preview:-1"},"canonical":"https:\/\/www.eveline.hu\/2016\/eveline-kozmetikumok-szepsegapolas\/szepsegapolas\/kezapolas\/kokuszos-hidratalo-kezbalzsam-50ml\/","og_locale":"hu_HU","og_type":"article","og_title":"K\u00f3kuszos hidrat\u00e1l\u00f3 k\u00e9zbalzsam 50ml - Eveline Cosmetics Magyarorsz\u00e1g","og_description":"50ml (12800 Ft\/L )","og_url":"https:\/\/www.eveline.hu\/2016\/eveline-kozmetikumok-szepsegapolas\/szepsegapolas\/kezapolas\/kokuszos-hidratalo-kezbalzsam-50ml\/","og_site_name":"Eveline Cosmetics Magyarorsz\u00e1g","article_modified_time":"2022-12-09T12:59:35+00:00","og_image":[{"width":750,"height":750,"url":"https:\/\/www.eveline.hu\/2016\/wp-content\/uploads\/2019\/07\/k\u00e9z-k\u00f3kusz-w2.png","type":"image\/png"}],"twitter_card":"summary_large_image","schema":{"@context":"https:\/\/schema.org","@graph":[{"@type":"WebPage","@id":"https:\/\/www.eveline.hu\/2016\/eveline-kozmetikumok-szepsegapolas\/szepsegapolas\/kezapolas\/kokuszos-hidratalo-kezbalzsam-50ml\/","url":"https:\/\/www.eveline.hu\/2016\/eveline-kozmetikumok-szepsegapolas\/szepsegapolas\/kezapolas\/kokuszos-hidratalo-kezbalzsam-50ml\/","name":"K\u00f3kuszos hidrat\u00e1l\u00f3 k\u00e9zbalzsam 50ml - Eveline Cosmetics Magyarorsz\u00e1g","isPartOf":{"@id":"https:\/\/www.eveline.hu\/2016\/#website"},"primaryImageOfPage":{"@id":"https:\/\/www.eveline.hu\/2016\/eveline-kozmetikumok-szepsegapolas\/szepsegapolas\/kezapolas\/kokuszos-hidratalo-kezbalzsam-50ml\/#primaryimage"},"image":{"@id":"https:\/\/www.eveline.hu\/2016\/eveline-kozmetikumok-szepsegapolas\/szepsegapolas\/kezapolas\/kokuszos-hidratalo-kezbalzsam-50ml\/#primaryimage"},"thumbnailUrl":"https:\/\/www.eveline.hu\/2016\/wp-content\/uploads\/2019\/07\/k\u00e9z-k\u00f3kusz-w2.png","datePublished":"2019-07-12T08:21:26+00:00","dateModified":"2022-12-09T12:59:35+00:00","breadcrumb":{"@id":"https:\/\/www.eveline.hu\/2016\/eveline-kozmetikumok-szepsegapolas\/szepsegapolas\/kezapolas\/kokuszos-hidratalo-kezbalzsam-50ml\/#breadcrumb"},"inLanguage":"hu","potentialAction":[{"@type":"ReadAction","target":["https:\/\/www.eveline.hu\/2016\/eveline-kozmetikumok-szepsegapolas\/szepsegapolas\/kezapolas\/kokuszos-hidratalo-kezbalzsam-50ml\/"]}]},{"@type":"ImageObject","inLanguage":"hu","@id":"https:\/\/www.eveline.hu\/2016\/eveline-kozmetikumok-szepsegapolas\/szepsegapolas\/kezapolas\/kokuszos-hidratalo-kezbalzsam-50ml\/#primaryimage","url":"https:\/\/www.eveline.hu\/2016\/wp-content\/uploads\/2019\/07\/k\u00e9z-k\u00f3kusz-w2.png","contentUrl":"https:\/\/www.eveline.hu\/2016\/wp-content\/uploads\/2019\/07\/k\u00e9z-k\u00f3kusz-w2.png","width":750,"height":750},{"@type":"BreadcrumbList","@id":"https:\/\/www.eveline.hu\/2016\/eveline-kozmetikumok-szepsegapolas\/szepsegapolas\/kezapolas\/kokuszos-hidratalo-kezbalzsam-50ml\/#breadcrumb","itemListElement":[{"@type":"ListItem","position":1,"name":"Home","item":"https:\/\/www.eveline.hu\/2016\/"},{"@type":"ListItem","position":2,"name":"Term\u00e9kek","item":"https:\/\/www.eveline.hu\/2016\/shop\/"},{"@type":"ListItem","position":3,"name":"K\u00f3kuszos hidrat\u00e1l\u00f3 k\u00e9zbalzsam 50ml"}]},{"@type":"WebSite","@id":"https:\/\/www.eveline.hu\/2016\/#website","url":"https:\/\/www.eveline.hu\/2016\/","name":"Eveline Cosmetics Magyarorsz\u00e1g","description":"Min\u0151s\u00e9gi kozmetikumok Lengyelorsz\u00e1gb\u00f3l","potentialAction":[{"@type":"SearchAction","target":{"@type":"EntryPoint","urlTemplate":"https:\/\/www.eveline.hu\/2016\/?s={search_term_string}"},"query-input":"required name=search_term_string"}],"inLanguage":"hu"}]}},"_links":{"self":[{"href":"https:\/\/www.eveline.hu\/2016\/wp-json\/wp\/v2\/product\/24239"}],"collection":[{"href":"https:\/\/www.eveline.hu\/2016\/wp-json\/wp\/v2\/product"}],"about":[{"href":"https:\/\/www.eveline.hu\/2016\/wp-json\/wp\/v2\/types\/product"}],"replies":[{"embeddable":true,"href":"https:\/\/www.eveline.hu\/2016\/wp-json\/wp\/v2\/comments?post=24239"}],"wp:featuredmedia":[{"embeddable":true,"href":"https:\/\/www.eveline.hu\/2016\/wp-json\/wp\/v2\/media\/24925"}],"wp:attachment":[{"href":"https:\/\/www.eveline.hu\/2016\/wp-json\/wp\/v2\/media?parent=24239"}],"wp:term":[{"taxonomy":"product_cat","embeddable":true,"href":"https:\/\/www.eveline.hu\/2016\/wp-json\/wp\/v2\/product_cat?post=24239"},{"taxonomy":"product_tag","embeddable":true,"href":"https:\/\/www.eveline.hu\/2016\/wp-json\/wp\/v2\/product_tag?post=24239"}],"curies":[{"name":"wp","href":"https:\/\/api.w.org\/{rel}","templated":true}]}}