{"id":24237,"date":"2019-07-12T10:08:20","date_gmt":"2019-07-12T08:08:20","guid":{"rendered":"https:\/\/www.eveline.hu\/2016\/?post_type=product&#038;p=24237"},"modified":"2025-07-30T16:20:37","modified_gmt":"2025-07-30T14:20:37","slug":"nail-therapy-professional-serult-koromre-12ml","status":"publish","type":"product","link":"https:\/\/www.eveline.hu\/2016\/eveline-kozmetikumok-szepsegapolas\/smink\/korom\/koromerositok\/nail-therapy-professional-serult-koromre-12ml\/","title":{"rendered":"NAIL THERAPY PROFESSIONAL,  S\u00e9r\u00fclt k\u00f6r\u00f6mre 12ml"},"content":{"rendered":"<p>NAIL THERAPY PROFESSIONAL,<\/p>\n<p>S\u00e9r\u00fclt k\u00f6r\u00f6mre<\/p>\n<p>\u00dajj\u00e1\u00e9p\u00edt\u0151, k\u00f6r\u00f6mer\u0151s\u00edt\u0151 sz\u00e9rum<br \/>\nKlinikai kutat\u00e1sok , ultrakoncentr\u00e1lt formula, hat\u00f3anyagokban gazdag \u00f6sszetev\u0151k a sz\u00e9p k\u00f6rm\u00f6k\u00e9rt,<br \/>\nkeratin, jap\u00e1n kovasav, E \u00e9s F vitaminok, bambusz kivonat, term\u00e9szetes alga.<\/p>\n<p>A sz\u00e9rum akt\u00edv \u00f6sszetev\u0151i rendk\u00edv\u00fcl hat\u00e9konyan er\u0151s\u00edtik a repedez\u00e9snek, mechanikai s\u00e9r\u00fcl\u00e9snek \u00e9s felhasad\u00e1snak kitett k\u00f6r\u00f6mv\u00e9geket.<br \/>\n<strong>Rendk\u00edv\u00fcli hat\u00e9konys\u00e1g , gyors hat\u00e1s.<\/strong><\/p>\n<p><strong>PowerNail H+K<\/strong> formula- hat\u00e9konyan er\u0151s\u00edti a k\u00f6r\u00f6mlemez szerkezet\u00e9t, t\u00f6k\u00e9letesen t\u00f6m\u00edti \u00e9s stimul\u00e1lja a keratin szint\u00e9zis\u00e9t- a k\u00f6r\u00f6m legfontosabb \u00e9p\u00edt\u0151 elem\u00e9t. \u00a0Az egyenetlens\u00e9geket kit\u00f6lti, a k\u00f6rm\u00f6ket intenz\u00edven kisim\u00edtja, azok visszanyerik eg\u00e9szs\u00e9ges, egys\u00e9ges sz\u00edn\u00fck \u00e9s term\u00e9szetes f\u00e9ny\u00fck.<br \/>\nMinden k\u00f6r\u00f6mt\u00edpusra haszn\u00e1lhat\u00f3 \u2013 az er\u0151sen s\u00e9r\u00fclt \u00e9s \u00e9rz\u00e9kenyekre is.<strong><br \/>\n<\/strong>Alkalmaz\u00e1s: a sz\u00e9rumot k\u00f6zvetlen\u00fcl a tiszta k\u00f6r\u00f6mre vigye fel\u00a0 naponta 1-2 alkalommal, majd \u00a05 napon kereszt\u00fcl tov\u00e1bbi r\u00e9tegeket vigyen fel.<br \/>\nT\u00e1vol\u00edtsa el a term\u00e9ket k\u00f6r\u00f6mlakklemos\u00f3 seg\u00edts\u00e9g\u00e9vel \u00e9s ism\u00e9telje meg az eg\u00e9sz folyamatot.<br \/>\nA legjobb eredm\u00e9ny \u00a0el\u00e9r\u00e9s\u00e9hez haszn\u00e1lja\u00a0 3-4h\u00e9ten kereszt\u00fcl.<\/p>\n<p>&nbsp;<\/p>\n<p>\u00f6sszetev\u0151k: Butyl Acetate, Ethyl Acetate, Isopropyl Alcohol, Nitrocellulose, Acetyl Tributyl Citrate, Cellulose Acetate Butyrate, Phthalic Anhydride\/Trimellitic Anhydride\/Glycols Copolymer, Sucrose Benzoate, Adipic Acid\/Neopentyl Glycol\/Trimellitic Anhydride Copolymer, Acetyl Triethyl Citrate, Silica, N-Butyl Alcohol, Stearalkonium Bentonite, Acrylates Copolymer, Adipic Acid\/Fumaric Acid\/Tricyclodecane Dimethanol Copolymer, Aqua, Benzotriazolyl Dodecyl p-Cresol, Tocopheryl Acetate, Helianthus Annuus Seed Oil, Glycerin, Isononyl Isononanoate, Dimethyl Oxobenzo Dioxasilane, Propylene Glycol, Isosteroyl Hydrolyzed Keratin, Alcohol, Ethyl Linoleate, Ethyl Linolenate, Dipropylene Glycol Dibenzoate, Ethyl Oleate, Tris (Tetramethylhydroxypiperidinol) Citrate, Prunus Serrulata Flower Extract, Phosporic Acid, Ethyl Palmitate, Ethyl Stearate, Aluminum Hydroxide, Fucus Vesiculosus Extract, Bambusa Arundinacea Leaf Extract, Triethoxycaprylylsilane, Phenoxyethanol, Sodium Citrate, Citric Acid, Sodim Benzoate, Potassium Sorbate, Sodium Metabisulfite, Ascorbyl Palmitate, CI 77891, CI 15850, CI 19140.<\/p>\n","protected":false},"excerpt":{"rendered":"<p>NAIL THERAPY PROFESSIONAL, S\u00e9r\u00fclt k\u00f6r\u00f6mre \u00dajj\u00e1\u00e9p\u00edt\u0151, k\u00f6r\u00f6mer\u0151s\u00edt\u0151 sz\u00e9rum Klinikai kutat\u00e1sok , ultrakoncentr\u00e1lt formula, hat\u00f3anyagokban gazdag \u00f6sszetev\u0151k a sz\u00e9p k\u00f6rm\u00f6k\u00e9rt, keratin, jap\u00e1n kovasav, E \u00e9s F vitaminok, bambusz kivonat, term\u00e9szetes alga. A sz\u00e9rum akt\u00edv \u00f6sszetev\u0151i rendk\u00edv\u00fcl hat\u00e9konyan er\u0151s\u00edtik a repedez\u00e9snek, mechanikai [&hellip;]<\/p>\n","protected":false},"featured_media":24238,"comment_status":"open","ping_status":"closed","template":"","meta":[],"product_cat":[156,158,125,129,80,113],"product_tag":[],"yoast_head":"<!-- This site is optimized with the Yoast SEO plugin v22.2 - https:\/\/yoast.com\/wordpress\/plugins\/seo\/ -->\n<title>NAIL THERAPY PROFESSIONAL, S\u00e9r\u00fclt k\u00f6r\u00f6mre 12ml - Eveline Cosmetics Magyarorsz\u00e1g<\/title>\n<meta name=\"robots\" content=\"index, follow, max-snippet:-1, max-image-preview:large, max-video-preview:-1\" \/>\n<link rel=\"canonical\" href=\"https:\/\/www.eveline.hu\/2016\/eveline-kozmetikumok-szepsegapolas\/smink\/korom\/koromerositok\/nail-therapy-professional-serult-koromre-12ml\/\" \/>\n<meta property=\"og:locale\" content=\"hu_HU\" \/>\n<meta property=\"og:type\" content=\"article\" \/>\n<meta property=\"og:title\" content=\"NAIL THERAPY PROFESSIONAL, S\u00e9r\u00fclt k\u00f6r\u00f6mre 12ml - Eveline Cosmetics Magyarorsz\u00e1g\" \/>\n<meta property=\"og:description\" content=\"NAIL THERAPY PROFESSIONAL, S\u00e9r\u00fclt k\u00f6r\u00f6mre \u00dajj\u00e1\u00e9p\u00edt\u0151, k\u00f6r\u00f6mer\u0151s\u00edt\u0151 sz\u00e9rum Klinikai kutat\u00e1sok , ultrakoncentr\u00e1lt formula, hat\u00f3anyagokban gazdag \u00f6sszetev\u0151k a sz\u00e9p k\u00f6rm\u00f6k\u00e9rt, keratin, jap\u00e1n kovasav, E \u00e9s F vitaminok, bambusz kivonat, term\u00e9szetes alga. A sz\u00e9rum akt\u00edv \u00f6sszetev\u0151i rendk\u00edv\u00fcl hat\u00e9konyan er\u0151s\u00edtik a repedez\u00e9snek, mechanikai [&hellip;]\" \/>\n<meta property=\"og:url\" content=\"https:\/\/www.eveline.hu\/2016\/eveline-kozmetikumok-szepsegapolas\/smink\/korom\/koromerositok\/nail-therapy-professional-serult-koromre-12ml\/\" \/>\n<meta property=\"og:site_name\" content=\"Eveline Cosmetics Magyarorsz\u00e1g\" \/>\n<meta property=\"article:modified_time\" content=\"2025-07-30T14:20:37+00:00\" \/>\n<meta property=\"og:image\" content=\"https:\/\/www.eveline.hu\/2016\/wp-content\/uploads\/2019\/07\/k\u00f6r\u00f6m\u00e1p.-ter\u00e1pa-w.png\" \/>\n\t<meta property=\"og:image:width\" content=\"750\" \/>\n\t<meta property=\"og:image:height\" content=\"750\" \/>\n\t<meta property=\"og:image:type\" content=\"image\/png\" \/>\n<meta name=\"twitter:card\" content=\"summary_large_image\" \/>\n<meta name=\"twitter:label1\" content=\"Becs\u00fclt olvas\u00e1si id\u0151\" \/>\n\t<meta name=\"twitter:data1\" content=\"2 perc\" \/>\n<script type=\"application\/ld+json\" class=\"yoast-schema-graph\">{\"@context\":\"https:\/\/schema.org\",\"@graph\":[{\"@type\":\"WebPage\",\"@id\":\"https:\/\/www.eveline.hu\/2016\/eveline-kozmetikumok-szepsegapolas\/smink\/korom\/koromerositok\/nail-therapy-professional-serult-koromre-12ml\/\",\"url\":\"https:\/\/www.eveline.hu\/2016\/eveline-kozmetikumok-szepsegapolas\/smink\/korom\/koromerositok\/nail-therapy-professional-serult-koromre-12ml\/\",\"name\":\"NAIL THERAPY PROFESSIONAL, S\u00e9r\u00fclt k\u00f6r\u00f6mre 12ml - Eveline Cosmetics Magyarorsz\u00e1g\",\"isPartOf\":{\"@id\":\"https:\/\/www.eveline.hu\/2016\/#website\"},\"primaryImageOfPage\":{\"@id\":\"https:\/\/www.eveline.hu\/2016\/eveline-kozmetikumok-szepsegapolas\/smink\/korom\/koromerositok\/nail-therapy-professional-serult-koromre-12ml\/#primaryimage\"},\"image\":{\"@id\":\"https:\/\/www.eveline.hu\/2016\/eveline-kozmetikumok-szepsegapolas\/smink\/korom\/koromerositok\/nail-therapy-professional-serult-koromre-12ml\/#primaryimage\"},\"thumbnailUrl\":\"https:\/\/www.eveline.hu\/2016\/wp-content\/uploads\/2019\/07\/k\u00f6r\u00f6m\u00e1p.-ter\u00e1pa-w.png\",\"datePublished\":\"2019-07-12T08:08:20+00:00\",\"dateModified\":\"2025-07-30T14:20:37+00:00\",\"breadcrumb\":{\"@id\":\"https:\/\/www.eveline.hu\/2016\/eveline-kozmetikumok-szepsegapolas\/smink\/korom\/koromerositok\/nail-therapy-professional-serult-koromre-12ml\/#breadcrumb\"},\"inLanguage\":\"hu\",\"potentialAction\":[{\"@type\":\"ReadAction\",\"target\":[\"https:\/\/www.eveline.hu\/2016\/eveline-kozmetikumok-szepsegapolas\/smink\/korom\/koromerositok\/nail-therapy-professional-serult-koromre-12ml\/\"]}]},{\"@type\":\"ImageObject\",\"inLanguage\":\"hu\",\"@id\":\"https:\/\/www.eveline.hu\/2016\/eveline-kozmetikumok-szepsegapolas\/smink\/korom\/koromerositok\/nail-therapy-professional-serult-koromre-12ml\/#primaryimage\",\"url\":\"https:\/\/www.eveline.hu\/2016\/wp-content\/uploads\/2019\/07\/k\u00f6r\u00f6m\u00e1p.-ter\u00e1pa-w.png\",\"contentUrl\":\"https:\/\/www.eveline.hu\/2016\/wp-content\/uploads\/2019\/07\/k\u00f6r\u00f6m\u00e1p.-ter\u00e1pa-w.png\",\"width\":750,\"height\":750},{\"@type\":\"BreadcrumbList\",\"@id\":\"https:\/\/www.eveline.hu\/2016\/eveline-kozmetikumok-szepsegapolas\/smink\/korom\/koromerositok\/nail-therapy-professional-serult-koromre-12ml\/#breadcrumb\",\"itemListElement\":[{\"@type\":\"ListItem\",\"position\":1,\"name\":\"Home\",\"item\":\"https:\/\/www.eveline.hu\/2016\/\"},{\"@type\":\"ListItem\",\"position\":2,\"name\":\"Term\u00e9kek\",\"item\":\"https:\/\/www.eveline.hu\/2016\/shop\/\"},{\"@type\":\"ListItem\",\"position\":3,\"name\":\"NAIL THERAPY PROFESSIONAL, S\u00e9r\u00fclt k\u00f6r\u00f6mre 12ml\"}]},{\"@type\":\"WebSite\",\"@id\":\"https:\/\/www.eveline.hu\/2016\/#website\",\"url\":\"https:\/\/www.eveline.hu\/2016\/\",\"name\":\"Eveline Cosmetics Magyarorsz\u00e1g\",\"description\":\"Min\u0151s\u00e9gi kozmetikumok Lengyelorsz\u00e1gb\u00f3l\",\"potentialAction\":[{\"@type\":\"SearchAction\",\"target\":{\"@type\":\"EntryPoint\",\"urlTemplate\":\"https:\/\/www.eveline.hu\/2016\/?s={search_term_string}\"},\"query-input\":\"required name=search_term_string\"}],\"inLanguage\":\"hu\"}]}<\/script>\n<!-- \/ Yoast SEO plugin. -->","yoast_head_json":{"title":"NAIL THERAPY PROFESSIONAL, S\u00e9r\u00fclt k\u00f6r\u00f6mre 12ml - Eveline Cosmetics Magyarorsz\u00e1g","robots":{"index":"index","follow":"follow","max-snippet":"max-snippet:-1","max-image-preview":"max-image-preview:large","max-video-preview":"max-video-preview:-1"},"canonical":"https:\/\/www.eveline.hu\/2016\/eveline-kozmetikumok-szepsegapolas\/smink\/korom\/koromerositok\/nail-therapy-professional-serult-koromre-12ml\/","og_locale":"hu_HU","og_type":"article","og_title":"NAIL THERAPY PROFESSIONAL, S\u00e9r\u00fclt k\u00f6r\u00f6mre 12ml - Eveline Cosmetics Magyarorsz\u00e1g","og_description":"NAIL THERAPY PROFESSIONAL, S\u00e9r\u00fclt k\u00f6r\u00f6mre \u00dajj\u00e1\u00e9p\u00edt\u0151, k\u00f6r\u00f6mer\u0151s\u00edt\u0151 sz\u00e9rum Klinikai kutat\u00e1sok , ultrakoncentr\u00e1lt formula, hat\u00f3anyagokban gazdag \u00f6sszetev\u0151k a sz\u00e9p k\u00f6rm\u00f6k\u00e9rt, keratin, jap\u00e1n kovasav, E \u00e9s F vitaminok, bambusz kivonat, term\u00e9szetes alga. A sz\u00e9rum akt\u00edv \u00f6sszetev\u0151i rendk\u00edv\u00fcl hat\u00e9konyan er\u0151s\u00edtik a repedez\u00e9snek, mechanikai [&hellip;]","og_url":"https:\/\/www.eveline.hu\/2016\/eveline-kozmetikumok-szepsegapolas\/smink\/korom\/koromerositok\/nail-therapy-professional-serult-koromre-12ml\/","og_site_name":"Eveline Cosmetics Magyarorsz\u00e1g","article_modified_time":"2025-07-30T14:20:37+00:00","og_image":[{"width":750,"height":750,"url":"https:\/\/www.eveline.hu\/2016\/wp-content\/uploads\/2019\/07\/k\u00f6r\u00f6m\u00e1p.-ter\u00e1pa-w.png","type":"image\/png"}],"twitter_card":"summary_large_image","twitter_misc":{"Becs\u00fclt olvas\u00e1si id\u0151":"2 perc"},"schema":{"@context":"https:\/\/schema.org","@graph":[{"@type":"WebPage","@id":"https:\/\/www.eveline.hu\/2016\/eveline-kozmetikumok-szepsegapolas\/smink\/korom\/koromerositok\/nail-therapy-professional-serult-koromre-12ml\/","url":"https:\/\/www.eveline.hu\/2016\/eveline-kozmetikumok-szepsegapolas\/smink\/korom\/koromerositok\/nail-therapy-professional-serult-koromre-12ml\/","name":"NAIL THERAPY PROFESSIONAL, S\u00e9r\u00fclt k\u00f6r\u00f6mre 12ml - Eveline Cosmetics Magyarorsz\u00e1g","isPartOf":{"@id":"https:\/\/www.eveline.hu\/2016\/#website"},"primaryImageOfPage":{"@id":"https:\/\/www.eveline.hu\/2016\/eveline-kozmetikumok-szepsegapolas\/smink\/korom\/koromerositok\/nail-therapy-professional-serult-koromre-12ml\/#primaryimage"},"image":{"@id":"https:\/\/www.eveline.hu\/2016\/eveline-kozmetikumok-szepsegapolas\/smink\/korom\/koromerositok\/nail-therapy-professional-serult-koromre-12ml\/#primaryimage"},"thumbnailUrl":"https:\/\/www.eveline.hu\/2016\/wp-content\/uploads\/2019\/07\/k\u00f6r\u00f6m\u00e1p.-ter\u00e1pa-w.png","datePublished":"2019-07-12T08:08:20+00:00","dateModified":"2025-07-30T14:20:37+00:00","breadcrumb":{"@id":"https:\/\/www.eveline.hu\/2016\/eveline-kozmetikumok-szepsegapolas\/smink\/korom\/koromerositok\/nail-therapy-professional-serult-koromre-12ml\/#breadcrumb"},"inLanguage":"hu","potentialAction":[{"@type":"ReadAction","target":["https:\/\/www.eveline.hu\/2016\/eveline-kozmetikumok-szepsegapolas\/smink\/korom\/koromerositok\/nail-therapy-professional-serult-koromre-12ml\/"]}]},{"@type":"ImageObject","inLanguage":"hu","@id":"https:\/\/www.eveline.hu\/2016\/eveline-kozmetikumok-szepsegapolas\/smink\/korom\/koromerositok\/nail-therapy-professional-serult-koromre-12ml\/#primaryimage","url":"https:\/\/www.eveline.hu\/2016\/wp-content\/uploads\/2019\/07\/k\u00f6r\u00f6m\u00e1p.-ter\u00e1pa-w.png","contentUrl":"https:\/\/www.eveline.hu\/2016\/wp-content\/uploads\/2019\/07\/k\u00f6r\u00f6m\u00e1p.-ter\u00e1pa-w.png","width":750,"height":750},{"@type":"BreadcrumbList","@id":"https:\/\/www.eveline.hu\/2016\/eveline-kozmetikumok-szepsegapolas\/smink\/korom\/koromerositok\/nail-therapy-professional-serult-koromre-12ml\/#breadcrumb","itemListElement":[{"@type":"ListItem","position":1,"name":"Home","item":"https:\/\/www.eveline.hu\/2016\/"},{"@type":"ListItem","position":2,"name":"Term\u00e9kek","item":"https:\/\/www.eveline.hu\/2016\/shop\/"},{"@type":"ListItem","position":3,"name":"NAIL THERAPY PROFESSIONAL, S\u00e9r\u00fclt k\u00f6r\u00f6mre 12ml"}]},{"@type":"WebSite","@id":"https:\/\/www.eveline.hu\/2016\/#website","url":"https:\/\/www.eveline.hu\/2016\/","name":"Eveline Cosmetics Magyarorsz\u00e1g","description":"Min\u0151s\u00e9gi kozmetikumok Lengyelorsz\u00e1gb\u00f3l","potentialAction":[{"@type":"SearchAction","target":{"@type":"EntryPoint","urlTemplate":"https:\/\/www.eveline.hu\/2016\/?s={search_term_string}"},"query-input":"required name=search_term_string"}],"inLanguage":"hu"}]}},"_links":{"self":[{"href":"https:\/\/www.eveline.hu\/2016\/wp-json\/wp\/v2\/product\/24237"}],"collection":[{"href":"https:\/\/www.eveline.hu\/2016\/wp-json\/wp\/v2\/product"}],"about":[{"href":"https:\/\/www.eveline.hu\/2016\/wp-json\/wp\/v2\/types\/product"}],"replies":[{"embeddable":true,"href":"https:\/\/www.eveline.hu\/2016\/wp-json\/wp\/v2\/comments?post=24237"}],"wp:featuredmedia":[{"embeddable":true,"href":"https:\/\/www.eveline.hu\/2016\/wp-json\/wp\/v2\/media\/24238"}],"wp:attachment":[{"href":"https:\/\/www.eveline.hu\/2016\/wp-json\/wp\/v2\/media?parent=24237"}],"wp:term":[{"taxonomy":"product_cat","embeddable":true,"href":"https:\/\/www.eveline.hu\/2016\/wp-json\/wp\/v2\/product_cat?post=24237"},{"taxonomy":"product_tag","embeddable":true,"href":"https:\/\/www.eveline.hu\/2016\/wp-json\/wp\/v2\/product_tag?post=24237"}],"curies":[{"name":"wp","href":"https:\/\/api.w.org\/{rel}","templated":true}]}}